{"id":18226,"date":"2025-12-01T23:11:25","date_gmt":"2025-12-01T20:11:25","guid":{"rendered":"https:\/\/www.istanbulaestheticcenter.com\/dr-ismail-buyukcayir\/"},"modified":"2026-02-20T15:30:54","modified_gmt":"2026-02-20T12:30:54","slug":"dr-ismail-buyukcayir","status":"publish","type":"page","link":"https:\/\/www.istanbulaestheticcenter.com\/tr\/dr-ismail-buyukcayir\/","title":{"rendered":"Dr. \u0130smail B\u00fcy\u00fck\u00e7ay\u0131r"},"content":{"rendered":"\t\t<div data-elementor-type=\"wp-page\" data-elementor-id=\"18226\" class=\"elementor elementor-18226 elementor-18206\">\n\t\t\t\t<div class=\"elementor-element elementor-element-d06349c e-flex e-con-boxed e-con e-parent\" data-id=\"d06349c\" data-element_type=\"container\">\n\t\t\t\t\t<div class=\"e-con-inner\">\n\t\t<div class=\"elementor-element elementor-element-690ae28 e-con-full e-flex e-con e-child\" data-id=\"690ae28\" data-element_type=\"container\">\n\t\t\t\t<div class=\"elementor-element elementor-element-e0bd4ce elementor-widget elementor-widget-image\" data-id=\"e0bd4ce\" data-element_type=\"widget\" data-widget_type=\"image.default\">\n\t\t\t\t<div class=\"elementor-widget-container\">\n\t\t\t\t\t\t\t\t\t\t\t\t\t\t\t<img fetchpriority=\"high\" decoding=\"async\" width=\"778\" height=\"802\" src=\"https:\/\/www.istanbulaestheticcenter.com\/wp-content\/uploads\/2025\/12\/WhatsApp-Image-2025-12-01-at-14.01.15.jpeg\" class=\"attachment-large size-large wp-image-18214\" alt=\"\" srcset=\"https:\/\/www.istanbulaestheticcenter.com\/wp-content\/uploads\/2025\/12\/WhatsApp-Image-2025-12-01-at-14.01.15.jpeg 778w, https:\/\/www.istanbulaestheticcenter.com\/wp-content\/uploads\/2025\/12\/WhatsApp-Image-2025-12-01-at-14.01.15-291x300.jpeg 291w, https:\/\/www.istanbulaestheticcenter.com\/wp-content\/uploads\/2025\/12\/WhatsApp-Image-2025-12-01-at-14.01.15-768x792.jpeg 768w\" sizes=\"(max-width: 778px) 100vw, 778px\" \/>\t\t\t\t\t\t\t\t\t\t\t\t\t\t\t<\/div>\n\t\t\t\t<\/div>\n\t\t\t\t<\/div>\n\t\t<div class=\"elementor-element elementor-element-0b3b9f6 e-con-full e-flex e-con e-child\" data-id=\"0b3b9f6\" data-element_type=\"container\">\n\t\t\t\t<div class=\"elementor-element elementor-element-f763ba3 elementor-widget elementor-widget-heading\" data-id=\"f763ba3\" data-element_type=\"widget\" data-widget_type=\"heading.default\">\n\t\t\t\t<div class=\"elementor-widget-container\">\n\t\t\t\t\t<h3 class=\"elementor-heading-title elementor-size-default\">E\u011e\u0130T\u0130M, \u00d6\u011eRET\u0130M ve AKADEM\u0130K FAAL\u0130YETLER<\/h3>\t\t\t\t<\/div>\n\t\t\t\t<\/div>\n\t\t\t\t<div class=\"elementor-element elementor-element-56140b7 elementor-widget elementor-widget-text-editor\" data-id=\"56140b7\" data-element_type=\"widget\" data-widget_type=\"text-editor.default\">\n\t\t\t\t<div class=\"elementor-widget-container\">\n\t\t\t\t\t\t\t\t\t<p>T\u0131p Fak\u00fcltesi : Marmara \u00dcniversitesi T\u0131p Fak\u00fcltesi 1984-1991<\/p><p>\u0130stanbul \u00dcniversitesi Plastik ve Rekonstr\u00fcktif Cerrahi Anabilim Dal\u0131 1992\u20131998<\/p><p>\u0130stanbul \u00dcniversitesi El Cerrahisi Anabilim Dal\u0131 1992\u20131998<\/p><p>University of Miami Plastik Cerrahi B\u00f6l\u00fcm\u00fc Kraniyofasiyal Cerrahi Birimi<\/p><p>Prof. Stephan Anthony Wolfe 1996 ( Misafir Hekim )<\/p><p>Mezuniyet Tezi:<br>Travma sonras\u0131 median sinir yaralanmalar\u0131nda farkl\u0131 cerrahi tekniklerle opozisyon rekonstr\u00fcksiyonuna klinik yakla\u015f\u0131m<\/p>\t\t\t\t\t\t\t\t<\/div>\n\t\t\t\t<\/div>\n\t\t\t\t<div class=\"elementor-element elementor-element-23b1138 elementor-widget elementor-widget-heading\" data-id=\"23b1138\" data-element_type=\"widget\" data-widget_type=\"heading.default\">\n\t\t\t\t<div class=\"elementor-widget-container\">\n\t\t\t\t\t<h3 class=\"elementor-heading-title elementor-size-default\">Mesleki Kariyer<\/h3>\t\t\t\t<\/div>\n\t\t\t\t<\/div>\n\t\t\t\t<div class=\"elementor-element elementor-element-55f799c elementor-widget elementor-widget-text-editor\" data-id=\"55f799c\" data-element_type=\"widget\" data-widget_type=\"text-editor.default\">\n\t\t\t\t<div class=\"elementor-widget-container\">\n\t\t\t\t\t\t\t\t\t<p>Serbest Hekimlik (1999\u20132025)<\/p>\n<p>Millet Hastanesi Plastik Cerrahi \u00dcnitesi 1999-2002<\/p>\n<p>Hisar Intercontinetal Hastanesi 2007-2011<\/p>\n<p>Ethica Levent Hastanesi 2010-2012<\/p>\n<p>Istanbul Cerrahi Hastanesi 2015-2022<\/p>\n<p>Anatomica Medical Merkezi 2023-2019<\/p>\n<p>Istanbul Aesthetic Center 2014-2026<\/p>\n<p>(Uzman plastik cerrah olarak kariyerim boyunca kendi klini\u011fim ve muayenehanemde \u00e7al\u0131\u015ft\u0131m; ameliyatlar\u0131m\u0131 ise akredite \u00f6zel hastanelerde ger\u00e7ekle\u015ftirerek bu kurumlarda plastik cerrah olarak g\u00f6rev yapt\u0131m.)<\/p>\t\t\t\t\t\t\t\t<\/div>\n\t\t\t\t<\/div>\n\t\t\t\t<div class=\"elementor-element elementor-element-27a7d7b elementor-widget elementor-widget-heading\" data-id=\"27a7d7b\" data-element_type=\"widget\" data-widget_type=\"heading.default\">\n\t\t\t\t<div class=\"elementor-widget-container\">\n\t\t\t\t\t<h3 class=\"elementor-heading-title elementor-size-default\">YAYINLAR:<\/h3>\t\t\t\t<\/div>\n\t\t\t\t<\/div>\n\t\t\t\t<div class=\"elementor-element elementor-element-324471e elementor-widget elementor-widget-text-editor\" data-id=\"324471e\" data-element_type=\"widget\" data-widget_type=\"text-editor.default\">\n\t\t\t\t<div class=\"elementor-widget-container\">\n\t\t\t\t\t\t\t\t\t<p>3 Uluslararas\u0131 ve 12 Ulusal Yay\u0131n<\/p><p>Plastik cerrahi alan\u0131nda \u00e7ok say\u0131da lisans\u00fcst\u00fc kurs ve kongreye kat\u0131ld\u0131m.<\/p>\t\t\t\t\t\t\t\t<\/div>\n\t\t\t\t<\/div>\n\t\t\t\t<div class=\"elementor-element elementor-element-a3bf1bd elementor-widget elementor-widget-heading\" data-id=\"a3bf1bd\" data-element_type=\"widget\" data-widget_type=\"heading.default\">\n\t\t\t\t<div class=\"elementor-widget-container\">\n\t\t\t\t\t<h3 class=\"elementor-heading-title elementor-size-default\">GER\u00c7EKLE\u015eT\u0130R\u0130LEN CERRAH\u0130 \u0130\u015eLEMLER<\/h3>\t\t\t\t<\/div>\n\t\t\t\t<\/div>\n\t\t\t\t<div class=\"elementor-element elementor-element-119c1cd elementor-widget elementor-widget-text-editor\" data-id=\"119c1cd\" data-element_type=\"widget\" data-widget_type=\"text-editor.default\">\n\t\t\t\t<div class=\"elementor-widget-container\">\n\t\t\t\t\t\t\t\t\t<p>Temel plastik cerrahi ameliyatlar\u0131 (deri greftleri, flep cerrahisi)<\/p><p>Ba\u015f ve boyun kanser cerrahisi ve rekonstr\u00fcksiyonlar\u0131<\/p><p>Tendon yaralanmalar\u0131 ve cerrahi tedavileri (el cerrahisi)<\/p><p>Mikrocerrahi i\u015flemler: n\u00f6rorafi ve serbest flep rekonstr\u00fcksiyonlar\u0131<\/p><p>Replantasyon cerrahisi<\/p><p>Meme k\u00fc\u00e7\u00fcltme, mastopeksi ve meme rekonstr\u00fcksiyonu<\/p><p>Lenf\u00f6dem cerrahisi<\/p><p>Dupuytren kontrakt\u00fcr\u00fc gev\u015fetme ameliyat\u0131<\/p><p>Sa\u00e7l\u0131 deri ve y\u00fcz\u00fcn konjenital malformasyonlar\u0131<\/p><p>Dudak ve damak yar\u0131\u011f\u0131 cerrahisi<\/p><p>V\u00fccut estetik cerrahisi (liposuction, meme cerrahileri, abdominoplasti, blefaroplasti, kol germe, genital estetik vb.)<\/p><p>Abdominal deformiteler ve rekonstr\u00fcktif cerrahi i\u015flemler<\/p><p>Rekonstr\u00fcksiyon i\u00e7in deri ve muskulo-fasyal flepler<\/p>\t\t\t\t\t\t\t\t<\/div>\n\t\t\t\t<\/div>\n\t\t\t\t<div class=\"elementor-element elementor-element-c76e6f8 elementor-widget elementor-widget-heading\" data-id=\"c76e6f8\" data-element_type=\"widget\" data-widget_type=\"heading.default\">\n\t\t\t\t<div class=\"elementor-widget-container\">\n\t\t\t\t\t<h3 class=\"elementor-heading-title elementor-size-default\">BA\u015eLICA \u0130LG\u0130 ALANLARI<\/h3>\t\t\t\t<\/div>\n\t\t\t\t<\/div>\n\t\t\t\t<div class=\"elementor-element elementor-element-d5b890e elementor-widget elementor-widget-text-editor\" data-id=\"d5b890e\" data-element_type=\"widget\" data-widget_type=\"text-editor.default\">\n\t\t\t\t<div class=\"elementor-widget-container\">\n\t\t\t\t\t\t\t\t\t<p>Kraniyofasiyal Cerrahi<\/p><p>El Cerrahi<\/p><p>Estetik Cerrahi<\/p>\t\t\t\t\t\t\t\t<\/div>\n\t\t\t\t<\/div>\n\t\t\t\t<\/div>\n\t\t\t\t\t<\/div>\n\t\t\t\t<\/div>\n\t\t\t\t<\/div>\n\t\t","protected":false},"excerpt":{"rendered":"<p>E\u011e\u0130T\u0130M, \u00d6\u011eRET\u0130M ve AKADEM\u0130K FAAL\u0130YETLER T\u0131p Fak\u00fcltesi : Marmara \u00dcniversitesi T\u0131p Fak\u00fcltesi 1984-1991 \u0130stanbul \u00dcniversitesi Plastik ve Rekonstr\u00fcktif Cerrahi Anabilim Dal\u0131 1992\u20131998 \u0130stanbul \u00dcniversitesi El Cerrahisi Anabilim Dal\u0131 1992\u20131998 University of Miami Plastik Cerrahi B\u00f6l\u00fcm\u00fc Kraniyofasiyal Cerrahi Birimi Prof. Stephan Anthony Wolfe 1996 ( Misafir Hekim ) Mezuniyet Tezi:Travma sonras\u0131 median sinir yaralanmalar\u0131nda farkl\u0131 cerrahi [&hellip;]<\/p>\n","protected":false},"author":1,"featured_media":0,"parent":0,"menu_order":0,"comment_status":"closed","ping_status":"closed","template":"","meta":{"_themeisle_gutenberg_block_has_review":false,"footnotes":""},"class_list":["post-18226","page","type-page","status-publish","hentry"],"_links":{"self":[{"href":"https:\/\/www.istanbulaestheticcenter.com\/tr\/wp-json\/wp\/v2\/pages\/18226","targetHints":{"allow":["GET"]}}],"collection":[{"href":"https:\/\/www.istanbulaestheticcenter.com\/tr\/wp-json\/wp\/v2\/pages"}],"about":[{"href":"https:\/\/www.istanbulaestheticcenter.com\/tr\/wp-json\/wp\/v2\/types\/page"}],"author":[{"embeddable":true,"href":"https:\/\/www.istanbulaestheticcenter.com\/tr\/wp-json\/wp\/v2\/users\/1"}],"replies":[{"embeddable":true,"href":"https:\/\/www.istanbulaestheticcenter.com\/tr\/wp-json\/wp\/v2\/comments?post=18226"}],"version-history":[{"count":1,"href":"https:\/\/www.istanbulaestheticcenter.com\/tr\/wp-json\/wp\/v2\/pages\/18226\/revisions"}],"predecessor-version":[{"id":18227,"href":"https:\/\/www.istanbulaestheticcenter.com\/tr\/wp-json\/wp\/v2\/pages\/18226\/revisions\/18227"}],"wp:attachment":[{"href":"https:\/\/www.istanbulaestheticcenter.com\/tr\/wp-json\/wp\/v2\/media?parent=18226"}],"curies":[{"name":"wp","href":"https:\/\/api.w.org\/{rel}","templated":true}]}}