{"id":18161,"date":"2025-11-10T13:31:21","date_gmt":"2025-11-10T10:31:21","guid":{"rendered":"https:\/\/www.istanbulaestheticcenter.com\/?page_id=18161"},"modified":"2025-11-10T13:44:40","modified_gmt":"2025-11-10T10:44:40","slug":"iac-gebe-okulu-egitim-programi","status":"publish","type":"page","link":"https:\/\/www.istanbulaestheticcenter.com\/tr\/iac-gebe-okulu-egitim-programi\/","title":{"rendered":"IAC Gebe Okulu E\u011fitim Program\u0131"},"content":{"rendered":"\t\t<div data-elementor-type=\"wp-page\" data-elementor-id=\"18161\" class=\"elementor elementor-18161\">\n\t\t\t\t<div class=\"elementor-element elementor-element-ce164c4 e-con-full e-flex e-con e-parent\" data-id=\"ce164c4\" data-element_type=\"container\">\n\t\t\t\t<div class=\"elementor-element elementor-element-2a24df0 elementor-widget elementor-widget-image\" data-id=\"2a24df0\" data-element_type=\"widget\" data-widget_type=\"image.default\">\n\t\t\t\t<div class=\"elementor-widget-container\">\n\t\t\t\t\t\t\t\t\t\t\t\t\t\t\t\t<a href=\"http:\/\/www.istanbulaestheticcenter.com\/wp-content\/uploads\/2025\/11\/IAC-Gebe_Okulu_Egitim_Programi_Tasarim_2-scaled.jpg\" data-elementor-open-lightbox=\"yes\" data-elementor-lightbox-title=\"IAC-Gebe_Okulu_E\u011fitim_Program\u0131_Tasar\u0131m_2\" data-e-action-hash=\"#elementor-action%3Aaction%3Dlightbox%26settings%3DeyJpZCI6MTgxODcsInVybCI6Imh0dHBzOlwvXC93d3cuaXN0YW5idWxhZXN0aGV0aWNjZW50ZXIuY29tXC93cC1jb250ZW50XC91cGxvYWRzXC8yMDI1XC8xMVwvSUFDLUdlYmVfT2t1bHVfRWdpdGltX1Byb2dyYW1pX1Rhc2FyaW1fMi1zY2FsZWQuanBnIn0%3D\">\n\t\t\t\t\t\t\t<img fetchpriority=\"high\" decoding=\"async\" width=\"825\" height=\"2560\" src=\"https:\/\/www.istanbulaestheticcenter.com\/wp-content\/uploads\/2025\/11\/IAC-Gebe_Okulu_Egitim_Programi_Tasarim_2-scaled.jpg\" class=\"attachment-full size-full wp-image-18187\" alt=\"\" srcset=\"https:\/\/www.istanbulaestheticcenter.com\/wp-content\/uploads\/2025\/11\/IAC-Gebe_Okulu_Egitim_Programi_Tasarim_2-scaled.jpg 825w, https:\/\/www.istanbulaestheticcenter.com\/wp-content\/uploads\/2025\/11\/IAC-Gebe_Okulu_Egitim_Programi_Tasarim_2-97x300.jpg 97w, https:\/\/www.istanbulaestheticcenter.com\/wp-content\/uploads\/2025\/11\/IAC-Gebe_Okulu_Egitim_Programi_Tasarim_2-330x1024.jpg 330w, https:\/\/www.istanbulaestheticcenter.com\/wp-content\/uploads\/2025\/11\/IAC-Gebe_Okulu_Egitim_Programi_Tasarim_2-768x2383.jpg 768w, https:\/\/www.istanbulaestheticcenter.com\/wp-content\/uploads\/2025\/11\/IAC-Gebe_Okulu_Egitim_Programi_Tasarim_2-495x1536.jpg 495w, https:\/\/www.istanbulaestheticcenter.com\/wp-content\/uploads\/2025\/11\/IAC-Gebe_Okulu_Egitim_Programi_Tasarim_2-660x2048.jpg 660w\" sizes=\"(max-width: 825px) 100vw, 825px\" \/>\t\t\t\t\t\t\t\t<\/a>\n\t\t\t\t\t\t\t\t\t\t\t\t\t\t\t<\/div>\n\t\t\t\t<\/div>\n\t\t\t\t<\/div>\n\t\t\t\t<\/div>\n\t\t","protected":false},"excerpt":{"rendered":"","protected":false},"author":1,"featured_media":0,"parent":0,"menu_order":0,"comment_status":"closed","ping_status":"closed","template":"","meta":{"_themeisle_gutenberg_block_has_review":false,"footnotes":""},"class_list":["post-18161","page","type-page","status-publish","hentry"],"_links":{"self":[{"href":"https:\/\/www.istanbulaestheticcenter.com\/tr\/wp-json\/wp\/v2\/pages\/18161","targetHints":{"allow":["GET"]}}],"collection":[{"href":"https:\/\/www.istanbulaestheticcenter.com\/tr\/wp-json\/wp\/v2\/pages"}],"about":[{"href":"https:\/\/www.istanbulaestheticcenter.com\/tr\/wp-json\/wp\/v2\/types\/page"}],"author":[{"embeddable":true,"href":"https:\/\/www.istanbulaestheticcenter.com\/tr\/wp-json\/wp\/v2\/users\/1"}],"replies":[{"embeddable":true,"href":"https:\/\/www.istanbulaestheticcenter.com\/tr\/wp-json\/wp\/v2\/comments?post=18161"}],"version-history":[{"count":11,"href":"https:\/\/www.istanbulaestheticcenter.com\/tr\/wp-json\/wp\/v2\/pages\/18161\/revisions"}],"predecessor-version":[{"id":18200,"href":"https:\/\/www.istanbulaestheticcenter.com\/tr\/wp-json\/wp\/v2\/pages\/18161\/revisions\/18200"}],"wp:attachment":[{"href":"https:\/\/www.istanbulaestheticcenter.com\/tr\/wp-json\/wp\/v2\/media?parent=18161"}],"curies":[{"name":"wp","href":"https:\/\/api.w.org\/{rel}","templated":true}]}}