{"id":18118,"date":"2025-10-14T11:16:07","date_gmt":"2025-10-14T08:16:07","guid":{"rendered":"https:\/\/www.istanbulaestheticcenter.com\/?page_id=18118"},"modified":"2025-11-10T13:46:16","modified_gmt":"2025-11-10T10:46:16","slug":"iac-gebe-okulu","status":"publish","type":"page","link":"https:\/\/www.istanbulaestheticcenter.com\/tr\/iac-gebe-okulu\/","title":{"rendered":"IAC Gebe Okulu"},"content":{"rendered":"\t\t<div data-elementor-type=\"wp-page\" data-elementor-id=\"18118\" class=\"elementor elementor-18118\">\n\t\t\t\t<div class=\"elementor-element elementor-element-0b817ef e-flex e-con-boxed e-con e-parent\" data-id=\"0b817ef\" data-element_type=\"container\">\n\t\t\t\t\t<div class=\"e-con-inner\">\n\t\t\t\t<div class=\"elementor-element elementor-element-24ac362 elementor-widget elementor-widget-image\" data-id=\"24ac362\" data-element_type=\"widget\" data-widget_type=\"image.default\">\n\t\t\t\t<div class=\"elementor-widget-container\">\n\t\t\t\t\t\t\t\t\t\t\t\t\t\t\t<img fetchpriority=\"high\" decoding=\"async\" width=\"1024\" height=\"576\" src=\"https:\/\/www.istanbulaestheticcenter.com\/wp-content\/uploads\/2025\/10\/gece-okulu2-1024x576.jpg\" class=\"attachment-large size-large wp-image-18128\" alt=\"\" srcset=\"https:\/\/www.istanbulaestheticcenter.com\/wp-content\/uploads\/2025\/10\/gece-okulu2-1024x576.jpg 1024w, https:\/\/www.istanbulaestheticcenter.com\/wp-content\/uploads\/2025\/10\/gece-okulu2-300x169.jpg 300w, https:\/\/www.istanbulaestheticcenter.com\/wp-content\/uploads\/2025\/10\/gece-okulu2-768x432.jpg 768w, https:\/\/www.istanbulaestheticcenter.com\/wp-content\/uploads\/2025\/10\/gece-okulu2-1536x864.jpg 1536w, https:\/\/www.istanbulaestheticcenter.com\/wp-content\/uploads\/2025\/10\/gece-okulu2.jpg 1920w\" sizes=\"(max-width: 1024px) 100vw, 1024px\" \/>\t\t\t\t\t\t\t\t\t\t\t\t\t\t\t<\/div>\n\t\t\t\t<\/div>\n\t\t\t\t\t<\/div>\n\t\t\t\t<\/div>\n\t\t<div class=\"elementor-element elementor-element-55bcd0d e-flex e-con-boxed e-con e-parent\" data-id=\"55bcd0d\" data-element_type=\"container\">\n\t\t\t\t\t<div class=\"e-con-inner\">\n\t\t\t\t<div class=\"elementor-element elementor-element-97510ee elementor-button-info elementor-align-center elementor-widget elementor-widget-button\" data-id=\"97510ee\" data-element_type=\"widget\" data-widget_type=\"button.default\">\n\t\t\t\t<div class=\"elementor-widget-container\">\n\t\t\t\t\t\t\t\t\t<div class=\"elementor-button-wrapper\">\n\t\t\t\t\t<a class=\"elementor-button elementor-button-link elementor-size-sm\" href=\"https:\/\/www.istanbulaestheticcenter.com\/tr\/iac-gebe-okulu-egitim-programi\/\" target=\"_blank\">\n\t\t\t\t\t\t<span class=\"elementor-button-content-wrapper\">\n\t\t\t\t\t\t\t\t\t<span class=\"elementor-button-text\">Gebe Okulu E\u011fitim Program\u0131 i\u00e7in t\u0131klay\u0131n<\/span>\n\t\t\t\t\t<\/span>\n\t\t\t\t\t<\/a>\n\t\t\t\t<\/div>\n\t\t\t\t\t\t\t\t<\/div>\n\t\t\t\t<\/div>\n\t\t\t\t\t<\/div>\n\t\t\t\t<\/div>\n\t\t<div class=\"elementor-element elementor-element-1b023ce e-flex e-con-boxed e-con e-parent\" data-id=\"1b023ce\" data-element_type=\"container\">\n\t\t\t\t\t<div class=\"e-con-inner\">\n\t\t\t\t<div class=\"elementor-element elementor-element-8946b91 elementor-widget elementor-widget-heading\" data-id=\"8946b91\" data-element_type=\"widget\" data-widget_type=\"heading.default\">\n\t\t\t\t<div class=\"elementor-widget-container\">\n\t\t\t\t\t<h2 class=\"elementor-heading-title elementor-size-default\">IAC GEBE OKULU <br>Sa\u011fl\u0131kl\u0131 Bir Gebelik, Mutlu Bir Do\u011fum \u0130\u00e7in<\/h2>\t\t\t\t<\/div>\n\t\t\t\t<\/div>\n\t\t\t\t\t<\/div>\n\t\t\t\t<\/div>\n\t\t<div class=\"elementor-element elementor-element-1be08cd e-flex e-con-boxed e-con e-parent\" data-id=\"1be08cd\" data-element_type=\"container\">\n\t\t\t\t\t<div class=\"e-con-inner\">\n\t\t\t\t<div class=\"elementor-element elementor-element-bbda640 elementor-widget elementor-widget-text-editor\" data-id=\"bbda640\" data-element_type=\"widget\" data-widget_type=\"text-editor.default\">\n\t\t\t\t<div class=\"elementor-widget-container\">\n\t\t\t\t\t\t\t\t\t<p>Gebe Okulu; anne adaylar\u0131n\u0131n gebelik s\u00fcrecini daha bilin\u00e7li, g\u00fcvenli ve huzurlu bir \u015fekilde ge\u00e7irmesi i\u00e7in haz\u0131rlanm\u0131\u015f \u00f6zel bir e\u011fitim program\u0131d\u0131r. Uzman hekimler, ebeler ve dan\u0131\u015fmanlar e\u015fli\u011finde gebelik, do\u011fum ve do\u011fum sonras\u0131 d\u00f6nem hakk\u0131nda en g\u00fcncel bilgileri edinirken; ayn\u0131 zamanda fiziksel ve ruhsal a\u00e7\u0131dan da kendinizi do\u011fuma haz\u0131rlayabilirsiniz.<\/p>\t\t\t\t\t\t\t\t<\/div>\n\t\t\t\t<\/div>\n\t\t\t\t\t<\/div>\n\t\t\t\t<\/div>\n\t\t<div class=\"elementor-element elementor-element-3f7c041 e-flex e-con-boxed e-con e-parent\" data-id=\"3f7c041\" data-element_type=\"container\">\n\t\t\t\t\t<div class=\"e-con-inner\">\n\t\t<div class=\"elementor-element elementor-element-38f3bed e-con-full e-flex e-con e-child\" data-id=\"38f3bed\" data-element_type=\"container\">\n\t\t<div class=\"elementor-element elementor-element-096ebe2 e-con-full e-flex e-con e-child\" data-id=\"096ebe2\" data-element_type=\"container\">\n\t\t\t\t<div class=\"elementor-element elementor-element-bc31f61 elementor-widget elementor-widget-heading\" data-id=\"bc31f61\" data-element_type=\"widget\" data-widget_type=\"heading.default\">\n\t\t\t\t<div class=\"elementor-widget-container\">\n\t\t\t\t\t<h3 class=\"elementor-heading-title elementor-size-default\">Neden Gebe Okulu?<\/h3>\t\t\t\t<\/div>\n\t\t\t\t<\/div>\n\t\t\t\t<div class=\"elementor-element elementor-element-0cc7765 elementor-widget elementor-widget-text-editor\" data-id=\"0cc7765\" data-element_type=\"widget\" data-widget_type=\"text-editor.default\">\n\t\t\t\t<div class=\"elementor-widget-container\">\n\t\t\t\t\t\t\t\t\t<ul><li data-start=\"751\" data-end=\"799\"><p data-start=\"753\" data-end=\"799\">\ud83d\udccc Gebelik s\u00fcrecinizde do\u011fru bilgiye ula\u015fmak<\/p><\/li><li data-start=\"800\" data-end=\"844\"><p data-start=\"802\" data-end=\"844\">\ud83d\udccc Do\u011fumla ilgili korkular\u0131n\u0131z\u0131 azaltmak<\/p><\/li><li data-start=\"845\" data-end=\"903\"><p data-start=\"847\" data-end=\"903\">\ud83d\udccc Bebe\u011finizle ilk andan itibaren g\u00fc\u00e7l\u00fc bir ba\u011f kurmak<\/p><\/li><li data-start=\"904\" data-end=\"975\"><p data-start=\"906\" data-end=\"975\">\ud83d\udccc Anne adaylar\u0131n\u0131n yan\u0131nda baba adaylar\u0131n\u0131n da s\u00fcrece dahil olmas\u0131<\/p><\/li><li data-start=\"976\" data-end=\"1033\"><p data-start=\"978\" data-end=\"1033\">\ud83d\udccc Sa\u011fl\u0131kl\u0131, bilin\u00e7li ve mutlu bir do\u011fuma haz\u0131rlanmak<\/p><\/li><\/ul>\t\t\t\t\t\t\t\t<\/div>\n\t\t\t\t<\/div>\n\t\t<div class=\"elementor-element elementor-element-0415177 e-con-full e-flex e-con e-child\" data-id=\"0415177\" data-element_type=\"container\">\n\t\t\t\t<div class=\"elementor-element elementor-element-25e84fc elementor-widget elementor-widget-heading\" data-id=\"25e84fc\" data-element_type=\"widget\" data-widget_type=\"heading.default\">\n\t\t\t\t<div class=\"elementor-widget-container\">\n\t\t\t\t\t<h3 class=\"elementor-heading-title elementor-size-default\">E\u011fitim \u0130\u00e7erikleri<\/h3>\t\t\t\t<\/div>\n\t\t\t\t<\/div>\n\t\t\t\t<\/div>\n\t\t\t\t<\/div>\n\t\t\t\t<div class=\"elementor-element elementor-element-591289c elementor-widget elementor-widget-text-editor\" data-id=\"591289c\" data-element_type=\"widget\" data-widget_type=\"text-editor.default\">\n\t\t\t\t<div class=\"elementor-widget-container\">\n\t\t\t\t\t\t\t\t\t<p data-start=\"1069\" data-end=\"1103\">\u2705 Gebelikte beslenme ve egzersiz<\/p><p data-start=\"1106\" data-end=\"1154\">\u2705 Gebelikte fiziksel ve duygusal de\u011fi\u015fiklikler<\/p><p data-start=\"1157\" data-end=\"1194\">\u2705 Do\u011fum belirtileri ve do\u011fum s\u00fcreci<\/p><p data-start=\"1197\" data-end=\"1243\">\u2705 Normal do\u011fum ve sezaryen hakk\u0131nda bilgiler<\/p><p data-start=\"1246\" data-end=\"1298\">\u2705 Do\u011fumda nefes egzersizleri ve gev\u015feme teknikleri<\/p><p data-start=\"1301\" data-end=\"1328\">\u2705 Emzirme ve bebek bak\u0131m\u0131<\/p><p data-start=\"1331\" data-end=\"1372\">\u2705 Lohusal\u0131k d\u00f6nemi ve psikolojik destek<\/p>\t\t\t\t\t\t\t\t<\/div>\n\t\t\t\t<\/div>\n\t\t\t\t<div class=\"elementor-element elementor-element-b296664 elementor-widget elementor-widget-heading\" data-id=\"b296664\" data-element_type=\"widget\" data-widget_type=\"heading.default\">\n\t\t\t\t<div class=\"elementor-widget-container\">\n\t\t\t\t\t<h3 class=\"elementor-heading-title elementor-size-default\">Kimler Kat\u0131labilir?<\/h3>\t\t\t\t<\/div>\n\t\t\t\t<\/div>\n\t\t\t\t<div class=\"elementor-element elementor-element-3541c78 elementor-widget elementor-widget-text-editor\" data-id=\"3541c78\" data-element_type=\"widget\" data-widget_type=\"text-editor.default\">\n\t\t\t\t<div class=\"elementor-widget-container\">\n\t\t\t\t\t\t\t\t\t<p data-start=\"1069\" data-end=\"1103\">Gebe Okulu, gebeli\u011finin 12. haftas\u0131ndan itibaren t\u00fcm anne adaylar\u0131na a\u00e7\u0131kt\u0131r. E\u011fitimlere e\u015fler de kat\u0131labilir ve bu s\u00fcrece aktif \u015fekilde dahil olabilir.<\/p>\t\t\t\t\t\t\t\t<\/div>\n\t\t\t\t<\/div>\n\t\t\t\t<div class=\"elementor-element elementor-element-a56ecb7 elementor-widget elementor-widget-heading\" data-id=\"a56ecb7\" data-element_type=\"widget\" data-widget_type=\"heading.default\">\n\t\t\t\t<div class=\"elementor-widget-container\">\n\t\t\t\t\t<h3 class=\"elementor-heading-title elementor-size-default\">E\u011fitim Y\u00f6ntemi<\/h3>\t\t\t\t<\/div>\n\t\t\t\t<\/div>\n\t\t\t\t<div class=\"elementor-element elementor-element-f211497 elementor-widget elementor-widget-text-editor\" data-id=\"f211497\" data-element_type=\"widget\" data-widget_type=\"text-editor.default\">\n\t\t\t\t<div class=\"elementor-widget-container\">\n\t\t\t\t\t\t\t\t\t<ul><li data-start=\"1593\" data-end=\"1612\"><p data-start=\"1595\" data-end=\"1612\">Grup e\u011fitimleri<\/p><\/li><li data-start=\"1613\" data-end=\"1637\"><p data-start=\"1615\" data-end=\"1637\">Uygulamal\u0131 at\u00f6lyeler<\/p><\/li><li data-start=\"1638\" data-end=\"1662\"><p data-start=\"1640\" data-end=\"1662\">Bire bir dan\u0131\u015fmanl\u0131k<\/p><\/li><li data-start=\"1663\" data-end=\"1696\"><p data-start=\"1665\" data-end=\"1696\">Online \/ y\u00fcz y\u00fcze se\u00e7enekleri<\/p><\/li><\/ul>\t\t\t\t\t\t\t\t<\/div>\n\t\t\t\t<\/div>\n\t\t\t\t<div class=\"elementor-element elementor-element-8ff134b elementor-widget elementor-widget-heading\" data-id=\"8ff134b\" data-element_type=\"widget\" data-widget_type=\"heading.default\">\n\t\t\t\t<div class=\"elementor-widget-container\">\n\t\t\t\t\t<h3 class=\"elementor-heading-title elementor-size-default\">Kay\u0131t ve Bilgi<\/h3>\t\t\t\t<\/div>\n\t\t\t\t<\/div>\n\t\t\t\t<div class=\"elementor-element elementor-element-0b47e91 elementor-widget elementor-widget-text-editor\" data-id=\"0b47e91\" data-element_type=\"widget\" data-widget_type=\"text-editor.default\">\n\t\t\t\t<div class=\"elementor-widget-container\">\n\t\t\t\t\t\t\t\t\t<p data-start=\"1595\" data-end=\"1612\">\ud83d\udcde Detayl\u0131 bilgi ve kay\u0131t i\u00e7in bize ula\u015fabilirsiniz.<br data-start=\"2010\" data-end=\"2013\" \/>\ud83d\udce7 <a href=\"mailto:gebeokulu@ia-center.com\">gebeokulu@ia-center.com<\/a><br data-start=\"2032\" data-end=\"2035\" \/>\ud83d\udccd Balmumcu, Bestekar \u015eevki Bey Sk. No:16-18, 34353<\/p>\t\t\t\t\t\t\t\t<\/div>\n\t\t\t\t<\/div>\n\t\t\t\t<div class=\"elementor-element elementor-element-06461b8 elementor-widget elementor-widget-image\" data-id=\"06461b8\" data-element_type=\"widget\" data-widget_type=\"image.default\">\n\t\t\t\t<div class=\"elementor-widget-container\">\n\t\t\t\t\t\t\t\t\t\t\t\t\t\t\t<img decoding=\"async\" width=\"1024\" height=\"576\" src=\"https:\/\/www.istanbulaestheticcenter.com\/wp-content\/uploads\/2025\/10\/gece-okulu1-1024x576.jpg\" class=\"attachment-large size-large wp-image-18120\" alt=\"\" srcset=\"https:\/\/www.istanbulaestheticcenter.com\/wp-content\/uploads\/2025\/10\/gece-okulu1-1024x576.jpg 1024w, https:\/\/www.istanbulaestheticcenter.com\/wp-content\/uploads\/2025\/10\/gece-okulu1-300x169.jpg 300w, https:\/\/www.istanbulaestheticcenter.com\/wp-content\/uploads\/2025\/10\/gece-okulu1-768x432.jpg 768w, https:\/\/www.istanbulaestheticcenter.com\/wp-content\/uploads\/2025\/10\/gece-okulu1-1536x864.jpg 1536w, https:\/\/www.istanbulaestheticcenter.com\/wp-content\/uploads\/2025\/10\/gece-okulu1.jpg 1920w\" sizes=\"(max-width: 1024px) 100vw, 1024px\" \/>\t\t\t\t\t\t\t\t\t\t\t\t\t\t\t<\/div>\n\t\t\t\t<\/div>\n\t\t\t\t<\/div>\n\t\t\t\t\t<\/div>\n\t\t\t\t<\/div>\n\t\t\t\t<\/div>\n\t\t","protected":false},"excerpt":{"rendered":"<p>Boyun Germe Ameliyat\u0131 Nedir? Boyun germe veya alt rhytidectomy olarak da bilinen boyun germe ameliyat\u0131, sarkm\u0131\u015f cildi, fazla ya\u011f\u0131 ve kas gev\u015fekli\u011fini ele alarak boyun ve \u00e7ene \u00e7izgisinin g\u00f6r\u00fcn\u00fcm\u00fcn\u00fc gen\u00e7le\u015ftirmeyi ama\u00e7layan kozmetik bir cerrahi prosed\u00fcrd\u00fcr. Genellikle y\u00fcz germe ile birlikte veya boyun b\u00f6lgesine daha gen\u00e7 ve belirgin bir kontur kazand\u0131rmak i\u00e7in tek ba\u015f\u0131na bir prosed\u00fcr [&hellip;]<\/p>\n","protected":false},"author":1,"featured_media":0,"parent":0,"menu_order":0,"comment_status":"closed","ping_status":"closed","template":"","meta":{"_themeisle_gutenberg_block_has_review":false,"footnotes":""},"class_list":["post-18118","page","type-page","status-publish","hentry"],"_links":{"self":[{"href":"https:\/\/www.istanbulaestheticcenter.com\/tr\/wp-json\/wp\/v2\/pages\/18118","targetHints":{"allow":["GET"]}}],"collection":[{"href":"https:\/\/www.istanbulaestheticcenter.com\/tr\/wp-json\/wp\/v2\/pages"}],"about":[{"href":"https:\/\/www.istanbulaestheticcenter.com\/tr\/wp-json\/wp\/v2\/types\/page"}],"author":[{"embeddable":true,"href":"https:\/\/www.istanbulaestheticcenter.com\/tr\/wp-json\/wp\/v2\/users\/1"}],"replies":[{"embeddable":true,"href":"https:\/\/www.istanbulaestheticcenter.com\/tr\/wp-json\/wp\/v2\/comments?post=18118"}],"version-history":[{"count":11,"href":"https:\/\/www.istanbulaestheticcenter.com\/tr\/wp-json\/wp\/v2\/pages\/18118\/revisions"}],"predecessor-version":[{"id":18204,"href":"https:\/\/www.istanbulaestheticcenter.com\/tr\/wp-json\/wp\/v2\/pages\/18118\/revisions\/18204"}],"wp:attachment":[{"href":"https:\/\/www.istanbulaestheticcenter.com\/tr\/wp-json\/wp\/v2\/media?parent=18118"}],"curies":[{"name":"wp","href":"https:\/\/api.w.org\/{rel}","templated":true}]}}