{"id":16555,"date":"2024-04-20T16:48:24","date_gmt":"2024-04-20T13:48:24","guid":{"rendered":"https:\/\/www.istanbulaestheticcenter.com\/erkekler-icin-genital-cerrahi\/"},"modified":"2024-04-29T12:24:21","modified_gmt":"2024-04-29T09:24:21","slug":"erkekler-icin-genital-cerrahi","status":"publish","type":"page","link":"https:\/\/www.istanbulaestheticcenter.com\/tr\/vucut-estetigi\/erkekler-icin-genital-cerrahi\/","title":{"rendered":"Erkekler \u0130\u00e7in Genital Cerrahi"},"content":{"rendered":"\t\t<div data-elementor-type=\"wp-page\" data-elementor-id=\"16555\" class=\"elementor elementor-16555 elementor-13380\">\n\t\t\t\t<div class=\"elementor-element elementor-element-e9f0f8c e-flex e-con-boxed e-con e-parent\" data-id=\"e9f0f8c\" data-element_type=\"container\">\n\t\t\t\t\t<div class=\"e-con-inner\">\n\t\t<div class=\"elementor-element elementor-element-b0db3b0 e-flex e-con-boxed e-con e-child\" data-id=\"b0db3b0\" data-element_type=\"container\">\n\t\t\t\t\t<div class=\"e-con-inner\">\n\t\t\t\t<div class=\"elementor-element elementor-element-804ecd2 elementor-widget elementor-widget-image\" data-id=\"804ecd2\" data-element_type=\"widget\" data-widget_type=\"image.default\">\n\t\t\t\t<div class=\"elementor-widget-container\">\n\t\t\t\t\t\t\t\t\t\t\t\t\t\t\t<img fetchpriority=\"high\" decoding=\"async\" width=\"1024\" height=\"525\" src=\"https:\/\/www.istanbulaestheticcenter.com\/wp-content\/uploads\/2024\/04\/genital-surgery-for-men-1024x525.jpg\" class=\"attachment-large size-large wp-image-15982\" alt=\"\" srcset=\"https:\/\/www.istanbulaestheticcenter.com\/wp-content\/uploads\/2024\/04\/genital-surgery-for-men-1024x525.jpg 1024w, https:\/\/www.istanbulaestheticcenter.com\/wp-content\/uploads\/2024\/04\/genital-surgery-for-men-300x154.jpg 300w, https:\/\/www.istanbulaestheticcenter.com\/wp-content\/uploads\/2024\/04\/genital-surgery-for-men-768x394.jpg 768w, https:\/\/www.istanbulaestheticcenter.com\/wp-content\/uploads\/2024\/04\/genital-surgery-for-men-1000x513.jpg 1000w, https:\/\/www.istanbulaestheticcenter.com\/wp-content\/uploads\/2024\/04\/genital-surgery-for-men-1110x570.jpg 1110w, https:\/\/www.istanbulaestheticcenter.com\/wp-content\/uploads\/2024\/04\/genital-surgery-for-men.jpg 1120w\" sizes=\"(max-width: 1024px) 100vw, 1024px\" \/>\t\t\t\t\t\t\t\t\t\t\t\t\t\t\t<\/div>\n\t\t\t\t<\/div>\n\t\t\t\t\t<\/div>\n\t\t\t\t<\/div>\n\t\t\t\t\t<\/div>\n\t\t\t\t<\/div>\n\t\t<div class=\"elementor-element elementor-element-3f7c041 e-flex e-con-boxed e-con e-parent\" data-id=\"3f7c041\" data-element_type=\"container\">\n\t\t\t\t\t<div class=\"e-con-inner\">\n\t\t<div class=\"elementor-element elementor-element-50bb1f7 e-con-full e-flex e-con e-child\" data-id=\"50bb1f7\" data-element_type=\"container\">\n\t\t\t\t<div class=\"elementor-element elementor-element-1fc6a50 elementor-widget elementor-widget-heading\" data-id=\"1fc6a50\" data-element_type=\"widget\" data-widget_type=\"heading.default\">\n\t\t\t\t<div class=\"elementor-widget-container\">\n\t\t\t\t\t<h2 class=\"elementor-heading-title elementor-size-default\">Erkekler i\u00e7in Genital Cerrahi Nedir?<\/h2>\t\t\t\t<\/div>\n\t\t\t\t<\/div>\n\t\t\t\t<div class=\"elementor-element elementor-element-a63c1e5 elementor-widget elementor-widget-text-editor\" data-id=\"a63c1e5\" data-element_type=\"widget\" data-widget_type=\"text-editor.default\">\n\t\t\t\t<div class=\"elementor-widget-container\">\n\t\t\t\t\t\t\t\t\t<p>Erkek genital estetik cerrahisi veya erkek genital gen\u00e7le\u015ftirme olarak da bilinen erkekler i\u00e7in genital estetik cerrahisi, erkek cinsel organ\u0131n\u0131n g\u00f6r\u00fcn\u00fcm\u00fcn\u00fc ve i\u015flevini iyile\u015ftirmeyi ama\u00e7layan \u00e7e\u015fitli cerrahi prosed\u00fcrleri kapsar. Bu prosed\u00fcrler tipik olarak nitelikli \u00fcrologlar, plastik cerrahlar veya uzman genital cerrahlar taraf\u0131ndan ger\u00e7ekle\u015ftirilir ve estetik kayg\u0131lar\u0131, i\u015flevsel sorunlar\u0131 veya t\u0131bbi durumlar\u0131 ele alabilir.<\/p>\n<p>\u0130\u015fte erkekler i\u00e7in baz\u0131 yayg\u0131n genital estetik ameliyat t\u00fcrleri:<\/p>\n<ol>\n<li>\n<p>Penis <strong>B\u00fcy\u00fctme<\/strong>: Penis b\u00fcy\u00fctme prosed\u00fcrleri penisin uzunlu\u011funu veya \u00e7evresini art\u0131rmay\u0131 ama\u00e7lar. Teknikler aras\u0131nda, penis \u015faft\u0131n\u0131n daha fazla g\u00f6r\u00fcn\u00fcr hale gelmesini sa\u011flamak i\u00e7in penisi kas\u0131k kemi\u011fine ba\u011flayan ba\u011flar\u0131n serbest b\u0131rak\u0131lmas\u0131n\u0131 i\u00e7eren penis uzatma ameliyat\u0131 veya \u00e7evresini artt\u0131rmak i\u00e7in penise ya\u011f, dermal dolgu maddeleri veya doku greftleri enjekte etmeyi i\u00e7erebilen penis \u00e7evresi geli\u015ftirme yer alabilir.<\/p>\n<\/li>\n<li>\n<p>Penil <strong>Protez \u0130mplantasyonu<\/strong>: Penil protez implantasyonu, penise iste\u011fe ba\u011fl\u0131 ereksiyona izin veren bir cihaz yerle\u015ftirerek erektil disfonksiyonu tedavi etmek i\u00e7in kullan\u0131lan cerrahi bir prosed\u00fcrd\u00fcr. \u015ei\u015firilebilir implantlar ve \u015fekillendirilebilir implantlar da dahil olmak \u00fczere, her biri benzersiz avantajlar ve hususlar sunan farkl\u0131 tipte penil implantlar mevcuttur.<\/p>\n<\/li>\n<li>\n<p><strong>Skrotal Geli\u015ftirme<\/strong>: Skrotal geli\u015ftirme prosed\u00fcrleri, skrotumun boyutunu art\u0131rarak veya \u015feklini geli\u015ftirerek g\u00f6r\u00fcn\u00fcm\u00fcn\u00fc iyile\u015ftirmeyi ama\u00e7lamaktad\u0131r. Teknikler aras\u0131nda enjekte edilebilir dolgu maddeleri veya implantlarla skrotal b\u00fcy\u00fctme veya daha p\u00fcr\u00fczs\u00fcz, daha simetrik bir g\u00f6r\u00fcn\u00fcm i\u00e7in skrotal cildin yeniden \u015fekillendirilmesini i\u00e7eren skrotoplasti yer alabilir.<\/p>\n<\/li>\n<li>\n<p><strong>Testis \u0130mplantlar\u0131:<\/strong> Testis implantlar\u0131, eksik veya az geli\u015fmi\u015f testislerin yerini almak i\u00e7in kullan\u0131lan protez cihazlard\u0131r. Tipik olarak silikon veya di\u011fer biyo-uyumlu malzemelerden yap\u0131l\u0131rlar ve testislerin g\u00f6r\u00fcn\u00fcm\u00fcn\u00fc eski haline getirmek ve \u00f6zg\u00fcveni art\u0131rmak i\u00e7in skrotuma cerrahi olarak implante edilirler.<\/p>\n<\/li>\n<li>\n<p>S\u00fcnnet <strong>Revizyonu<\/strong>: S\u00fcnnet revizyonu prosed\u00fcrleri, \u00f6nceki s\u00fcnnetlerden kaynaklanan komplikasyonlar\u0131 veya tatmin edici olmayan sonu\u00e7lar\u0131 d\u00fczeltmeyi ama\u00e7lamaktad\u0131r. Bu, fazla veya d\u00fczensiz s\u00fcnnet derisinin \u00e7\u0131kar\u0131lmas\u0131n\u0131, yara izi veya asimetrinin d\u00fczeltilmesini veya penis ba\u015f\u0131n\u0131n g\u00f6r\u00fcn\u00fcm\u00fcn\u00fcn eski haline getirilmesini i\u00e7erebilir.<\/p>\n<\/li>\n<li>\n<p><strong>Kas\u0131k<\/strong> Germe: Monsplasti olarak da bilinen kas\u0131k germe ameliyat\u0131, kas\u0131k kemi\u011finin \u00fczerinde bulunan ya\u011fl\u0131 doku olan mons pubisin boyutunu veya belirginli\u011fini azaltmay\u0131 ama\u00e7lar. Bu prosed\u00fcr, genital b\u00f6lgenin estetik g\u00f6r\u00fcn\u00fcm\u00fcn\u00fc iyile\u015ftirmeye ve cinsel g\u00fcveni art\u0131rmaya yard\u0131mc\u0131 olabilir.<\/p>\n<\/li>\n<\/ol>\n\t\t\t\t\t\t\t\t<\/div>\n\t\t\t\t<\/div>\n\t\t\t\t<\/div>\n\t\t<div class=\"elementor-element elementor-element-1cd2b8e e-con-full e-flex e-con e-child\" data-id=\"1cd2b8e\" data-element_type=\"container\">\n\t\t\t\t<div class=\"elementor-element elementor-element-78e9b65 elementor-widget elementor-widget-text-editor\" data-id=\"78e9b65\" data-element_type=\"widget\" data-widget_type=\"text-editor.default\">\n\t\t\t\t<div class=\"elementor-widget-container\">\n\t\t\t\t\t\t\t\t\t<p>Endi\u015felerinizi, hedeflerinizi ve tedavi se\u00e7eneklerinizi tart\u0131\u015fmak i\u00e7in erkekler i\u00e7in genital estetik cerrahisinde uzmanla\u015fm\u0131\u015f nitelikli ve deneyimli bir cerraha dan\u0131\u015fman\u0131z \u00e7ok \u00f6nemlidir. Cerrah, ihtiya\u00e7lar\u0131n\u0131za en uygun prosed\u00fcr\u00fc (prosed\u00fcrleri) \u00f6nermek ve m\u00fcmk\u00fcn olan en iyi sonucu sa\u011flamak i\u00e7in bireysel anatominizi ve t\u0131bbi ge\u00e7mi\u015finizi de\u011ferlendirecektir. Ayr\u0131ca, <strong>\u0130stanbul Estetik Merkezi (IAC<\/strong>) gibi genital cerrahi konusunda deneyimli sayg\u0131n kurumlar, genital gen\u00e7le\u015ftirme ve iyile\u015ftirme yolculu\u011funuz s\u0131ras\u0131nda daha fazla g\u00fcvence ve g\u00f6n\u00fcl rahatl\u0131\u011f\u0131 sa\u011flayabilir.<\/p>\n\t\t\t\t\t\t\t\t<\/div>\n\t\t\t\t<\/div>\n\t\t\t\t<div class=\"elementor-element elementor-element-9d83911 elementor-widget elementor-widget-accordion\" data-id=\"9d83911\" data-element_type=\"widget\" data-widget_type=\"accordion.default\">\n\t\t\t\t<div class=\"elementor-widget-container\">\n\t\t\t\t\t\t\t<div class=\"elementor-accordion\">\n\t\t\t\t\t\t\t<div class=\"elementor-accordion-item\">\n\t\t\t\t\t<div id=\"elementor-tab-title-1651\" class=\"elementor-tab-title\" data-tab=\"1\" role=\"button\" aria-controls=\"elementor-tab-content-1651\" aria-expanded=\"false\">\n\t\t\t\t\t\t\t\t\t\t\t\t\t<span class=\"elementor-accordion-icon elementor-accordion-icon-left\" aria-hidden=\"true\">\n\t\t\t\t\t\t\t\t\t\t\t\t\t\t\t<span class=\"elementor-accordion-icon-closed\"><svg class=\"e-font-icon-svg e-fas-plus\" viewBox=\"0 0 448 512\" xmlns=\"http:\/\/www.w3.org\/2000\/svg\"><path d=\"M416 208H272V64c0-17.67-14.33-32-32-32h-32c-17.67 0-32 14.33-32 32v144H32c-17.67 0-32 14.33-32 32v32c0 17.67 14.33 32 32 32h144v144c0 17.67 14.33 32 32 32h32c17.67 0 32-14.33 32-32V304h144c17.67 0 32-14.33 32-32v-32c0-17.67-14.33-32-32-32z\"><\/path><\/svg><\/span>\n\t\t\t\t\t\t\t\t<span class=\"elementor-accordion-icon-opened\"><svg class=\"e-font-icon-svg e-fas-minus\" viewBox=\"0 0 448 512\" xmlns=\"http:\/\/www.w3.org\/2000\/svg\"><path d=\"M416 208H32c-17.67 0-32 14.33-32 32v32c0 17.67 14.33 32 32 32h384c17.67 0 32-14.33 32-32v-32c0-17.67-14.33-32-32-32z\"><\/path><\/svg><\/span>\n\t\t\t\t\t\t\t\t\t\t\t\t\t\t<\/span>\n\t\t\t\t\t\t\t\t\t\t\t\t<a class=\"elementor-accordion-title\" tabindex=\"0\">Erkekler \u0130\u00e7in Genital Ameliyat Olmal\u0131 M\u0131y\u0131m?<\/a>\n\t\t\t\t\t<\/div>\n\t\t\t\t\t<div id=\"elementor-tab-content-1651\" class=\"elementor-tab-content elementor-clearfix\" data-tab=\"1\" role=\"region\" aria-labelledby=\"elementor-tab-title-1651\"><p>\u00d6zg\u00fcven eksikli\u011fi hissediyorsan\u0131z ve g\u00f6rsel problemleriniz varsa EVET, &#8220;Genital Estetik Ameliyat\u0131&#8221; olmal\u0131s\u0131n\u0131z.<\/p>\n<\/div>\n\t\t\t\t<\/div>\n\t\t\t\t\t\t\t<div class=\"elementor-accordion-item\">\n\t\t\t\t\t<div id=\"elementor-tab-title-1652\" class=\"elementor-tab-title\" data-tab=\"2\" role=\"button\" aria-controls=\"elementor-tab-content-1652\" aria-expanded=\"false\">\n\t\t\t\t\t\t\t\t\t\t\t\t\t<span class=\"elementor-accordion-icon elementor-accordion-icon-left\" aria-hidden=\"true\">\n\t\t\t\t\t\t\t\t\t\t\t\t\t\t\t<span class=\"elementor-accordion-icon-closed\"><svg class=\"e-font-icon-svg e-fas-plus\" viewBox=\"0 0 448 512\" xmlns=\"http:\/\/www.w3.org\/2000\/svg\"><path d=\"M416 208H272V64c0-17.67-14.33-32-32-32h-32c-17.67 0-32 14.33-32 32v144H32c-17.67 0-32 14.33-32 32v32c0 17.67 14.33 32 32 32h144v144c0 17.67 14.33 32 32 32h32c17.67 0 32-14.33 32-32V304h144c17.67 0 32-14.33 32-32v-32c0-17.67-14.33-32-32-32z\"><\/path><\/svg><\/span>\n\t\t\t\t\t\t\t\t<span class=\"elementor-accordion-icon-opened\"><svg class=\"e-font-icon-svg e-fas-minus\" viewBox=\"0 0 448 512\" xmlns=\"http:\/\/www.w3.org\/2000\/svg\"><path d=\"M416 208H32c-17.67 0-32 14.33-32 32v32c0 17.67 14.33 32 32 32h384c17.67 0 32-14.33 32-32v-32c0-17.67-14.33-32-32-32z\"><\/path><\/svg><\/span>\n\t\t\t\t\t\t\t\t\t\t\t\t\t\t<\/span>\n\t\t\t\t\t\t\t\t\t\t\t\t<a class=\"elementor-accordion-title\" tabindex=\"0\">Ameliyat \u00d6ncesi Nelere Dikkat Edilmelidir?<\/a>\n\t\t\t\t\t<\/div>\n\t\t\t\t\t<div id=\"elementor-tab-content-1652\" class=\"elementor-tab-content elementor-clearfix\" data-tab=\"2\" role=\"region\" aria-labelledby=\"elementor-tab-title-1652\"><p>T\u00fcm beklentilerinizi ve endi\u015felerinizi doktorunuzla payla\u015fman\u0131zda fayda var. Muayene s\u0131ras\u0131nda genel sa\u011fl\u0131k durumunuzla ilgili sorulacak sorular\u0131 ayr\u0131nt\u0131l\u0131 olarak yan\u0131tlamal\u0131, ge\u00e7mi\u015f hastal\u0131klar\u0131n\u0131z, kulland\u0131\u011f\u0131n\u0131z ve kullanmakta oldu\u011funuz ila\u00e7lar hakk\u0131nda doktorunuzu bilgilendirmelisiniz.<\/p>\n<\/div>\n\t\t\t\t<\/div>\n\t\t\t\t\t\t\t<div class=\"elementor-accordion-item\">\n\t\t\t\t\t<div id=\"elementor-tab-title-1653\" class=\"elementor-tab-title\" data-tab=\"3\" role=\"button\" aria-controls=\"elementor-tab-content-1653\" aria-expanded=\"false\">\n\t\t\t\t\t\t\t\t\t\t\t\t\t<span class=\"elementor-accordion-icon elementor-accordion-icon-left\" aria-hidden=\"true\">\n\t\t\t\t\t\t\t\t\t\t\t\t\t\t\t<span class=\"elementor-accordion-icon-closed\"><svg class=\"e-font-icon-svg e-fas-plus\" viewBox=\"0 0 448 512\" xmlns=\"http:\/\/www.w3.org\/2000\/svg\"><path d=\"M416 208H272V64c0-17.67-14.33-32-32-32h-32c-17.67 0-32 14.33-32 32v144H32c-17.67 0-32 14.33-32 32v32c0 17.67 14.33 32 32 32h144v144c0 17.67 14.33 32 32 32h32c17.67 0 32-14.33 32-32V304h144c17.67 0 32-14.33 32-32v-32c0-17.67-14.33-32-32-32z\"><\/path><\/svg><\/span>\n\t\t\t\t\t\t\t\t<span class=\"elementor-accordion-icon-opened\"><svg class=\"e-font-icon-svg e-fas-minus\" viewBox=\"0 0 448 512\" xmlns=\"http:\/\/www.w3.org\/2000\/svg\"><path d=\"M416 208H32c-17.67 0-32 14.33-32 32v32c0 17.67 14.33 32 32 32h384c17.67 0 32-14.33 32-32v-32c0-17.67-14.33-32-32-32z\"><\/path><\/svg><\/span>\n\t\t\t\t\t\t\t\t\t\t\t\t\t\t<\/span>\n\t\t\t\t\t\t\t\t\t\t\t\t<a class=\"elementor-accordion-title\" tabindex=\"0\">Ameliyat Nas\u0131l Devam Edecek?<\/a>\n\t\t\t\t\t<\/div>\n\t\t\t\t\t<div id=\"elementor-tab-content-1653\" class=\"elementor-tab-content elementor-clearfix\" data-tab=\"3\" role=\"region\" aria-labelledby=\"elementor-tab-title-1653\"><p>Ameliyat hastanemizde genel anestezi alt\u0131nda yap\u0131lacakt\u0131r. Ameliyat\u0131n yakla\u015f\u0131k s\u00fcresi 1-1,5 saat aras\u0131ndad\u0131r. Uygulaman\u0131n t\u00fcr\u00fcne g\u00f6re 1-2 saat i\u00e7inde taburcu olabilir ya da bir gece hastanede kalman\u0131z gerekebilir.<\/p>\n<\/div>\n\t\t\t\t<\/div>\n\t\t\t\t\t\t\t<div class=\"elementor-accordion-item\">\n\t\t\t\t\t<div id=\"elementor-tab-title-1654\" class=\"elementor-tab-title\" data-tab=\"4\" role=\"button\" aria-controls=\"elementor-tab-content-1654\" aria-expanded=\"false\">\n\t\t\t\t\t\t\t\t\t\t\t\t\t<span class=\"elementor-accordion-icon elementor-accordion-icon-left\" aria-hidden=\"true\">\n\t\t\t\t\t\t\t\t\t\t\t\t\t\t\t<span class=\"elementor-accordion-icon-closed\"><svg class=\"e-font-icon-svg e-fas-plus\" viewBox=\"0 0 448 512\" xmlns=\"http:\/\/www.w3.org\/2000\/svg\"><path d=\"M416 208H272V64c0-17.67-14.33-32-32-32h-32c-17.67 0-32 14.33-32 32v144H32c-17.67 0-32 14.33-32 32v32c0 17.67 14.33 32 32 32h144v144c0 17.67 14.33 32 32 32h32c17.67 0 32-14.33 32-32V304h144c17.67 0 32-14.33 32-32v-32c0-17.67-14.33-32-32-32z\"><\/path><\/svg><\/span>\n\t\t\t\t\t\t\t\t<span class=\"elementor-accordion-icon-opened\"><svg class=\"e-font-icon-svg e-fas-minus\" viewBox=\"0 0 448 512\" xmlns=\"http:\/\/www.w3.org\/2000\/svg\"><path d=\"M416 208H32c-17.67 0-32 14.33-32 32v32c0 17.67 14.33 32 32 32h384c17.67 0 32-14.33 32-32v-32c0-17.67-14.33-32-32-32z\"><\/path><\/svg><\/span>\n\t\t\t\t\t\t\t\t\t\t\t\t\t\t<\/span>\n\t\t\t\t\t\t\t\t\t\t\t\t<a class=\"elementor-accordion-title\" tabindex=\"0\">Ameliyat \u00d6ncesi Yap\u0131lmas\u0131 Gerekenler?<\/a>\n\t\t\t\t\t<\/div>\n\t\t\t\t\t<div id=\"elementor-tab-content-1654\" class=\"elementor-tab-content elementor-clearfix\" data-tab=\"4\" role=\"region\" aria-labelledby=\"elementor-tab-title-1654\"><p>Eskiden hayati bir hastal\u0131\u011f\u0131n\u0131z varsa, bir ameliyat ge\u00e7irdiyseniz veya d\u00fczenli kulland\u0131\u011f\u0131n\u0131z ila\u00e7lar varsa bunlar\u0131 doktorunuzla payla\u015fmal\u0131s\u0131n\u0131z. Aspirin gibi kan suland\u0131r\u0131c\u0131 ila\u00e7lar kullan\u0131yorsan\u0131z, ameliyattan \u00f6nce bunlar\u0131 kullanmay\u0131 b\u0131rakmal\u0131s\u0131n\u0131z. Ameliyata karar verildi\u011finde ve ameliyat i\u00e7in randevu al\u0131nd\u0131\u011f\u0131nda, ameliyat b\u00f6lgesinde \u00f6dem (\u015fi\u015flik) ve morluk olu\u015fmas\u0131n\u0131 \u00f6nlemek i\u00e7in ila\u00e7 tedavisine ba\u015flanacakt\u0131r. Ameliyat \u00f6ncesi testler ameliyat olaca\u011f\u0131n\u0131z hastanede yap\u0131lacakt\u0131r.<\/p>\n<\/div>\n\t\t\t\t<\/div>\n\t\t\t\t\t\t\t<div class=\"elementor-accordion-item\">\n\t\t\t\t\t<div id=\"elementor-tab-title-1655\" class=\"elementor-tab-title\" data-tab=\"5\" role=\"button\" aria-controls=\"elementor-tab-content-1655\" aria-expanded=\"false\">\n\t\t\t\t\t\t\t\t\t\t\t\t\t<span class=\"elementor-accordion-icon elementor-accordion-icon-left\" aria-hidden=\"true\">\n\t\t\t\t\t\t\t\t\t\t\t\t\t\t\t<span class=\"elementor-accordion-icon-closed\"><svg class=\"e-font-icon-svg e-fas-plus\" viewBox=\"0 0 448 512\" xmlns=\"http:\/\/www.w3.org\/2000\/svg\"><path d=\"M416 208H272V64c0-17.67-14.33-32-32-32h-32c-17.67 0-32 14.33-32 32v144H32c-17.67 0-32 14.33-32 32v32c0 17.67 14.33 32 32 32h144v144c0 17.67 14.33 32 32 32h32c17.67 0 32-14.33 32-32V304h144c17.67 0 32-14.33 32-32v-32c0-17.67-14.33-32-32-32z\"><\/path><\/svg><\/span>\n\t\t\t\t\t\t\t\t<span class=\"elementor-accordion-icon-opened\"><svg class=\"e-font-icon-svg e-fas-minus\" viewBox=\"0 0 448 512\" xmlns=\"http:\/\/www.w3.org\/2000\/svg\"><path d=\"M416 208H32c-17.67 0-32 14.33-32 32v32c0 17.67 14.33 32 32 32h384c17.67 0 32-14.33 32-32v-32c0-17.67-14.33-32-32-32z\"><\/path><\/svg><\/span>\n\t\t\t\t\t\t\t\t\t\t\t\t\t\t<\/span>\n\t\t\t\t\t\t\t\t\t\t\t\t<a class=\"elementor-accordion-title\" tabindex=\"0\">Anestezi Hakk\u0131nda Bilinmesi Gerekenler Nelerdir?<\/a>\n\t\t\t\t\t<\/div>\n\t\t\t\t\t<div id=\"elementor-tab-content-1655\" class=\"elementor-tab-content elementor-clearfix\" data-tab=\"5\" role=\"region\" aria-labelledby=\"elementor-tab-title-1655\"><p>Genital b\u00f6lge ameliyat\u0131 \u00f6ncesinde anestezi doktoru taraf\u0131ndan muayene edilecek ve bilgilendirileceksiniz. Kan suland\u0131r\u0131c\u0131 ila\u00e7lar, vitaminler ve alkol, sigara gibi anesteziyi etkileyen fakt\u00f6rler doktorunuzun \u00f6ng\u00f6rd\u00fc\u011f\u00fc tarihten itibaren kesilmelidir.<\/p>\n<\/div>\n\t\t\t\t<\/div>\n\t\t\t\t\t\t\t\t<\/div>\n\t\t\t\t\t\t<\/div>\n\t\t\t\t<\/div>\n\t\t\t\t<\/div>\n\t\t\t\t\t<\/div>\n\t\t\t\t<\/div>\n\t\t\t\t<\/div>\n\t\t","protected":false},"excerpt":{"rendered":"<p>Erkekler i\u00e7in Genital Cerrahi Nedir? Erkek genital estetik cerrahisi veya erkek genital gen\u00e7le\u015ftirme olarak da bilinen erkekler i\u00e7in genital estetik cerrahisi, erkek cinsel organ\u0131n\u0131n g\u00f6r\u00fcn\u00fcm\u00fcn\u00fc ve i\u015flevini iyile\u015ftirmeyi ama\u00e7layan \u00e7e\u015fitli cerrahi prosed\u00fcrleri kapsar. Bu prosed\u00fcrler tipik olarak nitelikli \u00fcrologlar, plastik cerrahlar veya uzman genital cerrahlar taraf\u0131ndan ger\u00e7ekle\u015ftirilir ve estetik kayg\u0131lar\u0131, i\u015flevsel sorunlar\u0131 veya t\u0131bbi durumlar\u0131 [&hellip;]<\/p>\n","protected":false},"author":1,"featured_media":0,"parent":16800,"menu_order":0,"comment_status":"closed","ping_status":"closed","template":"","meta":{"_themeisle_gutenberg_block_has_review":false,"footnotes":""},"class_list":["post-16555","page","type-page","status-publish","hentry"],"_links":{"self":[{"href":"https:\/\/www.istanbulaestheticcenter.com\/tr\/wp-json\/wp\/v2\/pages\/16555","targetHints":{"allow":["GET"]}}],"collection":[{"href":"https:\/\/www.istanbulaestheticcenter.com\/tr\/wp-json\/wp\/v2\/pages"}],"about":[{"href":"https:\/\/www.istanbulaestheticcenter.com\/tr\/wp-json\/wp\/v2\/types\/page"}],"author":[{"embeddable":true,"href":"https:\/\/www.istanbulaestheticcenter.com\/tr\/wp-json\/wp\/v2\/users\/1"}],"replies":[{"embeddable":true,"href":"https:\/\/www.istanbulaestheticcenter.com\/tr\/wp-json\/wp\/v2\/comments?post=16555"}],"version-history":[{"count":1,"href":"https:\/\/www.istanbulaestheticcenter.com\/tr\/wp-json\/wp\/v2\/pages\/16555\/revisions"}],"predecessor-version":[{"id":16556,"href":"https:\/\/www.istanbulaestheticcenter.com\/tr\/wp-json\/wp\/v2\/pages\/16555\/revisions\/16556"}],"up":[{"embeddable":true,"href":"https:\/\/www.istanbulaestheticcenter.com\/tr\/wp-json\/wp\/v2\/pages\/16800"}],"wp:attachment":[{"href":"https:\/\/www.istanbulaestheticcenter.com\/tr\/wp-json\/wp\/v2\/media?parent=16555"}],"curies":[{"name":"wp","href":"https:\/\/api.w.org\/{rel}","templated":true}]}}