{"id":16430,"date":"2024-04-20T16:56:40","date_gmt":"2024-04-20T13:56:40","guid":{"rendered":"https:\/\/www.istanbulaestheticcenter.com\/botulinum-uygulamasi\/"},"modified":"2024-04-29T21:51:50","modified_gmt":"2024-04-29T18:51:50","slug":"botulinum-uygulamasi","status":"publish","type":"page","link":"https:\/\/www.istanbulaestheticcenter.com\/tr\/medikal-estetik\/botulinum-uygulamasi\/","title":{"rendered":"Botulinum Uygulamas\u0131"},"content":{"rendered":"\t\t<div data-elementor-type=\"wp-page\" data-elementor-id=\"16430\" class=\"elementor elementor-16430 elementor-13404\">\n\t\t\t\t<div class=\"elementor-element elementor-element-e9f0f8c e-flex e-con-boxed e-con e-parent\" data-id=\"e9f0f8c\" data-element_type=\"container\">\n\t\t\t\t\t<div class=\"e-con-inner\">\n\t\t<div class=\"elementor-element elementor-element-b0db3b0 e-flex e-con-boxed e-con e-child\" data-id=\"b0db3b0\" data-element_type=\"container\">\n\t\t\t\t\t<div class=\"e-con-inner\">\n\t\t\t\t<div class=\"elementor-element elementor-element-fd8394e elementor-widget elementor-widget-image\" data-id=\"fd8394e\" data-element_type=\"widget\" data-widget_type=\"image.default\">\n\t\t\t\t<div class=\"elementor-widget-container\">\n\t\t\t\t\t\t\t\t\t\t\t\t\t\t\t<img fetchpriority=\"high\" decoding=\"async\" width=\"1024\" height=\"525\" src=\"https:\/\/www.istanbulaestheticcenter.com\/wp-content\/uploads\/2024\/04\/botox-1024x525.jpg\" class=\"attachment-large size-large wp-image-16031\" alt=\"\" srcset=\"https:\/\/www.istanbulaestheticcenter.com\/wp-content\/uploads\/2024\/04\/botox-1024x525.jpg 1024w, https:\/\/www.istanbulaestheticcenter.com\/wp-content\/uploads\/2024\/04\/botox-300x154.jpg 300w, https:\/\/www.istanbulaestheticcenter.com\/wp-content\/uploads\/2024\/04\/botox-768x394.jpg 768w, https:\/\/www.istanbulaestheticcenter.com\/wp-content\/uploads\/2024\/04\/botox-1000x513.jpg 1000w, https:\/\/www.istanbulaestheticcenter.com\/wp-content\/uploads\/2024\/04\/botox-1110x570.jpg 1110w, https:\/\/www.istanbulaestheticcenter.com\/wp-content\/uploads\/2024\/04\/botox.jpg 1120w\" sizes=\"(max-width: 1024px) 100vw, 1024px\" \/>\t\t\t\t\t\t\t\t\t\t\t\t\t\t\t<\/div>\n\t\t\t\t<\/div>\n\t\t\t\t\t<\/div>\n\t\t\t\t<\/div>\n\t\t\t\t\t<\/div>\n\t\t\t\t<\/div>\n\t\t<div class=\"elementor-element elementor-element-3f7c041 e-flex e-con-boxed e-con e-parent\" data-id=\"3f7c041\" data-element_type=\"container\">\n\t\t\t\t\t<div class=\"e-con-inner\">\n\t\t<div class=\"elementor-element elementor-element-50bb1f7 e-con-full e-flex e-con e-child\" data-id=\"50bb1f7\" data-element_type=\"container\">\n\t\t\t\t<div class=\"elementor-element elementor-element-1fc6a50 elementor-widget elementor-widget-heading\" data-id=\"1fc6a50\" data-element_type=\"widget\" data-widget_type=\"heading.default\">\n\t\t\t\t<div class=\"elementor-widget-container\">\n\t\t\t\t\t<h2 class=\"elementor-heading-title elementor-size-default\">Botulinum Uygulamas\u0131 Nedir?<\/h2>\t\t\t\t<\/div>\n\t\t\t\t<\/div>\n\t\t\t\t<div class=\"elementor-element elementor-element-a63c1e5 elementor-widget elementor-widget-text-editor\" data-id=\"a63c1e5\" data-element_type=\"widget\" data-widget_type=\"text-editor.default\">\n\t\t\t\t<div class=\"elementor-widget-container\">\n\t\t\t\t\t\t\t\t\t<p>Yayg\u0131n olarak Botoks enjeksiyonu olarak bilinen Botulinum toksin uygulamas\u0131, bunlara neden olan kaslar\u0131 ge\u00e7ici olarak gev\u015feterek y\u00fcz k\u0131r\u0131\u015f\u0131kl\u0131klar\u0131n\u0131n ve ince \u00e7izgilerin g\u00f6r\u00fcn\u00fcm\u00fcn\u00fc azaltmay\u0131 ama\u00e7layan cerrahi olmayan bir kozmetik prosed\u00fcrd\u00fcr. Botulinum toksini Clostridium botulinum bakterisinden elde edilir ve sinirler ile kaslar aras\u0131ndaki sinyalleri bloke ederek kas gev\u015femesine ve daha p\u00fcr\u00fczs\u00fcz, daha gen\u00e7 bir g\u00f6r\u00fcn\u00fcme yol a\u00e7ar.<\/p>\n<p>Botulinum toksini uygulamas\u0131n\u0131n tipik olarak nas\u0131l yap\u0131ld\u0131\u011f\u0131na dair genel bir bak\u0131\u015f:<\/p>\n<ol>\n<li>\n<p><strong>Kons\u00fcltasyon<\/strong>: Prosed\u00fcrden \u00f6nce hasta, hedeflerini, beklentilerini ve t\u0131bbi ge\u00e7mi\u015fini tart\u0131\u015fmak i\u00e7in genellikle bir dermatolog veya plastik cerrah olan nitelikli bir sa\u011fl\u0131k hizmeti sa\u011flay\u0131c\u0131s\u0131 ile bir kons\u00fcltasyon yapacakt\u0131r. Sa\u011flay\u0131c\u0131, botulinum toksin tedavisi i\u00e7in en uygun yakla\u015f\u0131m\u0131 belirlemek i\u00e7in hastan\u0131n y\u00fcz anatomisini, cilt durumunu ve endi\u015fe alanlar\u0131n\u0131 de\u011ferlendirecektir.<\/p>\n<\/li>\n<li>\n<p><strong>Enjeksiyon Tekni\u011fi<\/strong>: Prosed\u00fcr s\u0131ras\u0131nda, sa\u011flay\u0131c\u0131 ka\u015flar aras\u0131nda (ka\u015f \u00e7atma \u00e7izgileri), g\u00f6z \u00e7evresinde (kaz aya\u011f\u0131) veya al\u0131nda oldu\u011fu gibi k\u0131r\u0131\u015f\u0131kl\u0131klara ve ince \u00e7izgilere neden olan belirli kaslara k\u00fc\u00e7\u00fck miktarlarda botulinum toksini enjekte etmek i\u00e7in ince bir i\u011fne kullanacakt\u0131r. Enjeksiyonlar genellikle h\u0131zl\u0131 ve nispeten a\u011fr\u0131s\u0131zd\u0131r ve anestezi gerekmez.<\/p>\n<\/li>\n<li>\n<p><strong>Hedeflenen B\u00f6lgeler<\/strong>: Botulinum toksin enjeksiyonlar\u0131, g\u00f6zleri k\u0131smak veya ka\u015flar\u0131 \u00e7atmak gibi zaman i\u00e7inde tekrarlanan kas hareketlerinin neden oldu\u011fu dinamik k\u0131r\u0131\u015f\u0131kl\u0131klar\u0131 hedeflemek i\u00e7in yayg\u0131n olarak kullan\u0131l\u0131r. Botulinum toksini kaslar\u0131 ge\u00e7ici olarak gev\u015feterek bu k\u0131r\u0131\u015f\u0131kl\u0131klar\u0131 d\u00fczeltebilir ve daha belirgin hale gelmelerini \u00f6nleyebilir.<\/p>\n<\/li>\n<li>\n<p><strong>Sonu\u00e7lar<\/strong>: Botulinum toksin enjeksiyonlar\u0131n\u0131n etkileri tipik olarak i\u015flemden sonraki birka\u00e7 g\u00fcn ila bir hafta i\u00e7inde fark edilir hale gelir ve optimal sonu\u00e7lar iki hafta i\u00e7inde ortaya \u00e7\u0131kar. Sonu\u00e7lar tipik olarak \u00fc\u00e7 ila alt\u0131 ay s\u00fcrer, ard\u0131ndan kaslar yava\u015f yava\u015f normal i\u015flevlerini geri kazan\u0131r ve k\u0131r\u0131\u015f\u0131kl\u0131klar yava\u015f yava\u015f yeniden ortaya \u00e7\u0131kabilir. \u0130stenen sonu\u00e7lar\u0131 korumak i\u00e7in genellikle birka\u00e7 ayda bir tedavinin tekrarlanmas\u0131 \u00f6nerilir.<\/p>\n<\/li>\n<li>\n<p><strong>\u0130yile\u015fme<\/strong>: Botulinum toksin enjeksiyonlar\u0131 minimal invazivdir ve \u00e7o\u011fu hasta i\u015flemden hemen sonra normal aktivitelerine devam edebilir. Enjeksiyon b\u00f6lgelerinde hafif \u015fi\u015flik, morarma veya k\u0131zar\u0131kl\u0131k olu\u015fabilir, ancak genellikle birka\u00e7 g\u00fcn i\u00e7inde d\u00fczelir.<\/p>\n<\/li>\n<\/ol>\n\t\t\t\t\t\t\t\t<\/div>\n\t\t\t\t<\/div>\n\t\t\t\t<\/div>\n\t\t<div class=\"elementor-element elementor-element-1cd2b8e e-con-full e-flex e-con e-child\" data-id=\"1cd2b8e\" data-element_type=\"container\">\n\t\t\t\t<div class=\"elementor-element elementor-element-148211a elementor-widget elementor-widget-text-editor\" data-id=\"148211a\" data-element_type=\"widget\" data-widget_type=\"text-editor.default\">\n\t\t\t\t<div class=\"elementor-widget-container\">\n\t\t\t\t\t\t\t\t\t<p>Botulinum toksin uygulamas\u0131, y\u00fcz k\u0131r\u0131\u015f\u0131kl\u0131klar\u0131n\u0131n g\u00f6r\u00fcn\u00fcm\u00fcn\u00fc azaltmak ve daha gen\u00e7 bir g\u00f6r\u00fcn\u00fcm elde etmek i\u00e7in g\u00fcvenli ve etkili bir tedavidir. Bununla birlikte, m\u00fcmk\u00fcn olan en iyi sonucu elde etmek ve komplikasyon riskini en aza indirmek i\u00e7in botulinum toksin enjeksiyonlar\u0131n\u0131n nitelikli ve deneyimli bir sa\u011fl\u0131k hizmeti sa\u011flay\u0131c\u0131s\u0131 taraf\u0131ndan yap\u0131lmas\u0131 \u00e7ok \u00f6nemlidir. <strong> \u0130stanbul Estetik Merkezi (IAC<\/strong>) gibi botulinum toksini uygulamas\u0131nda uzmanl\u0131\u011fa sahip sayg\u0131n klinikler, kozmetik tedavi yolculu\u011funuz s\u0131ras\u0131nda daha fazla g\u00fcvence ve g\u00f6n\u00fcl rahatl\u0131\u011f\u0131 sa\u011flayabilir.<\/p>\n\t\t\t\t\t\t\t\t<\/div>\n\t\t\t\t<\/div>\n\t\t\t\t<div class=\"elementor-element elementor-element-9d83911 elementor-widget elementor-widget-accordion\" data-id=\"9d83911\" data-element_type=\"widget\" data-widget_type=\"accordion.default\">\n\t\t\t\t<div class=\"elementor-widget-container\">\n\t\t\t\t\t\t\t<div class=\"elementor-accordion\">\n\t\t\t\t\t\t\t<div class=\"elementor-accordion-item\">\n\t\t\t\t\t<div id=\"elementor-tab-title-1651\" class=\"elementor-tab-title\" data-tab=\"1\" role=\"button\" aria-controls=\"elementor-tab-content-1651\" aria-expanded=\"false\">\n\t\t\t\t\t\t\t\t\t\t\t\t\t<span class=\"elementor-accordion-icon elementor-accordion-icon-left\" aria-hidden=\"true\">\n\t\t\t\t\t\t\t\t\t\t\t\t\t\t\t<span class=\"elementor-accordion-icon-closed\"><svg class=\"e-font-icon-svg e-fas-plus\" viewBox=\"0 0 448 512\" xmlns=\"http:\/\/www.w3.org\/2000\/svg\"><path d=\"M416 208H272V64c0-17.67-14.33-32-32-32h-32c-17.67 0-32 14.33-32 32v144H32c-17.67 0-32 14.33-32 32v32c0 17.67 14.33 32 32 32h144v144c0 17.67 14.33 32 32 32h32c17.67 0 32-14.33 32-32V304h144c17.67 0 32-14.33 32-32v-32c0-17.67-14.33-32-32-32z\"><\/path><\/svg><\/span>\n\t\t\t\t\t\t\t\t<span class=\"elementor-accordion-icon-opened\"><svg class=\"e-font-icon-svg e-fas-minus\" viewBox=\"0 0 448 512\" xmlns=\"http:\/\/www.w3.org\/2000\/svg\"><path d=\"M416 208H32c-17.67 0-32 14.33-32 32v32c0 17.67 14.33 32 32 32h384c17.67 0 32-14.33 32-32v-32c0-17.67-14.33-32-32-32z\"><\/path><\/svg><\/span>\n\t\t\t\t\t\t\t\t\t\t\t\t\t\t<\/span>\n\t\t\t\t\t\t\t\t\t\t\t\t<a class=\"elementor-accordion-title\" tabindex=\"0\">Botulinum Nas\u0131l Uygulan\u0131r?<\/a>\n\t\t\t\t\t<\/div>\n\t\t\t\t\t<div id=\"elementor-tab-content-1651\" class=\"elementor-tab-content elementor-clearfix\" data-tab=\"1\" role=\"region\" aria-labelledby=\"elementor-tab-title-1651\"><p>Botulinum&#8217;un ilk etkileri 3-4 g\u00fcn i\u00e7inde g\u00f6r\u00fclmeye ba\u015flar, tam etki 7-10 g\u00fcn i\u00e7inde g\u00f6zle g\u00f6r\u00fcl\u00fcr, kal\u0131c\u0131l\u0131k s\u00fcresi ki\u015fiye ba\u011fl\u0131d\u0131r ve 4-6 ay aras\u0131nda de\u011fi\u015fir. D\u00fczenli uyguland\u0131\u011f\u0131 takdirde kal\u0131c\u0131l\u0131k s\u00fcresi uzar. Yakla\u015f\u0131k 15 dakika s\u00fcren ve ince u\u00e7lu i\u011fnelerle yap\u0131lan bu uygulama a\u011fr\u0131s\u0131z ve ac\u0131s\u0131zd\u0131r.<\/p>\n<\/div>\n\t\t\t\t<\/div>\n\t\t\t\t\t\t\t<div class=\"elementor-accordion-item\">\n\t\t\t\t\t<div id=\"elementor-tab-title-1652\" class=\"elementor-tab-title\" data-tab=\"2\" role=\"button\" aria-controls=\"elementor-tab-content-1652\" aria-expanded=\"false\">\n\t\t\t\t\t\t\t\t\t\t\t\t\t<span class=\"elementor-accordion-icon elementor-accordion-icon-left\" aria-hidden=\"true\">\n\t\t\t\t\t\t\t\t\t\t\t\t\t\t\t<span class=\"elementor-accordion-icon-closed\"><svg class=\"e-font-icon-svg e-fas-plus\" viewBox=\"0 0 448 512\" xmlns=\"http:\/\/www.w3.org\/2000\/svg\"><path d=\"M416 208H272V64c0-17.67-14.33-32-32-32h-32c-17.67 0-32 14.33-32 32v144H32c-17.67 0-32 14.33-32 32v32c0 17.67 14.33 32 32 32h144v144c0 17.67 14.33 32 32 32h32c17.67 0 32-14.33 32-32V304h144c17.67 0 32-14.33 32-32v-32c0-17.67-14.33-32-32-32z\"><\/path><\/svg><\/span>\n\t\t\t\t\t\t\t\t<span class=\"elementor-accordion-icon-opened\"><svg class=\"e-font-icon-svg e-fas-minus\" viewBox=\"0 0 448 512\" xmlns=\"http:\/\/www.w3.org\/2000\/svg\"><path d=\"M416 208H32c-17.67 0-32 14.33-32 32v32c0 17.67 14.33 32 32 32h384c17.67 0 32-14.33 32-32v-32c0-17.67-14.33-32-32-32z\"><\/path><\/svg><\/span>\n\t\t\t\t\t\t\t\t\t\t\t\t\t\t<\/span>\n\t\t\t\t\t\t\t\t\t\t\t\t<a class=\"elementor-accordion-title\" tabindex=\"0\">Botulinum Uygulamas\u0131n\u0131n Uygulama Alanlar\u0131<\/a>\n\t\t\t\t\t<\/div>\n\t\t\t\t\t<div id=\"elementor-tab-content-1652\" class=\"elementor-tab-content elementor-clearfix\" data-tab=\"2\" role=\"region\" aria-labelledby=\"elementor-tab-title-1652\"><p>G\u00f6z \u00e7evresi, Dudak \u00e7evresi, Al\u0131n, G\u00f6\u011f\u00fcs, Boyun, Ayr\u0131ca BOTUL\u0130NUM UYGULAMASI Migren tedavisinde, El, ayak ve koltuk alt\u0131 terlemelerinin tedavisinde, \u0130stemsiz kas kas\u0131lmalar\u0131nda, Tiklerin tedavisinde kullan\u0131labilir.<\/p>\n<\/div>\n\t\t\t\t<\/div>\n\t\t\t\t\t\t\t<div class=\"elementor-accordion-item\">\n\t\t\t\t\t<div id=\"elementor-tab-title-1653\" class=\"elementor-tab-title\" data-tab=\"3\" role=\"button\" aria-controls=\"elementor-tab-content-1653\" aria-expanded=\"false\">\n\t\t\t\t\t\t\t\t\t\t\t\t\t<span class=\"elementor-accordion-icon elementor-accordion-icon-left\" aria-hidden=\"true\">\n\t\t\t\t\t\t\t\t\t\t\t\t\t\t\t<span class=\"elementor-accordion-icon-closed\"><svg class=\"e-font-icon-svg e-fas-plus\" viewBox=\"0 0 448 512\" xmlns=\"http:\/\/www.w3.org\/2000\/svg\"><path d=\"M416 208H272V64c0-17.67-14.33-32-32-32h-32c-17.67 0-32 14.33-32 32v144H32c-17.67 0-32 14.33-32 32v32c0 17.67 14.33 32 32 32h144v144c0 17.67 14.33 32 32 32h32c17.67 0 32-14.33 32-32V304h144c17.67 0 32-14.33 32-32v-32c0-17.67-14.33-32-32-32z\"><\/path><\/svg><\/span>\n\t\t\t\t\t\t\t\t<span class=\"elementor-accordion-icon-opened\"><svg class=\"e-font-icon-svg e-fas-minus\" viewBox=\"0 0 448 512\" xmlns=\"http:\/\/www.w3.org\/2000\/svg\"><path d=\"M416 208H32c-17.67 0-32 14.33-32 32v32c0 17.67 14.33 32 32 32h384c17.67 0 32-14.33 32-32v-32c0-17.67-14.33-32-32-32z\"><\/path><\/svg><\/span>\n\t\t\t\t\t\t\t\t\t\t\t\t\t\t<\/span>\n\t\t\t\t\t\t\t\t\t\t\t\t<a class=\"elementor-accordion-title\" tabindex=\"0\">Botulinum Uygulamas\u0131 Sonras\u0131 Sosyal Hayata D\u00f6n\u00fc\u015f<\/a>\n\t\t\t\t\t<\/div>\n\t\t\t\t\t<div id=\"elementor-tab-content-1653\" class=\"elementor-tab-content elementor-clearfix\" data-tab=\"3\" role=\"region\" aria-labelledby=\"elementor-tab-title-1653\"><p>Sosyal hayata hemen geri d\u00f6nebilirsiniz. Nadir de olsa makyajla gizlenmeye \u00e7al\u0131\u015f\u0131lan morluklar olabilir. Hemen iyile\u015feceklerdir.<\/p>\n<\/div>\n\t\t\t\t<\/div>\n\t\t\t\t\t\t\t\t<\/div>\n\t\t\t\t\t\t<\/div>\n\t\t\t\t<\/div>\n\t\t\t\t<\/div>\n\t\t\t\t\t<\/div>\n\t\t\t\t<\/div>\n\t\t\t\t<\/div>\n\t\t","protected":false},"excerpt":{"rendered":"<p>Botulinum Uygulamas\u0131 Nedir? Yayg\u0131n olarak Botoks enjeksiyonu olarak bilinen Botulinum toksin uygulamas\u0131, bunlara neden olan kaslar\u0131 ge\u00e7ici olarak gev\u015feterek y\u00fcz k\u0131r\u0131\u015f\u0131kl\u0131klar\u0131n\u0131n ve ince \u00e7izgilerin g\u00f6r\u00fcn\u00fcm\u00fcn\u00fc azaltmay\u0131 ama\u00e7layan cerrahi olmayan bir kozmetik prosed\u00fcrd\u00fcr. Botulinum toksini Clostridium botulinum bakterisinden elde edilir ve sinirler ile kaslar aras\u0131ndaki sinyalleri bloke ederek kas gev\u015femesine ve daha p\u00fcr\u00fczs\u00fcz, daha gen\u00e7 bir [&hellip;]<\/p>\n","protected":false},"author":1,"featured_media":0,"parent":16934,"menu_order":0,"comment_status":"closed","ping_status":"closed","template":"","meta":{"_themeisle_gutenberg_block_has_review":false,"footnotes":""},"class_list":["post-16430","page","type-page","status-publish","hentry"],"_links":{"self":[{"href":"https:\/\/www.istanbulaestheticcenter.com\/tr\/wp-json\/wp\/v2\/pages\/16430","targetHints":{"allow":["GET"]}}],"collection":[{"href":"https:\/\/www.istanbulaestheticcenter.com\/tr\/wp-json\/wp\/v2\/pages"}],"about":[{"href":"https:\/\/www.istanbulaestheticcenter.com\/tr\/wp-json\/wp\/v2\/types\/page"}],"author":[{"embeddable":true,"href":"https:\/\/www.istanbulaestheticcenter.com\/tr\/wp-json\/wp\/v2\/users\/1"}],"replies":[{"embeddable":true,"href":"https:\/\/www.istanbulaestheticcenter.com\/tr\/wp-json\/wp\/v2\/comments?post=16430"}],"version-history":[{"count":4,"href":"https:\/\/www.istanbulaestheticcenter.com\/tr\/wp-json\/wp\/v2\/pages\/16430\/revisions"}],"predecessor-version":[{"id":16439,"href":"https:\/\/www.istanbulaestheticcenter.com\/tr\/wp-json\/wp\/v2\/pages\/16430\/revisions\/16439"}],"up":[{"embeddable":true,"href":"https:\/\/www.istanbulaestheticcenter.com\/tr\/wp-json\/wp\/v2\/pages\/16934"}],"wp:attachment":[{"href":"https:\/\/www.istanbulaestheticcenter.com\/tr\/wp-json\/wp\/v2\/media?parent=16430"}],"curies":[{"name":"wp","href":"https:\/\/api.w.org\/{rel}","templated":true}]}}