{"id":16415,"date":"2024-04-19T15:58:14","date_gmt":"2024-04-19T12:58:14","guid":{"rendered":"https:\/\/www.istanbulaestheticcenter.com\/sac-ekimi\/"},"modified":"2024-04-29T21:56:45","modified_gmt":"2024-04-29T18:56:45","slug":"sac-ekimi","status":"publish","type":"page","link":"https:\/\/www.istanbulaestheticcenter.com\/tr\/sac-ekimi-2\/sac-ekimi\/","title":{"rendered":"Sa\u00e7 Ekimi"},"content":{"rendered":"\t\t<div data-elementor-type=\"wp-page\" data-elementor-id=\"16415\" class=\"elementor elementor-16415 elementor-13124\">\n\t\t\t\t<div class=\"elementor-element elementor-element-e9f0f8c e-flex e-con-boxed e-con e-parent\" data-id=\"e9f0f8c\" data-element_type=\"container\">\n\t\t\t\t\t<div class=\"e-con-inner\">\n\t\t<div class=\"elementor-element elementor-element-b0db3b0 e-flex e-con-boxed e-con e-child\" data-id=\"b0db3b0\" data-element_type=\"container\">\n\t\t\t\t\t<div class=\"e-con-inner\">\n\t\t\t\t<div class=\"elementor-element elementor-element-aefcefe elementor-widget elementor-widget-image\" data-id=\"aefcefe\" data-element_type=\"widget\" data-widget_type=\"image.default\">\n\t\t\t\t<div class=\"elementor-widget-container\">\n\t\t\t\t\t\t\t\t\t\t\t\t\t\t\t<img fetchpriority=\"high\" decoding=\"async\" width=\"1110\" height=\"570\" src=\"https:\/\/www.istanbulaestheticcenter.com\/wp-content\/uploads\/2024\/04\/hair-transplant-v3-1110x570.jpg\" class=\"attachment-nd_cc_image_size_1110_570 size-nd_cc_image_size_1110_570 wp-image-15793\" alt=\"\" srcset=\"https:\/\/www.istanbulaestheticcenter.com\/wp-content\/uploads\/2024\/04\/hair-transplant-v3-1110x570.jpg 1110w, https:\/\/www.istanbulaestheticcenter.com\/wp-content\/uploads\/2024\/04\/hair-transplant-v3-300x154.jpg 300w, https:\/\/www.istanbulaestheticcenter.com\/wp-content\/uploads\/2024\/04\/hair-transplant-v3-1024x525.jpg 1024w, https:\/\/www.istanbulaestheticcenter.com\/wp-content\/uploads\/2024\/04\/hair-transplant-v3-768x394.jpg 768w, https:\/\/www.istanbulaestheticcenter.com\/wp-content\/uploads\/2024\/04\/hair-transplant-v3-1000x513.jpg 1000w, https:\/\/www.istanbulaestheticcenter.com\/wp-content\/uploads\/2024\/04\/hair-transplant-v3.jpg 1120w\" sizes=\"(max-width: 1110px) 100vw, 1110px\" \/>\t\t\t\t\t\t\t\t\t\t\t\t\t\t\t<\/div>\n\t\t\t\t<\/div>\n\t\t\t\t\t<\/div>\n\t\t\t\t<\/div>\n\t\t\t\t\t<\/div>\n\t\t\t\t<\/div>\n\t\t<div class=\"elementor-element elementor-element-cbc25af e-flex e-con-boxed e-con e-parent\" data-id=\"cbc25af\" data-element_type=\"container\">\n\t\t\t\t\t<div class=\"e-con-inner\">\n\t\t<div class=\"elementor-element elementor-element-ecadbfc e-flex e-con-boxed e-con e-child\" data-id=\"ecadbfc\" data-element_type=\"container\">\n\t\t\t\t\t<div class=\"e-con-inner\">\n\t\t\t\t<div class=\"elementor-element elementor-element-cdabcd8 elementor-widget elementor-widget-heading\" data-id=\"cdabcd8\" data-element_type=\"widget\" data-widget_type=\"heading.default\">\n\t\t\t\t<div class=\"elementor-widget-container\">\n\t\t\t\t\t<h2 class=\"elementor-heading-title elementor-size-default\">Sa\u00e7 Ekimi Hakk\u0131nda<\/h2>\t\t\t\t<\/div>\n\t\t\t\t<\/div>\n\t\t\t\t\t<\/div>\n\t\t\t\t<\/div>\n\t\t\t\t\t<\/div>\n\t\t\t\t<\/div>\n\t\t<div class=\"elementor-element elementor-element-02db0e2 e-flex e-con-boxed e-con e-parent\" data-id=\"02db0e2\" data-element_type=\"container\">\n\t\t\t\t\t<div class=\"e-con-inner\">\n\t\t\t\t<div class=\"elementor-element elementor-element-4b6ee33 elementor-widget elementor-widget-text-editor\" data-id=\"4b6ee33\" data-element_type=\"widget\" data-widget_type=\"text-editor.default\">\n\t\t\t\t<div class=\"elementor-widget-container\">\n\t\t\t\t\t\t\t\t\t<p>Sa\u00e7 ekimi, sa\u00e7lar\u0131n\u0131 kaybeden bir ki\u015finin orijinal folik\u00fcllerinden yararlanarak sa\u00e7lar\u0131n\u0131 yeniden b\u00fcy\u00fctme i\u015flemidir. Sa\u00e7 d\u00f6k\u00fclmesine diren\u00e7li b\u00f6lge olan kulak arkas\u0131ndan sa\u00e7 k\u00f6kleri al\u0131n\u0131r ve sa\u00e7s\u0131z b\u00f6lgeye nakledilir. Orijinal sa\u00e7 k\u00f6kleri kullan\u0131ld\u0131\u011f\u0131 i\u00e7in sa\u00e7lar yeniden \u00e7\u0131kar, kesilebilir ve boyanabilir.<\/p>\n<p>G\u00fcn\u00fcm\u00fczde sa\u00e7 ekimi farkl\u0131 y\u00f6ntemlerle yap\u0131labilmektedir. 1940&#8217;l\u0131 y\u0131llarda ba\u015flayan sa\u00e7 ekimi, g\u00fcn\u00fcm\u00fcze kadar bir\u00e7ok evreden ge\u00e7erek ve geli\u015ftirilerek yayg\u0131n bir \u015fekilde uygulanm\u0131\u015ft\u0131r.<\/p>\n<p>\u0130nsanl\u0131\u011f\u0131n genetik ya da ba\u015fka nedenlerle kar\u015f\u0131la\u015ft\u0131\u011f\u0131 sa\u00e7 d\u00f6k\u00fclmesine kar\u015f\u0131 her \u00e7a\u011fda yenilenen y\u00f6ntemler, \u00e7e\u015fitli doktorlar taraf\u0131ndan s\u00fcrekli geli\u015ftiriliyor. Bu iyile\u015fme, uygulama s\u00fcresinin k\u0131salmas\u0131, risk fakt\u00f6rlerinin azalmas\u0131 ve sa\u00e7 ekimi sonras\u0131 elde edilen sonu\u00e7lar\u0131n daha iyi hale gelmesini i\u00e7erir.<\/p>\n<p>Sa\u00e7 ekimi sadece sa\u00e7 d\u00f6k\u00fclmesi nedeniyle yap\u0131lmaz. Sa\u00e7 ekimi, her t\u00fcrl\u00fc kaza ve yan\u0131\u011fa ba\u011fl\u0131 olarak sa\u00e7 ve doku kayb\u0131ndan dolay\u0131 ortaya \u00e7\u0131kan sa\u00e7s\u0131z b\u00f6lgelere uygulan\u0131r.<\/p>\n<p>Sa\u00e7 ekimi uygulamas\u0131n\u0131n en verimli sonu\u00e7lar\u0131 vermesi i\u00e7in alt\u0131n kurallar vard\u0131r;<\/p>\n\t\t\t\t\t\t\t\t<\/div>\n\t\t\t\t<\/div>\n\t\t\t\t<div class=\"elementor-element elementor-element-3bbdab6 elementor-icon-list--layout-traditional elementor-list-item-link-full_width elementor-widget elementor-widget-icon-list\" data-id=\"3bbdab6\" data-element_type=\"widget\" data-widget_type=\"icon-list.default\">\n\t\t\t\t<div class=\"elementor-widget-container\">\n\t\t\t\t\t\t\t<ul class=\"elementor-icon-list-items\">\n\t\t\t\t\t\t\t<li class=\"elementor-icon-list-item\">\n\t\t\t\t\t\t\t\t\t\t\t<span class=\"elementor-icon-list-icon\">\n\t\t\t\t\t\t\t<svg aria-hidden=\"true\" class=\"e-font-icon-svg e-fas-check\" viewBox=\"0 0 512 512\" xmlns=\"http:\/\/www.w3.org\/2000\/svg\"><path d=\"M173.898 439.404l-166.4-166.4c-9.997-9.997-9.997-26.206 0-36.204l36.203-36.204c9.997-9.998 26.207-9.998 36.204 0L192 312.69 432.095 72.596c9.997-9.997 26.207-9.997 36.204 0l36.203 36.204c9.997 9.997 9.997 26.206 0 36.204l-294.4 294.401c-9.998 9.997-26.207 9.997-36.204-.001z\"><\/path><\/svg>\t\t\t\t\t\t<\/span>\n\t\t\t\t\t\t\t\t\t\t<span class=\"elementor-icon-list-text\">Sa\u00e7 ekimi bir hastanede yap\u0131lmal\u0131 ve ameliyathane ko\u015fullar\u0131 olu\u015fturulmal\u0131d\u0131r.<\/span>\n\t\t\t\t\t\t\t\t\t<\/li>\n\t\t\t\t\t\t\t\t<li class=\"elementor-icon-list-item\">\n\t\t\t\t\t\t\t\t\t\t\t<span class=\"elementor-icon-list-icon\">\n\t\t\t\t\t\t\t<svg aria-hidden=\"true\" class=\"e-font-icon-svg e-fas-thumbs-up\" viewBox=\"0 0 512 512\" xmlns=\"http:\/\/www.w3.org\/2000\/svg\"><path d=\"M104 224H24c-13.255 0-24 10.745-24 24v240c0 13.255 10.745 24 24 24h80c13.255 0 24-10.745 24-24V248c0-13.255-10.745-24-24-24zM64 472c-13.255 0-24-10.745-24-24s10.745-24 24-24 24 10.745 24 24-10.745 24-24 24zM384 81.452c0 42.416-25.97 66.208-33.277 94.548h101.723c33.397 0 59.397 27.746 59.553 58.098.084 17.938-7.546 37.249-19.439 49.197l-.11.11c9.836 23.337 8.237 56.037-9.308 79.469 8.681 25.895-.069 57.704-16.382 74.757 4.298 17.598 2.244 32.575-6.148 44.632C440.202 511.587 389.616 512 346.839 512l-2.845-.001c-48.287-.017-87.806-17.598-119.56-31.725-15.957-7.099-36.821-15.887-52.651-16.178-6.54-.12-11.783-5.457-11.783-11.998v-213.77c0-3.2 1.282-6.271 3.558-8.521 39.614-39.144 56.648-80.587 89.117-113.111 14.804-14.832 20.188-37.236 25.393-58.902C282.515 39.293 291.817 0 312 0c24 0 72 8 72 81.452z\"><\/path><\/svg>\t\t\t\t\t\t<\/span>\n\t\t\t\t\t\t\t\t\t\t<span class=\"elementor-icon-list-text\">Uygulama \u00f6ncesi ve sonras\u0131nda doktor taraf\u0131ndan \u00f6nerilen bak\u0131m ilkelerine uyulmal\u0131d\u0131r.<\/span>\n\t\t\t\t\t\t\t\t\t<\/li>\n\t\t\t\t\t\t\t\t<li class=\"elementor-icon-list-item\">\n\t\t\t\t\t\t\t\t\t\t\t<span class=\"elementor-icon-list-icon\">\n\t\t\t\t\t\t\t<svg aria-hidden=\"true\" class=\"e-font-icon-svg e-fas-dot-circle\" viewBox=\"0 0 512 512\" xmlns=\"http:\/\/www.w3.org\/2000\/svg\"><path d=\"M256 8C119.033 8 8 119.033 8 256s111.033 248 248 248 248-111.033 248-248S392.967 8 256 8zm80 248c0 44.112-35.888 80-80 80s-80-35.888-80-80 35.888-80 80-80 80 35.888 80 80z\"><\/path><\/svg>\t\t\t\t\t\t<\/span>\n\t\t\t\t\t\t\t\t\t\t<span class=\"elementor-icon-list-text\">Hasta gerekli testlerden ge\u00e7tikten sonra risk fakt\u00f6r\u00fc olu\u015fturacak durumlar ortadan kald\u0131r\u0131lmal\u0131d\u0131r.<\/span>\n\t\t\t\t\t\t\t\t\t<\/li>\n\t\t\t\t\t\t\t\t<li class=\"elementor-icon-list-item\">\n\t\t\t\t\t\t\t\t\t\t\t<span class=\"elementor-icon-list-icon\">\n\t\t\t\t\t\t\t<svg aria-hidden=\"true\" class=\"e-font-icon-svg e-fas-check\" viewBox=\"0 0 512 512\" xmlns=\"http:\/\/www.w3.org\/2000\/svg\"><path d=\"M173.898 439.404l-166.4-166.4c-9.997-9.997-9.997-26.206 0-36.204l36.203-36.204c9.997-9.998 26.207-9.998 36.204 0L192 312.69 432.095 72.596c9.997-9.997 26.207-9.997 36.204 0l36.203 36.204c9.997 9.997 9.997 26.206 0 36.204l-294.4 294.401c-9.998 9.997-26.207 9.997-36.204-.001z\"><\/path><\/svg>\t\t\t\t\t\t<\/span>\n\t\t\t\t\t\t\t\t\t\t<span class=\"elementor-icon-list-text\">Sa\u00e7 ekim teknikleri ile ilgili t\u00fcm bilgilerden haberdar olan doktor taraf\u0131ndan dikkat edilmesi gereken t\u00fcm kurallara sorunsuz bir \u015fekilde uyulmal\u0131d\u0131r.<\/span>\n\t\t\t\t\t\t\t\t\t<\/li>\n\t\t\t\t\t\t<\/ul>\n\t\t\t\t\t\t<\/div>\n\t\t\t\t<\/div>\n\t\t\t\t\t<\/div>\n\t\t\t\t<\/div>\n\t\t\t\t<\/div>\n\t\t","protected":false},"excerpt":{"rendered":"<p>Sa\u00e7 Ekimi Hakk\u0131nda Sa\u00e7 ekimi, sa\u00e7lar\u0131n\u0131 kaybeden bir ki\u015finin orijinal folik\u00fcllerinden yararlanarak sa\u00e7lar\u0131n\u0131 yeniden b\u00fcy\u00fctme i\u015flemidir. Sa\u00e7 d\u00f6k\u00fclmesine diren\u00e7li b\u00f6lge olan kulak arkas\u0131ndan sa\u00e7 k\u00f6kleri al\u0131n\u0131r ve sa\u00e7s\u0131z b\u00f6lgeye nakledilir. Orijinal sa\u00e7 k\u00f6kleri kullan\u0131ld\u0131\u011f\u0131 i\u00e7in sa\u00e7lar yeniden \u00e7\u0131kar, kesilebilir ve boyanabilir. G\u00fcn\u00fcm\u00fczde sa\u00e7 ekimi farkl\u0131 y\u00f6ntemlerle yap\u0131labilmektedir. 1940&#8217;l\u0131 y\u0131llarda ba\u015flayan sa\u00e7 ekimi, g\u00fcn\u00fcm\u00fcze kadar bir\u00e7ok [&hellip;]<\/p>\n","protected":false},"author":1,"featured_media":0,"parent":16942,"menu_order":0,"comment_status":"closed","ping_status":"closed","template":"","meta":{"_themeisle_gutenberg_block_has_review":false,"footnotes":""},"class_list":["post-16415","page","type-page","status-publish","hentry"],"_links":{"self":[{"href":"https:\/\/www.istanbulaestheticcenter.com\/tr\/wp-json\/wp\/v2\/pages\/16415","targetHints":{"allow":["GET"]}}],"collection":[{"href":"https:\/\/www.istanbulaestheticcenter.com\/tr\/wp-json\/wp\/v2\/pages"}],"about":[{"href":"https:\/\/www.istanbulaestheticcenter.com\/tr\/wp-json\/wp\/v2\/types\/page"}],"author":[{"embeddable":true,"href":"https:\/\/www.istanbulaestheticcenter.com\/tr\/wp-json\/wp\/v2\/users\/1"}],"replies":[{"embeddable":true,"href":"https:\/\/www.istanbulaestheticcenter.com\/tr\/wp-json\/wp\/v2\/comments?post=16415"}],"version-history":[{"count":1,"href":"https:\/\/www.istanbulaestheticcenter.com\/tr\/wp-json\/wp\/v2\/pages\/16415\/revisions"}],"predecessor-version":[{"id":16416,"href":"https:\/\/www.istanbulaestheticcenter.com\/tr\/wp-json\/wp\/v2\/pages\/16415\/revisions\/16416"}],"up":[{"embeddable":true,"href":"https:\/\/www.istanbulaestheticcenter.com\/tr\/wp-json\/wp\/v2\/pages\/16942"}],"wp:attachment":[{"href":"https:\/\/www.istanbulaestheticcenter.com\/tr\/wp-json\/wp\/v2\/media?parent=16415"}],"curies":[{"name":"wp","href":"https:\/\/api.w.org\/{rel}","templated":true}]}}