{"id":16413,"date":"2024-04-19T16:09:44","date_gmt":"2024-04-19T13:09:44","guid":{"rendered":"https:\/\/www.istanbulaestheticcenter.com\/fue-sac-ekimi\/"},"modified":"2024-04-29T21:56:45","modified_gmt":"2024-04-29T18:56:45","slug":"fue-sac-ekimi","status":"publish","type":"page","link":"https:\/\/www.istanbulaestheticcenter.com\/tr\/sac-ekimi-2\/fue-sac-ekimi\/","title":{"rendered":"FUE Sa\u00e7 Ekimi"},"content":{"rendered":"\t\t<div data-elementor-type=\"wp-page\" data-elementor-id=\"16413\" class=\"elementor elementor-16413 elementor-13133\">\n\t\t\t\t<div class=\"elementor-element elementor-element-76cab1a e-grid e-con-boxed e-con e-parent\" data-id=\"76cab1a\" data-element_type=\"container\">\n\t\t\t\t\t<div class=\"e-con-inner\">\n\t\t\t\t<div class=\"elementor-element elementor-element-59a8eed elementor-widget elementor-widget-beforeafter\" data-id=\"59a8eed\" data-element_type=\"widget\" data-widget_type=\"beforeafter.default\">\n\t\t\t\t<div class=\"elementor-widget-container\">\n\t\t\t\t\t\n\n<style>\n  \n#nd_elements_beforeafter_component_282 img { float:left; width:100%; }\n\n#nd_elements_beforeafter_component_282 { \nfloat: left;\nwidth: 100% !important;\nmargin: 0px !important;\npadding: 0px !important;\nposition: relative;\n}\n\n#nd_elements_beforeafter_component_282 .ui-slider-range {\nbackground-image: url(\"http:\/\/www.istanbulaestheticcenter.com\/wp-content\/uploads\/2024\/04\/hair-male-before-v3.jpg\");\nbackground-color: #000;\nz-index: 9;\nposition: absolute;\nheight: 100%;\nbackground-repeat: no-repeat;\nbackground-size: cover;\n}\n\n#nd_elements_beforeafter_component_282 .ui-slider-handle {\nbackground-color: #000;\nwidth: 4px;\nposition: absolute;\nheight: 100%;\noutline: 0px;\ncursor: ew-resize;  \n}\n\n#nd_elements_beforeafter_component_282 .ui-slider-handle:after {\ncontent: \"\";\nwidth: 40px;\nheight: 40px;\nbackground-color: #ccc;\nposition: absolute;\ntop: 50%;\nmargin-top: -20px;\nmargin-left: -18px;\nz-index: 9;\nborder-radius: 100%;\nbackground-image:url(\"http:\/\/www.istanbulaestheticcenter.com\/wp-content\/uploads\/2022\/09\/arrows.png\");\nbackground-size: 30px;\nbackground-position: center;\nbackground-repeat: no-repeat;\n}\n\n<\/style>\n\n\n<script>\njQuery( function() {\n\njQuery( \"#nd_elements_beforeafter_component_282\" ).slider({\n  value: 50,\n  orientation: \"horizontal\",\n  range: \"min\",\n  animate: true\n});\n\n} );\n<\/script>\n\n\n<div class=\"nd_elements_section nd_elements_beforeafter_component\">\n\n\t<div class=\"nd_elements_section\">\n\t\t<div id=\"nd_elements_beforeafter_component_282\">\n\t\t\t<img decoding=\"async\" src=\"http:\/\/www.istanbulaestheticcenter.com\/wp-content\/uploads\/2024\/04\/hair-male-after-v3.jpg\">\n\t\t<\/div>\n\t<\/div>\n\t\n<\/div>\t\t\t\t<\/div>\n\t\t\t\t<\/div>\n\t\t\t\t<div class=\"elementor-element elementor-element-552775d elementor-widget elementor-widget-beforeafter\" data-id=\"552775d\" data-element_type=\"widget\" data-widget_type=\"beforeafter.default\">\n\t\t\t\t<div class=\"elementor-widget-container\">\n\t\t\t\t\t\n\n<style>\n  \n#nd_elements_beforeafter_component_136 img { float:left; width:100%; }\n\n#nd_elements_beforeafter_component_136 { \nfloat: left;\nwidth: 100% !important;\nmargin: 0px !important;\npadding: 0px !important;\nposition: relative;\n}\n\n#nd_elements_beforeafter_component_136 .ui-slider-range {\nbackground-image: url(\"http:\/\/www.istanbulaestheticcenter.com\/wp-content\/uploads\/2024\/04\/hair-male-before-v2.jpg\");\nbackground-color: #000;\nz-index: 9;\nposition: absolute;\nheight: 100%;\nbackground-repeat: no-repeat;\nbackground-size: cover;\n}\n\n#nd_elements_beforeafter_component_136 .ui-slider-handle {\nbackground-color: #000;\nwidth: 4px;\nposition: absolute;\nheight: 100%;\noutline: 0px;\ncursor: ew-resize;  \n}\n\n#nd_elements_beforeafter_component_136 .ui-slider-handle:after {\ncontent: \"\";\nwidth: 40px;\nheight: 40px;\nbackground-color: #ccc;\nposition: absolute;\ntop: 50%;\nmargin-top: -20px;\nmargin-left: -18px;\nz-index: 9;\nborder-radius: 100%;\nbackground-image:url(\"http:\/\/www.istanbulaestheticcenter.com\/wp-content\/uploads\/2022\/09\/arrows.png\");\nbackground-size: 30px;\nbackground-position: center;\nbackground-repeat: no-repeat;\n}\n\n<\/style>\n\n\n<script>\njQuery( function() {\n\njQuery( \"#nd_elements_beforeafter_component_136\" ).slider({\n  value: 50,\n  orientation: \"horizontal\",\n  range: \"min\",\n  animate: true\n});\n\n} );\n<\/script>\n\n\n<div class=\"nd_elements_section nd_elements_beforeafter_component\">\n\n\t<div class=\"nd_elements_section\">\n\t\t<div id=\"nd_elements_beforeafter_component_136\">\n\t\t\t<img decoding=\"async\" src=\"http:\/\/www.istanbulaestheticcenter.com\/wp-content\/uploads\/2024\/04\/hair-male-after-v2.jpg\">\n\t\t<\/div>\n\t<\/div>\n\t\n<\/div>\t\t\t\t<\/div>\n\t\t\t\t<\/div>\n\t\t\t\t\t<\/div>\n\t\t\t\t<\/div>\n\t\t<div class=\"elementor-element elementor-element-cbc25af e-flex e-con-boxed e-con e-parent\" data-id=\"cbc25af\" data-element_type=\"container\">\n\t\t\t\t\t<div class=\"e-con-inner\">\n\t\t<div class=\"elementor-element elementor-element-ecadbfc e-flex e-con-boxed e-con e-child\" data-id=\"ecadbfc\" data-element_type=\"container\">\n\t\t\t\t\t<div class=\"e-con-inner\">\n\t\t\t\t<div class=\"elementor-element elementor-element-cdabcd8 elementor-widget elementor-widget-heading\" data-id=\"cdabcd8\" data-element_type=\"widget\" data-widget_type=\"heading.default\">\n\t\t\t\t<div class=\"elementor-widget-container\">\n\t\t\t\t\t<h2 class=\"elementor-heading-title elementor-size-default\">FUE Sa\u00e7 Ekimi<\/h2>\t\t\t\t<\/div>\n\t\t\t\t<\/div>\n\t\t\t\t\t<\/div>\n\t\t\t\t<\/div>\n\t\t\t\t\t<\/div>\n\t\t\t\t<\/div>\n\t\t<div class=\"elementor-element elementor-element-02db0e2 e-flex e-con-boxed e-con e-parent\" data-id=\"02db0e2\" data-element_type=\"container\">\n\t\t\t\t\t<div class=\"e-con-inner\">\n\t\t\t\t<div class=\"elementor-element elementor-element-4b6ee33 elementor-widget elementor-widget-text-editor\" data-id=\"4b6ee33\" data-element_type=\"widget\" data-widget_type=\"text-editor.default\">\n\t\t\t\t<div class=\"elementor-widget-container\">\n\t\t\t\t\t\t\t\t\t<p>Folik\u00fcler \u00dcnite Ekstraksiyonu (FUE), sa\u00e7 d\u00f6k\u00fclmesi veya kelli\u011fi tedavi etmek i\u00e7in kullan\u0131lan bir sa\u00e7 ekimi y\u00f6ntemidir. Tek tek sa\u00e7 k\u00f6klerinin bir don\u00f6r b\u00f6lgeden (tipik olarak kafa derisinin arkas\u0131ndan veya yanlar\u0131ndan) \u00e7\u0131kar\u0131ld\u0131\u011f\u0131 ve kel veya seyrelmi\u015f b\u00f6lgelere nakledildi\u011fi minimal invaziv bir cerrahi prosed\u00fcrd\u00fcr.<\/p>\n\t\t\t\t\t\t\t\t<\/div>\n\t\t\t\t<\/div>\n\t\t\t\t\t<\/div>\n\t\t\t\t<\/div>\n\t\t<div class=\"elementor-element elementor-element-a93cd01 e-grid e-con-boxed e-con e-parent\" data-id=\"a93cd01\" data-element_type=\"container\">\n\t\t\t\t\t<div class=\"e-con-inner\">\n\t\t\t\t<div class=\"elementor-element elementor-element-2734692 elementor-widget elementor-widget-text-editor\" data-id=\"2734692\" data-element_type=\"widget\" data-widget_type=\"text-editor.default\">\n\t\t\t\t<div class=\"elementor-widget-container\">\n\t\t\t\t\t\t\t\t\t<p>Prosed\u00fcr genel olarak \u015fu \u015fekilde i\u015flemektedir:<\/p>\n<ol>\n<li>\n<p><strong>Ekstraksiyon<\/strong>: Sa\u00e7 k\u00f6kleri, \u00f6zel bir alet, tipik olarak bir mikro z\u0131mba veya robotik bir sistem kullan\u0131larak don\u00f6r b\u00f6lgeden tek tek \u00e7\u0131kar\u0131l\u0131r. Bu folik\u00fcller genellikle folik\u00fcler \u00fcniteler olarak bilinen 1-4 sa\u00e7tan olu\u015fan do\u011fal gruplar\u0131nda \u00e7\u0131kar\u0131l\u0131r.<\/p>\n<\/li>\n<li>\n<p><strong>Don\u00f6r B\u00f6lgesinin Haz\u0131rlanmas\u0131<\/strong>: Folik\u00fcller topland\u0131ktan sonra, sa\u00e7\u0131n nakledilece\u011fi al\u0131c\u0131 b\u00f6lgede k\u00fc\u00e7\u00fck delikler a\u00e7\u0131l\u0131r.<\/p>\n<\/li>\n<li>\n<p><strong>Transplantasyon<\/strong>: \u00c7\u0131kar\u0131lan folik\u00fcller al\u0131c\u0131 b\u00f6lgelere dikkatlice implante edilir. Cerrah bunlar\u0131 sa\u00e7\u0131n do\u011fal b\u00fcy\u00fcme \u015feklini taklit edecek \u015fekilde yerle\u015ftirerek daha do\u011fal g\u00f6r\u00fcn\u00fcml\u00fc bir sonu\u00e7 elde edilmesini sa\u011flar.<\/p>\n<\/li>\n<li>\n<p><strong>\u0130yile\u015fme<\/strong>: \u0130\u015flemden sonra hem don\u00f6r hem de al\u0131c\u0131 b\u00f6lgeler zaman i\u00e7inde iyile\u015fecektir. Ekilen sa\u00e7lar i\u015flemden sonraki birka\u00e7 hafta i\u00e7inde d\u00f6k\u00fcl\u00fcr, ancak yeni sa\u00e7 b\u00fcy\u00fcmesi tipik olarak birka\u00e7 ay i\u00e7inde ba\u015flar.<\/p>\n<\/li>\n<\/ol>\n\t\t\t\t\t\t\t\t<\/div>\n\t\t\t\t<\/div>\n\t\t\t\t<div class=\"elementor-element elementor-element-80056e6 elementor-widget elementor-widget-image\" data-id=\"80056e6\" data-element_type=\"widget\" data-widget_type=\"image.default\">\n\t\t\t\t<div class=\"elementor-widget-container\">\n\t\t\t\t\t\t\t\t\t\t\t\t\t\t\t<img fetchpriority=\"high\" decoding=\"async\" width=\"768\" height=\"768\" src=\"https:\/\/www.istanbulaestheticcenter.com\/wp-content\/uploads\/2024\/04\/fue-hair-768x768.jpg\" class=\"attachment-medium_large size-medium_large wp-image-15800\" alt=\"\" srcset=\"https:\/\/www.istanbulaestheticcenter.com\/wp-content\/uploads\/2024\/04\/fue-hair-768x768.jpg 768w, https:\/\/www.istanbulaestheticcenter.com\/wp-content\/uploads\/2024\/04\/fue-hair-300x300.jpg 300w, https:\/\/www.istanbulaestheticcenter.com\/wp-content\/uploads\/2024\/04\/fue-hair-150x150.jpg 150w, https:\/\/www.istanbulaestheticcenter.com\/wp-content\/uploads\/2024\/04\/fue-hair-720x720.jpg 720w, https:\/\/www.istanbulaestheticcenter.com\/wp-content\/uploads\/2024\/04\/elementor\/thumbs\/fue-hair-qmxwuf3e0kvhp4u9q8pnzc4jq4fhsthsaaoy413zgg.jpg 800w, https:\/\/www.istanbulaestheticcenter.com\/wp-content\/uploads\/2024\/04\/elementor\/thumbs\/fue-hair-qmxwuf3955pr947c2l8zj0r3krkz5smwr4c9if73c0.jpg 400w, https:\/\/www.istanbulaestheticcenter.com\/wp-content\/uploads\/2024\/04\/elementor\/thumbs\/fue-hair-qmxwuf3ad0i6v4d2hi45n3lgm3sltjummwxfntobd4.jpg 500w, https:\/\/www.istanbulaestheticcenter.com\/wp-content\/uploads\/2024\/04\/fue-hair.jpg 1024w\" sizes=\"(max-width: 768px) 100vw, 768px\" \/>\t\t\t\t\t\t\t\t\t\t\t\t\t\t\t<\/div>\n\t\t\t\t<\/div>\n\t\t\t\t\t<\/div>\n\t\t\t\t<\/div>\n\t\t<div class=\"elementor-element elementor-element-1a663d2 e-grid e-con-boxed e-con e-parent\" data-id=\"1a663d2\" data-element_type=\"container\">\n\t\t\t\t\t<div class=\"e-con-inner\">\n\t\t\t\t<div class=\"elementor-element elementor-element-27a77e2 elementor-widget elementor-widget-beforeafter\" data-id=\"27a77e2\" data-element_type=\"widget\" data-widget_type=\"beforeafter.default\">\n\t\t\t\t<div class=\"elementor-widget-container\">\n\t\t\t\t\t\n\n<style>\n  \n#nd_elements_beforeafter_component_702 img { float:left; width:100%; }\n\n#nd_elements_beforeafter_component_702 { \nfloat: left;\nwidth: 100% !important;\nmargin: 0px !important;\npadding: 0px !important;\nposition: relative;\n}\n\n#nd_elements_beforeafter_component_702 .ui-slider-range {\nbackground-image: url(\"http:\/\/www.istanbulaestheticcenter.com\/wp-content\/uploads\/2024\/04\/hair-male-before-v1.jpg\");\nbackground-color: #000;\nz-index: 9;\nposition: absolute;\nheight: 100%;\nbackground-repeat: no-repeat;\nbackground-size: cover;\n}\n\n#nd_elements_beforeafter_component_702 .ui-slider-handle {\nbackground-color: #000;\nwidth: 4px;\nposition: absolute;\nheight: 100%;\noutline: 0px;\ncursor: ew-resize;  \n}\n\n#nd_elements_beforeafter_component_702 .ui-slider-handle:after {\ncontent: \"\";\nwidth: 40px;\nheight: 40px;\nbackground-color: #ccc;\nposition: absolute;\ntop: 50%;\nmargin-top: -20px;\nmargin-left: -18px;\nz-index: 9;\nborder-radius: 100%;\nbackground-image:url(\"http:\/\/www.istanbulaestheticcenter.com\/wp-content\/uploads\/2022\/09\/arrows.png\");\nbackground-size: 30px;\nbackground-position: center;\nbackground-repeat: no-repeat;\n}\n\n<\/style>\n\n\n<script>\njQuery( function() {\n\njQuery( \"#nd_elements_beforeafter_component_702\" ).slider({\n  value: 50,\n  orientation: \"horizontal\",\n  range: \"min\",\n  animate: true\n});\n\n} );\n<\/script>\n\n\n<div class=\"nd_elements_section nd_elements_beforeafter_component\">\n\n\t<div class=\"nd_elements_section\">\n\t\t<div id=\"nd_elements_beforeafter_component_702\">\n\t\t\t<img decoding=\"async\" src=\"http:\/\/www.istanbulaestheticcenter.com\/wp-content\/uploads\/2024\/04\/hair-male-after-v1.jpg\">\n\t\t<\/div>\n\t<\/div>\n\t\n<\/div>\t\t\t\t<\/div>\n\t\t\t\t<\/div>\n\t\t<div class=\"elementor-element elementor-element-6bb1eee e-grid e-con-boxed e-con e-child\" data-id=\"6bb1eee\" data-element_type=\"container\">\n\t\t\t\t\t<div class=\"e-con-inner\">\n\t\t\t\t<div class=\"elementor-element elementor-element-dd72775 elementor-widget elementor-widget-text-editor\" data-id=\"dd72775\" data-element_type=\"widget\" data-widget_type=\"text-editor.default\">\n\t\t\t\t<div class=\"elementor-widget-container\">\n\t\t\t\t\t\t\t\t\t<p>FUE, Folik\u00fcler \u00dcnite Transplantasyonu (FUT) gibi geleneksel sa\u00e7 ekimi y\u00f6ntemlerine g\u00f6re \u00e7e\u015fitli avantajlara sahiptir. Do\u011frusal bir kesi gerektirmez, bu da don\u00f6r b\u00f6lgede do\u011frusal bir yara izi olmad\u0131\u011f\u0131 anlam\u0131na gelir, bu da onu daha az invaziv hale getirir ve daha h\u0131zl\u0131 iyile\u015fmeye izin verir. Ayr\u0131ca, FUE tek tek folik\u00fcllerin toplanmas\u0131na izin vererek, s\u0131n\u0131rl\u0131 don\u00f6r kayna\u011f\u0131 olan veya sa\u00e7lar\u0131n\u0131 \u00e7ok k\u0131sa tutmak isteyen hastalar i\u00e7in uygun hale getirir.<\/p>\n<p>Bununla birlikte, m\u00fcmk\u00fcn olan en iyi sonucu elde etmek i\u00e7in FUE prosed\u00fcrlerinde uzmanla\u015fm\u0131\u015f nitelikli ve deneyimli bir cerraha dan\u0131\u015fmak \u00e7ok \u00f6nemlidir. <strong>\u0130stanbul Estetik Merkezi (IAC<\/strong>) gibi ba\u015far\u0131l\u0131 FUE ameliyatlar\u0131 ge\u00e7mi\u015fine sahip sayg\u0131n bir kurumdan tedavi almak, daha fazla g\u00fcvence ve g\u00f6n\u00fcl rahatl\u0131\u011f\u0131 sa\u011flayabilir.<\/p>\n\t\t\t\t\t\t\t\t<\/div>\n\t\t\t\t<\/div>\n\t\t\t\t<div class=\"elementor-element elementor-element-d7d8104 elementor-widget elementor-widget-text-editor\" data-id=\"d7d8104\" data-element_type=\"widget\" data-widget_type=\"text-editor.default\">\n\t\t\t\t<div class=\"elementor-widget-container\">\n\t\t\t\t\t\t\t\t\t<h4><strong>Sa\u00e7 Ekimi Sonras\u0131 Sosyal Aktivitelere Ne Zaman D\u00f6nebilirim?<\/strong><\/h4>\n<p>Daha \u00f6nce a\u00e7\u0131kland\u0131\u011f\u0131 gibi, hasta ilk iki hafta i\u00e7inde nakledilen alan ve y\u00fcz \u00e7evresinde hafif bir \u015fi\u015flik bekleyebilir, bu \u00e7o\u011funlukla a\u011fr\u0131s\u0131zd\u0131r ancak rahats\u0131z edicidir.<\/p>\n<p>Nakilden 5 g\u00fcn sonra \u015fi\u015flik kaybolmu\u015f olabilir ve art\u0131k ba\u015fkalar\u0131 taraf\u0131ndan g\u00f6r\u00fclmeyecektir. Al\u0131c\u0131 b\u00f6lgedeki k\u00fc\u00e7\u00fck kabuklar 10 g\u00fcn sonra \u00e7\u00f6z\u00fclebilece\u011finden, i\u015flemden sonra iki haftal\u0131k (14 hafta i\u00e7i) bir s\u00fcre sosyal aktivitelere geri d\u00f6nmek i\u00e7in uygun bir zaman olacakt\u0131r.<\/p>\n\t\t\t\t\t\t\t\t<\/div>\n\t\t\t\t<\/div>\n\t\t\t\t\t<\/div>\n\t\t\t\t<\/div>\n\t\t\t\t\t<\/div>\n\t\t\t\t<\/div>\n\t\t\t\t<\/div>\n\t\t","protected":false},"excerpt":{"rendered":"<p>FUE Sa\u00e7 Ekimi Folik\u00fcler \u00dcnite Ekstraksiyonu (FUE), sa\u00e7 d\u00f6k\u00fclmesi veya kelli\u011fi tedavi etmek i\u00e7in kullan\u0131lan bir sa\u00e7 ekimi y\u00f6ntemidir. Tek tek sa\u00e7 k\u00f6klerinin bir don\u00f6r b\u00f6lgeden (tipik olarak kafa derisinin arkas\u0131ndan veya yanlar\u0131ndan) \u00e7\u0131kar\u0131ld\u0131\u011f\u0131 ve kel veya seyrelmi\u015f b\u00f6lgelere nakledildi\u011fi minimal invaziv bir cerrahi prosed\u00fcrd\u00fcr. Prosed\u00fcr genel olarak \u015fu \u015fekilde i\u015flemektedir: Ekstraksiyon: Sa\u00e7 k\u00f6kleri, \u00f6zel [&hellip;]<\/p>\n","protected":false},"author":1,"featured_media":0,"parent":16942,"menu_order":0,"comment_status":"closed","ping_status":"closed","template":"","meta":{"_themeisle_gutenberg_block_has_review":false,"footnotes":""},"class_list":["post-16413","page","type-page","status-publish","hentry"],"_links":{"self":[{"href":"https:\/\/www.istanbulaestheticcenter.com\/tr\/wp-json\/wp\/v2\/pages\/16413","targetHints":{"allow":["GET"]}}],"collection":[{"href":"https:\/\/www.istanbulaestheticcenter.com\/tr\/wp-json\/wp\/v2\/pages"}],"about":[{"href":"https:\/\/www.istanbulaestheticcenter.com\/tr\/wp-json\/wp\/v2\/types\/page"}],"author":[{"embeddable":true,"href":"https:\/\/www.istanbulaestheticcenter.com\/tr\/wp-json\/wp\/v2\/users\/1"}],"replies":[{"embeddable":true,"href":"https:\/\/www.istanbulaestheticcenter.com\/tr\/wp-json\/wp\/v2\/comments?post=16413"}],"version-history":[{"count":1,"href":"https:\/\/www.istanbulaestheticcenter.com\/tr\/wp-json\/wp\/v2\/pages\/16413\/revisions"}],"predecessor-version":[{"id":16414,"href":"https:\/\/www.istanbulaestheticcenter.com\/tr\/wp-json\/wp\/v2\/pages\/16413\/revisions\/16414"}],"up":[{"embeddable":true,"href":"https:\/\/www.istanbulaestheticcenter.com\/tr\/wp-json\/wp\/v2\/pages\/16942"}],"wp:attachment":[{"href":"https:\/\/www.istanbulaestheticcenter.com\/tr\/wp-json\/wp\/v2\/media?parent=16413"}],"curies":[{"name":"wp","href":"https:\/\/api.w.org\/{rel}","templated":true}]}}