{"id":16407,"date":"2024-04-19T16:42:08","date_gmt":"2024-04-19T13:42:08","guid":{"rendered":"https:\/\/www.istanbulaestheticcenter.com\/dhi-sac-ekimi\/"},"modified":"2024-04-29T21:56:45","modified_gmt":"2024-04-29T18:56:45","slug":"dhi-sac-ekimi","status":"publish","type":"page","link":"https:\/\/www.istanbulaestheticcenter.com\/tr\/sac-ekimi-2\/dhi-sac-ekimi\/","title":{"rendered":"DHI Sa\u00e7 Ekimi"},"content":{"rendered":"\t\t<div data-elementor-type=\"wp-page\" data-elementor-id=\"16407\" class=\"elementor elementor-16407 elementor-13159\">\n\t\t\t\t<div class=\"elementor-element elementor-element-76cab1a e-grid e-con-boxed e-con e-parent\" data-id=\"76cab1a\" data-element_type=\"container\">\n\t\t\t\t\t<div class=\"e-con-inner\">\n\t\t\t\t<div class=\"elementor-element elementor-element-59a8eed elementor-widget elementor-widget-beforeafter\" data-id=\"59a8eed\" data-element_type=\"widget\" data-widget_type=\"beforeafter.default\">\n\t\t\t\t<div class=\"elementor-widget-container\">\n\t\t\t\t\t\n\n<style>\n  \n#nd_elements_beforeafter_component_201 img { float:left; width:100%; }\n\n#nd_elements_beforeafter_component_201 { \nfloat: left;\nwidth: 100% !important;\nmargin: 0px !important;\npadding: 0px !important;\nposition: relative;\n}\n\n#nd_elements_beforeafter_component_201 .ui-slider-range {\nbackground-image: url(\"http:\/\/www.istanbulaestheticcenter.com\/wp-content\/uploads\/2024\/04\/hair-male-before-v4.jpg\");\nbackground-color: #000;\nz-index: 9;\nposition: absolute;\nheight: 100%;\nbackground-repeat: no-repeat;\nbackground-size: cover;\n}\n\n#nd_elements_beforeafter_component_201 .ui-slider-handle {\nbackground-color: #000;\nwidth: 4px;\nposition: absolute;\nheight: 100%;\noutline: 0px;\ncursor: ew-resize;  \n}\n\n#nd_elements_beforeafter_component_201 .ui-slider-handle:after {\ncontent: \"\";\nwidth: 40px;\nheight: 40px;\nbackground-color: #ccc;\nposition: absolute;\ntop: 50%;\nmargin-top: -20px;\nmargin-left: -18px;\nz-index: 9;\nborder-radius: 100%;\nbackground-image:url(\"http:\/\/www.istanbulaestheticcenter.com\/wp-content\/uploads\/2022\/09\/arrows.png\");\nbackground-size: 30px;\nbackground-position: center;\nbackground-repeat: no-repeat;\n}\n\n<\/style>\n\n\n<script>\njQuery( function() {\n\njQuery( \"#nd_elements_beforeafter_component_201\" ).slider({\n  value: 50,\n  orientation: \"horizontal\",\n  range: \"min\",\n  animate: true\n});\n\n} );\n<\/script>\n\n\n<div class=\"nd_elements_section nd_elements_beforeafter_component\">\n\n\t<div class=\"nd_elements_section\">\n\t\t<div id=\"nd_elements_beforeafter_component_201\">\n\t\t\t<img decoding=\"async\" src=\"http:\/\/www.istanbulaestheticcenter.com\/wp-content\/uploads\/2024\/04\/hair-male-after-v4.jpg\">\n\t\t<\/div>\n\t<\/div>\n\t\n<\/div>\t\t\t\t<\/div>\n\t\t\t\t<\/div>\n\t\t\t\t<div class=\"elementor-element elementor-element-552775d elementor-widget elementor-widget-beforeafter\" data-id=\"552775d\" data-element_type=\"widget\" data-widget_type=\"beforeafter.default\">\n\t\t\t\t<div class=\"elementor-widget-container\">\n\t\t\t\t\t\n\n<style>\n  \n#nd_elements_beforeafter_component_316 img { float:left; width:100%; }\n\n#nd_elements_beforeafter_component_316 { \nfloat: left;\nwidth: 100% !important;\nmargin: 0px !important;\npadding: 0px !important;\nposition: relative;\n}\n\n#nd_elements_beforeafter_component_316 .ui-slider-range {\nbackground-image: url(\"http:\/\/www.istanbulaestheticcenter.com\/wp-content\/uploads\/2024\/04\/hair-male-before-v5.jpg\");\nbackground-color: #000;\nz-index: 9;\nposition: absolute;\nheight: 100%;\nbackground-repeat: no-repeat;\nbackground-size: cover;\n}\n\n#nd_elements_beforeafter_component_316 .ui-slider-handle {\nbackground-color: #000;\nwidth: 4px;\nposition: absolute;\nheight: 100%;\noutline: 0px;\ncursor: ew-resize;  \n}\n\n#nd_elements_beforeafter_component_316 .ui-slider-handle:after {\ncontent: \"\";\nwidth: 40px;\nheight: 40px;\nbackground-color: #ccc;\nposition: absolute;\ntop: 50%;\nmargin-top: -20px;\nmargin-left: -18px;\nz-index: 9;\nborder-radius: 100%;\nbackground-image:url(\"http:\/\/www.istanbulaestheticcenter.com\/wp-content\/uploads\/2022\/09\/arrows.png\");\nbackground-size: 30px;\nbackground-position: center;\nbackground-repeat: no-repeat;\n}\n\n<\/style>\n\n\n<script>\njQuery( function() {\n\njQuery( \"#nd_elements_beforeafter_component_316\" ).slider({\n  value: 50,\n  orientation: \"horizontal\",\n  range: \"min\",\n  animate: true\n});\n\n} );\n<\/script>\n\n\n<div class=\"nd_elements_section nd_elements_beforeafter_component\">\n\n\t<div class=\"nd_elements_section\">\n\t\t<div id=\"nd_elements_beforeafter_component_316\">\n\t\t\t<img decoding=\"async\" src=\"http:\/\/www.istanbulaestheticcenter.com\/wp-content\/uploads\/2024\/04\/hair-male-after-v5.jpg\">\n\t\t<\/div>\n\t<\/div>\n\t\n<\/div>\t\t\t\t<\/div>\n\t\t\t\t<\/div>\n\t\t\t\t\t<\/div>\n\t\t\t\t<\/div>\n\t\t<div class=\"elementor-element elementor-element-cbc25af e-flex e-con-boxed e-con e-parent\" data-id=\"cbc25af\" data-element_type=\"container\">\n\t\t\t\t\t<div class=\"e-con-inner\">\n\t\t<div class=\"elementor-element elementor-element-ecadbfc e-flex e-con-boxed e-con e-child\" data-id=\"ecadbfc\" data-element_type=\"container\">\n\t\t\t\t\t<div class=\"e-con-inner\">\n\t\t\t\t<div class=\"elementor-element elementor-element-cdabcd8 elementor-widget elementor-widget-heading\" data-id=\"cdabcd8\" data-element_type=\"widget\" data-widget_type=\"heading.default\">\n\t\t\t\t<div class=\"elementor-widget-container\">\n\t\t\t\t\t<h2 class=\"elementor-heading-title elementor-size-default\">DHI Sa\u00e7 Ekimi<\/h2>\t\t\t\t<\/div>\n\t\t\t\t<\/div>\n\t\t\t\t\t<\/div>\n\t\t\t\t<\/div>\n\t\t\t\t\t<\/div>\n\t\t\t\t<\/div>\n\t\t<div class=\"elementor-element elementor-element-02db0e2 e-flex e-con-boxed e-con e-parent\" data-id=\"02db0e2\" data-element_type=\"container\">\n\t\t\t\t\t<div class=\"e-con-inner\">\n\t\t\t\t<div class=\"elementor-element elementor-element-4b6ee33 elementor-widget elementor-widget-text-editor\" data-id=\"4b6ee33\" data-element_type=\"widget\" data-widget_type=\"text-editor.default\">\n\t\t\t\t<div class=\"elementor-widget-container\">\n\t\t\t\t\t\t\t\t\t<p>Do\u011frudan Sa\u00e7 Ekimi (DHI), FUE&#8217;ye benzeyen ancak teknikte baz\u0131 \u00f6nemli farkl\u0131l\u0131klar olan ba\u015fka bir sa\u00e7 ekimi y\u00f6ntemidir.<\/p>\n\t\t\t\t\t\t\t\t<\/div>\n\t\t\t\t<\/div>\n\t\t\t\t\t<\/div>\n\t\t\t\t<\/div>\n\t\t<div class=\"elementor-element elementor-element-a93cd01 e-grid e-con-boxed e-con e-parent\" data-id=\"a93cd01\" data-element_type=\"container\">\n\t\t\t\t\t<div class=\"e-con-inner\">\n\t\t\t\t<div class=\"elementor-element elementor-element-2734692 elementor-widget elementor-widget-text-editor\" data-id=\"2734692\" data-element_type=\"widget\" data-widget_type=\"text-editor.default\">\n\t\t\t\t<div class=\"elementor-widget-container\">\n\t\t\t\t\t\t\t\t\t<p>DHI&#8217;de s\u00fcre\u00e7 \u015funlar\u0131 i\u00e7erir:<\/p>\n<ol>\n<li>\n<p><strong>Ekstraksiyon<\/strong>: FUE gibi, tek tek sa\u00e7 k\u00f6kleri kafa derisinin don\u00f6r b\u00f6lgesinden, tipik olarak arka veya yanlardan \u00e7\u0131kar\u0131l\u0131r.<\/p>\n<\/li>\n<li>\n<p><strong>\u0130mplantasyon<\/strong>: Ancak DHI&#8217;de implantasyon s\u00fcreci farkl\u0131l\u0131k g\u00f6sterir. Folik\u00fclleri implante etmeden \u00f6nce kafa derisinde al\u0131c\u0131 b\u00f6lgeler olu\u015fturmak yerine DHI, Choi implanter kalemi ad\u0131 verilen \u00f6zel bir ara\u00e7 kullan\u0131r. Bu kalem, ayn\u0131 anda al\u0131c\u0131 b\u00f6lgeyi olu\u015fturan ve hasat edilen sa\u00e7 folik\u00fcl\u00fcn\u00fc kafa derisine yerle\u015ftiren i\u00e7i bo\u015f bir i\u011fneye sahiptir.<\/p>\n<\/li>\n<li>\n<p>Kesilere <strong>Gerek Yok<\/strong>: Ekimden \u00f6nce al\u0131c\u0131 b\u00f6lgelerin yap\u0131ld\u0131\u011f\u0131 FUE&#8217;den farkl\u0131 olarak DHI, \u00f6nceden yap\u0131lm\u0131\u015f kesilere ihtiya\u00e7 duymadan sa\u00e7\u0131 do\u011frudan implante eder. Bu, potansiyel olarak daha h\u0131zl\u0131 iyile\u015fme s\u00fcreleri ve kafa derisinde daha az travma ile sonu\u00e7lanabilir.<\/p>\n<\/li>\n<\/ol>\n\t\t\t\t\t\t\t\t<\/div>\n\t\t\t\t<\/div>\n\t\t\t\t<div class=\"elementor-element elementor-element-80056e6 elementor-widget elementor-widget-image\" data-id=\"80056e6\" data-element_type=\"widget\" data-widget_type=\"image.default\">\n\t\t\t\t<div class=\"elementor-widget-container\">\n\t\t\t\t\t\t\t\t\t\t\t\t\t\t\t<img fetchpriority=\"high\" decoding=\"async\" width=\"768\" height=\"768\" src=\"https:\/\/www.istanbulaestheticcenter.com\/wp-content\/uploads\/2024\/04\/DHI-hair-768x768.jpg\" class=\"attachment-medium_large size-medium_large wp-image-15849\" alt=\"\" srcset=\"https:\/\/www.istanbulaestheticcenter.com\/wp-content\/uploads\/2024\/04\/DHI-hair-768x768.jpg 768w, https:\/\/www.istanbulaestheticcenter.com\/wp-content\/uploads\/2024\/04\/DHI-hair-300x300.jpg 300w, https:\/\/www.istanbulaestheticcenter.com\/wp-content\/uploads\/2024\/04\/DHI-hair-150x150.jpg 150w, https:\/\/www.istanbulaestheticcenter.com\/wp-content\/uploads\/2024\/04\/DHI-hair-720x720.jpg 720w, https:\/\/www.istanbulaestheticcenter.com\/wp-content\/uploads\/2024\/04\/DHI-hair.jpg 1024w\" sizes=\"(max-width: 768px) 100vw, 768px\" \/>\t\t\t\t\t\t\t\t\t\t\t\t\t\t\t<\/div>\n\t\t\t\t<\/div>\n\t\t\t\t\t<\/div>\n\t\t\t\t<\/div>\n\t\t<div class=\"elementor-element elementor-element-1a663d2 e-grid e-con-boxed e-con e-parent\" data-id=\"1a663d2\" data-element_type=\"container\">\n\t\t\t\t\t<div class=\"e-con-inner\">\n\t\t<div class=\"elementor-element elementor-element-6bb1eee e-grid e-con-boxed e-con e-child\" data-id=\"6bb1eee\" data-element_type=\"container\">\n\t\t\t\t\t<div class=\"e-con-inner\">\n\t\t\t\t<div class=\"elementor-element elementor-element-dd72775 elementor-widget elementor-widget-text-editor\" data-id=\"dd72775\" data-element_type=\"widget\" data-widget_type=\"text-editor.default\">\n\t\t\t\t<div class=\"elementor-widget-container\">\n\t\t\t\t\t\t\t\t\t<p>DHI genellikle geleneksel FUE&#8217;ye k\u0131yasla daha geli\u015fmi\u015f ve hassas bir teknik olarak pazarlanmaktad\u0131r. DHI&#8217;nin iddia edilen baz\u0131 faydalar\u0131 \u015funlard\u0131r:<\/p>\n<ul>\n<li>\n<p><strong>Daha Y\u00fcksek Greft Sa\u011fkal\u0131m Oran\u0131<\/strong>: DHI savunucular\u0131, Choi implanter kaleminin implante edilen folik\u00fcllerin a\u00e7\u0131s\u0131, y\u00f6n\u00fc ve derinli\u011fi \u00fczerinde daha iyi kontrol sa\u011flad\u0131\u011f\u0131n\u0131 ve potansiyel olarak nakledilen sa\u00e7lar\u0131n daha y\u00fcksek bir hayatta kalma oran\u0131na yol a\u00e7t\u0131\u011f\u0131n\u0131 \u00f6ne s\u00fcrmektedir.<\/p>\n<\/li>\n<li>\n<p><strong>Do\u011fal Sonu\u00e7lar<\/strong>: \u0130mplantasyon Choi implanter kullan\u0131larak hassas bir \u015fekilde yap\u0131ld\u0131\u011f\u0131ndan, DHI sonu\u00e7lar\u0131n\u0131n daha do\u011fal g\u00f6r\u00fcnebilece\u011fini savunanlar vard\u0131r.<\/p>\n<\/li>\n<li>\n<p><strong>Daha H\u0131zl\u0131 \u0130y<\/strong>ile\u015fme: Do\u011frudan implantasyon y\u00f6ntemini savunanlar, geleneksel FUE&#8217;ye k\u0131yasla iyile\u015fme s\u00fcrelerinin daha h\u0131zl\u0131 olabilece\u011fini \u00f6ne s\u00fcrmektedir.<\/p>\n<\/li>\n<\/ul>\n\t\t\t\t\t\t\t\t<\/div>\n\t\t\t\t<\/div>\n\t\t\t\t\t<\/div>\n\t\t\t\t<\/div>\n\t\t\t\t<div class=\"elementor-element elementor-element-a531e5f elementor-widget elementor-widget-text-editor\" data-id=\"a531e5f\" data-element_type=\"widget\" data-widget_type=\"text-editor.default\">\n\t\t\t\t<div class=\"elementor-widget-container\">\n\t\t\t\t\t\t\t\t\t<p>Bununla birlikte, m\u00fcmk\u00fcn olan en iyi sonucu elde etmek i\u00e7in DHI prosed\u00fcrlerinde uzmanla\u015fm\u0131\u015f nitelikli ve deneyimli bir cerraha dan\u0131\u015fmak \u00e7ok \u00f6nemlidir. <strong>\u0130stanbul Estetik Merkezi (IAC<\/strong>) gibi ba\u015far\u0131l\u0131 DHI ameliyatlar\u0131 ge\u00e7mi\u015fine sahip sayg\u0131n bir kurumdan tedavi almak, daha fazla g\u00fcvence ve g\u00f6n\u00fcl rahatl\u0131\u011f\u0131 sa\u011flayabilir.<\/p>\n\t\t\t\t\t\t\t\t<\/div>\n\t\t\t\t<\/div>\n\t\t\t\t\t<\/div>\n\t\t\t\t<\/div>\n\t\t\t\t<\/div>\n\t\t","protected":false},"excerpt":{"rendered":"<p>DHI Sa\u00e7 Ekimi Do\u011frudan Sa\u00e7 Ekimi (DHI), FUE&#8217;ye benzeyen ancak teknikte baz\u0131 \u00f6nemli farkl\u0131l\u0131klar olan ba\u015fka bir sa\u00e7 ekimi y\u00f6ntemidir. DHI&#8217;de s\u00fcre\u00e7 \u015funlar\u0131 i\u00e7erir: Ekstraksiyon: FUE gibi, tek tek sa\u00e7 k\u00f6kleri kafa derisinin don\u00f6r b\u00f6lgesinden, tipik olarak arka veya yanlardan \u00e7\u0131kar\u0131l\u0131r. \u0130mplantasyon: Ancak DHI&#8217;de implantasyon s\u00fcreci farkl\u0131l\u0131k g\u00f6sterir. Folik\u00fclleri implante etmeden \u00f6nce kafa derisinde al\u0131c\u0131 [&hellip;]<\/p>\n","protected":false},"author":1,"featured_media":0,"parent":16942,"menu_order":0,"comment_status":"closed","ping_status":"closed","template":"","meta":{"_themeisle_gutenberg_block_has_review":false,"footnotes":""},"class_list":["post-16407","page","type-page","status-publish","hentry"],"_links":{"self":[{"href":"https:\/\/www.istanbulaestheticcenter.com\/tr\/wp-json\/wp\/v2\/pages\/16407","targetHints":{"allow":["GET"]}}],"collection":[{"href":"https:\/\/www.istanbulaestheticcenter.com\/tr\/wp-json\/wp\/v2\/pages"}],"about":[{"href":"https:\/\/www.istanbulaestheticcenter.com\/tr\/wp-json\/wp\/v2\/types\/page"}],"author":[{"embeddable":true,"href":"https:\/\/www.istanbulaestheticcenter.com\/tr\/wp-json\/wp\/v2\/users\/1"}],"replies":[{"embeddable":true,"href":"https:\/\/www.istanbulaestheticcenter.com\/tr\/wp-json\/wp\/v2\/comments?post=16407"}],"version-history":[{"count":1,"href":"https:\/\/www.istanbulaestheticcenter.com\/tr\/wp-json\/wp\/v2\/pages\/16407\/revisions"}],"predecessor-version":[{"id":16410,"href":"https:\/\/www.istanbulaestheticcenter.com\/tr\/wp-json\/wp\/v2\/pages\/16407\/revisions\/16410"}],"up":[{"embeddable":true,"href":"https:\/\/www.istanbulaestheticcenter.com\/tr\/wp-json\/wp\/v2\/pages\/16942"}],"wp:attachment":[{"href":"https:\/\/www.istanbulaestheticcenter.com\/tr\/wp-json\/wp\/v2\/media?parent=16407"}],"curies":[{"name":"wp","href":"https:\/\/api.w.org\/{rel}","templated":true}]}}