{"id":16395,"date":"2024-04-20T02:18:29","date_gmt":"2024-04-19T23:18:29","guid":{"rendered":"https:\/\/www.istanbulaestheticcenter.com\/boyun-germe-ameliyati\/"},"modified":"2024-04-22T04:23:51","modified_gmt":"2024-04-22T01:23:51","slug":"boyun-germe-ameliyati","status":"publish","type":"page","link":"https:\/\/www.istanbulaestheticcenter.com\/tr\/boyun-germe-ameliyati\/","title":{"rendered":"Boyun Germe Ameliyat\u0131"},"content":{"rendered":"\t\t<div data-elementor-type=\"wp-page\" data-elementor-id=\"16395\" class=\"elementor elementor-16395 elementor-13240\">\n\t\t\t\t<div class=\"elementor-element elementor-element-0b817ef e-flex e-con-boxed e-con e-parent\" data-id=\"0b817ef\" data-element_type=\"container\">\n\t\t\t\t\t<div class=\"e-con-inner\">\n\t\t\t\t<div class=\"elementor-element elementor-element-24ac362 elementor-widget elementor-widget-image\" data-id=\"24ac362\" data-element_type=\"widget\" data-widget_type=\"image.default\">\n\t\t\t\t<div class=\"elementor-widget-container\">\n\t\t\t\t\t\t\t\t\t\t\t\t\t\t\t<img fetchpriority=\"high\" decoding=\"async\" width=\"1024\" height=\"525\" src=\"https:\/\/www.istanbulaestheticcenter.com\/wp-content\/uploads\/2024\/04\/neck-lift-1024x525.jpg\" class=\"attachment-large size-large wp-image-16248\" alt=\"\" srcset=\"https:\/\/www.istanbulaestheticcenter.com\/wp-content\/uploads\/2024\/04\/neck-lift-1024x525.jpg 1024w, https:\/\/www.istanbulaestheticcenter.com\/wp-content\/uploads\/2024\/04\/neck-lift-300x154.jpg 300w, https:\/\/www.istanbulaestheticcenter.com\/wp-content\/uploads\/2024\/04\/neck-lift-768x394.jpg 768w, https:\/\/www.istanbulaestheticcenter.com\/wp-content\/uploads\/2024\/04\/neck-lift-1000x513.jpg 1000w, https:\/\/www.istanbulaestheticcenter.com\/wp-content\/uploads\/2024\/04\/neck-lift-1110x570.jpg 1110w, https:\/\/www.istanbulaestheticcenter.com\/wp-content\/uploads\/2024\/04\/neck-lift.jpg 1120w\" sizes=\"(max-width: 1024px) 100vw, 1024px\" \/>\t\t\t\t\t\t\t\t\t\t\t\t\t\t\t<\/div>\n\t\t\t\t<\/div>\n\t\t\t\t\t<\/div>\n\t\t\t\t<\/div>\n\t\t<div class=\"elementor-element elementor-element-1b023ce e-flex e-con-boxed e-con e-parent\" data-id=\"1b023ce\" data-element_type=\"container\">\n\t\t\t\t\t<div class=\"e-con-inner\">\n\t\t\t\t<div class=\"elementor-element elementor-element-8946b91 elementor-widget elementor-widget-heading\" data-id=\"8946b91\" data-element_type=\"widget\" data-widget_type=\"heading.default\">\n\t\t\t\t<div class=\"elementor-widget-container\">\n\t\t\t\t\t<h2 class=\"elementor-heading-title elementor-size-default\">Boyun Germe Ameliyat\u0131 Nedir?<\/h2>\t\t\t\t<\/div>\n\t\t\t\t<\/div>\n\t\t\t\t\t<\/div>\n\t\t\t\t<\/div>\n\t\t<div class=\"elementor-element elementor-element-1be08cd e-flex e-con-boxed e-con e-parent\" data-id=\"1be08cd\" data-element_type=\"container\">\n\t\t\t\t\t<div class=\"e-con-inner\">\n\t\t\t\t<div class=\"elementor-element elementor-element-bbda640 elementor-widget elementor-widget-text-editor\" data-id=\"bbda640\" data-element_type=\"widget\" data-widget_type=\"text-editor.default\">\n\t\t\t\t<div class=\"elementor-widget-container\">\n\t\t\t\t\t\t\t\t\t<p>Boyun germe veya alt rhytidectomy olarak da bilinen boyun germe ameliyat\u0131, sarkm\u0131\u015f cildi, fazla ya\u011f\u0131 ve kas gev\u015fekli\u011fini ele alarak boyun ve \u00e7ene \u00e7izgisinin g\u00f6r\u00fcn\u00fcm\u00fcn\u00fc gen\u00e7le\u015ftirmeyi ama\u00e7layan kozmetik bir cerrahi prosed\u00fcrd\u00fcr. Genellikle y\u00fcz germe ile birlikte veya boyun b\u00f6lgesine daha gen\u00e7 ve belirgin bir kontur kazand\u0131rmak i\u00e7in tek ba\u015f\u0131na bir prosed\u00fcr olarak uygulan\u0131r.<\/p>\n\t\t\t\t\t\t\t\t<\/div>\n\t\t\t\t<\/div>\n\t\t\t\t\t<\/div>\n\t\t\t\t<\/div>\n\t\t<div class=\"elementor-element elementor-element-3f7c041 e-flex e-con-boxed e-con e-parent\" data-id=\"3f7c041\" data-element_type=\"container\">\n\t\t\t\t\t<div class=\"e-con-inner\">\n\t\t<div class=\"elementor-element elementor-element-50bb1f7 e-con-full e-flex e-con e-child\" data-id=\"50bb1f7\" data-element_type=\"container\">\n\t\t\t\t<div class=\"elementor-element elementor-element-a63c1e5 elementor-widget elementor-widget-text-editor\" data-id=\"a63c1e5\" data-element_type=\"widget\" data-widget_type=\"text-editor.default\">\n\t\t\t\t<div class=\"elementor-widget-container\">\n\t\t\t\t\t\t\t\t\t<p>\u0130\u015fte boyun germe ameliyat\u0131n\u0131n tipik olarak nas\u0131l yap\u0131ld\u0131\u011f\u0131na dair genel bir bak\u0131\u015f:<\/p>\n<ol>\n<li>\n<p><strong>Kons\u00fcltasyon<\/strong>: Prosed\u00fcrden \u00f6nce hasta, hedeflerini, endi\u015felerini ve t\u0131bbi ge\u00e7mi\u015fini tart\u0131\u015fmak i\u00e7in nitelikli bir plastik cerrahla bir kons\u00fcltasyon yapacakt\u0131r. Cerrah, en uygun cerrahi yakla\u015f\u0131m\u0131 belirlemek ve ki\u015fiselle\u015ftirilmi\u015f bir tedavi plan\u0131 olu\u015fturmak i\u00e7in hastan\u0131n boyun anatomisini, cilt kalitesini ve gev\u015feklik derecesini de\u011ferlendirecektir.<\/p>\n<\/li>\n<li>\n<p><strong>Anestezi<\/strong>: Boyun germe ameliyat\u0131, ameliyat\u0131n kapsam\u0131na ve hastan\u0131n tercihlerine ba\u011fl\u0131 olarak genellikle genel anestezi veya sedasyonlu lokal anestezi alt\u0131nda yap\u0131l\u0131r.<\/p>\n<\/li>\n<li>\n<p><strong>Kesiler<\/strong>: Cerrah, boynun altta yatan yap\u0131lar\u0131na eri\u015fmek i\u00e7in tipik olarak kulaklar\u0131n arkas\u0131nda ve\/veya \u00e7enenin alt\u0131nda olmak \u00fczere stratejik konumlarda gizli kesiler yapar. Kesiler, g\u00f6r\u00fcn\u00fcr yara izini en aza indirmek ve tedavi alanlar\u0131na optimum eri\u015fime izin vermek i\u00e7in dikkatlice planlanm\u0131\u015ft\u0131r.<\/p>\n<\/li>\n<li>\n<p><strong>Doku S\u0131k\u0131la\u015ft\u0131rma ve Yeniden \u015eekillendirme<\/strong>: Kesiler yap\u0131ld\u0131ktan sonra, cerrah boynun altta yatan kaslar\u0131n\u0131 ve dokular\u0131n\u0131 s\u0131k\u0131la\u015ft\u0131rmak ve yeniden \u015fekillendirmek i\u00e7in \u00e7e\u015fitli teknikler uygulayabilir. Bu, platizma kas\u0131n\u0131n s\u0131k\u0131la\u015ft\u0131r\u0131lmas\u0131n\u0131, liposuction yoluyla fazla ya\u011f\u0131n al\u0131nmas\u0131n\u0131 ve daha p\u00fcr\u00fczs\u00fcz ve daha konturlu bir boyun profili olu\u015fturmak i\u00e7in cildin kald\u0131r\u0131lmas\u0131n\u0131 ve yeniden konumland\u0131r\u0131lmas\u0131n\u0131 i\u00e7erebilir.<\/p>\n<\/li>\n<li>\n<p><strong>Cilt Yeniden \u015eekillendirme ve \u00c7\u0131karma<\/strong>: Altta yatan dokular ele al\u0131nd\u0131ktan sonra, cerrah yeni \u015fekillendirilmi\u015f boyun b\u00f6lgesi \u00fczerindeki cildi dikkatlice yeniden \u015fekillendirir ve daha s\u0131k\u0131 ve daha gen\u00e7 bir g\u00f6r\u00fcn\u00fcm elde etmek i\u00e7in fazla cildi \u00e7\u0131kar\u0131r. Kesiler daha sonra diki\u015flerle veya cerrahi z\u0131mbalarla kapat\u0131l\u0131r.<\/p>\n<\/li>\n<li>\n<p><strong>Kapatma ve \u0130yile\u015fme<\/strong>: Ameliyat tamamland\u0131ktan sonra kesiler diki\u015fler veya cerrahi z\u0131mbalarla kapat\u0131l\u0131r ve \u015fi\u015fli\u011fi en aza indirmek ve iyile\u015fme s\u00fcrecini desteklemek i\u00e7in boyuna bir bandaj veya kompresyon giysisi uygulanabilir. Hastalar genellikle i\u015flemin ard\u0131ndan bir miktar morarma, \u015fi\u015fme ve rahats\u0131zl\u0131k hissederler; bu durum a\u011fr\u0131 kesici ila\u00e7lar ve uygun ameliyat sonras\u0131 bak\u0131m ile y\u00f6netilebilir.<\/p>\n<\/li>\n<li>\n<p><strong>Sonu\u00e7lar<\/strong>: Boyun germe ameliyat\u0131n\u0131n nihai sonu\u00e7lar\u0131, \u015fi\u015flik azald\u0131k\u00e7a ve dokular yeni pozisyonlar\u0131na yerle\u015ftik\u00e7e yava\u015f yava\u015f belirginle\u015fir. Hastalar daha p\u00fcr\u00fczs\u00fcz, daha s\u0131k\u0131 ve daha belirgin bir boyun konturu, geli\u015fmi\u015f \u00e7ene \u00e7izgisi tan\u0131m\u0131 ve daha gen\u00e7 bir g\u00f6r\u00fcn\u00fcm bekleyebilirler.<\/p>\n<\/li>\n<\/ol>\n\t\t\t\t\t\t\t\t<\/div>\n\t\t\t\t<\/div>\n\t\t\t\t<\/div>\n\t\t<div class=\"elementor-element elementor-element-1cd2b8e e-con-full e-flex e-con e-child\" data-id=\"1cd2b8e\" data-element_type=\"container\">\n\t\t\t\t<div class=\"elementor-element elementor-element-9d83911 elementor-widget elementor-widget-accordion\" data-id=\"9d83911\" data-element_type=\"widget\" data-widget_type=\"accordion.default\">\n\t\t\t\t<div class=\"elementor-widget-container\">\n\t\t\t\t\t\t\t<div class=\"elementor-accordion\">\n\t\t\t\t\t\t\t<div class=\"elementor-accordion-item\">\n\t\t\t\t\t<div id=\"elementor-tab-title-1651\" class=\"elementor-tab-title\" data-tab=\"1\" role=\"button\" aria-controls=\"elementor-tab-content-1651\" aria-expanded=\"false\">\n\t\t\t\t\t\t\t\t\t\t\t\t\t<span class=\"elementor-accordion-icon elementor-accordion-icon-left\" aria-hidden=\"true\">\n\t\t\t\t\t\t\t\t\t\t\t\t\t\t\t<span class=\"elementor-accordion-icon-closed\"><svg class=\"e-font-icon-svg e-fas-plus\" viewBox=\"0 0 448 512\" xmlns=\"http:\/\/www.w3.org\/2000\/svg\"><path d=\"M416 208H272V64c0-17.67-14.33-32-32-32h-32c-17.67 0-32 14.33-32 32v144H32c-17.67 0-32 14.33-32 32v32c0 17.67 14.33 32 32 32h144v144c0 17.67 14.33 32 32 32h32c17.67 0 32-14.33 32-32V304h144c17.67 0 32-14.33 32-32v-32c0-17.67-14.33-32-32-32z\"><\/path><\/svg><\/span>\n\t\t\t\t\t\t\t\t<span class=\"elementor-accordion-icon-opened\"><svg class=\"e-font-icon-svg e-fas-minus\" viewBox=\"0 0 448 512\" xmlns=\"http:\/\/www.w3.org\/2000\/svg\"><path d=\"M416 208H32c-17.67 0-32 14.33-32 32v32c0 17.67 14.33 32 32 32h384c17.67 0 32-14.33 32-32v-32c0-17.67-14.33-32-32-32z\"><\/path><\/svg><\/span>\n\t\t\t\t\t\t\t\t\t\t\t\t\t\t<\/span>\n\t\t\t\t\t\t\t\t\t\t\t\t<a class=\"elementor-accordion-title\" tabindex=\"0\">Boyun Germe Ameliyat\u0131 Olmal\u0131 M\u0131y\u0131m?<\/a>\n\t\t\t\t\t<\/div>\n\t\t\t\t\t<div id=\"elementor-tab-content-1651\" class=\"elementor-tab-content elementor-clearfix\" data-tab=\"1\" role=\"region\" aria-labelledby=\"elementor-tab-title-1651\"><p>Boyun b\u00f6lgenizdeki sark\u0131kl\u0131ktan, g\u0131d\u0131lar\u0131n\u0131zdan ve oldu\u011funuzdan daha ya\u015fl\u0131 g\u00f6r\u00fcnmekten memnun de\u011filseniz, EVET, siz &#8220;Boyun Germe&#8221; i\u00e7in uygun bir hastas\u0131n\u0131z.<\/p>\n<\/div>\n\t\t\t\t<\/div>\n\t\t\t\t\t\t\t<div class=\"elementor-accordion-item\">\n\t\t\t\t\t<div id=\"elementor-tab-title-1652\" class=\"elementor-tab-title\" data-tab=\"2\" role=\"button\" aria-controls=\"elementor-tab-content-1652\" aria-expanded=\"false\">\n\t\t\t\t\t\t\t\t\t\t\t\t\t<span class=\"elementor-accordion-icon elementor-accordion-icon-left\" aria-hidden=\"true\">\n\t\t\t\t\t\t\t\t\t\t\t\t\t\t\t<span class=\"elementor-accordion-icon-closed\"><svg class=\"e-font-icon-svg e-fas-plus\" viewBox=\"0 0 448 512\" xmlns=\"http:\/\/www.w3.org\/2000\/svg\"><path d=\"M416 208H272V64c0-17.67-14.33-32-32-32h-32c-17.67 0-32 14.33-32 32v144H32c-17.67 0-32 14.33-32 32v32c0 17.67 14.33 32 32 32h144v144c0 17.67 14.33 32 32 32h32c17.67 0 32-14.33 32-32V304h144c17.67 0 32-14.33 32-32v-32c0-17.67-14.33-32-32-32z\"><\/path><\/svg><\/span>\n\t\t\t\t\t\t\t\t<span class=\"elementor-accordion-icon-opened\"><svg class=\"e-font-icon-svg e-fas-minus\" viewBox=\"0 0 448 512\" xmlns=\"http:\/\/www.w3.org\/2000\/svg\"><path d=\"M416 208H32c-17.67 0-32 14.33-32 32v32c0 17.67 14.33 32 32 32h384c17.67 0 32-14.33 32-32v-32c0-17.67-14.33-32-32-32z\"><\/path><\/svg><\/span>\n\t\t\t\t\t\t\t\t\t\t\t\t\t\t<\/span>\n\t\t\t\t\t\t\t\t\t\t\t\t<a class=\"elementor-accordion-title\" tabindex=\"0\">Ameliyat \u00d6ncesi Nelere Dikkat Edilmelidir?<\/a>\n\t\t\t\t\t<\/div>\n\t\t\t\t\t<div id=\"elementor-tab-content-1652\" class=\"elementor-tab-content elementor-clearfix\" data-tab=\"2\" role=\"region\" aria-labelledby=\"elementor-tab-title-1652\"><p>T\u00fcm beklentilerinizi ve endi\u015felerinizi doktorunuzla payla\u015fman\u0131zda fayda var. Muayene s\u0131ras\u0131nda genel sa\u011fl\u0131k durumunuzla ilgili sorulacak sorular\u0131 ayr\u0131nt\u0131l\u0131 olarak yan\u0131tlamal\u0131, ge\u00e7irdi\u011finiz hastal\u0131klar ve kulland\u0131\u011f\u0131n\u0131z ila\u00e7lar hakk\u0131nda doktorunuzu bilgilendirmelisiniz.<\/p>\n<\/div>\n\t\t\t\t<\/div>\n\t\t\t\t\t\t\t<div class=\"elementor-accordion-item\">\n\t\t\t\t\t<div id=\"elementor-tab-title-1653\" class=\"elementor-tab-title\" data-tab=\"3\" role=\"button\" aria-controls=\"elementor-tab-content-1653\" aria-expanded=\"false\">\n\t\t\t\t\t\t\t\t\t\t\t\t\t<span class=\"elementor-accordion-icon elementor-accordion-icon-left\" aria-hidden=\"true\">\n\t\t\t\t\t\t\t\t\t\t\t\t\t\t\t<span class=\"elementor-accordion-icon-closed\"><svg class=\"e-font-icon-svg e-fas-plus\" viewBox=\"0 0 448 512\" xmlns=\"http:\/\/www.w3.org\/2000\/svg\"><path d=\"M416 208H272V64c0-17.67-14.33-32-32-32h-32c-17.67 0-32 14.33-32 32v144H32c-17.67 0-32 14.33-32 32v32c0 17.67 14.33 32 32 32h144v144c0 17.67 14.33 32 32 32h32c17.67 0 32-14.33 32-32V304h144c17.67 0 32-14.33 32-32v-32c0-17.67-14.33-32-32-32z\"><\/path><\/svg><\/span>\n\t\t\t\t\t\t\t\t<span class=\"elementor-accordion-icon-opened\"><svg class=\"e-font-icon-svg e-fas-minus\" viewBox=\"0 0 448 512\" xmlns=\"http:\/\/www.w3.org\/2000\/svg\"><path d=\"M416 208H32c-17.67 0-32 14.33-32 32v32c0 17.67 14.33 32 32 32h384c17.67 0 32-14.33 32-32v-32c0-17.67-14.33-32-32-32z\"><\/path><\/svg><\/span>\n\t\t\t\t\t\t\t\t\t\t\t\t\t\t<\/span>\n\t\t\t\t\t\t\t\t\t\t\t\t<a class=\"elementor-accordion-title\" tabindex=\"0\">Ameliyat Nas\u0131l Devam Edecek?<\/a>\n\t\t\t\t\t<\/div>\n\t\t\t\t\t<div id=\"elementor-tab-content-1653\" class=\"elementor-tab-content elementor-clearfix\" data-tab=\"3\" role=\"region\" aria-labelledby=\"elementor-tab-title-1653\"><p>Hastanemizde ger\u00e7ekle\u015ftirilecek ameliyat\u0131n\u0131z uygulamaya g\u00f6re sedasyon + lokal anestezi veya genel anestezi alt\u0131nda yap\u0131lacakt\u0131r. Yakla\u015f\u0131k s\u00fcresi 1,5-2 saattir, bir gece hastanede kalman\u0131z gerekecektir.<\/p>\n<\/div>\n\t\t\t\t<\/div>\n\t\t\t\t\t\t\t<div class=\"elementor-accordion-item\">\n\t\t\t\t\t<div id=\"elementor-tab-title-1654\" class=\"elementor-tab-title\" data-tab=\"4\" role=\"button\" aria-controls=\"elementor-tab-content-1654\" aria-expanded=\"false\">\n\t\t\t\t\t\t\t\t\t\t\t\t\t<span class=\"elementor-accordion-icon elementor-accordion-icon-left\" aria-hidden=\"true\">\n\t\t\t\t\t\t\t\t\t\t\t\t\t\t\t<span class=\"elementor-accordion-icon-closed\"><svg class=\"e-font-icon-svg e-fas-plus\" viewBox=\"0 0 448 512\" xmlns=\"http:\/\/www.w3.org\/2000\/svg\"><path d=\"M416 208H272V64c0-17.67-14.33-32-32-32h-32c-17.67 0-32 14.33-32 32v144H32c-17.67 0-32 14.33-32 32v32c0 17.67 14.33 32 32 32h144v144c0 17.67 14.33 32 32 32h32c17.67 0 32-14.33 32-32V304h144c17.67 0 32-14.33 32-32v-32c0-17.67-14.33-32-32-32z\"><\/path><\/svg><\/span>\n\t\t\t\t\t\t\t\t<span class=\"elementor-accordion-icon-opened\"><svg class=\"e-font-icon-svg e-fas-minus\" viewBox=\"0 0 448 512\" xmlns=\"http:\/\/www.w3.org\/2000\/svg\"><path d=\"M416 208H32c-17.67 0-32 14.33-32 32v32c0 17.67 14.33 32 32 32h384c17.67 0 32-14.33 32-32v-32c0-17.67-14.33-32-32-32z\"><\/path><\/svg><\/span>\n\t\t\t\t\t\t\t\t\t\t\t\t\t\t<\/span>\n\t\t\t\t\t\t\t\t\t\t\t\t<a class=\"elementor-accordion-title\" tabindex=\"0\">Anestezi Hakk\u0131nda Bilinmesi Gerekenler Nelerdir?<\/a>\n\t\t\t\t\t<\/div>\n\t\t\t\t\t<div id=\"elementor-tab-content-1654\" class=\"elementor-tab-content elementor-clearfix\" data-tab=\"4\" role=\"region\" aria-labelledby=\"elementor-tab-title-1654\"><p>Kep\u00e7e kulak ameliyat\u0131 \u00f6ncesinde anestezi doktoru taraf\u0131ndan muayene edilecek ve bilgilendirileceksiniz. Kan suland\u0131r\u0131c\u0131 ila\u00e7lar, vitaminler ve alkol, sigara gibi anesteziyi etkileyen fakt\u00f6rler doktorunuzun \u00f6ng\u00f6rd\u00fc\u011f\u00fc tarihten itibaren kesilmelidir.<\/p>\n<\/div>\n\t\t\t\t<\/div>\n\t\t\t\t\t\t\t<div class=\"elementor-accordion-item\">\n\t\t\t\t\t<div id=\"elementor-tab-title-1655\" class=\"elementor-tab-title\" data-tab=\"5\" role=\"button\" aria-controls=\"elementor-tab-content-1655\" aria-expanded=\"false\">\n\t\t\t\t\t\t\t\t\t\t\t\t\t<span class=\"elementor-accordion-icon elementor-accordion-icon-left\" aria-hidden=\"true\">\n\t\t\t\t\t\t\t\t\t\t\t\t\t\t\t<span class=\"elementor-accordion-icon-closed\"><svg class=\"e-font-icon-svg e-fas-plus\" viewBox=\"0 0 448 512\" xmlns=\"http:\/\/www.w3.org\/2000\/svg\"><path d=\"M416 208H272V64c0-17.67-14.33-32-32-32h-32c-17.67 0-32 14.33-32 32v144H32c-17.67 0-32 14.33-32 32v32c0 17.67 14.33 32 32 32h144v144c0 17.67 14.33 32 32 32h32c17.67 0 32-14.33 32-32V304h144c17.67 0 32-14.33 32-32v-32c0-17.67-14.33-32-32-32z\"><\/path><\/svg><\/span>\n\t\t\t\t\t\t\t\t<span class=\"elementor-accordion-icon-opened\"><svg class=\"e-font-icon-svg e-fas-minus\" viewBox=\"0 0 448 512\" xmlns=\"http:\/\/www.w3.org\/2000\/svg\"><path d=\"M416 208H32c-17.67 0-32 14.33-32 32v32c0 17.67 14.33 32 32 32h384c17.67 0 32-14.33 32-32v-32c0-17.67-14.33-32-32-32z\"><\/path><\/svg><\/span>\n\t\t\t\t\t\t\t\t\t\t\t\t\t\t<\/span>\n\t\t\t\t\t\t\t\t\t\t\t\t<a class=\"elementor-accordion-title\" tabindex=\"0\">Ameliyat Sonras\u0131 D\u00f6nem Nas\u0131ld\u0131r?<\/a>\n\t\t\t\t\t<\/div>\n\t\t\t\t\t<div id=\"elementor-tab-content-1655\" class=\"elementor-tab-content elementor-clearfix\" data-tab=\"5\" role=\"region\" aria-labelledby=\"elementor-tab-title-1655\"><section id=\"content\">\n<div class=\"container\">\n<div class=\"row\">\n<div class=\"col-xs-12 col-md-12\">\n<div class=\"inner-medical-service-wrapper-content-editor\">\n<div class=\"vc_row wpb_row vc_row-fluid\">\n<div class=\"wpb_column vc_column_container vc_col-sm-6\">\n<div class=\"vc_column-inner\">\n<div class=\"wpb_wrapper\">\n<div class=\"vc_toggle vc_toggle_default vc_toggle_color_default vc_toggle_size_md vc_toggle_active\">\n<div class=\"vc_toggle_content\">\n<p>Ameliyattan sonra hafif a\u011fr\u0131lar\u0131n\u0131z olabilir ancak re\u00e7ete edilen a\u011fr\u0131 kesici ile ameliyat sonras\u0131 d\u00f6nem kolayl\u0131kla atlat\u0131l\u0131r. Hastanemizde kalman\u0131z gerekebilir. Ameliyat sonras\u0131 takip, kontrol ve pansumandan sonra banyo yapman\u0131n hi\u00e7bir sak\u0131ncas\u0131 yoktur. Doktorunuz 3. ve 5. g\u00fcnlerdeki kontrollerinizden sonra sizi sonraki kontroller i\u00e7in y\u00f6nlendirecektir.<\/p>\n<\/div>\n<\/div>\n<\/div>\n<\/div>\n<\/div>\n<\/div>\n<\/div>\n<\/div>\n<\/div>\n<\/div>\n<\/section>\n<\/div>\n\t\t\t\t<\/div>\n\t\t\t\t\t\t\t<div class=\"elementor-accordion-item\">\n\t\t\t\t\t<div id=\"elementor-tab-title-1656\" class=\"elementor-tab-title\" data-tab=\"6\" role=\"button\" aria-controls=\"elementor-tab-content-1656\" aria-expanded=\"false\">\n\t\t\t\t\t\t\t\t\t\t\t\t\t<span class=\"elementor-accordion-icon elementor-accordion-icon-left\" aria-hidden=\"true\">\n\t\t\t\t\t\t\t\t\t\t\t\t\t\t\t<span class=\"elementor-accordion-icon-closed\"><svg class=\"e-font-icon-svg e-fas-plus\" viewBox=\"0 0 448 512\" xmlns=\"http:\/\/www.w3.org\/2000\/svg\"><path d=\"M416 208H272V64c0-17.67-14.33-32-32-32h-32c-17.67 0-32 14.33-32 32v144H32c-17.67 0-32 14.33-32 32v32c0 17.67 14.33 32 32 32h144v144c0 17.67 14.33 32 32 32h32c17.67 0 32-14.33 32-32V304h144c17.67 0 32-14.33 32-32v-32c0-17.67-14.33-32-32-32z\"><\/path><\/svg><\/span>\n\t\t\t\t\t\t\t\t<span class=\"elementor-accordion-icon-opened\"><svg class=\"e-font-icon-svg e-fas-minus\" viewBox=\"0 0 448 512\" xmlns=\"http:\/\/www.w3.org\/2000\/svg\"><path d=\"M416 208H32c-17.67 0-32 14.33-32 32v32c0 17.67 14.33 32 32 32h384c17.67 0 32-14.33 32-32v-32c0-17.67-14.33-32-32-32z\"><\/path><\/svg><\/span>\n\t\t\t\t\t\t\t\t\t\t\t\t\t\t<\/span>\n\t\t\t\t\t\t\t\t\t\t\t\t<a class=\"elementor-accordion-title\" tabindex=\"0\">Ameliyat Sonras\u0131 Sosyal Ya\u015fama D\u00f6n\u00fc\u015f D\u00f6nemi<\/a>\n\t\t\t\t\t<\/div>\n\t\t\t\t\t<div id=\"elementor-tab-content-1656\" class=\"elementor-tab-content elementor-clearfix\" data-tab=\"6\" role=\"region\" aria-labelledby=\"elementor-tab-title-1656\"><p>Erken d\u00f6nemde ge\u00e7ici morluklar, \u00f6dem ve hassasiyet g\u00f6r\u00fclebilir. Bu etkiler iki hafta i\u00e7inde azalacak ve 2 hafta i\u00e7inde tamamen ortadan kalkacakt\u0131r. 5-6 g\u00fcn i\u00e7inde \u00e7al\u0131\u015fma hayat\u0131n\u0131za geri d\u00f6nebilirsiniz ancak 1 hafta boyunca a\u015f\u0131r\u0131 aktivitelerden ka\u00e7\u0131nman\u0131z iyi olur.<\/p>\n<\/div>\n\t\t\t\t<\/div>\n\t\t\t\t\t\t\t\t<\/div>\n\t\t\t\t\t\t<\/div>\n\t\t\t\t<\/div>\n\t\t\t\t<div class=\"elementor-element elementor-element-0a30e6f elementor-widget elementor-widget-text-editor\" data-id=\"0a30e6f\" data-element_type=\"widget\" data-widget_type=\"text-editor.default\">\n\t\t\t\t<div class=\"elementor-widget-container\">\n\t\t\t\t\t\t\t\t\t<p>Boyun germe ameliyat\u0131, ya\u015flanma belirtilerini gidermenin ve boyun ile \u00e7ene hatt\u0131na daha gen\u00e7 ve yenilenmi\u015f bir g\u00f6r\u00fcn\u00fcm kazand\u0131rman\u0131n olduk\u00e7a etkili bir yoludur. M\u00fcmk\u00fcn olan en iyi sonucu elde etmek ve komplikasyon riskini en aza indirmek i\u00e7in nitelikli ve deneyimli bir plastik cerrah taraf\u0131ndan boyun germe ameliyat\u0131 ge\u00e7irilmesi \u00e7ok \u00f6nemlidir. <strong> \u0130stanbul Estetik Merkezi (IAC<\/strong> ) gibi sayg\u0131n t\u0131bbi tesisler, boyun germe ameliyat\u0131 da dahil olmak \u00fczere kapsaml\u0131 y\u00fcz gen\u00e7le\u015ftirme hizmetleri sunmakta ve hastalara istedikleri estetik hedeflere ula\u015fmalar\u0131 i\u00e7in uzman bak\u0131m\u0131 ve ki\u015fiselle\u015ftirilmi\u015f tedavi sa\u011flamaktad\u0131r.<\/p>\n\t\t\t\t\t\t\t\t<\/div>\n\t\t\t\t<\/div>\n\t\t\t\t<\/div>\n\t\t\t\t\t<\/div>\n\t\t\t\t<\/div>\n\t\t\t\t<\/div>\n\t\t","protected":false},"excerpt":{"rendered":"<p>Boyun Germe Ameliyat\u0131 Nedir? Boyun germe veya alt rhytidectomy olarak da bilinen boyun germe ameliyat\u0131, sarkm\u0131\u015f cildi, fazla ya\u011f\u0131 ve kas gev\u015fekli\u011fini ele alarak boyun ve \u00e7ene \u00e7izgisinin g\u00f6r\u00fcn\u00fcm\u00fcn\u00fc gen\u00e7le\u015ftirmeyi ama\u00e7layan kozmetik bir cerrahi prosed\u00fcrd\u00fcr. Genellikle y\u00fcz germe ile birlikte veya boyun b\u00f6lgesine daha gen\u00e7 ve belirgin bir kontur kazand\u0131rmak i\u00e7in tek ba\u015f\u0131na bir prosed\u00fcr [&hellip;]<\/p>\n","protected":false},"author":1,"featured_media":0,"parent":0,"menu_order":0,"comment_status":"closed","ping_status":"closed","template":"","meta":{"_themeisle_gutenberg_block_has_review":false,"footnotes":""},"class_list":["post-16395","page","type-page","status-publish","hentry"],"_links":{"self":[{"href":"https:\/\/www.istanbulaestheticcenter.com\/tr\/wp-json\/wp\/v2\/pages\/16395","targetHints":{"allow":["GET"]}}],"collection":[{"href":"https:\/\/www.istanbulaestheticcenter.com\/tr\/wp-json\/wp\/v2\/pages"}],"about":[{"href":"https:\/\/www.istanbulaestheticcenter.com\/tr\/wp-json\/wp\/v2\/types\/page"}],"author":[{"embeddable":true,"href":"https:\/\/www.istanbulaestheticcenter.com\/tr\/wp-json\/wp\/v2\/users\/1"}],"replies":[{"embeddable":true,"href":"https:\/\/www.istanbulaestheticcenter.com\/tr\/wp-json\/wp\/v2\/comments?post=16395"}],"version-history":[{"count":3,"href":"https:\/\/www.istanbulaestheticcenter.com\/tr\/wp-json\/wp\/v2\/pages\/16395\/revisions"}],"predecessor-version":[{"id":16412,"href":"https:\/\/www.istanbulaestheticcenter.com\/tr\/wp-json\/wp\/v2\/pages\/16395\/revisions\/16412"}],"wp:attachment":[{"href":"https:\/\/www.istanbulaestheticcenter.com\/tr\/wp-json\/wp\/v2\/media?parent=16395"}],"curies":[{"name":"wp","href":"https:\/\/api.w.org\/{rel}","templated":true}]}}