{"id":16383,"date":"2024-04-18T13:17:11","date_gmt":"2024-04-18T10:17:11","guid":{"rendered":"https:\/\/www.istanbulaestheticcenter.com\/dr-gurhan-ozcan\/"},"modified":"2024-04-22T04:22:32","modified_gmt":"2024-04-22T01:22:32","slug":"dr-gurhan-ozcan","status":"publish","type":"page","link":"https:\/\/www.istanbulaestheticcenter.com\/tr\/dr-gurhan-ozcan\/","title":{"rendered":"Dr. G\u00fcrhan \u00d6zcan"},"content":{"rendered":"\t\t<div data-elementor-type=\"wp-page\" data-elementor-id=\"16383\" class=\"elementor elementor-16383 elementor-12846\">\n\t\t\t\t<div class=\"elementor-element elementor-element-d06349c e-flex e-con-boxed e-con e-parent\" data-id=\"d06349c\" data-element_type=\"container\">\n\t\t\t\t\t<div class=\"e-con-inner\">\n\t\t<div class=\"elementor-element elementor-element-690ae28 e-con-full e-flex e-con e-child\" data-id=\"690ae28\" data-element_type=\"container\">\n\t\t\t\t<div class=\"elementor-element elementor-element-e0bd4ce elementor-widget elementor-widget-image\" data-id=\"e0bd4ce\" data-element_type=\"widget\" data-widget_type=\"image.default\">\n\t\t\t\t<div class=\"elementor-widget-container\">\n\t\t\t\t\t\t\t\t\t\t\t\t\t\t\t<img fetchpriority=\"high\" decoding=\"async\" width=\"265\" height=\"265\" src=\"https:\/\/www.istanbulaestheticcenter.com\/wp-content\/uploads\/2024\/04\/dr-gurhan-ozcan-iac.jpg\" class=\"attachment-large size-large wp-image-15576\" alt=\"\" srcset=\"https:\/\/www.istanbulaestheticcenter.com\/wp-content\/uploads\/2024\/04\/dr-gurhan-ozcan-iac.jpg 265w, https:\/\/www.istanbulaestheticcenter.com\/wp-content\/uploads\/2024\/04\/dr-gurhan-ozcan-iac-150x150.jpg 150w, https:\/\/www.istanbulaestheticcenter.com\/wp-content\/uploads\/2024\/04\/dr-gurhan-ozcan-iac-100x100.jpg 100w\" sizes=\"(max-width: 265px) 100vw, 265px\" \/>\t\t\t\t\t\t\t\t\t\t\t\t\t\t\t<\/div>\n\t\t\t\t<\/div>\n\t\t\t\t<\/div>\n\t\t<div class=\"elementor-element elementor-element-0b3b9f6 e-con-full e-flex e-con e-child\" data-id=\"0b3b9f6\" data-element_type=\"container\">\n\t\t\t\t<div class=\"elementor-element elementor-element-f763ba3 elementor-widget elementor-widget-heading\" data-id=\"f763ba3\" data-element_type=\"widget\" data-widget_type=\"heading.default\">\n\t\t\t\t<div class=\"elementor-widget-container\">\n\t\t\t\t\t<h3 class=\"elementor-heading-title elementor-size-default\">E\u011e\u0130T\u0130M, \u00d6\u011eRET\u0130M ve AKADEM\u0130K FAAL\u0130YETLER<\/h3>\t\t\t\t<\/div>\n\t\t\t\t<\/div>\n\t\t\t\t<div class=\"elementor-element elementor-element-56140b7 elementor-widget elementor-widget-text-editor\" data-id=\"56140b7\" data-element_type=\"widget\" data-widget_type=\"text-editor.default\">\n\t\t\t\t<div class=\"elementor-widget-container\">\n\t\t\t\t\t\t\t\t\t<p>T\u0131p Fak\u00fcltesi : Hacettepe \u00dcniversitesi, T\u0131p Fak\u00fcltesi, Ankara (1971-1977)<\/p>\n<p>Plastik Cerrahi Uzmanl\u0131k E\u011fitimi : Hacettepe \u00dcniversitesi, T\u0131p Fak\u00fcltesi, Plastik, Rekonstr\u00fcktif ve Estetik Cerrahi Anabilim Dal\u0131 (1977-1983)<\/p>\n<p>Plastik Cerrahi B\u00f6l\u00fcm\u00fcnde Ara\u015ft\u0131rma G\u00f6revlisi, Baylor College of Medicine, Texas Medical Center, Houston, Tx (1988-1990)<\/p>\n<p>Plastik Cerrahi B\u00f6l\u00fcm\u00fcnde Yard\u0131mc\u0131 Do\u00e7ent, Baylor College of Medicine, Texas Medical Center, Houston, Tx (1990-1991)<\/p>\n<p>Plastik Cerrahi Do\u00e7enti, G\u00fclhane Askeri T\u0131p Akademisi Plastik Cerrahi Anabilim Dal\u0131 J\u00fcrisi, Ankara (1991)<\/p>\n<p>Hacettepe \u00dcniversitesi T\u0131p Fak\u00fcltesi Plastik, Rekonstr\u00fcktif ve Estetik Cerrahi Anabilim Dal\u0131&#8217;nda Plastik Cerrahi Do\u00e7enti, Ankara (1992-1995)<\/p>\n<p>Plastik Cerrahi Profes\u00f6r\u00fc ve Plastik Cerrahi Anabilim Dal\u0131 Kurucu Ba\u015fkan\u0131, Ba\u015fkent \u00dcniversitesi T\u0131p Fak\u00fcltesi, Ankara ( 1995-1998)<\/p>\n<p>Avrupa Plastik, Rekonstr\u00fcktif ve Estetik Cerrahi Kurulu (EBOPRAS) Sertifikas\u0131 (2006 Budape\u015fte, Macaristan)<\/p>\n\t\t\t\t\t\t\t\t<\/div>\n\t\t\t\t<\/div>\n\t\t\t\t<div class=\"elementor-element elementor-element-23b1138 elementor-widget elementor-widget-heading\" data-id=\"23b1138\" data-element_type=\"widget\" data-widget_type=\"heading.default\">\n\t\t\t\t<div class=\"elementor-widget-container\">\n\t\t\t\t\t<h3 class=\"elementor-heading-title elementor-size-default\">I\u0307DARI\u0307 FAALI\u0307YETLER\n<\/h3>\t\t\t\t<\/div>\n\t\t\t\t<\/div>\n\t\t\t\t<div class=\"elementor-element elementor-element-324471e elementor-widget elementor-widget-text-editor\" data-id=\"324471e\" data-element_type=\"widget\" data-widget_type=\"text-editor.default\">\n\t\t\t\t<div class=\"elementor-widget-container\">\n\t\t\t\t\t\t\t\t\t<p>T\u00fcrk Plastik, Rekonstr\u00fcktif ve Estetik Cerrahi Derne\u011fi Y\u00f6netim Kurulu \u00dcyeli\u011fi:<\/p>\n<p>Sayman (1992-1994)<\/p>\n<p>Genel Sekreter (1996-1998)<\/p>\n<p>\u00dcye (1998-2000)<\/p>\n<p>Ba\u015fkan Yard\u0131mc\u0131s\u0131 (2004-2006)<\/p>\n<p>Ba\u015fkan (2008-2010)<\/p>\n<\/p>\n<ul>\n<li>IPRAS Asya-Pasifik B\u00f6l\u00fcm\u00fc T\u00fcrkiye Ulusal Delegesi (1993, G\u00fcney Kore, Seul)<\/li>\n<li>IPRAS Avrupa B\u00f6l\u00fcm\u00fc T\u00fcrkiye Ulusal Delegesi (1997, Lizbon, Portekiz)<\/li>\n<li>Uluslararas\u0131 Plastik, Rekonstr\u00fcktif ve Estetik Cerrahi Dernekleri Konfederasyonu (IPRAS) T\u00fcrkiye Ulusal Delegesi (1995 Yokohama Japonya, 1999 San Francisco ABD, 2003 Sidney Avustralya, 2007 Berlin Almanya)<\/li>\n<li>Avrupa Plastik, Rekonstr\u00fcktif ve Estetik Cerrahi Kurulu (EBOPRAS) T\u00fcrkiye Ulusal Delegesi (1994-2005)<\/li>\n<li>T\u00fcrk Plastik, Rekonstr\u00fcktif ve Estetik Cerrahi Derne\u011fi Sertifikasyon ve Akreditasyon Komitesi: \u00dcye (2003-2005) , Ba\u015fkan (2005-2009)<\/li>\n<li>T\u00fcrk Mikrocerrahi Rekonstr\u00fcktif Cerrahi Derne\u011fi, Y\u00fcr\u00fctme Kurulu: Ba\u015fkan Yard\u0131mc\u0131s\u0131 (1994-1996)<\/li>\n<li>Avrupa Plastik Cerrahlar Birli\u011fi (EURAPS) T\u00fcrkiye Ulusal Delegesi (2004-2008)<\/li>\n<li>9&#8217;uncu Ba\u015fkan. T\u00fcrk Estetik Plastik Cerrahlar Derne\u011fi Y\u0131ll\u0131k Toplant\u0131s\u0131, 11-15 May\u0131s 2005, Swiss Otel Bosphorus, \u0130stanbul.<\/li>\n<li>\u015eu anda: \u00d6zel Muayenehanesinde (Ni\u015fanta\u015f\u0131, G\u00fczelbah\u00e7e sokak 29\/4 \u015ei\u015fli, \u0130stanbul)<\/li>\n<\/ul>\n\t\t\t\t\t\t\t\t<\/div>\n\t\t\t\t<\/div>\n\t\t\t\t<\/div>\n\t\t\t\t\t<\/div>\n\t\t\t\t<\/div>\n\t\t\t\t<\/div>\n\t\t","protected":false},"excerpt":{"rendered":"<p>E\u011e\u0130T\u0130M, \u00d6\u011eRET\u0130M ve AKADEM\u0130K FAAL\u0130YETLER T\u0131p Fak\u00fcltesi : Hacettepe \u00dcniversitesi, T\u0131p Fak\u00fcltesi, Ankara (1971-1977) Plastik Cerrahi Uzmanl\u0131k E\u011fitimi : Hacettepe \u00dcniversitesi, T\u0131p Fak\u00fcltesi, Plastik, Rekonstr\u00fcktif ve Estetik Cerrahi Anabilim Dal\u0131 (1977-1983) Plastik Cerrahi B\u00f6l\u00fcm\u00fcnde Ara\u015ft\u0131rma G\u00f6revlisi, Baylor College of Medicine, Texas Medical Center, Houston, Tx (1988-1990) Plastik Cerrahi B\u00f6l\u00fcm\u00fcnde Yard\u0131mc\u0131 Do\u00e7ent, Baylor College of Medicine, [&hellip;]<\/p>\n","protected":false},"author":1,"featured_media":0,"parent":0,"menu_order":0,"comment_status":"closed","ping_status":"closed","template":"","meta":{"_themeisle_gutenberg_block_has_review":false,"footnotes":""},"class_list":["post-16383","page","type-page","status-publish","hentry"],"_links":{"self":[{"href":"https:\/\/www.istanbulaestheticcenter.com\/tr\/wp-json\/wp\/v2\/pages\/16383","targetHints":{"allow":["GET"]}}],"collection":[{"href":"https:\/\/www.istanbulaestheticcenter.com\/tr\/wp-json\/wp\/v2\/pages"}],"about":[{"href":"https:\/\/www.istanbulaestheticcenter.com\/tr\/wp-json\/wp\/v2\/types\/page"}],"author":[{"embeddable":true,"href":"https:\/\/www.istanbulaestheticcenter.com\/tr\/wp-json\/wp\/v2\/users\/1"}],"replies":[{"embeddable":true,"href":"https:\/\/www.istanbulaestheticcenter.com\/tr\/wp-json\/wp\/v2\/comments?post=16383"}],"version-history":[{"count":1,"href":"https:\/\/www.istanbulaestheticcenter.com\/tr\/wp-json\/wp\/v2\/pages\/16383\/revisions"}],"predecessor-version":[{"id":16384,"href":"https:\/\/www.istanbulaestheticcenter.com\/tr\/wp-json\/wp\/v2\/pages\/16383\/revisions\/16384"}],"wp:attachment":[{"href":"https:\/\/www.istanbulaestheticcenter.com\/tr\/wp-json\/wp\/v2\/media?parent=16383"}],"curies":[{"name":"wp","href":"https:\/\/api.w.org\/{rel}","templated":true}]}}