{"id":16381,"date":"2024-04-18T13:32:38","date_gmt":"2024-04-18T10:32:38","guid":{"rendered":"https:\/\/www.istanbulaestheticcenter.com\/dr-engin-er\/"},"modified":"2025-02-05T18:32:56","modified_gmt":"2025-02-05T15:32:56","slug":"dr-ergin-er","status":"publish","type":"page","link":"https:\/\/www.istanbulaestheticcenter.com\/tr\/dr-ergin-er\/","title":{"rendered":"Dr.Ergin Er"},"content":{"rendered":"\t\t<div data-elementor-type=\"wp-page\" data-elementor-id=\"16381\" class=\"elementor elementor-16381 elementor-12863\">\n\t\t\t\t<div class=\"elementor-element elementor-element-d06349c e-flex e-con-boxed e-con e-parent\" data-id=\"d06349c\" data-element_type=\"container\">\n\t\t\t\t\t<div class=\"e-con-inner\">\n\t\t<div class=\"elementor-element elementor-element-690ae28 e-con-full e-flex e-con e-child\" data-id=\"690ae28\" data-element_type=\"container\">\n\t\t\t\t<div class=\"elementor-element elementor-element-3f4e4f7 elementor-widget elementor-widget-heading\" data-id=\"3f4e4f7\" data-element_type=\"widget\" data-widget_type=\"heading.default\">\n\t\t\t\t<div class=\"elementor-widget-container\">\n\t\t\t\t\t<h2 class=\"elementor-heading-title elementor-size-default\">Dr. Ergin Er<\/h2>\t\t\t\t<\/div>\n\t\t\t\t<\/div>\n\t\t\t\t<div class=\"elementor-element elementor-element-e0bd4ce elementor-widget elementor-widget-image\" data-id=\"e0bd4ce\" data-element_type=\"widget\" data-widget_type=\"image.default\">\n\t\t\t\t<div class=\"elementor-widget-container\">\n\t\t\t\t\t\t\t\t\t\t\t\t\t\t\t<img fetchpriority=\"high\" decoding=\"async\" width=\"265\" height=\"265\" src=\"https:\/\/www.istanbulaestheticcenter.com\/wp-content\/uploads\/2024\/04\/dr-ergin-er-iac.jpg\" class=\"attachment-large size-large wp-image-15583\" alt=\"\" srcset=\"https:\/\/www.istanbulaestheticcenter.com\/wp-content\/uploads\/2024\/04\/dr-ergin-er-iac.jpg 265w, https:\/\/www.istanbulaestheticcenter.com\/wp-content\/uploads\/2024\/04\/dr-ergin-er-iac-150x150.jpg 150w, https:\/\/www.istanbulaestheticcenter.com\/wp-content\/uploads\/2024\/04\/dr-ergin-er-iac-100x100.jpg 100w\" sizes=\"(max-width: 265px) 100vw, 265px\" \/>\t\t\t\t\t\t\t\t\t\t\t\t\t\t\t<\/div>\n\t\t\t\t<\/div>\n\t\t\t\t<\/div>\n\t\t<div class=\"elementor-element elementor-element-0b3b9f6 e-con-full e-flex e-con e-child\" data-id=\"0b3b9f6\" data-element_type=\"container\">\n\t\t\t\t<div class=\"elementor-element elementor-element-324471e elementor-widget elementor-widget-text-editor\" data-id=\"324471e\" data-element_type=\"widget\" data-widget_type=\"text-editor.default\">\n\t\t\t\t<div class=\"elementor-widget-container\">\n\t\t\t\t\t\t\t\t\t<section id=\"content\">\n<div class=\"container\">\n<div class=\"row\">\n<div class=\"col-xs-12 col-md-12\">\n<div class=\"doctor-single-wrapper\">\n<div class=\"row\">\n<div class=\"doctor-single-details col-md-8\">\n<div class=\"doctor-main-description\">\n<h3>E\u011fitim:<\/h3>\n<p>1992 Y\u00fcksek Lisans Derecesi, G\u00fclhane Askeri T\u0131p Akademisi, Ankara, T\u00fcrkiye<\/p>\n<p>1993 Staj, G\u00fclhane Askeri T\u0131p Akademisi, Ankara, T\u00fcrkiye<\/p>\n<p>1994 \u0130leri Acil T\u0131p Kursu, G\u00fclhane Askeri T\u0131p Akademisi, Ankara, T\u00fcrkiye<\/p>\n<p>2001 Plastik ve Rekonstr\u00fcktif Cerrahi Asistanl\u0131\u011f\u0131, G\u00fclhane Askeri T\u0131p Akademisi, Ankara, T\u00fcrkiye<\/p>\n<p>2001 Mikrocerrahi Kursu, G\u00fclhane Askeri T\u0131p Akademisi, Ankara, T\u00fcrkiye<\/p>\n<p>2002 Y\u00fcz esteti\u011fi cerrahisi at\u00f6lye \u00e7al\u0131\u015fmas\u0131, Manhattan KBB merkezi, New York<\/p>\n<p>2004 Doktora sonras\u0131 ara\u015ft\u0131rmac\u0131, Baylor College of Medicine, Houston, Teksas<\/p>\n<p>2004 Klein T\u00fcmescent Liposuction Kursu, San Juan Capistrano, CA<\/p>\n<\/p>\n<h3>Tecr\u00fcbe:<\/h3>\n<p>2012-2017 Plastik cerrah, Anatomica hastanesi<\/p>\n<p>2008-2012 \u00d6zel muayenehane<\/p>\n<p>2006- 2008 Estetik ve Plastik Cerrah, Memorial Hastanesi \u0130stanbul<\/p>\n<p>2004-2008 Plastik Cerrah, Transmed Estetik ve Sa\u00e7 Cerrahisi Klini\u011fi<\/p>\n<p>2003-2004 Doktora sonras\u0131 ara\u015ft\u0131rmac\u0131, Baylor College of Medicine, Houston, Teksas<\/p>\n<p>2002-2003 Plastik Cerrah, Kas\u0131mpa\u015fa Deniz Hastanesi, Plastik Cerrahi B\u00f6l\u00fcm\u00fc, \u0130stanbul, T\u00fcrkiye<\/p>\n<p>2001-2002 Plastik Cerrah, Askeri Yan\u0131k Merkezi \u015eefi, G\u00fclhane Askeri T\u0131p Akademisi<\/p>\n<p>1993-1996 Ba\u015f Askeri Doktor, Deniz Harp Okulu, \u0130stanbul<\/p>\n<\/p>\n<h3>ONURLAR-\u00d6D\u00dcLLER:<\/h3>\n<p>2000 T\u00fcrk Cerrahlar Derne\u011fi Ara\u015ft\u0131rma Yar\u0131\u015fmas\u0131<sup>1<\/sup>.lik \u00d6d\u00fcl\u00fc, \u0130zmir, T\u00fcrkiye Plastik<\/p>\n<p>2000 Hacettepe \u00dcniversitesi Ara\u015ft\u0131rma Yar\u0131\u015fmas\u0131<sup>Birincilik<\/sup> \u00d6d\u00fcl\u00fc, Ankara, T\u00fcrkiye<\/p>\n<p>2001 T\u00fcrk Plastik Cerrahlar Derne\u011fi Ara\u015ft\u0131rma Yar\u0131\u015fmas\u0131<sup>1<\/sup>.lik \u00d6d\u00fcl\u00fc, \u0130stanbul, T\u00fcrkiye<\/p>\n<p>2002 S\u00fcper Ba\u015far\u0131 \u00d6d\u00fcl\u00fc, G\u00fclhane Askeri T\u0131p Akademisi ve Sa\u011fl\u0131k Komutanl\u0131\u011f\u0131<\/p>\n<p>2002 T\u00fcrk Silahl\u0131 Kuvvetleri bilimsel ara\u015ft\u0131rma destek bursu: TGF\uf062-1 kraniyal kemik iyile\u015fmesi i\u00e7in gen tedavisi.<\/p>\n<p>2002 T\u00fcrk Silahl\u0131 Kuvvetleri bilimsel ara\u015ft\u0131rma destek bursu: TGF\uf062-1 s\u0131\u00e7anlarda alt ekstremite transplantasyonunda lokal imm\u00fcnosupresyon i\u00e7in gen tedavisi.<\/p>\n<p>2004 Ba\u015f ara\u015ft\u0131rmac\u0131 ara\u015ft\u0131rma \u00f6d\u00fcl\u00fc ve hibe. ISHRS.<\/p>\n<p>2004 Ekip \u00fcyesi ara\u015ft\u0131rma \u00f6d\u00fcl\u00fc ve bursu. ISHRS<\/p>\n<h3> <\/h3>\n<h3>SERTIFIKALAR:<\/h3>\n<p>1993 ECFMG Temel ve Klinik Bilimler<\/p>\n<p>1993 T\u0131p Doktoru Derecesi<\/p>\n<p>1994 ECFMG Sertifikas\u0131 (0- 491- 788- 6)<\/p>\n<p>1994 USMLE Ad\u0131m I ve II<\/p>\n<p>2001 T\u00fcrk Plastik Cerrahi Derne\u011fi<\/p>\n<p>2004 Uluslararas\u0131 Sa\u00e7 Restorasyon Cerrahisi Derne\u011fi (ISHRS)<\/p>\n<\/p>\n<h3>\u00dcYEL\u0130KLER:<\/h3>\n<p>Avrupa Sa\u00e7 Restorasyon Cerrahisi Derne\u011fi (ESHRS)<\/p>\n<\/p>\n<h3>YAYINLAR:<\/h3>\n<ul>\n<li>Deveci M., <strong>Er E.<\/strong>, Sengezer M. Yan\u0131k merkezimizdeki yan\u0131klar\u0131n mortalite analizi. T\u00fcrk Plastik Cerrahlar Derne\u011fi Dergisi 1998 Nisan; 12(1): 134-136<\/li>\n<li>\u015eengezer M., <strong>Er E<\/strong>., Deveci M., I\u015f\u0131k S. Pediatrik maksillofasiyal travmalar\u0131n tedavisi: Klinik deneyimlerimiz. T\u00fcrk Plastik Cerrahlar Derne\u011fi Dergisi 2000, 8 (2); 75 &#8211; 81<\/li>\n<li>Duman H., <strong>Er E.<\/strong>, Sengezer M. Rijit internal fiksasyon ile onar\u0131lan bir zigomatik kompleks k\u0131r\u0131\u011f\u0131 olgusunda ge\u00e7 d\u00f6nemde geli\u015fen enfeksiyon. G\u00fclhane Askeri T\u0131p Akademisi Dergisi 2001; 43(4): 437- 439<\/li>\n<li>I\u015f\u0131k S., <strong>Er E.<\/strong>, Ni\u015fanc\u0131 M. \u0130kinci \u0131\u015f\u0131n\u0131n ate\u015fli silah yaralanmalar\u0131n\u0131n rekonstr\u00fcksiyonu. Uluslararas\u0131 el cerrahisi dernekleri federasyonu<sup>8<\/sup>. kongre bildirileri 2001; 19-21<\/li>\n<li>I\u015f\u0131k S., Ni\u015fanc\u0131 M., <strong>Er E<\/strong>. Elin ate\u015fli silah yaralanmalar\u0131n\u0131n toe-to hand transferleri ile rekonstr\u00fcksiyonu Proceedings of the<sup>8th<\/sup> congress of the international federation of societies for surgery of the hand 2001; 630-632<\/li>\n<li>Ni\u015fanc\u0131 M, <strong>Er E<\/strong>, I\u015f\u0131k S, \u015eengezer M. Yan\u0131k sonras\u0131 aksiller kontrakt\u00fcrlerde tedavi y\u00f6ntemleri ve skapular flebin \u00e7ok y\u00f6nl\u00fcl\u00fc\u011f\u00fc. Burns. 2002 Mar;28(2):177-80.<\/li>\n<li>Duman H, <strong>Er E<\/strong>, I\u015f\u0131k S, T\u00fcreg\u00fcn M, Deveci M, Ni\u015fanc\u0131 M, \u015eengezer M. Medial plantar flebin \u00e7ok y\u00f6nl\u00fcl\u00fc\u011f\u00fc: klinik deneyimimiz. Plast Reconstr Surg. 2002 Mar;109(3):1007-12.<\/li>\n<li>I\u015f\u0131k S., <strong>Er E<\/strong>., Soysal Y., \u0130mirzal\u0131o\u011flu N. Modifiye k\u00fclt\u00fcr fibroblastlar\u0131 ile deri ksenograft sa\u011fkal\u0131m\u0131n\u0131n uzat\u0131lmas\u0131. Plast Reconstr Surg. 2003 Jan;111(1):275-82.<\/li>\n<li>Duman H., <strong>Er E.<\/strong>, Turegun M., Sengezer M., Elektrik yaralanmas\u0131na ba\u011fl\u0131 \u00fcst ekstremite amputasyon k\u00fct\u00fcklerinin bilateral serbest miyokutan\u00f6z latissimus dorsi flep onar\u0131m\u0131: Olgu Sunumu . Burns. 2003 Feb;29(1):87-91<\/li>\n<li>Isik S., Nisanci M., <strong>Er E.<\/strong>, Duman H. Pseudo-syndactilic toe-to-hand transfers. Plast Plast Reconstr Surg. 2003 Jan;111(1):355-60.<\/li>\n<li>I\u015f\u0131k S.<strong>,Er E<\/strong>., Uygur F., Ni\u015fanc\u0131 M. Ba\u015fparmak abd\u00fcksiyon kontrakt\u00fcr\u00fcn\u00fcn k\u0131smi ayak parma\u011f\u0131n\u0131n mikrocerrahi transferi ile onar\u0131m\u0131. Burns. 2002 A\u011fustos;28(5):486-9<\/li>\n<li>Nisanci M., <strong>Er E.<\/strong>, Yildiz C., Turegun M., Atesalp S., Sengezer M. Distal tibia ezilme amputasyonunun \u0130lizarov sirk\u00fcler eksternal fiksat\u00f6r ile uzatma sonras\u0131 replantasyonu; iki y\u0131ll\u0131k takip. Mikrocerrahi. 2002;22(7):295-9.<\/li>\n<li><strong>Er E,<\/strong> U\u00e7ar C. Aksiller kontrakt\u00fcrlerin torakodorsal perforat\u00f6r ada flebi ile rekonstr\u00fcksiyonu. Burns. 2005 Sep;31(6):726-30.<\/li>\n<li><strong>Er E.,<\/strong> Kulahc\u0131 M., Hamilo\u011flu E. In vivo folik\u00fcler \u00fcnite \u00e7o\u011falt\u0131m\u0131; s\u0131n\u0131rs\u0131z don\u00f6r kayna\u011f\u0131 toplamak m\u00fcmk\u00fcn m\u00fc? Dermatolojik Cerrahi 2006 (bask\u0131da)<\/li>\n<\/ul>\n<h3>Ulusal Sunumlar:<\/h3>\n<ul>\n<li><strong>Er E.,<\/strong> I\u015f\u0131k S. Modifiye edilmi\u015f k\u00fclt\u00fcr fibroblastlar\u0131 ile deri ksenograft sa\u011fkal\u0131m\u0131n\u0131n uzat\u0131lmas\u0131. 22<sup>.<\/sup> Ulusal T\u00fcrk Plastik Ulusal T\u00fcrk Plastik Cerrahlar Kongresi.<\/li>\n<li>Nisanci M.,<strong> Er E<\/strong>., Isik S. Topuk defektlerinde \u00e7apraz bacak medial plantar flep kullan\u0131m\u0131. 22<sup>.<\/sup> Ulusal T\u00fcrk Plastik Ulusal T\u00fcrk Plastik Cerrahlar Kongresi.<\/li>\n<li>\u015eengezer M., Deveci M., I\u015f\u0131k S, <strong>Er E<\/strong>.,. Pediatrik maksillofasiyal travmalar\u0131n tedavisi: Klinik deneyimimiz. 22<sup>.<\/sup> Ulusal T\u00fcrk Plastik Ulusal T\u00fcrk Plastik Cerrahlar Kongresi.<\/li>\n<li>Duman H., Ni\u015fanc\u0131 M., <strong>Er E<\/strong>. B\u00fcy\u00fck abdominal duvar defektlerinin rekonstr\u00fcksiyonu.23<sup>. <\/sup>Ulusal T\u00fcrk Plastik Cerrahlar Kongresi.<\/li>\n<li>Duman H., Zor F., Ni\u015fanc\u0131 M., <strong>Er E<\/strong>. Maksillofasiyal travmalarda rijit fiksasyonu takiben pla\u011f\u0131n \u00e7\u0131kar\u0131lmas\u0131n\u0131n ana nedenleri. 23<sup>. <\/sup>Ulusal T\u00fcrk Plastik Ulusal T\u00fcrk Plastik Cerrahlar Kongresi.<\/li>\n<li><strong>Er E.,<\/strong> I\u015f\u0131k S., \u015eengezer M. K\u00f6peklerde lokal imm\u00fcns\u00fcpresyon ile allojenik kompozit doku transplantasyonu. 23<sup>. <\/sup>Ulusal T\u00fcrk Plastik Ulusal T\u00fcrk Plastik Cerrahlar Kongresi.<\/li>\n<li><strong>Er E.,<\/strong> Soysal Y., Imirzalioglu N.<strong> <\/strong>Modifiye k\u00fclt\u00fcr fibroblastlar\u0131 ile deri ksenograft sa\u011fkal\u0131m\u0131n\u0131n uzat\u0131lmas\u0131.<sup>7<\/sup>. ulusal tibbi\u0307 bi\u0307yoloji\u0307 kongresi\u0307.<\/li>\n<\/ul>\n<h3>Uluslararas\u0131 Sunumlar:<\/h3>\n<ul>\n<li>I\u015f\u0131k S., \u015eengezer M., Ni\u015fanc\u0131 M.,<strong> Er E <\/strong>., Bozkurt M. Yan\u0131k komplikasyonlar\u0131n\u0131n ge\u00e7 rekonstr\u00fcksiyonunda medial plantar flep kullan\u0131m\u0131. Orta Do\u011fu&#8217;da Yan\u0131k ve Yang\u0131n Felaketi, Eyl\u00fcl 2000.<\/li>\n<li>Deveci M., \u015eengezer M., Eski M., Bayram Y., <strong>Er E <\/strong>. Yan\u0131k s\u0131\u00e7anlarda seryum nitrat banyosunun ve erken yan\u0131k yaras\u0131 eksizyonunun IL-6 ve TNF-a d\u00fczeyleri \u00fczerine etkileri. Orta Do\u011fu&#8217;da Yan\u0131k ve Yang\u0131n Felaketi, Eyl\u00fcl 2000.<\/li>\n<li>Ni\u015fanc\u0131 M., T\u00fcreg\u00fcn M., <strong>Er E.<\/strong>, Kopal C. Aksiller kontrakt\u00fcrde tedavi modaliteleri: Skapular flep elevasyonunda yeni bir y\u00f6ntem. Orta Do\u011fu&#8217;da Yan\u0131k ve Yang\u0131n Felaketi, Eyl\u00fcl 2000.<\/li>\n<li>I\u015f\u0131k S., <strong>Er E.<\/strong>, Ni\u015fanc\u0131 M. \u0130kinci \u0131\u015f\u0131n\u0131n ate\u015fli silah yaralanmalar\u0131n\u0131n rekonstr\u00fcksiyonu. Uluslararas\u0131 el cerrahisi dernekleri federasyonu<sup>8<\/sup>. kongresi, Haziran 2001<\/li>\n<li>I\u015f\u0131k S., Ni\u015fanc\u0131 M., <strong>Er E<\/strong>. Ate\u015fli silah yaralanmalar\u0131nda elden ele transferler ile rekonstr\u00fcksiyon. Uluslararas\u0131 El Cerrahisi Dernekleri Federasyonu 8 <sup>.<\/sup> Kongresi Haziran 2001<\/li>\n<li>I\u015f\u0131k S., Ni\u015fanc\u0131 M., <strong>Er E.<\/strong>, Uygur F. Ba\u015fparmak ve i\u015faret parma\u011f\u0131n\u0131n e\u015f zamanl\u0131 rekonstr\u00fcksiyonu i\u00e7in ps\u00f6do-sindaktilik parmaktan ele transfer.<sup>6<\/sup>. Avrupa Mikrocerrahi Dernekleri Kongresi Haziran 2002<\/li>\n<li><strong>Er E.,<\/strong> I\u015f\u0131k S., G\u00fcl H., Yar\u0131m M., \u015eengezer M. Lokal imm\u00fcns\u00fcpresyon ile k\u00f6pek hemifasiyal kompozit doku transplantasyonu. 71. y\u0131ll\u0131k ASPS\/PSEF\/ASMS bilimsel toplant\u0131s\u0131, 2002<\/li>\n<li>Totan S, Yuksel E, Echo A, <strong>Er E<\/strong>, Amer A, Spira M, Shenaq SM. Is\u0131 \u015foku proteinleri keloid olu\u015fumunu mod\u00fcle eder. American College Of Surgeons 89. Y\u0131ll\u0131k Klinik Kongresi, 19-23 Ekim 2003 Chicago, Illinois<\/li>\n<li><strong>Er E.,<\/strong> K\u00fclahc\u0131 M., Hamilo\u011flu E. Yeni bir yara izi olu\u015fturmadan yara izi gizleme. Sa\u00e7 Restorasyon Cerrahisi 12. Y\u0131ll\u0131k bilimsel toplant\u0131s\u0131. 11-15 A\u011fustos 2004 Vancouver, BC, Kanada<\/li>\n<li><strong>Er E,<\/strong> Kulahc\u0131 M, Hamilo\u011flu E, Cingil H. Transmed greft koruyucu sol\u00fcsyon. Sa\u00e7 Restorasyon Cerrahisi 12. Y\u0131ll\u0131k bilimsel toplant\u0131s\u0131. 11-15 A\u011fustos 2004 Vancouver, BC, Kanada<\/li>\n<li>Kulahc\u0131 M, <strong>Er E<\/strong>, Hamilo\u011flu E. \u0130n vivo folik\u00fcler \u00fcnite \u00e7o\u011falmas\u0131. Sa\u00e7 Restorasyon Cerrahisi 12. Y\u0131ll\u0131k bilimsel toplant\u0131s\u0131. 11-15 A\u011fustos 2004 Vancouver, BC, Kanada<\/li>\n<\/ul>\n<h3>\u00d6zel \u0130lgi Alanlar\u0131:<strong><br \/><\/strong><\/h3>\n<ul>\n<li>Liposuction ve v\u00fccut \u015fekillendirme<\/li>\n<li>Meme b\u00fcy\u00fctme, meme dikle\u015ftirme ve k\u00fc\u00e7\u00fcltme ameliyat\u0131<\/li>\n<li>Rinoplasti<\/li>\n<li>Y\u00fcz Esteti\u011fi Cerrahisi<\/li>\n<li>Sa\u00e7 ekimi<\/li>\n<li>Maksillofasiyal cerrahi<\/li>\n<li>Ekstremite rekonstr\u00fcksiyonlar\u0131<\/li>\n<li>Plastik cerrahide gen tedavisi<\/li>\n<li>Plastik cerrahide doku m\u00fchendisli\u011fi<\/li>\n<\/ul>\n<\/div>\n<\/div>\n<\/div>\n<\/div>\n<\/div>\n<\/div>\n<\/div>\n<\/section>\n<footer class=\"site-footer\">\n<div class=\"container\">\n<div class=\"row\">\n<div class=\"footer-widgets col-md-6\">\n<div class=\"footer-widgets-holder\">\n<div class=\"row\">\n<div class=\"col-xs-4 col-sm-4 col-md-4\">\n<div id=\"gg_contact_widget-10\" class=\"gg-widget contact\"> <\/div>\n<\/div>\n<\/div>\n<\/div>\n<\/div>\n<\/div>\n<\/div>\n<\/footer>\n\t\t\t\t\t\t\t\t<\/div>\n\t\t\t\t<\/div>\n\t\t\t\t<\/div>\n\t\t\t\t\t<\/div>\n\t\t\t\t<\/div>\n\t\t\t\t<\/div>\n\t\t","protected":false},"excerpt":{"rendered":"<p>Dr. Ergin Er E\u011fitim: 1992 Y\u00fcksek Lisans Derecesi, G\u00fclhane Askeri T\u0131p Akademisi, Ankara, T\u00fcrkiye 1993 Staj, G\u00fclhane Askeri T\u0131p Akademisi, Ankara, T\u00fcrkiye 1994 \u0130leri Acil T\u0131p Kursu, G\u00fclhane Askeri T\u0131p Akademisi, Ankara, T\u00fcrkiye 2001 Plastik ve Rekonstr\u00fcktif Cerrahi Asistanl\u0131\u011f\u0131, G\u00fclhane Askeri T\u0131p Akademisi, Ankara, T\u00fcrkiye 2001 Mikrocerrahi Kursu, G\u00fclhane Askeri T\u0131p Akademisi, Ankara, T\u00fcrkiye 2002 [&hellip;]<\/p>\n","protected":false},"author":1,"featured_media":0,"parent":0,"menu_order":0,"comment_status":"closed","ping_status":"closed","template":"","meta":{"_themeisle_gutenberg_block_has_review":false,"footnotes":""},"class_list":["post-16381","page","type-page","status-publish","hentry"],"_links":{"self":[{"href":"https:\/\/www.istanbulaestheticcenter.com\/tr\/wp-json\/wp\/v2\/pages\/16381","targetHints":{"allow":["GET"]}}],"collection":[{"href":"https:\/\/www.istanbulaestheticcenter.com\/tr\/wp-json\/wp\/v2\/pages"}],"about":[{"href":"https:\/\/www.istanbulaestheticcenter.com\/tr\/wp-json\/wp\/v2\/types\/page"}],"author":[{"embeddable":true,"href":"https:\/\/www.istanbulaestheticcenter.com\/tr\/wp-json\/wp\/v2\/users\/1"}],"replies":[{"embeddable":true,"href":"https:\/\/www.istanbulaestheticcenter.com\/tr\/wp-json\/wp\/v2\/comments?post=16381"}],"version-history":[{"count":2,"href":"https:\/\/www.istanbulaestheticcenter.com\/tr\/wp-json\/wp\/v2\/pages\/16381\/revisions"}],"predecessor-version":[{"id":17748,"href":"https:\/\/www.istanbulaestheticcenter.com\/tr\/wp-json\/wp\/v2\/pages\/16381\/revisions\/17748"}],"wp:attachment":[{"href":"https:\/\/www.istanbulaestheticcenter.com\/tr\/wp-json\/wp\/v2\/media?parent=16381"}],"curies":[{"name":"wp","href":"https:\/\/api.w.org\/{rel}","templated":true}]}}