{"id":16379,"date":"2024-04-18T13:08:15","date_gmt":"2024-04-18T10:08:15","guid":{"rendered":"https:\/\/www.istanbulaestheticcenter.com\/dr-aylin-turan\/"},"modified":"2024-04-22T04:22:26","modified_gmt":"2024-04-22T01:22:26","slug":"dr-aylin-turan","status":"publish","type":"page","link":"https:\/\/www.istanbulaestheticcenter.com\/tr\/dr-aylin-turan\/","title":{"rendered":"Dr.Aylin Turan"},"content":{"rendered":"\t\t<div data-elementor-type=\"wp-page\" data-elementor-id=\"16379\" class=\"elementor elementor-16379 elementor-12838\">\n\t\t\t\t<div class=\"elementor-element elementor-element-d06349c e-flex e-con-boxed e-con e-parent\" data-id=\"d06349c\" data-element_type=\"container\">\n\t\t\t\t\t<div class=\"e-con-inner\">\n\t\t<div class=\"elementor-element elementor-element-690ae28 e-con-full e-flex e-con e-child\" data-id=\"690ae28\" data-element_type=\"container\">\n\t\t\t\t<div class=\"elementor-element elementor-element-3f4e4f7 elementor-widget elementor-widget-heading\" data-id=\"3f4e4f7\" data-element_type=\"widget\" data-widget_type=\"heading.default\">\n\t\t\t\t<div class=\"elementor-widget-container\">\n\t\t\t\t\t<h2 class=\"elementor-heading-title elementor-size-default\">Dr. Aylin Turan<\/h2>\t\t\t\t<\/div>\n\t\t\t\t<\/div>\n\t\t\t\t<div class=\"elementor-element elementor-element-e0bd4ce elementor-widget elementor-widget-image\" data-id=\"e0bd4ce\" data-element_type=\"widget\" data-widget_type=\"image.default\">\n\t\t\t\t<div class=\"elementor-widget-container\">\n\t\t\t\t\t\t\t\t\t\t\t\t\t\t\t<img fetchpriority=\"high\" decoding=\"async\" width=\"265\" height=\"265\" src=\"https:\/\/www.istanbulaestheticcenter.com\/wp-content\/uploads\/2024\/04\/dr-aylin-turan-iac.jpg\" class=\"attachment-large size-large wp-image-15590\" alt=\"\" srcset=\"https:\/\/www.istanbulaestheticcenter.com\/wp-content\/uploads\/2024\/04\/dr-aylin-turan-iac.jpg 265w, https:\/\/www.istanbulaestheticcenter.com\/wp-content\/uploads\/2024\/04\/dr-aylin-turan-iac-150x150.jpg 150w, https:\/\/www.istanbulaestheticcenter.com\/wp-content\/uploads\/2024\/04\/dr-aylin-turan-iac-100x100.jpg 100w\" sizes=\"(max-width: 265px) 100vw, 265px\" \/>\t\t\t\t\t\t\t\t\t\t\t\t\t\t\t<\/div>\n\t\t\t\t<\/div>\n\t\t\t\t<\/div>\n\t\t<div class=\"elementor-element elementor-element-0b3b9f6 e-con-full e-flex e-con e-child\" data-id=\"0b3b9f6\" data-element_type=\"container\">\n\t\t\t\t<div class=\"elementor-element elementor-element-324471e elementor-widget elementor-widget-text-editor\" data-id=\"324471e\" data-element_type=\"widget\" data-widget_type=\"text-editor.default\">\n\t\t\t\t<div class=\"elementor-widget-container\">\n\t\t\t\t\t\t\t\t\t<section id=\"content\">\n<div class=\"container\">\n<div class=\"row\">\n<div class=\"col-xs-12 col-md-12\">\n<div class=\"doctor-single-wrapper\">\n<div class=\"row\">\n<div class=\"doctor-single-details col-md-8\">\n<div class=\"doctor-main-description\">\n<h3>E\u011fitim:<\/h3>\n<p>Dicle \u00dcniversitesi Di\u015f Hekimli\u011fi Fak\u00fcltesi<\/p>\n<h3>Tecr\u00fcbe:<\/h3>\n<p>2011 -2014 Kartal A\u011f\u0131z ve Di\u015f Sa\u011fl\u0131\u011f\u0131 Hastanesi<\/p>\n<p>1994-2011 Kons\u00fcltasyon Odas\u0131 Doktoru<\/p>\n<h3>\u00dcyelikler:<\/h3>\n<p>Estetik Di\u015f Hekimli\u011fi Akademisi Derne\u011fi<\/p>\n<h3>Kurslar:<\/h3>\n<ul>\n<li>Hastalar \u00dczerinde Uygulamal\u0131 \u0130mplant E\u011fitimi 2015<\/li>\n<li>Kompozit Veneer Restorasyon Kursu 2015<\/li>\n<li>Uygulamal\u0131 \u0130leri \u0130mplant E\u011fitimi 2015<\/li>\n<li>\u0130mplant Protezleri E\u011fitimi 2015<\/li>\n<li>Temel \u0130mplant E\u011fitimi 2014<\/li>\n<li>Lazer E\u011fitimi 2014<\/li>\n<li>TDB fiber kursu 2009<\/li>\n<li>Uygulamal\u0131 \u0130mplant E\u011fitimi 2008<\/li>\n<li>Yap\u0131\u015ft\u0131rma Kompozit Uygulamalar\u0131 2008<\/li>\n<li>Posterior \u0130ndirekt Kompozit Uygulamas\u0131 2008<\/li>\n<\/ul>\n<\/div>\n<\/div>\n<\/div>\n<\/div>\n<\/div>\n<\/div>\n<\/div>\n<\/section>\n\t\t\t\t\t\t\t\t<\/div>\n\t\t\t\t<\/div>\n\t\t\t\t<\/div>\n\t\t\t\t\t<\/div>\n\t\t\t\t<\/div>\n\t\t\t\t<\/div>\n\t\t","protected":false},"excerpt":{"rendered":"<p>Dr. Aylin Turan E\u011fitim: Dicle \u00dcniversitesi Di\u015f Hekimli\u011fi Fak\u00fcltesi Tecr\u00fcbe: 2011 -2014 Kartal A\u011f\u0131z ve Di\u015f Sa\u011fl\u0131\u011f\u0131 Hastanesi 1994-2011 Kons\u00fcltasyon Odas\u0131 Doktoru \u00dcyelikler: Estetik Di\u015f Hekimli\u011fi Akademisi Derne\u011fi Kurslar: Hastalar \u00dczerinde Uygulamal\u0131 \u0130mplant E\u011fitimi 2015 Kompozit Veneer Restorasyon Kursu 2015 Uygulamal\u0131 \u0130leri \u0130mplant E\u011fitimi 2015 \u0130mplant Protezleri E\u011fitimi 2015 Temel \u0130mplant E\u011fitimi 2014 Lazer E\u011fitimi [&hellip;]<\/p>\n","protected":false},"author":1,"featured_media":0,"parent":0,"menu_order":0,"comment_status":"closed","ping_status":"closed","template":"","meta":{"_themeisle_gutenberg_block_has_review":false,"footnotes":""},"class_list":["post-16379","page","type-page","status-publish","hentry"],"_links":{"self":[{"href":"https:\/\/www.istanbulaestheticcenter.com\/tr\/wp-json\/wp\/v2\/pages\/16379","targetHints":{"allow":["GET"]}}],"collection":[{"href":"https:\/\/www.istanbulaestheticcenter.com\/tr\/wp-json\/wp\/v2\/pages"}],"about":[{"href":"https:\/\/www.istanbulaestheticcenter.com\/tr\/wp-json\/wp\/v2\/types\/page"}],"author":[{"embeddable":true,"href":"https:\/\/www.istanbulaestheticcenter.com\/tr\/wp-json\/wp\/v2\/users\/1"}],"replies":[{"embeddable":true,"href":"https:\/\/www.istanbulaestheticcenter.com\/tr\/wp-json\/wp\/v2\/comments?post=16379"}],"version-history":[{"count":1,"href":"https:\/\/www.istanbulaestheticcenter.com\/tr\/wp-json\/wp\/v2\/pages\/16379\/revisions"}],"predecessor-version":[{"id":16380,"href":"https:\/\/www.istanbulaestheticcenter.com\/tr\/wp-json\/wp\/v2\/pages\/16379\/revisions\/16380"}],"wp:attachment":[{"href":"https:\/\/www.istanbulaestheticcenter.com\/tr\/wp-json\/wp\/v2\/media?parent=16379"}],"curies":[{"name":"wp","href":"https:\/\/api.w.org\/{rel}","templated":true}]}}