{"id":16377,"date":"2024-04-18T13:31:14","date_gmt":"2024-04-18T10:31:14","guid":{"rendered":"https:\/\/www.istanbulaestheticcenter.com\/dr-mete-aksu\/"},"modified":"2024-07-12T16:53:03","modified_gmt":"2024-07-12T13:53:03","slug":"dr-mete-aksu","status":"publish","type":"page","link":"https:\/\/www.istanbulaestheticcenter.com\/tr\/dr-mete-aksu\/","title":{"rendered":"Dr. Mete Aksu"},"content":{"rendered":"\t\t<div data-elementor-type=\"wp-page\" data-elementor-id=\"16377\" class=\"elementor elementor-16377 elementor-12882\">\n\t\t\t\t<div class=\"elementor-element elementor-element-d06349c e-flex e-con-boxed e-con e-parent\" data-id=\"d06349c\" data-element_type=\"container\">\n\t\t\t\t\t<div class=\"e-con-inner\">\n\t\t<div class=\"elementor-element elementor-element-690ae28 e-con-full e-flex e-con e-child\" data-id=\"690ae28\" data-element_type=\"container\">\n\t\t\t\t<div class=\"elementor-element elementor-element-3f4e4f7 elementor-widget elementor-widget-heading\" data-id=\"3f4e4f7\" data-element_type=\"widget\" data-widget_type=\"heading.default\">\n\t\t\t\t<div class=\"elementor-widget-container\">\n\t\t\t\t\t<h2 class=\"elementor-heading-title elementor-size-default\">Dr. Mete Aksu<\/h2>\t\t\t\t<\/div>\n\t\t\t\t<\/div>\n\t\t\t\t<div class=\"elementor-element elementor-element-e0bd4ce elementor-widget elementor-widget-image\" data-id=\"e0bd4ce\" data-element_type=\"widget\" data-widget_type=\"image.default\">\n\t\t\t\t<div class=\"elementor-widget-container\">\n\t\t\t\t\t\t\t\t\t\t\t\t\t\t\t<img fetchpriority=\"high\" decoding=\"async\" width=\"265\" height=\"265\" src=\"https:\/\/www.istanbulaestheticcenter.com\/wp-content\/uploads\/2024\/04\/dr-mete-aksu.jpg\" class=\"attachment-large size-large wp-image-15604\" alt=\"\" srcset=\"https:\/\/www.istanbulaestheticcenter.com\/wp-content\/uploads\/2024\/04\/dr-mete-aksu.jpg 265w, https:\/\/www.istanbulaestheticcenter.com\/wp-content\/uploads\/2024\/04\/dr-mete-aksu-150x150.jpg 150w, https:\/\/www.istanbulaestheticcenter.com\/wp-content\/uploads\/2024\/04\/dr-mete-aksu-100x100.jpg 100w\" sizes=\"(max-width: 265px) 100vw, 265px\" \/>\t\t\t\t\t\t\t\t\t\t\t\t\t\t\t<\/div>\n\t\t\t\t<\/div>\n\t\t\t\t<\/div>\n\t\t<div class=\"elementor-element elementor-element-0b3b9f6 e-con-full e-flex e-con e-child\" data-id=\"0b3b9f6\" data-element_type=\"container\">\n\t\t\t\t<div class=\"elementor-element elementor-element-5de30af elementor-widget elementor-widget-spacer\" data-id=\"5de30af\" data-element_type=\"widget\" data-widget_type=\"spacer.default\">\n\t\t\t\t<div class=\"elementor-widget-container\">\n\t\t\t\t\t\t\t<div class=\"elementor-spacer\">\n\t\t\t<div class=\"elementor-spacer-inner\"><\/div>\n\t\t<\/div>\n\t\t\t\t\t\t<\/div>\n\t\t\t\t<\/div>\n\t\t\t\t<div class=\"elementor-element elementor-element-324471e elementor-widget elementor-widget-text-editor\" data-id=\"324471e\" data-element_type=\"widget\" data-widget_type=\"text-editor.default\">\n\t\t\t\t<div class=\"elementor-widget-container\">\n\t\t\t\t\t\t\t\t\t<section id=\"content\">\n<div class=\"container\">\n<div class=\"row\">\n<div class=\"col-xs-12 col-md-12\">\n<div class=\"doctor-single-wrapper\">\n<div class=\"row\">\n<div class=\"doctor-single-details col-md-8\">\n<div class=\"doctor-main-description\">\n<p>1973 y\u0131l\u0131nda \u00c7orum&#8217;da do\u011fdu.<br \/>Atat\u00fcrk Lisesi&#8217;nden 57. d\u00f6nem mezunu olarak mezun oldu.<br \/>G\u00fclhane Askeri T\u0131p Akademisi&#8217;nde \u00f6\u011frenim g\u00f6rd\u00fc.<br \/>Deniz Kuvvetleri Komutanl\u0131\u011f\u0131&#8217;na kat\u0131larak TCG ANITTEPE ve TCG TURGUT RE\u0130S f\u0131rkateyn gemilerinde Te\u011fmen ve \u00dcste\u011fmen olarak g\u00f6rev yapt\u0131.<br \/>Daha sonra Ankara Gata Plastik Rekonstr\u00fcktif ve Estetik Cerrahi Klini\u011fi&#8217;nde g\u00f6revine devam etti.<\/p>\n<p>(Bilkent \u00dcniversitesi Genetik ve Molek\u00fcler Biyoloji B\u00f6l\u00fcm\u00fc ile ortak \u00e7al\u0131\u015fma) VEGF, EGF ve FGF genleri ile modifiye edilmi\u015f keratinosit k\u00fclt\u00fcr\u00fcn\u00fcn s\u0131\u00e7anlarda kronik yara iyile\u015fmesi \u00fczerine etkisi ile ihtisas\u0131n\u0131 tamamlad\u0131.<br \/>Kas\u0131mpa\u015fa Deniz Hastanesi&#8217;nden Yarbay r\u00fctbesi ile emekli oldu.<\/p>\n<\/div>\n<\/div>\n<\/div>\n<\/div>\n<\/div>\n<\/div>\n<\/div>\n<\/section>\n\t\t\t\t\t\t\t\t<\/div>\n\t\t\t\t<\/div>\n\t\t\t\t<\/div>\n\t\t\t\t\t<\/div>\n\t\t\t\t<\/div>\n\t\t\t\t<\/div>\n\t\t","protected":false},"excerpt":{"rendered":"<p>Dr. Mete Aksu 1973 y\u0131l\u0131nda \u00c7orum&#8217;da do\u011fdu.Atat\u00fcrk Lisesi&#8217;nden 57. d\u00f6nem mezunu olarak mezun oldu.G\u00fclhane Askeri T\u0131p Akademisi&#8217;nde \u00f6\u011frenim g\u00f6rd\u00fc.Deniz Kuvvetleri Komutanl\u0131\u011f\u0131&#8217;na kat\u0131larak TCG ANITTEPE ve TCG TURGUT RE\u0130S f\u0131rkateyn gemilerinde Te\u011fmen ve \u00dcste\u011fmen olarak g\u00f6rev yapt\u0131.Daha sonra Ankara Gata Plastik Rekonstr\u00fcktif ve Estetik Cerrahi Klini\u011fi&#8217;nde g\u00f6revine devam etti. (Bilkent \u00dcniversitesi Genetik ve Molek\u00fcler Biyoloji B\u00f6l\u00fcm\u00fc [&hellip;]<\/p>\n","protected":false},"author":1,"featured_media":0,"parent":0,"menu_order":0,"comment_status":"closed","ping_status":"closed","template":"","meta":{"_themeisle_gutenberg_block_has_review":false,"footnotes":""},"class_list":["post-16377","page","type-page","status-publish","hentry"],"_links":{"self":[{"href":"https:\/\/www.istanbulaestheticcenter.com\/tr\/wp-json\/wp\/v2\/pages\/16377","targetHints":{"allow":["GET"]}}],"collection":[{"href":"https:\/\/www.istanbulaestheticcenter.com\/tr\/wp-json\/wp\/v2\/pages"}],"about":[{"href":"https:\/\/www.istanbulaestheticcenter.com\/tr\/wp-json\/wp\/v2\/types\/page"}],"author":[{"embeddable":true,"href":"https:\/\/www.istanbulaestheticcenter.com\/tr\/wp-json\/wp\/v2\/users\/1"}],"replies":[{"embeddable":true,"href":"https:\/\/www.istanbulaestheticcenter.com\/tr\/wp-json\/wp\/v2\/comments?post=16377"}],"version-history":[{"count":2,"href":"https:\/\/www.istanbulaestheticcenter.com\/tr\/wp-json\/wp\/v2\/pages\/16377\/revisions"}],"predecessor-version":[{"id":17069,"href":"https:\/\/www.istanbulaestheticcenter.com\/tr\/wp-json\/wp\/v2\/pages\/16377\/revisions\/17069"}],"wp:attachment":[{"href":"https:\/\/www.istanbulaestheticcenter.com\/tr\/wp-json\/wp\/v2\/media?parent=16377"}],"curies":[{"name":"wp","href":"https:\/\/api.w.org\/{rel}","templated":true}]}}