{"id":16375,"date":"2024-04-19T14:24:03","date_gmt":"2024-04-19T11:24:03","guid":{"rendered":"https:\/\/www.istanbulaestheticcenter.com\/dr-halil-bahcecioglu\/"},"modified":"2024-04-22T04:22:23","modified_gmt":"2024-04-22T01:22:23","slug":"dr-halil-bahcecioglu","status":"publish","type":"page","link":"https:\/\/www.istanbulaestheticcenter.com\/tr\/dr-halil-bahcecioglu\/","title":{"rendered":"Dr. Halil Bah\u00e7ecio\u011flu"},"content":{"rendered":"\t\t<div data-elementor-type=\"wp-page\" data-elementor-id=\"16375\" class=\"elementor elementor-16375 elementor-13109\">\n\t\t\t\t<div class=\"elementor-element elementor-element-d06349c e-flex e-con-boxed e-con e-parent\" data-id=\"d06349c\" data-element_type=\"container\">\n\t\t\t\t\t<div class=\"e-con-inner\">\n\t\t<div class=\"elementor-element elementor-element-690ae28 e-con-full e-flex e-con e-child\" data-id=\"690ae28\" data-element_type=\"container\">\n\t\t\t\t<div class=\"elementor-element elementor-element-3f4e4f7 elementor-widget elementor-widget-heading\" data-id=\"3f4e4f7\" data-element_type=\"widget\" data-widget_type=\"heading.default\">\n\t\t\t\t<div class=\"elementor-widget-container\">\n\t\t\t\t\t<h2 class=\"elementor-heading-title elementor-size-default\">Dr. Halil Bah\u00e7ecio\u011flu<\/h2>\t\t\t\t<\/div>\n\t\t\t\t<\/div>\n\t\t\t\t<div class=\"elementor-element elementor-element-e0bd4ce elementor-widget elementor-widget-image\" data-id=\"e0bd4ce\" data-element_type=\"widget\" data-widget_type=\"image.default\">\n\t\t\t\t<div class=\"elementor-widget-container\">\n\t\t\t\t\t\t\t\t\t\t\t\t\t\t\t<img fetchpriority=\"high\" decoding=\"async\" width=\"265\" height=\"265\" src=\"https:\/\/www.istanbulaestheticcenter.com\/wp-content\/uploads\/2024\/04\/dr-halil-bahcecioglu-v2.jpg\" class=\"attachment-large size-large wp-image-15779\" alt=\"\" srcset=\"https:\/\/www.istanbulaestheticcenter.com\/wp-content\/uploads\/2024\/04\/dr-halil-bahcecioglu-v2.jpg 265w, https:\/\/www.istanbulaestheticcenter.com\/wp-content\/uploads\/2024\/04\/dr-halil-bahcecioglu-v2-150x150.jpg 150w\" sizes=\"(max-width: 265px) 100vw, 265px\" \/>\t\t\t\t\t\t\t\t\t\t\t\t\t\t\t<\/div>\n\t\t\t\t<\/div>\n\t\t\t\t<\/div>\n\t\t<div class=\"elementor-element elementor-element-0b3b9f6 e-con-full e-flex e-con e-child\" data-id=\"0b3b9f6\" data-element_type=\"container\">\n\t\t\t\t<div class=\"elementor-element elementor-element-324471e elementor-widget elementor-widget-text-editor\" data-id=\"324471e\" data-element_type=\"widget\" data-widget_type=\"text-editor.default\">\n\t\t\t\t<div class=\"elementor-widget-container\">\n\t\t\t\t\t\t\t\t\t<section id=\"content\">\n<div class=\"container\">\n<div class=\"row\">\n<div class=\"col-xs-12 col-md-12\">\n<div class=\"doctor-single-wrapper\">\n<div class=\"row\">\n<div class=\"doctor-single-details col-md-8\">\n<div class=\"doctor-main-description\">\n<h3 class=\"elementor-heading-title elementor-size-default\">E\u011e\u0130T\u0130M, \u00d6\u011eRET\u0130M ve AKADEM\u0130K FAAL\u0130YETLER<\/h3>\n<p>1957 y\u0131l\u0131nda \u0130stanbul&#8217;da do\u011fdu, ilk ve orta \u00f6\u011frenimini Almanya&#8217;da tamamlad\u0131.<br \/>\u0130stanbul Avusturya Lisesi&#8217;nden 1976 y\u0131l\u0131nda mezun oldu.<br \/>1976&#8217;da Viyana \u00dcniversitesi T\u0131p Fak\u00fcltesi&#8217;ne, ayr\u0131ca Karl Franzens Graz \u00dcniversitesi Translasyonel \u00c7al\u0131\u015fmalar B\u00f6l\u00fcm\u00fc ve Felsefe Enstit\u00fcs\u00fc&#8217;ne girdi.<br \/>Karl Franzens Graz \u00dcniversitesi&#8217;nden 1979 y\u0131l\u0131nda Almanca-T\u00fcrk\u00e7e \u00e7evirmen olarak mezun oldu.<br \/>Karl Franzens Graz \u00dcniversitesi Felsefe Enstit\u00fcs\u00fc&#8217;nden 1981 y\u0131l\u0131nda y\u00fcksek lisans derecesi ald\u0131.<br \/>Viyana \u00dcniversitesi T\u0131p Fak\u00fcltesi&#8217;ni bitirdi ve ayn\u0131 \u00fcniversitenin 2. Oftalmoloji Klini\u011fi&#8217;nde asistan olarak \u00e7al\u0131\u015fmaya ba\u015flad\u0131.<br \/>Askerlik g\u00f6revini 1983 y\u0131l\u0131nda tamamlam\u0131\u015ft\u0131r.<br \/>Dil ve beceri s\u0131navlar\u0131n\u0131n ard\u0131ndan 1984 y\u0131l\u0131nda \u0130stanbul \u00dcniversitesi Cerrahpa\u015fa T\u0131p Fak\u00fcltesi G\u00f6z Hastal\u0131klar\u0131 Anabilim Dal\u0131&#8217;nda ihtisas\u0131na devam etti.<br \/>\u0130.\u00dc. Cerrahpa\u015fa T\u0131p Fak\u00fcltesi taraf\u0131ndan 1986 y\u0131l\u0131nda Viyana \u00dcniversitesi&#8217;nde &#8220;Ok\u00fcloplasti&#8221; alan\u0131nda kurs e\u011fitimi almak \u00fczere g\u00f6revlendirildi.<br \/>Bir y\u0131l sonra yine \u00fcniversite taraf\u0131ndan Londra Moorfields G\u00f6z Hastanesi&#8217;nde &#8220;Diyabetik Retinopati&#8221; ve &#8220;Argon Lazer Fotokoag\u00fclasyon&#8221; konular\u0131nda kurs e\u011fitimi almak \u00fczere g\u00f6revlendirildi.<br \/>\u0130.\u00dc. Cerrahpa\u015fa T\u0131p Fak\u00fcltesi&#8217;ndeki ihtisas\u0131n\u0131 1987 y\u0131l\u0131nda G\u00f6z Hastal\u0131klar\u0131 Uzman\u0131 olarak tamamlad\u0131.<br \/>Ayn\u0131 y\u0131l \u0130.\u00dc. Cerrahpa\u015fa T\u0131p Fak\u00fcltesi G\u00f6z Hastal\u0131klar\u0131 Anabilim Dal\u0131&#8217;nda G\u00f6z Hastal\u0131klar\u0131 Uzman\u0131 olarak g\u00f6reve ba\u015flad\u0131.<br \/>1989-1999 y\u0131llar\u0131 aras\u0131nda \u00fcniversitenin Kornea Transplantasyonu Ara\u015ft\u0131rma ve Uygulama Merkezi&#8217;nde \u00e7al\u0131\u015ft\u0131.<br \/>1989&#8217;da Londra Moorfields G\u00f6z Hastanesi&#8217;nde &#8220;Vitreoretinal Cerrahi&#8221; e\u011fitimi almak \u00fczere g\u00f6revlendirildi.<br \/>\u0130.\u00dc. Cerrahpa\u015fa&#8217;da \u00e7al\u0131\u015fmaya devam ederken 1991 y\u0131l\u0131nda yard\u0131mc\u0131 do\u00e7entlik unvan\u0131n\u0131 ald\u0131.<br \/>1992&#8217;de Luisiana Devlet \u00dcniversitesi G\u00f6z Merkezi&#8217;nde &#8220;Vitrektomi&#8221; ve &#8220;Excimer Lazer&#8221; ile ilgili \u00e7al\u0131\u015fmalara kat\u0131ld\u0131.<br \/>1998-1999 y\u0131llar\u0131 aras\u0131nda \u00fcniversitenin Kornea Transplantasyon Ara\u015ft\u0131rma ve Uygulama Merkezi&#8217;nde m\u00fcd\u00fcr yard\u0131mc\u0131s\u0131 olarak \u00e7al\u0131\u015ft\u0131.<br \/>1999&#8217;da profes\u00f6r unvan\u0131n\u0131 ald\u0131 ve 1999-2001 y\u0131llar\u0131 aras\u0131nda \u0130.\u00dc. Cerrahpa\u015fa G\u00f6z Hastal\u0131klar\u0131 Anabilim Dal\u0131&#8217;nda \u00e7al\u0131\u015ft\u0131.<br \/>2001-2005 y\u0131llar\u0131 aras\u0131nda Kadir Has \u00dcniversitesi T\u0131p Fak\u00fcltesi&#8217;nde G\u00f6z Hastal\u0131klar\u0131 Anabilim Dal\u0131 Ba\u015fkan\u0131 olarak g\u00f6rev yapt\u0131.<br \/>2005-2006 y\u0131llar\u0131 aras\u0131nda \u0130.\u00dc. Cerrahpa\u015fa T\u0131p Fak\u00fcltesi G\u00f6z Hastal\u0131klar\u0131 Anabilim Dal\u0131&#8217;nda Refraktif Cerrahi \u00dcnitesi Ba\u015fkan\u0131 olarak \u00e7al\u0131\u015ft\u0131.<br \/>2006-2011 y\u0131llar\u0131 aras\u0131nda \u0130stanbul Bilim \u00dcniversitesi T\u0131p Fak\u00fcltesi&#8217;nde G\u00f6z Hastal\u0131klar\u0131 Anabilim Dal\u0131 Ba\u015fkan\u0131 olarak g\u00f6rev yapt\u0131.<br \/>2012-2014 y\u0131llar\u0131 aras\u0131nda \u015ei\u015fli ve \u0130stanbul Florence Nightingale Hastanelerinde G\u00f6z Hastal\u0131klar\u0131 B\u00f6l\u00fcm Ba\u015fkan\u0131 olarak g\u00f6rev yapm\u0131\u015f olup, 2014 y\u0131l\u0131ndan itibaren hastalar\u0131n\u0131 kendi klini\u011finde g\u00f6rmektedir.<\/p>\n<\/div>\n<p><strong>\u00d6zel Uzmanl\u0131k Alanlar\u0131<\/strong><\/p>\n<ul>\n<li>Kornea &#8211; Refraktif Cerrahi<\/li>\n<li>LASIK<\/li>\n<li>SUPRACOR<\/li>\n<li>PRK<\/li>\n<li>Korneal Kollajen \u00c7apraz Ba\u011flama<\/li>\n<li>ICL<\/li>\n<li>Ya\u015fa Ba\u011fl\u0131 Makula Dejenerasyonu (Tan\u0131, Takip ve Tedavi)<\/li>\n<li>Kal\u0131tsal Retina Bozukluklar\u0131<\/li>\n<li>Katarakt Ameliyat\u0131<\/li>\n<li>Vitreoretinal Hastal\u0131klar (Tan\u0131, Takip ve Tedavi)<\/li>\n<li>Premat\u00fcre Retinopatisi (Tan\u0131, Takip ve Tedavi)<\/li>\n<\/ul>\n<\/div>\n<\/div>\n<\/div>\n<\/div>\n<\/div>\n<\/div>\n<\/section>\n\t\t\t\t\t\t\t\t<\/div>\n\t\t\t\t<\/div>\n\t\t\t\t<\/div>\n\t\t\t\t\t<\/div>\n\t\t\t\t<\/div>\n\t\t\t\t<\/div>\n\t\t","protected":false},"excerpt":{"rendered":"<p>Dr. Halil Bah\u00e7ecio\u011flu E\u011e\u0130T\u0130M, \u00d6\u011eRET\u0130M ve AKADEM\u0130K FAAL\u0130YETLER 1957 y\u0131l\u0131nda \u0130stanbul&#8217;da do\u011fdu, ilk ve orta \u00f6\u011frenimini Almanya&#8217;da tamamlad\u0131.\u0130stanbul Avusturya Lisesi&#8217;nden 1976 y\u0131l\u0131nda mezun oldu.1976&#8217;da Viyana \u00dcniversitesi T\u0131p Fak\u00fcltesi&#8217;ne, ayr\u0131ca Karl Franzens Graz \u00dcniversitesi Translasyonel \u00c7al\u0131\u015fmalar B\u00f6l\u00fcm\u00fc ve Felsefe Enstit\u00fcs\u00fc&#8217;ne girdi.Karl Franzens Graz \u00dcniversitesi&#8217;nden 1979 y\u0131l\u0131nda Almanca-T\u00fcrk\u00e7e \u00e7evirmen olarak mezun oldu.Karl Franzens Graz \u00dcniversitesi Felsefe Enstit\u00fcs\u00fc&#8217;nden [&hellip;]<\/p>\n","protected":false},"author":1,"featured_media":0,"parent":0,"menu_order":0,"comment_status":"closed","ping_status":"closed","template":"","meta":{"_themeisle_gutenberg_block_has_review":false,"footnotes":""},"class_list":["post-16375","page","type-page","status-publish","hentry"],"_links":{"self":[{"href":"https:\/\/www.istanbulaestheticcenter.com\/tr\/wp-json\/wp\/v2\/pages\/16375","targetHints":{"allow":["GET"]}}],"collection":[{"href":"https:\/\/www.istanbulaestheticcenter.com\/tr\/wp-json\/wp\/v2\/pages"}],"about":[{"href":"https:\/\/www.istanbulaestheticcenter.com\/tr\/wp-json\/wp\/v2\/types\/page"}],"author":[{"embeddable":true,"href":"https:\/\/www.istanbulaestheticcenter.com\/tr\/wp-json\/wp\/v2\/users\/1"}],"replies":[{"embeddable":true,"href":"https:\/\/www.istanbulaestheticcenter.com\/tr\/wp-json\/wp\/v2\/comments?post=16375"}],"version-history":[{"count":1,"href":"https:\/\/www.istanbulaestheticcenter.com\/tr\/wp-json\/wp\/v2\/pages\/16375\/revisions"}],"predecessor-version":[{"id":16376,"href":"https:\/\/www.istanbulaestheticcenter.com\/tr\/wp-json\/wp\/v2\/pages\/16375\/revisions\/16376"}],"wp:attachment":[{"href":"https:\/\/www.istanbulaestheticcenter.com\/tr\/wp-json\/wp\/v2\/media?parent=16375"}],"curies":[{"name":"wp","href":"https:\/\/api.w.org\/{rel}","templated":true}]}}