{"id":16373,"date":"2024-04-18T13:27:54","date_gmt":"2024-04-18T10:27:54","guid":{"rendered":"https:\/\/www.istanbulaestheticcenter.com\/dr-hakan-gok\/"},"modified":"2024-04-22T04:22:21","modified_gmt":"2024-04-22T01:22:21","slug":"dr-hakan-gok","status":"publish","type":"page","link":"https:\/\/www.istanbulaestheticcenter.com\/tr\/dr-hakan-gok\/","title":{"rendered":"Dr. Hakan G\u00f6k"},"content":{"rendered":"\t\t<div data-elementor-type=\"wp-page\" data-elementor-id=\"16373\" class=\"elementor elementor-16373 elementor-12869\">\n\t\t\t\t<div class=\"elementor-element elementor-element-d06349c e-flex e-con-boxed e-con e-parent\" data-id=\"d06349c\" data-element_type=\"container\">\n\t\t\t\t\t<div class=\"e-con-inner\">\n\t\t<div class=\"elementor-element elementor-element-690ae28 e-con-full e-flex e-con e-child\" data-id=\"690ae28\" data-element_type=\"container\">\n\t\t\t\t<div class=\"elementor-element elementor-element-3f4e4f7 elementor-widget elementor-widget-heading\" data-id=\"3f4e4f7\" data-element_type=\"widget\" data-widget_type=\"heading.default\">\n\t\t\t\t<div class=\"elementor-widget-container\">\n\t\t\t\t\t<h2 class=\"elementor-heading-title elementor-size-default\">Dr. Hakan G\u00f6k<\/h2>\t\t\t\t<\/div>\n\t\t\t\t<\/div>\n\t\t\t\t<div class=\"elementor-element elementor-element-e0bd4ce elementor-widget elementor-widget-image\" data-id=\"e0bd4ce\" data-element_type=\"widget\" data-widget_type=\"image.default\">\n\t\t\t\t<div class=\"elementor-widget-container\">\n\t\t\t\t\t\t\t\t\t\t\t\t\t\t\t<img fetchpriority=\"high\" decoding=\"async\" width=\"265\" height=\"265\" src=\"https:\/\/www.istanbulaestheticcenter.com\/wp-content\/uploads\/2024\/04\/dr-hakan-gok-iac.jpg\" class=\"attachment-large size-large wp-image-15597\" alt=\"\" srcset=\"https:\/\/www.istanbulaestheticcenter.com\/wp-content\/uploads\/2024\/04\/dr-hakan-gok-iac.jpg 265w, https:\/\/www.istanbulaestheticcenter.com\/wp-content\/uploads\/2024\/04\/dr-hakan-gok-iac-150x150.jpg 150w, https:\/\/www.istanbulaestheticcenter.com\/wp-content\/uploads\/2024\/04\/dr-hakan-gok-iac-100x100.jpg 100w\" sizes=\"(max-width: 265px) 100vw, 265px\" \/>\t\t\t\t\t\t\t\t\t\t\t\t\t\t\t<\/div>\n\t\t\t\t<\/div>\n\t\t\t\t<\/div>\n\t\t<div class=\"elementor-element elementor-element-0b3b9f6 e-con-full e-flex e-con e-child\" data-id=\"0b3b9f6\" data-element_type=\"container\">\n\t\t\t\t<div class=\"elementor-element elementor-element-324471e elementor-widget elementor-widget-text-editor\" data-id=\"324471e\" data-element_type=\"widget\" data-widget_type=\"text-editor.default\">\n\t\t\t\t<div class=\"elementor-widget-container\">\n\t\t\t\t\t\t\t\t\t<section id=\"content\">\n<div class=\"container\">\n<div class=\"row\">\n<div class=\"col-xs-12 col-md-12\">\n<div class=\"doctor-single-wrapper\">\n<div class=\"row\">\n<div class=\"doctor-single-details col-md-8\">\n<div class=\"doctor-main-description\">\n<p><strong>Op. Dr. Hakan G\u00f6k<\/strong><\/p>\n<p>GENEL CERRAH \/ FITIK CERRAHISI UZMANI<\/p>\n<\/p>\n<p><strong>FITIK ISTANBUL<\/strong><strong><br \/>\n  <em>\u00ae\ufe0f<\/em><br \/>\n<\/strong><\/p>\n<p><strong>Kapsaml\u0131 F\u0131t\u0131k Merkezi<\/strong><\/p>\n<p>&#8211; \u00d6zel f\u0131t\u0131k cerrah\u0131,<\/p>\n<p>&#8211; Primer ve rek\u00fcrren kar\u0131n duvar\u0131 f\u0131t\u0131klar\u0131n\u0131n hem a\u00e7\u0131k hem de anahtar deli\u011fi y\u00f6ntemleriyle tedavisinde uzmand\u0131r,<\/p>\n<p>&#8211; Dayan\u0131kl\u0131 onar\u0131m,<\/p>\n<p>&#8211; Laparoskopik cerrahi,<\/p>\n<p>&#8211; G\u00fcnd\u00fcz ameliyat\u0131,<\/p>\n<p>&#8211; Daha az a\u011fr\u0131 ve h\u0131zl\u0131 iyile\u015fme,<\/p>\n<p>&#8211; M\u00fckemmel kozmesis,<\/p>\n<p>&#8211; Uygun maliyet.<\/p>\n<\/p>\n<p><strong>L\u0130NKLER<\/strong><\/p>\n<p><a href=\"https:\/\/herniaistanbul.com\/\">https:\/\/herniaistanbul.com\/<\/a><\/p>\n<p><a href=\"https:\/\/fitikistanbul.com\/\">https:\/\/fitikistanbul.com\/<\/a><\/p>\n<p><a href=\"https:\/\/fitikistanbul.com.tr\/\">https:\/\/fitikistanbul.com.tr\/<\/a><\/p>\n<p><a href=\"https:\/\/drhakangok.com\/\">https:\/\/drhakangok.com\/<\/a><\/p>\n<p><a href=\"https:\/\/fitikistanbul.contactin.bio\/\">https:\/\/fitikistanbul.contactin.bio\/<\/a><\/p>\n<\/p>\n<p><strong>\u00dcYEL\u0130KLER<\/strong><\/p>\n<p>Avrupa F\u0131t\u0131k Derne\u011fi | Y\u00f6netim Kurulu \u00dcyesi<\/p>\n<p>Uluslararas\u0131 EndoHernia Derne\u011fi | Kurucu \u00dcye<\/p>\n<p>\u0130ngiliz F\u0131t\u0131k Derne\u011fi | \u00dcye<\/p>\n<p>T\u00fcrk F\u0131t\u0131k Derne\u011fi | Kurucu \u00dcye &amp; Y\u00f6netim Kurulu Sayman \u00dcyesi<\/p>\n<p>T\u00fcrk F\u0131t\u0131k Derne\u011fi | F\u0131t\u0131k Okulu Genel Sekreteri<\/p>\n<p>T\u00fcrk Cerrahi Derne\u011fi | \u00dcye<\/p>\n<p>T\u00fcrkiye Kanserle Sava\u015f Vakf\u0131 | Y\u00f6netim Kurulu \u00dcyesi<\/p>\n<\/div>\n<\/div>\n<\/div>\n<\/div>\n<\/div>\n<\/div>\n<\/div>\n<\/section>\n\t\t\t\t\t\t\t\t<\/div>\n\t\t\t\t<\/div>\n\t\t\t\t<\/div>\n\t\t\t\t\t<\/div>\n\t\t\t\t<\/div>\n\t\t\t\t<\/div>\n\t\t","protected":false},"excerpt":{"rendered":"<p>Dr. Hakan G\u00f6k Op. Dr. Hakan G\u00f6k GENEL CERRAH \/ FITIK CERRAHISI UZMANI FITIK ISTANBUL \u00ae\ufe0f Kapsaml\u0131 F\u0131t\u0131k Merkezi &#8211; \u00d6zel f\u0131t\u0131k cerrah\u0131, &#8211; Primer ve rek\u00fcrren kar\u0131n duvar\u0131 f\u0131t\u0131klar\u0131n\u0131n hem a\u00e7\u0131k hem de anahtar deli\u011fi y\u00f6ntemleriyle tedavisinde uzmand\u0131r, &#8211; Dayan\u0131kl\u0131 onar\u0131m, &#8211; Laparoskopik cerrahi, &#8211; G\u00fcnd\u00fcz ameliyat\u0131, &#8211; Daha az a\u011fr\u0131 ve h\u0131zl\u0131 iyile\u015fme, [&hellip;]<\/p>\n","protected":false},"author":1,"featured_media":0,"parent":0,"menu_order":0,"comment_status":"closed","ping_status":"closed","template":"","meta":{"_themeisle_gutenberg_block_has_review":false,"footnotes":""},"class_list":["post-16373","page","type-page","status-publish","hentry"],"_links":{"self":[{"href":"https:\/\/www.istanbulaestheticcenter.com\/tr\/wp-json\/wp\/v2\/pages\/16373","targetHints":{"allow":["GET"]}}],"collection":[{"href":"https:\/\/www.istanbulaestheticcenter.com\/tr\/wp-json\/wp\/v2\/pages"}],"about":[{"href":"https:\/\/www.istanbulaestheticcenter.com\/tr\/wp-json\/wp\/v2\/types\/page"}],"author":[{"embeddable":true,"href":"https:\/\/www.istanbulaestheticcenter.com\/tr\/wp-json\/wp\/v2\/users\/1"}],"replies":[{"embeddable":true,"href":"https:\/\/www.istanbulaestheticcenter.com\/tr\/wp-json\/wp\/v2\/comments?post=16373"}],"version-history":[{"count":1,"href":"https:\/\/www.istanbulaestheticcenter.com\/tr\/wp-json\/wp\/v2\/pages\/16373\/revisions"}],"predecessor-version":[{"id":16374,"href":"https:\/\/www.istanbulaestheticcenter.com\/tr\/wp-json\/wp\/v2\/pages\/16373\/revisions\/16374"}],"wp:attachment":[{"href":"https:\/\/www.istanbulaestheticcenter.com\/tr\/wp-json\/wp\/v2\/media?parent=16373"}],"curies":[{"name":"wp","href":"https:\/\/api.w.org\/{rel}","templated":true}]}}