{"id":16354,"date":"2024-04-20T16:47:53","date_gmt":"2024-04-20T13:47:53","guid":{"rendered":"https:\/\/www.istanbulaestheticcenter.com\/implant\/"},"modified":"2024-07-09T14:46:32","modified_gmt":"2024-07-09T11:46:32","slug":"implant","status":"publish","type":"page","link":"https:\/\/www.istanbulaestheticcenter.com\/tr\/dis-hekimligi\/implant\/","title":{"rendered":"\u0130mplant"},"content":{"rendered":"\t\t<div data-elementor-type=\"wp-page\" data-elementor-id=\"16354\" class=\"elementor elementor-16354 elementor-13378\">\n\t\t\t\t<div class=\"elementor-element elementor-element-e8d6b93 e-flex e-con-boxed e-con e-parent\" data-id=\"e8d6b93\" data-element_type=\"container\">\n\t\t\t\t\t<div class=\"e-con-inner\">\n\t\t\t\t<div class=\"elementor-element elementor-element-5a4fb2f elementor-widget elementor-widget-spacer\" data-id=\"5a4fb2f\" data-element_type=\"widget\" data-widget_type=\"spacer.default\">\n\t\t\t\t<div class=\"elementor-widget-container\">\n\t\t\t\t\t\t\t<div class=\"elementor-spacer\">\n\t\t\t<div class=\"elementor-spacer-inner\"><\/div>\n\t\t<\/div>\n\t\t\t\t\t\t<\/div>\n\t\t\t\t<\/div>\n\t\t\t\t\t<\/div>\n\t\t\t\t<\/div>\n\t\t<div class=\"elementor-element elementor-element-cb94c22 e-flex e-con-boxed e-con e-parent\" data-id=\"cb94c22\" data-element_type=\"container\">\n\t\t\t\t\t<div class=\"e-con-inner\">\n\t\t\t\t<div class=\"elementor-element elementor-element-369c998 elementor-widget elementor-widget-image\" data-id=\"369c998\" data-element_type=\"widget\" data-widget_type=\"image.default\">\n\t\t\t\t<div class=\"elementor-widget-container\">\n\t\t\t\t\t\t\t\t\t\t\t\t\t\t\t<img fetchpriority=\"high\" decoding=\"async\" width=\"1024\" height=\"525\" src=\"https:\/\/www.istanbulaestheticcenter.com\/wp-content\/uploads\/2024\/04\/implant-1024x525.jpg\" class=\"attachment-large size-large wp-image-16094\" alt=\"\" srcset=\"https:\/\/www.istanbulaestheticcenter.com\/wp-content\/uploads\/2024\/04\/implant-1024x525.jpg 1024w, https:\/\/www.istanbulaestheticcenter.com\/wp-content\/uploads\/2024\/04\/implant-300x154.jpg 300w, https:\/\/www.istanbulaestheticcenter.com\/wp-content\/uploads\/2024\/04\/implant-768x394.jpg 768w, https:\/\/www.istanbulaestheticcenter.com\/wp-content\/uploads\/2024\/04\/implant-1000x513.jpg 1000w, https:\/\/www.istanbulaestheticcenter.com\/wp-content\/uploads\/2024\/04\/implant-1110x570.jpg 1110w, https:\/\/www.istanbulaestheticcenter.com\/wp-content\/uploads\/2024\/04\/implant.jpg 1120w\" sizes=\"(max-width: 1024px) 100vw, 1024px\" \/>\t\t\t\t\t\t\t\t\t\t\t\t\t\t\t<\/div>\n\t\t\t\t<\/div>\n\t\t\t\t\t<\/div>\n\t\t\t\t<\/div>\n\t\t<div class=\"elementor-element elementor-element-7b8cdfc e-flex e-con-boxed e-con e-parent\" data-id=\"7b8cdfc\" data-element_type=\"container\">\n\t\t\t\t\t<div class=\"e-con-inner\">\n\t\t\t\t<div class=\"elementor-element elementor-element-1344ed8 elementor-widget elementor-widget-heading\" data-id=\"1344ed8\" data-element_type=\"widget\" data-widget_type=\"heading.default\">\n\t\t\t\t<div class=\"elementor-widget-container\">\n\t\t\t\t\t<h2 class=\"elementor-heading-title elementor-size-default\">Di\u015f \u0130mplantlar\u0131<\/h2>\t\t\t\t<\/div>\n\t\t\t\t<\/div>\n\t\t\t\t\t<\/div>\n\t\t\t\t<\/div>\n\t\t<div class=\"elementor-element elementor-element-692b6d7 e-flex e-con-boxed e-con e-parent\" data-id=\"692b6d7\" data-element_type=\"container\">\n\t\t\t\t\t<div class=\"e-con-inner\">\n\t\t<div class=\"elementor-element elementor-element-b07f339 e-con-full e-flex e-con e-child\" data-id=\"b07f339\" data-element_type=\"container\">\n\t\t\t\t<div class=\"elementor-element elementor-element-cdbe9a2 elementor-widget elementor-widget-text-editor\" data-id=\"cdbe9a2\" data-element_type=\"widget\" data-widget_type=\"text-editor.default\">\n\t\t\t\t<div class=\"elementor-widget-container\">\n\t\t\t\t\t\t\t\t\t<p>Dental implantlar, yedek di\u015fleri veya kron, k\u00f6pr\u00fc veya protez gibi di\u015f protezlerini desteklemek i\u00e7in \u00e7ene kemi\u011fine cerrahi olarak yerle\u015ftirilen yapay di\u015f k\u00f6kleridir. Do\u011fal di\u015flerin i\u015flevini ve g\u00f6r\u00fcn\u00fcm\u00fcn\u00fc taklit etmek ve di\u015f restorasyonlar\u0131 i\u00e7in sa\u011flam bir temel sa\u011flamak \u00fczere tasarlanm\u0131\u015ft\u0131r.<\/p>\n<p>\u0130\u015fte di\u015f implantlar\u0131n\u0131n nas\u0131l \u00e7al\u0131\u015ft\u0131\u011f\u0131 ve di\u015f hekimli\u011finde neden yayg\u0131n olarak kullan\u0131ld\u0131\u011f\u0131:<\/p>\n<ol>\n<li>\n<p><strong>\u0130mplant Yap\u0131s\u0131:<\/strong> Dental implantlar tipik olarak \u00fc\u00e7 ana bile\u015fenden olu\u015fur:<\/p>\n<ul>\n<li>\u0130mplant Fikst\u00fcr\u00fc: Bu, \u00e7ene kemi\u011fine cerrahi olarak implante edilen k\u00fc\u00e7\u00fck bir titanyum direktir. Titanyum biyolojik olarak uyumlu oldu\u011fu ve osseointegrasyon ad\u0131 verilen bir s\u00fcre\u00e7te \u00e7evredeki kemik dokusuyla kayna\u015fabildi\u011fi i\u00e7in kullan\u0131l\u0131r.<\/li>\n<li>Abutment: Abutment, implant fikst\u00fcr\u00fcne ba\u011flanan ve di\u015f eti \u00e7izgisinin \u00fczerinde \u00e7\u0131k\u0131nt\u0131 yapan bir ba\u011flant\u0131 par\u00e7as\u0131d\u0131r. Di\u015f restorasyonu i\u00e7in ankraj g\u00f6revi g\u00f6r\u00fcr.<\/li>\n<li>Di\u015f Restorasyonu: Kuron, k\u00f6pr\u00fc veya protez gibi di\u015f restorasyonu abutmente g\u00fcvenli bir \u015fekilde tutturulur. Hastan\u0131n do\u011fal di\u015flerinin rengine, \u015fekline ve boyutuna uyacak \u015fekilde \u00f6zel olarak \u00fcretilir ve do\u011fal g\u00f6r\u00fcn\u00fcml\u00fc ve i\u015flevsel bir replasman sa\u011flar.<\/li>\n<\/ul>\n<\/li>\n<li>\n<p><strong>Cerrahi Prosed\u00fcr<\/strong>: Dental implant yerle\u015ftirme i\u015flemi tipik olarak birden fazla a\u015famada ger\u00e7ekle\u015ftirilir. \u0130lk ameliyat s\u0131ras\u0131nda implant fikst\u00fcr\u00fc cerrahi olarak \u00e7ene kemi\u011fine yerle\u015ftirilir. Di\u015f eti dokusu daha sonra dikilerek kapat\u0131l\u0131r ve implant birka\u00e7 ayl\u0131k bir s\u00fcre boyunca iyile\u015fmeye ve kemikle b\u00fct\u00fcnle\u015fmeye b\u0131rak\u0131l\u0131r. Osseointegrasyon tamamland\u0131\u011f\u0131nda, abutment ikinci bir cerrahi prosed\u00fcr s\u0131ras\u0131nda implant fikst\u00fcr\u00fcne tak\u0131l\u0131r. Son olarak, implant restorasyonunu tamamlamak i\u00e7in di\u015f restorasyonu abutmentin \u00fczerine yerle\u015ftirilir.<\/p>\n<\/li>\n<li>\n<p><strong>Faydalar\u0131<\/strong>: Dental implantlar, \u00e7\u0131kar\u0131labilir protezler veya di\u015f k\u00f6pr\u00fcleri gibi geleneksel di\u015f de\u011fi\u015ftirme se\u00e7eneklerine g\u00f6re \u00e7e\u015fitli avantajlar sunar:<\/p>\n<ul>\n<li>Stabilite ve Dayan\u0131kl\u0131l\u0131k: Dental implantlar, yedek di\u015fler i\u00e7in sa\u011flam ve dayan\u0131kl\u0131 bir temel sa\u011flayarak hastalar\u0131n g\u00fcvenle \u00e7i\u011fnemesine, konu\u015fmas\u0131na ve g\u00fcl\u00fcmsemesine olanak tan\u0131r.<\/li>\n<li>Kemik Sa\u011fl\u0131\u011f\u0131n\u0131n Korunmas\u0131: \u0130mplantlar, kemik b\u00fcy\u00fcmesini uyararak ve kemik yap\u0131s\u0131n\u0131 koruyarak \u00e7ene kemi\u011fi yo\u011funlu\u011funun korunmas\u0131na ve kemik kayb\u0131n\u0131n \u00f6nlenmesine yard\u0131mc\u0131 olur.<\/li>\n<li>Do\u011fal G\u00f6r\u00fcn\u00fcm: \u0130mplantlar, hem g\u00f6r\u00fcn\u00fcm hem de i\u015flev a\u00e7\u0131s\u0131ndan do\u011fal di\u015flere \u00e7ok benzeyecek \u015fekilde tasarlanm\u0131\u015ft\u0131r ve kusursuz ve ger\u00e7ek\u00e7i bir g\u00fcl\u00fcmseme sa\u011flar.<\/li>\n<li>Uzun \u00f6m\u00fcrl\u00fcl\u00fck: Uygun bak\u0131m ve onar\u0131mla di\u015f implantlar\u0131 \u00f6m\u00fcr boyu dayanabilir, bu da onlar\u0131 di\u015f replasman\u0131 i\u00e7in uzun vadeli bir \u00e7\u00f6z\u00fcm haline getirir.<\/li>\n<\/ul>\n<\/li>\n<li>\n<p><strong>Endikasyonlar<\/strong>: Dental implantlar, bir veya daha fazla eksik di\u015fi olan, implant\u0131 desteklemek i\u00e7in yeterli kemik yo\u011funlu\u011funa sahip ve genel a\u011f\u0131z sa\u011fl\u0131\u011f\u0131 iyi olan hastalar i\u00e7in \u00f6nerilebilir. Tek bir eksik di\u015fin, birden fazla eksik di\u015fin veya hatta tam bir di\u015f ark\u0131n\u0131n yerine kullan\u0131labilirler.<\/p>\n<\/li>\n<\/ol>\n\t\t\t\t\t\t\t\t<\/div>\n\t\t\t\t<\/div>\n\t\t\t\t<\/div>\n\t\t<div class=\"elementor-element elementor-element-105bc79 e-con-full e-flex e-con e-child\" data-id=\"105bc79\" data-element_type=\"container\">\n\t\t\t\t<div class=\"elementor-element elementor-element-60d2a69 elementor-widget elementor-widget-text-editor\" data-id=\"60d2a69\" data-element_type=\"widget\" data-widget_type=\"text-editor.default\">\n\t\t\t\t<div class=\"elementor-widget-container\">\n\t\t\t\t\t\t\t\t\t<p>Genel olarak, di\u015f implantlar\u0131 eksik di\u015flerin yerine konmas\u0131, a\u011f\u0131z fonksiyonunun ve esteti\u011finin yeniden sa\u011flanmas\u0131 i\u00e7in olduk\u00e7a etkili ve g\u00fcvenilir bir tedavi se\u00e7ene\u011fidir. Di\u015f implantlar\u0131n\u0131n bireysel ihtiya\u00e7lar\u0131n\u0131z i\u00e7in do\u011fru \u00e7\u00f6z\u00fcm olup olmad\u0131\u011f\u0131n\u0131 belirlemek i\u00e7in kalifiye bir di\u015f hekimine veya a\u011f\u0131z cerrah\u0131na dan\u0131\u015fman\u0131z \u00e7ok \u00f6nemlidir. <strong> \u0130stanbul Estetik Merkezi (IAC<\/strong> ) gibi sayg\u0131n di\u015f klinikleri, kapsaml\u0131 implant di\u015f hekimli\u011fi hizmetleri sunarak hastalara y\u00fcksek kaliteli implant tedavileri ve optimum a\u011f\u0131z sa\u011fl\u0131\u011f\u0131 ve fonksiyonuna ula\u015fmalar\u0131 i\u00e7in ki\u015fiselle\u015ftirilmi\u015f bak\u0131m sa\u011flar.<\/p>\n\t\t\t\t\t\t\t\t<\/div>\n\t\t\t\t<\/div>\n\t\t\t\t<div class=\"elementor-element elementor-element-8cb17fd elementor-widget elementor-widget-image\" data-id=\"8cb17fd\" data-element_type=\"widget\" data-widget_type=\"image.default\">\n\t\t\t\t<div class=\"elementor-widget-container\">\n\t\t\t\t\t\t\t\t\t\t\t\t\t\t\t<img decoding=\"async\" width=\"1024\" height=\"1024\" src=\"https:\/\/www.istanbulaestheticcenter.com\/wp-content\/uploads\/2024\/04\/dentist.jpg\" class=\"attachment-large size-large wp-image-16101\" alt=\"\" srcset=\"https:\/\/www.istanbulaestheticcenter.com\/wp-content\/uploads\/2024\/04\/dentist.jpg 1024w, https:\/\/www.istanbulaestheticcenter.com\/wp-content\/uploads\/2024\/04\/dentist-300x300.jpg 300w, https:\/\/www.istanbulaestheticcenter.com\/wp-content\/uploads\/2024\/04\/dentist-150x150.jpg 150w, https:\/\/www.istanbulaestheticcenter.com\/wp-content\/uploads\/2024\/04\/dentist-768x768.jpg 768w, https:\/\/www.istanbulaestheticcenter.com\/wp-content\/uploads\/2024\/04\/dentist-720x720.jpg 720w\" sizes=\"(max-width: 1024px) 100vw, 1024px\" \/>\t\t\t\t\t\t\t\t\t\t\t\t\t\t\t<\/div>\n\t\t\t\t<\/div>\n\t\t\t\t<\/div>\n\t\t\t\t\t<\/div>\n\t\t\t\t<\/div>\n\t\t\t\t<\/div>\n\t\t","protected":false},"excerpt":{"rendered":"<p>Di\u015f \u0130mplantlar\u0131 Dental implantlar, yedek di\u015fleri veya kron, k\u00f6pr\u00fc veya protez gibi di\u015f protezlerini desteklemek i\u00e7in \u00e7ene kemi\u011fine cerrahi olarak yerle\u015ftirilen yapay di\u015f k\u00f6kleridir. Do\u011fal di\u015flerin i\u015flevini ve g\u00f6r\u00fcn\u00fcm\u00fcn\u00fc taklit etmek ve di\u015f restorasyonlar\u0131 i\u00e7in sa\u011flam bir temel sa\u011flamak \u00fczere tasarlanm\u0131\u015ft\u0131r. \u0130\u015fte di\u015f implantlar\u0131n\u0131n nas\u0131l \u00e7al\u0131\u015ft\u0131\u011f\u0131 ve di\u015f hekimli\u011finde neden yayg\u0131n olarak kullan\u0131ld\u0131\u011f\u0131: \u0130mplant Yap\u0131s\u0131: [&hellip;]<\/p>\n","protected":false},"author":1,"featured_media":0,"parent":17031,"menu_order":0,"comment_status":"closed","ping_status":"closed","template":"","meta":{"_themeisle_gutenberg_block_has_review":false,"footnotes":""},"class_list":["post-16354","page","type-page","status-publish","hentry"],"_links":{"self":[{"href":"https:\/\/www.istanbulaestheticcenter.com\/tr\/wp-json\/wp\/v2\/pages\/16354","targetHints":{"allow":["GET"]}}],"collection":[{"href":"https:\/\/www.istanbulaestheticcenter.com\/tr\/wp-json\/wp\/v2\/pages"}],"about":[{"href":"https:\/\/www.istanbulaestheticcenter.com\/tr\/wp-json\/wp\/v2\/types\/page"}],"author":[{"embeddable":true,"href":"https:\/\/www.istanbulaestheticcenter.com\/tr\/wp-json\/wp\/v2\/users\/1"}],"replies":[{"embeddable":true,"href":"https:\/\/www.istanbulaestheticcenter.com\/tr\/wp-json\/wp\/v2\/comments?post=16354"}],"version-history":[{"count":2,"href":"https:\/\/www.istanbulaestheticcenter.com\/tr\/wp-json\/wp\/v2\/pages\/16354\/revisions"}],"predecessor-version":[{"id":16356,"href":"https:\/\/www.istanbulaestheticcenter.com\/tr\/wp-json\/wp\/v2\/pages\/16354\/revisions\/16356"}],"up":[{"embeddable":true,"href":"https:\/\/www.istanbulaestheticcenter.com\/tr\/wp-json\/wp\/v2\/pages\/17031"}],"wp:attachment":[{"href":"https:\/\/www.istanbulaestheticcenter.com\/tr\/wp-json\/wp\/v2\/media?parent=16354"}],"curies":[{"name":"wp","href":"https:\/\/api.w.org\/{rel}","templated":true}]}}