{"id":16335,"date":"2024-04-20T16:41:39","date_gmt":"2024-04-20T13:41:39","guid":{"rendered":"https:\/\/www.istanbulaestheticcenter.com\/kadinlar-icin-genital-cerrahi\/"},"modified":"2024-04-29T12:24:21","modified_gmt":"2024-04-29T09:24:21","slug":"kadinlar-icin-genital-cerrahi","status":"publish","type":"page","link":"https:\/\/www.istanbulaestheticcenter.com\/tr\/vucut-estetigi\/kadinlar-icin-genital-cerrahi\/","title":{"rendered":"Kad\u0131nlar \u0130\u00e7in Genital Cerrahi"},"content":{"rendered":"\t\t<div data-elementor-type=\"wp-page\" data-elementor-id=\"16335\" class=\"elementor elementor-16335 elementor-13339\">\n\t\t\t\t<div class=\"elementor-element elementor-element-e9f0f8c e-flex e-con-boxed e-con e-parent\" data-id=\"e9f0f8c\" data-element_type=\"container\">\n\t\t\t\t\t<div class=\"e-con-inner\">\n\t\t<div class=\"elementor-element elementor-element-b0db3b0 e-flex e-con-boxed e-con e-child\" data-id=\"b0db3b0\" data-element_type=\"container\">\n\t\t\t\t\t<div class=\"e-con-inner\">\n\t\t\t\t<div class=\"elementor-element elementor-element-804ecd2 elementor-widget elementor-widget-image\" data-id=\"804ecd2\" data-element_type=\"widget\" data-widget_type=\"image.default\">\n\t\t\t\t<div class=\"elementor-widget-container\">\n\t\t\t\t\t\t\t\t\t\t\t\t\t\t\t<img fetchpriority=\"high\" decoding=\"async\" width=\"1024\" height=\"525\" src=\"https:\/\/www.istanbulaestheticcenter.com\/wp-content\/uploads\/2024\/04\/gental-surgery-for-women-1024x525.jpg\" class=\"attachment-large size-large wp-image-15975\" alt=\"\" srcset=\"https:\/\/www.istanbulaestheticcenter.com\/wp-content\/uploads\/2024\/04\/gental-surgery-for-women-1024x525.jpg 1024w, https:\/\/www.istanbulaestheticcenter.com\/wp-content\/uploads\/2024\/04\/gental-surgery-for-women-300x154.jpg 300w, https:\/\/www.istanbulaestheticcenter.com\/wp-content\/uploads\/2024\/04\/gental-surgery-for-women-768x394.jpg 768w, https:\/\/www.istanbulaestheticcenter.com\/wp-content\/uploads\/2024\/04\/gental-surgery-for-women-1000x513.jpg 1000w, https:\/\/www.istanbulaestheticcenter.com\/wp-content\/uploads\/2024\/04\/gental-surgery-for-women-1110x570.jpg 1110w, https:\/\/www.istanbulaestheticcenter.com\/wp-content\/uploads\/2024\/04\/gental-surgery-for-women.jpg 1120w\" sizes=\"(max-width: 1024px) 100vw, 1024px\" \/>\t\t\t\t\t\t\t\t\t\t\t\t\t\t\t<\/div>\n\t\t\t\t<\/div>\n\t\t\t\t\t<\/div>\n\t\t\t\t<\/div>\n\t\t\t\t\t<\/div>\n\t\t\t\t<\/div>\n\t\t<div class=\"elementor-element elementor-element-3f7c041 e-flex e-con-boxed e-con e-parent\" data-id=\"3f7c041\" data-element_type=\"container\">\n\t\t\t\t\t<div class=\"e-con-inner\">\n\t\t<div class=\"elementor-element elementor-element-50bb1f7 e-con-full e-flex e-con e-child\" data-id=\"50bb1f7\" data-element_type=\"container\">\n\t\t\t\t<div class=\"elementor-element elementor-element-1fc6a50 elementor-widget elementor-widget-heading\" data-id=\"1fc6a50\" data-element_type=\"widget\" data-widget_type=\"heading.default\">\n\t\t\t\t<div class=\"elementor-widget-container\">\n\t\t\t\t\t<h2 class=\"elementor-heading-title elementor-size-default\">Kad\u0131nlar i\u00e7in Genital Cerrahi Nedir?<\/h2>\t\t\t\t<\/div>\n\t\t\t\t<\/div>\n\t\t\t\t<div class=\"elementor-element elementor-element-a63c1e5 elementor-widget elementor-widget-text-editor\" data-id=\"a63c1e5\" data-element_type=\"widget\" data-widget_type=\"text-editor.default\">\n\t\t\t\t<div class=\"elementor-widget-container\">\n\t\t\t\t\t\t\t\t\t<p>Kad\u0131nlar i\u00e7in genital cerrahi, estetik, i\u015flevsel ve t\u0131bbi sorunlar da dahil olmak \u00fczere kad\u0131n cinsel organ\u0131yla ilgili \u00e7e\u015fitli endi\u015feleri gidermeyi ama\u00e7layan bir dizi cerrahi prosed\u00fcr\u00fc kapsar. Bu prosed\u00fcrler tipik olarak kalifiye plastik cerrahlar veya jinekologlar taraf\u0131ndan ger\u00e7ekle\u015ftirilir ve bireyin ihtiya\u00e7lar\u0131na ve ko\u015fullar\u0131na ba\u011fl\u0131 olarak se\u00e7meli veya t\u0131bbi olarak gerekli olabilir.<\/p>\n<p>\u0130\u015fte kad\u0131nlar i\u00e7in baz\u0131 yayg\u0131n genital cerrahi t\u00fcrleri:<\/p>\n<ol>\n<li>\n<p><strong>Labioplasti<\/strong>: Labioplasti, labia minora (i\u00e7 dudaklar) veya labia majora&#8217;n\u0131n (d\u0131\u015f dudaklar) boyutunu, \u015feklini veya simetrisini de\u011fi\u015ftirmeyi ama\u00e7layan cerrahi bir prosed\u00fcrd\u00fcr. Genellikle labialar\u0131n\u0131n g\u00f6r\u00fcn\u00fcm\u00fcnden memnun olmayan veya geni\u015flemi\u015f veya uzam\u0131\u015f labialar nedeniyle rahats\u0131zl\u0131k veya tahri\u015f ya\u015fayan kad\u0131nlar taraf\u0131ndan aran\u0131r.<\/p>\n<\/li>\n<li>\n<p><strong>Klitoral Ba\u015f<\/strong>l\u0131k K\u00fc\u00e7\u00fcltme: Klitoral hoodoplasti olarak da bilinen klitoral hood k\u00fc\u00e7\u00fcltme, genital b\u00f6lgenin esteti\u011fini geli\u015ftirmek ve cinsel memnuniyeti art\u0131rmak i\u00e7in klitoral hood&#8217;un fazla dokusunun azalt\u0131lmas\u0131n\u0131 i\u00e7erir. Bu prosed\u00fcr tipik olarak di\u011fer genital ameliyatlarla birlikte veya ba\u011f\u0131ms\u0131z bir prosed\u00fcr olarak ger\u00e7ekle\u015ftirilir.<\/p>\n<\/li>\n<li>\n<p><strong>Vajinoplasti<\/strong>: Vajinoplasti, vajinal kanal\u0131 ve \u00e7evresindeki dokular\u0131 s\u0131k\u0131la\u015ft\u0131rmay\u0131 ve gen\u00e7le\u015ftirmeyi ama\u00e7layan cerrahi bir prosed\u00fcrd\u00fcr. Genellikle do\u011fum veya ya\u015flanma nedeniyle vajinal gev\u015feklik ya\u015fayan ve cinsel tatmini art\u0131rmak veya idrar ka\u00e7\u0131rma gibi semptomlar\u0131 hafifletmek isteyen kad\u0131nlar taraf\u0131ndan aran\u0131r.<\/p>\n<\/li>\n<li>\n<p><strong>Hymenoplasti<\/strong>: Hymenoplasti, vajinal a\u00e7\u0131kl\u0131\u011f\u0131 k\u0131smen \u00f6rten ince zar olan k\u0131zl\u0131k zar\u0131n\u0131n yeniden yap\u0131land\u0131r\u0131lmas\u0131n\u0131 ama\u00e7layan cerrahi bir prosed\u00fcrd\u00fcr. Bazen kad\u0131nlar taraf\u0131ndan k\u00fclt\u00fcrel veya dini nedenlerle veya bekaret g\u00f6r\u00fcn\u00fcm\u00fcn\u00fc geri kazanmak i\u00e7in istenir.<\/p>\n<\/li>\n<li>\n<p><strong>Perineoplasti<\/strong>: Perineoplasti, vajina ile an\u00fcs aras\u0131ndaki deri b\u00f6lgesi olan perinenin onar\u0131lmas\u0131 ve gen\u00e7le\u015ftirilmesini ama\u00e7layan cerrahi bir prosed\u00fcrd\u00fcr. Genellikle perineal y\u0131rt\u0131klar, yara izi veya gev\u015feklik gibi endi\u015feleri gidermek i\u00e7in yap\u0131l\u0131r.<\/p>\n<\/li>\n<li>\n<p><strong>Monsplasti<\/strong>: Monsplasti, mons pubis red\u00fcksiyonu veya pubik lift olarak da bilinir, pubik kemi\u011fin \u00fczerinde bulunan ya\u011fl\u0131 doku olan mons pubisin boyutunu veya belirginli\u011fini azaltmay\u0131 ama\u00e7layan cerrahi bir prosed\u00fcrd\u00fcr. Genellikle mons pubislerinin g\u00f6r\u00fcn\u00fcm\u00fcnden memnun olmayan veya b\u00f6lgedeki a\u015f\u0131r\u0131 ya\u011f veya deri nedeniyle rahats\u0131zl\u0131k ya\u015fayan kad\u0131nlar taraf\u0131ndan aran\u0131r.<\/p>\n<\/li>\n<\/ol>\n\t\t\t\t\t\t\t\t<\/div>\n\t\t\t\t<\/div>\n\t\t\t\t<\/div>\n\t\t<div class=\"elementor-element elementor-element-1cd2b8e e-con-full e-flex e-con e-child\" data-id=\"1cd2b8e\" data-element_type=\"container\">\n\t\t\t\t<div class=\"elementor-element elementor-element-78e9b65 elementor-widget elementor-widget-text-editor\" data-id=\"78e9b65\" data-element_type=\"widget\" data-widget_type=\"text-editor.default\">\n\t\t\t\t<div class=\"elementor-widget-container\">\n\t\t\t\t\t\t\t\t\t<p>Endi\u015felerinizi, hedeflerinizi ve tedavi se\u00e7eneklerinizi tart\u0131\u015fmak i\u00e7in kad\u0131nlar i\u00e7in genital cerrahi konusunda uzmanla\u015fm\u0131\u015f nitelikli ve deneyimli bir cerraha dan\u0131\u015fman\u0131z \u00e7ok \u00f6nemlidir. Cerrah, ihtiya\u00e7lar\u0131n\u0131za en uygun prosed\u00fcr\u00fc (prosed\u00fcrleri) \u00f6nermek ve m\u00fcmk\u00fcn olan en iyi sonucu sa\u011flamak i\u00e7in bireysel anatominizi ve t\u0131bbi ge\u00e7mi\u015finizi de\u011ferlendirecektir. Ayr\u0131ca, <strong>\u0130stanbul Estetik Merkezi (IAC<\/strong> ) gibi genital cerrahi konusunda deneyimli sayg\u0131n kurumlar, genital gen\u00e7le\u015ftirme ve iyile\u015ftirme yolculu\u011funuz s\u0131ras\u0131nda daha fazla g\u00fcvence ve g\u00f6n\u00fcl rahatl\u0131\u011f\u0131 sa\u011flayabilir.<\/p>\n\t\t\t\t\t\t\t\t<\/div>\n\t\t\t\t<\/div>\n\t\t\t\t<div class=\"elementor-element elementor-element-9d83911 elementor-widget elementor-widget-accordion\" data-id=\"9d83911\" data-element_type=\"widget\" data-widget_type=\"accordion.default\">\n\t\t\t\t<div class=\"elementor-widget-container\">\n\t\t\t\t\t\t\t<div class=\"elementor-accordion\">\n\t\t\t\t\t\t\t<div class=\"elementor-accordion-item\">\n\t\t\t\t\t<div id=\"elementor-tab-title-1651\" class=\"elementor-tab-title\" data-tab=\"1\" role=\"button\" aria-controls=\"elementor-tab-content-1651\" aria-expanded=\"false\">\n\t\t\t\t\t\t\t\t\t\t\t\t\t<span class=\"elementor-accordion-icon elementor-accordion-icon-left\" aria-hidden=\"true\">\n\t\t\t\t\t\t\t\t\t\t\t\t\t\t\t<span class=\"elementor-accordion-icon-closed\"><svg class=\"e-font-icon-svg e-fas-plus\" viewBox=\"0 0 448 512\" xmlns=\"http:\/\/www.w3.org\/2000\/svg\"><path d=\"M416 208H272V64c0-17.67-14.33-32-32-32h-32c-17.67 0-32 14.33-32 32v144H32c-17.67 0-32 14.33-32 32v32c0 17.67 14.33 32 32 32h144v144c0 17.67 14.33 32 32 32h32c17.67 0 32-14.33 32-32V304h144c17.67 0 32-14.33 32-32v-32c0-17.67-14.33-32-32-32z\"><\/path><\/svg><\/span>\n\t\t\t\t\t\t\t\t<span class=\"elementor-accordion-icon-opened\"><svg class=\"e-font-icon-svg e-fas-minus\" viewBox=\"0 0 448 512\" xmlns=\"http:\/\/www.w3.org\/2000\/svg\"><path d=\"M416 208H32c-17.67 0-32 14.33-32 32v32c0 17.67 14.33 32 32 32h384c17.67 0 32-14.33 32-32v-32c0-17.67-14.33-32-32-32z\"><\/path><\/svg><\/span>\n\t\t\t\t\t\t\t\t\t\t\t\t\t\t<\/span>\n\t\t\t\t\t\t\t\t\t\t\t\t<a class=\"elementor-accordion-title\" tabindex=\"0\">Kad\u0131nlar \u0130\u00e7in Genital Ameliyat Olmal\u0131 M\u0131y\u0131m?<\/a>\n\t\t\t\t\t<\/div>\n\t\t\t\t\t<div id=\"elementor-tab-content-1651\" class=\"elementor-tab-content elementor-clearfix\" data-tab=\"1\" role=\"region\" aria-labelledby=\"elementor-tab-title-1651\"><p>Cinsel s\u00f6ylemlerde a\u011fr\u0131 hissediyorsan\u0131z veya seksten uzak duruyorsan\u0131z, \u00f6zg\u00fcven eksikli\u011fi hissediyorsan\u0131z ve g\u00f6rsel problemleriniz varsa EVET, &#8220;Genital Estetik Ameliyat\u0131&#8221; olmal\u0131s\u0131n\u0131z.<\/p>\n<\/div>\n\t\t\t\t<\/div>\n\t\t\t\t\t\t\t<div class=\"elementor-accordion-item\">\n\t\t\t\t\t<div id=\"elementor-tab-title-1652\" class=\"elementor-tab-title\" data-tab=\"2\" role=\"button\" aria-controls=\"elementor-tab-content-1652\" aria-expanded=\"false\">\n\t\t\t\t\t\t\t\t\t\t\t\t\t<span class=\"elementor-accordion-icon elementor-accordion-icon-left\" aria-hidden=\"true\">\n\t\t\t\t\t\t\t\t\t\t\t\t\t\t\t<span class=\"elementor-accordion-icon-closed\"><svg class=\"e-font-icon-svg e-fas-plus\" viewBox=\"0 0 448 512\" xmlns=\"http:\/\/www.w3.org\/2000\/svg\"><path d=\"M416 208H272V64c0-17.67-14.33-32-32-32h-32c-17.67 0-32 14.33-32 32v144H32c-17.67 0-32 14.33-32 32v32c0 17.67 14.33 32 32 32h144v144c0 17.67 14.33 32 32 32h32c17.67 0 32-14.33 32-32V304h144c17.67 0 32-14.33 32-32v-32c0-17.67-14.33-32-32-32z\"><\/path><\/svg><\/span>\n\t\t\t\t\t\t\t\t<span class=\"elementor-accordion-icon-opened\"><svg class=\"e-font-icon-svg e-fas-minus\" viewBox=\"0 0 448 512\" xmlns=\"http:\/\/www.w3.org\/2000\/svg\"><path d=\"M416 208H32c-17.67 0-32 14.33-32 32v32c0 17.67 14.33 32 32 32h384c17.67 0 32-14.33 32-32v-32c0-17.67-14.33-32-32-32z\"><\/path><\/svg><\/span>\n\t\t\t\t\t\t\t\t\t\t\t\t\t\t<\/span>\n\t\t\t\t\t\t\t\t\t\t\t\t<a class=\"elementor-accordion-title\" tabindex=\"0\">Ameliyat Nas\u0131l Devam Edecek?<\/a>\n\t\t\t\t\t<\/div>\n\t\t\t\t\t<div id=\"elementor-tab-content-1652\" class=\"elementor-tab-content elementor-clearfix\" data-tab=\"2\" role=\"region\" aria-labelledby=\"elementor-tab-title-1652\"><p>Ameliyat hastanemizde sedasyon + lokal anestezi ve uygulamaya g\u00f6re genel anestezi alt\u0131nda yap\u0131lacakt\u0131r. Ameliyat\u0131n yakla\u015f\u0131k s\u00fcresi 45 dakika ile 1,5 saat aras\u0131ndad\u0131r. Uygulamaya g\u00f6re hemen taburcu edilebilir ya da bir gece hastanede kalman\u0131z gerekebilir.<\/p>\n<\/div>\n\t\t\t\t<\/div>\n\t\t\t\t\t\t\t<div class=\"elementor-accordion-item\">\n\t\t\t\t\t<div id=\"elementor-tab-title-1653\" class=\"elementor-tab-title\" data-tab=\"3\" role=\"button\" aria-controls=\"elementor-tab-content-1653\" aria-expanded=\"false\">\n\t\t\t\t\t\t\t\t\t\t\t\t\t<span class=\"elementor-accordion-icon elementor-accordion-icon-left\" aria-hidden=\"true\">\n\t\t\t\t\t\t\t\t\t\t\t\t\t\t\t<span class=\"elementor-accordion-icon-closed\"><svg class=\"e-font-icon-svg e-fas-plus\" viewBox=\"0 0 448 512\" xmlns=\"http:\/\/www.w3.org\/2000\/svg\"><path d=\"M416 208H272V64c0-17.67-14.33-32-32-32h-32c-17.67 0-32 14.33-32 32v144H32c-17.67 0-32 14.33-32 32v32c0 17.67 14.33 32 32 32h144v144c0 17.67 14.33 32 32 32h32c17.67 0 32-14.33 32-32V304h144c17.67 0 32-14.33 32-32v-32c0-17.67-14.33-32-32-32z\"><\/path><\/svg><\/span>\n\t\t\t\t\t\t\t\t<span class=\"elementor-accordion-icon-opened\"><svg class=\"e-font-icon-svg e-fas-minus\" viewBox=\"0 0 448 512\" xmlns=\"http:\/\/www.w3.org\/2000\/svg\"><path d=\"M416 208H32c-17.67 0-32 14.33-32 32v32c0 17.67 14.33 32 32 32h384c17.67 0 32-14.33 32-32v-32c0-17.67-14.33-32-32-32z\"><\/path><\/svg><\/span>\n\t\t\t\t\t\t\t\t\t\t\t\t\t\t<\/span>\n\t\t\t\t\t\t\t\t\t\t\t\t<a class=\"elementor-accordion-title\" tabindex=\"0\">Anestezi Hakk\u0131nda Bilinmesi Gerekenler Nelerdir?<\/a>\n\t\t\t\t\t<\/div>\n\t\t\t\t\t<div id=\"elementor-tab-content-1653\" class=\"elementor-tab-content elementor-clearfix\" data-tab=\"3\" role=\"region\" aria-labelledby=\"elementor-tab-title-1653\"><p>Genital b\u00f6lge ameliyat\u0131 \u00f6ncesinde anestezi doktoru taraf\u0131ndan muayene edilecek ve bilgilendirileceksiniz. Kan suland\u0131r\u0131c\u0131 ila\u00e7lar, vitaminler ve alkol, sigara gibi anesteziyi etkileyen fakt\u00f6rler doktorunuzun \u00f6ng\u00f6rd\u00fc\u011f\u00fc tarihten itibaren kesilmelidir.<\/p>\n<\/div>\n\t\t\t\t<\/div>\n\t\t\t\t\t\t\t\t<\/div>\n\t\t\t\t\t\t<\/div>\n\t\t\t\t<\/div>\n\t\t\t\t<\/div>\n\t\t\t\t\t<\/div>\n\t\t\t\t<\/div>\n\t\t\t\t<\/div>\n\t\t","protected":false},"excerpt":{"rendered":"<p>Kad\u0131nlar i\u00e7in Genital Cerrahi Nedir? Kad\u0131nlar i\u00e7in genital cerrahi, estetik, i\u015flevsel ve t\u0131bbi sorunlar da dahil olmak \u00fczere kad\u0131n cinsel organ\u0131yla ilgili \u00e7e\u015fitli endi\u015feleri gidermeyi ama\u00e7layan bir dizi cerrahi prosed\u00fcr\u00fc kapsar. Bu prosed\u00fcrler tipik olarak kalifiye plastik cerrahlar veya jinekologlar taraf\u0131ndan ger\u00e7ekle\u015ftirilir ve bireyin ihtiya\u00e7lar\u0131na ve ko\u015fullar\u0131na ba\u011fl\u0131 olarak se\u00e7meli veya t\u0131bbi olarak gerekli olabilir. [&hellip;]<\/p>\n","protected":false},"author":1,"featured_media":0,"parent":16800,"menu_order":0,"comment_status":"closed","ping_status":"closed","template":"","meta":{"_themeisle_gutenberg_block_has_review":false,"footnotes":""},"class_list":["post-16335","page","type-page","status-publish","hentry"],"_links":{"self":[{"href":"https:\/\/www.istanbulaestheticcenter.com\/tr\/wp-json\/wp\/v2\/pages\/16335","targetHints":{"allow":["GET"]}}],"collection":[{"href":"https:\/\/www.istanbulaestheticcenter.com\/tr\/wp-json\/wp\/v2\/pages"}],"about":[{"href":"https:\/\/www.istanbulaestheticcenter.com\/tr\/wp-json\/wp\/v2\/types\/page"}],"author":[{"embeddable":true,"href":"https:\/\/www.istanbulaestheticcenter.com\/tr\/wp-json\/wp\/v2\/users\/1"}],"replies":[{"embeddable":true,"href":"https:\/\/www.istanbulaestheticcenter.com\/tr\/wp-json\/wp\/v2\/comments?post=16335"}],"version-history":[{"count":3,"href":"https:\/\/www.istanbulaestheticcenter.com\/tr\/wp-json\/wp\/v2\/pages\/16335\/revisions"}],"predecessor-version":[{"id":16342,"href":"https:\/\/www.istanbulaestheticcenter.com\/tr\/wp-json\/wp\/v2\/pages\/16335\/revisions\/16342"}],"up":[{"embeddable":true,"href":"https:\/\/www.istanbulaestheticcenter.com\/tr\/wp-json\/wp\/v2\/pages\/16800"}],"wp:attachment":[{"href":"https:\/\/www.istanbulaestheticcenter.com\/tr\/wp-json\/wp\/v2\/media?parent=16335"}],"curies":[{"name":"wp","href":"https:\/\/api.w.org\/{rel}","templated":true}]}}