{"id":16849,"date":"2024-04-20T02:34:39","date_gmt":"2024-04-19T23:34:39","guid":{"rendered":"https:\/\/www.istanbulaestheticcenter.com\/sollevamento-del-seno\/"},"modified":"2024-04-29T13:36:00","modified_gmt":"2024-04-29T10:36:00","slug":"sollevamento-del-seno","status":"publish","type":"page","link":"https:\/\/www.istanbulaestheticcenter.com\/it\/mammoplastica\/sollevamento-del-seno\/","title":{"rendered":"Sollevamento del seno"},"content":{"rendered":"\t\t<div data-elementor-type=\"wp-page\" data-elementor-id=\"16849\" class=\"elementor elementor-16849 elementor-13266\">\n\t\t\t\t<div class=\"elementor-element elementor-element-e9f0f8c e-flex e-con-boxed e-con e-parent\" data-id=\"e9f0f8c\" data-element_type=\"container\">\n\t\t\t\t\t<div class=\"e-con-inner\">\n\t\t<div class=\"elementor-element elementor-element-b0db3b0 e-flex e-con-boxed e-con e-child\" data-id=\"b0db3b0\" data-element_type=\"container\">\n\t\t\t\t\t<div class=\"e-con-inner\">\n\t\t\t\t<div class=\"elementor-element elementor-element-049eb23 elementor-widget elementor-widget-image\" data-id=\"049eb23\" data-element_type=\"widget\" data-widget_type=\"image.default\">\n\t\t\t\t<div class=\"elementor-widget-container\">\n\t\t\t\t\t\t\t\t\t\t\t\t\t\t\t<img fetchpriority=\"high\" decoding=\"async\" width=\"1024\" height=\"525\" src=\"https:\/\/www.istanbulaestheticcenter.com\/wp-content\/uploads\/2024\/04\/breast-lifting-1024x525.jpg\" class=\"attachment-large size-large wp-image-16014\" alt=\"\" srcset=\"https:\/\/www.istanbulaestheticcenter.com\/wp-content\/uploads\/2024\/04\/breast-lifting-1024x525.jpg 1024w, https:\/\/www.istanbulaestheticcenter.com\/wp-content\/uploads\/2024\/04\/breast-lifting-300x154.jpg 300w, https:\/\/www.istanbulaestheticcenter.com\/wp-content\/uploads\/2024\/04\/breast-lifting-768x394.jpg 768w, https:\/\/www.istanbulaestheticcenter.com\/wp-content\/uploads\/2024\/04\/breast-lifting-1000x513.jpg 1000w, https:\/\/www.istanbulaestheticcenter.com\/wp-content\/uploads\/2024\/04\/breast-lifting-1110x570.jpg 1110w, https:\/\/www.istanbulaestheticcenter.com\/wp-content\/uploads\/2024\/04\/breast-lifting.jpg 1120w\" sizes=\"(max-width: 1024px) 100vw, 1024px\" \/>\t\t\t\t\t\t\t\t\t\t\t\t\t\t\t<\/div>\n\t\t\t\t<\/div>\n\t\t\t\t\t<\/div>\n\t\t\t\t<\/div>\n\t\t\t\t\t<\/div>\n\t\t\t\t<\/div>\n\t\t<div class=\"elementor-element elementor-element-3f7c041 e-flex e-con-boxed e-con e-parent\" data-id=\"3f7c041\" data-element_type=\"container\">\n\t\t\t\t\t<div class=\"e-con-inner\">\n\t\t<div class=\"elementor-element elementor-element-50bb1f7 e-con-full e-flex e-con e-child\" data-id=\"50bb1f7\" data-element_type=\"container\">\n\t\t\t\t<div class=\"elementor-element elementor-element-1fc6a50 elementor-widget elementor-widget-heading\" data-id=\"1fc6a50\" data-element_type=\"widget\" data-widget_type=\"heading.default\">\n\t\t\t\t<div class=\"elementor-widget-container\">\n\t\t\t\t\t<h2 class=\"elementor-heading-title elementor-size-default\">Che cos'\u00e8 l'intervento di lifting del seno?<\/h2>\t\t\t\t<\/div>\n\t\t\t\t<\/div>\n\t\t\t\t<div class=\"elementor-element elementor-element-a63c1e5 elementor-widget elementor-widget-text-editor\" data-id=\"a63c1e5\" data-element_type=\"widget\" data-widget_type=\"text-editor.default\">\n\t\t\t\t<div class=\"elementor-widget-container\">\n\t\t\t\t\t\t\t\t\t<p>Il lifting del seno, noto anche come mastopessi, \u00e8 un intervento di chirurgia estetica volto a sollevare e rimodellare il seno per ottenere un aspetto pi\u00f9 giovane e ringiovanito. Questo intervento \u00e8 spesso richiesto da persone che hanno riscontrato cedimenti o cadute del seno a causa di fattori quali l&#8217;invecchiamento, la gravidanza, l&#8217;allattamento, le fluttuazioni di peso o la genetica.<\/p>\n<p>Ecco una panoramica di come viene eseguito l&#8217;intervento di lifting del seno:<\/p>\n<ol>\n<li>\n<p><strong>Consultazione<\/strong>: Prima dell&#8217;intervento, il paziente si sottopone a un consulto con un chirurgo plastico qualificato per discutere i suoi obiettivi, le sue aspettative e la sua storia clinica. Il chirurgo valuter\u00e0 l&#8217;anatomia del seno della paziente, l&#8217;elasticit\u00e0 della pelle, il grado di cedimento e la posizione del capezzolo per determinare l&#8217;approccio pi\u00f9 adatto per il lifting del seno.<\/p>\n<\/li>\n<li>\n<p><strong>Anestesia<\/strong>: l&#8217;intervento di lifting del seno pu\u00f2 essere eseguito in anestesia generale o locale con sedazione, a seconda delle preferenze della paziente e dell&#8217;entit\u00e0 dell&#8217;intervento.<\/p>\n<\/li>\n<li>\n<p><strong>Incisioni<\/strong>: Il chirurgo praticher\u00e0 incisioni discrete sul seno, in genere intorno all&#8217;areola (la pelle scura che circonda il capezzolo) ed eventualmente estendendosi verticalmente dall&#8217;areola fino alla piega del seno, oppure orizzontalmente lungo la piega del seno. La lunghezza e l&#8217;andamento delle incisioni dipendono dall&#8217;entit\u00e0 del lifting del seno e dalla quantit\u00e0 di pelle in eccesso da rimuovere.<\/p>\n<\/li>\n<li>\n<p><strong>Rimodellamento dei tessuti:<\/strong> Dopo aver praticato le incisioni, il chirurgo rimodella il tessuto mammario, riposiziona i capezzoli a un&#8217;altezza pi\u00f9 giovanile e solleva i seni in una posizione esteticamente pi\u00f9 gradevole. La pelle in eccesso pu\u00f2 essere rimossa per ottenere un contorno del seno pi\u00f9 sodo e tonico.<\/p>\n<\/li>\n<li>\n<p><strong>Riposizionamento dei capezzoli<\/strong>: Se necessario, il chirurgo pu\u00f2 anche riposizionare i capezzoli in una posizione pi\u00f9 alta e centrale sulla massa mammaria per ottenere un aspetto pi\u00f9 equilibrato e naturale.<\/p>\n<\/li>\n<li>\n<p><strong>Riapposizione della pelle<\/strong>: La pelle rimanente viene accuratamente ridisegnata sui seni rimodellati e rassodata per creare un aspetto pi\u00f9 liscio e giovane.<\/p>\n<\/li>\n<li>\n<p><strong>Chiusura<\/strong>: Una volta ottenuta la correzione desiderata, le incisioni vengono chiuse con i punti di sutura e vengono applicate le medicazioni o i bendaggi necessari per proteggere i siti chirurgici.<\/p>\n<\/li>\n<li>\n<p><strong>Recupero<\/strong>: Dopo l&#8217;intervento, le pazienti in genere avvertono un certo gonfiore, lividi e disagio, che possono essere gestiti con farmaci antidolorifici e indumenti di sostegno come un reggiseno chirurgico. \u00c8 essenziale seguire le istruzioni post-operatorie fornite dal chirurgo per facilitare la corretta guarigione e ottimizzare i risultati.<\/p>\n<\/li>\n<\/ol>\n\t\t\t\t\t\t\t\t<\/div>\n\t\t\t\t<\/div>\n\t\t\t\t<\/div>\n\t\t<div class=\"elementor-element elementor-element-1cd2b8e e-con-full e-flex e-con e-child\" data-id=\"1cd2b8e\" data-element_type=\"container\">\n\t\t\t\t<div class=\"elementor-element elementor-element-110e307 elementor-widget elementor-widget-text-editor\" data-id=\"110e307\" data-element_type=\"widget\" data-widget_type=\"text-editor.default\">\n\t\t\t\t<div class=\"elementor-widget-container\">\n\t\t\t\t\t\t\t\t\t<p>L&#8217;intervento di lifting del seno pu\u00f2 apportare miglioramenti significativi all&#8217;aspetto del seno, restituendo fiducia e permettendo alle persone di sentirsi pi\u00f9 a proprio agio nell&#8217;abbigliamento e nell&#8217;immagine corporea generale. Tuttavia, \u00e8 fondamentale consultare un chirurgo plastico specializzato in mastopessi per garantire il miglior risultato possibile. Istituti affidabili con esperienza nell&#8217;intervento di lifting del seno, come l&#8217;<strong>Istanbul Aesthetic Center (IAC)<\/strong>, possono fornire una maggiore garanzia e tranquillit\u00e0 durante il viaggio verso un seno pi\u00f9 sodo e giovane.<\/p>\n\t\t\t\t\t\t\t\t<\/div>\n\t\t\t\t<\/div>\n\t\t\t\t<div class=\"elementor-element elementor-element-9d83911 elementor-widget elementor-widget-accordion\" data-id=\"9d83911\" data-element_type=\"widget\" data-widget_type=\"accordion.default\">\n\t\t\t\t<div class=\"elementor-widget-container\">\n\t\t\t\t\t\t\t<div class=\"elementor-accordion\">\n\t\t\t\t\t\t\t<div class=\"elementor-accordion-item\">\n\t\t\t\t\t<div id=\"elementor-tab-title-1651\" class=\"elementor-tab-title\" data-tab=\"1\" role=\"button\" aria-controls=\"elementor-tab-content-1651\" aria-expanded=\"false\">\n\t\t\t\t\t\t\t\t\t\t\t\t\t<span class=\"elementor-accordion-icon elementor-accordion-icon-left\" aria-hidden=\"true\">\n\t\t\t\t\t\t\t\t\t\t\t\t\t\t\t<span class=\"elementor-accordion-icon-closed\"><svg class=\"e-font-icon-svg e-fas-plus\" viewBox=\"0 0 448 512\" xmlns=\"http:\/\/www.w3.org\/2000\/svg\"><path d=\"M416 208H272V64c0-17.67-14.33-32-32-32h-32c-17.67 0-32 14.33-32 32v144H32c-17.67 0-32 14.33-32 32v32c0 17.67 14.33 32 32 32h144v144c0 17.67 14.33 32 32 32h32c17.67 0 32-14.33 32-32V304h144c17.67 0 32-14.33 32-32v-32c0-17.67-14.33-32-32-32z\"><\/path><\/svg><\/span>\n\t\t\t\t\t\t\t\t<span class=\"elementor-accordion-icon-opened\"><svg class=\"e-font-icon-svg e-fas-minus\" viewBox=\"0 0 448 512\" xmlns=\"http:\/\/www.w3.org\/2000\/svg\"><path d=\"M416 208H32c-17.67 0-32 14.33-32 32v32c0 17.67 14.33 32 32 32h384c17.67 0 32-14.33 32-32v-32c0-17.67-14.33-32-32-32z\"><\/path><\/svg><\/span>\n\t\t\t\t\t\t\t\t\t\t\t\t\t\t<\/span>\n\t\t\t\t\t\t\t\t\t\t\t\t<a class=\"elementor-accordion-title\" tabindex=\"0\">Dovrei sottopormi a un intervento di lifting del seno?<\/a>\n\t\t\t\t\t<\/div>\n\t\t\t\t\t<div id=\"elementor-tab-content-1651\" class=\"elementor-tab-content elementor-clearfix\" data-tab=\"1\" role=\"region\" aria-labelledby=\"elementor-tab-title-1651\"><p>Se il seno si \u00e8 abbassato e ha perso volume a causa del parto, dell&#8217;allattamento, dell&#8217;aumento e della perdita di peso e per motivi genetici, \u00e8 possibile sottoporsi a un &#8220;intervento di lifting del seno&#8221;.<\/p>\n<\/div>\n\t\t\t\t<\/div>\n\t\t\t\t\t\t\t<div class=\"elementor-accordion-item\">\n\t\t\t\t\t<div id=\"elementor-tab-title-1652\" class=\"elementor-tab-title\" data-tab=\"2\" role=\"button\" aria-controls=\"elementor-tab-content-1652\" aria-expanded=\"false\">\n\t\t\t\t\t\t\t\t\t\t\t\t\t<span class=\"elementor-accordion-icon elementor-accordion-icon-left\" aria-hidden=\"true\">\n\t\t\t\t\t\t\t\t\t\t\t\t\t\t\t<span class=\"elementor-accordion-icon-closed\"><svg class=\"e-font-icon-svg e-fas-plus\" viewBox=\"0 0 448 512\" xmlns=\"http:\/\/www.w3.org\/2000\/svg\"><path d=\"M416 208H272V64c0-17.67-14.33-32-32-32h-32c-17.67 0-32 14.33-32 32v144H32c-17.67 0-32 14.33-32 32v32c0 17.67 14.33 32 32 32h144v144c0 17.67 14.33 32 32 32h32c17.67 0 32-14.33 32-32V304h144c17.67 0 32-14.33 32-32v-32c0-17.67-14.33-32-32-32z\"><\/path><\/svg><\/span>\n\t\t\t\t\t\t\t\t<span class=\"elementor-accordion-icon-opened\"><svg class=\"e-font-icon-svg e-fas-minus\" viewBox=\"0 0 448 512\" xmlns=\"http:\/\/www.w3.org\/2000\/svg\"><path d=\"M416 208H32c-17.67 0-32 14.33-32 32v32c0 17.67 14.33 32 32 32h384c17.67 0 32-14.33 32-32v-32c0-17.67-14.33-32-32-32z\"><\/path><\/svg><\/span>\n\t\t\t\t\t\t\t\t\t\t\t\t\t\t<\/span>\n\t\t\t\t\t\t\t\t\t\t\t\t<a class=\"elementor-accordion-title\" tabindex=\"0\">A cosa bisogna prestare attenzione prima dell'intervento?<\/a>\n\t\t\t\t\t<\/div>\n\t\t\t\t\t<div id=\"elementor-tab-content-1652\" class=\"elementor-tab-content elementor-clearfix\" data-tab=\"2\" role=\"region\" aria-labelledby=\"elementor-tab-title-1652\"><p>\u00c8 meglio che tu condivida con il tuo medico tutte le tue aspettative e le tue preoccupazioni. Durante la visita, \u00e8 necessario rispondere in modo dettagliato a tutte le domande sullo stato di salute generale e informare il medico sulle malattie pregresse e sui farmaci utilizzati.<\/p>\n<\/div>\n\t\t\t\t<\/div>\n\t\t\t\t\t\t\t<div class=\"elementor-accordion-item\">\n\t\t\t\t\t<div id=\"elementor-tab-title-1653\" class=\"elementor-tab-title\" data-tab=\"3\" role=\"button\" aria-controls=\"elementor-tab-content-1653\" aria-expanded=\"false\">\n\t\t\t\t\t\t\t\t\t\t\t\t\t<span class=\"elementor-accordion-icon elementor-accordion-icon-left\" aria-hidden=\"true\">\n\t\t\t\t\t\t\t\t\t\t\t\t\t\t\t<span class=\"elementor-accordion-icon-closed\"><svg class=\"e-font-icon-svg e-fas-plus\" viewBox=\"0 0 448 512\" xmlns=\"http:\/\/www.w3.org\/2000\/svg\"><path d=\"M416 208H272V64c0-17.67-14.33-32-32-32h-32c-17.67 0-32 14.33-32 32v144H32c-17.67 0-32 14.33-32 32v32c0 17.67 14.33 32 32 32h144v144c0 17.67 14.33 32 32 32h32c17.67 0 32-14.33 32-32V304h144c17.67 0 32-14.33 32-32v-32c0-17.67-14.33-32-32-32z\"><\/path><\/svg><\/span>\n\t\t\t\t\t\t\t\t<span class=\"elementor-accordion-icon-opened\"><svg class=\"e-font-icon-svg e-fas-minus\" viewBox=\"0 0 448 512\" xmlns=\"http:\/\/www.w3.org\/2000\/svg\"><path d=\"M416 208H32c-17.67 0-32 14.33-32 32v32c0 17.67 14.33 32 32 32h384c17.67 0 32-14.33 32-32v-32c0-17.67-14.33-32-32-32z\"><\/path><\/svg><\/span>\n\t\t\t\t\t\t\t\t\t\t\t\t\t\t<\/span>\n\t\t\t\t\t\t\t\t\t\t\t\t<a class=\"elementor-accordion-title\" tabindex=\"0\">Come si svolge l'intervento?<\/a>\n\t\t\t\t\t<\/div>\n\t\t\t\t\t<div id=\"elementor-tab-content-1653\" class=\"elementor-tab-content elementor-clearfix\" data-tab=\"3\" role=\"region\" aria-labelledby=\"elementor-tab-title-1653\"><p>L&#8217;intervento chirurgico che verr\u00e0 effettuato nel nostro ospedale sar\u00e0 eseguito in sedazione\/anestesia locale o anestesia generale. La durata approssimativa \u00e8 di 2-2,5 ore; sar\u00e0 necessario rimanere in ospedale per una notte.<\/p>\n<\/div>\n\t\t\t\t<\/div>\n\t\t\t\t\t\t\t<div class=\"elementor-accordion-item\">\n\t\t\t\t\t<div id=\"elementor-tab-title-1654\" class=\"elementor-tab-title\" data-tab=\"4\" role=\"button\" aria-controls=\"elementor-tab-content-1654\" aria-expanded=\"false\">\n\t\t\t\t\t\t\t\t\t\t\t\t\t<span class=\"elementor-accordion-icon elementor-accordion-icon-left\" aria-hidden=\"true\">\n\t\t\t\t\t\t\t\t\t\t\t\t\t\t\t<span class=\"elementor-accordion-icon-closed\"><svg class=\"e-font-icon-svg e-fas-plus\" viewBox=\"0 0 448 512\" xmlns=\"http:\/\/www.w3.org\/2000\/svg\"><path d=\"M416 208H272V64c0-17.67-14.33-32-32-32h-32c-17.67 0-32 14.33-32 32v144H32c-17.67 0-32 14.33-32 32v32c0 17.67 14.33 32 32 32h144v144c0 17.67 14.33 32 32 32h32c17.67 0 32-14.33 32-32V304h144c17.67 0 32-14.33 32-32v-32c0-17.67-14.33-32-32-32z\"><\/path><\/svg><\/span>\n\t\t\t\t\t\t\t\t<span class=\"elementor-accordion-icon-opened\"><svg class=\"e-font-icon-svg e-fas-minus\" viewBox=\"0 0 448 512\" xmlns=\"http:\/\/www.w3.org\/2000\/svg\"><path d=\"M416 208H32c-17.67 0-32 14.33-32 32v32c0 17.67 14.33 32 32 32h384c17.67 0 32-14.33 32-32v-32c0-17.67-14.33-32-32-32z\"><\/path><\/svg><\/span>\n\t\t\t\t\t\t\t\t\t\t\t\t\t\t<\/span>\n\t\t\t\t\t\t\t\t\t\t\t\t<a class=\"elementor-accordion-title\" tabindex=\"0\">Cosa bisogna sapere sull'anestesia?<\/a>\n\t\t\t\t\t<\/div>\n\t\t\t\t\t<div id=\"elementor-tab-content-1654\" class=\"elementor-tab-content elementor-clearfix\" data-tab=\"4\" role=\"region\" aria-labelledby=\"elementor-tab-title-1654\"><p>Prima dell&#8217;intervento di mastoplastica additiva sarete visitate e informate da un medico anestesista. I farmaci diluenti il sangue, le vitamine e i fattori che influenzano l&#8217;anestesia, come l&#8217;alcol e il fumo, devono essere sospesi a partire dalla data prevista dal medico.<\/p>\n<\/div>\n\t\t\t\t<\/div>\n\t\t\t\t\t\t\t<div class=\"elementor-accordion-item\">\n\t\t\t\t\t<div id=\"elementor-tab-title-1655\" class=\"elementor-tab-title\" data-tab=\"5\" role=\"button\" aria-controls=\"elementor-tab-content-1655\" aria-expanded=\"false\">\n\t\t\t\t\t\t\t\t\t\t\t\t\t<span class=\"elementor-accordion-icon elementor-accordion-icon-left\" aria-hidden=\"true\">\n\t\t\t\t\t\t\t\t\t\t\t\t\t\t\t<span class=\"elementor-accordion-icon-closed\"><svg class=\"e-font-icon-svg e-fas-plus\" viewBox=\"0 0 448 512\" xmlns=\"http:\/\/www.w3.org\/2000\/svg\"><path d=\"M416 208H272V64c0-17.67-14.33-32-32-32h-32c-17.67 0-32 14.33-32 32v144H32c-17.67 0-32 14.33-32 32v32c0 17.67 14.33 32 32 32h144v144c0 17.67 14.33 32 32 32h32c17.67 0 32-14.33 32-32V304h144c17.67 0 32-14.33 32-32v-32c0-17.67-14.33-32-32-32z\"><\/path><\/svg><\/span>\n\t\t\t\t\t\t\t\t<span class=\"elementor-accordion-icon-opened\"><svg class=\"e-font-icon-svg e-fas-minus\" viewBox=\"0 0 448 512\" xmlns=\"http:\/\/www.w3.org\/2000\/svg\"><path d=\"M416 208H32c-17.67 0-32 14.33-32 32v32c0 17.67 14.33 32 32 32h384c17.67 0 32-14.33 32-32v-32c0-17.67-14.33-32-32-32z\"><\/path><\/svg><\/span>\n\t\t\t\t\t\t\t\t\t\t\t\t\t\t<\/span>\n\t\t\t\t\t\t\t\t\t\t\t\t<a class=\"elementor-accordion-title\" tabindex=\"0\">Periodo di ritorno alla vita sociale dopo l'intervento chirurgico<\/a>\n\t\t\t\t\t<\/div>\n\t\t\t\t\t<div id=\"elementor-tab-content-1655\" class=\"elementor-tab-content elementor-clearfix\" data-tab=\"5\" role=\"region\" aria-labelledby=\"elementor-tab-title-1655\"><p>All&#8217;inizio del periodo post-operatorio, si pu\u00f2 avere un leggero dolore, ma questo periodo viene superato facilmente con gli antidolorifici prescritti in generale. I controlli avvengono al 3\u00b0 e al 7\u00b0 giorno. Dovrete utilizzare un reggiseno speciale per voi per 1 mese. Dovr\u00e0 astenersi dagli sport che richiedono forti movimenti delle braccia per 2 mesi.<\/p>\n<\/div>\n\t\t\t\t<\/div>\n\t\t\t\t\t\t\t\t<\/div>\n\t\t\t\t\t\t<\/div>\n\t\t\t\t<\/div>\n\t\t\t\t<\/div>\n\t\t\t\t\t<\/div>\n\t\t\t\t<\/div>\n\t\t\t\t<\/div>\n\t\t","protected":false},"excerpt":{"rendered":"<p>Che cos&#8217;\u00e8 l&#8217;intervento di lifting del seno? Il lifting del seno, noto anche come mastopessi, \u00e8 un intervento di chirurgia estetica volto a sollevare e rimodellare il seno per ottenere un aspetto pi\u00f9 giovane e ringiovanito. Questo intervento \u00e8 spesso richiesto da persone che hanno riscontrato cedimenti o cadute del seno a causa di fattori [&hellip;]<\/p>\n","protected":false},"author":1,"featured_media":0,"parent":16863,"menu_order":0,"comment_status":"closed","ping_status":"closed","template":"","meta":{"_themeisle_gutenberg_block_has_review":false,"footnotes":""},"class_list":["post-16849","page","type-page","status-publish","hentry"],"_links":{"self":[{"href":"https:\/\/www.istanbulaestheticcenter.com\/it\/wp-json\/wp\/v2\/pages\/16849","targetHints":{"allow":["GET"]}}],"collection":[{"href":"https:\/\/www.istanbulaestheticcenter.com\/it\/wp-json\/wp\/v2\/pages"}],"about":[{"href":"https:\/\/www.istanbulaestheticcenter.com\/it\/wp-json\/wp\/v2\/types\/page"}],"author":[{"embeddable":true,"href":"https:\/\/www.istanbulaestheticcenter.com\/it\/wp-json\/wp\/v2\/users\/1"}],"replies":[{"embeddable":true,"href":"https:\/\/www.istanbulaestheticcenter.com\/it\/wp-json\/wp\/v2\/comments?post=16849"}],"version-history":[{"count":1,"href":"https:\/\/www.istanbulaestheticcenter.com\/it\/wp-json\/wp\/v2\/pages\/16849\/revisions"}],"predecessor-version":[{"id":16850,"href":"https:\/\/www.istanbulaestheticcenter.com\/it\/wp-json\/wp\/v2\/pages\/16849\/revisions\/16850"}],"up":[{"embeddable":true,"href":"https:\/\/www.istanbulaestheticcenter.com\/it\/wp-json\/wp\/v2\/pages\/16863"}],"wp:attachment":[{"href":"https:\/\/www.istanbulaestheticcenter.com\/it\/wp-json\/wp\/v2\/media?parent=16849"}],"curies":[{"name":"wp","href":"https:\/\/api.w.org\/{rel}","templated":true}]}}