{"id":16627,"date":"2024-04-20T16:56:40","date_gmt":"2024-04-20T13:56:40","guid":{"rendered":"https:\/\/www.istanbulaestheticcenter.com\/applicazione-del-botulino\/"},"modified":"2024-04-29T21:50:24","modified_gmt":"2024-04-29T18:50:24","slug":"applicazione-del-botulino","status":"publish","type":"page","link":"https:\/\/www.istanbulaestheticcenter.com\/it\/estetica-medica\/applicazione-del-botulino\/","title":{"rendered":"Applicazione del botulino"},"content":{"rendered":"\t\t<div data-elementor-type=\"wp-page\" data-elementor-id=\"16627\" class=\"elementor elementor-16627 elementor-13404\">\n\t\t\t\t<div class=\"elementor-element elementor-element-e9f0f8c e-flex e-con-boxed e-con e-parent\" data-id=\"e9f0f8c\" data-element_type=\"container\">\n\t\t\t\t\t<div class=\"e-con-inner\">\n\t\t<div class=\"elementor-element elementor-element-b0db3b0 e-flex e-con-boxed e-con e-child\" data-id=\"b0db3b0\" data-element_type=\"container\">\n\t\t\t\t\t<div class=\"e-con-inner\">\n\t\t\t\t<div class=\"elementor-element elementor-element-fd8394e elementor-widget elementor-widget-image\" data-id=\"fd8394e\" data-element_type=\"widget\" data-widget_type=\"image.default\">\n\t\t\t\t<div class=\"elementor-widget-container\">\n\t\t\t\t\t\t\t\t\t\t\t\t\t\t\t<img fetchpriority=\"high\" decoding=\"async\" width=\"1024\" height=\"525\" src=\"https:\/\/www.istanbulaestheticcenter.com\/wp-content\/uploads\/2024\/04\/botox-1024x525.jpg\" class=\"attachment-large size-large wp-image-16028\" alt=\"\" srcset=\"https:\/\/www.istanbulaestheticcenter.com\/wp-content\/uploads\/2024\/04\/botox-1024x525.jpg 1024w, https:\/\/www.istanbulaestheticcenter.com\/wp-content\/uploads\/2024\/04\/botox-300x154.jpg 300w, https:\/\/www.istanbulaestheticcenter.com\/wp-content\/uploads\/2024\/04\/botox-768x394.jpg 768w, https:\/\/www.istanbulaestheticcenter.com\/wp-content\/uploads\/2024\/04\/botox-1000x513.jpg 1000w, https:\/\/www.istanbulaestheticcenter.com\/wp-content\/uploads\/2024\/04\/botox-1110x570.jpg 1110w, https:\/\/www.istanbulaestheticcenter.com\/wp-content\/uploads\/2024\/04\/botox.jpg 1120w\" sizes=\"(max-width: 1024px) 100vw, 1024px\" \/>\t\t\t\t\t\t\t\t\t\t\t\t\t\t\t<\/div>\n\t\t\t\t<\/div>\n\t\t\t\t\t<\/div>\n\t\t\t\t<\/div>\n\t\t\t\t\t<\/div>\n\t\t\t\t<\/div>\n\t\t<div class=\"elementor-element elementor-element-3f7c041 e-flex e-con-boxed e-con e-parent\" data-id=\"3f7c041\" data-element_type=\"container\">\n\t\t\t\t\t<div class=\"e-con-inner\">\n\t\t<div class=\"elementor-element elementor-element-50bb1f7 e-con-full e-flex e-con e-child\" data-id=\"50bb1f7\" data-element_type=\"container\">\n\t\t\t\t<div class=\"elementor-element elementor-element-1fc6a50 elementor-widget elementor-widget-heading\" data-id=\"1fc6a50\" data-element_type=\"widget\" data-widget_type=\"heading.default\">\n\t\t\t\t<div class=\"elementor-widget-container\">\n\t\t\t\t\t<h2 class=\"elementor-heading-title elementor-size-default\">Che cos'\u00e8 l'applicazione di botulino?<\/h2>\t\t\t\t<\/div>\n\t\t\t\t<\/div>\n\t\t\t\t<div class=\"elementor-element elementor-element-a63c1e5 elementor-widget elementor-widget-text-editor\" data-id=\"a63c1e5\" data-element_type=\"widget\" data-widget_type=\"text-editor.default\">\n\t\t\t\t<div class=\"elementor-widget-container\">\n\t\t\t\t\t\t\t\t\t<p>L&#8217;applicazione di tossina botulinica, comunemente nota come iniezione di Botox, \u00e8 una procedura cosmetica non chirurgica volta a ridurre l&#8217;aspetto delle rughe e delle linee sottili del viso rilassando temporaneamente i muscoli che le causano. La tossina botulinica deriva dal batterio Clostridium botulinum e agisce bloccando i segnali tra i nervi e i muscoli, provocando un rilassamento muscolare e un aspetto pi\u00f9 liscio e giovane.<\/p>\n<p>Ecco una panoramica delle modalit\u00e0 di applicazione della tossina botulinica:<\/p>\n<ol>\n<li>\n<p><strong>Consultazione<\/strong>: Prima della procedura, il paziente avr\u00e0 un consulto con un operatore sanitario qualificato, di solito un dermatologo o un chirurgo plastico, per discutere i suoi obiettivi, le sue aspettative e la sua storia clinica. Il medico valuter\u00e0 l&#8217;anatomia del viso del paziente, le condizioni della pelle e le aree di interesse per determinare l&#8217;approccio pi\u00f9 adatto al trattamento con tossina botulinica.<\/p>\n<\/li>\n<li>\n<p><strong>Tecnica di iniezione:<\/strong> Durante la procedura, il medico utilizzer\u00e0 un ago sottile per iniettare piccole quantit\u00e0 di tossina botulinica in muscoli specifici responsabili della formazione di rughe e linee sottili, come quelle tra le sopracciglia (rughe di espressione), intorno agli occhi (zampe di gallina) o sulla fronte. Le iniezioni sono in genere rapide e relativamente indolori, e non \u00e8 necessaria l&#8217;anestesia.<\/p>\n<\/li>\n<li>\n<p><strong>Aree mirate: <\/strong> Le iniezioni di tossina botulinica sono comunemente utilizzate per colpire le rughe dinamiche, che sono causate da movimenti muscolari ripetuti nel tempo, come strizzare gli occhi o aggrottare le sopracciglia. Rilassando temporaneamente i muscoli, la tossina botulinica pu\u00f2 attenuare queste rughe e impedire che si accentuino.<\/p>\n<\/li>\n<li>\n<p><strong>Risultati:<\/strong> Gli effetti delle iniezioni di tossina botulinica si notano in genere da pochi giorni a una settimana dopo la procedura, con risultati ottimali entro due settimane. I risultati durano in genere da tre a sei mesi, dopodich\u00e9 i muscoli riprendono gradualmente la loro normale funzione e le rughe possono gradualmente ricomparire. Per mantenere i risultati desiderati, di solito si consiglia di ripetere i trattamenti ogni pochi mesi.<\/p>\n<\/li>\n<li>\n<p><strong>Recupero<\/strong>: Le iniezioni di tossina botulinica sono minimamente invasive e la maggior parte dei pazienti pu\u00f2 riprendere le proprie attivit\u00e0 normali subito dopo la procedura. \u00c8 possibile che si verifichino lievi gonfiori, lividi o arrossamenti nei siti di iniezione, ma di solito si risolvono nel giro di pochi giorni.<\/p>\n<\/li>\n<\/ol>\n\t\t\t\t\t\t\t\t<\/div>\n\t\t\t\t<\/div>\n\t\t\t\t<\/div>\n\t\t<div class=\"elementor-element elementor-element-1cd2b8e e-con-full e-flex e-con e-child\" data-id=\"1cd2b8e\" data-element_type=\"container\">\n\t\t\t\t<div class=\"elementor-element elementor-element-148211a elementor-widget elementor-widget-text-editor\" data-id=\"148211a\" data-element_type=\"widget\" data-widget_type=\"text-editor.default\">\n\t\t\t\t<div class=\"elementor-widget-container\">\n\t\t\t\t\t\t\t\t\t<p>L&#8217;applicazione della tossina botulinica \u00e8 un trattamento sicuro ed efficace per ridurre l&#8217;aspetto delle rughe del viso e ottenere un aspetto pi\u00f9 giovane. Tuttavia, \u00e8 essenziale sottoporsi alle iniezioni di tossina botulinica da un operatore sanitario qualificato ed esperto per garantire il miglior risultato possibile e ridurre al minimo il rischio di complicazioni. Le cliniche rinomate con esperienza nell&#8217;applicazione della tossina botulinica, come <strong>l&#8217;Istanbul Aesthetic Center (IAC)<\/strong>, possono fornire una maggiore garanzia e tranquillit\u00e0 durante il percorso di trattamento estetico.<\/p>\n\t\t\t\t\t\t\t\t<\/div>\n\t\t\t\t<\/div>\n\t\t\t\t<div class=\"elementor-element elementor-element-9d83911 elementor-widget elementor-widget-accordion\" data-id=\"9d83911\" data-element_type=\"widget\" data-widget_type=\"accordion.default\">\n\t\t\t\t<div class=\"elementor-widget-container\">\n\t\t\t\t\t\t\t<div class=\"elementor-accordion\">\n\t\t\t\t\t\t\t<div class=\"elementor-accordion-item\">\n\t\t\t\t\t<div id=\"elementor-tab-title-1651\" class=\"elementor-tab-title\" data-tab=\"1\" role=\"button\" aria-controls=\"elementor-tab-content-1651\" aria-expanded=\"false\">\n\t\t\t\t\t\t\t\t\t\t\t\t\t<span class=\"elementor-accordion-icon elementor-accordion-icon-left\" aria-hidden=\"true\">\n\t\t\t\t\t\t\t\t\t\t\t\t\t\t\t<span class=\"elementor-accordion-icon-closed\"><svg class=\"e-font-icon-svg e-fas-plus\" viewBox=\"0 0 448 512\" xmlns=\"http:\/\/www.w3.org\/2000\/svg\"><path d=\"M416 208H272V64c0-17.67-14.33-32-32-32h-32c-17.67 0-32 14.33-32 32v144H32c-17.67 0-32 14.33-32 32v32c0 17.67 14.33 32 32 32h144v144c0 17.67 14.33 32 32 32h32c17.67 0 32-14.33 32-32V304h144c17.67 0 32-14.33 32-32v-32c0-17.67-14.33-32-32-32z\"><\/path><\/svg><\/span>\n\t\t\t\t\t\t\t\t<span class=\"elementor-accordion-icon-opened\"><svg class=\"e-font-icon-svg e-fas-minus\" viewBox=\"0 0 448 512\" xmlns=\"http:\/\/www.w3.org\/2000\/svg\"><path d=\"M416 208H32c-17.67 0-32 14.33-32 32v32c0 17.67 14.33 32 32 32h384c17.67 0 32-14.33 32-32v-32c0-17.67-14.33-32-32-32z\"><\/path><\/svg><\/span>\n\t\t\t\t\t\t\t\t\t\t\t\t\t\t<\/span>\n\t\t\t\t\t\t\t\t\t\t\t\t<a class=\"elementor-accordion-title\" tabindex=\"0\">Come si applica il botulino?<\/a>\n\t\t\t\t\t<\/div>\n\t\t\t\t\t<div id=\"elementor-tab-content-1651\" class=\"elementor-tab-content elementor-clearfix\" data-tab=\"1\" role=\"region\" aria-labelledby=\"elementor-tab-title-1651\"><p>I primi effetti del botulino iniziano a manifestarsi entro 3-4 giorni, l&#8217;effetto completo si osserva con gli occhi entro 7-10 giorni, la durata della permanenza dipende dalla persona e varia tra 4-6 mesi. Se viene applicato regolarmente, la durata della permanenza si prolunga. L&#8217;applicazione, che dura circa 15 minuti ed \u00e8 eseguita con aghi dalle estremit\u00e0 sottili, \u00e8 indolore e non provoca dolore.<\/p>\n<\/div>\n\t\t\t\t<\/div>\n\t\t\t\t\t\t\t<div class=\"elementor-accordion-item\">\n\t\t\t\t\t<div id=\"elementor-tab-title-1652\" class=\"elementor-tab-title\" data-tab=\"2\" role=\"button\" aria-controls=\"elementor-tab-content-1652\" aria-expanded=\"false\">\n\t\t\t\t\t\t\t\t\t\t\t\t\t<span class=\"elementor-accordion-icon elementor-accordion-icon-left\" aria-hidden=\"true\">\n\t\t\t\t\t\t\t\t\t\t\t\t\t\t\t<span class=\"elementor-accordion-icon-closed\"><svg class=\"e-font-icon-svg e-fas-plus\" viewBox=\"0 0 448 512\" xmlns=\"http:\/\/www.w3.org\/2000\/svg\"><path d=\"M416 208H272V64c0-17.67-14.33-32-32-32h-32c-17.67 0-32 14.33-32 32v144H32c-17.67 0-32 14.33-32 32v32c0 17.67 14.33 32 32 32h144v144c0 17.67 14.33 32 32 32h32c17.67 0 32-14.33 32-32V304h144c17.67 0 32-14.33 32-32v-32c0-17.67-14.33-32-32-32z\"><\/path><\/svg><\/span>\n\t\t\t\t\t\t\t\t<span class=\"elementor-accordion-icon-opened\"><svg class=\"e-font-icon-svg e-fas-minus\" viewBox=\"0 0 448 512\" xmlns=\"http:\/\/www.w3.org\/2000\/svg\"><path d=\"M416 208H32c-17.67 0-32 14.33-32 32v32c0 17.67 14.33 32 32 32h384c17.67 0 32-14.33 32-32v-32c0-17.67-14.33-32-32-32z\"><\/path><\/svg><\/span>\n\t\t\t\t\t\t\t\t\t\t\t\t\t\t<\/span>\n\t\t\t\t\t\t\t\t\t\t\t\t<a class=\"elementor-accordion-title\" tabindex=\"0\">Aree di applicazione del botulino<\/a>\n\t\t\t\t\t<\/div>\n\t\t\t\t\t<div id=\"elementor-tab-content-1652\" class=\"elementor-tab-content elementor-clearfix\" data-tab=\"2\" role=\"region\" aria-labelledby=\"elementor-tab-title-1652\"><p>Intorno agli occhi, intorno alle labbra, fronte, petto, collo. Inoltre, l&#8217;applicazione del botulino pu\u00f2 essere utilizzata nel trattamento dell&#8217;emicrania, nel trattamento della sudorazione di mani, piedi e ascelle, nelle contrazioni muscolari involontarie, nel trattamento dei tic.<\/p>\n<\/div>\n\t\t\t\t<\/div>\n\t\t\t\t\t\t\t<div class=\"elementor-accordion-item\">\n\t\t\t\t\t<div id=\"elementor-tab-title-1653\" class=\"elementor-tab-title\" data-tab=\"3\" role=\"button\" aria-controls=\"elementor-tab-content-1653\" aria-expanded=\"false\">\n\t\t\t\t\t\t\t\t\t\t\t\t\t<span class=\"elementor-accordion-icon elementor-accordion-icon-left\" aria-hidden=\"true\">\n\t\t\t\t\t\t\t\t\t\t\t\t\t\t\t<span class=\"elementor-accordion-icon-closed\"><svg class=\"e-font-icon-svg e-fas-plus\" viewBox=\"0 0 448 512\" xmlns=\"http:\/\/www.w3.org\/2000\/svg\"><path d=\"M416 208H272V64c0-17.67-14.33-32-32-32h-32c-17.67 0-32 14.33-32 32v144H32c-17.67 0-32 14.33-32 32v32c0 17.67 14.33 32 32 32h144v144c0 17.67 14.33 32 32 32h32c17.67 0 32-14.33 32-32V304h144c17.67 0 32-14.33 32-32v-32c0-17.67-14.33-32-32-32z\"><\/path><\/svg><\/span>\n\t\t\t\t\t\t\t\t<span class=\"elementor-accordion-icon-opened\"><svg class=\"e-font-icon-svg e-fas-minus\" viewBox=\"0 0 448 512\" xmlns=\"http:\/\/www.w3.org\/2000\/svg\"><path d=\"M416 208H32c-17.67 0-32 14.33-32 32v32c0 17.67 14.33 32 32 32h384c17.67 0 32-14.33 32-32v-32c0-17.67-14.33-32-32-32z\"><\/path><\/svg><\/span>\n\t\t\t\t\t\t\t\t\t\t\t\t\t\t<\/span>\n\t\t\t\t\t\t\t\t\t\t\t\t<a class=\"elementor-accordion-title\" tabindex=\"0\">Ritorno alla vita sociale dopo l'applicazione del botulino<\/a>\n\t\t\t\t\t<\/div>\n\t\t\t\t\t<div id=\"elementor-tab-content-1653\" class=\"elementor-tab-content elementor-clearfix\" data-tab=\"3\" role=\"region\" aria-labelledby=\"elementor-tab-title-1653\"><p>\u00c8 possibile tornare subito alla vita sociale. Potrebbero verificarsi lividi da nascondere con il trucco, nonostante siano rari. Si riprenderanno immediatamente.<\/p>\n<\/div>\n\t\t\t\t<\/div>\n\t\t\t\t\t\t\t\t<\/div>\n\t\t\t\t\t\t<\/div>\n\t\t\t\t<\/div>\n\t\t\t\t<\/div>\n\t\t\t\t\t<\/div>\n\t\t\t\t<\/div>\n\t\t\t\t<\/div>\n\t\t","protected":false},"excerpt":{"rendered":"<p>Che cos&#8217;\u00e8 l&#8217;applicazione di botulino? L&#8217;applicazione di tossina botulinica, comunemente nota come iniezione di Botox, \u00e8 una procedura cosmetica non chirurgica volta a ridurre l&#8217;aspetto delle rughe e delle linee sottili del viso rilassando temporaneamente i muscoli che le causano. La tossina botulinica deriva dal batterio Clostridium botulinum e agisce bloccando i segnali tra i [&hellip;]<\/p>\n","protected":false},"author":1,"featured_media":0,"parent":16930,"menu_order":0,"comment_status":"closed","ping_status":"closed","template":"","meta":{"_themeisle_gutenberg_block_has_review":false,"footnotes":""},"class_list":["post-16627","page","type-page","status-publish","hentry"],"_links":{"self":[{"href":"https:\/\/www.istanbulaestheticcenter.com\/it\/wp-json\/wp\/v2\/pages\/16627","targetHints":{"allow":["GET"]}}],"collection":[{"href":"https:\/\/www.istanbulaestheticcenter.com\/it\/wp-json\/wp\/v2\/pages"}],"about":[{"href":"https:\/\/www.istanbulaestheticcenter.com\/it\/wp-json\/wp\/v2\/types\/page"}],"author":[{"embeddable":true,"href":"https:\/\/www.istanbulaestheticcenter.com\/it\/wp-json\/wp\/v2\/users\/1"}],"replies":[{"embeddable":true,"href":"https:\/\/www.istanbulaestheticcenter.com\/it\/wp-json\/wp\/v2\/comments?post=16627"}],"version-history":[{"count":1,"href":"https:\/\/www.istanbulaestheticcenter.com\/it\/wp-json\/wp\/v2\/pages\/16627\/revisions"}],"predecessor-version":[{"id":16628,"href":"https:\/\/www.istanbulaestheticcenter.com\/it\/wp-json\/wp\/v2\/pages\/16627\/revisions\/16628"}],"up":[{"embeddable":true,"href":"https:\/\/www.istanbulaestheticcenter.com\/it\/wp-json\/wp\/v2\/pages\/16930"}],"wp:attachment":[{"href":"https:\/\/www.istanbulaestheticcenter.com\/it\/wp-json\/wp\/v2\/media?parent=16627"}],"curies":[{"name":"wp","href":"https:\/\/api.w.org\/{rel}","templated":true}]}}