{"id":16603,"date":"2024-04-20T17:00:05","date_gmt":"2024-04-20T14:00:05","guid":{"rendered":"https:\/\/www.istanbulaestheticcenter.com\/chirurgia-di-sollevamento-delle-gambe\/"},"modified":"2024-04-29T12:23:32","modified_gmt":"2024-04-29T09:23:32","slug":"chirurgia-di-sollevamento-delle-gambe","status":"publish","type":"page","link":"https:\/\/www.istanbulaestheticcenter.com\/it\/estetica-del-corpo\/chirurgia-di-sollevamento-delle-gambe\/","title":{"rendered":"Chirurgia di sollevamento delle gambe"},"content":{"rendered":"\t\t<div data-elementor-type=\"wp-page\" data-elementor-id=\"16603\" class=\"elementor elementor-16603 elementor-13416\">\n\t\t\t\t<div class=\"elementor-element elementor-element-e9f0f8c e-flex e-con-boxed e-con e-parent\" data-id=\"e9f0f8c\" data-element_type=\"container\">\n\t\t\t\t\t<div class=\"e-con-inner\">\n\t\t<div class=\"elementor-element elementor-element-b0db3b0 e-flex e-con-boxed e-con e-child\" data-id=\"b0db3b0\" data-element_type=\"container\">\n\t\t\t\t\t<div class=\"e-con-inner\">\n\t\t\t\t<div class=\"elementor-element elementor-element-804ecd2 elementor-widget elementor-widget-image\" data-id=\"804ecd2\" data-element_type=\"widget\" data-widget_type=\"image.default\">\n\t\t\t\t<div class=\"elementor-widget-container\">\n\t\t\t\t\t\t\t\t\t\t\t\t\t\t\t<img fetchpriority=\"high\" decoding=\"async\" width=\"1024\" height=\"525\" src=\"https:\/\/www.istanbulaestheticcenter.com\/wp-content\/uploads\/2024\/04\/leg-lefting-1024x525.jpg\" class=\"attachment-large size-large wp-image-16000\" alt=\"\" srcset=\"https:\/\/www.istanbulaestheticcenter.com\/wp-content\/uploads\/2024\/04\/leg-lefting-1024x525.jpg 1024w, https:\/\/www.istanbulaestheticcenter.com\/wp-content\/uploads\/2024\/04\/leg-lefting-300x154.jpg 300w, https:\/\/www.istanbulaestheticcenter.com\/wp-content\/uploads\/2024\/04\/leg-lefting-768x394.jpg 768w, https:\/\/www.istanbulaestheticcenter.com\/wp-content\/uploads\/2024\/04\/leg-lefting-1000x513.jpg 1000w, https:\/\/www.istanbulaestheticcenter.com\/wp-content\/uploads\/2024\/04\/leg-lefting-1110x570.jpg 1110w, https:\/\/www.istanbulaestheticcenter.com\/wp-content\/uploads\/2024\/04\/leg-lefting.jpg 1120w\" sizes=\"(max-width: 1024px) 100vw, 1024px\" \/>\t\t\t\t\t\t\t\t\t\t\t\t\t\t\t<\/div>\n\t\t\t\t<\/div>\n\t\t\t\t\t<\/div>\n\t\t\t\t<\/div>\n\t\t\t\t\t<\/div>\n\t\t\t\t<\/div>\n\t\t<div class=\"elementor-element elementor-element-5fa8d26 e-flex e-con-boxed e-con e-parent\" data-id=\"5fa8d26\" data-element_type=\"container\">\n\t\t\t\t\t<div class=\"e-con-inner\">\n\t\t\t\t<div class=\"elementor-element elementor-element-6e6eb8d elementor-widget elementor-widget-heading\" data-id=\"6e6eb8d\" data-element_type=\"widget\" data-widget_type=\"heading.default\">\n\t\t\t\t<div class=\"elementor-widget-container\">\n\t\t\t\t\t<h2 class=\"elementor-heading-title elementor-size-default\">Che cos'\u00e8 l'intervento di lifting delle gambe?<\/h2>\t\t\t\t<\/div>\n\t\t\t\t<\/div>\n\t\t\t\t\t<\/div>\n\t\t\t\t<\/div>\n\t\t<div class=\"elementor-element elementor-element-cfe8522 e-grid e-con-boxed e-con e-parent\" data-id=\"cfe8522\" data-element_type=\"container\">\n\t\t\t\t\t<div class=\"e-con-inner\">\n\t\t<div class=\"elementor-element elementor-element-dfed6ea e-grid e-con-boxed e-con e-child\" data-id=\"dfed6ea\" data-element_type=\"container\">\n\t\t\t\t\t<div class=\"e-con-inner\">\n\t\t\t\t<div class=\"elementor-element elementor-element-dfa53ac elementor-widget elementor-widget-text-editor\" data-id=\"dfa53ac\" data-element_type=\"widget\" data-widget_type=\"text-editor.default\">\n\t\t\t\t<div class=\"elementor-widget-container\">\n\t\t\t\t\t\t\t\t\t<p>L&#8217;intervento di lifting delle gambe, noto anche come lifting delle cosce, \u00e8 una procedura chirurgica estetica volta a migliorare l&#8217;aspetto delle cosce rimuovendo la pelle e il grasso in eccesso e rassodando i tessuti sottostanti. Questo intervento \u00e8 spesso richiesto da persone che hanno subito una significativa perdita di peso, l&#8217;invecchiamento o la genetica che hanno provocato un rilassamento della pelle nella zona delle cosce.<\/p>\n<p>Ecco una panoramica di come viene eseguito l&#8217;intervento di lifting delle gambe:<\/p>\n<ol>\n<li>\n<p><strong>Consultazione<\/strong>: Prima dell&#8217;intervento, il paziente si sottopone a un consulto con un chirurgo plastico qualificato per discutere i suoi obiettivi, le sue aspettative e la sua storia clinica. Il chirurgo valuter\u00e0 l&#8217;anatomia della coscia del paziente, l&#8217;elasticit\u00e0 della pelle e il grado di lassit\u00e0 per determinare l&#8217;approccio pi\u00f9 adatto per il lifting delle cosce.<\/p>\n<\/li>\n<li>\n<p><strong>Anestesia<\/strong>: L&#8217;intervento di lifting delle cosce pu\u00f2 essere eseguito in anestesia generale o in anestesia locale con sedazione, a seconda delle preferenze del paziente e dell&#8217;entit\u00e0 dell&#8217;intervento.<\/p>\n<\/li>\n<li>\n<p><strong>Incisioni<\/strong>: Il chirurgo pratica incisioni discrete sulla parte interna delle cosce, in genere lungo la piega inguinale o l&#8217;interno coscia, dove possono essere facilmente nascoste dagli abiti. La lunghezza e l&#8217;andamento delle incisioni dipendono dall&#8217;entit\u00e0 dell&#8217;intervento e dalla quantit\u00e0 di pelle in eccesso da rimuovere.<\/p>\n<\/li>\n<li>\n<p><strong>Rimozione dei tessuti<\/strong>: Dopo aver praticato le incisioni, il chirurgo rimuover\u00e0 la pelle e il grasso in eccesso dalle cosce. Si pu\u00f2 ricorrere anche alla liposuzione per modellare ulteriormente l&#8217;area e rimuovere le sacche di grasso ostinate.<\/p>\n<\/li>\n<li>\n<p><strong>Rassodamento dei tessuti:<\/strong> Una volta rimosso il tessuto in eccesso, i tessuti sottostanti della coscia vengono serrati e suturati insieme per creare un contorno coscia pi\u00f9 solido e tonico. Questa fase contribuisce a migliorare la forma della coscia e l&#8217;aspetto generale della gamba.<\/p>\n<\/li>\n<li>\n<p><strong>Rimodellamento della pelle<\/strong>: La pelle rimanente viene accuratamente ridisegnata sul nuovo profilo delle cosce e rassodata per creare un aspetto pi\u00f9 liscio e giovane.<\/p>\n<\/li>\n<li>\n<p><strong>Chiusura<\/strong>: Una volta ottenuta la correzione desiderata, le incisioni vengono chiuse con i punti di sutura e vengono applicate le medicazioni o i bendaggi necessari per proteggere i siti chirurgici.<\/p>\n<\/li>\n<li>\n<p><strong>Recupero<\/strong>: Dopo l&#8217;intervento, i pazienti presentano in genere gonfiore, lividi e disagio, che possono essere gestiti con farmaci antidolorifici e indumenti compressivi. \u00c8 essenziale seguire le istruzioni post-operatorie fornite dal chirurgo per facilitare la corretta guarigione e ottimizzare i risultati.<\/p>\n<\/li>\n<\/ol>\n<p>L&#8217;intervento di lifting delle gambe pu\u00f2 apportare miglioramenti significativi all&#8217;aspetto delle cosce, restituendo fiducia e permettendo alle persone di sentirsi pi\u00f9 a proprio agio nell&#8217;abbigliamento e nell&#8217;immagine corporea complessiva. Tuttavia, \u00e8 fondamentale rivolgersi a un chirurgo plastico certificato che sia specializzato in interventi di lifting delle cosce per garantire il miglior risultato possibile. Istituti affidabili con esperienza nella chirurgia di lifting delle gambe, come <strong>l&#8217;Istanbul Aesthetic Center (IAC)<\/strong>, possono fornire una maggiore garanzia e tranquillit\u00e0 durante il percorso per ottenere cosce pi\u00f9 snelle e scolpite.<\/p>\n\t\t\t\t\t\t\t\t<\/div>\n\t\t\t\t<\/div>\n\t\t\t\t\t<\/div>\n\t\t\t\t<\/div>\n\t\t<div class=\"elementor-element elementor-element-1b39a13 e-flex e-con-boxed e-con e-child\" data-id=\"1b39a13\" data-element_type=\"container\">\n\t\t\t\t\t<div class=\"e-con-inner\">\n\t\t\t\t<div class=\"elementor-element elementor-element-9d83911 elementor-widget elementor-widget-accordion\" data-id=\"9d83911\" data-element_type=\"widget\" data-widget_type=\"accordion.default\">\n\t\t\t\t<div class=\"elementor-widget-container\">\n\t\t\t\t\t\t\t<div class=\"elementor-accordion\">\n\t\t\t\t\t\t\t<div class=\"elementor-accordion-item\">\n\t\t\t\t\t<div id=\"elementor-tab-title-1651\" class=\"elementor-tab-title\" data-tab=\"1\" role=\"button\" aria-controls=\"elementor-tab-content-1651\" aria-expanded=\"false\">\n\t\t\t\t\t\t\t\t\t\t\t\t\t<span class=\"elementor-accordion-icon elementor-accordion-icon-left\" aria-hidden=\"true\">\n\t\t\t\t\t\t\t\t\t\t\t\t\t\t\t<span class=\"elementor-accordion-icon-closed\"><svg class=\"e-font-icon-svg e-fas-plus\" viewBox=\"0 0 448 512\" xmlns=\"http:\/\/www.w3.org\/2000\/svg\"><path d=\"M416 208H272V64c0-17.67-14.33-32-32-32h-32c-17.67 0-32 14.33-32 32v144H32c-17.67 0-32 14.33-32 32v32c0 17.67 14.33 32 32 32h144v144c0 17.67 14.33 32 32 32h32c17.67 0 32-14.33 32-32V304h144c17.67 0 32-14.33 32-32v-32c0-17.67-14.33-32-32-32z\"><\/path><\/svg><\/span>\n\t\t\t\t\t\t\t\t<span class=\"elementor-accordion-icon-opened\"><svg class=\"e-font-icon-svg e-fas-minus\" viewBox=\"0 0 448 512\" xmlns=\"http:\/\/www.w3.org\/2000\/svg\"><path d=\"M416 208H32c-17.67 0-32 14.33-32 32v32c0 17.67 14.33 32 32 32h384c17.67 0 32-14.33 32-32v-32c0-17.67-14.33-32-32-32z\"><\/path><\/svg><\/span>\n\t\t\t\t\t\t\t\t\t\t\t\t\t\t<\/span>\n\t\t\t\t\t\t\t\t\t\t\t\t<a class=\"elementor-accordion-title\" tabindex=\"0\">Dovrei sottopormi a un intervento di chirurgia estetica delle gambe?<\/a>\n\t\t\t\t\t<\/div>\n\t\t\t\t\t<div id=\"elementor-tab-content-1651\" class=\"elementor-tab-content elementor-clearfix\" data-tab=\"1\" role=\"region\" aria-labelledby=\"elementor-tab-title-1651\"><p>Se avete problemi estetici alle gambe, come cadute, asimmetrie e deviazioni, S\u00cc, potete sottoporvi a un &#8220;intervento di allungamento delle gambe&#8221;.<\/p>\n<\/div>\n\t\t\t\t<\/div>\n\t\t\t\t\t\t\t<div class=\"elementor-accordion-item\">\n\t\t\t\t\t<div id=\"elementor-tab-title-1652\" class=\"elementor-tab-title\" data-tab=\"2\" role=\"button\" aria-controls=\"elementor-tab-content-1652\" aria-expanded=\"false\">\n\t\t\t\t\t\t\t\t\t\t\t\t\t<span class=\"elementor-accordion-icon elementor-accordion-icon-left\" aria-hidden=\"true\">\n\t\t\t\t\t\t\t\t\t\t\t\t\t\t\t<span class=\"elementor-accordion-icon-closed\"><svg class=\"e-font-icon-svg e-fas-plus\" viewBox=\"0 0 448 512\" xmlns=\"http:\/\/www.w3.org\/2000\/svg\"><path d=\"M416 208H272V64c0-17.67-14.33-32-32-32h-32c-17.67 0-32 14.33-32 32v144H32c-17.67 0-32 14.33-32 32v32c0 17.67 14.33 32 32 32h144v144c0 17.67 14.33 32 32 32h32c17.67 0 32-14.33 32-32V304h144c17.67 0 32-14.33 32-32v-32c0-17.67-14.33-32-32-32z\"><\/path><\/svg><\/span>\n\t\t\t\t\t\t\t\t<span class=\"elementor-accordion-icon-opened\"><svg class=\"e-font-icon-svg e-fas-minus\" viewBox=\"0 0 448 512\" xmlns=\"http:\/\/www.w3.org\/2000\/svg\"><path d=\"M416 208H32c-17.67 0-32 14.33-32 32v32c0 17.67 14.33 32 32 32h384c17.67 0 32-14.33 32-32v-32c0-17.67-14.33-32-32-32z\"><\/path><\/svg><\/span>\n\t\t\t\t\t\t\t\t\t\t\t\t\t\t<\/span>\n\t\t\t\t\t\t\t\t\t\t\t\t<a class=\"elementor-accordion-title\" tabindex=\"0\">A cosa bisogna prestare attenzione prima dell'intervento?<\/a>\n\t\t\t\t\t<\/div>\n\t\t\t\t\t<div id=\"elementor-tab-content-1652\" class=\"elementor-tab-content elementor-clearfix\" data-tab=\"2\" role=\"region\" aria-labelledby=\"elementor-tab-title-1652\"><p>\u00c8 meglio che tu condivida con il tuo medico tutte le tue aspettative e le tue preoccupazioni. Durante la visita, dovrai rispondere alle domande che ti verranno poste sulle tue condizioni generali di salute in modo dettagliato e informare il medico sulle tue malattie pregresse e sui farmaci che hai usato e stai usando.<\/p>\n<\/div>\n\t\t\t\t<\/div>\n\t\t\t\t\t\t\t<div class=\"elementor-accordion-item\">\n\t\t\t\t\t<div id=\"elementor-tab-title-1653\" class=\"elementor-tab-title\" data-tab=\"3\" role=\"button\" aria-controls=\"elementor-tab-content-1653\" aria-expanded=\"false\">\n\t\t\t\t\t\t\t\t\t\t\t\t\t<span class=\"elementor-accordion-icon elementor-accordion-icon-left\" aria-hidden=\"true\">\n\t\t\t\t\t\t\t\t\t\t\t\t\t\t\t<span class=\"elementor-accordion-icon-closed\"><svg class=\"e-font-icon-svg e-fas-plus\" viewBox=\"0 0 448 512\" xmlns=\"http:\/\/www.w3.org\/2000\/svg\"><path d=\"M416 208H272V64c0-17.67-14.33-32-32-32h-32c-17.67 0-32 14.33-32 32v144H32c-17.67 0-32 14.33-32 32v32c0 17.67 14.33 32 32 32h144v144c0 17.67 14.33 32 32 32h32c17.67 0 32-14.33 32-32V304h144c17.67 0 32-14.33 32-32v-32c0-17.67-14.33-32-32-32z\"><\/path><\/svg><\/span>\n\t\t\t\t\t\t\t\t<span class=\"elementor-accordion-icon-opened\"><svg class=\"e-font-icon-svg e-fas-minus\" viewBox=\"0 0 448 512\" xmlns=\"http:\/\/www.w3.org\/2000\/svg\"><path d=\"M416 208H32c-17.67 0-32 14.33-32 32v32c0 17.67 14.33 32 32 32h384c17.67 0 32-14.33 32-32v-32c0-17.67-14.33-32-32-32z\"><\/path><\/svg><\/span>\n\t\t\t\t\t\t\t\t\t\t\t\t\t\t<\/span>\n\t\t\t\t\t\t\t\t\t\t\t\t<a class=\"elementor-accordion-title\" tabindex=\"0\">Come si svolge l'intervento?<\/a>\n\t\t\t\t\t<\/div>\n\t\t\t\t\t<div id=\"elementor-tab-content-1653\" class=\"elementor-tab-content elementor-clearfix\" data-tab=\"3\" role=\"region\" aria-labelledby=\"elementor-tab-title-1653\"><p>L&#8217;intervento verr\u00e0 eseguito presso il nostro ospedale con sedazione + anestesia locale e generale. La durata approssimativa dell&#8217;intervento pu\u00f2 variare da 30 minuti a 3 ore. A seconda del tipo di applicazione, il paziente pu\u00f2 essere dimesso in giornata o rimanere in ospedale per una notte.<\/p>\n<\/div>\n\t\t\t\t<\/div>\n\t\t\t\t\t\t\t<div class=\"elementor-accordion-item\">\n\t\t\t\t\t<div id=\"elementor-tab-title-1654\" class=\"elementor-tab-title\" data-tab=\"4\" role=\"button\" aria-controls=\"elementor-tab-content-1654\" aria-expanded=\"false\">\n\t\t\t\t\t\t\t\t\t\t\t\t\t<span class=\"elementor-accordion-icon elementor-accordion-icon-left\" aria-hidden=\"true\">\n\t\t\t\t\t\t\t\t\t\t\t\t\t\t\t<span class=\"elementor-accordion-icon-closed\"><svg class=\"e-font-icon-svg e-fas-plus\" viewBox=\"0 0 448 512\" xmlns=\"http:\/\/www.w3.org\/2000\/svg\"><path d=\"M416 208H272V64c0-17.67-14.33-32-32-32h-32c-17.67 0-32 14.33-32 32v144H32c-17.67 0-32 14.33-32 32v32c0 17.67 14.33 32 32 32h144v144c0 17.67 14.33 32 32 32h32c17.67 0 32-14.33 32-32V304h144c17.67 0 32-14.33 32-32v-32c0-17.67-14.33-32-32-32z\"><\/path><\/svg><\/span>\n\t\t\t\t\t\t\t\t<span class=\"elementor-accordion-icon-opened\"><svg class=\"e-font-icon-svg e-fas-minus\" viewBox=\"0 0 448 512\" xmlns=\"http:\/\/www.w3.org\/2000\/svg\"><path d=\"M416 208H32c-17.67 0-32 14.33-32 32v32c0 17.67 14.33 32 32 32h384c17.67 0 32-14.33 32-32v-32c0-17.67-14.33-32-32-32z\"><\/path><\/svg><\/span>\n\t\t\t\t\t\t\t\t\t\t\t\t\t\t<\/span>\n\t\t\t\t\t\t\t\t\t\t\t\t<a class=\"elementor-accordion-title\" tabindex=\"0\">Cosa bisogna sapere sull'anestesia?<\/a>\n\t\t\t\t\t<\/div>\n\t\t\t\t\t<div id=\"elementor-tab-content-1654\" class=\"elementor-tab-content elementor-clearfix\" data-tab=\"4\" role=\"region\" aria-labelledby=\"elementor-tab-title-1654\"><p>Prima dell&#8217;intervento all&#8217;area genitale sarete visitati e informati da un medico anestesista. I farmaci diluenti per il sangue, le vitamine e i fattori che influenzano l&#8217;anestesia, come l&#8217;alcol e il fumo, devono essere sospesi a partire dalla data prevista dal medico.<\/p>\n<\/div>\n\t\t\t\t<\/div>\n\t\t\t\t\t\t\t<div class=\"elementor-accordion-item\">\n\t\t\t\t\t<div id=\"elementor-tab-title-1655\" class=\"elementor-tab-title\" data-tab=\"5\" role=\"button\" aria-controls=\"elementor-tab-content-1655\" aria-expanded=\"false\">\n\t\t\t\t\t\t\t\t\t\t\t\t\t<span class=\"elementor-accordion-icon elementor-accordion-icon-left\" aria-hidden=\"true\">\n\t\t\t\t\t\t\t\t\t\t\t\t\t\t\t<span class=\"elementor-accordion-icon-closed\"><svg class=\"e-font-icon-svg e-fas-plus\" viewBox=\"0 0 448 512\" xmlns=\"http:\/\/www.w3.org\/2000\/svg\"><path d=\"M416 208H272V64c0-17.67-14.33-32-32-32h-32c-17.67 0-32 14.33-32 32v144H32c-17.67 0-32 14.33-32 32v32c0 17.67 14.33 32 32 32h144v144c0 17.67 14.33 32 32 32h32c17.67 0 32-14.33 32-32V304h144c17.67 0 32-14.33 32-32v-32c0-17.67-14.33-32-32-32z\"><\/path><\/svg><\/span>\n\t\t\t\t\t\t\t\t<span class=\"elementor-accordion-icon-opened\"><svg class=\"e-font-icon-svg e-fas-minus\" viewBox=\"0 0 448 512\" xmlns=\"http:\/\/www.w3.org\/2000\/svg\"><path d=\"M416 208H32c-17.67 0-32 14.33-32 32v32c0 17.67 14.33 32 32 32h384c17.67 0 32-14.33 32-32v-32c0-17.67-14.33-32-32-32z\"><\/path><\/svg><\/span>\n\t\t\t\t\t\t\t\t\t\t\t\t\t\t<\/span>\n\t\t\t\t\t\t\t\t\t\t\t\t<a class=\"elementor-accordion-title\" tabindex=\"0\">Periodo di ritorno alla vita sociale dopo l'intervento chirurgico<\/a>\n\t\t\t\t\t<\/div>\n\t\t\t\t\t<div id=\"elementor-tab-content-1655\" class=\"elementor-tab-content elementor-clearfix\" data-tab=\"5\" role=\"region\" aria-labelledby=\"elementor-tab-title-1655\"><p>\u00c8 utile indossare un corsetto per 3 settimane durante il periodo di formazione del sedere e di recupero. Se il medico lo approva, l&#8217;applicazione di VelaShape III (vuoto + massaggio) aumenter\u00e0 il collagene e accelerer\u00e0 il processo di recupero. Si pu\u00f2 tornare alla vita sociale dopo una settimana.<\/p>\n<\/div>\n\t\t\t\t<\/div>\n\t\t\t\t\t\t\t\t<\/div>\n\t\t\t\t\t\t<\/div>\n\t\t\t\t<\/div>\n\t\t\t\t<div class=\"elementor-element elementor-element-1fa00d0 elementor-widget elementor-widget-beforeafter\" data-id=\"1fa00d0\" data-element_type=\"widget\" data-widget_type=\"beforeafter.default\">\n\t\t\t\t<div class=\"elementor-widget-container\">\n\t\t\t\t\t\n\n<style>\n  \n#nd_elements_beforeafter_component_703 img { float:left; width:100%; }\n\n#nd_elements_beforeafter_component_703 { \nfloat: left;\nwidth: 100% !important;\nmargin: 0px !important;\npadding: 0px !important;\nposition: relative;\n}\n\n#nd_elements_beforeafter_component_703 .ui-slider-range {\nbackground-image: url(\"http:\/\/www.istanbulaestheticcenter.com\/wp-content\/uploads\/2024\/04\/lef-lifting-before-v1.jpg\");\nbackground-color: #000;\nz-index: 9;\nposition: absolute;\nheight: 100%;\nbackground-repeat: no-repeat;\nbackground-size: cover;\n}\n\n#nd_elements_beforeafter_component_703 .ui-slider-handle {\nbackground-color: #000;\nwidth: 4px;\nposition: absolute;\nheight: 100%;\noutline: 0px;\ncursor: ew-resize;  \n}\n\n#nd_elements_beforeafter_component_703 .ui-slider-handle:after {\ncontent: \"\";\nwidth: 40px;\nheight: 40px;\nbackground-color: #ccc;\nposition: absolute;\ntop: 50%;\nmargin-top: -20px;\nmargin-left: -18px;\nz-index: 9;\nborder-radius: 100%;\nbackground-image:url(\"http:\/\/www.istanbulaestheticcenter.com\/wp-content\/uploads\/2022\/09\/arrows.png\");\nbackground-size: 30px;\nbackground-position: center;\nbackground-repeat: no-repeat;\n}\n\n<\/style>\n\n\n<script>\njQuery( function() {\n\njQuery( \"#nd_elements_beforeafter_component_703\" ).slider({\n  value: 50,\n  orientation: \"horizontal\",\n  range: \"min\",\n  animate: true\n});\n\n} );\n<\/script>\n\n\n<div class=\"nd_elements_section nd_elements_beforeafter_component\">\n\n\t<div class=\"nd_elements_section\">\n\t\t<div id=\"nd_elements_beforeafter_component_703\">\n\t\t\t<img decoding=\"async\" src=\"http:\/\/www.istanbulaestheticcenter.com\/wp-content\/uploads\/2024\/04\/lef-lifting-after-v1.jpg\">\n\t\t<\/div>\n\t<\/div>\n\t\n<\/div>\t\t\t\t<\/div>\n\t\t\t\t<\/div>\n\t\t\t\t\t<\/div>\n\t\t\t\t<\/div>\n\t\t\t\t\t<\/div>\n\t\t\t\t<\/div>\n\t\t\t\t<\/div>\n\t\t","protected":false},"excerpt":{"rendered":"<p>Che cos&#8217;\u00e8 l&#8217;intervento di lifting delle gambe? L&#8217;intervento di lifting delle gambe, noto anche come lifting delle cosce, \u00e8 una procedura chirurgica estetica volta a migliorare l&#8217;aspetto delle cosce rimuovendo la pelle e il grasso in eccesso e rassodando i tessuti sottostanti. Questo intervento \u00e8 spesso richiesto da persone che hanno subito una significativa perdita [&hellip;]<\/p>\n","protected":false},"author":1,"featured_media":0,"parent":16798,"menu_order":0,"comment_status":"closed","ping_status":"closed","template":"","meta":{"_themeisle_gutenberg_block_has_review":false,"footnotes":""},"class_list":["post-16603","page","type-page","status-publish","hentry"],"_links":{"self":[{"href":"https:\/\/www.istanbulaestheticcenter.com\/it\/wp-json\/wp\/v2\/pages\/16603","targetHints":{"allow":["GET"]}}],"collection":[{"href":"https:\/\/www.istanbulaestheticcenter.com\/it\/wp-json\/wp\/v2\/pages"}],"about":[{"href":"https:\/\/www.istanbulaestheticcenter.com\/it\/wp-json\/wp\/v2\/types\/page"}],"author":[{"embeddable":true,"href":"https:\/\/www.istanbulaestheticcenter.com\/it\/wp-json\/wp\/v2\/users\/1"}],"replies":[{"embeddable":true,"href":"https:\/\/www.istanbulaestheticcenter.com\/it\/wp-json\/wp\/v2\/comments?post=16603"}],"version-history":[{"count":1,"href":"https:\/\/www.istanbulaestheticcenter.com\/it\/wp-json\/wp\/v2\/pages\/16603\/revisions"}],"predecessor-version":[{"id":16604,"href":"https:\/\/www.istanbulaestheticcenter.com\/it\/wp-json\/wp\/v2\/pages\/16603\/revisions\/16604"}],"up":[{"embeddable":true,"href":"https:\/\/www.istanbulaestheticcenter.com\/it\/wp-json\/wp\/v2\/pages\/16798"}],"wp:attachment":[{"href":"https:\/\/www.istanbulaestheticcenter.com\/it\/wp-json\/wp\/v2\/media?parent=16603"}],"curies":[{"name":"wp","href":"https:\/\/api.w.org\/{rel}","templated":true}]}}