{"id":16565,"date":"2024-04-20T16:42:41","date_gmt":"2024-04-20T13:42:41","guid":{"rendered":"https:\/\/www.istanbulaestheticcenter.com\/odontoiatria-estetica\/"},"modified":"2024-07-09T14:45:42","modified_gmt":"2024-07-09T11:45:42","slug":"odontoiatria-estetica","status":"publish","type":"page","link":"https:\/\/www.istanbulaestheticcenter.com\/it\/odontoiatria\/odontoiatria-estetica\/","title":{"rendered":"Odontoiatria estetica"},"content":{"rendered":"\t\t<div data-elementor-type=\"wp-page\" data-elementor-id=\"16565\" class=\"elementor elementor-16565 elementor-13341\">\n\t\t\t\t<div class=\"elementor-element elementor-element-89e501d e-flex e-con-boxed e-con e-parent\" data-id=\"89e501d\" data-element_type=\"container\">\n\t\t\t\t\t<div class=\"e-con-inner\">\n\t\t\t\t<div class=\"elementor-element elementor-element-44c7e65 elementor-widget elementor-widget-heading\" data-id=\"44c7e65\" data-element_type=\"widget\" data-widget_type=\"heading.default\">\n\t\t\t\t<div class=\"elementor-widget-container\">\n\t\t\t\t\t<h2 class=\"elementor-heading-title elementor-size-default\">Odontoiatria estetica<\/h2>\t\t\t\t<\/div>\n\t\t\t\t<\/div>\n\t\t\t\t\t<\/div>\n\t\t\t\t<\/div>\n\t\t<div class=\"elementor-element elementor-element-0b8c422 e-flex e-con-boxed e-con e-parent\" data-id=\"0b8c422\" data-element_type=\"container\">\n\t\t\t\t\t<div class=\"e-con-inner\">\n\t\t\t\t<div class=\"elementor-element elementor-element-c123a51 elementor-widget elementor-widget-image\" data-id=\"c123a51\" data-element_type=\"widget\" data-widget_type=\"image.default\">\n\t\t\t\t<div class=\"elementor-widget-container\">\n\t\t\t\t\t\t\t\t\t\t\t\t\t\t\t<img fetchpriority=\"high\" decoding=\"async\" width=\"1024\" height=\"525\" src=\"https:\/\/www.istanbulaestheticcenter.com\/wp-content\/uploads\/2024\/04\/dentistry-1024x525.jpg\" class=\"attachment-large size-large wp-image-16105\" alt=\"\" srcset=\"https:\/\/www.istanbulaestheticcenter.com\/wp-content\/uploads\/2024\/04\/dentistry-1024x525.jpg 1024w, https:\/\/www.istanbulaestheticcenter.com\/wp-content\/uploads\/2024\/04\/dentistry-300x154.jpg 300w, https:\/\/www.istanbulaestheticcenter.com\/wp-content\/uploads\/2024\/04\/dentistry-768x394.jpg 768w, https:\/\/www.istanbulaestheticcenter.com\/wp-content\/uploads\/2024\/04\/dentistry-1000x513.jpg 1000w, https:\/\/www.istanbulaestheticcenter.com\/wp-content\/uploads\/2024\/04\/dentistry-1110x570.jpg 1110w, https:\/\/www.istanbulaestheticcenter.com\/wp-content\/uploads\/2024\/04\/dentistry.jpg 1120w\" sizes=\"(max-width: 1024px) 100vw, 1024px\" \/>\t\t\t\t\t\t\t\t\t\t\t\t\t\t\t<\/div>\n\t\t\t\t<\/div>\n\t\t\t\t\t<\/div>\n\t\t\t\t<\/div>\n\t\t<div class=\"elementor-element elementor-element-b1c5ce7 e-flex e-con-boxed e-con e-parent\" data-id=\"b1c5ce7\" data-element_type=\"container\">\n\t\t\t\t\t<div class=\"e-con-inner\">\n\t\t<div class=\"elementor-element elementor-element-d89af4f e-con-full e-flex e-con e-child\" data-id=\"d89af4f\" data-element_type=\"container\">\n\t\t\t\t<div class=\"elementor-element elementor-element-84c906c elementor-widget elementor-widget-text-editor\" data-id=\"84c906c\" data-element_type=\"widget\" data-widget_type=\"text-editor.default\">\n\t\t\t\t<div class=\"elementor-widget-container\">\n\t\t\t\t\t\t\t\t\t<p>L&#8217;odontoiatria estetica, nota anche come odontoiatria cosmetica, \u00e8 una branca dell&#8217;odontoiatria che si concentra sul miglioramento dell&#8217;aspetto del sorriso di una persona. Mentre l&#8217;odontoiatria tradizionale si concentra principalmente sulla salute e sull&#8217;igiene orale, l&#8217;odontoiatria estetica va oltre la funzionalit\u00e0 per affrontare gli aspetti estetici dei denti e delle gengive.<\/p>\n<p>Ecco alcune procedure e tecniche comuni utilizzate nell&#8217;odontoiatria estetica:<\/p>\n<ol>\n<li>\n<p><strong>Sbiancamento dei denti<\/strong>: Lo sbiancamento dei denti \u00e8 una procedura odontoiatrica estetica molto diffusa che mira a schiarire il colore dei denti. Pu\u00f2 rimuovere efficacemente le macchie e lo scolorimento causati da fattori quali l&#8217;invecchiamento, il fumo e il consumo di sostanze macchianti come il caff\u00e8 o il t\u00e8. Lo sbiancamento dentale pu\u00f2 essere eseguito in studio da un dentista o a casa, utilizzando delle mascherine personalizzate e un gel sbiancante di tipo professionale.<\/p>\n<\/li>\n<li>\n<p><strong>Faccette dentali:<\/strong> Le faccette dentali sono sottili gusci di porcellana o resina composita che vengono incollati sulla superficie anteriore dei denti per migliorarne l&#8217;aspetto. Le faccette possono nascondere efficacemente varie imperfezioni dentali come macchie, scheggiature, crepe, spazi vuoti e piccoli disallineamenti, creando un sorriso pi\u00f9 uniforme ed esteticamente gradevole.<\/p>\n<\/li>\n<li>\n<p><strong>Bonding dentale:<\/strong> Il bonding dentale \u00e8 una procedura odontoiatrica estetica che prevede l&#8217;applicazione di un materiale in resina composita di colore dentale sui denti per riparare scheggiature, crepe, spazi vuoti o scolorimenti. La resina viene scolpita e modellata per adattarsi ai contorni naturali dei denti, fornendo un risultato omogeneo e dall&#8217;aspetto naturale.<\/p>\n<\/li>\n<li>\n<p><strong>Impianti dentali: <\/strong> Gli impianti dentali sono radici dentali artificiali che vengono inserite chirurgicamente nell&#8217;osso mascellare per sostenere denti sostitutivi o protesi dentali come corone, ponti o dentiere. Gli impianti forniscono una base stabile e duratura per i restauri dentali, ripristinando sia la funzione che l&#8217;estetica del sorriso.<\/p>\n<\/li>\n<li>\n<p><strong>Contornatura gengivale:<\/strong> Il contorno gengivale, noto anche come rimodellamento o lifting gengivale, \u00e8 una procedura odontoiatrica estetica che mira a migliorare l&#8217;aspetto delle gengive rimodellando il bordo gengivale per creare un sorriso pi\u00f9 simmetrico e proporzionato. Il rimodellamento gengivale pu\u00f2 risolvere problemi come l&#8217;eccessiva esposizione delle gengive (sorriso gengivale) o la loro irregolarit\u00e0, migliorando l&#8217;estetica complessiva del sorriso.<\/p>\n<\/li>\n<li>\n<p><strong>Ortodonzia<\/strong>: I trattamenti ortodontici, come gli apparecchi o gli allineatori trasparenti, possono essere utilizzati per correggere i denti disallineati e migliorare l&#8217;estetica dentale complessiva. Il trattamento ortodontico pu\u00f2 risolvere efficacemente problemi come denti storti, sovraffollamento o malocclusione, ottenendo un sorriso pi\u00f9 dritto e pi\u00f9 attraente.<\/p>\n<\/li>\n<\/ol>\n\t\t\t\t\t\t\t\t<\/div>\n\t\t\t\t<\/div>\n\t\t\t\t<\/div>\n\t\t<div class=\"elementor-element elementor-element-fb62f32 e-con-full e-flex e-con e-child\" data-id=\"fb62f32\" data-element_type=\"container\">\n\t\t\t\t<div class=\"elementor-element elementor-element-0db630a elementor-widget elementor-widget-text-editor\" data-id=\"0db630a\" data-element_type=\"widget\" data-widget_type=\"text-editor.default\">\n\t\t\t\t<div class=\"elementor-widget-container\">\n\t\t\t\t\t\t\t\t\t<p>In generale, l&#8217;odontoiatria estetica comprende un&#8217;ampia gamma di trattamenti e tecniche volte a migliorare l&#8217;aspetto del sorriso e ad aumentare la fiducia in se stessi. \u00c8 essenziale consultare un dentista qualificato e specializzato in odontoiatria estetica per determinare le migliori opzioni di trattamento per le vostre esigenze individuali e ottenere il sorriso dei vostri sogni. Cliniche odontoiatriche rinomate come <strong>l&#8217;Istanbul Aesthetic Center (IAC)<\/strong> offrono servizi completi di odontoiatria estetica, fornendo ai pazienti piani di trattamento personalizzati e cure di alta qualit\u00e0 per ottenere una salute orale e un&#8217;estetica ottimali.<\/p>\n\t\t\t\t\t\t\t\t<\/div>\n\t\t\t\t<\/div>\n\t\t\t\t<div class=\"elementor-element elementor-element-58ed976 elementor-widget elementor-widget-image\" data-id=\"58ed976\" data-element_type=\"widget\" data-widget_type=\"image.default\">\n\t\t\t\t<div class=\"elementor-widget-container\">\n\t\t\t\t\t\t\t\t\t\t\t\t\t\t\t<img decoding=\"async\" width=\"1024\" height=\"1024\" src=\"https:\/\/www.istanbulaestheticcenter.com\/wp-content\/uploads\/2024\/04\/0ec3bcab-f82c-4bd9-9b04-f753d176b560-1024x1024.jpg\" class=\"attachment-large size-large wp-image-16112\" alt=\"\" srcset=\"https:\/\/www.istanbulaestheticcenter.com\/wp-content\/uploads\/2024\/04\/0ec3bcab-f82c-4bd9-9b04-f753d176b560-1024x1024.jpg 1024w, https:\/\/www.istanbulaestheticcenter.com\/wp-content\/uploads\/2024\/04\/0ec3bcab-f82c-4bd9-9b04-f753d176b560-300x300.jpg 300w, https:\/\/www.istanbulaestheticcenter.com\/wp-content\/uploads\/2024\/04\/0ec3bcab-f82c-4bd9-9b04-f753d176b560-150x150.jpg 150w, https:\/\/www.istanbulaestheticcenter.com\/wp-content\/uploads\/2024\/04\/0ec3bcab-f82c-4bd9-9b04-f753d176b560-768x768.jpg 768w, https:\/\/www.istanbulaestheticcenter.com\/wp-content\/uploads\/2024\/04\/0ec3bcab-f82c-4bd9-9b04-f753d176b560-720x720.jpg 720w, https:\/\/www.istanbulaestheticcenter.com\/wp-content\/uploads\/2024\/04\/0ec3bcab-f82c-4bd9-9b04-f753d176b560.jpg 1080w\" sizes=\"(max-width: 1024px) 100vw, 1024px\" \/>\t\t\t\t\t\t\t\t\t\t\t\t\t\t\t<\/div>\n\t\t\t\t<\/div>\n\t\t\t\t<\/div>\n\t\t\t\t\t<\/div>\n\t\t\t\t<\/div>\n\t\t\t\t<\/div>\n\t\t","protected":false},"excerpt":{"rendered":"<p>Odontoiatria estetica L&#8217;odontoiatria estetica, nota anche come odontoiatria cosmetica, \u00e8 una branca dell&#8217;odontoiatria che si concentra sul miglioramento dell&#8217;aspetto del sorriso di una persona. Mentre l&#8217;odontoiatria tradizionale si concentra principalmente sulla salute e sull&#8217;igiene orale, l&#8217;odontoiatria estetica va oltre la funzionalit\u00e0 per affrontare gli aspetti estetici dei denti e delle gengive. Ecco alcune procedure e [&hellip;]<\/p>\n","protected":false},"author":1,"featured_media":0,"parent":17030,"menu_order":0,"comment_status":"closed","ping_status":"closed","template":"","meta":{"_themeisle_gutenberg_block_has_review":false,"footnotes":""},"class_list":["post-16565","page","type-page","status-publish","hentry"],"_links":{"self":[{"href":"https:\/\/www.istanbulaestheticcenter.com\/it\/wp-json\/wp\/v2\/pages\/16565","targetHints":{"allow":["GET"]}}],"collection":[{"href":"https:\/\/www.istanbulaestheticcenter.com\/it\/wp-json\/wp\/v2\/pages"}],"about":[{"href":"https:\/\/www.istanbulaestheticcenter.com\/it\/wp-json\/wp\/v2\/types\/page"}],"author":[{"embeddable":true,"href":"https:\/\/www.istanbulaestheticcenter.com\/it\/wp-json\/wp\/v2\/users\/1"}],"replies":[{"embeddable":true,"href":"https:\/\/www.istanbulaestheticcenter.com\/it\/wp-json\/wp\/v2\/comments?post=16565"}],"version-history":[{"count":1,"href":"https:\/\/www.istanbulaestheticcenter.com\/it\/wp-json\/wp\/v2\/pages\/16565\/revisions"}],"predecessor-version":[{"id":16566,"href":"https:\/\/www.istanbulaestheticcenter.com\/it\/wp-json\/wp\/v2\/pages\/16565\/revisions\/16566"}],"up":[{"embeddable":true,"href":"https:\/\/www.istanbulaestheticcenter.com\/it\/wp-json\/wp\/v2\/pages\/17030"}],"wp:attachment":[{"href":"https:\/\/www.istanbulaestheticcenter.com\/it\/wp-json\/wp\/v2\/media?parent=16565"}],"curies":[{"name":"wp","href":"https:\/\/api.w.org\/{rel}","templated":true}]}}