{"id":16547,"date":"2024-04-20T16:43:34","date_gmt":"2024-04-20T13:43:34","guid":{"rendered":"https:\/\/www.istanbulaestheticcenter.com\/estetica-rosa-estetica-gengivale\/"},"modified":"2024-07-09T14:45:42","modified_gmt":"2024-07-09T11:45:42","slug":"estetica-rosa-estetica-gengivale","status":"publish","type":"page","link":"https:\/\/www.istanbulaestheticcenter.com\/it\/odontoiatria\/estetica-rosa-estetica-gengivale\/","title":{"rendered":"Estetica rosa (Estetica gengivale)"},"content":{"rendered":"\t\t<div data-elementor-type=\"wp-page\" data-elementor-id=\"16547\" class=\"elementor elementor-16547 elementor-13346\">\n\t\t\t\t<div class=\"elementor-element elementor-element-7312171 e-flex e-con-boxed e-con e-parent\" data-id=\"7312171\" data-element_type=\"container\">\n\t\t\t\t\t<div class=\"e-con-inner\">\n\t\t\t\t<div class=\"elementor-element elementor-element-ecf16cb elementor-widget elementor-widget-image\" data-id=\"ecf16cb\" data-element_type=\"widget\" data-widget_type=\"image.default\">\n\t\t\t\t<div class=\"elementor-widget-container\">\n\t\t\t\t\t\t\t\t\t\t\t\t\t\t\t<img fetchpriority=\"high\" decoding=\"async\" width=\"1024\" height=\"381\" src=\"https:\/\/www.istanbulaestheticcenter.com\/wp-content\/uploads\/2024\/04\/hollywood-smile-1024x381.jpg\" class=\"attachment-large size-large wp-image-16070\" alt=\"\" srcset=\"https:\/\/www.istanbulaestheticcenter.com\/wp-content\/uploads\/2024\/04\/hollywood-smile-1024x381.jpg 1024w, https:\/\/www.istanbulaestheticcenter.com\/wp-content\/uploads\/2024\/04\/hollywood-smile-300x112.jpg 300w, https:\/\/www.istanbulaestheticcenter.com\/wp-content\/uploads\/2024\/04\/hollywood-smile-768x286.jpg 768w, https:\/\/www.istanbulaestheticcenter.com\/wp-content\/uploads\/2024\/04\/hollywood-smile-1536x571.jpg 1536w, https:\/\/www.istanbulaestheticcenter.com\/wp-content\/uploads\/2024\/04\/hollywood-smile-2048x762.jpg 2048w\" sizes=\"(max-width: 1024px) 100vw, 1024px\" \/>\t\t\t\t\t\t\t\t\t\t\t\t\t\t\t<\/div>\n\t\t\t\t<\/div>\n\t\t\t\t\t<\/div>\n\t\t\t\t<\/div>\n\t\t<div class=\"elementor-element elementor-element-d9e2e31 e-flex e-con-boxed e-con e-parent\" data-id=\"d9e2e31\" data-element_type=\"container\">\n\t\t\t\t\t<div class=\"e-con-inner\">\n\t\t\t\t<div class=\"elementor-element elementor-element-5228593 elementor-widget elementor-widget-heading\" data-id=\"5228593\" data-element_type=\"widget\" data-widget_type=\"heading.default\">\n\t\t\t\t<div class=\"elementor-widget-container\">\n\t\t\t\t\t<h2 class=\"elementor-heading-title elementor-size-default\">Estetica rosa (Estetica gengivale)<\/h2>\t\t\t\t<\/div>\n\t\t\t\t<\/div>\n\t\t\t\t\t<\/div>\n\t\t\t\t<\/div>\n\t\t<div class=\"elementor-element elementor-element-90ce3f3 e-grid e-con-boxed e-con e-parent\" data-id=\"90ce3f3\" data-element_type=\"container\">\n\t\t\t\t\t<div class=\"e-con-inner\">\n\t\t\t\t<div class=\"elementor-element elementor-element-55953bc elementor-widget elementor-widget-text-editor\" data-id=\"55953bc\" data-element_type=\"widget\" data-widget_type=\"text-editor.default\">\n\t\t\t\t<div class=\"elementor-widget-container\">\n\t\t\t\t\t\t\t\t\t<div class=\"wpb_text_column wpb_content_element \">\n<div class=\"wpb_wrapper\">\n<p>In odontoiatria, il termine \u201cestetica rosa\u201d si riferisce tipicamente all&#8217;aspetto delle gengive, che svolgono un ruolo cruciale nell&#8217;estetica complessiva del sorriso. L&#8217;estetica rosa in odontoiatria si concentra sull&#8217;ottenimento di gengive sane, simmetriche e ben conformate che completano l&#8217;aspetto dei denti e contribuiscono a un sorriso attraente.<\/p>\n<p>Ecco alcuni aspetti chiave dell&#8217;estetica rosa in odontoiatria:<\/p>\n<ol>\n<li>\n<p><strong>Salute delle gengive<\/strong>: Gengive sane sono essenziali per un bel sorriso. L&#8217;estetica rosa sottolinea l&#8217;importanza di mantenere una buona salute delle gengive attraverso pratiche regolari di igiene dentale come lo spazzolamento, l&#8217;uso del filo interdentale e i controlli dentali di routine. Le gengive sane sono di colore rosa, di consistenza compatta e prive di infiammazioni, sanguinamenti o recessioni.<\/p>\n<\/li>\n<li>\n<p><strong>Contornatura delle gengive<\/strong>: Il contorno gengivale, noto anche come rimodellamento o lifting gengivale, \u00e8 una procedura odontoiatrica estetica volta a migliorare l&#8217;aspetto delle gengive rimodellando il bordo gengivale per creare un sorriso pi\u00f9 simmetrico e proporzionato. Il rimodellamento gengivale pu\u00f2 risolvere problemi come l&#8217;eccesso di tessuto gengivale (sorriso gengivale) o la disomogeneit\u00e0 del bordo gengivale, migliorando l&#8217;estetica complessiva del sorriso.<\/p>\n<\/li>\n<li>\n<p><strong>Pigmentazione gengivale<\/strong>: In alcuni casi, il colore naturale delle gengive pu\u00f2 essere pi\u00f9 scuro o pi\u00f9 pigmentato, influenzando l&#8217;estetica rosa complessiva del sorriso. La depigmentazione gengivale \u00e8 una procedura odontoiatrica estetica che consente di schiarire o rimuovere la pigmentazione in eccesso dalle gengive, creando un aspetto pi\u00f9 luminoso e uniforme.<\/p>\n<\/li>\n<li>\n<p><strong>Odontoiatria implantare:<\/strong> Negli interventi di implantologia dentale, l&#8217;integrazione armoniosa tra il dente artificiale (corona) e le gengive circostanti \u00e8 essenziale per ottenere un risultato dall&#8217;aspetto naturale. L&#8217;estetica rosa nell&#8217;odontoiatria implantare si concentra sull&#8217;assicurare che le gengive intorno agli impianti dentali siano sane, ben conformate e correttamente modellate per creare una transizione senza soluzione di continuit\u00e0 tra il restauro implantare e i denti naturali.<\/p>\n<\/li>\n<li>\n<p><strong>Ortodonzia<\/strong>: I trattamenti ortodontici, come gli apparecchi o gli allineatori trasparenti, possono essere utilizzati per correggere i denti disallineati e migliorare l&#8217;estetica dentale complessiva. In alcuni casi, il trattamento ortodontico pu\u00f2 anche comportare la risoluzione di problemi gengivali come l&#8217;eccessiva esposizione delle gengive (sorriso gengivale) o la gengiva asimmetrica per ottenere un sorriso pi\u00f9 equilibrato ed esteticamente piacevole.<\/p>\n<\/li>\n<\/ol>\n<\/div>\n<\/div>\n\t\t\t\t\t\t\t\t<\/div>\n\t\t\t\t<\/div>\n\t\t<div class=\"elementor-element elementor-element-da96573 e-flex e-con-boxed e-con e-child\" data-id=\"da96573\" data-element_type=\"container\">\n\t\t\t\t\t<div class=\"e-con-inner\">\n\t\t\t\t<div class=\"elementor-element elementor-element-df1b03b elementor-widget elementor-widget-image\" data-id=\"df1b03b\" data-element_type=\"widget\" data-widget_type=\"image.default\">\n\t\t\t\t<div class=\"elementor-widget-container\">\n\t\t\t\t\t\t\t\t\t\t\t\t\t\t\t<img decoding=\"async\" width=\"1024\" height=\"1024\" src=\"https:\/\/www.istanbulaestheticcenter.com\/wp-content\/uploads\/2024\/04\/WhatsApp-Image-2018-07-03-at-4.14.20-PM-1024x1024.jpeg\" class=\"attachment-large size-large wp-image-16063\" alt=\"\" srcset=\"https:\/\/www.istanbulaestheticcenter.com\/wp-content\/uploads\/2024\/04\/WhatsApp-Image-2018-07-03-at-4.14.20-PM-1024x1024.jpeg 1024w, https:\/\/www.istanbulaestheticcenter.com\/wp-content\/uploads\/2024\/04\/WhatsApp-Image-2018-07-03-at-4.14.20-PM-300x300.jpeg 300w, https:\/\/www.istanbulaestheticcenter.com\/wp-content\/uploads\/2024\/04\/WhatsApp-Image-2018-07-03-at-4.14.20-PM-150x150.jpeg 150w, https:\/\/www.istanbulaestheticcenter.com\/wp-content\/uploads\/2024\/04\/WhatsApp-Image-2018-07-03-at-4.14.20-PM-768x768.jpeg 768w, https:\/\/www.istanbulaestheticcenter.com\/wp-content\/uploads\/2024\/04\/WhatsApp-Image-2018-07-03-at-4.14.20-PM-720x720.jpeg 720w, https:\/\/www.istanbulaestheticcenter.com\/wp-content\/uploads\/2024\/04\/WhatsApp-Image-2018-07-03-at-4.14.20-PM.jpeg 1280w\" sizes=\"(max-width: 1024px) 100vw, 1024px\" \/>\t\t\t\t\t\t\t\t\t\t\t\t\t\t\t<\/div>\n\t\t\t\t<\/div>\n\t\t\t\t<div class=\"elementor-element elementor-element-dc4e566 elementor-widget elementor-widget-text-editor\" data-id=\"dc4e566\" data-element_type=\"widget\" data-widget_type=\"text-editor.default\">\n\t\t\t\t<div class=\"elementor-widget-container\">\n\t\t\t\t\t\t\t\t\t<p>In generale, l&#8217;estetica rosa in odontoiatria sottolinea l&#8217;importanza di gengive sane e ben curate come componente essenziale di un sorriso bello e attraente. I dentisti e gli odontoiatri si concentrano sul raggiungimento di una salute e di un aspetto gengivale ottimali per migliorare i risultati estetici complessivi dei trattamenti odontoiatrici e migliorare la soddisfazione del paziente. Istituti rinomati come l&#8217;Istanbul Aesthetic Center (IAC) eccellono nel fornire cure dentali complete, inclusi trattamenti che danno priorit\u00e0 all&#8217;estetica rosa, assicurando ai pazienti i migliori risultati possibili per la loro salute e il loro aspetto dentale.<\/p>\n\t\t\t\t\t\t\t\t<\/div>\n\t\t\t\t<\/div>\n\t\t\t\t\t<\/div>\n\t\t\t\t<\/div>\n\t\t\t\t\t<\/div>\n\t\t\t\t<\/div>\n\t\t\t\t<\/div>\n\t\t","protected":false},"excerpt":{"rendered":"<p>Estetica rosa (Estetica gengivale) In odontoiatria, il termine \u201cestetica rosa\u201d si riferisce tipicamente all&#8217;aspetto delle gengive, che svolgono un ruolo cruciale nell&#8217;estetica complessiva del sorriso. L&#8217;estetica rosa in odontoiatria si concentra sull&#8217;ottenimento di gengive sane, simmetriche e ben conformate che completano l&#8217;aspetto dei denti e contribuiscono a un sorriso attraente. Ecco alcuni aspetti chiave dell&#8217;estetica [&hellip;]<\/p>\n","protected":false},"author":1,"featured_media":0,"parent":17030,"menu_order":0,"comment_status":"closed","ping_status":"closed","template":"","meta":{"_themeisle_gutenberg_block_has_review":false,"footnotes":""},"class_list":["post-16547","page","type-page","status-publish","hentry"],"_links":{"self":[{"href":"https:\/\/www.istanbulaestheticcenter.com\/it\/wp-json\/wp\/v2\/pages\/16547","targetHints":{"allow":["GET"]}}],"collection":[{"href":"https:\/\/www.istanbulaestheticcenter.com\/it\/wp-json\/wp\/v2\/pages"}],"about":[{"href":"https:\/\/www.istanbulaestheticcenter.com\/it\/wp-json\/wp\/v2\/types\/page"}],"author":[{"embeddable":true,"href":"https:\/\/www.istanbulaestheticcenter.com\/it\/wp-json\/wp\/v2\/users\/1"}],"replies":[{"embeddable":true,"href":"https:\/\/www.istanbulaestheticcenter.com\/it\/wp-json\/wp\/v2\/comments?post=16547"}],"version-history":[{"count":1,"href":"https:\/\/www.istanbulaestheticcenter.com\/it\/wp-json\/wp\/v2\/pages\/16547\/revisions"}],"predecessor-version":[{"id":16548,"href":"https:\/\/www.istanbulaestheticcenter.com\/it\/wp-json\/wp\/v2\/pages\/16547\/revisions\/16548"}],"up":[{"embeddable":true,"href":"https:\/\/www.istanbulaestheticcenter.com\/it\/wp-json\/wp\/v2\/pages\/17030"}],"wp:attachment":[{"href":"https:\/\/www.istanbulaestheticcenter.com\/it\/wp-json\/wp\/v2\/media?parent=16547"}],"curies":[{"name":"wp","href":"https:\/\/api.w.org\/{rel}","templated":true}]}}