{"id":16837,"date":"2024-04-20T02:36:10","date_gmt":"2024-04-19T23:36:10","guid":{"rendered":"https:\/\/www.istanbulaestheticcenter.com\/reduction-mammaire-chez-lhomme\/"},"modified":"2024-04-29T13:35:39","modified_gmt":"2024-04-29T10:35:39","slug":"reduction-mammaire-chez-lhomme","status":"publish","type":"page","link":"https:\/\/www.istanbulaestheticcenter.com\/fr\/mammoplasty\/reduction-mammaire-chez-lhomme\/","title":{"rendered":"R\u00e9duction mammaire chez l&rsquo;homme"},"content":{"rendered":"\t\t<div data-elementor-type=\"wp-page\" data-elementor-id=\"16837\" class=\"elementor elementor-16837 elementor-13271\">\n\t\t\t\t<div class=\"elementor-element elementor-element-e9f0f8c e-flex e-con-boxed e-con e-parent\" data-id=\"e9f0f8c\" data-element_type=\"container\">\n\t\t\t\t\t<div class=\"e-con-inner\">\n\t\t<div class=\"elementor-element elementor-element-b0db3b0 e-flex e-con-boxed e-con e-child\" data-id=\"b0db3b0\" data-element_type=\"container\">\n\t\t\t\t\t<div class=\"e-con-inner\">\n\t\t\t\t<div class=\"elementor-element elementor-element-1dbdfe8 elementor-widget elementor-widget-image\" data-id=\"1dbdfe8\" data-element_type=\"widget\" data-widget_type=\"image.default\">\n\t\t\t\t<div class=\"elementor-widget-container\">\n\t\t\t\t\t\t\t\t\t\t\t\t\t\t\t<img fetchpriority=\"high\" decoding=\"async\" width=\"1024\" height=\"525\" src=\"https:\/\/www.istanbulaestheticcenter.com\/wp-content\/uploads\/2024\/04\/male-breast-reduction-1024x525.jpg\" class=\"attachment-large size-large wp-image-16033\" alt=\"\" srcset=\"https:\/\/www.istanbulaestheticcenter.com\/wp-content\/uploads\/2024\/04\/male-breast-reduction-1024x525.jpg 1024w, https:\/\/www.istanbulaestheticcenter.com\/wp-content\/uploads\/2024\/04\/male-breast-reduction-300x154.jpg 300w, https:\/\/www.istanbulaestheticcenter.com\/wp-content\/uploads\/2024\/04\/male-breast-reduction-768x394.jpg 768w, https:\/\/www.istanbulaestheticcenter.com\/wp-content\/uploads\/2024\/04\/male-breast-reduction-1000x513.jpg 1000w, https:\/\/www.istanbulaestheticcenter.com\/wp-content\/uploads\/2024\/04\/male-breast-reduction-1110x570.jpg 1110w, https:\/\/www.istanbulaestheticcenter.com\/wp-content\/uploads\/2024\/04\/male-breast-reduction.jpg 1120w\" sizes=\"(max-width: 1024px) 100vw, 1024px\" \/>\t\t\t\t\t\t\t\t\t\t\t\t\t\t\t<\/div>\n\t\t\t\t<\/div>\n\t\t\t\t\t<\/div>\n\t\t\t\t<\/div>\n\t\t\t\t\t<\/div>\n\t\t\t\t<\/div>\n\t\t<div class=\"elementor-element elementor-element-3f7c041 e-flex e-con-boxed e-con e-parent\" data-id=\"3f7c041\" data-element_type=\"container\">\n\t\t\t\t\t<div class=\"e-con-inner\">\n\t\t<div class=\"elementor-element elementor-element-50bb1f7 e-con-full e-flex e-con e-child\" data-id=\"50bb1f7\" data-element_type=\"container\">\n\t\t\t\t<div class=\"elementor-element elementor-element-1fc6a50 elementor-widget elementor-widget-heading\" data-id=\"1fc6a50\" data-element_type=\"widget\" data-widget_type=\"heading.default\">\n\t\t\t\t<div class=\"elementor-widget-container\">\n\t\t\t\t\t<h2 class=\"elementor-heading-title elementor-size-default\">Qu'est-ce que la chirurgie de la gyn\u00e9comastie ?<\/h2>\t\t\t\t<\/div>\n\t\t\t\t<\/div>\n\t\t\t\t<div class=\"elementor-element elementor-element-a63c1e5 elementor-widget elementor-widget-text-editor\" data-id=\"a63c1e5\" data-element_type=\"widget\" data-widget_type=\"text-editor.default\">\n\t\t\t\t<div class=\"elementor-widget-container\">\n\t\t\t\t\t\t\t\t\t<p>La chirurgie de la gyn\u00e9comastie, \u00e9galement connue sous le nom de chirurgie de r\u00e9duction mammaire chez l&rsquo;homme, est une intervention chirurgicale visant \u00e0 r\u00e9duire la taille des tissus mammaires hypertrophi\u00e9s ou surd\u00e9velopp\u00e9s chez l&rsquo;homme. La gyn\u00e9comastie peut \u00eatre due \u00e0 des d\u00e9s\u00e9quilibres hormonaux, \u00e0 la g\u00e9n\u00e9tique, \u00e0 l&rsquo;ob\u00e9sit\u00e9, \u00e0 certains m\u00e9dicaments ou \u00e0 des conditions m\u00e9dicales sous-jacentes, et elle peut causer un inconfort physique, une g\u00eane et une d\u00e9tresse \u00e9motionnelle.<\/p>\n<p>Voici un aper\u00e7u de la mani\u00e8re dont la chirurgie de la gyn\u00e9comastie est g\u00e9n\u00e9ralement pratiqu\u00e9e :<\/p>\n<ol>\n<li>\n<p><strong>Consultation <\/strong> : Avant l&rsquo;intervention, le patient s&rsquo;entretiendra avec un chirurgien plasticien qualifi\u00e9 pour discuter de ses objectifs, de ses attentes et de ses ant\u00e9c\u00e9dents m\u00e9dicaux. Le chirurgien \u00e9value l&rsquo;anatomie thoracique du patient, le degr\u00e9 de gyn\u00e9comastie et les causes sous-jacentes afin de d\u00e9terminer l&rsquo;approche la plus appropri\u00e9e pour la r\u00e9duction mammaire masculine.<\/p>\n<\/li>\n<li>\n<p><strong>Anesth\u00e9sie <\/strong> : La chirurgie de la gyn\u00e9comastie peut \u00eatre r\u00e9alis\u00e9e sous anesth\u00e9sie locale avec s\u00e9dation ou sous anesth\u00e9sie g\u00e9n\u00e9rale, en fonction des pr\u00e9f\u00e9rences du patient et de l&rsquo;ampleur de l&rsquo;intervention.<\/p>\n<\/li>\n<li>\n<p><strong>Incisions <\/strong> : Le chirurgien pratique des incisions discr\u00e8tes autour de l&rsquo;ar\u00e9ole (la peau fonc\u00e9e qui entoure le mamelon) ou dans les plis naturels de la poitrine afin de minimiser les cicatrices visibles. La longueur et le trac\u00e9 des incisions d\u00e9pendent de facteurs tels que la quantit\u00e9 de tissu exc\u00e9dentaire \u00e0 retirer et le r\u00e9sultat souhait\u00e9.<\/p>\n<\/li>\n<li>\n<p><strong>Retrait des tissus <\/strong> : Apr\u00e8s avoir pratiqu\u00e9 les incisions, le chirurgien retire l&rsquo;exc\u00e8s de tissu mammaire, de graisse et de peau de la r\u00e9gion de la poitrine \u00e0 l&rsquo;aide de techniques telles que la liposuccion, l&rsquo;excision ou une combinaison des deux. L&rsquo;objectif est d&rsquo;obtenir un contour de poitrine plus plat et plus masculin.<\/p>\n<\/li>\n<li>\n<p><strong>Repositionnement des mamelons <\/strong> : Si n\u00e9cessaire, le chirurgien peut \u00e9galement repositionner les mamelons \u00e0 un endroit plus esth\u00e9tique de la poitrine pour am\u00e9liorer la sym\u00e9trie et les proportions.<\/p>\n<\/li>\n<li>\n<p><strong>Fermeture <\/strong> : Une fois la correction souhait\u00e9e obtenue, les incisions sont referm\u00e9es \u00e0 l&rsquo;aide de sutures et les pansements ou bandages n\u00e9cessaires sont appliqu\u00e9s pour prot\u00e9ger les sites op\u00e9ratoires.<\/p>\n<\/li>\n<li>\n<p><strong>R\u00e9tablissement <\/strong> : Apr\u00e8s l&rsquo;intervention, les patients peuvent pr\u00e9senter un certain gonflement, des ecchymoses et un certain inconfort, qui peuvent \u00eatre g\u00e9r\u00e9s par des analg\u00e9siques et des v\u00eatements de soutien tels qu&rsquo;un v\u00eatement de compression ou un gilet chirurgical. Il est essentiel de suivre les instructions post-op\u00e9ratoires fournies par le chirurgien pour faciliter une bonne cicatrisation et optimiser les r\u00e9sultats.<\/p>\n<\/li>\n<\/ol>\n\t\t\t\t\t\t\t\t<\/div>\n\t\t\t\t<\/div>\n\t\t\t\t<\/div>\n\t\t<div class=\"elementor-element elementor-element-1cd2b8e e-con-full e-flex e-con e-child\" data-id=\"1cd2b8e\" data-element_type=\"container\">\n\t\t\t\t<div class=\"elementor-element elementor-element-6494aa8 elementor-widget elementor-widget-text-editor\" data-id=\"6494aa8\" data-element_type=\"widget\" data-widget_type=\"text-editor.default\">\n\t\t\t\t<div class=\"elementor-widget-container\">\n\t\t\t\t\t\t\t\t\t<p>La chirurgie de la gyn\u00e9comastie peut apporter des am\u00e9liorations significatives \u00e0 l&rsquo;apparence de la poitrine, redonner confiance aux hommes et leur permettre de se sentir plus \u00e0 l&rsquo;aise et plus masculins. Toutefois, il est essentiel de consulter un chirurgien plasticien certifi\u00e9, sp\u00e9cialis\u00e9 dans la r\u00e9duction mammaire chez l&rsquo;homme, afin d&rsquo;obtenir le meilleur r\u00e9sultat possible. Des \u00e9tablissements r\u00e9put\u00e9s et exp\u00e9riment\u00e9s dans la chirurgie de la gyn\u00e9comastie, tels que <strong>l&rsquo;Istanbul Aesthetic Center (IAC)<\/strong>, peuvent vous apporter une assurance suppl\u00e9mentaire et une tranquillit\u00e9 d&rsquo;esprit pendant votre parcours vers un contour de poitrine plus plat et plus masculin.<\/p>\n\t\t\t\t\t\t\t\t<\/div>\n\t\t\t\t<\/div>\n\t\t\t\t<div class=\"elementor-element elementor-element-fb2c982 elementor-widget elementor-widget-beforeafter\" data-id=\"fb2c982\" data-element_type=\"widget\" data-widget_type=\"beforeafter.default\">\n\t\t\t\t<div class=\"elementor-widget-container\">\n\t\t\t\t\t\n\n<style>\n  \n#nd_elements_beforeafter_component_589 img { float:left; width:100%; }\n\n#nd_elements_beforeafter_component_589 { \nfloat: left;\nwidth: 100% !important;\nmargin: 0px !important;\npadding: 0px !important;\nposition: relative;\n}\n\n#nd_elements_beforeafter_component_589 .ui-slider-range {\nbackground-image: url(\"http:\/\/www.istanbulaestheticcenter.com\/wp-content\/uploads\/2024\/04\/Gynecomastia-before.jpg\");\nbackground-color: #000;\nz-index: 9;\nposition: absolute;\nheight: 100%;\nbackground-repeat: no-repeat;\nbackground-size: cover;\n}\n\n#nd_elements_beforeafter_component_589 .ui-slider-handle {\nbackground-color: #000;\nwidth: 4px;\nposition: absolute;\nheight: 100%;\noutline: 0px;\ncursor: ew-resize;  \n}\n\n#nd_elements_beforeafter_component_589 .ui-slider-handle:after {\ncontent: \"\";\nwidth: 40px;\nheight: 40px;\nbackground-color: #ccc;\nposition: absolute;\ntop: 50%;\nmargin-top: -20px;\nmargin-left: -18px;\nz-index: 9;\nborder-radius: 100%;\nbackground-image:url(\"http:\/\/www.istanbulaestheticcenter.com\/wp-content\/uploads\/2022\/09\/arrows.png\");\nbackground-size: 30px;\nbackground-position: center;\nbackground-repeat: no-repeat;\n}\n\n<\/style>\n\n\n<script>\njQuery( function() {\n\njQuery( \"#nd_elements_beforeafter_component_589\" ).slider({\n  value: 50,\n  orientation: \"horizontal\",\n  range: \"min\",\n  animate: true\n});\n\n} );\n<\/script>\n\n\n<div class=\"nd_elements_section nd_elements_beforeafter_component\">\n\n\t<div class=\"nd_elements_section\">\n\t\t<div id=\"nd_elements_beforeafter_component_589\">\n\t\t\t<img decoding=\"async\" src=\"http:\/\/www.istanbulaestheticcenter.com\/wp-content\/uploads\/2024\/04\/Gynecomastia-after.jpg\">\n\t\t<\/div>\n\t<\/div>\n\t\n<\/div>\t\t\t\t<\/div>\n\t\t\t\t<\/div>\n\t\t\t\t<div class=\"elementor-element elementor-element-9d83911 elementor-widget elementor-widget-accordion\" data-id=\"9d83911\" data-element_type=\"widget\" data-widget_type=\"accordion.default\">\n\t\t\t\t<div class=\"elementor-widget-container\">\n\t\t\t\t\t\t\t<div class=\"elementor-accordion\">\n\t\t\t\t\t\t\t<div class=\"elementor-accordion-item\">\n\t\t\t\t\t<div id=\"elementor-tab-title-1651\" class=\"elementor-tab-title\" data-tab=\"1\" role=\"button\" aria-controls=\"elementor-tab-content-1651\" aria-expanded=\"false\">\n\t\t\t\t\t\t\t\t\t\t\t\t\t<span class=\"elementor-accordion-icon elementor-accordion-icon-left\" aria-hidden=\"true\">\n\t\t\t\t\t\t\t\t\t\t\t\t\t\t\t<span class=\"elementor-accordion-icon-closed\"><svg class=\"e-font-icon-svg e-fas-plus\" viewBox=\"0 0 448 512\" xmlns=\"http:\/\/www.w3.org\/2000\/svg\"><path d=\"M416 208H272V64c0-17.67-14.33-32-32-32h-32c-17.67 0-32 14.33-32 32v144H32c-17.67 0-32 14.33-32 32v32c0 17.67 14.33 32 32 32h144v144c0 17.67 14.33 32 32 32h32c17.67 0 32-14.33 32-32V304h144c17.67 0 32-14.33 32-32v-32c0-17.67-14.33-32-32-32z\"><\/path><\/svg><\/span>\n\t\t\t\t\t\t\t\t<span class=\"elementor-accordion-icon-opened\"><svg class=\"e-font-icon-svg e-fas-minus\" viewBox=\"0 0 448 512\" xmlns=\"http:\/\/www.w3.org\/2000\/svg\"><path d=\"M416 208H32c-17.67 0-32 14.33-32 32v32c0 17.67 14.33 32 32 32h384c17.67 0 32-14.33 32-32v-32c0-17.67-14.33-32-32-32z\"><\/path><\/svg><\/span>\n\t\t\t\t\t\t\t\t\t\t\t\t\t\t<\/span>\n\t\t\t\t\t\t\t\t\t\t\t\t<a class=\"elementor-accordion-title\" tabindex=\"0\">Dois-je subir une chirurgie de la gyn\u00e9comastie ?<\/a>\n\t\t\t\t\t<\/div>\n\t\t\t\t\t<div id=\"elementor-tab-content-1651\" class=\"elementor-tab-content elementor-clearfix\" data-tab=\"1\" role=\"region\" aria-labelledby=\"elementor-tab-title-1651\"><p>S&rsquo;il y a un changement notable dans la taille de vos seins d\u00fb \u00e0 un changement de poids ou \u00e0 des raisons hormonales et si cela vous g\u00eane dans votre vie sociale, oui, vous pouvez avoir recours \u00e0 une \u00ab chirurgie de la gyn\u00e9comastie \u00bb.<\/p>\n<\/div>\n\t\t\t\t<\/div>\n\t\t\t\t\t\t\t<div class=\"elementor-accordion-item\">\n\t\t\t\t\t<div id=\"elementor-tab-title-1652\" class=\"elementor-tab-title\" data-tab=\"2\" role=\"button\" aria-controls=\"elementor-tab-content-1652\" aria-expanded=\"false\">\n\t\t\t\t\t\t\t\t\t\t\t\t\t<span class=\"elementor-accordion-icon elementor-accordion-icon-left\" aria-hidden=\"true\">\n\t\t\t\t\t\t\t\t\t\t\t\t\t\t\t<span class=\"elementor-accordion-icon-closed\"><svg class=\"e-font-icon-svg e-fas-plus\" viewBox=\"0 0 448 512\" xmlns=\"http:\/\/www.w3.org\/2000\/svg\"><path d=\"M416 208H272V64c0-17.67-14.33-32-32-32h-32c-17.67 0-32 14.33-32 32v144H32c-17.67 0-32 14.33-32 32v32c0 17.67 14.33 32 32 32h144v144c0 17.67 14.33 32 32 32h32c17.67 0 32-14.33 32-32V304h144c17.67 0 32-14.33 32-32v-32c0-17.67-14.33-32-32-32z\"><\/path><\/svg><\/span>\n\t\t\t\t\t\t\t\t<span class=\"elementor-accordion-icon-opened\"><svg class=\"e-font-icon-svg e-fas-minus\" viewBox=\"0 0 448 512\" xmlns=\"http:\/\/www.w3.org\/2000\/svg\"><path d=\"M416 208H32c-17.67 0-32 14.33-32 32v32c0 17.67 14.33 32 32 32h384c17.67 0 32-14.33 32-32v-32c0-17.67-14.33-32-32-32z\"><\/path><\/svg><\/span>\n\t\t\t\t\t\t\t\t\t\t\t\t\t\t<\/span>\n\t\t\t\t\t\t\t\t\t\t\t\t<a class=\"elementor-accordion-title\" tabindex=\"0\">\u00c0 quoi faut-il faire attention avant l'op\u00e9ration ?<\/a>\n\t\t\t\t\t<\/div>\n\t\t\t\t\t<div id=\"elementor-tab-content-1652\" class=\"elementor-tab-content elementor-clearfix\" data-tab=\"2\" role=\"region\" aria-labelledby=\"elementor-tab-title-1652\"><p>Il est pr\u00e9f\u00e9rable de faire part \u00e0 votre m\u00e9decin de vos attentes et de vos inqui\u00e9tudes. Lors de l&rsquo;examen, vous devez r\u00e9pondre en d\u00e9tail \u00e0 toutes les questions qui vous seront pos\u00e9es sur votre \u00e9tat de sant\u00e9 g\u00e9n\u00e9ral et informer votre m\u00e9decin de vos maladies ant\u00e9rieures et des m\u00e9dicaments que vous prenez. Les zones d&rsquo;intervention seront d\u00e9termin\u00e9es lors de votre examen physique, et votre nouvelle silhouette sera discut\u00e9e.<\/p>\n<\/div>\n\t\t\t\t<\/div>\n\t\t\t\t\t\t\t<div class=\"elementor-accordion-item\">\n\t\t\t\t\t<div id=\"elementor-tab-title-1653\" class=\"elementor-tab-title\" data-tab=\"3\" role=\"button\" aria-controls=\"elementor-tab-content-1653\" aria-expanded=\"false\">\n\t\t\t\t\t\t\t\t\t\t\t\t\t<span class=\"elementor-accordion-icon elementor-accordion-icon-left\" aria-hidden=\"true\">\n\t\t\t\t\t\t\t\t\t\t\t\t\t\t\t<span class=\"elementor-accordion-icon-closed\"><svg class=\"e-font-icon-svg e-fas-plus\" viewBox=\"0 0 448 512\" xmlns=\"http:\/\/www.w3.org\/2000\/svg\"><path d=\"M416 208H272V64c0-17.67-14.33-32-32-32h-32c-17.67 0-32 14.33-32 32v144H32c-17.67 0-32 14.33-32 32v32c0 17.67 14.33 32 32 32h144v144c0 17.67 14.33 32 32 32h32c17.67 0 32-14.33 32-32V304h144c17.67 0 32-14.33 32-32v-32c0-17.67-14.33-32-32-32z\"><\/path><\/svg><\/span>\n\t\t\t\t\t\t\t\t<span class=\"elementor-accordion-icon-opened\"><svg class=\"e-font-icon-svg e-fas-minus\" viewBox=\"0 0 448 512\" xmlns=\"http:\/\/www.w3.org\/2000\/svg\"><path d=\"M416 208H32c-17.67 0-32 14.33-32 32v32c0 17.67 14.33 32 32 32h384c17.67 0 32-14.33 32-32v-32c0-17.67-14.33-32-32-32z\"><\/path><\/svg><\/span>\n\t\t\t\t\t\t\t\t\t\t\t\t\t\t<\/span>\n\t\t\t\t\t\t\t\t\t\t\t\t<a class=\"elementor-accordion-title\" tabindex=\"0\">Comment se d\u00e9roule l'op\u00e9ration ?<\/a>\n\t\t\t\t\t<\/div>\n\t\t\t\t\t<div id=\"elementor-tab-content-1653\" class=\"elementor-tab-content elementor-clearfix\" data-tab=\"3\" role=\"region\" aria-labelledby=\"elementor-tab-title-1653\"><p>Votre intervention chirurgicale dans notre h\u00f4pital sera r\u00e9alis\u00e9e sous s\u00e9dation ou sous anesth\u00e9sie g\u00e9n\u00e9rale selon la pratique. Sa dur\u00e9e approximative est de 1 \u00e0 1,5 heure.<\/p>\n<\/div>\n\t\t\t\t<\/div>\n\t\t\t\t\t\t\t<div class=\"elementor-accordion-item\">\n\t\t\t\t\t<div id=\"elementor-tab-title-1654\" class=\"elementor-tab-title\" data-tab=\"4\" role=\"button\" aria-controls=\"elementor-tab-content-1654\" aria-expanded=\"false\">\n\t\t\t\t\t\t\t\t\t\t\t\t\t<span class=\"elementor-accordion-icon elementor-accordion-icon-left\" aria-hidden=\"true\">\n\t\t\t\t\t\t\t\t\t\t\t\t\t\t\t<span class=\"elementor-accordion-icon-closed\"><svg class=\"e-font-icon-svg e-fas-plus\" viewBox=\"0 0 448 512\" xmlns=\"http:\/\/www.w3.org\/2000\/svg\"><path d=\"M416 208H272V64c0-17.67-14.33-32-32-32h-32c-17.67 0-32 14.33-32 32v144H32c-17.67 0-32 14.33-32 32v32c0 17.67 14.33 32 32 32h144v144c0 17.67 14.33 32 32 32h32c17.67 0 32-14.33 32-32V304h144c17.67 0 32-14.33 32-32v-32c0-17.67-14.33-32-32-32z\"><\/path><\/svg><\/span>\n\t\t\t\t\t\t\t\t<span class=\"elementor-accordion-icon-opened\"><svg class=\"e-font-icon-svg e-fas-minus\" viewBox=\"0 0 448 512\" xmlns=\"http:\/\/www.w3.org\/2000\/svg\"><path d=\"M416 208H32c-17.67 0-32 14.33-32 32v32c0 17.67 14.33 32 32 32h384c17.67 0 32-14.33 32-32v-32c0-17.67-14.33-32-32-32z\"><\/path><\/svg><\/span>\n\t\t\t\t\t\t\t\t\t\t\t\t\t\t<\/span>\n\t\t\t\t\t\t\t\t\t\t\t\t<a class=\"elementor-accordion-title\" tabindex=\"0\">Que faut-il savoir sur l'anesth\u00e9sie ?<\/a>\n\t\t\t\t\t<\/div>\n\t\t\t\t\t<div id=\"elementor-tab-content-1654\" class=\"elementor-tab-content elementor-clearfix\" data-tab=\"4\" role=\"region\" aria-labelledby=\"elementor-tab-title-1654\"><p>Vous serez examin\u00e9e et inform\u00e9e par un m\u00e9decin anesth\u00e9siste avant l&rsquo;op\u00e9ration d&rsquo;augmentation mammaire. Les m\u00e9dicaments diluant le sang, les vitamines et les facteurs affectant l&rsquo;anesth\u00e9sie tels que l&rsquo;alcool et le tabac doivent \u00eatre arr\u00eat\u00e9s \u00e0 partir de la date pr\u00e9vue par votre m\u00e9decin.<\/p>\n<\/div>\n\t\t\t\t<\/div>\n\t\t\t\t\t\t\t<div class=\"elementor-accordion-item\">\n\t\t\t\t\t<div id=\"elementor-tab-title-1655\" class=\"elementor-tab-title\" data-tab=\"5\" role=\"button\" aria-controls=\"elementor-tab-content-1655\" aria-expanded=\"false\">\n\t\t\t\t\t\t\t\t\t\t\t\t\t<span class=\"elementor-accordion-icon elementor-accordion-icon-left\" aria-hidden=\"true\">\n\t\t\t\t\t\t\t\t\t\t\t\t\t\t\t<span class=\"elementor-accordion-icon-closed\"><svg class=\"e-font-icon-svg e-fas-plus\" viewBox=\"0 0 448 512\" xmlns=\"http:\/\/www.w3.org\/2000\/svg\"><path d=\"M416 208H272V64c0-17.67-14.33-32-32-32h-32c-17.67 0-32 14.33-32 32v144H32c-17.67 0-32 14.33-32 32v32c0 17.67 14.33 32 32 32h144v144c0 17.67 14.33 32 32 32h32c17.67 0 32-14.33 32-32V304h144c17.67 0 32-14.33 32-32v-32c0-17.67-14.33-32-32-32z\"><\/path><\/svg><\/span>\n\t\t\t\t\t\t\t\t<span class=\"elementor-accordion-icon-opened\"><svg class=\"e-font-icon-svg e-fas-minus\" viewBox=\"0 0 448 512\" xmlns=\"http:\/\/www.w3.org\/2000\/svg\"><path d=\"M416 208H32c-17.67 0-32 14.33-32 32v32c0 17.67 14.33 32 32 32h384c17.67 0 32-14.33 32-32v-32c0-17.67-14.33-32-32-32z\"><\/path><\/svg><\/span>\n\t\t\t\t\t\t\t\t\t\t\t\t\t\t<\/span>\n\t\t\t\t\t\t\t\t\t\t\t\t<a class=\"elementor-accordion-title\" tabindex=\"0\">P\u00e9riode de retour \u00e0 la vie sociale apr\u00e8s l'intervention chirurgicale<\/a>\n\t\t\t\t\t<\/div>\n\t\t\t\t\t<div id=\"elementor-tab-content-1655\" class=\"elementor-tab-content elementor-clearfix\" data-tab=\"5\" role=\"region\" aria-labelledby=\"elementor-tab-title-1655\"><p>Au d\u00e9but de l&rsquo;intervention, un l\u00e9ger \u0153d\u00e8me sera observ\u00e9, mais cet \u00e9tat s&rsquo;am\u00e9liorera avec le temps. Vous pourrez reprendre vos activit\u00e9s sociales et professionnelles au bout de 2 \u00e0 3 jours.<\/p>\n<\/div>\n\t\t\t\t<\/div>\n\t\t\t\t\t\t\t\t<\/div>\n\t\t\t\t\t\t<\/div>\n\t\t\t\t<\/div>\n\t\t\t\t<\/div>\n\t\t\t\t\t<\/div>\n\t\t\t\t<\/div>\n\t\t\t\t<\/div>\n\t\t","protected":false},"excerpt":{"rendered":"<p>Qu&rsquo;est-ce que la chirurgie de la gyn\u00e9comastie ? La chirurgie de la gyn\u00e9comastie, \u00e9galement connue sous le nom de chirurgie de r\u00e9duction mammaire chez l&rsquo;homme, est une intervention chirurgicale visant \u00e0 r\u00e9duire la taille des tissus mammaires hypertrophi\u00e9s ou surd\u00e9velopp\u00e9s chez l&rsquo;homme. La gyn\u00e9comastie peut \u00eatre due \u00e0 des d\u00e9s\u00e9quilibres hormonaux, \u00e0 la g\u00e9n\u00e9tique, \u00e0 [&hellip;]<\/p>\n","protected":false},"author":1,"featured_media":0,"parent":16862,"menu_order":0,"comment_status":"closed","ping_status":"closed","template":"","meta":{"_themeisle_gutenberg_block_has_review":false,"footnotes":""},"class_list":["post-16837","page","type-page","status-publish","hentry"],"_links":{"self":[{"href":"https:\/\/www.istanbulaestheticcenter.com\/fr\/wp-json\/wp\/v2\/pages\/16837","targetHints":{"allow":["GET"]}}],"collection":[{"href":"https:\/\/www.istanbulaestheticcenter.com\/fr\/wp-json\/wp\/v2\/pages"}],"about":[{"href":"https:\/\/www.istanbulaestheticcenter.com\/fr\/wp-json\/wp\/v2\/types\/page"}],"author":[{"embeddable":true,"href":"https:\/\/www.istanbulaestheticcenter.com\/fr\/wp-json\/wp\/v2\/users\/1"}],"replies":[{"embeddable":true,"href":"https:\/\/www.istanbulaestheticcenter.com\/fr\/wp-json\/wp\/v2\/comments?post=16837"}],"version-history":[{"count":1,"href":"https:\/\/www.istanbulaestheticcenter.com\/fr\/wp-json\/wp\/v2\/pages\/16837\/revisions"}],"predecessor-version":[{"id":16838,"href":"https:\/\/www.istanbulaestheticcenter.com\/fr\/wp-json\/wp\/v2\/pages\/16837\/revisions\/16838"}],"up":[{"embeddable":true,"href":"https:\/\/www.istanbulaestheticcenter.com\/fr\/wp-json\/wp\/v2\/pages\/16862"}],"wp:attachment":[{"href":"https:\/\/www.istanbulaestheticcenter.com\/fr\/wp-json\/wp\/v2\/media?parent=16837"}],"curies":[{"name":"wp","href":"https:\/\/api.w.org\/{rel}","templated":true}]}}