{"id":16707,"date":"2024-04-19T16:42:08","date_gmt":"2024-04-19T13:42:08","guid":{"rendered":"https:\/\/www.istanbulaestheticcenter.com\/transplantation-capillaire-dhi\/"},"modified":"2024-04-29T21:57:17","modified_gmt":"2024-04-29T18:57:17","slug":"transplantation-capillaire-dhi","status":"publish","type":"page","link":"https:\/\/www.istanbulaestheticcenter.com\/fr\/greffe-de-cheveux\/transplantation-capillaire-dhi\/","title":{"rendered":"Transplantation capillaire DHI"},"content":{"rendered":"\t\t<div data-elementor-type=\"wp-page\" data-elementor-id=\"16707\" class=\"elementor elementor-16707 elementor-13159\">\n\t\t\t\t<div class=\"elementor-element elementor-element-76cab1a e-grid e-con-boxed e-con e-parent\" data-id=\"76cab1a\" data-element_type=\"container\">\n\t\t\t\t\t<div class=\"e-con-inner\">\n\t\t\t\t<div class=\"elementor-element elementor-element-59a8eed elementor-widget elementor-widget-beforeafter\" data-id=\"59a8eed\" data-element_type=\"widget\" data-widget_type=\"beforeafter.default\">\n\t\t\t\t<div class=\"elementor-widget-container\">\n\t\t\t\t\t\n\n<style>\n  \n#nd_elements_beforeafter_component_406 img { float:left; width:100%; }\n\n#nd_elements_beforeafter_component_406 { \nfloat: left;\nwidth: 100% !important;\nmargin: 0px !important;\npadding: 0px !important;\nposition: relative;\n}\n\n#nd_elements_beforeafter_component_406 .ui-slider-range {\nbackground-image: url(\"http:\/\/www.istanbulaestheticcenter.com\/wp-content\/uploads\/2024\/04\/hair-male-before-v4.jpg\");\nbackground-color: #000;\nz-index: 9;\nposition: absolute;\nheight: 100%;\nbackground-repeat: no-repeat;\nbackground-size: cover;\n}\n\n#nd_elements_beforeafter_component_406 .ui-slider-handle {\nbackground-color: #000;\nwidth: 4px;\nposition: absolute;\nheight: 100%;\noutline: 0px;\ncursor: ew-resize;  \n}\n\n#nd_elements_beforeafter_component_406 .ui-slider-handle:after {\ncontent: \"\";\nwidth: 40px;\nheight: 40px;\nbackground-color: #ccc;\nposition: absolute;\ntop: 50%;\nmargin-top: -20px;\nmargin-left: -18px;\nz-index: 9;\nborder-radius: 100%;\nbackground-image:url(\"http:\/\/www.istanbulaestheticcenter.com\/wp-content\/uploads\/2022\/09\/arrows.png\");\nbackground-size: 30px;\nbackground-position: center;\nbackground-repeat: no-repeat;\n}\n\n<\/style>\n\n\n<script>\njQuery( function() {\n\njQuery( \"#nd_elements_beforeafter_component_406\" ).slider({\n  value: 50,\n  orientation: \"horizontal\",\n  range: \"min\",\n  animate: true\n});\n\n} );\n<\/script>\n\n\n<div class=\"nd_elements_section nd_elements_beforeafter_component\">\n\n\t<div class=\"nd_elements_section\">\n\t\t<div id=\"nd_elements_beforeafter_component_406\">\n\t\t\t<img decoding=\"async\" src=\"http:\/\/www.istanbulaestheticcenter.com\/wp-content\/uploads\/2024\/04\/hair-male-after-v4.jpg\">\n\t\t<\/div>\n\t<\/div>\n\t\n<\/div>\t\t\t\t<\/div>\n\t\t\t\t<\/div>\n\t\t\t\t<div class=\"elementor-element elementor-element-552775d elementor-widget elementor-widget-beforeafter\" data-id=\"552775d\" data-element_type=\"widget\" data-widget_type=\"beforeafter.default\">\n\t\t\t\t<div class=\"elementor-widget-container\">\n\t\t\t\t\t\n\n<style>\n  \n#nd_elements_beforeafter_component_422 img { float:left; width:100%; }\n\n#nd_elements_beforeafter_component_422 { \nfloat: left;\nwidth: 100% !important;\nmargin: 0px !important;\npadding: 0px !important;\nposition: relative;\n}\n\n#nd_elements_beforeafter_component_422 .ui-slider-range {\nbackground-image: url(\"http:\/\/www.istanbulaestheticcenter.com\/wp-content\/uploads\/2024\/04\/hair-male-before-v5.jpg\");\nbackground-color: #000;\nz-index: 9;\nposition: absolute;\nheight: 100%;\nbackground-repeat: no-repeat;\nbackground-size: cover;\n}\n\n#nd_elements_beforeafter_component_422 .ui-slider-handle {\nbackground-color: #000;\nwidth: 4px;\nposition: absolute;\nheight: 100%;\noutline: 0px;\ncursor: ew-resize;  \n}\n\n#nd_elements_beforeafter_component_422 .ui-slider-handle:after {\ncontent: \"\";\nwidth: 40px;\nheight: 40px;\nbackground-color: #ccc;\nposition: absolute;\ntop: 50%;\nmargin-top: -20px;\nmargin-left: -18px;\nz-index: 9;\nborder-radius: 100%;\nbackground-image:url(\"http:\/\/www.istanbulaestheticcenter.com\/wp-content\/uploads\/2022\/09\/arrows.png\");\nbackground-size: 30px;\nbackground-position: center;\nbackground-repeat: no-repeat;\n}\n\n<\/style>\n\n\n<script>\njQuery( function() {\n\njQuery( \"#nd_elements_beforeafter_component_422\" ).slider({\n  value: 50,\n  orientation: \"horizontal\",\n  range: \"min\",\n  animate: true\n});\n\n} );\n<\/script>\n\n\n<div class=\"nd_elements_section nd_elements_beforeafter_component\">\n\n\t<div class=\"nd_elements_section\">\n\t\t<div id=\"nd_elements_beforeafter_component_422\">\n\t\t\t<img decoding=\"async\" src=\"http:\/\/www.istanbulaestheticcenter.com\/wp-content\/uploads\/2024\/04\/hair-male-after-v5.jpg\">\n\t\t<\/div>\n\t<\/div>\n\t\n<\/div>\t\t\t\t<\/div>\n\t\t\t\t<\/div>\n\t\t\t\t\t<\/div>\n\t\t\t\t<\/div>\n\t\t<div class=\"elementor-element elementor-element-cbc25af e-flex e-con-boxed e-con e-parent\" data-id=\"cbc25af\" data-element_type=\"container\">\n\t\t\t\t\t<div class=\"e-con-inner\">\n\t\t<div class=\"elementor-element elementor-element-ecadbfc e-flex e-con-boxed e-con e-child\" data-id=\"ecadbfc\" data-element_type=\"container\">\n\t\t\t\t\t<div class=\"e-con-inner\">\n\t\t\t\t<div class=\"elementor-element elementor-element-cdabcd8 elementor-widget elementor-widget-heading\" data-id=\"cdabcd8\" data-element_type=\"widget\" data-widget_type=\"heading.default\">\n\t\t\t\t<div class=\"elementor-widget-container\">\n\t\t\t\t\t<h2 class=\"elementor-heading-title elementor-size-default\">Transplantation capillaire DHI<\/h2>\t\t\t\t<\/div>\n\t\t\t\t<\/div>\n\t\t\t\t\t<\/div>\n\t\t\t\t<\/div>\n\t\t\t\t\t<\/div>\n\t\t\t\t<\/div>\n\t\t<div class=\"elementor-element elementor-element-02db0e2 e-flex e-con-boxed e-con e-parent\" data-id=\"02db0e2\" data-element_type=\"container\">\n\t\t\t\t\t<div class=\"e-con-inner\">\n\t\t\t\t<div class=\"elementor-element elementor-element-4b6ee33 elementor-widget elementor-widget-text-editor\" data-id=\"4b6ee33\" data-element_type=\"widget\" data-widget_type=\"text-editor.default\">\n\t\t\t\t<div class=\"elementor-widget-container\">\n\t\t\t\t\t\t\t\t\t<p>L&rsquo;implantation directe de cheveux (DHI) est une autre m\u00e9thode de transplantation capillaire similaire \u00e0 la FUE, mais avec quelques diff\u00e9rences notables dans la technique.<\/p>\n\t\t\t\t\t\t\t\t<\/div>\n\t\t\t\t<\/div>\n\t\t\t\t\t<\/div>\n\t\t\t\t<\/div>\n\t\t<div class=\"elementor-element elementor-element-a93cd01 e-grid e-con-boxed e-con e-parent\" data-id=\"a93cd01\" data-element_type=\"container\">\n\t\t\t\t\t<div class=\"e-con-inner\">\n\t\t\t\t<div class=\"elementor-element elementor-element-2734692 elementor-widget elementor-widget-text-editor\" data-id=\"2734692\" data-element_type=\"widget\" data-widget_type=\"text-editor.default\">\n\t\t\t\t<div class=\"elementor-widget-container\">\n\t\t\t\t\t\t\t\t\t<p>Dans le cas de la DHI, le processus comprend les \u00e9tapes suivantes<\/p>\n<ol>\n<li>\n<p><strong>L&rsquo;extraction <\/strong> : Comme pour la FUE, des follicules pileux individuels sont extraits de la zone donneuse du cuir chevelu, g\u00e9n\u00e9ralement l&rsquo;arri\u00e8re ou les c\u00f4t\u00e9s.<\/p>\n<\/li>\n<li>\n<p><strong>Implantation <\/strong> : Cependant, dans la DHI, le processus d&rsquo;implantation diff\u00e8re. Au lieu de cr\u00e9er des sites receveurs dans le cuir chevelu avant d&rsquo;implanter les follicules, la DHI utilise un outil sp\u00e9cialis\u00e9 appel\u00e9 stylo implanteur Choi. Ce stylo est muni d&rsquo;une aiguille creuse qui cr\u00e9e simultan\u00e9ment le site receveur et ins\u00e8re le follicule capillaire pr\u00e9lev\u00e9 dans le cuir chevelu.<\/p>\n<\/li>\n<li>\n<p><strong>Pas besoin d&rsquo;incisions <\/strong> : Contrairement \u00e0 la FUE, o\u00f9 les sites receveurs sont cr\u00e9\u00e9s avant la transplantation, la DHI implante les cheveux directement sans qu&rsquo;il soit n\u00e9cessaire de pratiquer des incisions. La cicatrisation peut donc \u00eatre plus rapide et le cuir chevelu moins traumatis\u00e9.<\/p>\n<\/li>\n<\/ol>\n\t\t\t\t\t\t\t\t<\/div>\n\t\t\t\t<\/div>\n\t\t\t\t<div class=\"elementor-element elementor-element-80056e6 elementor-widget elementor-widget-image\" data-id=\"80056e6\" data-element_type=\"widget\" data-widget_type=\"image.default\">\n\t\t\t\t<div class=\"elementor-widget-container\">\n\t\t\t\t\t\t\t\t\t\t\t\t\t\t\t<img fetchpriority=\"high\" decoding=\"async\" width=\"768\" height=\"768\" src=\"https:\/\/www.istanbulaestheticcenter.com\/wp-content\/uploads\/2024\/04\/DHI-hair-768x768.jpg\" class=\"attachment-medium_large size-medium_large wp-image-15844\" alt=\"\" srcset=\"https:\/\/www.istanbulaestheticcenter.com\/wp-content\/uploads\/2024\/04\/DHI-hair-768x768.jpg 768w, https:\/\/www.istanbulaestheticcenter.com\/wp-content\/uploads\/2024\/04\/DHI-hair-300x300.jpg 300w, https:\/\/www.istanbulaestheticcenter.com\/wp-content\/uploads\/2024\/04\/DHI-hair-150x150.jpg 150w, https:\/\/www.istanbulaestheticcenter.com\/wp-content\/uploads\/2024\/04\/DHI-hair-720x720.jpg 720w, https:\/\/www.istanbulaestheticcenter.com\/wp-content\/uploads\/2024\/04\/DHI-hair.jpg 1024w\" sizes=\"(max-width: 768px) 100vw, 768px\" \/>\t\t\t\t\t\t\t\t\t\t\t\t\t\t\t<\/div>\n\t\t\t\t<\/div>\n\t\t\t\t\t<\/div>\n\t\t\t\t<\/div>\n\t\t<div class=\"elementor-element elementor-element-1a663d2 e-grid e-con-boxed e-con e-parent\" data-id=\"1a663d2\" data-element_type=\"container\">\n\t\t\t\t\t<div class=\"e-con-inner\">\n\t\t<div class=\"elementor-element elementor-element-6bb1eee e-grid e-con-boxed e-con e-child\" data-id=\"6bb1eee\" data-element_type=\"container\">\n\t\t\t\t\t<div class=\"e-con-inner\">\n\t\t\t\t<div class=\"elementor-element elementor-element-dd72775 elementor-widget elementor-widget-text-editor\" data-id=\"dd72775\" data-element_type=\"widget\" data-widget_type=\"text-editor.default\">\n\t\t\t\t<div class=\"elementor-widget-container\">\n\t\t\t\t\t\t\t\t\t<p>La DHI est souvent pr\u00e9sent\u00e9e comme une technique plus avanc\u00e9e et plus pr\u00e9cise que la FUE traditionnelle. Voici quelques-uns des avantages revendiqu\u00e9s de la DHI<\/p>\n<ul>\n<li>\n<p><strong>Taux de survie des greffons plus \u00e9lev\u00e9<\/strong> : Les partisans de la DHI sugg\u00e8rent que le stylo implanteur Choi permet de mieux contr\u00f4ler l&rsquo;angle, la direction et la profondeur des follicules implant\u00e9s, ce qui pourrait entra\u00eener un taux de survie plus \u00e9lev\u00e9 des cheveux transplant\u00e9s.<\/p>\n<\/li>\n<li>\n<p><strong>R\u00e9sultats naturels<\/strong> : L&rsquo;implantation \u00e9tant r\u00e9alis\u00e9e avec pr\u00e9cision \u00e0 l&rsquo;aide de l&rsquo;implant Choi, les partisans de la DHI affirment que les r\u00e9sultats peuvent sembler plus naturels.<\/p>\n<\/li>\n<li>\n<p><strong>Une cicatrisation plus rapide <\/strong> : Avec la m\u00e9thode d&rsquo;implantation directe, les partisans sugg\u00e8rent que les temps de cicatrisation peuvent \u00eatre plus rapides qu&rsquo;avec la FUE traditionnelle.<\/p>\n<\/li>\n<\/ul>\n\t\t\t\t\t\t\t\t<\/div>\n\t\t\t\t<\/div>\n\t\t\t\t\t<\/div>\n\t\t\t\t<\/div>\n\t\t\t\t<div class=\"elementor-element elementor-element-a531e5f elementor-widget elementor-widget-text-editor\" data-id=\"a531e5f\" data-element_type=\"widget\" data-widget_type=\"text-editor.default\">\n\t\t\t\t<div class=\"elementor-widget-container\">\n\t\t\t\t\t\t\t\t\t<p>Toutefois, il est essentiel de consulter un chirurgien qualifi\u00e9 et exp\u00e9riment\u00e9, sp\u00e9cialis\u00e9 dans les proc\u00e9dures DHI, afin de garantir le meilleur r\u00e9sultat possible. Se faire traiter par un \u00e9tablissement r\u00e9put\u00e9 qui a d\u00e9j\u00e0 pratiqu\u00e9 avec succ\u00e8s des interventions DHI, comme <strong>l&rsquo;Istanbul Aesthetic Center (IAC),<\/strong> peut apporter une assurance suppl\u00e9mentaire et une certaine tranquillit\u00e9 d&rsquo;esprit.<\/p>\n\t\t\t\t\t\t\t\t<\/div>\n\t\t\t\t<\/div>\n\t\t\t\t\t<\/div>\n\t\t\t\t<\/div>\n\t\t\t\t<\/div>\n\t\t","protected":false},"excerpt":{"rendered":"<p>Transplantation capillaire DHI L&rsquo;implantation directe de cheveux (DHI) est une autre m\u00e9thode de transplantation capillaire similaire \u00e0 la FUE, mais avec quelques diff\u00e9rences notables dans la technique. Dans le cas de la DHI, le processus comprend les \u00e9tapes suivantes L&rsquo;extraction : Comme pour la FUE, des follicules pileux individuels sont extraits de la zone donneuse [&hellip;]<\/p>\n","protected":false},"author":1,"featured_media":0,"parent":16946,"menu_order":0,"comment_status":"closed","ping_status":"closed","template":"","meta":{"_themeisle_gutenberg_block_has_review":false,"footnotes":""},"class_list":["post-16707","page","type-page","status-publish","hentry"],"_links":{"self":[{"href":"https:\/\/www.istanbulaestheticcenter.com\/fr\/wp-json\/wp\/v2\/pages\/16707","targetHints":{"allow":["GET"]}}],"collection":[{"href":"https:\/\/www.istanbulaestheticcenter.com\/fr\/wp-json\/wp\/v2\/pages"}],"about":[{"href":"https:\/\/www.istanbulaestheticcenter.com\/fr\/wp-json\/wp\/v2\/types\/page"}],"author":[{"embeddable":true,"href":"https:\/\/www.istanbulaestheticcenter.com\/fr\/wp-json\/wp\/v2\/users\/1"}],"replies":[{"embeddable":true,"href":"https:\/\/www.istanbulaestheticcenter.com\/fr\/wp-json\/wp\/v2\/comments?post=16707"}],"version-history":[{"count":1,"href":"https:\/\/www.istanbulaestheticcenter.com\/fr\/wp-json\/wp\/v2\/pages\/16707\/revisions"}],"predecessor-version":[{"id":16708,"href":"https:\/\/www.istanbulaestheticcenter.com\/fr\/wp-json\/wp\/v2\/pages\/16707\/revisions\/16708"}],"up":[{"embeddable":true,"href":"https:\/\/www.istanbulaestheticcenter.com\/fr\/wp-json\/wp\/v2\/pages\/16946"}],"wp:attachment":[{"href":"https:\/\/www.istanbulaestheticcenter.com\/fr\/wp-json\/wp\/v2\/media?parent=16707"}],"curies":[{"name":"wp","href":"https:\/\/api.w.org\/{rel}","templated":true}]}}