{"id":16585,"date":"2024-04-20T16:47:17","date_gmt":"2024-04-20T13:47:17","guid":{"rendered":"https:\/\/www.istanbulaestheticcenter.com\/la-parodontologie\/"},"modified":"2024-07-09T14:44:44","modified_gmt":"2024-07-09T11:44:44","slug":"la-parodontologie","status":"publish","type":"page","link":"https:\/\/www.istanbulaestheticcenter.com\/fr\/odontologie\/la-parodontologie\/","title":{"rendered":"La parodontologie"},"content":{"rendered":"\t\t<div data-elementor-type=\"wp-page\" data-elementor-id=\"16585\" class=\"elementor elementor-16585 elementor-13373\">\n\t\t\t\t<div class=\"elementor-element elementor-element-967bf71 e-flex e-con-boxed e-con e-parent\" data-id=\"967bf71\" data-element_type=\"container\">\n\t\t\t\t\t<div class=\"e-con-inner\">\n\t\t\t\t<div class=\"elementor-element elementor-element-c0eb4fb elementor-widget elementor-widget-image\" data-id=\"c0eb4fb\" data-element_type=\"widget\" data-widget_type=\"image.default\">\n\t\t\t\t<div class=\"elementor-widget-container\">\n\t\t\t\t\t\t\t\t\t\t\t\t\t\t\t<img fetchpriority=\"high\" decoding=\"async\" width=\"1024\" height=\"525\" src=\"https:\/\/www.istanbulaestheticcenter.com\/wp-content\/uploads\/2024\/04\/peridontolgy-1024x525.jpg\" class=\"attachment-large size-large wp-image-16229\" alt=\"\" srcset=\"https:\/\/www.istanbulaestheticcenter.com\/wp-content\/uploads\/2024\/04\/peridontolgy-1024x525.jpg 1024w, https:\/\/www.istanbulaestheticcenter.com\/wp-content\/uploads\/2024\/04\/peridontolgy-300x154.jpg 300w, https:\/\/www.istanbulaestheticcenter.com\/wp-content\/uploads\/2024\/04\/peridontolgy-768x394.jpg 768w, https:\/\/www.istanbulaestheticcenter.com\/wp-content\/uploads\/2024\/04\/peridontolgy-1000x513.jpg 1000w, https:\/\/www.istanbulaestheticcenter.com\/wp-content\/uploads\/2024\/04\/peridontolgy-1110x570.jpg 1110w, https:\/\/www.istanbulaestheticcenter.com\/wp-content\/uploads\/2024\/04\/peridontolgy.jpg 1120w\" sizes=\"(max-width: 1024px) 100vw, 1024px\" \/>\t\t\t\t\t\t\t\t\t\t\t\t\t\t\t<\/div>\n\t\t\t\t<\/div>\n\t\t\t\t\t<\/div>\n\t\t\t\t<\/div>\n\t\t<div class=\"elementor-element elementor-element-ecb523b e-flex e-con-boxed e-con e-parent\" data-id=\"ecb523b\" data-element_type=\"container\">\n\t\t\t\t\t<div class=\"e-con-inner\">\n\t\t\t\t<div class=\"elementor-element elementor-element-906f2b5 elementor-widget elementor-widget-heading\" data-id=\"906f2b5\" data-element_type=\"widget\" data-widget_type=\"heading.default\">\n\t\t\t\t<div class=\"elementor-widget-container\">\n\t\t\t\t\t<h2 class=\"elementor-heading-title elementor-size-default\">Qu'est-ce que la parodontologie ?<\/h2>\t\t\t\t<\/div>\n\t\t\t\t<\/div>\n\t\t\t\t\t<\/div>\n\t\t\t\t<\/div>\n\t\t<div class=\"elementor-element elementor-element-55135e2 e-flex e-con-boxed e-con e-parent\" data-id=\"55135e2\" data-element_type=\"container\">\n\t\t\t\t\t<div class=\"e-con-inner\">\n\t\t\t\t<div class=\"elementor-element elementor-element-e399f40 elementor-widget elementor-widget-text-editor\" data-id=\"e399f40\" data-element_type=\"widget\" data-widget_type=\"text-editor.default\">\n\t\t\t\t<div class=\"elementor-widget-container\">\n\t\t\t\t\t\t\t\t\t<p>La parodontologie, \u00e9galement connue sous le nom de parodontie, est un domaine sp\u00e9cialis\u00e9 de la dentisterie qui se concentre sur la pr\u00e9vention, le diagnostic et le traitement des maladies et des conditions qui affectent les structures de soutien des dents, y compris les gencives, le ligament parodontal, le c\u00e9ment et l&rsquo;os alv\u00e9olaire. Les parodontistes sont des sp\u00e9cialistes dentaires qui re\u00e7oivent une formation avanc\u00e9e dans la gestion de ces structures et sont sp\u00e9cialis\u00e9s dans le traitement de pathologies telles que la gingivite, la parodontite et d&rsquo;autres formes de maladies des gencives.<\/p>\n\t\t\t\t\t\t\t\t<\/div>\n\t\t\t\t<\/div>\n\t\t\t\t\t<\/div>\n\t\t\t\t<\/div>\n\t\t<div class=\"elementor-element elementor-element-a0d8734 e-flex e-con-boxed e-con e-parent\" data-id=\"a0d8734\" data-element_type=\"container\">\n\t\t\t\t\t<div class=\"e-con-inner\">\n\t\t<div class=\"elementor-element elementor-element-6b3f929 e-con-full e-flex e-con e-child\" data-id=\"6b3f929\" data-element_type=\"container\">\n\t\t\t\t<div class=\"elementor-element elementor-element-fb4a948 elementor-widget elementor-widget-text-editor\" data-id=\"fb4a948\" data-element_type=\"widget\" data-widget_type=\"text-editor.default\">\n\t\t\t\t<div class=\"elementor-widget-container\">\n\t\t\t\t\t\t\t\t\t<p>Voici un aper\u00e7u des principaux aspects de la parodontologie :<\/p>\n<ol>\n<li>\n<p><strong>Pr\u00e9vention et entretien des maladies des gencives<\/strong> : L&rsquo;un des principaux objectifs de la parodontologie est de pr\u00e9venir les maladies des gencives et de maintenir une sant\u00e9 gingivale optimale. Il s&rsquo;agit d&rsquo;enseigner aux patients les bonnes pratiques d&rsquo;hygi\u00e8ne bucco-dentaire, notamment le brossage des dents, l&rsquo;utilisation du fil dentaire et des examens dentaires r\u00e9guliers, afin de pr\u00e9venir l&rsquo;accumulation de plaque et de tartre qui peut entra\u00eener une inflammation et une infection des gencives.<\/p>\n<\/li>\n<li>\n<p><strong>Diagnostic et traitement des maladies des gencives :<\/strong> Les parodontistes sont form\u00e9s pour diagnostiquer et traiter les diff\u00e9rents stades des maladies gingivales, de la gingivite l\u00e9g\u00e8re (inflammation des gencives) \u00e0 la parodontite plus avanc\u00e9e (inflammation et infection des structures de soutien des dents). Les options de traitement peuvent inclure des nettoyages dentaires professionnels, un d\u00e9tartrage et un surfa\u00e7age radiculaire (nettoyage en profondeur des surfaces des racines), une chirurgie des gencives et des th\u00e9rapies d&rsquo;appoint telles que des antibiotiques ou des bains de bouche antimicrobiens.<\/p>\n<\/li>\n<li>\n<p><strong>Chirurgie parodontale <\/strong> : Lorsque les traitements non chirurgicaux ne sont pas efficaces ou lorsque la maladie gingivale a caus\u00e9 des dommages importants aux tissus de soutien des dents, une chirurgie parodontale peut \u00eatre n\u00e9cessaire pour restaurer la sant\u00e9 et la fonction des gencives. Les proc\u00e9dures chirurgicales pratiqu\u00e9es par les parodontistes peuvent inclure la greffe de gencive (pour augmenter ou r\u00e9g\u00e9n\u00e9rer le tissu gingival), la greffe osseuse (pour remplacer le tissu osseux perdu) et la r\u00e9g\u00e9n\u00e9ration tissulaire guid\u00e9e (pour promouvoir la r\u00e9g\u00e9n\u00e9ration des tissus parodontaux endommag\u00e9s).<\/p>\n<\/li>\n<li>\n<p><strong>Pose et entretien d&rsquo;implants dentaires <\/strong> : Les parodontistes sont \u00e9galement form\u00e9s \u00e0 la pose et \u00e0 l&rsquo;entretien des implants dentaires, qui sont des racines dentaires artificielles utilis\u00e9es pour soutenir des dents de remplacement ou des proth\u00e8ses dentaires. Il peut s&rsquo;agir d&rsquo;\u00e9valuer la sant\u00e9 et la qualit\u00e9 du tissu osseux, d&rsquo;effectuer des proc\u00e9dures d&rsquo;augmentation osseuse si n\u00e9cessaire et de placer les implants dans la position optimale pour assurer une stabilit\u00e9 et une fonction \u00e0 long terme.<\/p>\n<\/li>\n<li>\n<p><strong>Proc\u00e9dures parodontales esth\u00e9tiques :<\/strong> Outre le traitement des maladies des gencives et le r\u00e9tablissement de la sant\u00e9 bucco-dentaire, les parodontistes peuvent \u00e9galement pratiquer des interventions parodontales esth\u00e9tiques pour am\u00e9liorer l&rsquo;apparence des gencives et du sourire. Il peut s&rsquo;agir de proc\u00e9dures telles que le contour des gencives (remodelage du sillon gingival pour une apparence plus uniforme et sym\u00e9trique) et l&rsquo;allongement de la couronne (exposition d&rsquo;une plus grande partie de la structure dentaire naturelle pour am\u00e9liorer les proportions du sourire).<\/p>\n<\/li>\n<\/ol>\n\t\t\t\t\t\t\t\t<\/div>\n\t\t\t\t<\/div>\n\t\t\t\t<\/div>\n\t\t<div class=\"elementor-element elementor-element-21d23dd e-con-full e-flex e-con e-child\" data-id=\"21d23dd\" data-element_type=\"container\">\n\t\t\t\t<div class=\"elementor-element elementor-element-689b5e4 elementor-widget elementor-widget-text-editor\" data-id=\"689b5e4\" data-element_type=\"widget\" data-widget_type=\"text-editor.default\">\n\t\t\t\t<div class=\"elementor-widget-container\">\n\t\t\t\t\t\t\t\t\t<p>Dans l&rsquo;ensemble, la parodontologie joue un r\u00f4le crucial dans le maintien de la sant\u00e9 et de la fonction des gencives et des structures de soutien des dents. En traitant les maladies des gencives et autres affections parodontales de mani\u00e8re opportune et efficace, les parodontistes aident les patients \u00e0 atteindre une sant\u00e9 bucco-dentaire optimale et \u00e0 pr\u00e9server leurs dents naturelles tout au long de leur vie. Il est essentiel de pr\u00e9voir des contr\u00f4les et des nettoyages dentaires r\u00e9guliers avec un parodontiste qualifi\u00e9 ou un dentiste g\u00e9n\u00e9raliste afin de pr\u00e9venir et de d\u00e9tecter les maladies des gencives \u00e0 un stade pr\u00e9coce et de recevoir un traitement appropri\u00e9 le cas \u00e9ch\u00e9ant. Des cliniques dentaires r\u00e9put\u00e9es comme l&rsquo;Istanbul Aesthetic Center (IAC) proposent des services parodontaux complets, offrant aux patients des soins experts et un traitement personnalis\u00e9 pour obtenir et conserver des gencives saines et un beau sourire.<\/p>\n\t\t\t\t\t\t\t\t<\/div>\n\t\t\t\t<\/div>\n\t\t\t\t<\/div>\n\t\t\t\t\t<\/div>\n\t\t\t\t<\/div>\n\t\t\t\t<\/div>\n\t\t","protected":false},"excerpt":{"rendered":"<p>Qu&rsquo;est-ce que la parodontologie ? La parodontologie, \u00e9galement connue sous le nom de parodontie, est un domaine sp\u00e9cialis\u00e9 de la dentisterie qui se concentre sur la pr\u00e9vention, le diagnostic et le traitement des maladies et des conditions qui affectent les structures de soutien des dents, y compris les gencives, le ligament parodontal, le c\u00e9ment et [&hellip;]<\/p>\n","protected":false},"author":1,"featured_media":0,"parent":17027,"menu_order":0,"comment_status":"closed","ping_status":"closed","template":"","meta":{"_themeisle_gutenberg_block_has_review":false,"footnotes":""},"class_list":["post-16585","page","type-page","status-publish","hentry"],"_links":{"self":[{"href":"https:\/\/www.istanbulaestheticcenter.com\/fr\/wp-json\/wp\/v2\/pages\/16585","targetHints":{"allow":["GET"]}}],"collection":[{"href":"https:\/\/www.istanbulaestheticcenter.com\/fr\/wp-json\/wp\/v2\/pages"}],"about":[{"href":"https:\/\/www.istanbulaestheticcenter.com\/fr\/wp-json\/wp\/v2\/types\/page"}],"author":[{"embeddable":true,"href":"https:\/\/www.istanbulaestheticcenter.com\/fr\/wp-json\/wp\/v2\/users\/1"}],"replies":[{"embeddable":true,"href":"https:\/\/www.istanbulaestheticcenter.com\/fr\/wp-json\/wp\/v2\/comments?post=16585"}],"version-history":[{"count":1,"href":"https:\/\/www.istanbulaestheticcenter.com\/fr\/wp-json\/wp\/v2\/pages\/16585\/revisions"}],"predecessor-version":[{"id":16586,"href":"https:\/\/www.istanbulaestheticcenter.com\/fr\/wp-json\/wp\/v2\/pages\/16585\/revisions\/16586"}],"up":[{"embeddable":true,"href":"https:\/\/www.istanbulaestheticcenter.com\/fr\/wp-json\/wp\/v2\/pages\/17027"}],"wp:attachment":[{"href":"https:\/\/www.istanbulaestheticcenter.com\/fr\/wp-json\/wp\/v2\/media?parent=16585"}],"curies":[{"name":"wp","href":"https:\/\/api.w.org\/{rel}","templated":true}]}}