{"id":16531,"date":"2024-04-20T16:44:15","date_gmt":"2024-04-20T13:44:15","guid":{"rendered":"https:\/\/www.istanbulaestheticcenter.com\/blanchiment-des-dents-bleaching\/"},"modified":"2024-07-09T14:44:44","modified_gmt":"2024-07-09T11:44:44","slug":"blanchiment-des-dents-bleaching","status":"publish","type":"page","link":"https:\/\/www.istanbulaestheticcenter.com\/fr\/odontologie\/blanchiment-des-dents-bleaching\/","title":{"rendered":"Blanchiment des dents (Bleaching)"},"content":{"rendered":"\t\t<div data-elementor-type=\"wp-page\" data-elementor-id=\"16531\" class=\"elementor elementor-16531 elementor-13351\">\n\t\t\t\t<div class=\"elementor-element elementor-element-f008ca5 e-flex e-con-boxed e-con e-parent\" data-id=\"f008ca5\" data-element_type=\"container\">\n\t\t\t\t\t<div class=\"e-con-inner\">\n\t\t\t\t<div class=\"elementor-element elementor-element-c2e4b0f elementor-widget elementor-widget-image\" data-id=\"c2e4b0f\" data-element_type=\"widget\" data-widget_type=\"image.default\">\n\t\t\t\t<div class=\"elementor-widget-container\">\n\t\t\t\t\t\t\t\t\t\t\t\t\t\t\t<img fetchpriority=\"high\" decoding=\"async\" width=\"1024\" height=\"525\" src=\"https:\/\/www.istanbulaestheticcenter.com\/wp-content\/uploads\/2024\/04\/laminate-veneer-1024x525.jpg\" class=\"attachment-large size-large wp-image-16075\" alt=\"\" srcset=\"https:\/\/www.istanbulaestheticcenter.com\/wp-content\/uploads\/2024\/04\/laminate-veneer-1024x525.jpg 1024w, https:\/\/www.istanbulaestheticcenter.com\/wp-content\/uploads\/2024\/04\/laminate-veneer-300x154.jpg 300w, https:\/\/www.istanbulaestheticcenter.com\/wp-content\/uploads\/2024\/04\/laminate-veneer-768x394.jpg 768w, https:\/\/www.istanbulaestheticcenter.com\/wp-content\/uploads\/2024\/04\/laminate-veneer-1000x513.jpg 1000w, https:\/\/www.istanbulaestheticcenter.com\/wp-content\/uploads\/2024\/04\/laminate-veneer-1110x570.jpg 1110w, https:\/\/www.istanbulaestheticcenter.com\/wp-content\/uploads\/2024\/04\/laminate-veneer.jpg 1120w\" sizes=\"(max-width: 1024px) 100vw, 1024px\" \/>\t\t\t\t\t\t\t\t\t\t\t\t\t\t\t<\/div>\n\t\t\t\t<\/div>\n\t\t\t\t\t<\/div>\n\t\t\t\t<\/div>\n\t\t<div class=\"elementor-element elementor-element-81d0620 e-flex e-con-boxed e-con e-parent\" data-id=\"81d0620\" data-element_type=\"container\">\n\t\t\t\t\t<div class=\"e-con-inner\">\n\t\t\t\t<div class=\"elementor-element elementor-element-c19a15b elementor-widget elementor-widget-text-editor\" data-id=\"c19a15b\" data-element_type=\"widget\" data-widget_type=\"text-editor.default\">\n\t\t\t\t<div class=\"elementor-widget-container\">\n\t\t\t\t\t\t\t\t\t<p>Le blanchiment des dents, \u00e9galement connu sous le nom de blanchiment dentaire, est une proc\u00e9dure dentaire cosm\u00e9tique visant \u00e0 \u00e9claircir la couleur des dents et \u00e0 \u00e9liminer les taches ou les d\u00e9colorations. Il s&rsquo;agit d&rsquo;une option de traitement populaire pour les personnes qui souhaitent un sourire plus lumineux et plus \u00e9clatant.<\/p>\n\t\t\t\t\t\t\t\t<\/div>\n\t\t\t\t<\/div>\n\t\t\t\t\t<\/div>\n\t\t\t\t<\/div>\n\t\t<div class=\"elementor-element elementor-element-80202e1 e-flex e-con-boxed e-con e-parent\" data-id=\"80202e1\" data-element_type=\"container\">\n\t\t\t\t\t<div class=\"e-con-inner\">\n\t\t<div class=\"elementor-element elementor-element-ba312ff e-con-full e-flex e-con e-child\" data-id=\"ba312ff\" data-element_type=\"container\">\n\t\t\t\t<div class=\"elementor-element elementor-element-2461a6f elementor-widget elementor-widget-text-editor\" data-id=\"2461a6f\" data-element_type=\"widget\" data-widget_type=\"text-editor.default\">\n\t\t\t\t<div class=\"elementor-widget-container\">\n\t\t\t\t\t\t\t\t\t<p>Le blanchiment des dents, \u00e9galement connu sous le nom de blanchiment dentaire, est une proc\u00e9dure dentaire cosm\u00e9tique visant \u00e0 \u00e9claircir la couleur des dents et \u00e0 \u00e9liminer les taches ou les d\u00e9colorations. Il s&rsquo;agit d&rsquo;une option de traitement populaire pour les personnes qui souhaitent un sourire plus lumineux et plus \u00e9clatant.<\/p>\n<p>Voici un aper\u00e7u de la mani\u00e8re dont le blanchiment des dents est g\u00e9n\u00e9ralement effectu\u00e9 :<\/p>\n<ol>\n<li>\n<p><strong>Consultation <\/strong> : Avant la proc\u00e9dure, le patient aura une consultation avec un dentiste pour discuter de ses objectifs, de ses attentes et de son aptitude au blanchiment des dents. Le dentiste examinera les dents du patient, \u00e9valuera l&rsquo;\u00e9tendue de la d\u00e9coloration ou des taches et recommandera le traitement de blanchiment le plus appropri\u00e9 en fonction des besoins individuels.<\/p>\n<\/li>\n<li>\n<p><strong>Options de traitement<\/strong> : Il existe plusieurs options de blanchiment des dents, notamment<\/p>\n<ul>\n<li>\n<p><strong>Blanchiment en cabinet <\/strong> : Le blanchiment des dents en cabinet implique l&rsquo;application d&rsquo;un gel de blanchiment \u00e0 haute concentration sur les dents, qui est activ\u00e9 par une lumi\u00e8re sp\u00e9ciale ou un laser. Cela permet d&rsquo;obtenir des r\u00e9sultats plus rapides et plus spectaculaires, l&rsquo;ensemble de la proc\u00e9dure se d\u00e9roulant g\u00e9n\u00e9ralement en une seule visite chez le dentiste.<\/p>\n<\/li>\n<li>\n<p><strong>Kits de blanchiment \u00e0 emporter<\/strong> : Les kits de blanchiment \u00e0 emporter se composent de goutti\u00e8res sur mesure et d&rsquo;un gel de blanchiment professionnel fourni par le dentiste. Les patients doivent porter les goutti\u00e8res remplies de gel blanchissant pendant une dur\u00e9e d\u00e9termin\u00e9e chaque jour, g\u00e9n\u00e9ralement pendant quelques heures ou toute la nuit, pendant plusieurs semaines.<\/p>\n<\/li>\n<li>\n<p><strong>Produits en vente libre<\/strong> : Il existe \u00e9galement des produits de blanchiment des dents en vente libre, tels que des dentifrices, des bandes et des gels blanchissants, qui peuvent \u00eatre utilis\u00e9s \u00e0 la maison. Toutefois, ces produits contiennent g\u00e9n\u00e9ralement des concentrations plus faibles d&rsquo;agents de blanchiment et peuvent produire des r\u00e9sultats moins visibles que les traitements de blanchiment professionnels.<\/p>\n<\/li>\n<\/ul>\n<\/li>\n<li>\n<p><strong>Proc\u00e9dure <\/strong> : Pour un blanchiment en cabinet, le dentiste prot\u00e8ge d&rsquo;abord les gencives et les tissus mous \u00e0 l&rsquo;aide d&rsquo;une barri\u00e8re protectrice ou d&rsquo;une digue dentaire afin d&rsquo;\u00e9viter toute irritation due au gel de blanchiment. Le gel de blanchiment est ensuite appliqu\u00e9 sur les dents et laiss\u00e9 en place pendant une dur\u00e9e d\u00e9termin\u00e9e, au cours de laquelle le gel d\u00e9compose les taches et \u00e9claircit la couleur des dents. Certains traitements de blanchiment peuvent \u00e9galement impliquer l&rsquo;utilisation d&rsquo;une lumi\u00e8re sp\u00e9ciale ou d&rsquo;un laser pour renforcer le processus de blanchiment.<\/p>\n<\/li>\n<li>\n<p><strong>R\u00e9sultats <\/strong> : Les r\u00e9sultats du blanchiment des dents sont g\u00e9n\u00e9ralement imm\u00e9diats, avec des am\u00e9liorations notables de l&rsquo;\u00e9clat et de la blancheur des dents. Toutefois, les r\u00e9sultats finaux peuvent varier en fonction de facteurs tels que la gravit\u00e9 de la d\u00e9coloration, le type de traitement de blanchiment utilis\u00e9 et des facteurs individuels tels que la g\u00e9n\u00e9tique et les habitudes de vie.<\/p>\n<\/li>\n<li>\n<p><strong>Entretien <\/strong> : Pour conserver les r\u00e9sultats du blanchiment des dents, il est conseill\u00e9 aux patients de pratiquer une bonne hygi\u00e8ne bucco-dentaire, d&rsquo;\u00e9viter les aliments et les boissons qui peuvent tacher les dents (comme le caf\u00e9, le th\u00e9 et le vin rouge) et de se rendre r\u00e9guli\u00e8rement \u00e0 des examens dentaires et \u00e0 des nettoyages. Des traitements de retouche peuvent \u00e9galement \u00eatre recommand\u00e9s p\u00e9riodiquement pour maintenir le niveau de blancheur souhait\u00e9.<\/p>\n<\/li>\n<\/ol>\n\t\t\t\t\t\t\t\t<\/div>\n\t\t\t\t<\/div>\n\t\t\t\t<\/div>\n\t\t<div class=\"elementor-element elementor-element-e58bdbb e-con-full e-flex e-con e-child\" data-id=\"e58bdbb\" data-element_type=\"container\">\n\t\t\t\t<div class=\"elementor-element elementor-element-6bea192 elementor-widget elementor-widget-image\" data-id=\"6bea192\" data-element_type=\"widget\" data-widget_type=\"image.default\">\n\t\t\t\t<div class=\"elementor-widget-container\">\n\t\t\t\t\t\t\t\t\t\t\t\t\t\t\t<img decoding=\"async\" width=\"1024\" height=\"1024\" src=\"https:\/\/www.istanbulaestheticcenter.com\/wp-content\/uploads\/2024\/04\/tooth-whitening.jpg\" class=\"attachment-large size-large wp-image-16173\" alt=\"\" srcset=\"https:\/\/www.istanbulaestheticcenter.com\/wp-content\/uploads\/2024\/04\/tooth-whitening.jpg 1024w, https:\/\/www.istanbulaestheticcenter.com\/wp-content\/uploads\/2024\/04\/tooth-whitening-300x300.jpg 300w, https:\/\/www.istanbulaestheticcenter.com\/wp-content\/uploads\/2024\/04\/tooth-whitening-150x150.jpg 150w, https:\/\/www.istanbulaestheticcenter.com\/wp-content\/uploads\/2024\/04\/tooth-whitening-768x768.jpg 768w, https:\/\/www.istanbulaestheticcenter.com\/wp-content\/uploads\/2024\/04\/tooth-whitening-720x720.jpg 720w\" sizes=\"(max-width: 1024px) 100vw, 1024px\" \/>\t\t\t\t\t\t\t\t\t\t\t\t\t\t\t<\/div>\n\t\t\t\t<\/div>\n\t\t\t\t<div class=\"elementor-element elementor-element-8b62389 elementor-widget elementor-widget-text-editor\" data-id=\"8b62389\" data-element_type=\"widget\" data-widget_type=\"text-editor.default\">\n\t\t\t\t<div class=\"elementor-widget-container\">\n\t\t\t\t\t\t\t\t\t<p>Le blanchiment des dents est un moyen s\u00fbr et efficace d&rsquo;am\u00e9liorer l&rsquo;apparence du sourire et de renforcer la confiance en soi. Toutefois, il est essentiel de le faire sous la supervision d&rsquo;un dentiste qualifi\u00e9 afin d&rsquo;obtenir les meilleurs r\u00e9sultats possibles et de minimiser le risque d&rsquo;effets secondaires tels que la sensibilit\u00e9 des dents ou l&rsquo;irritation des gencives. Des cliniques dentaires r\u00e9put\u00e9es comme l&rsquo;Istanbul Aesthetic Center (IAC) proposent des traitements professionnels de blanchiment des dents adapt\u00e9s aux besoins de chaque patient, offrant ainsi des solutions s\u00fbres et efficaces pour obtenir un sourire plus \u00e9clatant et plus beau.<\/p>\n\t\t\t\t\t\t\t\t<\/div>\n\t\t\t\t<\/div>\n\t\t\t\t<div class=\"elementor-element elementor-element-eece500 elementor-widget elementor-widget-image\" data-id=\"eece500\" data-element_type=\"widget\" data-widget_type=\"image.default\">\n\t\t\t\t<div class=\"elementor-widget-container\">\n\t\t\t\t\t\t\t\t\t\t\t\t\t\t\t<img decoding=\"async\" width=\"1024\" height=\"1024\" src=\"https:\/\/www.istanbulaestheticcenter.com\/wp-content\/uploads\/2024\/04\/WhatsApp-Image-2018-07-03-at-4.14.20-PM-1024x1024.jpeg\" class=\"attachment-large size-large wp-image-16061\" alt=\"\" srcset=\"https:\/\/www.istanbulaestheticcenter.com\/wp-content\/uploads\/2024\/04\/WhatsApp-Image-2018-07-03-at-4.14.20-PM-1024x1024.jpeg 1024w, https:\/\/www.istanbulaestheticcenter.com\/wp-content\/uploads\/2024\/04\/WhatsApp-Image-2018-07-03-at-4.14.20-PM-300x300.jpeg 300w, https:\/\/www.istanbulaestheticcenter.com\/wp-content\/uploads\/2024\/04\/WhatsApp-Image-2018-07-03-at-4.14.20-PM-150x150.jpeg 150w, https:\/\/www.istanbulaestheticcenter.com\/wp-content\/uploads\/2024\/04\/WhatsApp-Image-2018-07-03-at-4.14.20-PM-768x768.jpeg 768w, https:\/\/www.istanbulaestheticcenter.com\/wp-content\/uploads\/2024\/04\/WhatsApp-Image-2018-07-03-at-4.14.20-PM-720x720.jpeg 720w, https:\/\/www.istanbulaestheticcenter.com\/wp-content\/uploads\/2024\/04\/WhatsApp-Image-2018-07-03-at-4.14.20-PM.jpeg 1280w\" sizes=\"(max-width: 1024px) 100vw, 1024px\" \/>\t\t\t\t\t\t\t\t\t\t\t\t\t\t\t<\/div>\n\t\t\t\t<\/div>\n\t\t\t\t<\/div>\n\t\t\t\t\t<\/div>\n\t\t\t\t<\/div>\n\t\t\t\t<\/div>\n\t\t","protected":false},"excerpt":{"rendered":"<p>Le blanchiment des dents, \u00e9galement connu sous le nom de blanchiment dentaire, est une proc\u00e9dure dentaire cosm\u00e9tique visant \u00e0 \u00e9claircir la couleur des dents et \u00e0 \u00e9liminer les taches ou les d\u00e9colorations. Il s&rsquo;agit d&rsquo;une option de traitement populaire pour les personnes qui souhaitent un sourire plus lumineux et plus \u00e9clatant. Le blanchiment des dents, [&hellip;]<\/p>\n","protected":false},"author":1,"featured_media":0,"parent":17027,"menu_order":0,"comment_status":"closed","ping_status":"closed","template":"","meta":{"_themeisle_gutenberg_block_has_review":false,"footnotes":""},"class_list":["post-16531","page","type-page","status-publish","hentry"],"_links":{"self":[{"href":"https:\/\/www.istanbulaestheticcenter.com\/fr\/wp-json\/wp\/v2\/pages\/16531","targetHints":{"allow":["GET"]}}],"collection":[{"href":"https:\/\/www.istanbulaestheticcenter.com\/fr\/wp-json\/wp\/v2\/pages"}],"about":[{"href":"https:\/\/www.istanbulaestheticcenter.com\/fr\/wp-json\/wp\/v2\/types\/page"}],"author":[{"embeddable":true,"href":"https:\/\/www.istanbulaestheticcenter.com\/fr\/wp-json\/wp\/v2\/users\/1"}],"replies":[{"embeddable":true,"href":"https:\/\/www.istanbulaestheticcenter.com\/fr\/wp-json\/wp\/v2\/comments?post=16531"}],"version-history":[{"count":1,"href":"https:\/\/www.istanbulaestheticcenter.com\/fr\/wp-json\/wp\/v2\/pages\/16531\/revisions"}],"predecessor-version":[{"id":16532,"href":"https:\/\/www.istanbulaestheticcenter.com\/fr\/wp-json\/wp\/v2\/pages\/16531\/revisions\/16532"}],"up":[{"embeddable":true,"href":"https:\/\/www.istanbulaestheticcenter.com\/fr\/wp-json\/wp\/v2\/pages\/17027"}],"wp:attachment":[{"href":"https:\/\/www.istanbulaestheticcenter.com\/fr\/wp-json\/wp\/v2\/media?parent=16531"}],"curies":[{"name":"wp","href":"https:\/\/api.w.org\/{rel}","templated":true}]}}