{"id":16281,"date":"2024-04-20T18:49:46","date_gmt":"2024-04-20T15:49:46","guid":{"rendered":"https:\/\/www.istanbulaestheticcenter.com\/transplantation-de-sourcils\/"},"modified":"2024-04-29T21:57:17","modified_gmt":"2024-04-29T18:57:17","slug":"transplantation-de-sourcils","status":"publish","type":"page","link":"https:\/\/www.istanbulaestheticcenter.com\/fr\/greffe-de-cheveux\/transplantation-de-sourcils\/","title":{"rendered":"Transplantation de sourcils"},"content":{"rendered":"\t\t<div data-elementor-type=\"wp-page\" data-elementor-id=\"16281\" class=\"elementor elementor-16281 elementor-13544\">\n\t\t\t\t<div class=\"elementor-element elementor-element-fe95cfc e-flex e-con-boxed e-con e-parent\" data-id=\"fe95cfc\" data-element_type=\"container\">\n\t\t\t\t\t<div class=\"e-con-inner\">\n\t\t\t\t<div class=\"elementor-element elementor-element-d1094a1 elementor-widget elementor-widget-image\" data-id=\"d1094a1\" data-element_type=\"widget\" data-widget_type=\"image.default\">\n\t\t\t\t<div class=\"elementor-widget-container\">\n\t\t\t\t\t\t\t\t\t\t\t\t\t\t\t<img fetchpriority=\"high\" decoding=\"async\" width=\"1024\" height=\"525\" src=\"https:\/\/www.istanbulaestheticcenter.com\/wp-content\/uploads\/2024\/04\/eyeborrow-1024x525.jpg\" class=\"attachment-large size-large wp-image-16131\" alt=\"\" srcset=\"https:\/\/www.istanbulaestheticcenter.com\/wp-content\/uploads\/2024\/04\/eyeborrow-1024x525.jpg 1024w, https:\/\/www.istanbulaestheticcenter.com\/wp-content\/uploads\/2024\/04\/eyeborrow-300x154.jpg 300w, https:\/\/www.istanbulaestheticcenter.com\/wp-content\/uploads\/2024\/04\/eyeborrow-768x394.jpg 768w, https:\/\/www.istanbulaestheticcenter.com\/wp-content\/uploads\/2024\/04\/eyeborrow-1000x513.jpg 1000w, https:\/\/www.istanbulaestheticcenter.com\/wp-content\/uploads\/2024\/04\/eyeborrow-1110x570.jpg 1110w, https:\/\/www.istanbulaestheticcenter.com\/wp-content\/uploads\/2024\/04\/eyeborrow.jpg 1120w\" sizes=\"(max-width: 1024px) 100vw, 1024px\" \/>\t\t\t\t\t\t\t\t\t\t\t\t\t\t\t<\/div>\n\t\t\t\t<\/div>\n\t\t\t\t\t<\/div>\n\t\t\t\t<\/div>\n\t\t<div class=\"elementor-element elementor-element-cbc25af e-flex e-con-boxed e-con e-parent\" data-id=\"cbc25af\" data-element_type=\"container\">\n\t\t\t\t\t<div class=\"e-con-inner\">\n\t\t<div class=\"elementor-element elementor-element-ecadbfc e-flex e-con-boxed e-con e-child\" data-id=\"ecadbfc\" data-element_type=\"container\">\n\t\t\t\t\t<div class=\"e-con-inner\">\n\t\t\t\t<div class=\"elementor-element elementor-element-cdabcd8 elementor-widget elementor-widget-heading\" data-id=\"cdabcd8\" data-element_type=\"widget\" data-widget_type=\"heading.default\">\n\t\t\t\t<div class=\"elementor-widget-container\">\n\t\t\t\t\t<h2 class=\"elementor-heading-title elementor-size-default\">Transplantation de sourcils<\/h2>\t\t\t\t<\/div>\n\t\t\t\t<\/div>\n\t\t\t\t\t<\/div>\n\t\t\t\t<\/div>\n\t\t\t\t\t<\/div>\n\t\t\t\t<\/div>\n\t\t<div class=\"elementor-element elementor-element-02db0e2 e-flex e-con-boxed e-con e-parent\" data-id=\"02db0e2\" data-element_type=\"container\">\n\t\t\t\t\t<div class=\"e-con-inner\">\n\t\t\t\t<div class=\"elementor-element elementor-element-4b6ee33 elementor-widget elementor-widget-text-editor\" data-id=\"4b6ee33\" data-element_type=\"widget\" data-widget_type=\"text-editor.default\">\n\t\t\t\t<div class=\"elementor-widget-container\">\n\t\t\t\t\t\t\t\t\t<p>La greffe de sourcils est une intervention de chirurgie esth\u00e9tique destin\u00e9e \u00e0 restaurer ou \u00e0 am\u00e9liorer l&rsquo;apparence des sourcils en transplantant dans les sourcils des follicules pileux provenant d&rsquo;autres parties du corps. Cette proc\u00e9dure est g\u00e9n\u00e9ralement demand\u00e9e par les personnes dont les sourcils sont clairsem\u00e9s ou amincis en raison de facteurs g\u00e9n\u00e9tiques, d&rsquo;un \u00e9pilation excessive, d&rsquo;un traumatisme, d&rsquo;une maladie ou du vieillissement.<\/p>\n\t\t\t\t\t\t\t\t<\/div>\n\t\t\t\t<\/div>\n\t\t\t\t\t<\/div>\n\t\t\t\t<\/div>\n\t\t<div class=\"elementor-element elementor-element-a93cd01 e-grid e-con-boxed e-con e-parent\" data-id=\"a93cd01\" data-element_type=\"container\">\n\t\t\t\t\t<div class=\"e-con-inner\">\n\t\t\t\t<div class=\"elementor-element elementor-element-2734692 elementor-widget elementor-widget-text-editor\" data-id=\"2734692\" data-element_type=\"widget\" data-widget_type=\"text-editor.default\">\n\t\t\t\t<div class=\"elementor-widget-container\">\n\t\t\t\t\t\t\t\t\t<p>Voici un aper\u00e7u de la mani\u00e8re dont la greffe de sourcils est g\u00e9n\u00e9ralement r\u00e9alis\u00e9e :<\/p>\n<ol>\n<li>\n<p><strong>Consultation<\/strong> : Avant l&rsquo;intervention, le patient aura une consultation avec un chirurgien qualifi\u00e9 pour discuter de ses objectifs, de ses attentes et de ses ant\u00e9c\u00e9dents m\u00e9dicaux. Le chirurgien \u00e9valuera l&rsquo;anatomie des sourcils du patient, le type de perte de cheveux et le r\u00e9sultat souhait\u00e9 afin de d\u00e9terminer si le patient est un bon candidat pour une greffe de sourcils.<\/p>\n<\/li>\n<li>\n<p><strong>Pr\u00e9l\u00e8vement des cheveux du donneur <\/strong> : Les follicules pileux destin\u00e9s \u00e0 la greffe de sourcils sont g\u00e9n\u00e9ralement pr\u00e9lev\u00e9s \u00e0 l&rsquo;arri\u00e8re du cuir chevelu, qui est le site donneur le plus courant en raison de la similitude de la texture et de la qualit\u00e9 des cheveux des sourcils. Dans certains cas, les cheveux peuvent \u00e9galement \u00eatre pr\u00e9lev\u00e9s sur d&rsquo;autres parties du corps, comme les jambes ou les bras.<\/p>\n<\/li>\n<li>\n<p><strong>Pr\u00e9paration des follicules pileux<\/strong> : Les follicules pileux pr\u00e9lev\u00e9s sont soigneusement diss\u00e9qu\u00e9s au microscope afin d&rsquo;isoler les unit\u00e9s folliculaires individuelles contenant chacune un \u00e0 trois cheveux. Cela permet de s&rsquo;assurer que les poils transplant\u00e9s reproduiront fid\u00e8lement le sch\u00e9ma de croissance naturel des poils des sourcils.<\/p>\n<\/li>\n<li>\n<p><strong>Pr\u00e9paration du site receveur <\/strong> : Le chirurgien dessine soigneusement la forme et le dessin des sourcils sur la peau du patient \u00e0 l&rsquo;aide d&rsquo;un marqueur chirurgical. De minuscules incisions sont ensuite pratiqu\u00e9es dans la zone des sourcils o\u00f9 les follicules pileux seront transplant\u00e9s, en tenant compte de facteurs tels que la direction, la densit\u00e9 et l&rsquo;angle de croissance des cheveux.<\/p>\n<\/li>\n<li>\n<p><strong>Transplantation de cheveux<\/strong> : Les follicules pileux pr\u00e9par\u00e9s sont m\u00e9ticuleusement transplant\u00e9s dans les sites receveurs des sourcils \u00e0 l&rsquo;aide d&rsquo;instruments sp\u00e9cialis\u00e9s. Le chirurgien tient compte de la courbure naturelle et de l&rsquo;orientation des poils des sourcils existants pour obtenir un r\u00e9sultat homog\u00e8ne et naturel.<\/p>\n<\/li>\n<li>\n<p><strong>Soins post-transplantation <\/strong> : Apr\u00e8s l&rsquo;intervention, les patients re\u00e7oivent des instructions post-op\u00e9ratoires et des directives de soins afin de favoriser une bonne cicatrisation et d&rsquo;optimiser les r\u00e9sultats. Les patients peuvent pr\u00e9senter un l\u00e9ger gonflement, une rougeur ou une cro\u00fbte dans la zone transplant\u00e9e, qui dispara\u00eet g\u00e9n\u00e9ralement en quelques jours ou semaines.<\/p>\n<\/li>\n<li>\n<p><strong>R\u00e9sultats<\/strong> : Au fil du temps, les follicules pileux transplant\u00e9s \u00e9tablissent progressivement une irrigation sanguine et commencent \u00e0 produire de nouveaux cheveux. Il peut s&rsquo;\u00e9couler plusieurs mois avant que les r\u00e9sultats de la greffe de sourcils ne soient pleinement visibles, car les poils transplant\u00e9s suivent le cycle naturel de croissance des cheveux.<\/p>\n<\/li>\n<\/ol>\n\t\t\t\t\t\t\t\t<\/div>\n\t\t\t\t<\/div>\n\t\t<div class=\"elementor-element elementor-element-22dbff5 e-flex e-con-boxed e-con e-child\" data-id=\"22dbff5\" data-element_type=\"container\">\n\t\t\t\t\t<div class=\"e-con-inner\">\n\t\t\t\t<div class=\"elementor-element elementor-element-7b30251 elementor-widget elementor-widget-text-editor\" data-id=\"7b30251\" data-element_type=\"widget\" data-widget_type=\"text-editor.default\">\n\t\t\t\t<div class=\"elementor-widget-container\">\n\t\t\t\t\t\t\t\t\t<p>La greffe de sourcils peut am\u00e9liorer consid\u00e9rablement l&rsquo;apparence des sourcils clairsem\u00e9s ou clairsem\u00e9s, en r\u00e9tablissant une forme et une densit\u00e9 de sourcils plus jeunes et plus agr\u00e9ables d&rsquo;un point de vue esth\u00e9tique. Toutefois, il est essentiel de consulter un chirurgien qualifi\u00e9, sp\u00e9cialis\u00e9 dans la transplantation capillaire, afin d&rsquo;obtenir le meilleur r\u00e9sultat possible. Des institutions r\u00e9put\u00e9es ayant de l&rsquo;exp\u00e9rience dans la transplantation de sourcils, telles que <strong>l&rsquo;Istanbul Aesthetic Center (IAC)<\/strong>, peuvent vous apporter une assurance suppl\u00e9mentaire et une tranquillit\u00e9 d&rsquo;esprit au cours de votre traitement cosm\u00e9tique.<\/p>\n\t\t\t\t\t\t\t\t<\/div>\n\t\t\t\t<\/div>\n\t\t\t\t<div class=\"elementor-element elementor-element-f957b91 elementor-widget elementor-widget-beforeafter\" data-id=\"f957b91\" data-element_type=\"widget\" data-widget_type=\"beforeafter.default\">\n\t\t\t\t<div class=\"elementor-widget-container\">\n\t\t\t\t\t\n\n<style>\n  \n#nd_elements_beforeafter_component_956 img { float:left; width:100%; }\n\n#nd_elements_beforeafter_component_956 { \nfloat: left;\nwidth: 100% !important;\nmargin: 0px !important;\npadding: 0px !important;\nposition: relative;\n}\n\n#nd_elements_beforeafter_component_956 .ui-slider-range {\nbackground-image: url(\"http:\/\/www.istanbulaestheticcenter.com\/wp-content\/uploads\/2024\/04\/eyeborrow-before.jpg\");\nbackground-color: #000;\nz-index: 9;\nposition: absolute;\nheight: 100%;\nbackground-repeat: no-repeat;\nbackground-size: cover;\n}\n\n#nd_elements_beforeafter_component_956 .ui-slider-handle {\nbackground-color: #000;\nwidth: 4px;\nposition: absolute;\nheight: 100%;\noutline: 0px;\ncursor: ew-resize;  \n}\n\n#nd_elements_beforeafter_component_956 .ui-slider-handle:after {\ncontent: \"\";\nwidth: 40px;\nheight: 40px;\nbackground-color: #ccc;\nposition: absolute;\ntop: 50%;\nmargin-top: -20px;\nmargin-left: -18px;\nz-index: 9;\nborder-radius: 100%;\nbackground-image:url(\"http:\/\/www.istanbulaestheticcenter.com\/wp-content\/uploads\/2022\/09\/arrows.png\");\nbackground-size: 30px;\nbackground-position: center;\nbackground-repeat: no-repeat;\n}\n\n<\/style>\n\n\n<script>\njQuery( function() {\n\njQuery( \"#nd_elements_beforeafter_component_956\" ).slider({\n  value: 50,\n  orientation: \"horizontal\",\n  range: \"min\",\n  animate: true\n});\n\n} );\n<\/script>\n\n\n<div class=\"nd_elements_section nd_elements_beforeafter_component\">\n\n\t<div class=\"nd_elements_section\">\n\t\t<div id=\"nd_elements_beforeafter_component_956\">\n\t\t\t<img decoding=\"async\" src=\"http:\/\/www.istanbulaestheticcenter.com\/wp-content\/uploads\/2024\/04\/eyeborrow-after.jpg\">\n\t\t<\/div>\n\t<\/div>\n\t\n<\/div>\t\t\t\t<\/div>\n\t\t\t\t<\/div>\n\t\t\t\t\t<\/div>\n\t\t\t\t<\/div>\n\t\t\t\t\t<\/div>\n\t\t\t\t<\/div>\n\t\t\t\t<\/div>\n\t\t","protected":false},"excerpt":{"rendered":"<p>Transplantation de sourcils La greffe de sourcils est une intervention de chirurgie esth\u00e9tique destin\u00e9e \u00e0 restaurer ou \u00e0 am\u00e9liorer l&rsquo;apparence des sourcils en transplantant dans les sourcils des follicules pileux provenant d&rsquo;autres parties du corps. Cette proc\u00e9dure est g\u00e9n\u00e9ralement demand\u00e9e par les personnes dont les sourcils sont clairsem\u00e9s ou amincis en raison de facteurs g\u00e9n\u00e9tiques, [&hellip;]<\/p>\n","protected":false},"author":1,"featured_media":0,"parent":16946,"menu_order":0,"comment_status":"closed","ping_status":"closed","template":"","meta":{"_themeisle_gutenberg_block_has_review":false,"footnotes":""},"class_list":["post-16281","page","type-page","status-publish","hentry"],"_links":{"self":[{"href":"https:\/\/www.istanbulaestheticcenter.com\/fr\/wp-json\/wp\/v2\/pages\/16281","targetHints":{"allow":["GET"]}}],"collection":[{"href":"https:\/\/www.istanbulaestheticcenter.com\/fr\/wp-json\/wp\/v2\/pages"}],"about":[{"href":"https:\/\/www.istanbulaestheticcenter.com\/fr\/wp-json\/wp\/v2\/types\/page"}],"author":[{"embeddable":true,"href":"https:\/\/www.istanbulaestheticcenter.com\/fr\/wp-json\/wp\/v2\/users\/1"}],"replies":[{"embeddable":true,"href":"https:\/\/www.istanbulaestheticcenter.com\/fr\/wp-json\/wp\/v2\/comments?post=16281"}],"version-history":[{"count":1,"href":"https:\/\/www.istanbulaestheticcenter.com\/fr\/wp-json\/wp\/v2\/pages\/16281\/revisions"}],"predecessor-version":[{"id":16282,"href":"https:\/\/www.istanbulaestheticcenter.com\/fr\/wp-json\/wp\/v2\/pages\/16281\/revisions\/16282"}],"up":[{"embeddable":true,"href":"https:\/\/www.istanbulaestheticcenter.com\/fr\/wp-json\/wp\/v2\/pages\/16946"}],"wp:attachment":[{"href":"https:\/\/www.istanbulaestheticcenter.com\/fr\/wp-json\/wp\/v2\/media?parent=16281"}],"curies":[{"name":"wp","href":"https:\/\/api.w.org\/{rel}","templated":true}]}}