{"id":18103,"date":"2024-04-18T13:32:38","date_gmt":"2024-04-18T10:32:38","guid":{"rendered":"https:\/\/www.istanbulaestheticcenter.com\/dr-ergin-er\/"},"modified":"2025-09-11T13:13:30","modified_gmt":"2025-09-11T10:13:30","slug":"dr-ergin-er","status":"publish","type":"page","link":"https:\/\/www.istanbulaestheticcenter.com\/es\/dr-ergin-er\/","title":{"rendered":"Dr.Ergin Er"},"content":{"rendered":"\t\t<div data-elementor-type=\"wp-page\" data-elementor-id=\"18103\" class=\"elementor elementor-18103 elementor-12863\">\n\t\t\t\t<div class=\"elementor-element elementor-element-d06349c e-flex e-con-boxed e-con e-parent\" data-id=\"d06349c\" data-element_type=\"container\">\n\t\t\t\t\t<div class=\"e-con-inner\">\n\t\t<div class=\"elementor-element elementor-element-690ae28 e-con-full e-flex e-con e-child\" data-id=\"690ae28\" data-element_type=\"container\">\n\t\t\t\t<div class=\"elementor-element elementor-element-3f4e4f7 elementor-widget elementor-widget-heading\" data-id=\"3f4e4f7\" data-element_type=\"widget\" data-widget_type=\"heading.default\">\n\t\t\t\t<div class=\"elementor-widget-container\">\n\t\t\t\t\t<h2 class=\"elementor-heading-title elementor-size-default\">Dr. Ergin Er<\/h2>\t\t\t\t<\/div>\n\t\t\t\t<\/div>\n\t\t\t\t<div class=\"elementor-element elementor-element-e0bd4ce elementor-widget elementor-widget-image\" data-id=\"e0bd4ce\" data-element_type=\"widget\" data-widget_type=\"image.default\">\n\t\t\t\t<div class=\"elementor-widget-container\">\n\t\t\t\t\t\t\t\t\t\t\t\t\t\t\t<img fetchpriority=\"high\" decoding=\"async\" width=\"265\" height=\"265\" src=\"https:\/\/www.istanbulaestheticcenter.com\/wp-content\/uploads\/2024\/04\/dr-ergin-er-iac.jpg\" class=\"attachment-large size-large wp-image-15582\" alt=\"\" srcset=\"https:\/\/www.istanbulaestheticcenter.com\/wp-content\/uploads\/2024\/04\/dr-ergin-er-iac.jpg 265w, https:\/\/www.istanbulaestheticcenter.com\/wp-content\/uploads\/2024\/04\/dr-ergin-er-iac-150x150.jpg 150w, https:\/\/www.istanbulaestheticcenter.com\/wp-content\/uploads\/2024\/04\/dr-ergin-er-iac-100x100.jpg 100w\" sizes=\"(max-width: 265px) 100vw, 265px\" \/>\t\t\t\t\t\t\t\t\t\t\t\t\t\t\t<\/div>\n\t\t\t\t<\/div>\n\t\t\t\t<\/div>\n\t\t<div class=\"elementor-element elementor-element-0b3b9f6 e-con-full e-flex e-con e-child\" data-id=\"0b3b9f6\" data-element_type=\"container\">\n\t\t\t\t<div class=\"elementor-element elementor-element-324471e elementor-widget elementor-widget-text-editor\" data-id=\"324471e\" data-element_type=\"widget\" data-widget_type=\"text-editor.default\">\n\t\t\t\t<div class=\"elementor-widget-container\">\n\t\t\t\t\t\t\t\t\t<section id=\"content\"><div class=\"container\"><div class=\"row\"><div class=\"col-xs-12 col-md-12\"><div class=\"doctor-single-wrapper\"><div class=\"row\"><div class=\"doctor-single-details col-md-8\"><div class=\"doctor-main-description\"><h3>Education:<\/h3><p>1992 M.D. Degree, G\u00fclhane Military Medical Academy, Ankara, Turkey<\/p><p>1993 Internship, G\u00fclhane Military Medical Academy, Ankara, Turkey<\/p><p>1994 Advanced Emergency Medicine Course, G\u00fclhane Military Medical Academy, Ankara, Turkey<\/p><p>2001 Resident in Plastic and Reconstructive Surgery, G\u00fclhane Military Medical Academy, Ankara, Turkey<\/p><p>2001 Microsurgery Course, G\u00fclhane Military Medical Academy, Ankara, Turkey<\/p><p>2002 Facial aesthetic surgery workshop, Manhattan ENT center, New York<\/p><p>2004 Postdoc fellow, Baylor College of Medicine, Houston, Texas<\/p><p>2004 Klein T\u00fcmescent Liposuction Course, San Juan Capistrano, CA<\/p><p> <\/p><h3>Experience:<\/h3><p>2012-2017 Plastic surgeon, Anatomica hospital<\/p><p>2008-2012 Private practice<\/p><p>2006- 2008 Aesthetic and Plastic Surgeon, Memorial Hospital \u0130stanbul<\/p><p>2004-2008 Plastic Surgeon, Transmed Aesthetic and hair Surgery Clinic<\/p><p>2003-2004 Postdoc fellow, Baylor College of Medicine, Houston, Texas<\/p><p>2002-2003 Plastic Surgeon, Department of plastic surgery, Kasimpasa Navy Hospital, Istanbul, Turkey<\/p><p>2001-2002 Plastic Surgeon, Chief of military Burn Center, G\u00fclhane Military Medical Academy<\/p><p>1993-1996 Chief Military Doctor, School of Turkish Navy, Istanbul<\/p><p> <\/p><h3>HONORS- AWARDS:<\/h3><p>2000 1<sup>st<\/sup> prize in Research Competition of Turkish Society of Surgeons, Izmir, Turkey Plastic<\/p><p>2000 1<sup>st<\/sup> prize in Research Competition of Hacettepe University, Ankara, Turkey<\/p><p>2001 1<sup>st<\/sup> prize in Research Competition of Turkish Society of Plastic Surgeons, Istanbul, Turkey<\/p><p>2002 Super Achievement Award, G\u00fclhane Military Medical Academy and Health Command<\/p><p>2002 Scientific research support grant of Turkish Armed forces: TGF\uf062-1 gene therapy for cranial bone healing.<\/p><p>2002 Scientific research support grant of Turkish Armed forces: TGF\uf062-1 gene therapy for local immunosuppression in lower extremity transplantation in rats.<\/p><p>2004 Lead researcher research award and grant. ISHRS. <\/p><p>2004 Team member research award and grant. ISHRS <\/p><h3> <\/h3><h3>CERTIFICATIONS:<\/h3><p>1993 ECFMG Basic and Clinical Sciences<\/p><p>1993 Medical Doctor Degree<\/p><p>1994 ECFMG Certificate (0- 491- 788- 6)<\/p><p>1994 USMLE Step I and II<\/p><p>2001 Turkish Board of Plastic Surgery<\/p><p>2004 International Society of Hair Restoration Surgery (ISHRS)<\/p><p> <\/p><h3>MEMBERSHIPS:<\/h3><p>European Society of Hair Restoration Surgery (ESHRS)<\/p><p> <\/p><h3>PUBLICATIONS:<\/h3><ul><li>Deveci M., <strong>Er E.<\/strong>, Sengezer M. Mortality analysis of burns in our burn center. Journal of Society of Turkish Plastic Surgeons 1998 Apr; 12(1): 134-136 <\/li><li>Sengezer M., <strong>Er E<\/strong>., Deveci M., Isik S. Treatment of pediatric maxillofacial traumas: Our clinical experience. Journal of Society of Turkish Plastic Surgeons 2000, 8 (2); 75 \u2013 81 <\/li><li>Duman H., <strong>Er E.<\/strong>, Sengezer M. Infection in the late period in a case of zygomatic complex fracture repaired with rigid internal fixation. Journal G\u00fclhane Military Medical Academy 2001; 43(4): 437- 439 <\/li><li>Isik S., <strong>Er E.<\/strong>, Nisanci M. Reconstruction of the gunshot injuries of the second ray. Proceedings of the 8<sup>th<\/sup> congress of the international federation of societies for surgery of the hand 2001; 19-21 <\/li><li>Isik S., Nisanci M., <strong>Er E.<\/strong> Reconstruction of the gunshot injuries of the hand with toe-to hand transfers Proceedings of the 8<sup>th<\/sup> congress of the international federation of societies for surgery of the hand 2001; 630-632<\/li><li>Nisanci M, <strong>Er E<\/strong>, Isik S, Sengezer M. Treatment modalities for post-burn axillary contractures and the versatility of the scapular flap. Burns. 2002 Mar;28(2):177-80.  <\/li><li>Duman H, <strong>Er E<\/strong>, Isik S, Turegun M, Deveci M, Nisanci M, Sengezer M. Versatility of the medial plantar flap: our clinical experience. Plast Reconstr Surg. 2002 Mar;109(3):1007-12. <\/li><li>Isik S., <strong>Er E.<\/strong>, Soysal Y., Imirzalioglu N. Prolongation of skin xenograft survival by modified cultured fibroblasts. Plast Reconstr Surg. 2003 Jan;111(1):275-82. <\/li><li>Duman H., <strong>Er E.<\/strong>, Turegun M., Sengezer M., Bilateral free myocutaneous latissimus dorsi flap repair of the upper limb amputation stumps due to electrical injury :A Case Report . Burns. 2003 Feb;29(1):87-91  <\/li><li>Isik S., Nisanci M., <strong>Er E.<\/strong>, Duman H. Pseudo-syndactilic toe-to-hand transfers. Plast Plast Reconstr Surg. 2003 Jan;111(1):355-60. <\/li><li>Isik S.,<strong>Er E.,<\/strong> Uygur F., Nisanci M. Repair of thumb abduction contracture by microsurgical transfer of partial toe. Burns. 2002 Aug;28(5):486-9  <\/li><li>Nisanci M., <strong>Er E.<\/strong>, Yildiz C., Turegun M., Atesalp S., Sengezer M. Replantation of a crush amputation of distal tibia followed by lengthening with Ilizarov circular external fixator; two year follow-up. Microsurgery. 2002;22(7):295-9.  <\/li><li><strong>Er E,<\/strong> Ucar C. Reconstruction of axillary contractures with thoracodorsal perforator island flap. Burns. 2005 Sep;31(6):726-30.  <\/li><li><strong>Er E.,<\/strong> Kulahc\u0131 M., Hamilo\u011flu E. In vivo follicular unit multiplication; is it possible to harvest an unlimited donor supply. Dermatologic Surgery 2006 (in press) <\/li><\/ul><p> <\/p><h3>National Presentations:<\/h3><ul><li><strong>Er E.,<\/strong> Isik S. Prolongation of skin xenograft survival by modified cultured fibroblasts. 22<sup>nd.<\/sup> National Congress of Turkish Plastic Surgeons. <\/li><li>Nisanci M.,<strong> Er E<\/strong>., Isik S. Cross leg medial plantar flap use in heel defects. 22<sup>nd.<\/sup> National Congress of Turkish Plastic Surgeons. <\/li><li>Sengezer M., Deveci M., Isik S, <strong>Er E<\/strong>.,. Treatment of pediatric maxillofacial traumas: Our clinical experience. 22<sup>nd.<\/sup> National Congress of Turkish Plastic Surgeons.  <\/li><li>Duman H., Nisanci M., <strong>Er E.<\/strong> Reconstruction of the large abdominal wall defects.23<sup>rd. <\/sup>National Congress of Turkish Plastic Surgeons.<\/li><li>Duman H., Zor F., Nisanci M., <strong>Er E<\/strong>. The main reasons of plate removal following the rigid fixation in maxillofacial traumas. 23<sup>rd. <\/sup>National Congress of Turkish Plastic Surgeons.  <\/li><li><strong>Er E.,<\/strong> Isik S., Sengezer M. Allogeneic composite tissue transplantation in dogs by local immunosuppression. 23<sup>rd. <\/sup>National Congress of Turkish Plastic Surgeons. <\/li><li><strong>Er E.,<\/strong> Soysal Y., Imirzalioglu N.<strong> <\/strong>Prolongation of skin xenograft survival by modified cultured fibroblasts. 7<sup>th<\/sup> national medical biology congress.<\/li><\/ul><p> <\/p><h3>International Presentations:<\/h3><ul><li>Isik S., Sengezer M., Nisanci M.,<strong> Er E., <\/strong>Bozkurt M. The use of medial plantar flap for late reconstruction of burn complications. Burn and Fire Disaster in the Middle East, September 2000. <\/li><li>Deveci M., Sengezer M., Eski M., Bayram Y., <strong>Er E. <\/strong>Effects of cerium nitrate bathing vs. Early burn wound excision on IL-6 and TNF-a levels in burned rats. Burn and Fire Disaster in the Middle East, September 2000. <\/li><li>Nisanci M., Turegun M., <strong>Er E.,<\/strong> Kopal C. Treatment modalities in axillary contracture: A new method of scapular flap elevation. Burn and Fire Disaster in the Middle East, September 2000. <\/li><li>Isik S., <strong>Er E.<\/strong>, Nisanci M. Reconstruction of the gunshot injuries of the second ray. 8<sup>th<\/sup> congress of the international federation of societies for surgery of the hand, June 2001<\/li><li>Isik S., Nisanci M., <strong>Er E.<\/strong> Reconstruction of the gunshot injuries of the hand with toe-to hand transfers. 8 <sup>th<\/sup> congress of the international federation of societies for surgery of the hand June 2001 <\/li><li>Isik S., Nisanci M., <strong>Er E.<\/strong>, Uygur F. Pseudo \u2013 syndactilic toe to hand transfer for simultaneous reconstruction of thumb and index finger. 6<sup>th<\/sup> Congress of European Societies for Microsurgery June 2002<\/li><li><strong>Er E.,<\/strong> Isik S., G\u00fcl H., Yarim M., Sengezer M. Canine hemifacial composite tissue transplantation by local immunosuppression. 71st annual ASPS\/PSEF\/ASMS scientific meeting, 2002 <\/li><li>Totan S, Yuksel E, Echo A, <strong>Er E<\/strong>, Amer A, Spira M, Shenaq SM. Heat shock proteins modulates keloid formation. American College Of Surgeons 89th Annual Clinica Congress, October19-23,2003 Chicago,Illinois  <\/li><li><strong>Er E.,<\/strong> Kulahc\u0131 M., Hamilo\u011flu E. Scar concealing without resulting a new scar. 12th Annual scientific meeting of Hair Restoration Surgery. August 11-15,2004 Vancouver,BC,Canada  <\/li><li><strong>Er E,<\/strong> Kulahc\u0131 M, Hamilo\u011flu E, Cingil H. Transmed graft preserving solution. 12th Annual scientific meeting of Hair Restoration Surgery. August 11-15,2004 Vancouver,BC,Canada  <\/li><li>Kulahc\u0131 M, <strong>Er E<\/strong>, Hamilo\u011flu E. In vivo follicular unit multiplication. 12th Annual scientific meeting of Hair Restoration Surgery. August 11-15,2004 Vancouver,BC,Canada  <\/li><\/ul><h3>Special Interests:<strong><br><\/strong><\/h3><ul><li>Liposuction and body contouring<\/li><li>Breast augmentation, breast lift, and reduction surgery<\/li><li>Rinoplastia<\/li><li>Facial aesthetic surgery<\/li><li>Hair transplantation<\/li><li>Maxillofacial surgery<\/li><li>Extremity reconstructions<\/li><li>Gene therapy in plastic surgery<\/li><li>Tissue engineering in plastic surgery<\/li><\/ul><\/div><\/div><\/div><\/div><\/div><\/div><\/div><\/section><footer class=\"site-footer\"><div class=\"container\"><div class=\"row\"><div class=\"footer-widgets col-md-6\"><div class=\"footer-widgets-holder\"><div class=\"row\"><div class=\"col-xs-4 col-sm-4 col-md-4\"><div id=\"gg_contact_widget-10\" class=\"gg-widget contact\"> <\/div><\/div><\/div><\/div><\/div><\/div><\/div><\/footer>\t\t\t\t\t\t\t\t<\/div>\n\t\t\t\t<\/div>\n\t\t\t\t<\/div>\n\t\t\t\t\t<\/div>\n\t\t\t\t<\/div>\n\t\t\t\t<\/div>\n\t\t","protected":false},"excerpt":{"rendered":"<p>Dr. Ergin Er Education: 1992 M.D. Degree, G\u00fclhane Military Medical Academy, Ankara, Turkey 1993 Internship, G\u00fclhane Military Medical Academy, Ankara, Turkey 1994 Advanced Emergency Medicine Course, G\u00fclhane Military Medical Academy, Ankara, Turkey 2001 Resident in Plastic and Reconstructive Surgery, G\u00fclhane Military Medical Academy, Ankara, Turkey 2001 Microsurgery Course, G\u00fclhane Military Medical Academy, Ankara, Turkey 2002 [&hellip;]<\/p>\n","protected":false},"author":1,"featured_media":0,"parent":0,"menu_order":0,"comment_status":"closed","ping_status":"closed","template":"","meta":{"_themeisle_gutenberg_block_has_review":false,"footnotes":""},"class_list":["post-18103","page","type-page","status-publish","hentry"],"_links":{"self":[{"href":"https:\/\/www.istanbulaestheticcenter.com\/es\/wp-json\/wp\/v2\/pages\/18103","targetHints":{"allow":["GET"]}}],"collection":[{"href":"https:\/\/www.istanbulaestheticcenter.com\/es\/wp-json\/wp\/v2\/pages"}],"about":[{"href":"https:\/\/www.istanbulaestheticcenter.com\/es\/wp-json\/wp\/v2\/types\/page"}],"author":[{"embeddable":true,"href":"https:\/\/www.istanbulaestheticcenter.com\/es\/wp-json\/wp\/v2\/users\/1"}],"replies":[{"embeddable":true,"href":"https:\/\/www.istanbulaestheticcenter.com\/es\/wp-json\/wp\/v2\/comments?post=18103"}],"version-history":[{"count":1,"href":"https:\/\/www.istanbulaestheticcenter.com\/es\/wp-json\/wp\/v2\/pages\/18103\/revisions"}],"predecessor-version":[{"id":18104,"href":"https:\/\/www.istanbulaestheticcenter.com\/es\/wp-json\/wp\/v2\/pages\/18103\/revisions\/18104"}],"wp:attachment":[{"href":"https:\/\/www.istanbulaestheticcenter.com\/es\/wp-json\/wp\/v2\/media?parent=18103"}],"curies":[{"name":"wp","href":"https:\/\/api.w.org\/{rel}","templated":true}]}}