{"id":16525,"date":"2024-04-20T16:44:52","date_gmt":"2024-04-20T13:44:52","guid":{"rendered":"https:\/\/www.istanbulaestheticcenter.com\/empastes-de-porcelana\/"},"modified":"2024-07-09T14:45:00","modified_gmt":"2024-07-09T11:45:00","slug":"empastes-de-porcelana","status":"publish","type":"page","link":"https:\/\/www.istanbulaestheticcenter.com\/es\/odontologia\/empastes-de-porcelana\/","title":{"rendered":"Empastes de Porcelana"},"content":{"rendered":"\t\t<div data-elementor-type=\"wp-page\" data-elementor-id=\"16525\" class=\"elementor elementor-16525 elementor-13356\">\n\t\t\t\t<div class=\"elementor-element elementor-element-7a1b064 e-flex e-con-boxed e-con e-parent\" data-id=\"7a1b064\" data-element_type=\"container\">\n\t\t\t\t\t<div class=\"e-con-inner\">\n\t\t\t\t<div class=\"elementor-element elementor-element-bdaa769 elementor-widget elementor-widget-image\" data-id=\"bdaa769\" data-element_type=\"widget\" data-widget_type=\"image.default\">\n\t\t\t\t<div class=\"elementor-widget-container\">\n\t\t\t\t\t\t\t\t\t\t\t\t\t\t\t<img fetchpriority=\"high\" decoding=\"async\" width=\"1024\" height=\"525\" src=\"https:\/\/www.istanbulaestheticcenter.com\/wp-content\/uploads\/2024\/04\/porcelain-fililngs-1024x525.jpg\" class=\"attachment-large size-large wp-image-16058\" alt=\"\" srcset=\"https:\/\/www.istanbulaestheticcenter.com\/wp-content\/uploads\/2024\/04\/porcelain-fililngs-1024x525.jpg 1024w, https:\/\/www.istanbulaestheticcenter.com\/wp-content\/uploads\/2024\/04\/porcelain-fililngs-300x154.jpg 300w, https:\/\/www.istanbulaestheticcenter.com\/wp-content\/uploads\/2024\/04\/porcelain-fililngs-768x394.jpg 768w, https:\/\/www.istanbulaestheticcenter.com\/wp-content\/uploads\/2024\/04\/porcelain-fililngs-1000x513.jpg 1000w, https:\/\/www.istanbulaestheticcenter.com\/wp-content\/uploads\/2024\/04\/porcelain-fililngs-1110x570.jpg 1110w, https:\/\/www.istanbulaestheticcenter.com\/wp-content\/uploads\/2024\/04\/porcelain-fililngs.jpg 1120w\" sizes=\"(max-width: 1024px) 100vw, 1024px\" \/>\t\t\t\t\t\t\t\t\t\t\t\t\t\t\t<\/div>\n\t\t\t\t<\/div>\n\t\t\t\t\t<\/div>\n\t\t\t\t<\/div>\n\t\t<div class=\"elementor-element elementor-element-17756f4 e-flex e-con-boxed e-con e-parent\" data-id=\"17756f4\" data-element_type=\"container\">\n\t\t\t\t\t<div class=\"e-con-inner\">\n\t\t\t\t<div class=\"elementor-element elementor-element-1324ef2 elementor-widget elementor-widget-heading\" data-id=\"1324ef2\" data-element_type=\"widget\" data-widget_type=\"heading.default\">\n\t\t\t\t<div class=\"elementor-widget-container\">\n\t\t\t\t\t<h2 class=\"elementor-heading-title elementor-size-default\">Empastes de porcelana (inlay - onlay)<\/h2>\t\t\t\t<\/div>\n\t\t\t\t<\/div>\n\t\t\t\t\t<\/div>\n\t\t\t\t<\/div>\n\t\t<div class=\"elementor-element elementor-element-fc23a47 e-flex e-con-boxed e-con e-parent\" data-id=\"fc23a47\" data-element_type=\"container\">\n\t\t\t\t\t<div class=\"e-con-inner\">\n\t\t\t\t<div class=\"elementor-element elementor-element-3be0862 elementor-widget elementor-widget-text-editor\" data-id=\"3be0862\" data-element_type=\"widget\" data-widget_type=\"text-editor.default\">\n\t\t\t\t<div class=\"elementor-widget-container\">\n\t\t\t\t\t\t\t\t\t<p>A diferencia de los empastes de amalgama de metal tradicionales, que son notables debido a su color plateado, los empastes de porcelana est\u00e1n hechos a medida para que coincida con el color, la textura y la translucidez del esmalte dental natural, proporcionando un resultado est\u00e9ticamente m\u00e1s agradable. He aqu\u00ed una visi\u00f3n general de los empastes de porcelana y c\u00f3mo se utilizan en odontolog\u00eda:<\/p>\n<p>He aqu\u00ed una visi\u00f3n general de los empastes de porcelana y c\u00f3mo se utilizan en odontolog\u00eda:<\/p>\n<ol>\n<li>\n<p><strong>Material<\/strong>: Los empastes de porcelana est\u00e1n hechos de porcelana dental de alta calidad, que es un material cer\u00e1mico conocido por su durabilidad, resistencia y aspecto natural. La porcelana se asemeja mucho a la apariencia del esmalte dental natural, por lo que es una excelente opci\u00f3n para restaurar los dientes en las zonas visibles de la boca.<\/p>\n<\/li>\n<li>\n<p><strong>Personalizaci\u00f3n<\/strong>: Los empastes de porcelana se hacen a medida para que coincidan con el color, la forma y el tama\u00f1o de los dientes naturales del paciente. Esta personalizaci\u00f3n asegura una mezcla perfecta con los dientes circundantes, lo que resulta en una restauraci\u00f3n que es pr\u00e1cticamente indistinguible de la estructura del diente natural.<\/p>\n<\/li>\n<li>\n<p><strong>Procedimiento<\/strong>: El proceso de colocaci\u00f3n de empastes de porcelana normalmente implica dos visitas al dentista. Durante la primera visita, el dentista preparar\u00e1 el diente afectado mediante la eliminaci\u00f3n de cualquier tejido cariado o da\u00f1ado y dando forma al diente para acomodar el relleno. A continuaci\u00f3n, se tomar\u00e1 una impresi\u00f3n del diente preparado, que servir\u00e1 de gu\u00eda para fabricar el empaste de porcelana personalizado. Se puede colocar un empaste provisional para proteger el diente hasta que la restauraci\u00f3n final est\u00e9 lista.<\/p>\n<\/li>\n<li>\n<p><strong>Fabricaci\u00f3n<\/strong>: La impresi\u00f3n del diente preparado se env\u00eda a un laboratorio dental, donde t\u00e9cnicos especializados fabricar\u00e1n el empaste de porcelana siguiendo unas especificaciones precisas. El empaste se hace a mano para que coincida con el color, tama\u00f1o y forma del diente natural del paciente, asegurando un ajuste perfecto y una perfecta integraci\u00f3n con los dientes circundantes.<\/p>\n<\/li>\n<li>\n<p><strong>Colocaci\u00f3n<\/strong>: Una vez que el empaste de porcelana est\u00e1 listo, el paciente volver\u00e1 para una segunda visita al dentista para colocarlo. El dentista unir\u00e1 cuidadosamente el empaste al diente preparado utilizando cemento dental, asegurando una restauraci\u00f3n segura y duradera. El relleno ser\u00e1 ajustado y pulido para lograr un resultado de aspecto natural que se mezcla a la perfecci\u00f3n con los dientes circundantes.<\/p>\n<\/li>\n<li>\n<p><strong>Ventajas<\/strong>: Los empastes de porcelana ofrecen varias ventajas en comparaci\u00f3n con los empastes met\u00e1licos tradicionales, como una est\u00e9tica superior, durabilidad y biocompatibilidad. La porcelana es resistente a las manchas y al desgaste, proporcionando resultados duraderos que mantienen su aspecto natural con el paso del tiempo. Adem\u00e1s, los empastes de porcelana son compatibles con los tejidos naturales de la boca, lo que reduce el riesgo de reacciones al\u00e9rgicas o sensibilidad.<\/p>\n<\/li>\n<\/ol>\n<p>Los empastes de porcelana son una excelente opci\u00f3n para restaurar dientes da\u00f1ados o cariados preservando la belleza natural de la sonrisa. Si est\u00e1 considerando los empastes de porcelana, es esencial que consulte con un dentista cualificado especializado en odontolog\u00eda cosm\u00e9tica para determinar el mejor enfoque de tratamiento para sus necesidades individuales. Las cl\u00ednicas dentales de renombre como el Centro <strong> Est\u00e9tico de Estambul (IAC)<\/strong> a menudo ofrecen empastes de porcelana como parte de sus servicios integrales de odontolog\u00eda cosm\u00e9tica, proporcionando a los pacientes restauraciones personalizadas de alta calidad que combinan a la perfecci\u00f3n con sus dientes naturales. La elecci\u00f3n de un proveedor de confianza como IAC puede asegurar que usted reciba la mejor atenci\u00f3n posible y lograr una sonrisa que se ve y se siente natural y hermoso.<\/p>\n\t\t\t\t\t\t\t\t<\/div>\n\t\t\t\t<\/div>\n\t\t\t\t\t<\/div>\n\t\t\t\t<\/div>\n\t\t\t\t<\/div>\n\t\t","protected":false},"excerpt":{"rendered":"<p>Empastes de porcelana (inlay &#8211; onlay) A diferencia de los empastes de amalgama de metal tradicionales, que son notables debido a su color plateado, los empastes de porcelana est\u00e1n hechos a medida para que coincida con el color, la textura y la translucidez del esmalte dental natural, proporcionando un resultado est\u00e9ticamente m\u00e1s agradable. He aqu\u00ed [&hellip;]<\/p>\n","protected":false},"author":1,"featured_media":0,"parent":17028,"menu_order":0,"comment_status":"closed","ping_status":"closed","template":"","meta":{"_themeisle_gutenberg_block_has_review":false,"footnotes":""},"class_list":["post-16525","page","type-page","status-publish","hentry"],"_links":{"self":[{"href":"https:\/\/www.istanbulaestheticcenter.com\/es\/wp-json\/wp\/v2\/pages\/16525","targetHints":{"allow":["GET"]}}],"collection":[{"href":"https:\/\/www.istanbulaestheticcenter.com\/es\/wp-json\/wp\/v2\/pages"}],"about":[{"href":"https:\/\/www.istanbulaestheticcenter.com\/es\/wp-json\/wp\/v2\/types\/page"}],"author":[{"embeddable":true,"href":"https:\/\/www.istanbulaestheticcenter.com\/es\/wp-json\/wp\/v2\/users\/1"}],"replies":[{"embeddable":true,"href":"https:\/\/www.istanbulaestheticcenter.com\/es\/wp-json\/wp\/v2\/comments?post=16525"}],"version-history":[{"count":1,"href":"https:\/\/www.istanbulaestheticcenter.com\/es\/wp-json\/wp\/v2\/pages\/16525\/revisions"}],"predecessor-version":[{"id":16526,"href":"https:\/\/www.istanbulaestheticcenter.com\/es\/wp-json\/wp\/v2\/pages\/16525\/revisions\/16526"}],"up":[{"embeddable":true,"href":"https:\/\/www.istanbulaestheticcenter.com\/es\/wp-json\/wp\/v2\/pages\/17028"}],"wp:attachment":[{"href":"https:\/\/www.istanbulaestheticcenter.com\/es\/wp-json\/wp\/v2\/media?parent=16525"}],"curies":[{"name":"wp","href":"https:\/\/api.w.org\/{rel}","templated":true}]}}