{"id":16782,"date":"2024-04-20T16:21:33","date_gmt":"2024-04-20T13:21:33","guid":{"rendered":"https:\/\/www.istanbulaestheticcenter.com\/bauchdeckenstraffung-chirurgie\/"},"modified":"2024-04-29T12:23:07","modified_gmt":"2024-04-29T09:23:07","slug":"bauchdeckenstraffung-chirurgie","status":"publish","type":"page","link":"https:\/\/www.istanbulaestheticcenter.com\/de\/koerperaesthetik\/bauchdeckenstraffung-chirurgie\/","title":{"rendered":"Bauchdeckenstraffung Chirurgie"},"content":{"rendered":"\t\t<div data-elementor-type=\"wp-page\" data-elementor-id=\"16782\" class=\"elementor elementor-16782 elementor-13325\">\n\t\t\t\t<div class=\"elementor-element elementor-element-e9f0f8c e-flex e-con-boxed e-con e-parent\" data-id=\"e9f0f8c\" data-element_type=\"container\">\n\t\t\t\t\t<div class=\"e-con-inner\">\n\t\t<div class=\"elementor-element elementor-element-b0db3b0 e-flex e-con-boxed e-con e-child\" data-id=\"b0db3b0\" data-element_type=\"container\">\n\t\t\t\t\t<div class=\"e-con-inner\">\n\t\t\t\t<div class=\"elementor-element elementor-element-804ecd2 elementor-widget elementor-widget-image\" data-id=\"804ecd2\" data-element_type=\"widget\" data-widget_type=\"image.default\">\n\t\t\t\t<div class=\"elementor-widget-container\">\n\t\t\t\t\t\t\t\t\t\t\t\t\t\t\t<img fetchpriority=\"high\" decoding=\"async\" width=\"1024\" height=\"525\" src=\"https:\/\/www.istanbulaestheticcenter.com\/wp-content\/uploads\/2024\/04\/tummy-tuck-1024x525.jpg\" class=\"attachment-large size-large wp-image-15964\" alt=\"\" srcset=\"https:\/\/www.istanbulaestheticcenter.com\/wp-content\/uploads\/2024\/04\/tummy-tuck-1024x525.jpg 1024w, https:\/\/www.istanbulaestheticcenter.com\/wp-content\/uploads\/2024\/04\/tummy-tuck-300x154.jpg 300w, https:\/\/www.istanbulaestheticcenter.com\/wp-content\/uploads\/2024\/04\/tummy-tuck-768x394.jpg 768w, https:\/\/www.istanbulaestheticcenter.com\/wp-content\/uploads\/2024\/04\/tummy-tuck-1000x513.jpg 1000w, https:\/\/www.istanbulaestheticcenter.com\/wp-content\/uploads\/2024\/04\/tummy-tuck-1110x570.jpg 1110w, https:\/\/www.istanbulaestheticcenter.com\/wp-content\/uploads\/2024\/04\/tummy-tuck.jpg 1120w\" sizes=\"(max-width: 1024px) 100vw, 1024px\" \/>\t\t\t\t\t\t\t\t\t\t\t\t\t\t\t<\/div>\n\t\t\t\t<\/div>\n\t\t\t\t\t<\/div>\n\t\t\t\t<\/div>\n\t\t\t\t\t<\/div>\n\t\t\t\t<\/div>\n\t\t<div class=\"elementor-element elementor-element-5fa8d26 e-flex e-con-boxed e-con e-parent\" data-id=\"5fa8d26\" data-element_type=\"container\">\n\t\t\t\t\t<div class=\"e-con-inner\">\n\t\t\t\t<div class=\"elementor-element elementor-element-6e6eb8d elementor-widget elementor-widget-heading\" data-id=\"6e6eb8d\" data-element_type=\"widget\" data-widget_type=\"heading.default\">\n\t\t\t\t<div class=\"elementor-widget-container\">\n\t\t\t\t\t<h2 class=\"elementor-heading-title elementor-size-default\">Was ist eine Bauchstraffungsoperation?<\/h2>\t\t\t\t<\/div>\n\t\t\t\t<\/div>\n\t\t\t\t\t<\/div>\n\t\t\t\t<\/div>\n\t\t<div class=\"elementor-element elementor-element-cfe8522 e-grid e-con-boxed e-con e-parent\" data-id=\"cfe8522\" data-element_type=\"container\">\n\t\t\t\t\t<div class=\"e-con-inner\">\n\t\t<div class=\"elementor-element elementor-element-dfed6ea e-grid e-con-boxed e-con e-child\" data-id=\"dfed6ea\" data-element_type=\"container\">\n\t\t\t\t\t<div class=\"e-con-inner\">\n\t\t\t\t<div class=\"elementor-element elementor-element-dfa53ac elementor-widget elementor-widget-text-editor\" data-id=\"dfa53ac\" data-element_type=\"widget\" data-widget_type=\"text-editor.default\">\n\t\t\t\t<div class=\"elementor-widget-container\">\n\t\t\t\t\t\t\t\t\t<p>Die Bauchdeckenstraffung, auch Abdominoplastik genannt, ist ein kosmetischer chirurgischer Eingriff, der darauf abzielt, das Aussehen des Bauches zu verbessern, indem \u00fcbersch\u00fcssige Haut und Fett entfernt und die darunter liegenden Muskeln gestrafft werden. Dieser Eingriff wird h\u00e4ufig von Personen in Anspruch genommen, bei denen eine starke Gewichtsabnahme, eine Schwangerschaft oder der Alterungsprozess zu einer schlaffen, h\u00e4ngenden Haut und geschw\u00e4chten Bauchmuskeln gef\u00fchrt haben.<\/p>\n<p>Hier finden Sie einen \u00dcberblick dar\u00fcber, wie eine Bauchdeckenstraffung normalerweise durchgef\u00fchrt wird:<\/p>\n<ol>\n<li>\n<p><strong>Konsultation<\/strong>: Vor dem Eingriff findet ein Beratungsgespr\u00e4ch mit einem qualifizierten plastischen Chirurgen statt, in dem die Ziele, Erwartungen und die Krankengeschichte des Patienten besprochen werden. Der Chirurg beurteilt die Bauchanatomie des Patienten, die Elastizit\u00e4t der Haut und den Grad der Erschlaffung, um den am besten geeigneten Ansatz f\u00fcr die Bauchdeckenstraffung zu bestimmen.<\/p>\n<\/li>\n<li>\n<p><strong>An\u00e4sthesie<\/strong>: Eine Bauchdeckenstraffung kann unter Vollnarkose durchgef\u00fchrt werden, damit sich der Patient w\u00e4hrend des gesamten Eingriffs wohl f\u00fchlt.<\/p>\n<\/li>\n<li>\n<p><strong>Schnitte<\/strong>: Der Chirurg setzt diskrete Schnitte am Unterbauch, in der Regel unterhalb der Bikinizone, wo sie leicht durch Kleidung verdeckt werden k\u00f6nnen. Die L\u00e4nge und das Muster der Schnitte h\u00e4ngen von der Gr\u00f6\u00dfe des Eingriffs und der Menge der zu entfernenden \u00fcbersch\u00fcssigen Haut ab.<\/p>\n<\/li>\n<li>\n<p><strong>Entfernung des Gewebes<\/strong>: Nach dem Anbringen der Schnitte entfernt der Chirurg \u00fcbersch\u00fcssige Haut und Fett vom Bauch. In einigen F\u00e4llen kann auch eine Fettabsaugung durchgef\u00fchrt werden, um die Kontur des Bereichs zu verbessern und hartn\u00e4ckige Fettpolster zu entfernen.<\/p>\n<\/li>\n<li>\n<p><strong>Straffung der Muskulatur:<\/strong> Nach der Entfernung des \u00fcbersch\u00fcssigen Gewebes werden die darunter liegenden Bauchmuskeln gestrafft und zusammengen\u00e4ht, um eine festere und straffere Bauchdecke zu erhalten. Dieser Schritt kann zur Verbesserung der Bauchkraft und der K\u00f6rperhaltung beitragen.<\/p>\n<\/li>\n<li>\n<p><strong>Hautumh\u00fcllung<\/strong>: Die verbleibende Haut wird vorsichtig \u00fcber den neu konturierten Bauch gest\u00fclpt und gestrafft, um ein glatteres, strafferes Aussehen zu erzielen.<\/p>\n<\/li>\n<li>\n<p><strong>Verschluss<\/strong>: Sobald die gew\u00fcnschte Korrektur erreicht ist, werden die Schnitte mit N\u00e4hten verschlossen und die Operationsstellen mit den erforderlichen Verb\u00e4nden gesch\u00fctzt.<\/p>\n<\/li>\n<li>\n<p><strong>Erholung<\/strong>: Nach dem Eingriff kommt es in der Regel zu Schwellungen, Bluterg\u00fcssen und Unwohlsein, die mit Schmerzmitteln und Kompressionskleidung behandelt werden k\u00f6nnen. Es ist wichtig, die postoperativen Anweisungen des Chirurgen zu befolgen, um die Heilung zu f\u00f6rdern und das Ergebnis zu optimieren.<\/p>\n<\/li>\n<\/ol>\n<p>Eine Bauchdeckenstraffung kann das Erscheinungsbild des Bauches deutlich verbessern, das Selbstvertrauen wiederherstellen und es den Betroffenen erm\u00f6glichen, sich in ihrer Kleidung und in ihrem allgemeinen K\u00f6rperbild wohler zu f\u00fchlen. Um das bestm\u00f6gliche Ergebnis zu erzielen, ist es jedoch wichtig, sich von einem Facharzt f\u00fcr plastische Chirurgie beraten zu lassen, der auf Bauchdeckenstraffung spezialisiert ist. Seri\u00f6se Einrichtungen mit Erfahrung in der Bauchdeckenstraffung, wie das <strong>Istanbul Aesthetic Center (IAC)<\/strong>, k\u00f6nnen Ihnen auf dem Weg zu einem flacheren, wohlgeformten Bauch zus\u00e4tzliche Sicherheit und Ruhe bieten.<\/p>\n\t\t\t\t\t\t\t\t<\/div>\n\t\t\t\t<\/div>\n\t\t\t\t\t<\/div>\n\t\t\t\t<\/div>\n\t\t<div class=\"elementor-element elementor-element-1b39a13 e-flex e-con-boxed e-con e-child\" data-id=\"1b39a13\" data-element_type=\"container\">\n\t\t\t\t\t<div class=\"e-con-inner\">\n\t\t\t\t<div class=\"elementor-element elementor-element-de7c806 elementor-widget elementor-widget-beforeafter\" data-id=\"de7c806\" data-element_type=\"widget\" data-widget_type=\"beforeafter.default\">\n\t\t\t\t<div class=\"elementor-widget-container\">\n\t\t\t\t\t\n\n<style>\n  \n#nd_elements_beforeafter_component_14 img { float:left; width:100%; }\n\n#nd_elements_beforeafter_component_14 { \nfloat: left;\nwidth: 100% !important;\nmargin: 0px !important;\npadding: 0px !important;\nposition: relative;\n}\n\n#nd_elements_beforeafter_component_14 .ui-slider-range {\nbackground-image: url(\"http:\/\/www.istanbulaestheticcenter.com\/wp-content\/uploads\/2024\/04\/tummy-tuck-before-v1.jpg\");\nbackground-color: #000;\nz-index: 9;\nposition: absolute;\nheight: 100%;\nbackground-repeat: no-repeat;\nbackground-size: cover;\n}\n\n#nd_elements_beforeafter_component_14 .ui-slider-handle {\nbackground-color: #000;\nwidth: 4px;\nposition: absolute;\nheight: 100%;\noutline: 0px;\ncursor: ew-resize;  \n}\n\n#nd_elements_beforeafter_component_14 .ui-slider-handle:after {\ncontent: \"\";\nwidth: 40px;\nheight: 40px;\nbackground-color: #ccc;\nposition: absolute;\ntop: 50%;\nmargin-top: -20px;\nmargin-left: -18px;\nz-index: 9;\nborder-radius: 100%;\nbackground-image:url(\"http:\/\/www.istanbulaestheticcenter.com\/wp-content\/uploads\/2022\/09\/arrows.png\");\nbackground-size: 30px;\nbackground-position: center;\nbackground-repeat: no-repeat;\n}\n\n<\/style>\n\n\n<script>\njQuery( function() {\n\njQuery( \"#nd_elements_beforeafter_component_14\" ).slider({\n  value: 50,\n  orientation: \"horizontal\",\n  range: \"min\",\n  animate: true\n});\n\n} );\n<\/script>\n\n\n<div class=\"nd_elements_section nd_elements_beforeafter_component\">\n\n\t<div class=\"nd_elements_section\">\n\t\t<div id=\"nd_elements_beforeafter_component_14\">\n\t\t\t<img decoding=\"async\" src=\"http:\/\/www.istanbulaestheticcenter.com\/wp-content\/uploads\/2024\/04\/tummy-tuck-after-v1.jpg\">\n\t\t<\/div>\n\t<\/div>\n\t\n<\/div>\t\t\t\t<\/div>\n\t\t\t\t<\/div>\n\t\t\t\t<div class=\"elementor-element elementor-element-9d83911 elementor-widget elementor-widget-accordion\" data-id=\"9d83911\" data-element_type=\"widget\" data-widget_type=\"accordion.default\">\n\t\t\t\t<div class=\"elementor-widget-container\">\n\t\t\t\t\t\t\t<div class=\"elementor-accordion\">\n\t\t\t\t\t\t\t<div class=\"elementor-accordion-item\">\n\t\t\t\t\t<div id=\"elementor-tab-title-1651\" class=\"elementor-tab-title\" data-tab=\"1\" role=\"button\" aria-controls=\"elementor-tab-content-1651\" aria-expanded=\"false\">\n\t\t\t\t\t\t\t\t\t\t\t\t\t<span class=\"elementor-accordion-icon elementor-accordion-icon-left\" aria-hidden=\"true\">\n\t\t\t\t\t\t\t\t\t\t\t\t\t\t\t<span class=\"elementor-accordion-icon-closed\"><svg class=\"e-font-icon-svg e-fas-plus\" viewBox=\"0 0 448 512\" xmlns=\"http:\/\/www.w3.org\/2000\/svg\"><path d=\"M416 208H272V64c0-17.67-14.33-32-32-32h-32c-17.67 0-32 14.33-32 32v144H32c-17.67 0-32 14.33-32 32v32c0 17.67 14.33 32 32 32h144v144c0 17.67 14.33 32 32 32h32c17.67 0 32-14.33 32-32V304h144c17.67 0 32-14.33 32-32v-32c0-17.67-14.33-32-32-32z\"><\/path><\/svg><\/span>\n\t\t\t\t\t\t\t\t<span class=\"elementor-accordion-icon-opened\"><svg class=\"e-font-icon-svg e-fas-minus\" viewBox=\"0 0 448 512\" xmlns=\"http:\/\/www.w3.org\/2000\/svg\"><path d=\"M416 208H32c-17.67 0-32 14.33-32 32v32c0 17.67 14.33 32 32 32h384c17.67 0 32-14.33 32-32v-32c0-17.67-14.33-32-32-32z\"><\/path><\/svg><\/span>\n\t\t\t\t\t\t\t\t\t\t\t\t\t\t<\/span>\n\t\t\t\t\t\t\t\t\t\t\t\t<a class=\"elementor-accordion-title\" tabindex=\"0\">Sollte ich mich einer Bauchstraffungsoperation unterziehen?<\/a>\n\t\t\t\t\t<\/div>\n\t\t\t\t\t<div id=\"elementor-tab-content-1651\" class=\"elementor-tab-content elementor-clearfix\" data-tab=\"1\" role=\"region\" aria-labelledby=\"elementor-tab-title-1651\"><p>Wenn Ihr Bauch trotz Di\u00e4t und Sport nicht kleiner wird, wenn seine h\u00e4ngende Form Sie st\u00f6rt, wenn Sie mit Ihrer Kleidung nicht zufrieden sind und wenn Sie nicht vorhaben, noch einmal zu geb\u00e4ren, JA, dann k\u00f6nnen Sie sich einer \u201eBauchstraffungsoperation\u201c unterziehen.<\/p>\n<\/div>\n\t\t\t\t<\/div>\n\t\t\t\t\t\t\t<div class=\"elementor-accordion-item\">\n\t\t\t\t\t<div id=\"elementor-tab-title-1652\" class=\"elementor-tab-title\" data-tab=\"2\" role=\"button\" aria-controls=\"elementor-tab-content-1652\" aria-expanded=\"false\">\n\t\t\t\t\t\t\t\t\t\t\t\t\t<span class=\"elementor-accordion-icon elementor-accordion-icon-left\" aria-hidden=\"true\">\n\t\t\t\t\t\t\t\t\t\t\t\t\t\t\t<span class=\"elementor-accordion-icon-closed\"><svg class=\"e-font-icon-svg e-fas-plus\" viewBox=\"0 0 448 512\" xmlns=\"http:\/\/www.w3.org\/2000\/svg\"><path d=\"M416 208H272V64c0-17.67-14.33-32-32-32h-32c-17.67 0-32 14.33-32 32v144H32c-17.67 0-32 14.33-32 32v32c0 17.67 14.33 32 32 32h144v144c0 17.67 14.33 32 32 32h32c17.67 0 32-14.33 32-32V304h144c17.67 0 32-14.33 32-32v-32c0-17.67-14.33-32-32-32z\"><\/path><\/svg><\/span>\n\t\t\t\t\t\t\t\t<span class=\"elementor-accordion-icon-opened\"><svg class=\"e-font-icon-svg e-fas-minus\" viewBox=\"0 0 448 512\" xmlns=\"http:\/\/www.w3.org\/2000\/svg\"><path d=\"M416 208H32c-17.67 0-32 14.33-32 32v32c0 17.67 14.33 32 32 32h384c17.67 0 32-14.33 32-32v-32c0-17.67-14.33-32-32-32z\"><\/path><\/svg><\/span>\n\t\t\t\t\t\t\t\t\t\t\t\t\t\t<\/span>\n\t\t\t\t\t\t\t\t\t\t\t\t<a class=\"elementor-accordion-title\" tabindex=\"0\">Was sollte vor der Operation beachtet werden?<\/a>\n\t\t\t\t\t<\/div>\n\t\t\t\t\t<div id=\"elementor-tab-content-1652\" class=\"elementor-tab-content elementor-clearfix\" data-tab=\"2\" role=\"region\" aria-labelledby=\"elementor-tab-title-1652\"><p>Sie sollten Ihrem Arzt alle Ihre Erwartungen und Bedenken mitteilen. W\u00e4hrend der Untersuchung sollten Sie alle Fragen zu Ihrem allgemeinen Gesundheitszustand ausf\u00fchrlich beantworten und Ihren Arzt \u00fcber Ihre fr\u00fcheren Krankheiten und die Medikamente, die Sie einnahmen und einnehmen, informieren.<\/p>\n<\/div>\n\t\t\t\t<\/div>\n\t\t\t\t\t\t\t<div class=\"elementor-accordion-item\">\n\t\t\t\t\t<div id=\"elementor-tab-title-1653\" class=\"elementor-tab-title\" data-tab=\"3\" role=\"button\" aria-controls=\"elementor-tab-content-1653\" aria-expanded=\"false\">\n\t\t\t\t\t\t\t\t\t\t\t\t\t<span class=\"elementor-accordion-icon elementor-accordion-icon-left\" aria-hidden=\"true\">\n\t\t\t\t\t\t\t\t\t\t\t\t\t\t\t<span class=\"elementor-accordion-icon-closed\"><svg class=\"e-font-icon-svg e-fas-plus\" viewBox=\"0 0 448 512\" xmlns=\"http:\/\/www.w3.org\/2000\/svg\"><path d=\"M416 208H272V64c0-17.67-14.33-32-32-32h-32c-17.67 0-32 14.33-32 32v144H32c-17.67 0-32 14.33-32 32v32c0 17.67 14.33 32 32 32h144v144c0 17.67 14.33 32 32 32h32c17.67 0 32-14.33 32-32V304h144c17.67 0 32-14.33 32-32v-32c0-17.67-14.33-32-32-32z\"><\/path><\/svg><\/span>\n\t\t\t\t\t\t\t\t<span class=\"elementor-accordion-icon-opened\"><svg class=\"e-font-icon-svg e-fas-minus\" viewBox=\"0 0 448 512\" xmlns=\"http:\/\/www.w3.org\/2000\/svg\"><path d=\"M416 208H32c-17.67 0-32 14.33-32 32v32c0 17.67 14.33 32 32 32h384c17.67 0 32-14.33 32-32v-32c0-17.67-14.33-32-32-32z\"><\/path><\/svg><\/span>\n\t\t\t\t\t\t\t\t\t\t\t\t\t\t<\/span>\n\t\t\t\t\t\t\t\t\t\t\t\t<a class=\"elementor-accordion-title\" tabindex=\"0\">Wie wird die Operation ablaufen?<\/a>\n\t\t\t\t\t<\/div>\n\t\t\t\t\t<div id=\"elementor-tab-content-1653\" class=\"elementor-tab-content elementor-clearfix\" data-tab=\"3\" role=\"region\" aria-labelledby=\"elementor-tab-title-1653\"><p>Die Operation wird in unserem Krankenhaus unter Vollnarkose durchgef\u00fchrt und dauert 2 Stunden, Sie m\u00fcssen eine Nacht im Krankenhaus bleiben.<\/p>\n<\/div>\n\t\t\t\t<\/div>\n\t\t\t\t\t\t\t<div class=\"elementor-accordion-item\">\n\t\t\t\t\t<div id=\"elementor-tab-title-1654\" class=\"elementor-tab-title\" data-tab=\"4\" role=\"button\" aria-controls=\"elementor-tab-content-1654\" aria-expanded=\"false\">\n\t\t\t\t\t\t\t\t\t\t\t\t\t<span class=\"elementor-accordion-icon elementor-accordion-icon-left\" aria-hidden=\"true\">\n\t\t\t\t\t\t\t\t\t\t\t\t\t\t\t<span class=\"elementor-accordion-icon-closed\"><svg class=\"e-font-icon-svg e-fas-plus\" viewBox=\"0 0 448 512\" xmlns=\"http:\/\/www.w3.org\/2000\/svg\"><path d=\"M416 208H272V64c0-17.67-14.33-32-32-32h-32c-17.67 0-32 14.33-32 32v144H32c-17.67 0-32 14.33-32 32v32c0 17.67 14.33 32 32 32h144v144c0 17.67 14.33 32 32 32h32c17.67 0 32-14.33 32-32V304h144c17.67 0 32-14.33 32-32v-32c0-17.67-14.33-32-32-32z\"><\/path><\/svg><\/span>\n\t\t\t\t\t\t\t\t<span class=\"elementor-accordion-icon-opened\"><svg class=\"e-font-icon-svg e-fas-minus\" viewBox=\"0 0 448 512\" xmlns=\"http:\/\/www.w3.org\/2000\/svg\"><path d=\"M416 208H32c-17.67 0-32 14.33-32 32v32c0 17.67 14.33 32 32 32h384c17.67 0 32-14.33 32-32v-32c0-17.67-14.33-32-32-32z\"><\/path><\/svg><\/span>\n\t\t\t\t\t\t\t\t\t\t\t\t\t\t<\/span>\n\t\t\t\t\t\t\t\t\t\t\t\t<a class=\"elementor-accordion-title\" tabindex=\"0\">Was sollte man \u00fcber An\u00e4sthesie wissen?<\/a>\n\t\t\t\t\t<\/div>\n\t\t\t\t\t<div id=\"elementor-tab-content-1654\" class=\"elementor-tab-content elementor-clearfix\" data-tab=\"4\" role=\"region\" aria-labelledby=\"elementor-tab-title-1654\"><p>Vor der Operation im Genitalbereich werden Sie von einem Narkosearzt untersucht und aufgekl\u00e4rt. Blutverd\u00fcnnende Medikamente, Vitamine und Faktoren, die die Narkose beeinflussen, wie Alkohol und Rauchen, sollten ab dem von Ihrem Arzt vorgesehenen Datum abgesetzt werden.<\/p>\n<\/div>\n\t\t\t\t<\/div>\n\t\t\t\t\t\t\t<div class=\"elementor-accordion-item\">\n\t\t\t\t\t<div id=\"elementor-tab-title-1655\" class=\"elementor-tab-title\" data-tab=\"5\" role=\"button\" aria-controls=\"elementor-tab-content-1655\" aria-expanded=\"false\">\n\t\t\t\t\t\t\t\t\t\t\t\t\t<span class=\"elementor-accordion-icon elementor-accordion-icon-left\" aria-hidden=\"true\">\n\t\t\t\t\t\t\t\t\t\t\t\t\t\t\t<span class=\"elementor-accordion-icon-closed\"><svg class=\"e-font-icon-svg e-fas-plus\" viewBox=\"0 0 448 512\" xmlns=\"http:\/\/www.w3.org\/2000\/svg\"><path d=\"M416 208H272V64c0-17.67-14.33-32-32-32h-32c-17.67 0-32 14.33-32 32v144H32c-17.67 0-32 14.33-32 32v32c0 17.67 14.33 32 32 32h144v144c0 17.67 14.33 32 32 32h32c17.67 0 32-14.33 32-32V304h144c17.67 0 32-14.33 32-32v-32c0-17.67-14.33-32-32-32z\"><\/path><\/svg><\/span>\n\t\t\t\t\t\t\t\t<span class=\"elementor-accordion-icon-opened\"><svg class=\"e-font-icon-svg e-fas-minus\" viewBox=\"0 0 448 512\" xmlns=\"http:\/\/www.w3.org\/2000\/svg\"><path d=\"M416 208H32c-17.67 0-32 14.33-32 32v32c0 17.67 14.33 32 32 32h384c17.67 0 32-14.33 32-32v-32c0-17.67-14.33-32-32-32z\"><\/path><\/svg><\/span>\n\t\t\t\t\t\t\t\t\t\t\t\t\t\t<\/span>\n\t\t\t\t\t\t\t\t\t\t\t\t<a class=\"elementor-accordion-title\" tabindex=\"0\">Zeitraum der R\u00fcckkehr ins gesellschaftliche Leben nach der Operation<\/a>\n\t\t\t\t\t<\/div>\n\t\t\t\t\t<div id=\"elementor-tab-content-1655\" class=\"elementor-tab-content elementor-clearfix\" data-tab=\"5\" role=\"region\" aria-labelledby=\"elementor-tab-title-1655\"><p>Es ist von Vorteil, w\u00e4hrend der Po-Formung und der Erholungsphase f\u00fcr 3 Wochen ein Korsett zu tragen. Falls Ihr Arzt es genehmigt, wird die Anwendung von VelaShape III (Vakuum + Massage) f\u00fcr eine Zunahme des Kollagens sorgen und den Erholungsprozess beschleunigen. Nach einer Woche kann man das gesellschaftliche Leben wieder aufnehmen.<\/p>\n<\/div>\n\t\t\t\t<\/div>\n\t\t\t\t\t\t\t\t<\/div>\n\t\t\t\t\t\t<\/div>\n\t\t\t\t<\/div>\n\t\t\t\t\t<\/div>\n\t\t\t\t<\/div>\n\t\t\t\t\t<\/div>\n\t\t\t\t<\/div>\n\t\t\t\t<\/div>\n\t\t","protected":false},"excerpt":{"rendered":"<p>Was ist eine Bauchstraffungsoperation? Die Bauchdeckenstraffung, auch Abdominoplastik genannt, ist ein kosmetischer chirurgischer Eingriff, der darauf abzielt, das Aussehen des Bauches zu verbessern, indem \u00fcbersch\u00fcssige Haut und Fett entfernt und die darunter liegenden Muskeln gestrafft werden. Dieser Eingriff wird h\u00e4ufig von Personen in Anspruch genommen, bei denen eine starke Gewichtsabnahme, eine Schwangerschaft oder der Alterungsprozess [&hellip;]<\/p>\n","protected":false},"author":1,"featured_media":0,"parent":16797,"menu_order":0,"comment_status":"closed","ping_status":"closed","template":"","meta":{"_themeisle_gutenberg_block_has_review":false,"footnotes":""},"class_list":["post-16782","page","type-page","status-publish","hentry"],"_links":{"self":[{"href":"https:\/\/www.istanbulaestheticcenter.com\/de\/wp-json\/wp\/v2\/pages\/16782","targetHints":{"allow":["GET"]}}],"collection":[{"href":"https:\/\/www.istanbulaestheticcenter.com\/de\/wp-json\/wp\/v2\/pages"}],"about":[{"href":"https:\/\/www.istanbulaestheticcenter.com\/de\/wp-json\/wp\/v2\/types\/page"}],"author":[{"embeddable":true,"href":"https:\/\/www.istanbulaestheticcenter.com\/de\/wp-json\/wp\/v2\/users\/1"}],"replies":[{"embeddable":true,"href":"https:\/\/www.istanbulaestheticcenter.com\/de\/wp-json\/wp\/v2\/comments?post=16782"}],"version-history":[{"count":1,"href":"https:\/\/www.istanbulaestheticcenter.com\/de\/wp-json\/wp\/v2\/pages\/16782\/revisions"}],"predecessor-version":[{"id":16783,"href":"https:\/\/www.istanbulaestheticcenter.com\/de\/wp-json\/wp\/v2\/pages\/16782\/revisions\/16783"}],"up":[{"embeddable":true,"href":"https:\/\/www.istanbulaestheticcenter.com\/de\/wp-json\/wp\/v2\/pages\/16797"}],"wp:attachment":[{"href":"https:\/\/www.istanbulaestheticcenter.com\/de\/wp-json\/wp\/v2\/media?parent=16782"}],"curies":[{"name":"wp","href":"https:\/\/api.w.org\/{rel}","templated":true}]}}