{"id":16436,"date":"2024-04-20T16:57:55","date_gmt":"2024-04-20T13:57:55","guid":{"rendered":"https:\/\/www.istanbulaestheticcenter.com\/hafif-dolgu\/"},"modified":"2024-04-29T21:51:50","modified_gmt":"2024-04-29T18:51:50","slug":"hafif-dolgu","status":"publish","type":"page","link":"http:\/\/www.istanbulaestheticcenter.com\/tr\/medikal-estetik\/hafif-dolgu\/","title":{"rendered":"Hafif Dolgu"},"content":{"rendered":"\t\t<div data-elementor-type=\"wp-page\" data-elementor-id=\"16436\" class=\"elementor elementor-16436 elementor-13410\">\n\t\t\t\t<div class=\"elementor-element elementor-element-e9f0f8c e-flex e-con-boxed e-con e-parent\" data-id=\"e9f0f8c\" data-element_type=\"container\">\n\t\t\t\t\t<div class=\"e-con-inner\">\n\t\t<div class=\"elementor-element elementor-element-b0db3b0 e-flex e-con-boxed e-con e-child\" data-id=\"b0db3b0\" data-element_type=\"container\">\n\t\t\t\t\t<div class=\"e-con-inner\">\n\t\t\t\t<div class=\"elementor-element elementor-element-3618527 elementor-widget elementor-widget-image\" data-id=\"3618527\" data-element_type=\"widget\" data-widget_type=\"image.default\">\n\t\t\t\t<div class=\"elementor-widget-container\">\n\t\t\t\t\t\t\t\t\t\t\t\t\t\t\t<img fetchpriority=\"high\" decoding=\"async\" width=\"1024\" height=\"525\" src=\"http:\/\/www.istanbulaestheticcenter.com\/wp-content\/uploads\/2024\/04\/light-filing-1024x525.jpg\" class=\"attachment-large size-large wp-image-16143\" alt=\"\" srcset=\"http:\/\/www.istanbulaestheticcenter.com\/wp-content\/uploads\/2024\/04\/light-filing-1024x525.jpg 1024w, http:\/\/www.istanbulaestheticcenter.com\/wp-content\/uploads\/2024\/04\/light-filing-300x154.jpg 300w, http:\/\/www.istanbulaestheticcenter.com\/wp-content\/uploads\/2024\/04\/light-filing-768x394.jpg 768w, http:\/\/www.istanbulaestheticcenter.com\/wp-content\/uploads\/2024\/04\/light-filing-1000x513.jpg 1000w, http:\/\/www.istanbulaestheticcenter.com\/wp-content\/uploads\/2024\/04\/light-filing-1110x570.jpg 1110w, http:\/\/www.istanbulaestheticcenter.com\/wp-content\/uploads\/2024\/04\/light-filing.jpg 1120w\" sizes=\"(max-width: 1024px) 100vw, 1024px\" \/>\t\t\t\t\t\t\t\t\t\t\t\t\t\t\t<\/div>\n\t\t\t\t<\/div>\n\t\t\t\t\t<\/div>\n\t\t\t\t<\/div>\n\t\t\t\t\t<\/div>\n\t\t\t\t<\/div>\n\t\t<div class=\"elementor-element elementor-element-3f7c041 e-flex e-con-boxed e-con e-parent\" data-id=\"3f7c041\" data-element_type=\"container\">\n\t\t\t\t\t<div class=\"e-con-inner\">\n\t\t<div class=\"elementor-element elementor-element-50bb1f7 e-con-full e-flex e-con e-child\" data-id=\"50bb1f7\" data-element_type=\"container\">\n\t\t\t\t<div class=\"elementor-element elementor-element-1fc6a50 elementor-widget elementor-widget-heading\" data-id=\"1fc6a50\" data-element_type=\"widget\" data-widget_type=\"heading.default\">\n\t\t\t\t<div class=\"elementor-widget-container\">\n\t\t\t\t\t<h2 class=\"elementor-heading-title elementor-size-default\">Hafif Dolgu<\/h2>\t\t\t\t<\/div>\n\t\t\t\t<\/div>\n\t\t\t\t<\/div>\n\t\t\t\t\t<\/div>\n\t\t\t\t<\/div>\n\t\t<div class=\"elementor-element elementor-element-6c61f6a e-flex e-con-boxed e-con e-parent\" data-id=\"6c61f6a\" data-element_type=\"container\">\n\t\t\t\t\t<div class=\"e-con-inner\">\n\t\t<div class=\"elementor-element elementor-element-ff38a62 e-con-full e-flex e-con e-child\" data-id=\"ff38a62\" data-element_type=\"container\">\n\t\t\t\t<div class=\"elementor-element elementor-element-2e58aa8 elementor-widget elementor-widget-text-editor\" data-id=\"2e58aa8\" data-element_type=\"widget\" data-widget_type=\"text-editor.default\">\n\t\t\t\t<div class=\"elementor-widget-container\">\n\t\t\t\t\t\t\t\t\t<p>Kozmetik prosed\u00fcrler ba\u011flam\u0131nda &#8220;\u0131\u015f\u0131k dolgusu&#8221; genellikle y\u00fcze hacim kazand\u0131rmak ve k\u0131r\u0131\u015f\u0131kl\u0131klar\u0131n, \u00e7izgilerin veya \u00e7ukur alanlar\u0131n g\u00f6r\u00fcn\u00fcm\u00fcn\u00fc azaltmak i\u00e7in kullan\u0131lan minimal invaziv bir tekni\u011fi ifade eder. Tipik olarak, cildi dolgunla\u015ft\u0131rmak ve kaybedilen hacmi geri kazand\u0131rmak i\u00e7in tasarlanm\u0131\u015f enjekte edilebilir maddeler olan dermal dolgu maddelerinin kullan\u0131m\u0131n\u0131 i\u00e7erir.<\/p>\n<p>\u0130\u015fte dermal dolgu maddeleri ile \u0131\u015f\u0131k dolgusuna genel bir bak\u0131\u015f:<\/p>\n<ol>\n<li>\n<p><strong>Kons\u00fcltasyon<\/strong>: \u0130\u015flemden \u00f6nce, hasta nitelikli bir kozmetik cerrah veya dermatolog ile bir kons\u00fcltasyon yapacakt\u0131r. Bu kons\u00fcltasyon s\u0131ras\u0131nda, sa\u011flay\u0131c\u0131 hastan\u0131n y\u00fcz anatomisini de\u011ferlendirecek, hedeflerini ve endi\u015felerini tart\u0131\u015facak ve dermal dolgularla \u0131\u015f\u0131k dolgusunun uygun bir tedavi se\u00e7ene\u011fi olup olmad\u0131\u011f\u0131n\u0131 belirleyecektir.<\/p>\n<\/li>\n<li>\n<p><strong>Dermal Dolgu Maddelerinin Se\u00e7imi<\/strong>: Her biri kendine \u00f6zg\u00fc \u00f6zelliklere ve endikasyonlara sahip \u00e7e\u015fitli dermal dolgu t\u00fcrleri mevcuttur. Hafif dolgu i\u00e7in, nemi \u00e7ekme ve tutma yetenekleri nedeniyle hyaluronik asit bazl\u0131 dolgular yayg\u0131n olarak kullan\u0131l\u0131r ve do\u011fal g\u00f6r\u00fcn\u00fcml\u00fc ve nemli bir g\u00f6r\u00fcn\u00fcm sa\u011flar. Se\u00e7ilen dolgu maddesinin spesifik t\u00fcr\u00fc ve markas\u0131, tedavi edilen alan, k\u0131r\u0131\u015f\u0131kl\u0131klar\u0131n veya \u00e7izgilerin derinli\u011fi ve hastan\u0131n bireysel tercihleri gibi fakt\u00f6rlere ba\u011fl\u0131 olacakt\u0131r.<\/p>\n<\/li>\n<li>\n<p><strong>Enjeksiyon Tekni\u011fi<\/strong>: Prosed\u00fcr s\u0131ras\u0131nda, sa\u011flay\u0131c\u0131 ince bir i\u011fne veya kan\u00fcl kullanarak y\u00fcz\u00fcn hedeflenen b\u00f6lgelerine stratejik olarak k\u00fc\u00e7\u00fck miktarlarda dermal dolgu maddesi enjekte edecektir. I\u015f\u0131k dolgusu i\u00e7in yayg\u0131n b\u00f6lgeler aras\u0131nda yanaklar, \u015fakaklar, g\u00f6z alt\u0131 b\u00f6lgesi, nazolabial k\u0131vr\u0131mlar (g\u00fcl\u00fcmseme \u00e7izgileri), marionette \u00e7izgileri ve dudaklar bulunur. Enjeksiyonlar genellikle h\u0131zl\u0131 ve nispeten a\u011fr\u0131s\u0131zd\u0131r ve anestezi gerekmez.<\/p>\n<\/li>\n<li>\n<p><strong>Sonu\u00e7lar<\/strong>: Dermal dolgularla yap\u0131lan \u0131\u015f\u0131k dolgusunun etkileri genellikle an\u0131nda g\u00f6r\u00fcl\u00fcr ve tedavi edilen b\u00f6lgelerde hacim ve p\u00fcr\u00fczs\u00fczl\u00fckte g\u00f6zle g\u00f6r\u00fcl\u00fcr iyile\u015fmeler sa\u011flan\u0131r. Hastalar enjeksiyon b\u00f6lgelerinde hafif \u015fi\u015flik, k\u0131zar\u0131kl\u0131k veya morarma ya\u015fayabilir ve bu durum genellikle birka\u00e7 g\u00fcn i\u00e7inde d\u00fczelir. I\u015f\u0131k dolgusunun sonu\u00e7lar\u0131, kullan\u0131lan dolgu t\u00fcr\u00fcne ve metabolizma ve ya\u015fam tarz\u0131 al\u0131\u015fkanl\u0131klar\u0131 gibi bireysel fakt\u00f6rlere ba\u011fl\u0131 olarak birka\u00e7 aydan bir y\u0131l veya daha uzun s\u00fcrebilir.<\/p>\n<\/li>\n<\/ol>\n\t\t\t\t\t\t\t\t<\/div>\n\t\t\t\t<\/div>\n\t\t\t\t<\/div>\n\t\t<div class=\"elementor-element elementor-element-6ece47f e-con-full e-flex e-con e-child\" data-id=\"6ece47f\" data-element_type=\"container\">\n\t\t\t\t<div class=\"elementor-element elementor-element-fafeb30 elementor-widget elementor-widget-text-editor\" data-id=\"fafeb30\" data-element_type=\"widget\" data-widget_type=\"text-editor.default\">\n\t\t\t\t<div class=\"elementor-widget-container\">\n\t\t\t\t\t\t\t\t\t<p>Dermal dolgu maddeleri ile \u0131\u015f\u0131k dolgusu, ameliyat veya kesinti gerektirmeden y\u00fcz\u00fc gen\u00e7le\u015ftirmek ve y\u00fcz hatlar\u0131n\u0131 geli\u015ftirmek i\u00e7in g\u00fcvenli ve etkili bir tedavidir. Kaybedilen hacmi geri kazand\u0131rarak ve ince \u00e7izgi ve k\u0131r\u0131\u015f\u0131kl\u0131klar\u0131n g\u00f6r\u00fcn\u00fcm\u00fcn\u00fc yumu\u015fatarak tazelenmi\u015f, daha gen\u00e7 bir g\u00f6r\u00fcn\u00fcm elde edilmesine yard\u0131mc\u0131 olabilir. Bununla birlikte, m\u00fcmk\u00fcn olan en iyi sonucu elde etmek ve komplikasyon riskini en aza indirmek i\u00e7in nitelikli ve deneyimli bir sa\u011flay\u0131c\u0131dan dermal dolgu maddeleri ile hafif dolgu yapt\u0131rmak \u00e7ok \u00f6nemlidir. <strong>\u0130stanbul Estetik Merkezi (IAC<\/strong>) gibi kozmetik prosed\u00fcrlerde uzmanl\u0131\u011fa sahip sayg\u0131n klinikler, tedavi yolculu\u011funuz s\u0131ras\u0131nda daha fazla g\u00fcvence ve g\u00f6n\u00fcl rahatl\u0131\u011f\u0131 sa\u011flayabilir.<\/p>\n\t\t\t\t\t\t\t\t<\/div>\n\t\t\t\t<\/div>\n\t\t\t\t<div class=\"elementor-element elementor-element-dbbdc3e elementor-widget elementor-widget-image\" data-id=\"dbbdc3e\" data-element_type=\"widget\" data-widget_type=\"image.default\">\n\t\t\t\t<div class=\"elementor-widget-container\">\n\t\t\t\t\t\t\t\t\t\t\t\t\t\t\t<img decoding=\"async\" width=\"1024\" height=\"1024\" src=\"http:\/\/www.istanbulaestheticcenter.com\/wp-content\/uploads\/2024\/04\/light-filling-2.jpg\" class=\"attachment-large size-large wp-image-16150\" alt=\"\" srcset=\"http:\/\/www.istanbulaestheticcenter.com\/wp-content\/uploads\/2024\/04\/light-filling-2.jpg 1024w, http:\/\/www.istanbulaestheticcenter.com\/wp-content\/uploads\/2024\/04\/light-filling-2-300x300.jpg 300w, http:\/\/www.istanbulaestheticcenter.com\/wp-content\/uploads\/2024\/04\/light-filling-2-150x150.jpg 150w, http:\/\/www.istanbulaestheticcenter.com\/wp-content\/uploads\/2024\/04\/light-filling-2-768x768.jpg 768w, http:\/\/www.istanbulaestheticcenter.com\/wp-content\/uploads\/2024\/04\/light-filling-2-720x720.jpg 720w\" sizes=\"(max-width: 1024px) 100vw, 1024px\" \/>\t\t\t\t\t\t\t\t\t\t\t\t\t\t\t<\/div>\n\t\t\t\t<\/div>\n\t\t\t\t<\/div>\n\t\t\t\t\t<\/div>\n\t\t\t\t<\/div>\n\t\t\t\t<\/div>\n\t\t","protected":false},"excerpt":{"rendered":"<p>Hafif Dolgu Kozmetik prosed\u00fcrler ba\u011flam\u0131nda &#8220;\u0131\u015f\u0131k dolgusu&#8221; genellikle y\u00fcze hacim kazand\u0131rmak ve k\u0131r\u0131\u015f\u0131kl\u0131klar\u0131n, \u00e7izgilerin veya \u00e7ukur alanlar\u0131n g\u00f6r\u00fcn\u00fcm\u00fcn\u00fc azaltmak i\u00e7in kullan\u0131lan minimal invaziv bir tekni\u011fi ifade eder. Tipik olarak, cildi dolgunla\u015ft\u0131rmak ve kaybedilen hacmi geri kazand\u0131rmak i\u00e7in tasarlanm\u0131\u015f enjekte edilebilir maddeler olan dermal dolgu maddelerinin kullan\u0131m\u0131n\u0131 i\u00e7erir. \u0130\u015fte dermal dolgu maddeleri ile \u0131\u015f\u0131k dolgusuna genel [&hellip;]<\/p>\n","protected":false},"author":1,"featured_media":0,"parent":16934,"menu_order":0,"comment_status":"closed","ping_status":"closed","template":"","meta":{"_themeisle_gutenberg_block_has_review":false,"footnotes":""},"class_list":["post-16436","page","type-page","status-publish","hentry"],"_links":{"self":[{"href":"http:\/\/www.istanbulaestheticcenter.com\/tr\/wp-json\/wp\/v2\/pages\/16436","targetHints":{"allow":["GET"]}}],"collection":[{"href":"http:\/\/www.istanbulaestheticcenter.com\/tr\/wp-json\/wp\/v2\/pages"}],"about":[{"href":"http:\/\/www.istanbulaestheticcenter.com\/tr\/wp-json\/wp\/v2\/types\/page"}],"author":[{"embeddable":true,"href":"http:\/\/www.istanbulaestheticcenter.com\/tr\/wp-json\/wp\/v2\/users\/1"}],"replies":[{"embeddable":true,"href":"http:\/\/www.istanbulaestheticcenter.com\/tr\/wp-json\/wp\/v2\/comments?post=16436"}],"version-history":[{"count":3,"href":"http:\/\/www.istanbulaestheticcenter.com\/tr\/wp-json\/wp\/v2\/pages\/16436\/revisions"}],"predecessor-version":[{"id":16442,"href":"http:\/\/www.istanbulaestheticcenter.com\/tr\/wp-json\/wp\/v2\/pages\/16436\/revisions\/16442"}],"up":[{"embeddable":true,"href":"http:\/\/www.istanbulaestheticcenter.com\/tr\/wp-json\/wp\/v2\/pages\/16934"}],"wp:attachment":[{"href":"http:\/\/www.istanbulaestheticcenter.com\/tr\/wp-json\/wp\/v2\/media?parent=16436"}],"curies":[{"name":"wp","href":"https:\/\/api.w.org\/{rel}","templated":true}]}}