{"id":16420,"date":"2024-04-20T02:29:00","date_gmt":"2024-04-19T23:29:00","guid":{"rendered":"https:\/\/www.istanbulaestheticcenter.com\/meme-buyutme\/"},"modified":"2024-04-29T21:48:22","modified_gmt":"2024-04-29T18:48:22","slug":"meme-buyutme","status":"publish","type":"page","link":"http:\/\/www.istanbulaestheticcenter.com\/tr\/mammoplasti\/meme-buyutme\/","title":{"rendered":"Meme B\u00fcy\u00fctme"},"content":{"rendered":"\t\t<div data-elementor-type=\"wp-page\" data-elementor-id=\"16420\" class=\"elementor elementor-16420 elementor-13256\">\n\t\t\t\t<div class=\"elementor-element elementor-element-e9f0f8c e-flex e-con-boxed e-con e-parent\" data-id=\"e9f0f8c\" data-element_type=\"container\">\n\t\t\t\t\t<div class=\"e-con-inner\">\n\t\t<div class=\"elementor-element elementor-element-b0db3b0 e-flex e-con-boxed e-con e-child\" data-id=\"b0db3b0\" data-element_type=\"container\">\n\t\t\t\t\t<div class=\"e-con-inner\">\n\t\t\t\t<div class=\"elementor-element elementor-element-e35db52 elementor-widget elementor-widget-image\" data-id=\"e35db52\" data-element_type=\"widget\" data-widget_type=\"image.default\">\n\t\t\t\t<div class=\"elementor-widget-container\">\n\t\t\t\t\t\t\t\t\t\t\t\t\t\t\t<img fetchpriority=\"high\" decoding=\"async\" width=\"1024\" height=\"525\" src=\"http:\/\/www.istanbulaestheticcenter.com\/wp-content\/uploads\/2024\/04\/breat-aug-1024x525.jpg\" class=\"attachment-large size-large wp-image-16024\" alt=\"\" srcset=\"http:\/\/www.istanbulaestheticcenter.com\/wp-content\/uploads\/2024\/04\/breat-aug-1024x525.jpg 1024w, http:\/\/www.istanbulaestheticcenter.com\/wp-content\/uploads\/2024\/04\/breat-aug-300x154.jpg 300w, http:\/\/www.istanbulaestheticcenter.com\/wp-content\/uploads\/2024\/04\/breat-aug-768x394.jpg 768w, http:\/\/www.istanbulaestheticcenter.com\/wp-content\/uploads\/2024\/04\/breat-aug-1000x513.jpg 1000w, http:\/\/www.istanbulaestheticcenter.com\/wp-content\/uploads\/2024\/04\/breat-aug-1110x570.jpg 1110w, http:\/\/www.istanbulaestheticcenter.com\/wp-content\/uploads\/2024\/04\/breat-aug.jpg 1120w\" sizes=\"(max-width: 1024px) 100vw, 1024px\" \/>\t\t\t\t\t\t\t\t\t\t\t\t\t\t\t<\/div>\n\t\t\t\t<\/div>\n\t\t\t\t\t<\/div>\n\t\t\t\t<\/div>\n\t\t\t\t\t<\/div>\n\t\t\t\t<\/div>\n\t\t<div class=\"elementor-element elementor-element-3f7c041 e-flex e-con-boxed e-con e-parent\" data-id=\"3f7c041\" data-element_type=\"container\">\n\t\t\t\t\t<div class=\"e-con-inner\">\n\t\t<div class=\"elementor-element elementor-element-50bb1f7 e-con-full e-flex e-con e-child\" data-id=\"50bb1f7\" data-element_type=\"container\">\n\t\t\t\t<div class=\"elementor-element elementor-element-1fc6a50 elementor-widget elementor-widget-heading\" data-id=\"1fc6a50\" data-element_type=\"widget\" data-widget_type=\"heading.default\">\n\t\t\t\t<div class=\"elementor-widget-container\">\n\t\t\t\t\t<h2 class=\"elementor-heading-title elementor-size-default\">Meme B\u00fcy\u00fctme Ameliyat\u0131 Nedir?<\/h2>\t\t\t\t<\/div>\n\t\t\t\t<\/div>\n\t\t\t\t<div class=\"elementor-element elementor-element-a63c1e5 elementor-widget elementor-widget-text-editor\" data-id=\"a63c1e5\" data-element_type=\"widget\" data-widget_type=\"text-editor.default\">\n\t\t\t\t<div class=\"elementor-widget-container\">\n\t\t\t\t\t\t\t\t\t<p>B\u00fcy\u00fctme mamoplastisi olarak da bilinen meme b\u00fcy\u00fctme, implantlar veya ya\u011f transferi teknikleri kullan\u0131larak memelerin boyutunu, dolgunlu\u011funu ve projeksiyonunu art\u0131rmay\u0131 ama\u00e7layan kozmetik bir cerrahi prosed\u00fcrd\u00fcr. Bu prosed\u00fcr genellikle daha b\u00fcy\u00fck g\u00f6\u011f\u00fcsler isteyen, g\u00f6\u011f\u00fcs \u015feklini veya simetrisini geli\u015ftirmek isteyen veya hamilelik, emzirme, kilo kayb\u0131 veya ya\u015flanma gibi fakt\u00f6rler nedeniyle kaybedilen g\u00f6\u011f\u00fcs hacmini geri kazanmak isteyen ki\u015filer taraf\u0131ndan aran\u0131r.<\/p>\n<p>\u0130\u015fte meme b\u00fcy\u00fctme ameliyat\u0131n\u0131n tipik olarak nas\u0131l yap\u0131ld\u0131\u011f\u0131na dair genel bir bak\u0131\u015f:<\/p>\n<ol>\n<li>\n<p><strong>Kons\u00fcltasyon<\/strong>: Prosed\u00fcrden \u00f6nce hasta, hedeflerini, beklentilerini ve t\u0131bbi ge\u00e7mi\u015fini tart\u0131\u015fmak i\u00e7in nitelikli bir plastik cerrahla bir kons\u00fcltasyon yapacakt\u0131r. Cerrah, meme b\u00fcy\u00fctme i\u00e7in en uygun yakla\u015f\u0131m\u0131 belirlemek i\u00e7in hastan\u0131n meme anatomisini, cilt elastikiyetini ve istenen sonucu de\u011ferlendirecektir.<\/p>\n<\/li>\n<li>\n<p><strong>\u0130mplant Se\u00e7imi<\/strong>: B\u00fcy\u00fctme y\u00f6ntemi olarak implantlar se\u00e7ilirse, hasta v\u00fccut oranlar\u0131na, estetik tercihlerine ve cerrahi hedeflerine g\u00f6re uygun boyut, \u015fekil ve implant t\u00fcr\u00fcn\u00fc se\u00e7mek i\u00e7in cerrahla birlikte \u00e7al\u0131\u015facakt\u0131r. \u0130mplantlar tipik olarak salin veya silikon jel ile doldurulur ve \u00e7e\u015fitli boyutlarda, profillerde ve dokularda gelir.<\/p>\n<\/li>\n<li>\n<p><strong>Anestezi<\/strong>: Meme b\u00fcy\u00fctme ameliyat\u0131, hastan\u0131n tercihlerine ve i\u015flemin kapsam\u0131na ba\u011fl\u0131 olarak genel anestezi veya sedasyonlu lokal anestezi alt\u0131nda yap\u0131labilir.<\/p>\n<\/li>\n<li>\n<p><strong>Kesiler<\/strong>: Cerrah g\u00f6\u011f\u00fcslerde tipik olarak birka\u00e7 yerden birinde gizli kesiler yapacakt\u0131r: areola \u00e7evresinde (periareolar insizyon), g\u00f6\u011f\u00fcs k\u0131vr\u0131m\u0131n\u0131n alt\u0131nda (meme alt\u0131 insizyon) veya koltuk alt\u0131nda (transaksiller insizyon). Kesi yerinin se\u00e7imi hastan\u0131n anatomisi, implant tipi ve istenen sonu\u00e7 gibi fakt\u00f6rlere ba\u011fl\u0131 olacakt\u0131r.<\/p>\n<\/li>\n<li>\n<p><strong>\u0130mplant Yerle\u015ftirme<\/strong>: Kesiler yap\u0131ld\u0131ktan sonra, cerrah implantlar\u0131 yerle\u015ftirmek i\u00e7in ya meme dokusunun arkas\u0131nda (subgland\u00fcler yerle\u015ftirme) ya da g\u00f6\u011f\u00fcs kas\u0131n\u0131n alt\u0131nda (submusk\u00fcler yerle\u015ftirme) bir cep olu\u015fturacakt\u0131r. \u0130mplantlar\u0131n yerle\u015ftirilmesi hastan\u0131n anatomisi, implant boyutu ve istenen sonu\u00e7 gibi fakt\u00f6rlere ba\u011fl\u0131 olacakt\u0131r.<\/p>\n<\/li>\n<li>\n<p><strong>\u0130mplant Yerle\u015ftirilmesi<\/strong>: \u0130mplantlar cerrah taraf\u0131ndan olu\u015fturulan ceplere dikkatlice yerle\u015ftirilir ve istenen meme \u015fekli ve simetrisini elde etmek i\u00e7in konumlar\u0131 ve hizalar\u0131 ayarlan\u0131r.<\/p>\n<\/li>\n<li>\n<p><strong>Kapatma<\/strong>: \u0130mplantlar yerle\u015ftirildikten sonra kesiler diki\u015flerle kapat\u0131l\u0131r ve cerrahi b\u00f6lgeleri korumak i\u00e7in gerekli pansumanlar veya bandajlar uygulan\u0131r.<\/p>\n<\/li>\n<li>\n<p><strong>\u0130yile\u015fme<\/strong>: \u0130\u015flemden sonra hastalar tipik olarak a\u011fr\u0131 kesici ila\u00e7lar ve cerrahi s\u00fctyen gibi destekleyici giysilerle y\u00f6netilebilen bir miktar \u015fi\u015flik, morarma ve rahats\u0131zl\u0131k ya\u015farlar. Uygun iyile\u015fmeyi kolayla\u015ft\u0131rmak ve sonu\u00e7lar\u0131 optimize etmek i\u00e7in cerrah taraf\u0131ndan sa\u011flanan ameliyat sonras\u0131 talimatlara uymak \u00e7ok \u00f6nemlidir.<\/p>\n<\/li>\n<\/ol>\n\t\t\t\t\t\t\t\t<\/div>\n\t\t\t\t<\/div>\n\t\t\t\t<\/div>\n\t\t<div class=\"elementor-element elementor-element-1cd2b8e e-con-full e-flex e-con e-child\" data-id=\"1cd2b8e\" data-element_type=\"container\">\n\t\t\t\t<div class=\"elementor-element elementor-element-9d83911 elementor-widget elementor-widget-accordion\" data-id=\"9d83911\" data-element_type=\"widget\" data-widget_type=\"accordion.default\">\n\t\t\t\t<div class=\"elementor-widget-container\">\n\t\t\t\t\t\t\t<div class=\"elementor-accordion\">\n\t\t\t\t\t\t\t<div class=\"elementor-accordion-item\">\n\t\t\t\t\t<div id=\"elementor-tab-title-1651\" class=\"elementor-tab-title\" data-tab=\"1\" role=\"button\" aria-controls=\"elementor-tab-content-1651\" aria-expanded=\"false\">\n\t\t\t\t\t\t\t\t\t\t\t\t\t<span class=\"elementor-accordion-icon elementor-accordion-icon-left\" aria-hidden=\"true\">\n\t\t\t\t\t\t\t\t\t\t\t\t\t\t\t<span class=\"elementor-accordion-icon-closed\"><svg class=\"e-font-icon-svg e-fas-plus\" viewBox=\"0 0 448 512\" xmlns=\"http:\/\/www.w3.org\/2000\/svg\"><path d=\"M416 208H272V64c0-17.67-14.33-32-32-32h-32c-17.67 0-32 14.33-32 32v144H32c-17.67 0-32 14.33-32 32v32c0 17.67 14.33 32 32 32h144v144c0 17.67 14.33 32 32 32h32c17.67 0 32-14.33 32-32V304h144c17.67 0 32-14.33 32-32v-32c0-17.67-14.33-32-32-32z\"><\/path><\/svg><\/span>\n\t\t\t\t\t\t\t\t<span class=\"elementor-accordion-icon-opened\"><svg class=\"e-font-icon-svg e-fas-minus\" viewBox=\"0 0 448 512\" xmlns=\"http:\/\/www.w3.org\/2000\/svg\"><path d=\"M416 208H32c-17.67 0-32 14.33-32 32v32c0 17.67 14.33 32 32 32h384c17.67 0 32-14.33 32-32v-32c0-17.67-14.33-32-32-32z\"><\/path><\/svg><\/span>\n\t\t\t\t\t\t\t\t\t\t\t\t\t\t<\/span>\n\t\t\t\t\t\t\t\t\t\t\t\t<a class=\"elementor-accordion-title\" tabindex=\"0\">Meme B\u00fcy\u00fctme Ameliyat\u0131 Olmal\u0131 M\u0131y\u0131m?<\/a>\n\t\t\t\t\t<\/div>\n\t\t\t\t\t<div id=\"elementor-tab-content-1651\" class=\"elementor-tab-content elementor-clearfix\" data-tab=\"1\" role=\"region\" aria-labelledby=\"elementor-tab-title-1651\"><p>Kal\u00e7a-g\u00f6\u011f\u00fcs orant\u0131n\u0131z sorunluysa, k\u0131yafet\/mayo se\u00e7iminde zorlan\u0131yorsan\u0131z ve g\u00f6\u011f\u00fcslerinizin k\u00fc\u00e7\u00fck olmas\u0131 sosyal hayat\u0131n\u0131z\u0131 etkiliyorsa EVET, siz &#8220;Meme B\u00fcy\u00fctme Ameliyat\u0131&#8221; i\u00e7in uygun bir hastas\u0131n\u0131z.<\/p>\n<\/div>\n\t\t\t\t<\/div>\n\t\t\t\t\t\t\t<div class=\"elementor-accordion-item\">\n\t\t\t\t\t<div id=\"elementor-tab-title-1652\" class=\"elementor-tab-title\" data-tab=\"2\" role=\"button\" aria-controls=\"elementor-tab-content-1652\" aria-expanded=\"false\">\n\t\t\t\t\t\t\t\t\t\t\t\t\t<span class=\"elementor-accordion-icon elementor-accordion-icon-left\" aria-hidden=\"true\">\n\t\t\t\t\t\t\t\t\t\t\t\t\t\t\t<span class=\"elementor-accordion-icon-closed\"><svg class=\"e-font-icon-svg e-fas-plus\" viewBox=\"0 0 448 512\" xmlns=\"http:\/\/www.w3.org\/2000\/svg\"><path d=\"M416 208H272V64c0-17.67-14.33-32-32-32h-32c-17.67 0-32 14.33-32 32v144H32c-17.67 0-32 14.33-32 32v32c0 17.67 14.33 32 32 32h144v144c0 17.67 14.33 32 32 32h32c17.67 0 32-14.33 32-32V304h144c17.67 0 32-14.33 32-32v-32c0-17.67-14.33-32-32-32z\"><\/path><\/svg><\/span>\n\t\t\t\t\t\t\t\t<span class=\"elementor-accordion-icon-opened\"><svg class=\"e-font-icon-svg e-fas-minus\" viewBox=\"0 0 448 512\" xmlns=\"http:\/\/www.w3.org\/2000\/svg\"><path d=\"M416 208H32c-17.67 0-32 14.33-32 32v32c0 17.67 14.33 32 32 32h384c17.67 0 32-14.33 32-32v-32c0-17.67-14.33-32-32-32z\"><\/path><\/svg><\/span>\n\t\t\t\t\t\t\t\t\t\t\t\t\t\t<\/span>\n\t\t\t\t\t\t\t\t\t\t\t\t<a class=\"elementor-accordion-title\" tabindex=\"0\">Ameliyat \u00d6ncesi Nelere Dikkat Edilmelidir?<\/a>\n\t\t\t\t\t<\/div>\n\t\t\t\t\t<div id=\"elementor-tab-content-1652\" class=\"elementor-tab-content elementor-clearfix\" data-tab=\"2\" role=\"region\" aria-labelledby=\"elementor-tab-title-1652\"><p>T\u00fcm beklentilerinizi ve endi\u015felerinizi doktorunuzla payla\u015fman\u0131zda fayda var. Muayene s\u0131ras\u0131nda genel sa\u011fl\u0131k durumunuzla ilgili sorulacak sorular\u0131 ayr\u0131nt\u0131l\u0131 olarak yan\u0131tlamal\u0131, ge\u00e7irdi\u011finiz hastal\u0131klar ve kulland\u0131\u011f\u0131n\u0131z ila\u00e7lar hakk\u0131nda doktorunuzu bilgilendirmelisiniz.<\/p>\n<\/div>\n\t\t\t\t<\/div>\n\t\t\t\t\t\t\t<div class=\"elementor-accordion-item\">\n\t\t\t\t\t<div id=\"elementor-tab-title-1653\" class=\"elementor-tab-title\" data-tab=\"3\" role=\"button\" aria-controls=\"elementor-tab-content-1653\" aria-expanded=\"false\">\n\t\t\t\t\t\t\t\t\t\t\t\t\t<span class=\"elementor-accordion-icon elementor-accordion-icon-left\" aria-hidden=\"true\">\n\t\t\t\t\t\t\t\t\t\t\t\t\t\t\t<span class=\"elementor-accordion-icon-closed\"><svg class=\"e-font-icon-svg e-fas-plus\" viewBox=\"0 0 448 512\" xmlns=\"http:\/\/www.w3.org\/2000\/svg\"><path d=\"M416 208H272V64c0-17.67-14.33-32-32-32h-32c-17.67 0-32 14.33-32 32v144H32c-17.67 0-32 14.33-32 32v32c0 17.67 14.33 32 32 32h144v144c0 17.67 14.33 32 32 32h32c17.67 0 32-14.33 32-32V304h144c17.67 0 32-14.33 32-32v-32c0-17.67-14.33-32-32-32z\"><\/path><\/svg><\/span>\n\t\t\t\t\t\t\t\t<span class=\"elementor-accordion-icon-opened\"><svg class=\"e-font-icon-svg e-fas-minus\" viewBox=\"0 0 448 512\" xmlns=\"http:\/\/www.w3.org\/2000\/svg\"><path d=\"M416 208H32c-17.67 0-32 14.33-32 32v32c0 17.67 14.33 32 32 32h384c17.67 0 32-14.33 32-32v-32c0-17.67-14.33-32-32-32z\"><\/path><\/svg><\/span>\n\t\t\t\t\t\t\t\t\t\t\t\t\t\t<\/span>\n\t\t\t\t\t\t\t\t\t\t\t\t<a class=\"elementor-accordion-title\" tabindex=\"0\">Anestezi Hakk\u0131nda Bilinmesi Gerekenler Nelerdir?<\/a>\n\t\t\t\t\t<\/div>\n\t\t\t\t\t<div id=\"elementor-tab-content-1653\" class=\"elementor-tab-content elementor-clearfix\" data-tab=\"3\" role=\"region\" aria-labelledby=\"elementor-tab-title-1653\"><p>Meme b\u00fcy\u00fctme ameliyat\u0131 \u00f6ncesinde anestezi doktoru taraf\u0131ndan muayene edilecek ve bilgilendirileceksiniz. Kan suland\u0131r\u0131c\u0131 ila\u00e7lar, vitaminler ve alkol, sigara gibi anesteziyi etkileyen fakt\u00f6rler doktorunuzun \u00f6ng\u00f6rd\u00fc\u011f\u00fc tarihten itibaren kesilmelidir.<\/p>\n<\/div>\n\t\t\t\t<\/div>\n\t\t\t\t\t\t\t<div class=\"elementor-accordion-item\">\n\t\t\t\t\t<div id=\"elementor-tab-title-1654\" class=\"elementor-tab-title\" data-tab=\"4\" role=\"button\" aria-controls=\"elementor-tab-content-1654\" aria-expanded=\"false\">\n\t\t\t\t\t\t\t\t\t\t\t\t\t<span class=\"elementor-accordion-icon elementor-accordion-icon-left\" aria-hidden=\"true\">\n\t\t\t\t\t\t\t\t\t\t\t\t\t\t\t<span class=\"elementor-accordion-icon-closed\"><svg class=\"e-font-icon-svg e-fas-plus\" viewBox=\"0 0 448 512\" xmlns=\"http:\/\/www.w3.org\/2000\/svg\"><path d=\"M416 208H272V64c0-17.67-14.33-32-32-32h-32c-17.67 0-32 14.33-32 32v144H32c-17.67 0-32 14.33-32 32v32c0 17.67 14.33 32 32 32h144v144c0 17.67 14.33 32 32 32h32c17.67 0 32-14.33 32-32V304h144c17.67 0 32-14.33 32-32v-32c0-17.67-14.33-32-32-32z\"><\/path><\/svg><\/span>\n\t\t\t\t\t\t\t\t<span class=\"elementor-accordion-icon-opened\"><svg class=\"e-font-icon-svg e-fas-minus\" viewBox=\"0 0 448 512\" xmlns=\"http:\/\/www.w3.org\/2000\/svg\"><path d=\"M416 208H32c-17.67 0-32 14.33-32 32v32c0 17.67 14.33 32 32 32h384c17.67 0 32-14.33 32-32v-32c0-17.67-14.33-32-32-32z\"><\/path><\/svg><\/span>\n\t\t\t\t\t\t\t\t\t\t\t\t\t\t<\/span>\n\t\t\t\t\t\t\t\t\t\t\t\t<a class=\"elementor-accordion-title\" tabindex=\"0\">Ameliyat Sonras\u0131 Sosyal Ya\u015fama D\u00f6n\u00fc\u015f D\u00f6nemi<\/a>\n\t\t\t\t\t<\/div>\n\t\t\t\t\t<div id=\"elementor-tab-content-1654\" class=\"elementor-tab-content elementor-clearfix\" data-tab=\"4\" role=\"region\" aria-labelledby=\"elementor-tab-title-1654\"><p>Ameliyat sonras\u0131 erken d\u00f6nemde hafif a\u011fr\u0131lar\u0131n\u0131z olabilir ancak bu d\u00f6nem genel olarak re\u00e7ete edilen a\u011fr\u0131 kesicilerle kolayca atlat\u0131l\u0131r. Kontroller 3. ve 7. g\u00fcnlerde ger\u00e7ekle\u015ftirilir. Size \u00f6zel bir s\u00fctyeni 1 ay boyunca kullanman\u0131z gerekecektir. A\u011f\u0131r kol hareketleri gerektiren sporlardan 2 ay s\u00fcreyle uzak durmal\u0131s\u0131n\u0131z.<\/p>\n<\/div>\n\t\t\t\t<\/div>\n\t\t\t\t\t\t\t\t<\/div>\n\t\t\t\t\t\t<\/div>\n\t\t\t\t<\/div>\n\t\t\t\t<div class=\"elementor-element elementor-element-326bc7c elementor-widget elementor-widget-text-editor\" data-id=\"326bc7c\" data-element_type=\"widget\" data-widget_type=\"text-editor.default\">\n\t\t\t\t<div class=\"elementor-widget-container\">\n\t\t\t\t\t\t\t\t\t<p>G\u00f6\u011f\u00fcs b\u00fcy\u00fctme ameliyat\u0131, g\u00f6\u011f\u00fcslerin g\u00f6r\u00fcn\u00fcm\u00fcnde \u00f6nemli iyile\u015fmeler sa\u011flayabilir, v\u00fccut oranlar\u0131n\u0131 iyile\u015ftirebilir ve g\u00fcveni geri kazand\u0131rabilir. Bununla birlikte, m\u00fcmk\u00fcn olan en iyi sonucu elde etmek i\u00e7in meme b\u00fcy\u00fctme konusunda uzmanla\u015fm\u0131\u015f, kurul onayl\u0131 bir plastik cerraha dan\u0131\u015fmak \u00e7ok \u00f6nemlidir. <strong>\u0130stanbul Estetik Merkezi (IAC<\/strong>) gibi meme b\u00fcy\u00fctme ameliyat\u0131 konusunda deneyimli sayg\u0131n kurumlar, arzu etti\u011finiz meme boyutuna ve \u015fekline ula\u015fma yolculu\u011funuz s\u0131ras\u0131nda size daha fazla g\u00fcvence ve g\u00f6n\u00fcl rahatl\u0131\u011f\u0131 sa\u011flayabilir.<\/p>\n\t\t\t\t\t\t\t\t<\/div>\n\t\t\t\t<\/div>\n\t\t\t\t<\/div>\n\t\t\t\t\t<\/div>\n\t\t\t\t<\/div>\n\t\t\t\t<\/div>\n\t\t","protected":false},"excerpt":{"rendered":"<p>Meme B\u00fcy\u00fctme Ameliyat\u0131 Nedir? B\u00fcy\u00fctme mamoplastisi olarak da bilinen meme b\u00fcy\u00fctme, implantlar veya ya\u011f transferi teknikleri kullan\u0131larak memelerin boyutunu, dolgunlu\u011funu ve projeksiyonunu art\u0131rmay\u0131 ama\u00e7layan kozmetik bir cerrahi prosed\u00fcrd\u00fcr. Bu prosed\u00fcr genellikle daha b\u00fcy\u00fck g\u00f6\u011f\u00fcsler isteyen, g\u00f6\u011f\u00fcs \u015feklini veya simetrisini geli\u015ftirmek isteyen veya hamilelik, emzirme, kilo kayb\u0131 veya ya\u015flanma gibi fakt\u00f6rler nedeniyle kaybedilen g\u00f6\u011f\u00fcs hacmini geri [&hellip;]<\/p>\n","protected":false},"author":1,"featured_media":0,"parent":16867,"menu_order":0,"comment_status":"closed","ping_status":"closed","template":"","meta":{"_themeisle_gutenberg_block_has_review":false,"footnotes":""},"class_list":["post-16420","page","type-page","status-publish","hentry"],"_links":{"self":[{"href":"http:\/\/www.istanbulaestheticcenter.com\/tr\/wp-json\/wp\/v2\/pages\/16420","targetHints":{"allow":["GET"]}}],"collection":[{"href":"http:\/\/www.istanbulaestheticcenter.com\/tr\/wp-json\/wp\/v2\/pages"}],"about":[{"href":"http:\/\/www.istanbulaestheticcenter.com\/tr\/wp-json\/wp\/v2\/types\/page"}],"author":[{"embeddable":true,"href":"http:\/\/www.istanbulaestheticcenter.com\/tr\/wp-json\/wp\/v2\/users\/1"}],"replies":[{"embeddable":true,"href":"http:\/\/www.istanbulaestheticcenter.com\/tr\/wp-json\/wp\/v2\/comments?post=16420"}],"version-history":[{"count":4,"href":"http:\/\/www.istanbulaestheticcenter.com\/tr\/wp-json\/wp\/v2\/pages\/16420\/revisions"}],"predecessor-version":[{"id":16927,"href":"http:\/\/www.istanbulaestheticcenter.com\/tr\/wp-json\/wp\/v2\/pages\/16420\/revisions\/16927"}],"up":[{"embeddable":true,"href":"http:\/\/www.istanbulaestheticcenter.com\/tr\/wp-json\/wp\/v2\/pages\/16867"}],"wp:attachment":[{"href":"http:\/\/www.istanbulaestheticcenter.com\/tr\/wp-json\/wp\/v2\/media?parent=16420"}],"curies":[{"name":"wp","href":"https:\/\/api.w.org\/{rel}","templated":true}]}}