{"id":16404,"date":"2024-04-19T16:59:22","date_gmt":"2024-04-19T13:59:22","guid":{"rendered":"https:\/\/www.istanbulaestheticcenter.com\/sakal-nakli\/"},"modified":"2024-04-29T21:56:45","modified_gmt":"2024-04-29T18:56:45","slug":"sakal-nakli","status":"publish","type":"page","link":"http:\/\/www.istanbulaestheticcenter.com\/tr\/sac-ekimi-2\/sakal-nakli\/","title":{"rendered":"Sakal Nakli"},"content":{"rendered":"\t\t<div data-elementor-type=\"wp-page\" data-elementor-id=\"16404\" class=\"elementor elementor-16404 elementor-13184\">\n\t\t\t\t<div class=\"elementor-element elementor-element-76cab1a e-grid e-con-boxed e-con e-parent\" data-id=\"76cab1a\" data-element_type=\"container\">\n\t\t\t\t\t<div class=\"e-con-inner\">\n\t\t\t\t<div class=\"elementor-element elementor-element-934856a elementor-widget elementor-widget-image\" data-id=\"934856a\" data-element_type=\"widget\" data-widget_type=\"image.default\">\n\t\t\t\t<div class=\"elementor-widget-container\">\n\t\t\t\t\t\t\t\t\t\t\t\t\t\t\t<img decoding=\"async\" src=\"http:\/\/www.istanbulaestheticcenter.com\/wp-content\/uploads\/2024\/04\/beard-transplant-v1.jpg\" title=\"beard-transplant-v1\" alt=\"beard-transplant-v1\" loading=\"lazy\" \/>\t\t\t\t\t\t\t\t\t\t\t\t\t\t\t<\/div>\n\t\t\t\t<\/div>\n\t\t\t\t\t<\/div>\n\t\t\t\t<\/div>\n\t\t<div class=\"elementor-element elementor-element-cbc25af e-flex e-con-boxed e-con e-parent\" data-id=\"cbc25af\" data-element_type=\"container\">\n\t\t\t\t\t<div class=\"e-con-inner\">\n\t\t<div class=\"elementor-element elementor-element-ecadbfc e-flex e-con-boxed e-con e-child\" data-id=\"ecadbfc\" data-element_type=\"container\">\n\t\t\t\t\t<div class=\"e-con-inner\">\n\t\t\t\t<div class=\"elementor-element elementor-element-cdabcd8 elementor-widget elementor-widget-heading\" data-id=\"cdabcd8\" data-element_type=\"widget\" data-widget_type=\"heading.default\">\n\t\t\t\t<div class=\"elementor-widget-container\">\n\t\t\t\t\t<h2 class=\"elementor-heading-title elementor-size-default\">Sakal Nakli<\/h2>\t\t\t\t<\/div>\n\t\t\t\t<\/div>\n\t\t\t\t\t<\/div>\n\t\t\t\t<\/div>\n\t\t\t\t\t<\/div>\n\t\t\t\t<\/div>\n\t\t<div class=\"elementor-element elementor-element-02db0e2 e-flex e-con-boxed e-con e-parent\" data-id=\"02db0e2\" data-element_type=\"container\">\n\t\t\t\t\t<div class=\"e-con-inner\">\n\t\t\t\t<div class=\"elementor-element elementor-element-4b6ee33 elementor-widget elementor-widget-text-editor\" data-id=\"4b6ee33\" data-element_type=\"widget\" data-widget_type=\"text-editor.default\">\n\t\t\t\t<div class=\"elementor-widget-container\">\n\t\t\t\t\t\t\t\t\t<p>Sakal ekimi, sakal b\u00fcy\u00fcmesinin s\u0131n\u0131rl\u0131 oldu\u011fu veya hi\u00e7 olmad\u0131\u011f\u0131 b\u00f6lgelerde y\u00fcz k\u0131llar\u0131n\u0131 geli\u015ftirmek veya eski haline getirmek i\u00e7in tasarlanm\u0131\u015f cerrahi bir prosed\u00fcrd\u00fcr. Bu prosed\u00fcr tipik olarak genetik, yara izi veya di\u011fer nedenlerden dolay\u0131 yamal\u0131 veya ince sakallar\u0131 olan ki\u015filer taraf\u0131ndan aran\u0131r.<\/p>\n\t\t\t\t\t\t\t\t<\/div>\n\t\t\t\t<\/div>\n\t\t\t\t\t<\/div>\n\t\t\t\t<\/div>\n\t\t<div class=\"elementor-element elementor-element-183895c e-grid e-con-boxed e-con e-parent\" data-id=\"183895c\" data-element_type=\"container\">\n\t\t\t\t\t<div class=\"e-con-inner\">\n\t\t\t\t<div class=\"elementor-element elementor-element-4e52063 elementor-widget elementor-widget-text-editor\" data-id=\"4e52063\" data-element_type=\"widget\" data-widget_type=\"text-editor.default\">\n\t\t\t\t<div class=\"elementor-widget-container\">\n\t\t\t\t\t\t\t\t\t<p>\u0130\u015fte sakal ekiminin tipik olarak nas\u0131l yap\u0131ld\u0131\u011f\u0131na dair genel bir bak\u0131\u015f:<\/p>\n<ol>\n<li>\n<p><strong>De\u011ferlendirme<\/strong>: \u0130\u015flemden \u00f6nce hasta, hedeflerini tart\u0131\u015fmak ve sakal ekimine uygunlu\u011funu de\u011ferlendirmek i\u00e7in kalifiye bir cerrahla kons\u00fcltasyon yapacakt\u0131r. Cerrah, mevcut y\u00fcz k\u0131llar\u0131n\u0131n kalitesi, cilt durumu ve istenen sakal stili gibi fakt\u00f6rleri de\u011ferlendirecektir.<\/p>\n<\/li>\n<li>\n<p><strong>Don\u00f6r Sa\u00e7 Hasad\u0131<\/strong>: Ka\u015f veya kafa derisi sa\u00e7 ekimine benzer \u015fekilde, don\u00f6r sa\u00e7 k\u00f6kleri, genellikle sa\u00e7\u0131n daha yo\u011fun oldu\u011fu ve incelmeye daha az e\u011filimli oldu\u011fu kafa derisinin arkas\u0131 olan bir don\u00f6r b\u00f6lgeden toplan\u0131r. Don\u00f6r folik\u00fclleri FUE (Folik\u00fcler \u00dcnite Ekstraksiyonu) veya strip harvesting gibi teknikler kullan\u0131larak \u00e7\u0131kar\u0131labilir.<\/p>\n<\/li>\n<li>\n<p><strong>Al\u0131c\u0131 B\u00f6lgenin Haz\u0131rlanmas\u0131<\/strong>: Don\u00f6r sa\u00e7 k\u00f6kleri topland\u0131ktan sonra, cerrah sa\u00e7\u0131n ekilece\u011fi sakal b\u00f6lgesinde k\u00fc\u00e7\u00fck kesikler a\u00e7acakt\u0131r. Bu kesiler, sakal k\u0131llar\u0131n\u0131n do\u011fal b\u00fcy\u00fcme modelini ve yo\u011funlu\u011funu taklit etmek i\u00e7in stratejik olarak yerle\u015ftirilmi\u015ftir.<\/p>\n<\/li>\n<li>\n<p><strong>Sa\u00e7 Ekimi<\/strong>: Hasat edilen sa\u00e7 k\u00f6kleri daha sonra sakal b\u00f6lgesindeki al\u0131c\u0131 b\u00f6lgelere dikkatlice yerle\u015ftirilir. Cerrah, hastan\u0131n y\u00fcz hatlar\u0131n\u0131 tamamlayan do\u011fal g\u00f6r\u00fcn\u00fcml\u00fc bir sonu\u00e7 elde etmek i\u00e7in ekilen sa\u00e7\u0131n y\u00f6n\u00fcne, a\u00e7\u0131s\u0131na ve yo\u011funlu\u011funa \u00e7ok dikkat edecektir.<\/p>\n<\/li>\n<li>\n<p><strong>\u0130yile\u015fme ve B\u00fcy\u00fcme<\/strong>: \u0130\u015flemden sonra ekilen sa\u00e7 k\u00f6kleri iyile\u015fme s\u00fcrecinden ge\u00e7ecek ve ekilen sa\u00e7lar birka\u00e7 hafta i\u00e7inde d\u00f6k\u00fclecektir. Bununla birlikte, yeni k\u0131l b\u00fcy\u00fcmesi tipik olarak birka\u00e7 ay i\u00e7inde ba\u015flar ve hastalar zaman i\u00e7inde sakallar\u0131n\u0131n g\u00f6r\u00fcn\u00fcm\u00fcnde g\u00f6zle g\u00f6r\u00fcl\u00fcr bir iyile\u015fme g\u00f6rmeyi bekleyebilirler.<\/p>\n<\/li>\n<\/ol>\n\t\t\t\t\t\t\t\t<\/div>\n\t\t\t\t<\/div>\n\t\t<div class=\"elementor-element elementor-element-0e801dd e-grid e-con-boxed e-con e-child\" data-id=\"0e801dd\" data-element_type=\"container\">\n\t\t\t\t\t<div class=\"e-con-inner\">\n\t\t\t\t<div class=\"elementor-element elementor-element-aaec248 elementor-widget elementor-widget-image\" data-id=\"aaec248\" data-element_type=\"widget\" data-widget_type=\"image.default\">\n\t\t\t\t<div class=\"elementor-widget-container\">\n\t\t\t\t\t\t\t\t\t\t\t\t\t\t\t<img fetchpriority=\"high\" decoding=\"async\" width=\"300\" height=\"300\" src=\"http:\/\/www.istanbulaestheticcenter.com\/wp-content\/uploads\/2024\/04\/beard-transplant-300x300.jpg\" class=\"attachment-medium size-medium wp-image-15891\" alt=\"\" srcset=\"http:\/\/www.istanbulaestheticcenter.com\/wp-content\/uploads\/2024\/04\/beard-transplant-300x300.jpg 300w, http:\/\/www.istanbulaestheticcenter.com\/wp-content\/uploads\/2024\/04\/beard-transplant-150x150.jpg 150w, http:\/\/www.istanbulaestheticcenter.com\/wp-content\/uploads\/2024\/04\/beard-transplant-768x768.jpg 768w, http:\/\/www.istanbulaestheticcenter.com\/wp-content\/uploads\/2024\/04\/beard-transplant-720x720.jpg 720w, http:\/\/www.istanbulaestheticcenter.com\/wp-content\/uploads\/2024\/04\/elementor\/thumbs\/beard-transplant-qmxyu2cfaekzt4ak4h0fp0qanensj0a35j1sj3g13c.jpg 500w, http:\/\/www.istanbulaestheticcenter.com\/wp-content\/uploads\/2024\/04\/elementor\/thumbs\/beard-transplant-qmxyu2ce2jsk744tpk59kxvxm2g5v92d9qgmdoyt28.jpg 400w, http:\/\/www.istanbulaestheticcenter.com\/wp-content\/uploads\/2024\/04\/beard-transplant.jpg 1024w\" sizes=\"(max-width: 300px) 100vw, 300px\" \/>\t\t\t\t\t\t\t\t\t\t\t\t\t\t\t<\/div>\n\t\t\t\t<\/div>\n\t\t\t\t<div class=\"elementor-element elementor-element-e504a49 elementor-widget elementor-widget-text-editor\" data-id=\"e504a49\" data-element_type=\"widget\" data-widget_type=\"text-editor.default\">\n\t\t\t\t<div class=\"elementor-widget-container\">\n\t\t\t\t\t\t\t\t\t<p>Sakal ekimi, daha dolgun, daha kal\u0131n ve estetik a\u00e7\u0131dan daha ho\u015f bir sakal elde etmek isteyen bireyler i\u00e7in etkili bir \u00e7\u00f6z\u00fcm olabilir. Bununla birlikte, m\u00fcmk\u00fcn olan en iyi sonucu elde etmek i\u00e7in bu prosed\u00fcrde uzmanla\u015fm\u0131\u015f nitelikli ve deneyimli bir cerraha dan\u0131\u015fmak \u00e7ok \u00f6nemlidir. \u0130stanbul Estetik Merkezi (IAC) gibi ba\u015far\u0131l\u0131 sakal ekimi ameliyatlar\u0131 ge\u00e7mi\u015fine sahip sayg\u0131n bir kurumdan tedavi almak, daha fazla g\u00fcvence ve g\u00f6n\u00fcl rahatl\u0131\u011f\u0131 sa\u011flayabilir.<\/p>\n\t\t\t\t\t\t\t\t<\/div>\n\t\t\t\t<\/div>\n\t\t\t\t\t<\/div>\n\t\t\t\t<\/div>\n\t\t\t\t\t<\/div>\n\t\t\t\t<\/div>\n\t\t\t\t<\/div>\n\t\t","protected":false},"excerpt":{"rendered":"<p>Sakal Nakli Sakal ekimi, sakal b\u00fcy\u00fcmesinin s\u0131n\u0131rl\u0131 oldu\u011fu veya hi\u00e7 olmad\u0131\u011f\u0131 b\u00f6lgelerde y\u00fcz k\u0131llar\u0131n\u0131 geli\u015ftirmek veya eski haline getirmek i\u00e7in tasarlanm\u0131\u015f cerrahi bir prosed\u00fcrd\u00fcr. Bu prosed\u00fcr tipik olarak genetik, yara izi veya di\u011fer nedenlerden dolay\u0131 yamal\u0131 veya ince sakallar\u0131 olan ki\u015filer taraf\u0131ndan aran\u0131r. \u0130\u015fte sakal ekiminin tipik olarak nas\u0131l yap\u0131ld\u0131\u011f\u0131na dair genel bir bak\u0131\u015f: De\u011ferlendirme: [&hellip;]<\/p>\n","protected":false},"author":1,"featured_media":0,"parent":16942,"menu_order":0,"comment_status":"closed","ping_status":"closed","template":"","meta":{"_themeisle_gutenberg_block_has_review":false,"footnotes":""},"class_list":["post-16404","page","type-page","status-publish","hentry"],"_links":{"self":[{"href":"http:\/\/www.istanbulaestheticcenter.com\/tr\/wp-json\/wp\/v2\/pages\/16404","targetHints":{"allow":["GET"]}}],"collection":[{"href":"http:\/\/www.istanbulaestheticcenter.com\/tr\/wp-json\/wp\/v2\/pages"}],"about":[{"href":"http:\/\/www.istanbulaestheticcenter.com\/tr\/wp-json\/wp\/v2\/types\/page"}],"author":[{"embeddable":true,"href":"http:\/\/www.istanbulaestheticcenter.com\/tr\/wp-json\/wp\/v2\/users\/1"}],"replies":[{"embeddable":true,"href":"http:\/\/www.istanbulaestheticcenter.com\/tr\/wp-json\/wp\/v2\/comments?post=16404"}],"version-history":[{"count":1,"href":"http:\/\/www.istanbulaestheticcenter.com\/tr\/wp-json\/wp\/v2\/pages\/16404\/revisions"}],"predecessor-version":[{"id":16406,"href":"http:\/\/www.istanbulaestheticcenter.com\/tr\/wp-json\/wp\/v2\/pages\/16404\/revisions\/16406"}],"up":[{"embeddable":true,"href":"http:\/\/www.istanbulaestheticcenter.com\/tr\/wp-json\/wp\/v2\/pages\/16942"}],"wp:attachment":[{"href":"http:\/\/www.istanbulaestheticcenter.com\/tr\/wp-json\/wp\/v2\/media?parent=16404"}],"curies":[{"name":"wp","href":"https:\/\/api.w.org\/{rel}","templated":true}]}}