{"id":16398,"date":"2024-04-19T17:44:29","date_gmt":"2024-04-19T14:44:29","guid":{"rendered":"https:\/\/www.istanbulaestheticcenter.com\/kepce-kulak-ameliyati\/"},"modified":"2024-04-22T04:23:49","modified_gmt":"2024-04-22T01:23:49","slug":"kepce-kulak-ameliyati","status":"publish","type":"page","link":"http:\/\/www.istanbulaestheticcenter.com\/tr\/kepce-kulak-ameliyati\/","title":{"rendered":"Kep\u00e7e Kulak Ameliyat\u0131"},"content":{"rendered":"\t\t<div data-elementor-type=\"wp-page\" data-elementor-id=\"16398\" class=\"elementor elementor-16398 elementor-13219\">\n\t\t\t\t<div class=\"elementor-element elementor-element-d45fb01 e-grid e-con-boxed e-con e-parent\" data-id=\"d45fb01\" data-element_type=\"container\">\n\t\t\t\t\t<div class=\"e-con-inner\">\n\t\t\t\t<div class=\"elementor-element elementor-element-3b51d65 elementor-widget elementor-widget-beforeafter\" data-id=\"3b51d65\" data-element_type=\"widget\" data-widget_type=\"beforeafter.default\">\n\t\t\t\t<div class=\"elementor-widget-container\">\n\t\t\t\t\t\n\n<style>\n  \n#nd_elements_beforeafter_component_860 img { float:left; width:100%; }\n\n#nd_elements_beforeafter_component_860 { \nfloat: left;\nwidth: 100% !important;\nmargin: 0px !important;\npadding: 0px !important;\nposition: relative;\n}\n\n#nd_elements_beforeafter_component_860 .ui-slider-range {\nbackground-image: url(\"http:\/\/www.istanbulaestheticcenter.com\/wp-content\/uploads\/2024\/04\/ear-before.jpg\");\nbackground-color: #000;\nz-index: 9;\nposition: absolute;\nheight: 100%;\nbackground-repeat: no-repeat;\nbackground-size: cover;\n}\n\n#nd_elements_beforeafter_component_860 .ui-slider-handle {\nbackground-color: #000;\nwidth: 4px;\nposition: absolute;\nheight: 100%;\noutline: 0px;\ncursor: ew-resize;  \n}\n\n#nd_elements_beforeafter_component_860 .ui-slider-handle:after {\ncontent: \"\";\nwidth: 40px;\nheight: 40px;\nbackground-color: #ccc;\nposition: absolute;\ntop: 50%;\nmargin-top: -20px;\nmargin-left: -18px;\nz-index: 9;\nborder-radius: 100%;\nbackground-image:url(\"http:\/\/www.istanbulaestheticcenter.com\/wp-content\/uploads\/2022\/05\/arrows.png\");\nbackground-size: 30px;\nbackground-position: center;\nbackground-repeat: no-repeat;\n}\n\n<\/style>\n\n\n<script>\njQuery( function() {\n\njQuery( \"#nd_elements_beforeafter_component_860\" ).slider({\n  value: 50,\n  orientation: \"horizontal\",\n  range: \"min\",\n  animate: true\n});\n\n} );\n<\/script>\n\n\n<div class=\"nd_elements_section nd_elements_beforeafter_component\">\n\n\t<div class=\"nd_elements_section\">\n\t\t<div id=\"nd_elements_beforeafter_component_860\">\n\t\t\t<img decoding=\"async\" src=\"http:\/\/www.istanbulaestheticcenter.com\/wp-content\/uploads\/2024\/04\/ear-after.jpg\">\n\t\t<\/div>\n\t<\/div>\n\t\n<\/div>\t\t\t\t<\/div>\n\t\t\t\t<\/div>\n\t\t\t\t<div class=\"elementor-element elementor-element-5392281 elementor-widget elementor-widget-beforeafter\" data-id=\"5392281\" data-element_type=\"widget\" data-widget_type=\"beforeafter.default\">\n\t\t\t\t<div class=\"elementor-widget-container\">\n\t\t\t\t\t\n\n<style>\n  \n#nd_elements_beforeafter_component_116 img { float:left; width:100%; }\n\n#nd_elements_beforeafter_component_116 { \nfloat: left;\nwidth: 100% !important;\nmargin: 0px !important;\npadding: 0px !important;\nposition: relative;\n}\n\n#nd_elements_beforeafter_component_116 .ui-slider-range {\nbackground-image: url(\"http:\/\/www.istanbulaestheticcenter.com\/wp-content\/uploads\/2024\/04\/ear-before-v2.jpg\");\nbackground-color: #000;\nz-index: 9;\nposition: absolute;\nheight: 100%;\nbackground-repeat: no-repeat;\nbackground-size: cover;\n}\n\n#nd_elements_beforeafter_component_116 .ui-slider-handle {\nbackground-color: #000;\nwidth: 4px;\nposition: absolute;\nheight: 100%;\noutline: 0px;\ncursor: ew-resize;  \n}\n\n#nd_elements_beforeafter_component_116 .ui-slider-handle:after {\ncontent: \"\";\nwidth: 40px;\nheight: 40px;\nbackground-color: #ccc;\nposition: absolute;\ntop: 50%;\nmargin-top: -20px;\nmargin-left: -18px;\nz-index: 9;\nborder-radius: 100%;\nbackground-image:url(\"http:\/\/www.istanbulaestheticcenter.com\/wp-content\/uploads\/2022\/09\/arrows.png\");\nbackground-size: 30px;\nbackground-position: center;\nbackground-repeat: no-repeat;\n}\n\n<\/style>\n\n\n<script>\njQuery( function() {\n\njQuery( \"#nd_elements_beforeafter_component_116\" ).slider({\n  value: 50,\n  orientation: \"horizontal\",\n  range: \"min\",\n  animate: true\n});\n\n} );\n<\/script>\n\n\n<div class=\"nd_elements_section nd_elements_beforeafter_component\">\n\n\t<div class=\"nd_elements_section\">\n\t\t<div id=\"nd_elements_beforeafter_component_116\">\n\t\t\t<img decoding=\"async\" src=\"http:\/\/www.istanbulaestheticcenter.com\/wp-content\/uploads\/2024\/04\/ear-after-v2.jpg\">\n\t\t<\/div>\n\t<\/div>\n\t\n<\/div>\t\t\t\t<\/div>\n\t\t\t\t<\/div>\n\t\t\t\t\t<\/div>\n\t\t\t\t<\/div>\n\t\t<div class=\"elementor-element elementor-element-3f7c041 e-flex e-con-boxed e-con e-parent\" data-id=\"3f7c041\" data-element_type=\"container\">\n\t\t\t\t\t<div class=\"e-con-inner\">\n\t\t<div class=\"elementor-element elementor-element-50bb1f7 e-con-full e-flex e-con e-child\" data-id=\"50bb1f7\" data-element_type=\"container\">\n\t\t\t\t<div class=\"elementor-element elementor-element-1fc6a50 elementor-widget elementor-widget-heading\" data-id=\"1fc6a50\" data-element_type=\"widget\" data-widget_type=\"heading.default\">\n\t\t\t\t<div class=\"elementor-widget-container\">\n\t\t\t\t\t<h2 class=\"elementor-heading-title elementor-size-default\">Kep\u00e7e Kulak Ameliyat\u0131 Nedir?<\/h2>\t\t\t\t<\/div>\n\t\t\t\t<\/div>\n\t\t\t\t<div class=\"elementor-element elementor-element-a63c1e5 elementor-widget elementor-widget-text-editor\" data-id=\"a63c1e5\" data-element_type=\"widget\" data-widget_type=\"text-editor.default\">\n\t\t\t\t<div class=\"elementor-widget-container\">\n\t\t\t\t\t\t\t\t\t<p>Otoplasti veya kulak i\u011fneleme olarak da bilinen kep\u00e7e kulak ameliyat\u0131, kafadan belirgin bir \u015fekilde \u00e7\u0131k\u0131nt\u0131 yapan kulaklar\u0131 d\u00fczeltmeyi ama\u00e7layan cerrahi bir prosed\u00fcrd\u00fcr. Bu prosed\u00fcr genellikle kulaklar\u0131n\u0131n g\u00f6r\u00fcn\u00fcm\u00fc konusunda bilin\u00e7li olan ve daha dengeli ve simetrik bir y\u00fcz profili isteyen bireyler taraf\u0131ndan talep edilmektedir.<\/p>\n\t\t\t\t\t\t\t\t<\/div>\n\t\t\t\t<\/div>\n\t\t\t\t<\/div>\n\t\t<div class=\"elementor-element elementor-element-1cd2b8e e-con-full e-flex e-con e-child\" data-id=\"1cd2b8e\" data-element_type=\"container\">\n\t\t\t\t<div class=\"elementor-element elementor-element-9d83911 elementor-widget elementor-widget-accordion\" data-id=\"9d83911\" data-element_type=\"widget\" data-widget_type=\"accordion.default\">\n\t\t\t\t<div class=\"elementor-widget-container\">\n\t\t\t\t\t\t\t<div class=\"elementor-accordion\">\n\t\t\t\t\t\t\t<div class=\"elementor-accordion-item\">\n\t\t\t\t\t<div id=\"elementor-tab-title-1651\" class=\"elementor-tab-title\" data-tab=\"1\" role=\"button\" aria-controls=\"elementor-tab-content-1651\" aria-expanded=\"false\">\n\t\t\t\t\t\t\t\t\t\t\t\t\t<span class=\"elementor-accordion-icon elementor-accordion-icon-left\" aria-hidden=\"true\">\n\t\t\t\t\t\t\t\t\t\t\t\t\t\t\t<span class=\"elementor-accordion-icon-closed\"><svg class=\"e-font-icon-svg e-fas-plus\" viewBox=\"0 0 448 512\" xmlns=\"http:\/\/www.w3.org\/2000\/svg\"><path d=\"M416 208H272V64c0-17.67-14.33-32-32-32h-32c-17.67 0-32 14.33-32 32v144H32c-17.67 0-32 14.33-32 32v32c0 17.67 14.33 32 32 32h144v144c0 17.67 14.33 32 32 32h32c17.67 0 32-14.33 32-32V304h144c17.67 0 32-14.33 32-32v-32c0-17.67-14.33-32-32-32z\"><\/path><\/svg><\/span>\n\t\t\t\t\t\t\t\t<span class=\"elementor-accordion-icon-opened\"><svg class=\"e-font-icon-svg e-fas-minus\" viewBox=\"0 0 448 512\" xmlns=\"http:\/\/www.w3.org\/2000\/svg\"><path d=\"M416 208H32c-17.67 0-32 14.33-32 32v32c0 17.67 14.33 32 32 32h384c17.67 0 32-14.33 32-32v-32c0-17.67-14.33-32-32-32z\"><\/path><\/svg><\/span>\n\t\t\t\t\t\t\t\t\t\t\t\t\t\t<\/span>\n\t\t\t\t\t\t\t\t\t\t\t\t<a class=\"elementor-accordion-title\" tabindex=\"0\">Y\u00fcz Germe \u0130\u015flemi Yapt\u0131rmal\u0131 M\u0131y\u0131m?<\/a>\n\t\t\t\t\t<\/div>\n\t\t\t\t\t<div id=\"elementor-tab-content-1651\" class=\"elementor-tab-content elementor-clearfix\" data-tab=\"1\" role=\"region\" aria-labelledby=\"elementor-tab-title-1651\"><p>Zaman\u0131n y\u00fcz\u00fcn\u00fczde yaratt\u0131\u011f\u0131 izlerden memnun de\u011filseniz ve oldu\u011funuzdan daha ya\u015fl\u0131 g\u00f6r\u00fcn\u00fcyorsan\u0131z, EVET, &#8220;Y\u00fcz Germe&#8221; i\u00e7in uygun bir hastas\u0131n\u0131z.<\/p>\n<\/div>\n\t\t\t\t<\/div>\n\t\t\t\t\t\t\t<div class=\"elementor-accordion-item\">\n\t\t\t\t\t<div id=\"elementor-tab-title-1652\" class=\"elementor-tab-title\" data-tab=\"2\" role=\"button\" aria-controls=\"elementor-tab-content-1652\" aria-expanded=\"false\">\n\t\t\t\t\t\t\t\t\t\t\t\t\t<span class=\"elementor-accordion-icon elementor-accordion-icon-left\" aria-hidden=\"true\">\n\t\t\t\t\t\t\t\t\t\t\t\t\t\t\t<span class=\"elementor-accordion-icon-closed\"><svg class=\"e-font-icon-svg e-fas-plus\" viewBox=\"0 0 448 512\" xmlns=\"http:\/\/www.w3.org\/2000\/svg\"><path d=\"M416 208H272V64c0-17.67-14.33-32-32-32h-32c-17.67 0-32 14.33-32 32v144H32c-17.67 0-32 14.33-32 32v32c0 17.67 14.33 32 32 32h144v144c0 17.67 14.33 32 32 32h32c17.67 0 32-14.33 32-32V304h144c17.67 0 32-14.33 32-32v-32c0-17.67-14.33-32-32-32z\"><\/path><\/svg><\/span>\n\t\t\t\t\t\t\t\t<span class=\"elementor-accordion-icon-opened\"><svg class=\"e-font-icon-svg e-fas-minus\" viewBox=\"0 0 448 512\" xmlns=\"http:\/\/www.w3.org\/2000\/svg\"><path d=\"M416 208H32c-17.67 0-32 14.33-32 32v32c0 17.67 14.33 32 32 32h384c17.67 0 32-14.33 32-32v-32c0-17.67-14.33-32-32-32z\"><\/path><\/svg><\/span>\n\t\t\t\t\t\t\t\t\t\t\t\t\t\t<\/span>\n\t\t\t\t\t\t\t\t\t\t\t\t<a class=\"elementor-accordion-title\" tabindex=\"0\">Ameliyat \u00d6ncesi Nelere Dikkat Edilmelidir?<\/a>\n\t\t\t\t\t<\/div>\n\t\t\t\t\t<div id=\"elementor-tab-content-1652\" class=\"elementor-tab-content elementor-clearfix\" data-tab=\"2\" role=\"region\" aria-labelledby=\"elementor-tab-title-1652\"><p>T\u00fcm beklentilerinizi ve endi\u015felerinizi doktorunuzla payla\u015fman\u0131zda fayda var. Muayene s\u0131ras\u0131nda genel sa\u011fl\u0131k durumunuzla ilgili sorulacak sorular\u0131 ayr\u0131nt\u0131l\u0131 olarak yan\u0131tlamal\u0131, ge\u00e7irdi\u011finiz hastal\u0131klar ve kulland\u0131\u011f\u0131n\u0131z ila\u00e7lar hakk\u0131nda doktorunuzu bilgilendirmelisiniz.<\/p>\n<\/div>\n\t\t\t\t<\/div>\n\t\t\t\t\t\t\t<div class=\"elementor-accordion-item\">\n\t\t\t\t\t<div id=\"elementor-tab-title-1653\" class=\"elementor-tab-title\" data-tab=\"3\" role=\"button\" aria-controls=\"elementor-tab-content-1653\" aria-expanded=\"false\">\n\t\t\t\t\t\t\t\t\t\t\t\t\t<span class=\"elementor-accordion-icon elementor-accordion-icon-left\" aria-hidden=\"true\">\n\t\t\t\t\t\t\t\t\t\t\t\t\t\t\t<span class=\"elementor-accordion-icon-closed\"><svg class=\"e-font-icon-svg e-fas-plus\" viewBox=\"0 0 448 512\" xmlns=\"http:\/\/www.w3.org\/2000\/svg\"><path d=\"M416 208H272V64c0-17.67-14.33-32-32-32h-32c-17.67 0-32 14.33-32 32v144H32c-17.67 0-32 14.33-32 32v32c0 17.67 14.33 32 32 32h144v144c0 17.67 14.33 32 32 32h32c17.67 0 32-14.33 32-32V304h144c17.67 0 32-14.33 32-32v-32c0-17.67-14.33-32-32-32z\"><\/path><\/svg><\/span>\n\t\t\t\t\t\t\t\t<span class=\"elementor-accordion-icon-opened\"><svg class=\"e-font-icon-svg e-fas-minus\" viewBox=\"0 0 448 512\" xmlns=\"http:\/\/www.w3.org\/2000\/svg\"><path d=\"M416 208H32c-17.67 0-32 14.33-32 32v32c0 17.67 14.33 32 32 32h384c17.67 0 32-14.33 32-32v-32c0-17.67-14.33-32-32-32z\"><\/path><\/svg><\/span>\n\t\t\t\t\t\t\t\t\t\t\t\t\t\t<\/span>\n\t\t\t\t\t\t\t\t\t\t\t\t<a class=\"elementor-accordion-title\" tabindex=\"0\">Ameliyat Nas\u0131l Devam Edecek?<\/a>\n\t\t\t\t\t<\/div>\n\t\t\t\t\t<div id=\"elementor-tab-content-1653\" class=\"elementor-tab-content elementor-clearfix\" data-tab=\"3\" role=\"region\" aria-labelledby=\"elementor-tab-title-1653\"><p>Hastanemizde ger\u00e7ekle\u015ftirilecek ameliyat\u0131n\u0131z uygulama gere\u011fi genel anestezi ile yap\u0131lacakt\u0131r. Yakla\u015f\u0131k s\u00fcresi 3-5 saattir, bir gece hastanede kalman\u0131z gerekebilir.<\/p>\n<\/div>\n\t\t\t\t<\/div>\n\t\t\t\t\t\t\t<div class=\"elementor-accordion-item\">\n\t\t\t\t\t<div id=\"elementor-tab-title-1654\" class=\"elementor-tab-title\" data-tab=\"4\" role=\"button\" aria-controls=\"elementor-tab-content-1654\" aria-expanded=\"false\">\n\t\t\t\t\t\t\t\t\t\t\t\t\t<span class=\"elementor-accordion-icon elementor-accordion-icon-left\" aria-hidden=\"true\">\n\t\t\t\t\t\t\t\t\t\t\t\t\t\t\t<span class=\"elementor-accordion-icon-closed\"><svg class=\"e-font-icon-svg e-fas-plus\" viewBox=\"0 0 448 512\" xmlns=\"http:\/\/www.w3.org\/2000\/svg\"><path d=\"M416 208H272V64c0-17.67-14.33-32-32-32h-32c-17.67 0-32 14.33-32 32v144H32c-17.67 0-32 14.33-32 32v32c0 17.67 14.33 32 32 32h144v144c0 17.67 14.33 32 32 32h32c17.67 0 32-14.33 32-32V304h144c17.67 0 32-14.33 32-32v-32c0-17.67-14.33-32-32-32z\"><\/path><\/svg><\/span>\n\t\t\t\t\t\t\t\t<span class=\"elementor-accordion-icon-opened\"><svg class=\"e-font-icon-svg e-fas-minus\" viewBox=\"0 0 448 512\" xmlns=\"http:\/\/www.w3.org\/2000\/svg\"><path d=\"M416 208H32c-17.67 0-32 14.33-32 32v32c0 17.67 14.33 32 32 32h384c17.67 0 32-14.33 32-32v-32c0-17.67-14.33-32-32-32z\"><\/path><\/svg><\/span>\n\t\t\t\t\t\t\t\t\t\t\t\t\t\t<\/span>\n\t\t\t\t\t\t\t\t\t\t\t\t<a class=\"elementor-accordion-title\" tabindex=\"0\">Anestezi Hakk\u0131nda Bilinmesi Gerekenler Nelerdir?<\/a>\n\t\t\t\t\t<\/div>\n\t\t\t\t\t<div id=\"elementor-tab-content-1654\" class=\"elementor-tab-content elementor-clearfix\" data-tab=\"4\" role=\"region\" aria-labelledby=\"elementor-tab-title-1654\"><p>Y\u00fcz germe ameliyat\u0131 \u00f6ncesinde anestezi doktoru taraf\u0131ndan muayene edilir ve bilgilendirilirsiniz. Kan suland\u0131r\u0131c\u0131 ila\u00e7lar, vitaminler ve alkol, sigara gibi anesteziyi etkileyen fakt\u00f6rler doktorunuzun \u00f6ng\u00f6rd\u00fc\u011f\u00fc tarihten itibaren kesilmelidir.<\/p>\n<\/div>\n\t\t\t\t<\/div>\n\t\t\t\t\t\t\t<div class=\"elementor-accordion-item\">\n\t\t\t\t\t<div id=\"elementor-tab-title-1655\" class=\"elementor-tab-title\" data-tab=\"5\" role=\"button\" aria-controls=\"elementor-tab-content-1655\" aria-expanded=\"false\">\n\t\t\t\t\t\t\t\t\t\t\t\t\t<span class=\"elementor-accordion-icon elementor-accordion-icon-left\" aria-hidden=\"true\">\n\t\t\t\t\t\t\t\t\t\t\t\t\t\t\t<span class=\"elementor-accordion-icon-closed\"><svg class=\"e-font-icon-svg e-fas-plus\" viewBox=\"0 0 448 512\" xmlns=\"http:\/\/www.w3.org\/2000\/svg\"><path d=\"M416 208H272V64c0-17.67-14.33-32-32-32h-32c-17.67 0-32 14.33-32 32v144H32c-17.67 0-32 14.33-32 32v32c0 17.67 14.33 32 32 32h144v144c0 17.67 14.33 32 32 32h32c17.67 0 32-14.33 32-32V304h144c17.67 0 32-14.33 32-32v-32c0-17.67-14.33-32-32-32z\"><\/path><\/svg><\/span>\n\t\t\t\t\t\t\t\t<span class=\"elementor-accordion-icon-opened\"><svg class=\"e-font-icon-svg e-fas-minus\" viewBox=\"0 0 448 512\" xmlns=\"http:\/\/www.w3.org\/2000\/svg\"><path d=\"M416 208H32c-17.67 0-32 14.33-32 32v32c0 17.67 14.33 32 32 32h384c17.67 0 32-14.33 32-32v-32c0-17.67-14.33-32-32-32z\"><\/path><\/svg><\/span>\n\t\t\t\t\t\t\t\t\t\t\t\t\t\t<\/span>\n\t\t\t\t\t\t\t\t\t\t\t\t<a class=\"elementor-accordion-title\" tabindex=\"0\">Ameliyat Sonras\u0131 Sosyal Ya\u015fama D\u00f6n\u00fc\u015f D\u00f6nemi<\/a>\n\t\t\t\t\t<\/div>\n\t\t\t\t\t<div id=\"elementor-tab-content-1655\" class=\"elementor-tab-content elementor-clearfix\" data-tab=\"5\" role=\"region\" aria-labelledby=\"elementor-tab-title-1655\"><section id=\"content\">\n<div class=\"container\">\n<div class=\"row\">\n<div class=\"col-xs-12 col-md-12\">\n<div class=\"inner-medical-service-wrapper-content-editor\">\n<div class=\"vc_row wpb_row vc_row-fluid\">\n<div class=\"wpb_column vc_column_container vc_col-sm-6\">\n<div class=\"vc_column-inner\">\n<div class=\"wpb_wrapper\">\n<div class=\"vc_toggle vc_toggle_default vc_toggle_color_default vc_toggle_size_md vc_toggle_active\">\n<div class=\"vc_toggle_content\">\n<p>Ameliyattan sonraki erken d\u00f6nemde hafif a\u011fr\u0131lar\u0131n\u0131z olabilir, ancak bu d\u00f6nem genellikle re\u00e7ete edilen a\u011fr\u0131 kesicilerle kolayca atlat\u0131l\u0131r. Y\u00fczde genel bir \u00f6dem, mor lekeler, uyu\u015fukluk ve gerginlik olabilir. 7-10 g\u00fcn i\u00e7inde kendili\u011finden ay\u0131rt edilirler. 2-3 g\u00fcn i\u00e7inde \u00e7\u0131kar\u0131labilen bir ba\u015f bandaj\u0131 kullan\u0131l\u0131r.<\/p>\n<\/div>\n<\/div>\n<\/div>\n<\/div>\n<\/div>\n<\/div>\n<\/div>\n<\/div>\n<\/div>\n<\/div>\n<\/section>\n<footer class=\"site-footer\">\n<div class=\"container\">\n<div class=\"row\">\n<div class=\"footer-widgets col-md-6\">\n<div class=\"footer-widgets-holder\">\n<div class=\"row\">\n<div class=\"col-xs-4 col-sm-4 col-md-4\">\n<div id=\"gg_contact_widget-10\" class=\"gg-widget contact\"> <\/div>\n<\/div>\n<\/div>\n<\/div>\n<\/div>\n<\/div>\n<\/div>\n<\/footer>\n<\/div>\n\t\t\t\t<\/div>\n\t\t\t\t\t\t\t\t<\/div>\n\t\t\t\t\t\t<\/div>\n\t\t\t\t<\/div>\n\t\t\t\t<\/div>\n\t\t\t\t\t<\/div>\n\t\t\t\t<\/div>\n\t\t<div class=\"elementor-element elementor-element-3649e0c e-flex e-con-boxed e-con e-parent\" data-id=\"3649e0c\" data-element_type=\"container\">\n\t\t\t\t\t<div class=\"e-con-inner\">\n\t\t\t\t<div class=\"elementor-element elementor-element-729524e elementor-widget elementor-widget-text-editor\" data-id=\"729524e\" data-element_type=\"widget\" data-widget_type=\"text-editor.default\">\n\t\t\t\t<div class=\"elementor-widget-container\">\n\t\t\t\t\t\t\t\t\t<p>Kep\u00e7e kulak ameliyat\u0131n\u0131n tipik olarak nas\u0131l yap\u0131ld\u0131\u011f\u0131na dair genel bir bak\u0131\u015f:<\/p>\n<ol>\n<li style=\"list-style-type: none;\">\n<ol>\n<li>\n<p><strong>Kons\u00fcltasyon<\/strong>: Prosed\u00fcrden \u00f6nce hasta, hedeflerini, beklentilerini ve t\u0131bbi ge\u00e7mi\u015fini tart\u0131\u015fmak i\u00e7in nitelikli bir plastik cerrahla bir kons\u00fcltasyon yapacakt\u0131r. Cerrah, otoplasti i\u00e7in en uygun yakla\u015f\u0131m\u0131 belirlemek \u00fczere hastan\u0131n kulak anatomisini, simetrisini ve \u00e7\u0131k\u0131nt\u0131 derecesini de\u011ferlendirecektir.<\/p>\n<\/li>\n<li>\n<p><strong>Anestezi<\/strong>: Kep\u00e7e kulak ameliyat\u0131, hastan\u0131n tercihlerine ve i\u015flemin karma\u015f\u0131kl\u0131\u011f\u0131na ba\u011fl\u0131 olarak sedasyonlu lokal anestezi veya genel anestezi alt\u0131nda ger\u00e7ekle\u015ftirilebilir.<\/p>\n<\/li>\n<li>\n<p><strong>Kesiler<\/strong>: Cerrah, kulaklar\u0131n arkas\u0131nda, daha az g\u00f6r\u00fcn\u00fcr olduklar\u0131 yerlerde gizli kesiler yapacakt\u0131r. Baz\u0131 durumlarda, yara izini en aza indirmek i\u00e7in kulaklar\u0131n do\u011fal k\u0131vr\u0131mlar\u0131 i\u00e7inde ek kesiler yap\u0131labilir.<\/p>\n<\/li>\n<li>\n<p><strong>K\u0131k\u0131rdak Yeniden \u015eekillendirme<\/strong>: Kesiler yap\u0131ld\u0131ktan sonra, cerrah kulaklar\u0131n k\u0131k\u0131rdak \u00e7er\u00e7evesine eri\u015fecek ve daha do\u011fal bir kontur olu\u015fturmak ve \u00e7\u0131k\u0131nt\u0131y\u0131 azaltmak i\u00e7in yeniden \u015fekillendirecektir. Teknikler, gerekti\u011finde skorlama, diki\u015f atma veya fazla k\u0131k\u0131rda\u011f\u0131 \u00e7\u0131karmay\u0131 i\u00e7erebilir.<\/p>\n<\/li>\n<li>\n<p><strong>Konumland\u0131rma<\/strong>: Cerrah daha sonra kulaklar\u0131 yeni pozisyonlar\u0131nda sabitlemek i\u00e7in diki\u015fler kullanarak ba\u015fa daha yak\u0131n bir \u015fekilde yeniden konumland\u0131racakt\u0131r. Bu, daha dengeli ve simetrik bir g\u00f6r\u00fcn\u00fcm yaratmaya yard\u0131mc\u0131 olur.<\/p>\n<\/li>\n<li>\n<p><strong>Kapatma<\/strong>: \u0130stenen d\u00fczeltme sa\u011fland\u0131ktan sonra, kesiler diki\u015flerle kapat\u0131l\u0131r ve cerrahi b\u00f6lgeleri korumak i\u00e7in gerekli pansumanlar veya bandajlar uygulan\u0131r.<\/p>\n<\/li>\n<li>\n<p><strong>\u0130yile\u015fme<\/strong>: \u0130\u015flemden sonra hastalar tipik olarak a\u011fr\u0131 kesici ila\u00e7lar ve so\u011fuk kompreslerle y\u00f6netilebilen bir miktar \u015fi\u015flik, morarma ve rahats\u0131zl\u0131k hissederler. Uygun iyile\u015fmeyi kolayla\u015ft\u0131rmak ve sonu\u00e7lar\u0131 optimize etmek i\u00e7in cerrah taraf\u0131ndan sa\u011flanan ameliyat sonras\u0131 talimatlara uymak \u00e7ok \u00f6nemlidir.<\/p>\n<\/li>\n<\/ol>\n<\/li>\n<\/ol>\n\t\t\t\t\t\t\t\t<\/div>\n\t\t\t\t<\/div>\n\t\t\t\t\t<\/div>\n\t\t\t\t<\/div>\n\t\t\t\t<\/div>\n\t\t","protected":false},"excerpt":{"rendered":"<p>Kep\u00e7e Kulak Ameliyat\u0131 Nedir? Otoplasti veya kulak i\u011fneleme olarak da bilinen kep\u00e7e kulak ameliyat\u0131, kafadan belirgin bir \u015fekilde \u00e7\u0131k\u0131nt\u0131 yapan kulaklar\u0131 d\u00fczeltmeyi ama\u00e7layan cerrahi bir prosed\u00fcrd\u00fcr. Bu prosed\u00fcr genellikle kulaklar\u0131n\u0131n g\u00f6r\u00fcn\u00fcm\u00fc konusunda bilin\u00e7li olan ve daha dengeli ve simetrik bir y\u00fcz profili isteyen bireyler taraf\u0131ndan talep edilmektedir. Y\u00fcz Germe \u0130\u015flemi Yapt\u0131rmal\u0131 M\u0131y\u0131m? Zaman\u0131n y\u00fcz\u00fcn\u00fczde yaratt\u0131\u011f\u0131 [&hellip;]<\/p>\n","protected":false},"author":1,"featured_media":0,"parent":0,"menu_order":0,"comment_status":"closed","ping_status":"closed","template":"","meta":{"_themeisle_gutenberg_block_has_review":false,"footnotes":""},"class_list":["post-16398","page","type-page","status-publish","hentry"],"_links":{"self":[{"href":"http:\/\/www.istanbulaestheticcenter.com\/tr\/wp-json\/wp\/v2\/pages\/16398","targetHints":{"allow":["GET"]}}],"collection":[{"href":"http:\/\/www.istanbulaestheticcenter.com\/tr\/wp-json\/wp\/v2\/pages"}],"about":[{"href":"http:\/\/www.istanbulaestheticcenter.com\/tr\/wp-json\/wp\/v2\/types\/page"}],"author":[{"embeddable":true,"href":"http:\/\/www.istanbulaestheticcenter.com\/tr\/wp-json\/wp\/v2\/users\/1"}],"replies":[{"embeddable":true,"href":"http:\/\/www.istanbulaestheticcenter.com\/tr\/wp-json\/wp\/v2\/comments?post=16398"}],"version-history":[{"count":1,"href":"http:\/\/www.istanbulaestheticcenter.com\/tr\/wp-json\/wp\/v2\/pages\/16398\/revisions"}],"predecessor-version":[{"id":16401,"href":"http:\/\/www.istanbulaestheticcenter.com\/tr\/wp-json\/wp\/v2\/pages\/16398\/revisions\/16401"}],"wp:attachment":[{"href":"http:\/\/www.istanbulaestheticcenter.com\/tr\/wp-json\/wp\/v2\/media?parent=16398"}],"curies":[{"name":"wp","href":"https:\/\/api.w.org\/{rel}","templated":true}]}}