{"id":16369,"date":"2024-04-20T16:44:15","date_gmt":"2024-04-20T13:44:15","guid":{"rendered":"https:\/\/www.istanbulaestheticcenter.com\/dis-beyazlatma-bleaching\/"},"modified":"2024-07-09T14:46:32","modified_gmt":"2024-07-09T11:46:32","slug":"dis-beyazlatma-bleaching","status":"publish","type":"page","link":"http:\/\/www.istanbulaestheticcenter.com\/tr\/dis-hekimligi\/dis-beyazlatma-bleaching\/","title":{"rendered":"Di\u015f Beyazlatma (Bleaching)"},"content":{"rendered":"\t\t<div data-elementor-type=\"wp-page\" data-elementor-id=\"16369\" class=\"elementor elementor-16369 elementor-13351\">\n\t\t\t\t<div class=\"elementor-element elementor-element-f008ca5 e-flex e-con-boxed e-con e-parent\" data-id=\"f008ca5\" data-element_type=\"container\">\n\t\t\t\t\t<div class=\"e-con-inner\">\n\t\t\t\t<div class=\"elementor-element elementor-element-c2e4b0f elementor-widget elementor-widget-image\" data-id=\"c2e4b0f\" data-element_type=\"widget\" data-widget_type=\"image.default\">\n\t\t\t\t<div class=\"elementor-widget-container\">\n\t\t\t\t\t\t\t\t\t\t\t\t\t\t\t<img fetchpriority=\"high\" decoding=\"async\" width=\"1024\" height=\"525\" src=\"http:\/\/www.istanbulaestheticcenter.com\/wp-content\/uploads\/2024\/04\/laminate-veneer-1024x525.jpg\" class=\"attachment-large size-large wp-image-16080\" alt=\"\" srcset=\"http:\/\/www.istanbulaestheticcenter.com\/wp-content\/uploads\/2024\/04\/laminate-veneer-1024x525.jpg 1024w, http:\/\/www.istanbulaestheticcenter.com\/wp-content\/uploads\/2024\/04\/laminate-veneer-300x154.jpg 300w, http:\/\/www.istanbulaestheticcenter.com\/wp-content\/uploads\/2024\/04\/laminate-veneer-768x394.jpg 768w, http:\/\/www.istanbulaestheticcenter.com\/wp-content\/uploads\/2024\/04\/laminate-veneer-1000x513.jpg 1000w, http:\/\/www.istanbulaestheticcenter.com\/wp-content\/uploads\/2024\/04\/laminate-veneer-1110x570.jpg 1110w, http:\/\/www.istanbulaestheticcenter.com\/wp-content\/uploads\/2024\/04\/laminate-veneer.jpg 1120w\" sizes=\"(max-width: 1024px) 100vw, 1024px\" \/>\t\t\t\t\t\t\t\t\t\t\t\t\t\t\t<\/div>\n\t\t\t\t<\/div>\n\t\t\t\t\t<\/div>\n\t\t\t\t<\/div>\n\t\t<div class=\"elementor-element elementor-element-81d0620 e-flex e-con-boxed e-con e-parent\" data-id=\"81d0620\" data-element_type=\"container\">\n\t\t\t\t\t<div class=\"e-con-inner\">\n\t\t\t\t<div class=\"elementor-element elementor-element-c19a15b elementor-widget elementor-widget-text-editor\" data-id=\"c19a15b\" data-element_type=\"widget\" data-widget_type=\"text-editor.default\">\n\t\t\t\t<div class=\"elementor-widget-container\">\n\t\t\t\t\t\t\t\t\t<p>Di\u015f beyazlatma olarak da bilinen di\u015f beyazlatma, di\u015flerin rengini a\u00e7may\u0131 ve lekeleri veya renk de\u011fi\u015fikliklerini gidermeyi ama\u00e7layan kozmetik bir di\u015f prosed\u00fcr\u00fcd\u00fcr. Daha parlak ve \u0131\u015f\u0131lt\u0131l\u0131 bir g\u00fcl\u00fcmseme isteyen bireyler i\u00e7in pop\u00fcler bir tedavi se\u00e7ene\u011fidir.<\/p>\n\t\t\t\t\t\t\t\t<\/div>\n\t\t\t\t<\/div>\n\t\t\t\t\t<\/div>\n\t\t\t\t<\/div>\n\t\t<div class=\"elementor-element elementor-element-80202e1 e-flex e-con-boxed e-con e-parent\" data-id=\"80202e1\" data-element_type=\"container\">\n\t\t\t\t\t<div class=\"e-con-inner\">\n\t\t<div class=\"elementor-element elementor-element-ba312ff e-con-full e-flex e-con e-child\" data-id=\"ba312ff\" data-element_type=\"container\">\n\t\t\t\t<div class=\"elementor-element elementor-element-2461a6f elementor-widget elementor-widget-text-editor\" data-id=\"2461a6f\" data-element_type=\"widget\" data-widget_type=\"text-editor.default\">\n\t\t\t\t<div class=\"elementor-widget-container\">\n\t\t\t\t\t\t\t\t\t<p>Di\u015f beyazlatma olarak da bilinen di\u015f beyazlatma, di\u015flerin rengini a\u00e7may\u0131 ve lekeleri veya renk de\u011fi\u015fikliklerini gidermeyi ama\u00e7layan kozmetik bir di\u015f prosed\u00fcr\u00fcd\u00fcr. Daha parlak ve \u0131\u015f\u0131lt\u0131l\u0131 bir g\u00fcl\u00fcmseme isteyen bireyler i\u00e7in pop\u00fcler bir tedavi se\u00e7ene\u011fidir.<\/p>\n<p>\u0130\u015fte di\u015f beyazlatman\u0131n tipik olarak nas\u0131l yap\u0131ld\u0131\u011f\u0131na dair genel bir bak\u0131\u015f:<\/p>\n<ol>\n<li>\n<p><strong>Kons\u00fcltasyon<\/strong>: \u0130\u015flemden \u00f6nce hasta, hedeflerini, beklentilerini ve di\u015f beyazlatma i\u00e7in uygunlu\u011funu g\u00f6r\u00fc\u015fmek \u00fczere bir di\u015f hekimiyle kons\u00fcltasyon yapacakt\u0131r. Di\u015f hekimi hastan\u0131n di\u015flerini muayene edecek, renk de\u011fi\u015fikli\u011fi veya lekelenmenin derecesini de\u011ferlendirecek ve bireysel ihtiya\u00e7lar\u0131na g\u00f6re en uygun beyazlatma tedavisini \u00f6nerecektir.<\/p>\n<\/li>\n<li>\n<p><strong>Tedavi Se\u00e7enekleri<\/strong>: A\u015fa\u011f\u0131dakiler de dahil olmak \u00fczere \u00e7e\u015fitli di\u015f beyazlatma se\u00e7enekleri mevcuttur:<\/p>\n<ul>\n<li>\n<p><strong>Ofis \u0130\u00e7i Beyazlatma<\/strong>: Ofis i\u00e7i di\u015f beyazlatma, \u00f6zel bir \u0131\u015f\u0131k veya lazerle aktive edilen y\u00fcksek konsantrasyonlu bir beyazlatma jelinin di\u015flere uygulanmas\u0131n\u0131 i\u00e7erir. Bu, daha h\u0131zl\u0131 ve daha dramatik sonu\u00e7lar elde edilmesini sa\u011flar ve t\u00fcm prosed\u00fcr genellikle tek bir di\u015f hekimi ziyaretinde tamamlan\u0131r.<\/p>\n<\/li>\n<li>\n<p><strong>Evde Beyazlatma Kitleri<\/strong>: Evde beyazlatma kitleri, di\u015f hekimi taraf\u0131ndan sa\u011flanan \u00f6zel yap\u0131m tepsiler ve profesyonel g\u00fc\u00e7te beyazlatma jelinden olu\u015fur. Hastalara beyazlatma jeli ile doldurulmu\u015f tepsileri birka\u00e7 hafta boyunca her g\u00fcn belirli bir s\u00fcre, genellikle birka\u00e7 saat veya gece boyunca takmalar\u0131 s\u00f6ylenir.<\/p>\n<\/li>\n<li>\n<p>Re\u00e7etesiz <strong>\u00dcr\u00fcnler<\/strong>: Evde kullan\u0131labilecek beyazlat\u0131c\u0131 di\u015f macunu, \u015feritler ve jeller gibi re\u00e7etesiz sat\u0131lan di\u015f beyazlatma \u00fcr\u00fcnleri de mevcuttur. Bununla birlikte, bu \u00fcr\u00fcnler tipik olarak daha d\u00fc\u015f\u00fck konsantrasyonlarda a\u011fartma ajanlar\u0131 i\u00e7erir ve profesyonel beyazlatma tedavilerine k\u0131yasla daha az fark edilir sonu\u00e7lar \u00fcretebilir.<\/p>\n<\/li>\n<\/ul>\n<\/li>\n<li>\n<p><strong>Prosed\u00fcr<\/strong>: Ofis i\u00e7i beyazlatma i\u00e7in di\u015f hekimi \u00f6nce di\u015f etlerini ve yumu\u015fak dokular\u0131 beyazlatma jelinin tahri\u015f etmesini \u00f6nlemek i\u00e7in koruyucu bir bariyer veya dental dam ile koruyacakt\u0131r. Daha sonra beyazlatma jeli di\u015flere uygulan\u0131r ve jelin lekeleri par\u00e7alad\u0131\u011f\u0131 ve di\u015f rengini a\u00e7t\u0131\u011f\u0131 belirli bir s\u00fcre boyunca b\u0131rak\u0131l\u0131r. Baz\u0131 beyazlatma tedavileri, beyazlatma s\u00fcrecini geli\u015ftirmek i\u00e7in \u00f6zel bir \u0131\u015f\u0131k veya lazer kullan\u0131m\u0131n\u0131 da i\u00e7erebilir.<\/p>\n<\/li>\n<li>\n<p><strong>Sonu\u00e7lar<\/strong>: Di\u015f beyazlatman\u0131n sonu\u00e7lar\u0131 genellikle an\u0131nda g\u00f6r\u00fcl\u00fcr ve di\u015flerin parlakl\u0131\u011f\u0131nda ve beyazl\u0131\u011f\u0131nda g\u00f6zle g\u00f6r\u00fcl\u00fcr iyile\u015fmeler sa\u011flan\u0131r. Bununla birlikte, nihai sonu\u00e7lar renk de\u011fi\u015fikli\u011finin \u015fiddeti, kullan\u0131lan beyazlatma tedavisinin t\u00fcr\u00fc ve genetik ve ya\u015fam tarz\u0131 al\u0131\u015fkanl\u0131klar\u0131 gibi bireysel fakt\u00f6rler gibi fakt\u00f6rlere ba\u011fl\u0131 olarak de\u011fi\u015febilir.<\/p>\n<\/li>\n<li>\n<p><strong>Bak\u0131m<\/strong>: Di\u015f beyazlatma sonu\u00e7lar\u0131n\u0131 korumak i\u00e7in hastalara iyi a\u011f\u0131z hijyeni uygulamalar\u0131, di\u015fleri lekeleyebilecek yiyecek ve i\u00e7eceklerden (kahve, \u00e7ay ve k\u0131rm\u0131z\u0131 \u015farap gibi) ka\u00e7\u0131nmalar\u0131 ve d\u00fczenli di\u015f kontrollerine ve temizliklerine gitmeleri tavsiye edilir. \u0130stenen beyazl\u0131k seviyesini korumak i\u00e7in periyodik olarak r\u00f6tu\u015f tedavileri de \u00f6nerilebilir.<\/p>\n<\/li>\n<\/ol>\n\t\t\t\t\t\t\t\t<\/div>\n\t\t\t\t<\/div>\n\t\t\t\t<\/div>\n\t\t<div class=\"elementor-element elementor-element-e58bdbb e-con-full e-flex e-con e-child\" data-id=\"e58bdbb\" data-element_type=\"container\">\n\t\t\t\t<div class=\"elementor-element elementor-element-6bea192 elementor-widget elementor-widget-image\" data-id=\"6bea192\" data-element_type=\"widget\" data-widget_type=\"image.default\">\n\t\t\t\t<div class=\"elementor-widget-container\">\n\t\t\t\t\t\t\t\t\t\t\t\t\t\t\t<img decoding=\"async\" width=\"1024\" height=\"1024\" src=\"http:\/\/www.istanbulaestheticcenter.com\/wp-content\/uploads\/2024\/04\/tooth-whitening.jpg\" class=\"attachment-large size-large wp-image-16178\" alt=\"\" srcset=\"http:\/\/www.istanbulaestheticcenter.com\/wp-content\/uploads\/2024\/04\/tooth-whitening.jpg 1024w, http:\/\/www.istanbulaestheticcenter.com\/wp-content\/uploads\/2024\/04\/tooth-whitening-300x300.jpg 300w, http:\/\/www.istanbulaestheticcenter.com\/wp-content\/uploads\/2024\/04\/tooth-whitening-150x150.jpg 150w, http:\/\/www.istanbulaestheticcenter.com\/wp-content\/uploads\/2024\/04\/tooth-whitening-768x768.jpg 768w, http:\/\/www.istanbulaestheticcenter.com\/wp-content\/uploads\/2024\/04\/tooth-whitening-720x720.jpg 720w\" sizes=\"(max-width: 1024px) 100vw, 1024px\" \/>\t\t\t\t\t\t\t\t\t\t\t\t\t\t\t<\/div>\n\t\t\t\t<\/div>\n\t\t\t\t<div class=\"elementor-element elementor-element-8b62389 elementor-widget elementor-widget-text-editor\" data-id=\"8b62389\" data-element_type=\"widget\" data-widget_type=\"text-editor.default\">\n\t\t\t\t<div class=\"elementor-widget-container\">\n\t\t\t\t\t\t\t\t\t<p>Di\u015f beyazlatma, g\u00fcl\u00fcmsemenin g\u00f6r\u00fcn\u00fcm\u00fcn\u00fc iyile\u015ftirmenin ve \u00f6zg\u00fcveni art\u0131rman\u0131n g\u00fcvenli ve etkili bir yoludur. Bununla birlikte, m\u00fcmk\u00fcn olan en iyi sonu\u00e7lar\u0131 elde etmek ve di\u015f hassasiyeti veya di\u015f eti tahri\u015fi gibi yan etki riskini en aza indirmek i\u00e7in di\u015f beyazlatma i\u015fleminin kalifiye bir di\u015f hekiminin g\u00f6zetimi alt\u0131nda yap\u0131lmas\u0131 \u00f6nemlidir. \u0130stanbul Estetik Merkezi (IAC) gibi sayg\u0131n di\u015f klinikleri, daha parlak ve daha g\u00fczel bir g\u00fcl\u00fcmseme elde etmek i\u00e7in g\u00fcvenli ve etkili \u00e7\u00f6z\u00fcmler sunarak her hastan\u0131n ihtiya\u00e7lar\u0131na g\u00f6re uyarlanm\u0131\u015f profesyonel di\u015f beyazlatma tedavileri sunar.<\/p>\n\t\t\t\t\t\t\t\t<\/div>\n\t\t\t\t<\/div>\n\t\t\t\t<div class=\"elementor-element elementor-element-eece500 elementor-widget elementor-widget-image\" data-id=\"eece500\" data-element_type=\"widget\" data-widget_type=\"image.default\">\n\t\t\t\t<div class=\"elementor-widget-container\">\n\t\t\t\t\t\t\t\t\t\t\t\t\t\t\t<img decoding=\"async\" width=\"1024\" height=\"1024\" src=\"http:\/\/www.istanbulaestheticcenter.com\/wp-content\/uploads\/2024\/04\/WhatsApp-Image-2018-07-03-at-4.14.20-PM-1024x1024.jpeg\" class=\"attachment-large size-large wp-image-16066\" alt=\"\" srcset=\"http:\/\/www.istanbulaestheticcenter.com\/wp-content\/uploads\/2024\/04\/WhatsApp-Image-2018-07-03-at-4.14.20-PM-1024x1024.jpeg 1024w, http:\/\/www.istanbulaestheticcenter.com\/wp-content\/uploads\/2024\/04\/WhatsApp-Image-2018-07-03-at-4.14.20-PM-300x300.jpeg 300w, http:\/\/www.istanbulaestheticcenter.com\/wp-content\/uploads\/2024\/04\/WhatsApp-Image-2018-07-03-at-4.14.20-PM-150x150.jpeg 150w, http:\/\/www.istanbulaestheticcenter.com\/wp-content\/uploads\/2024\/04\/WhatsApp-Image-2018-07-03-at-4.14.20-PM-768x768.jpeg 768w, http:\/\/www.istanbulaestheticcenter.com\/wp-content\/uploads\/2024\/04\/WhatsApp-Image-2018-07-03-at-4.14.20-PM-720x720.jpeg 720w, http:\/\/www.istanbulaestheticcenter.com\/wp-content\/uploads\/2024\/04\/WhatsApp-Image-2018-07-03-at-4.14.20-PM.jpeg 1280w\" sizes=\"(max-width: 1024px) 100vw, 1024px\" \/>\t\t\t\t\t\t\t\t\t\t\t\t\t\t\t<\/div>\n\t\t\t\t<\/div>\n\t\t\t\t<\/div>\n\t\t\t\t\t<\/div>\n\t\t\t\t<\/div>\n\t\t\t\t<\/div>\n\t\t","protected":false},"excerpt":{"rendered":"<p>Di\u015f beyazlatma olarak da bilinen di\u015f beyazlatma, di\u015flerin rengini a\u00e7may\u0131 ve lekeleri veya renk de\u011fi\u015fikliklerini gidermeyi ama\u00e7layan kozmetik bir di\u015f prosed\u00fcr\u00fcd\u00fcr. Daha parlak ve \u0131\u015f\u0131lt\u0131l\u0131 bir g\u00fcl\u00fcmseme isteyen bireyler i\u00e7in pop\u00fcler bir tedavi se\u00e7ene\u011fidir. Di\u015f beyazlatma olarak da bilinen di\u015f beyazlatma, di\u015flerin rengini a\u00e7may\u0131 ve lekeleri veya renk de\u011fi\u015fikliklerini gidermeyi ama\u00e7layan kozmetik bir di\u015f prosed\u00fcr\u00fcd\u00fcr. [&hellip;]<\/p>\n","protected":false},"author":1,"featured_media":0,"parent":17031,"menu_order":0,"comment_status":"closed","ping_status":"closed","template":"","meta":{"_themeisle_gutenberg_block_has_review":false,"footnotes":""},"class_list":["post-16369","page","type-page","status-publish","hentry"],"_links":{"self":[{"href":"http:\/\/www.istanbulaestheticcenter.com\/tr\/wp-json\/wp\/v2\/pages\/16369","targetHints":{"allow":["GET"]}}],"collection":[{"href":"http:\/\/www.istanbulaestheticcenter.com\/tr\/wp-json\/wp\/v2\/pages"}],"about":[{"href":"http:\/\/www.istanbulaestheticcenter.com\/tr\/wp-json\/wp\/v2\/types\/page"}],"author":[{"embeddable":true,"href":"http:\/\/www.istanbulaestheticcenter.com\/tr\/wp-json\/wp\/v2\/users\/1"}],"replies":[{"embeddable":true,"href":"http:\/\/www.istanbulaestheticcenter.com\/tr\/wp-json\/wp\/v2\/comments?post=16369"}],"version-history":[{"count":1,"href":"http:\/\/www.istanbulaestheticcenter.com\/tr\/wp-json\/wp\/v2\/pages\/16369\/revisions"}],"predecessor-version":[{"id":16370,"href":"http:\/\/www.istanbulaestheticcenter.com\/tr\/wp-json\/wp\/v2\/pages\/16369\/revisions\/16370"}],"up":[{"embeddable":true,"href":"http:\/\/www.istanbulaestheticcenter.com\/tr\/wp-json\/wp\/v2\/pages\/17031"}],"wp:attachment":[{"href":"http:\/\/www.istanbulaestheticcenter.com\/tr\/wp-json\/wp\/v2\/media?parent=16369"}],"curies":[{"name":"wp","href":"https:\/\/api.w.org\/{rel}","templated":true}]}}