{"id":16367,"date":"2024-04-20T16:50:49","date_gmt":"2024-04-20T13:50:49","guid":{"rendered":"https:\/\/www.istanbulaestheticcenter.com\/kok-kanal-tedavisi\/"},"modified":"2024-07-09T14:46:32","modified_gmt":"2024-07-09T11:46:32","slug":"kok-kanal-tedavisi","status":"publish","type":"page","link":"http:\/\/www.istanbulaestheticcenter.com\/tr\/dis-hekimligi\/kok-kanal-tedavisi\/","title":{"rendered":"K\u00f6k Kanal Tedavisi"},"content":{"rendered":"\t\t<div data-elementor-type=\"wp-page\" data-elementor-id=\"16367\" class=\"elementor elementor-16367 elementor-13390\">\n\t\t\t\t<div class=\"elementor-element elementor-element-98e49da e-flex e-con-boxed e-con e-parent\" data-id=\"98e49da\" data-element_type=\"container\">\n\t\t\t\t\t<div class=\"e-con-inner\">\n\t\t\t\t<div class=\"elementor-element elementor-element-2bd1e5b elementor-widget elementor-widget-image\" data-id=\"2bd1e5b\" data-element_type=\"widget\" data-widget_type=\"image.default\">\n\t\t\t\t<div class=\"elementor-widget-container\">\n\t\t\t\t\t\t\t\t\t\t\t\t\t\t\t<img fetchpriority=\"high\" decoding=\"async\" width=\"1024\" height=\"525\" src=\"http:\/\/www.istanbulaestheticcenter.com\/wp-content\/uploads\/2024\/04\/root-canal-v2-1024x525.jpg\" class=\"attachment-large size-large wp-image-16171\" alt=\"\" srcset=\"http:\/\/www.istanbulaestheticcenter.com\/wp-content\/uploads\/2024\/04\/root-canal-v2-1024x525.jpg 1024w, http:\/\/www.istanbulaestheticcenter.com\/wp-content\/uploads\/2024\/04\/root-canal-v2-300x154.jpg 300w, http:\/\/www.istanbulaestheticcenter.com\/wp-content\/uploads\/2024\/04\/root-canal-v2-768x394.jpg 768w, http:\/\/www.istanbulaestheticcenter.com\/wp-content\/uploads\/2024\/04\/root-canal-v2-1000x513.jpg 1000w, http:\/\/www.istanbulaestheticcenter.com\/wp-content\/uploads\/2024\/04\/root-canal-v2-1110x570.jpg 1110w, http:\/\/www.istanbulaestheticcenter.com\/wp-content\/uploads\/2024\/04\/root-canal-v2.jpg 1120w\" sizes=\"(max-width: 1024px) 100vw, 1024px\" \/>\t\t\t\t\t\t\t\t\t\t\t\t\t\t\t<\/div>\n\t\t\t\t<\/div>\n\t\t\t\t\t<\/div>\n\t\t\t\t<\/div>\n\t\t<div class=\"elementor-element elementor-element-c2d6e43 e-flex e-con-boxed e-con e-parent\" data-id=\"c2d6e43\" data-element_type=\"container\">\n\t\t\t\t\t<div class=\"e-con-inner\">\n\t\t\t\t<div class=\"elementor-element elementor-element-293379b elementor-widget elementor-widget-heading\" data-id=\"293379b\" data-element_type=\"widget\" data-widget_type=\"heading.default\">\n\t\t\t\t<div class=\"elementor-widget-container\">\n\t\t\t\t\t<h2 class=\"elementor-heading-title elementor-size-default\">K\u00f6k Kanal Tedavisi<\/h2>\t\t\t\t<\/div>\n\t\t\t\t<\/div>\n\t\t\t\t\t<\/div>\n\t\t\t\t<\/div>\n\t\t<div class=\"elementor-element elementor-element-95ca563 e-flex e-con-boxed e-con e-parent\" data-id=\"95ca563\" data-element_type=\"container\">\n\t\t\t\t\t<div class=\"e-con-inner\">\n\t\t\t\t<div class=\"elementor-element elementor-element-705453d elementor-widget elementor-widget-text-editor\" data-id=\"705453d\" data-element_type=\"widget\" data-widget_type=\"text-editor.default\">\n\t\t\t\t<div class=\"elementor-widget-container\">\n\t\t\t\t\t\t\t\t\t<p>Endodontik tedavi olarak da bilinen kanal tedavisi, bir di\u015fin pulpas\u0131 i\u00e7indeki enfeksiyonlar\u0131 veya hasar\u0131 tedavi etmek i\u00e7in kullan\u0131lan bir di\u015f prosed\u00fcr\u00fcd\u00fcr. Pulpa, di\u015fin merkezinde bulunan ve sinirler, kan damarlar\u0131 ve ba\u011f dokusu i\u00e7eren yumu\u015fak dokudur. Pulpa, tipik olarak derin \u00e7\u00fcr\u00fck, travma veya di\u015fteki \u00e7atlaklar nedeniyle enfekte veya iltihapl\u0131 hale geldi\u011finde, di\u015fi kurtarmak ve a\u011fr\u0131y\u0131 hafifletmek i\u00e7in kanal tedavisi gerekli olabilir.<\/p>\n\t\t\t\t\t\t\t\t<\/div>\n\t\t\t\t<\/div>\n\t\t\t\t\t<\/div>\n\t\t\t\t<\/div>\n\t\t<div class=\"elementor-element elementor-element-5c64b3a e-flex e-con-boxed e-con e-parent\" data-id=\"5c64b3a\" data-element_type=\"container\">\n\t\t\t\t\t<div class=\"e-con-inner\">\n\t\t<div class=\"elementor-element elementor-element-97d26d6 e-con-full e-flex e-con e-child\" data-id=\"97d26d6\" data-element_type=\"container\">\n\t\t\t\t<div class=\"elementor-element elementor-element-191b6ba elementor-widget elementor-widget-text-editor\" data-id=\"191b6ba\" data-element_type=\"widget\" data-widget_type=\"text-editor.default\">\n\t\t\t\t<div class=\"elementor-widget-container\">\n\t\t\t\t\t\t\t\t\t<p>\u0130\u015fte kanal tedavisinin tipik olarak nas\u0131l yap\u0131ld\u0131\u011f\u0131na dair genel bir bak\u0131\u015f:<\/p>\n<ol>\n<li>\n<p><strong>Te\u015fhis<\/strong>: \u0130\u015flemden \u00f6nce di\u015f hekimi, hastan\u0131n semptomlar\u0131n\u0131n, di\u015f ge\u00e7mi\u015finin ve r\u00f6ntgenlerinin g\u00f6zden ge\u00e7irilmesi de dahil olmak \u00fczere etkilenen di\u015fin kapsaml\u0131 bir muayenesini yapacakt\u0131r. Bu, k\u00f6k kanal tedavisinin gerekli olup olmad\u0131\u011f\u0131n\u0131n belirlenmesine yard\u0131mc\u0131 olur ve enfeksiyonun veya hasar\u0131n boyutunu belirler.<\/p>\n<\/li>\n<li>\n<p><strong>Anestezi<\/strong>: \u0130\u015flem s\u0131ras\u0131nda hastan\u0131n rahat etmesini sa\u011flamak i\u00e7in di\u015f ve \u00e7evresini uyu\u015fturmak amac\u0131yla lokal anestezi uygulan\u0131r. Baz\u0131 durumlarda, \u00f6zellikle di\u015f kayg\u0131s\u0131 veya korkusu ya\u015fayan hastalar\u0131n rahatlamas\u0131na yard\u0131mc\u0131 olmak i\u00e7in sedasyon da kullan\u0131labilir.<\/p>\n<\/li>\n<li>\n<p><strong>Eri\u015fim<\/strong>: Di\u015f uyu\u015fturulduktan sonra, di\u015f hekimi pulpa odas\u0131na ve k\u00f6k kanallar\u0131na eri\u015fmek i\u00e7in di\u015fin tepesinde bir a\u00e7\u0131kl\u0131k olu\u015fturacakt\u0131r. Bu, enfekte veya hasarl\u0131 dokuya ula\u015fmak i\u00e7in di\u015fte k\u00fc\u00e7\u00fck bir delik a\u00e7\u0131lmas\u0131n\u0131 i\u00e7erebilir.<\/p>\n<\/li>\n<li>\n<p><strong>Temizleme ve \u015eekillendirme<\/strong>: Di\u015f hekimi, e\u011fe ad\u0131 verilen \u00f6zel aletler kullanarak enfekte veya hasarl\u0131 pulpa dokusunu pulpa odas\u0131ndan ve k\u00f6k kanallar\u0131ndan dikkatlice \u00e7\u0131karacakt\u0131r. Daha sonra kanallar her t\u00fcrl\u00fc kal\u0131nt\u0131, bakteri ve kalan pulpa kal\u0131nt\u0131lar\u0131n\u0131 gidermek i\u00e7in temizlenir ve \u015fekillendirilir.<\/p>\n<\/li>\n<li>\n<p><strong>Dezenfeksiyon<\/strong>: K\u00f6k kanallar\u0131, kalan bakteri veya kal\u0131nt\u0131lar\u0131 dezenfekte etmek ve temizlemek i\u00e7in antimikrobiyal sol\u00fcsyonlarla y\u0131kan\u0131r. Bu, daha fazla enfeksiyonu \u00f6nlemeye yard\u0131mc\u0131 olur ve iyile\u015fmeyi destekler.<\/p>\n<\/li>\n<li>\n<p><strong>Doldurma<\/strong>: K\u00f6k kanallar\u0131 temizlenip \u015fekillendirildikten sonra, kanallar\u0131 kapatmak ve tekrar kirlenmesini \u00f6nlemek i\u00e7in gutta-perka ad\u0131 verilen biyo-uyumlu bir madde ile doldurulur. Di\u015fin kuronundaki eri\u015fim a\u00e7\u0131kl\u0131\u011f\u0131 daha sonra ge\u00e7ici veya kal\u0131c\u0131 bir dolgu malzemesiyle kapat\u0131l\u0131r.<\/p>\n<\/li>\n<li>\n<p><strong>Restorasyon<\/strong>: \u00c7o\u011fu durumda, kanal tedavisi g\u00f6rm\u00fc\u015f bir di\u015fin g\u00fc\u00e7lendirilmesi ve daha fazla hasara kar\u015f\u0131 korunmas\u0131 i\u00e7in di\u015f kronu gibi kal\u0131c\u0131 bir restorasyon yap\u0131lmas\u0131 gerekecektir. Kuron, do\u011fal di\u015fin \u015fekline, boyutuna ve rengine uyacak \u015fekilde \u00f6zel olarak yap\u0131l\u0131r, i\u015flevini ve g\u00f6r\u00fcn\u00fcm\u00fcn\u00fc geri kazand\u0131r\u0131r.<\/p>\n<\/li>\n<li>\n<p><strong>Takip<\/strong>: Kanal tedavisinden sonra hastalar hafif bir rahats\u0131zl\u0131k veya hassasiyet ya\u015fayabilir ve bu durum genellikle re\u00e7etesiz sat\u0131lan a\u011fr\u0131 kesici ila\u00e7larla kontrol alt\u0131na al\u0131nabilir. Di\u015f hekimi taraf\u0131ndan verilen ameliyat sonras\u0131 talimatlara uymak ve iyile\u015fmeyi izlemek ve tedavinin ba\u015far\u0131s\u0131n\u0131 sa\u011flamak i\u00e7in takip randevular\u0131na kat\u0131lmak \u00e7ok \u00f6nemlidir.<\/p>\n<\/li>\n<\/ol>\n\t\t\t\t\t\t\t\t<\/div>\n\t\t\t\t<\/div>\n\t\t\t\t<\/div>\n\t\t<div class=\"elementor-element elementor-element-c006801 e-con-full e-flex e-con e-child\" data-id=\"c006801\" data-element_type=\"container\">\n\t\t\t\t<div class=\"elementor-element elementor-element-1cc1d6a elementor-widget elementor-widget-image\" data-id=\"1cc1d6a\" data-element_type=\"widget\" data-widget_type=\"image.default\">\n\t\t\t\t<div class=\"elementor-widget-container\">\n\t\t\t\t\t\t\t\t\t\t\t\t\t\t\t<img decoding=\"async\" width=\"1024\" height=\"1024\" src=\"http:\/\/www.istanbulaestheticcenter.com\/wp-content\/uploads\/2024\/04\/root-canal.jpg\" class=\"attachment-large size-large wp-image-16164\" alt=\"\" srcset=\"http:\/\/www.istanbulaestheticcenter.com\/wp-content\/uploads\/2024\/04\/root-canal.jpg 1024w, http:\/\/www.istanbulaestheticcenter.com\/wp-content\/uploads\/2024\/04\/root-canal-300x300.jpg 300w, http:\/\/www.istanbulaestheticcenter.com\/wp-content\/uploads\/2024\/04\/root-canal-150x150.jpg 150w, http:\/\/www.istanbulaestheticcenter.com\/wp-content\/uploads\/2024\/04\/root-canal-768x768.jpg 768w, http:\/\/www.istanbulaestheticcenter.com\/wp-content\/uploads\/2024\/04\/root-canal-720x720.jpg 720w\" sizes=\"(max-width: 1024px) 100vw, 1024px\" \/>\t\t\t\t\t\t\t\t\t\t\t\t\t\t\t<\/div>\n\t\t\t\t<\/div>\n\t\t\t\t<div class=\"elementor-element elementor-element-75cb2ff elementor-widget elementor-widget-text-editor\" data-id=\"75cb2ff\" data-element_type=\"widget\" data-widget_type=\"text-editor.default\">\n\t\t\t\t<div class=\"elementor-widget-container\">\n\t\t\t\t\t\t\t\t\t<p>Kanal tedavisi, aksi takdirde enfeksiyon veya hasar nedeniyle \u00e7ekilmesi gereken di\u015flerin kurtar\u0131lmas\u0131nda olduk\u00e7a etkilidir. A\u011fr\u0131y\u0131 dindirir, do\u011fal di\u015f yap\u0131s\u0131n\u0131 korur ve a\u011f\u0131z sa\u011fl\u0131\u011f\u0131n\u0131 ve i\u015flevini geri kazand\u0131r\u0131r. Uygun bak\u0131m ve onar\u0131mla kanal tedavisi g\u00f6rm\u00fc\u015f bir di\u015f \u00f6m\u00fcr boyu dayanabilir. \u015eiddetli di\u015f a\u011fr\u0131s\u0131, s\u0131ca\u011fa veya so\u011fu\u011fa kar\u015f\u0131 hassasiyet, \u015fi\u015fme veya di\u015f etlerinden ak\u0131nt\u0131 gibi belirtiler ya\u015farsan\u0131z, bunlar kanal tedavisi gerekti\u011fine i\u015faret edebilece\u011finden, uzman bir di\u015f hekimine veya endodontiste dan\u0131\u015fman\u0131z \u00f6nemlidir. <strong>\u0130stanbul Estetik Merkezi (IAC<\/strong> ) gibi sayg\u0131n di\u015f klinikleri, kapsaml\u0131 endodonti hizmetleri sunarak hastalara do\u011fal di\u015flerini korumak ve optimum a\u011f\u0131z sa\u011fl\u0131\u011f\u0131na ula\u015fmak i\u00e7in uzman bak\u0131m\u0131 ve ki\u015fiselle\u015ftirilmi\u015f tedavi sa\u011flar.<\/p>\n\t\t\t\t\t\t\t\t<\/div>\n\t\t\t\t<\/div>\n\t\t\t\t<\/div>\n\t\t\t\t\t<\/div>\n\t\t\t\t<\/div>\n\t\t\t\t<\/div>\n\t\t","protected":false},"excerpt":{"rendered":"<p>K\u00f6k Kanal Tedavisi Endodontik tedavi olarak da bilinen kanal tedavisi, bir di\u015fin pulpas\u0131 i\u00e7indeki enfeksiyonlar\u0131 veya hasar\u0131 tedavi etmek i\u00e7in kullan\u0131lan bir di\u015f prosed\u00fcr\u00fcd\u00fcr. Pulpa, di\u015fin merkezinde bulunan ve sinirler, kan damarlar\u0131 ve ba\u011f dokusu i\u00e7eren yumu\u015fak dokudur. Pulpa, tipik olarak derin \u00e7\u00fcr\u00fck, travma veya di\u015fteki \u00e7atlaklar nedeniyle enfekte veya iltihapl\u0131 hale geldi\u011finde, di\u015fi kurtarmak [&hellip;]<\/p>\n","protected":false},"author":1,"featured_media":0,"parent":17031,"menu_order":0,"comment_status":"closed","ping_status":"closed","template":"","meta":{"_themeisle_gutenberg_block_has_review":false,"footnotes":""},"class_list":["post-16367","page","type-page","status-publish","hentry"],"_links":{"self":[{"href":"http:\/\/www.istanbulaestheticcenter.com\/tr\/wp-json\/wp\/v2\/pages\/16367","targetHints":{"allow":["GET"]}}],"collection":[{"href":"http:\/\/www.istanbulaestheticcenter.com\/tr\/wp-json\/wp\/v2\/pages"}],"about":[{"href":"http:\/\/www.istanbulaestheticcenter.com\/tr\/wp-json\/wp\/v2\/types\/page"}],"author":[{"embeddable":true,"href":"http:\/\/www.istanbulaestheticcenter.com\/tr\/wp-json\/wp\/v2\/users\/1"}],"replies":[{"embeddable":true,"href":"http:\/\/www.istanbulaestheticcenter.com\/tr\/wp-json\/wp\/v2\/comments?post=16367"}],"version-history":[{"count":1,"href":"http:\/\/www.istanbulaestheticcenter.com\/tr\/wp-json\/wp\/v2\/pages\/16367\/revisions"}],"predecessor-version":[{"id":16368,"href":"http:\/\/www.istanbulaestheticcenter.com\/tr\/wp-json\/wp\/v2\/pages\/16367\/revisions\/16368"}],"up":[{"embeddable":true,"href":"http:\/\/www.istanbulaestheticcenter.com\/tr\/wp-json\/wp\/v2\/pages\/17031"}],"wp:attachment":[{"href":"http:\/\/www.istanbulaestheticcenter.com\/tr\/wp-json\/wp\/v2\/media?parent=16367"}],"curies":[{"name":"wp","href":"https:\/\/api.w.org\/{rel}","templated":true}]}}