{"id":16721,"date":"2024-04-19T16:09:44","date_gmt":"2024-04-19T13:09:44","guid":{"rendered":"https:\/\/www.istanbulaestheticcenter.com\/trapianto-di-capelli-fue\/"},"modified":"2024-04-29T21:57:33","modified_gmt":"2024-04-29T18:57:33","slug":"trapianto-di-capelli-fue","status":"publish","type":"page","link":"http:\/\/www.istanbulaestheticcenter.com\/it\/trapianto-di-capelli-2\/trapianto-di-capelli-fue\/","title":{"rendered":"Trapianto di capelli FUE"},"content":{"rendered":"\t\t<div data-elementor-type=\"wp-page\" data-elementor-id=\"16721\" class=\"elementor elementor-16721 elementor-13133\">\n\t\t\t\t<div class=\"elementor-element elementor-element-76cab1a e-grid e-con-boxed e-con e-parent\" data-id=\"76cab1a\" data-element_type=\"container\">\n\t\t\t\t\t<div class=\"e-con-inner\">\n\t\t\t\t<div class=\"elementor-element elementor-element-59a8eed elementor-widget elementor-widget-beforeafter\" data-id=\"59a8eed\" data-element_type=\"widget\" data-widget_type=\"beforeafter.default\">\n\t\t\t\t<div class=\"elementor-widget-container\">\n\t\t\t\t\t\n\n<style>\n  \n#nd_elements_beforeafter_component_595 img { float:left; width:100%; }\n\n#nd_elements_beforeafter_component_595 { \nfloat: left;\nwidth: 100% !important;\nmargin: 0px !important;\npadding: 0px !important;\nposition: relative;\n}\n\n#nd_elements_beforeafter_component_595 .ui-slider-range {\nbackground-image: url(\"http:\/\/www.istanbulaestheticcenter.com\/wp-content\/uploads\/2024\/04\/hair-male-before-v3.jpg\");\nbackground-color: #000;\nz-index: 9;\nposition: absolute;\nheight: 100%;\nbackground-repeat: no-repeat;\nbackground-size: cover;\n}\n\n#nd_elements_beforeafter_component_595 .ui-slider-handle {\nbackground-color: #000;\nwidth: 4px;\nposition: absolute;\nheight: 100%;\noutline: 0px;\ncursor: ew-resize;  \n}\n\n#nd_elements_beforeafter_component_595 .ui-slider-handle:after {\ncontent: \"\";\nwidth: 40px;\nheight: 40px;\nbackground-color: #ccc;\nposition: absolute;\ntop: 50%;\nmargin-top: -20px;\nmargin-left: -18px;\nz-index: 9;\nborder-radius: 100%;\nbackground-image:url(\"http:\/\/www.istanbulaestheticcenter.com\/wp-content\/uploads\/2022\/09\/arrows.png\");\nbackground-size: 30px;\nbackground-position: center;\nbackground-repeat: no-repeat;\n}\n\n<\/style>\n\n\n<script>\njQuery( function() {\n\njQuery( \"#nd_elements_beforeafter_component_595\" ).slider({\n  value: 50,\n  orientation: \"horizontal\",\n  range: \"min\",\n  animate: true\n});\n\n} );\n<\/script>\n\n\n<div class=\"nd_elements_section nd_elements_beforeafter_component\">\n\n\t<div class=\"nd_elements_section\">\n\t\t<div id=\"nd_elements_beforeafter_component_595\">\n\t\t\t<img decoding=\"async\" src=\"http:\/\/www.istanbulaestheticcenter.com\/wp-content\/uploads\/2024\/04\/hair-male-after-v3.jpg\">\n\t\t<\/div>\n\t<\/div>\n\t\n<\/div>\t\t\t\t<\/div>\n\t\t\t\t<\/div>\n\t\t\t\t<div class=\"elementor-element elementor-element-552775d elementor-widget elementor-widget-beforeafter\" data-id=\"552775d\" data-element_type=\"widget\" data-widget_type=\"beforeafter.default\">\n\t\t\t\t<div class=\"elementor-widget-container\">\n\t\t\t\t\t\n\n<style>\n  \n#nd_elements_beforeafter_component_318 img { float:left; width:100%; }\n\n#nd_elements_beforeafter_component_318 { \nfloat: left;\nwidth: 100% !important;\nmargin: 0px !important;\npadding: 0px !important;\nposition: relative;\n}\n\n#nd_elements_beforeafter_component_318 .ui-slider-range {\nbackground-image: url(\"http:\/\/www.istanbulaestheticcenter.com\/wp-content\/uploads\/2024\/04\/hair-male-before-v2.jpg\");\nbackground-color: #000;\nz-index: 9;\nposition: absolute;\nheight: 100%;\nbackground-repeat: no-repeat;\nbackground-size: cover;\n}\n\n#nd_elements_beforeafter_component_318 .ui-slider-handle {\nbackground-color: #000;\nwidth: 4px;\nposition: absolute;\nheight: 100%;\noutline: 0px;\ncursor: ew-resize;  \n}\n\n#nd_elements_beforeafter_component_318 .ui-slider-handle:after {\ncontent: \"\";\nwidth: 40px;\nheight: 40px;\nbackground-color: #ccc;\nposition: absolute;\ntop: 50%;\nmargin-top: -20px;\nmargin-left: -18px;\nz-index: 9;\nborder-radius: 100%;\nbackground-image:url(\"http:\/\/www.istanbulaestheticcenter.com\/wp-content\/uploads\/2022\/09\/arrows.png\");\nbackground-size: 30px;\nbackground-position: center;\nbackground-repeat: no-repeat;\n}\n\n<\/style>\n\n\n<script>\njQuery( function() {\n\njQuery( \"#nd_elements_beforeafter_component_318\" ).slider({\n  value: 50,\n  orientation: \"horizontal\",\n  range: \"min\",\n  animate: true\n});\n\n} );\n<\/script>\n\n\n<div class=\"nd_elements_section nd_elements_beforeafter_component\">\n\n\t<div class=\"nd_elements_section\">\n\t\t<div id=\"nd_elements_beforeafter_component_318\">\n\t\t\t<img decoding=\"async\" src=\"http:\/\/www.istanbulaestheticcenter.com\/wp-content\/uploads\/2024\/04\/hair-male-after-v2.jpg\">\n\t\t<\/div>\n\t<\/div>\n\t\n<\/div>\t\t\t\t<\/div>\n\t\t\t\t<\/div>\n\t\t\t\t\t<\/div>\n\t\t\t\t<\/div>\n\t\t<div class=\"elementor-element elementor-element-cbc25af e-flex e-con-boxed e-con e-parent\" data-id=\"cbc25af\" data-element_type=\"container\">\n\t\t\t\t\t<div class=\"e-con-inner\">\n\t\t<div class=\"elementor-element elementor-element-ecadbfc e-flex e-con-boxed e-con e-child\" data-id=\"ecadbfc\" data-element_type=\"container\">\n\t\t\t\t\t<div class=\"e-con-inner\">\n\t\t\t\t<div class=\"elementor-element elementor-element-cdabcd8 elementor-widget elementor-widget-heading\" data-id=\"cdabcd8\" data-element_type=\"widget\" data-widget_type=\"heading.default\">\n\t\t\t\t<div class=\"elementor-widget-container\">\n\t\t\t\t\t<h2 class=\"elementor-heading-title elementor-size-default\">Trapianto di capelli FUE<\/h2>\t\t\t\t<\/div>\n\t\t\t\t<\/div>\n\t\t\t\t\t<\/div>\n\t\t\t\t<\/div>\n\t\t\t\t\t<\/div>\n\t\t\t\t<\/div>\n\t\t<div class=\"elementor-element elementor-element-02db0e2 e-flex e-con-boxed e-con e-parent\" data-id=\"02db0e2\" data-element_type=\"container\">\n\t\t\t\t\t<div class=\"e-con-inner\">\n\t\t\t\t<div class=\"elementor-element elementor-element-4b6ee33 elementor-widget elementor-widget-text-editor\" data-id=\"4b6ee33\" data-element_type=\"widget\" data-widget_type=\"text-editor.default\">\n\t\t\t\t<div class=\"elementor-widget-container\">\n\t\t\t\t\t\t\t\t\t<p>L&#8217;estrazione di unit\u00e0 follicolari (FUE) \u00e8 un metodo di trapianto di capelli utilizzato per trattare la perdita di capelli o la calvizie. Si tratta di una procedura chirurgica minimamente invasiva in cui singoli follicoli piliferi vengono estratti da un&#8217;area donatrice (in genere la parte posteriore o laterale del cuoio capelluto) e trapiantati nelle aree calve o diradate.<\/p>\n\t\t\t\t\t\t\t\t<\/div>\n\t\t\t\t<\/div>\n\t\t\t\t\t<\/div>\n\t\t\t\t<\/div>\n\t\t<div class=\"elementor-element elementor-element-a93cd01 e-grid e-con-boxed e-con e-parent\" data-id=\"a93cd01\" data-element_type=\"container\">\n\t\t\t\t\t<div class=\"e-con-inner\">\n\t\t\t\t<div class=\"elementor-element elementor-element-2734692 elementor-widget elementor-widget-text-editor\" data-id=\"2734692\" data-element_type=\"widget\" data-widget_type=\"text-editor.default\">\n\t\t\t\t<div class=\"elementor-widget-container\">\n\t\t\t\t\t\t\t\t\t<p>Ecco come funziona generalmente la procedura:<\/p>\n<ol>\n<li>\n<p><strong>Estrazione<\/strong>: I follicoli piliferi vengono estratti uno per uno dall&#8217;area donatrice utilizzando uno strumento specializzato, in genere un micropunch o un sistema robotico. Questi follicoli vengono solitamente estratti nei loro raggruppamenti naturali di 1-4 capelli, noti come unit\u00e0 follicolari.<\/p>\n<\/li>\n<li>\n<p><strong>Preparazione del sito del donatore<\/strong>: Una volta prelevati i follicoli, vengono praticati dei piccoli fori nell&#8217;area ricevente dove verranno trapiantati i capelli.<\/p>\n<\/li>\n<li>\n<p><strong>Trapianto<\/strong>: I follicoli estratti vengono impiantati con cura nei siti riceventi. Il chirurgo li posiziona in modo da imitare il modello di crescita naturale dei capelli, garantendo un risultato pi\u00f9 naturale.<\/p>\n<\/li>\n<li>\n<p><strong>Guarigione<\/strong>: Dopo l&#8217;intervento, sia la zona donatrice che quella ricevente guariranno nel tempo. I capelli trapiantati cadono entro poche settimane dall&#8217;intervento, ma la crescita di nuovi capelli inizia in genere entro pochi mesi.<\/p>\n<\/li>\n<\/ol>\n\t\t\t\t\t\t\t\t<\/div>\n\t\t\t\t<\/div>\n\t\t\t\t<div class=\"elementor-element elementor-element-80056e6 elementor-widget elementor-widget-image\" data-id=\"80056e6\" data-element_type=\"widget\" data-widget_type=\"image.default\">\n\t\t\t\t<div class=\"elementor-widget-container\">\n\t\t\t\t\t\t\t\t\t\t\t\t\t\t\t<img fetchpriority=\"high\" decoding=\"async\" width=\"768\" height=\"768\" src=\"http:\/\/www.istanbulaestheticcenter.com\/wp-content\/uploads\/2024\/04\/fue-hair-768x768.jpg\" class=\"attachment-medium_large size-medium_large wp-image-15797\" alt=\"\" srcset=\"http:\/\/www.istanbulaestheticcenter.com\/wp-content\/uploads\/2024\/04\/fue-hair-768x768.jpg 768w, http:\/\/www.istanbulaestheticcenter.com\/wp-content\/uploads\/2024\/04\/fue-hair-300x300.jpg 300w, http:\/\/www.istanbulaestheticcenter.com\/wp-content\/uploads\/2024\/04\/fue-hair-150x150.jpg 150w, http:\/\/www.istanbulaestheticcenter.com\/wp-content\/uploads\/2024\/04\/fue-hair-720x720.jpg 720w, http:\/\/www.istanbulaestheticcenter.com\/wp-content\/uploads\/2024\/04\/elementor\/thumbs\/fue-hair-qmxwuf3e0kvhp4u9q8pnzc4jq4fhsthsaaoy413zgg.jpg 800w, http:\/\/www.istanbulaestheticcenter.com\/wp-content\/uploads\/2024\/04\/elementor\/thumbs\/fue-hair-qmxwuf3955pr947c2l8zj0r3krkz5smwr4c9if73c0.jpg 400w, http:\/\/www.istanbulaestheticcenter.com\/wp-content\/uploads\/2024\/04\/elementor\/thumbs\/fue-hair-qmxwuf3ad0i6v4d2hi45n3lgm3sltjummwxfntobd4.jpg 500w, http:\/\/www.istanbulaestheticcenter.com\/wp-content\/uploads\/2024\/04\/fue-hair.jpg 1024w\" sizes=\"(max-width: 768px) 100vw, 768px\" \/>\t\t\t\t\t\t\t\t\t\t\t\t\t\t\t<\/div>\n\t\t\t\t<\/div>\n\t\t\t\t\t<\/div>\n\t\t\t\t<\/div>\n\t\t<div class=\"elementor-element elementor-element-1a663d2 e-grid e-con-boxed e-con e-parent\" data-id=\"1a663d2\" data-element_type=\"container\">\n\t\t\t\t\t<div class=\"e-con-inner\">\n\t\t\t\t<div class=\"elementor-element elementor-element-27a77e2 elementor-widget elementor-widget-beforeafter\" data-id=\"27a77e2\" data-element_type=\"widget\" data-widget_type=\"beforeafter.default\">\n\t\t\t\t<div class=\"elementor-widget-container\">\n\t\t\t\t\t\n\n<style>\n  \n#nd_elements_beforeafter_component_410 img { float:left; width:100%; }\n\n#nd_elements_beforeafter_component_410 { \nfloat: left;\nwidth: 100% !important;\nmargin: 0px !important;\npadding: 0px !important;\nposition: relative;\n}\n\n#nd_elements_beforeafter_component_410 .ui-slider-range {\nbackground-image: url(\"http:\/\/www.istanbulaestheticcenter.com\/wp-content\/uploads\/2024\/04\/hair-male-before-v1.jpg\");\nbackground-color: #000;\nz-index: 9;\nposition: absolute;\nheight: 100%;\nbackground-repeat: no-repeat;\nbackground-size: cover;\n}\n\n#nd_elements_beforeafter_component_410 .ui-slider-handle {\nbackground-color: #000;\nwidth: 4px;\nposition: absolute;\nheight: 100%;\noutline: 0px;\ncursor: ew-resize;  \n}\n\n#nd_elements_beforeafter_component_410 .ui-slider-handle:after {\ncontent: \"\";\nwidth: 40px;\nheight: 40px;\nbackground-color: #ccc;\nposition: absolute;\ntop: 50%;\nmargin-top: -20px;\nmargin-left: -18px;\nz-index: 9;\nborder-radius: 100%;\nbackground-image:url(\"http:\/\/www.istanbulaestheticcenter.com\/wp-content\/uploads\/2022\/09\/arrows.png\");\nbackground-size: 30px;\nbackground-position: center;\nbackground-repeat: no-repeat;\n}\n\n<\/style>\n\n\n<script>\njQuery( function() {\n\njQuery( \"#nd_elements_beforeafter_component_410\" ).slider({\n  value: 50,\n  orientation: \"horizontal\",\n  range: \"min\",\n  animate: true\n});\n\n} );\n<\/script>\n\n\n<div class=\"nd_elements_section nd_elements_beforeafter_component\">\n\n\t<div class=\"nd_elements_section\">\n\t\t<div id=\"nd_elements_beforeafter_component_410\">\n\t\t\t<img decoding=\"async\" src=\"http:\/\/www.istanbulaestheticcenter.com\/wp-content\/uploads\/2024\/04\/hair-male-after-v1.jpg\">\n\t\t<\/div>\n\t<\/div>\n\t\n<\/div>\t\t\t\t<\/div>\n\t\t\t\t<\/div>\n\t\t<div class=\"elementor-element elementor-element-6bb1eee e-grid e-con-boxed e-con e-child\" data-id=\"6bb1eee\" data-element_type=\"container\">\n\t\t\t\t\t<div class=\"e-con-inner\">\n\t\t\t\t<div class=\"elementor-element elementor-element-dd72775 elementor-widget elementor-widget-text-editor\" data-id=\"dd72775\" data-element_type=\"widget\" data-widget_type=\"text-editor.default\">\n\t\t\t\t<div class=\"elementor-widget-container\">\n\t\t\t\t\t\t\t\t\t<p>La FUE presenta diversi vantaggi rispetto ai metodi tradizionali di trapianto di capelli, come il trapianto di unit\u00e0 follicolari (FUT). Non richiede un&#8217;incisione lineare, il che significa che non c&#8217;\u00e8 una cicatrice lineare nel sito del donatore, il che lo rende meno invasivo e consente un recupero pi\u00f9 rapido. Inoltre, la FUE consente il prelievo di singoli follicoli, rendendola adatta ai pazienti che hanno una disponibilit\u00e0 limitata di donatori o che vogliono mantenere i capelli molto corti.<\/p>\n<p>Tuttavia, \u00e8 fondamentale rivolgersi a un chirurgo qualificato ed esperto, specializzato in procedure FUE, per garantire il miglior risultato possibile. Rivolgersi a un istituto rinomato, con un curriculum di interventi FUE di successo, come <strong>l&#8217;Istanbul Aesthetic Center (IAC),<\/strong> pu\u00f2 fornire una maggiore garanzia e tranquillit\u00e0.<\/p>\n\t\t\t\t\t\t\t\t<\/div>\n\t\t\t\t<\/div>\n\t\t\t\t<div class=\"elementor-element elementor-element-d7d8104 elementor-widget elementor-widget-text-editor\" data-id=\"d7d8104\" data-element_type=\"widget\" data-widget_type=\"text-editor.default\">\n\t\t\t\t<div class=\"elementor-widget-container\">\n\t\t\t\t\t\t\t\t\t<h4><strong>Quando posso tornare alle attivit\u00e0 sociali dopo il trapianto di capelli?<\/strong><\/h4>\n<p>Come descritto in precedenza, il paziente pu\u00f2 aspettarsi un leggero gonfiore intorno all&#8217;area trapiantata e al viso nelle prime due settimane, per lo pi\u00f9 indolore ma fastidioso.<\/p>\n<p>5 giorni dopo il trapianto il gonfiore pu\u00f2 essere scomparso e non sar\u00e0 pi\u00f9 visibile agli altri. Poich\u00e9 le piccole croste nell&#8217;area ricevente possono dissolversi dopo 10 giorni, un periodo di due settimane (14 giorni alla settimana) dopo l&#8217;intervento sar\u00e0 un tempo adeguato per tornare alle attivit\u00e0 sociali.<\/p>\n\t\t\t\t\t\t\t\t<\/div>\n\t\t\t\t<\/div>\n\t\t\t\t\t<\/div>\n\t\t\t\t<\/div>\n\t\t\t\t\t<\/div>\n\t\t\t\t<\/div>\n\t\t\t\t<\/div>\n\t\t","protected":false},"excerpt":{"rendered":"<p>Trapianto di capelli FUE L&#8217;estrazione di unit\u00e0 follicolari (FUE) \u00e8 un metodo di trapianto di capelli utilizzato per trattare la perdita di capelli o la calvizie. Si tratta di una procedura chirurgica minimamente invasiva in cui singoli follicoli piliferi vengono estratti da un&#8217;area donatrice (in genere la parte posteriore o laterale del cuoio capelluto) e [&hellip;]<\/p>\n","protected":false},"author":1,"featured_media":0,"parent":16947,"menu_order":0,"comment_status":"closed","ping_status":"closed","template":"","meta":{"_themeisle_gutenberg_block_has_review":false,"footnotes":""},"class_list":["post-16721","page","type-page","status-publish","hentry"],"_links":{"self":[{"href":"http:\/\/www.istanbulaestheticcenter.com\/it\/wp-json\/wp\/v2\/pages\/16721","targetHints":{"allow":["GET"]}}],"collection":[{"href":"http:\/\/www.istanbulaestheticcenter.com\/it\/wp-json\/wp\/v2\/pages"}],"about":[{"href":"http:\/\/www.istanbulaestheticcenter.com\/it\/wp-json\/wp\/v2\/types\/page"}],"author":[{"embeddable":true,"href":"http:\/\/www.istanbulaestheticcenter.com\/it\/wp-json\/wp\/v2\/users\/1"}],"replies":[{"embeddable":true,"href":"http:\/\/www.istanbulaestheticcenter.com\/it\/wp-json\/wp\/v2\/comments?post=16721"}],"version-history":[{"count":1,"href":"http:\/\/www.istanbulaestheticcenter.com\/it\/wp-json\/wp\/v2\/pages\/16721\/revisions"}],"predecessor-version":[{"id":16722,"href":"http:\/\/www.istanbulaestheticcenter.com\/it\/wp-json\/wp\/v2\/pages\/16721\/revisions\/16722"}],"up":[{"embeddable":true,"href":"http:\/\/www.istanbulaestheticcenter.com\/it\/wp-json\/wp\/v2\/pages\/16947"}],"wp:attachment":[{"href":"http:\/\/www.istanbulaestheticcenter.com\/it\/wp-json\/wp\/v2\/media?parent=16721"}],"curies":[{"name":"wp","href":"https:\/\/api.w.org\/{rel}","templated":true}]}}