{"id":16649,"date":"2024-04-20T16:48:24","date_gmt":"2024-04-20T13:48:24","guid":{"rendered":"https:\/\/www.istanbulaestheticcenter.com\/chirurgia-genitale-maschile\/"},"modified":"2024-04-29T12:23:32","modified_gmt":"2024-04-29T09:23:32","slug":"chirurgia-genitale-maschile","status":"publish","type":"page","link":"http:\/\/www.istanbulaestheticcenter.com\/it\/estetica-del-corpo\/chirurgia-genitale-maschile\/","title":{"rendered":"Chirurgia genitale maschile"},"content":{"rendered":"\t\t<div data-elementor-type=\"wp-page\" data-elementor-id=\"16649\" class=\"elementor elementor-16649 elementor-13380\">\n\t\t\t\t<div class=\"elementor-element elementor-element-e9f0f8c e-flex e-con-boxed e-con e-parent\" data-id=\"e9f0f8c\" data-element_type=\"container\">\n\t\t\t\t\t<div class=\"e-con-inner\">\n\t\t<div class=\"elementor-element elementor-element-b0db3b0 e-flex e-con-boxed e-con e-child\" data-id=\"b0db3b0\" data-element_type=\"container\">\n\t\t\t\t\t<div class=\"e-con-inner\">\n\t\t\t\t<div class=\"elementor-element elementor-element-804ecd2 elementor-widget elementor-widget-image\" data-id=\"804ecd2\" data-element_type=\"widget\" data-widget_type=\"image.default\">\n\t\t\t\t<div class=\"elementor-widget-container\">\n\t\t\t\t\t\t\t\t\t\t\t\t\t\t\t<img fetchpriority=\"high\" decoding=\"async\" width=\"1024\" height=\"525\" src=\"http:\/\/www.istanbulaestheticcenter.com\/wp-content\/uploads\/2024\/04\/genital-surgery-for-men-1024x525.jpg\" class=\"attachment-large size-large wp-image-15979\" alt=\"\" srcset=\"http:\/\/www.istanbulaestheticcenter.com\/wp-content\/uploads\/2024\/04\/genital-surgery-for-men-1024x525.jpg 1024w, http:\/\/www.istanbulaestheticcenter.com\/wp-content\/uploads\/2024\/04\/genital-surgery-for-men-300x154.jpg 300w, http:\/\/www.istanbulaestheticcenter.com\/wp-content\/uploads\/2024\/04\/genital-surgery-for-men-768x394.jpg 768w, http:\/\/www.istanbulaestheticcenter.com\/wp-content\/uploads\/2024\/04\/genital-surgery-for-men-1000x513.jpg 1000w, http:\/\/www.istanbulaestheticcenter.com\/wp-content\/uploads\/2024\/04\/genital-surgery-for-men-1110x570.jpg 1110w, http:\/\/www.istanbulaestheticcenter.com\/wp-content\/uploads\/2024\/04\/genital-surgery-for-men.jpg 1120w\" sizes=\"(max-width: 1024px) 100vw, 1024px\" \/>\t\t\t\t\t\t\t\t\t\t\t\t\t\t\t<\/div>\n\t\t\t\t<\/div>\n\t\t\t\t\t<\/div>\n\t\t\t\t<\/div>\n\t\t\t\t\t<\/div>\n\t\t\t\t<\/div>\n\t\t<div class=\"elementor-element elementor-element-3f7c041 e-flex e-con-boxed e-con e-parent\" data-id=\"3f7c041\" data-element_type=\"container\">\n\t\t\t\t\t<div class=\"e-con-inner\">\n\t\t<div class=\"elementor-element elementor-element-50bb1f7 e-con-full e-flex e-con e-child\" data-id=\"50bb1f7\" data-element_type=\"container\">\n\t\t\t\t<div class=\"elementor-element elementor-element-1fc6a50 elementor-widget elementor-widget-heading\" data-id=\"1fc6a50\" data-element_type=\"widget\" data-widget_type=\"heading.default\">\n\t\t\t\t<div class=\"elementor-widget-container\">\n\t\t\t\t\t<h2 class=\"elementor-heading-title elementor-size-default\">Che cos'\u00e8 la chirurgia genitale maschile?<\/h2>\t\t\t\t<\/div>\n\t\t\t\t<\/div>\n\t\t\t\t<div class=\"elementor-element elementor-element-a63c1e5 elementor-widget elementor-widget-text-editor\" data-id=\"a63c1e5\" data-element_type=\"widget\" data-widget_type=\"text-editor.default\">\n\t\t\t\t<div class=\"elementor-widget-container\">\n\t\t\t\t\t\t\t\t\t<p>La chirurgia estetica dei genitali maschili, nota anche come chirurgia estetica dei genitali maschili o ringiovanimento dei genitali maschili, comprende varie procedure chirurgiche volte a migliorare l&#8217;aspetto e la funzione dei genitali maschili. Questi interventi sono in genere eseguiti da urologi, chirurghi plastici o chirurghi genitali specializzati e possono riguardare problemi estetici, funzionali o condizioni mediche.<\/p>\n<p>Ecco alcuni tipi comuni di chirurgia estetica genitale per gli uomini:<\/p>\n<ol>\n<li>\n<p><strong>Aumento del pene<\/strong>: Le procedure di aumento del pene mirano ad aumentarne la lunghezza o la circonferenza. Le tecniche possono includere l&#8217;allungamento del pene, che comporta la liberazione dei legamenti che collegano il pene all&#8217;osso pubico per rendere visibile una parte maggiore dell&#8217;asta del pene, o l&#8217;aumento della circonferenza del pene, che pu\u00f2 comportare l&#8217;iniezione di grasso, filler dermici o innesti di tessuto nel pene per aumentarne la circonferenza.<\/p>\n<\/li>\n<li>\n<p><strong>Impianto di protesi peniena:<\/strong> L&#8217;impianto di protesi peniena \u00e8 una procedura chirurgica utilizzata per trattare la disfunzione erettile impiantando nel pene un dispositivo che consente di ottenere erezioni a richiesta. Sono disponibili diversi tipi di protesi peniene, tra cui impianti gonfiabili e impianti malleabili, ognuno dei quali offre vantaggi e considerazioni uniche.<\/p>\n<\/li>\n<li>\n<p><strong>Miglioramento dello scroto<\/strong>: Le procedure di miglioramento dello scroto mirano a migliorarne l&#8217;aspetto aumentandone le dimensioni o la forma. Le tecniche possono includere l&#8217;ingrossamento dello scroto con filler o impianti iniettabili, oppure la scrotoplastica, che prevede il rimodellamento della pelle scrotale per ottenere un aspetto pi\u00f9 liscio e simmetrico.<\/p>\n<\/li>\n<li>\n<p><strong>Impianti testicolari<\/strong>: Gli impianti testicolari sono dispositivi protesici utilizzati per sostituire testicoli mancanti o sottosviluppati. In genere sono realizzati in silicone o in altri materiali biocompatibili e vengono impiantati chirurgicamente nello scroto per ripristinare l&#8217;aspetto dei testicoli e migliorare l&#8217;autostima.<\/p>\n<\/li>\n<li>\n<p><strong>Revisione della circoncisione: <\/strong> Le procedure di revisione della circoncisione mirano a correggere le complicazioni o i risultati insoddisfacenti di precedenti circoncisioni. Possono comportare la rimozione del prepuzio in eccesso o irregolare, la correzione di cicatrici o asimmetrie o il ripristino dell&#8217;aspetto del glande del pene.<\/p>\n<\/li>\n<li>\n<p><strong>Lifting del pube:<\/strong> L&#8217;intervento di lifting del pube, noto anche come monsplastica, mira a ridurre le dimensioni o la prominenza del mons pubis, il tessuto adiposo situato sopra l&#8217;osso pubico. Questo intervento pu\u00f2 contribuire a migliorare l&#8217;aspetto estetico dell&#8217;area genitale e ad aumentare la fiducia sessuale.<\/p>\n<\/li>\n<\/ol>\n\t\t\t\t\t\t\t\t<\/div>\n\t\t\t\t<\/div>\n\t\t\t\t<\/div>\n\t\t<div class=\"elementor-element elementor-element-1cd2b8e e-con-full e-flex e-con e-child\" data-id=\"1cd2b8e\" data-element_type=\"container\">\n\t\t\t\t<div class=\"elementor-element elementor-element-78e9b65 elementor-widget elementor-widget-text-editor\" data-id=\"78e9b65\" data-element_type=\"widget\" data-widget_type=\"text-editor.default\">\n\t\t\t\t<div class=\"elementor-widget-container\">\n\t\t\t\t\t\t\t\t\t<p>\u00c8 essenziale consultare un chirurgo qualificato ed esperto, specializzato in chirurgia estetica genitale maschile, per discutere i propri dubbi, gli obiettivi e le opzioni di trattamento. Il chirurgo valuter\u00e0 l&#8217;anatomia e l&#8217;anamnesi individuale per consigliare la procedura o le procedure pi\u00f9 adatte alle vostre esigenze e garantire il miglior risultato possibile. Inoltre, istituzioni affidabili con esperienza nella chirurgia genitale, come l<strong>&#8216;Istanbul Aesthetic Center (IAC),<\/strong> possono fornire ulteriori garanzie e tranquillit\u00e0 durante il viaggio verso il ringiovanimento e il miglioramento dei genitali.<\/p>\n\t\t\t\t\t\t\t\t<\/div>\n\t\t\t\t<\/div>\n\t\t\t\t<div class=\"elementor-element elementor-element-9d83911 elementor-widget elementor-widget-accordion\" data-id=\"9d83911\" data-element_type=\"widget\" data-widget_type=\"accordion.default\">\n\t\t\t\t<div class=\"elementor-widget-container\">\n\t\t\t\t\t\t\t<div class=\"elementor-accordion\">\n\t\t\t\t\t\t\t<div class=\"elementor-accordion-item\">\n\t\t\t\t\t<div id=\"elementor-tab-title-1651\" class=\"elementor-tab-title\" data-tab=\"1\" role=\"button\" aria-controls=\"elementor-tab-content-1651\" aria-expanded=\"false\">\n\t\t\t\t\t\t\t\t\t\t\t\t\t<span class=\"elementor-accordion-icon elementor-accordion-icon-left\" aria-hidden=\"true\">\n\t\t\t\t\t\t\t\t\t\t\t\t\t\t\t<span class=\"elementor-accordion-icon-closed\"><svg class=\"e-font-icon-svg e-fas-plus\" viewBox=\"0 0 448 512\" xmlns=\"http:\/\/www.w3.org\/2000\/svg\"><path d=\"M416 208H272V64c0-17.67-14.33-32-32-32h-32c-17.67 0-32 14.33-32 32v144H32c-17.67 0-32 14.33-32 32v32c0 17.67 14.33 32 32 32h144v144c0 17.67 14.33 32 32 32h32c17.67 0 32-14.33 32-32V304h144c17.67 0 32-14.33 32-32v-32c0-17.67-14.33-32-32-32z\"><\/path><\/svg><\/span>\n\t\t\t\t\t\t\t\t<span class=\"elementor-accordion-icon-opened\"><svg class=\"e-font-icon-svg e-fas-minus\" viewBox=\"0 0 448 512\" xmlns=\"http:\/\/www.w3.org\/2000\/svg\"><path d=\"M416 208H32c-17.67 0-32 14.33-32 32v32c0 17.67 14.33 32 32 32h384c17.67 0 32-14.33 32-32v-32c0-17.67-14.33-32-32-32z\"><\/path><\/svg><\/span>\n\t\t\t\t\t\t\t\t\t\t\t\t\t\t<\/span>\n\t\t\t\t\t\t\t\t\t\t\t\t<a class=\"elementor-accordion-title\" tabindex=\"0\">Dovrei sottopormi a un intervento di chirurgia genitale maschile?<\/a>\n\t\t\t\t\t<\/div>\n\t\t\t\t\t<div id=\"elementor-tab-content-1651\" class=\"elementor-tab-content elementor-clearfix\" data-tab=\"1\" role=\"region\" aria-labelledby=\"elementor-tab-title-1651\"><p>Se sentite una mancanza di fiducia in voi stessi e avete problemi di vista, S\u00cc, dovreste sottoporvi a un \u201cintervento di chirurgia estetica genitale\u201d.<\/p>\n<\/div>\n\t\t\t\t<\/div>\n\t\t\t\t\t\t\t<div class=\"elementor-accordion-item\">\n\t\t\t\t\t<div id=\"elementor-tab-title-1652\" class=\"elementor-tab-title\" data-tab=\"2\" role=\"button\" aria-controls=\"elementor-tab-content-1652\" aria-expanded=\"false\">\n\t\t\t\t\t\t\t\t\t\t\t\t\t<span class=\"elementor-accordion-icon elementor-accordion-icon-left\" aria-hidden=\"true\">\n\t\t\t\t\t\t\t\t\t\t\t\t\t\t\t<span class=\"elementor-accordion-icon-closed\"><svg class=\"e-font-icon-svg e-fas-plus\" viewBox=\"0 0 448 512\" xmlns=\"http:\/\/www.w3.org\/2000\/svg\"><path d=\"M416 208H272V64c0-17.67-14.33-32-32-32h-32c-17.67 0-32 14.33-32 32v144H32c-17.67 0-32 14.33-32 32v32c0 17.67 14.33 32 32 32h144v144c0 17.67 14.33 32 32 32h32c17.67 0 32-14.33 32-32V304h144c17.67 0 32-14.33 32-32v-32c0-17.67-14.33-32-32-32z\"><\/path><\/svg><\/span>\n\t\t\t\t\t\t\t\t<span class=\"elementor-accordion-icon-opened\"><svg class=\"e-font-icon-svg e-fas-minus\" viewBox=\"0 0 448 512\" xmlns=\"http:\/\/www.w3.org\/2000\/svg\"><path d=\"M416 208H32c-17.67 0-32 14.33-32 32v32c0 17.67 14.33 32 32 32h384c17.67 0 32-14.33 32-32v-32c0-17.67-14.33-32-32-32z\"><\/path><\/svg><\/span>\n\t\t\t\t\t\t\t\t\t\t\t\t\t\t<\/span>\n\t\t\t\t\t\t\t\t\t\t\t\t<a class=\"elementor-accordion-title\" tabindex=\"0\">Cosa bisogna considerare prima dell'intervento?<\/a>\n\t\t\t\t\t<\/div>\n\t\t\t\t\t<div id=\"elementor-tab-content-1652\" class=\"elementor-tab-content elementor-clearfix\" data-tab=\"2\" role=\"region\" aria-labelledby=\"elementor-tab-title-1652\"><p>\u00c8 meglio che tu condivida con il tuo medico tutte le tue aspettative e le tue preoccupazioni. Durante la visita, dovrai rispondere alle domande che ti verranno poste sulle tue condizioni generali di salute in modo dettagliato e informare il medico sulle tue malattie pregresse e sui farmaci che hai usato e stai usando.<\/p>\n<\/div>\n\t\t\t\t<\/div>\n\t\t\t\t\t\t\t<div class=\"elementor-accordion-item\">\n\t\t\t\t\t<div id=\"elementor-tab-title-1653\" class=\"elementor-tab-title\" data-tab=\"3\" role=\"button\" aria-controls=\"elementor-tab-content-1653\" aria-expanded=\"false\">\n\t\t\t\t\t\t\t\t\t\t\t\t\t<span class=\"elementor-accordion-icon elementor-accordion-icon-left\" aria-hidden=\"true\">\n\t\t\t\t\t\t\t\t\t\t\t\t\t\t\t<span class=\"elementor-accordion-icon-closed\"><svg class=\"e-font-icon-svg e-fas-plus\" viewBox=\"0 0 448 512\" xmlns=\"http:\/\/www.w3.org\/2000\/svg\"><path d=\"M416 208H272V64c0-17.67-14.33-32-32-32h-32c-17.67 0-32 14.33-32 32v144H32c-17.67 0-32 14.33-32 32v32c0 17.67 14.33 32 32 32h144v144c0 17.67 14.33 32 32 32h32c17.67 0 32-14.33 32-32V304h144c17.67 0 32-14.33 32-32v-32c0-17.67-14.33-32-32-32z\"><\/path><\/svg><\/span>\n\t\t\t\t\t\t\t\t<span class=\"elementor-accordion-icon-opened\"><svg class=\"e-font-icon-svg e-fas-minus\" viewBox=\"0 0 448 512\" xmlns=\"http:\/\/www.w3.org\/2000\/svg\"><path d=\"M416 208H32c-17.67 0-32 14.33-32 32v32c0 17.67 14.33 32 32 32h384c17.67 0 32-14.33 32-32v-32c0-17.67-14.33-32-32-32z\"><\/path><\/svg><\/span>\n\t\t\t\t\t\t\t\t\t\t\t\t\t\t<\/span>\n\t\t\t\t\t\t\t\t\t\t\t\t<a class=\"elementor-accordion-title\" tabindex=\"0\">Come si svolge l'intervento?<\/a>\n\t\t\t\t\t<\/div>\n\t\t\t\t\t<div id=\"elementor-tab-content-1653\" class=\"elementor-tab-content elementor-clearfix\" data-tab=\"3\" role=\"region\" aria-labelledby=\"elementor-tab-title-1653\"><p>L&#8217;intervento deve essere eseguito presso il nostro ospedale in anestesia generale. La durata approssimativa dell&#8217;intervento \u00e8 di 1-1,5 ore. Il paziente pu\u00f2 essere dimesso entro 1-2 ore o deve rimanere in ospedale per una notte, a seconda del tipo di applicazione.<\/p>\n<\/div>\n\t\t\t\t<\/div>\n\t\t\t\t\t\t\t<div class=\"elementor-accordion-item\">\n\t\t\t\t\t<div id=\"elementor-tab-title-1654\" class=\"elementor-tab-title\" data-tab=\"4\" role=\"button\" aria-controls=\"elementor-tab-content-1654\" aria-expanded=\"false\">\n\t\t\t\t\t\t\t\t\t\t\t\t\t<span class=\"elementor-accordion-icon elementor-accordion-icon-left\" aria-hidden=\"true\">\n\t\t\t\t\t\t\t\t\t\t\t\t\t\t\t<span class=\"elementor-accordion-icon-closed\"><svg class=\"e-font-icon-svg e-fas-plus\" viewBox=\"0 0 448 512\" xmlns=\"http:\/\/www.w3.org\/2000\/svg\"><path d=\"M416 208H272V64c0-17.67-14.33-32-32-32h-32c-17.67 0-32 14.33-32 32v144H32c-17.67 0-32 14.33-32 32v32c0 17.67 14.33 32 32 32h144v144c0 17.67 14.33 32 32 32h32c17.67 0 32-14.33 32-32V304h144c17.67 0 32-14.33 32-32v-32c0-17.67-14.33-32-32-32z\"><\/path><\/svg><\/span>\n\t\t\t\t\t\t\t\t<span class=\"elementor-accordion-icon-opened\"><svg class=\"e-font-icon-svg e-fas-minus\" viewBox=\"0 0 448 512\" xmlns=\"http:\/\/www.w3.org\/2000\/svg\"><path d=\"M416 208H32c-17.67 0-32 14.33-32 32v32c0 17.67 14.33 32 32 32h384c17.67 0 32-14.33 32-32v-32c0-17.67-14.33-32-32-32z\"><\/path><\/svg><\/span>\n\t\t\t\t\t\t\t\t\t\t\t\t\t\t<\/span>\n\t\t\t\t\t\t\t\t\t\t\t\t<a class=\"elementor-accordion-title\" tabindex=\"0\">Cosa fare prima dell'intervento?<\/a>\n\t\t\t\t\t<\/div>\n\t\t\t\t\t<div id=\"elementor-tab-content-1654\" class=\"elementor-tab-content elementor-clearfix\" data-tab=\"4\" role=\"region\" aria-labelledby=\"elementor-tab-title-1654\"><p>Se si soffre di una malattia vitale, se si \u00e8 stati sottoposti a un intervento chirurgico o se si assumono regolarmente dei farmaci, \u00e8 necessario comunicarlo al medico. Se si utilizzano farmaci diluenti del sangue come l&#8217;aspirina, \u00e8 necessario sospenderne l&#8217;uso prima dell&#8217;intervento. Una volta deciso l&#8217;intervento e fissato l&#8217;appuntamento per l&#8217;intervento, si inizieranno a somministrare i farmaci per prevenire l&#8217;edema (gonfiore) e le ecchimosi sul sito dell&#8217;intervento. Una volta deciso l&#8217;intervento e fissato l&#8217;appuntamento per l&#8217;intervento, si inizieranno a somministrare i farmaci per prevenire l&#8217;edema (gonfiore) e le ecchimosi sul sito dell&#8217;intervento.<\/p>\n<\/div>\n\t\t\t\t<\/div>\n\t\t\t\t\t\t\t<div class=\"elementor-accordion-item\">\n\t\t\t\t\t<div id=\"elementor-tab-title-1655\" class=\"elementor-tab-title\" data-tab=\"5\" role=\"button\" aria-controls=\"elementor-tab-content-1655\" aria-expanded=\"false\">\n\t\t\t\t\t\t\t\t\t\t\t\t\t<span class=\"elementor-accordion-icon elementor-accordion-icon-left\" aria-hidden=\"true\">\n\t\t\t\t\t\t\t\t\t\t\t\t\t\t\t<span class=\"elementor-accordion-icon-closed\"><svg class=\"e-font-icon-svg e-fas-plus\" viewBox=\"0 0 448 512\" xmlns=\"http:\/\/www.w3.org\/2000\/svg\"><path d=\"M416 208H272V64c0-17.67-14.33-32-32-32h-32c-17.67 0-32 14.33-32 32v144H32c-17.67 0-32 14.33-32 32v32c0 17.67 14.33 32 32 32h144v144c0 17.67 14.33 32 32 32h32c17.67 0 32-14.33 32-32V304h144c17.67 0 32-14.33 32-32v-32c0-17.67-14.33-32-32-32z\"><\/path><\/svg><\/span>\n\t\t\t\t\t\t\t\t<span class=\"elementor-accordion-icon-opened\"><svg class=\"e-font-icon-svg e-fas-minus\" viewBox=\"0 0 448 512\" xmlns=\"http:\/\/www.w3.org\/2000\/svg\"><path d=\"M416 208H32c-17.67 0-32 14.33-32 32v32c0 17.67 14.33 32 32 32h384c17.67 0 32-14.33 32-32v-32c0-17.67-14.33-32-32-32z\"><\/path><\/svg><\/span>\n\t\t\t\t\t\t\t\t\t\t\t\t\t\t<\/span>\n\t\t\t\t\t\t\t\t\t\t\t\t<a class=\"elementor-accordion-title\" tabindex=\"0\">Cosa bisogna sapere sull'anestesia?<\/a>\n\t\t\t\t\t<\/div>\n\t\t\t\t\t<div id=\"elementor-tab-content-1655\" class=\"elementor-tab-content elementor-clearfix\" data-tab=\"5\" role=\"region\" aria-labelledby=\"elementor-tab-title-1655\"><p>Prima dell&#8217;intervento all&#8217;area genitale sarete visitati e informati da un medico anestesista. I farmaci diluenti per il sangue, le vitamine e i fattori che influenzano l&#8217;anestesia, come l&#8217;alcol e il fumo, devono essere sospesi a partire dalla data prevista dal medico.<\/p>\n<\/div>\n\t\t\t\t<\/div>\n\t\t\t\t\t\t\t\t<\/div>\n\t\t\t\t\t\t<\/div>\n\t\t\t\t<\/div>\n\t\t\t\t<\/div>\n\t\t\t\t\t<\/div>\n\t\t\t\t<\/div>\n\t\t\t\t<\/div>\n\t\t","protected":false},"excerpt":{"rendered":"<p>Che cos&#8217;\u00e8 la chirurgia genitale maschile? La chirurgia estetica dei genitali maschili, nota anche come chirurgia estetica dei genitali maschili o ringiovanimento dei genitali maschili, comprende varie procedure chirurgiche volte a migliorare l&#8217;aspetto e la funzione dei genitali maschili. Questi interventi sono in genere eseguiti da urologi, chirurghi plastici o chirurghi genitali specializzati e possono [&hellip;]<\/p>\n","protected":false},"author":1,"featured_media":0,"parent":16798,"menu_order":0,"comment_status":"closed","ping_status":"closed","template":"","meta":{"_themeisle_gutenberg_block_has_review":false,"footnotes":""},"class_list":["post-16649","page","type-page","status-publish","hentry"],"_links":{"self":[{"href":"http:\/\/www.istanbulaestheticcenter.com\/it\/wp-json\/wp\/v2\/pages\/16649","targetHints":{"allow":["GET"]}}],"collection":[{"href":"http:\/\/www.istanbulaestheticcenter.com\/it\/wp-json\/wp\/v2\/pages"}],"about":[{"href":"http:\/\/www.istanbulaestheticcenter.com\/it\/wp-json\/wp\/v2\/types\/page"}],"author":[{"embeddable":true,"href":"http:\/\/www.istanbulaestheticcenter.com\/it\/wp-json\/wp\/v2\/users\/1"}],"replies":[{"embeddable":true,"href":"http:\/\/www.istanbulaestheticcenter.com\/it\/wp-json\/wp\/v2\/comments?post=16649"}],"version-history":[{"count":1,"href":"http:\/\/www.istanbulaestheticcenter.com\/it\/wp-json\/wp\/v2\/pages\/16649\/revisions"}],"predecessor-version":[{"id":16650,"href":"http:\/\/www.istanbulaestheticcenter.com\/it\/wp-json\/wp\/v2\/pages\/16649\/revisions\/16650"}],"up":[{"embeddable":true,"href":"http:\/\/www.istanbulaestheticcenter.com\/it\/wp-json\/wp\/v2\/pages\/16798"}],"wp:attachment":[{"href":"http:\/\/www.istanbulaestheticcenter.com\/it\/wp-json\/wp\/v2\/media?parent=16649"}],"curies":[{"name":"wp","href":"https:\/\/api.w.org\/{rel}","templated":true}]}}