{"id":16629,"date":"2024-04-20T16:50:49","date_gmt":"2024-04-20T13:50:49","guid":{"rendered":"https:\/\/www.istanbulaestheticcenter.com\/trattamento-canalare\/"},"modified":"2024-07-09T14:45:43","modified_gmt":"2024-07-09T11:45:43","slug":"trattamento-canalare","status":"publish","type":"page","link":"http:\/\/www.istanbulaestheticcenter.com\/it\/odontoiatria\/trattamento-canalare\/","title":{"rendered":"Trattamento Canalare"},"content":{"rendered":"\t\t<div data-elementor-type=\"wp-page\" data-elementor-id=\"16629\" class=\"elementor elementor-16629 elementor-13390\">\n\t\t\t\t<div class=\"elementor-element elementor-element-98e49da e-flex e-con-boxed e-con e-parent\" data-id=\"98e49da\" data-element_type=\"container\">\n\t\t\t\t\t<div class=\"e-con-inner\">\n\t\t\t\t<div class=\"elementor-element elementor-element-2bd1e5b elementor-widget elementor-widget-image\" data-id=\"2bd1e5b\" data-element_type=\"widget\" data-widget_type=\"image.default\">\n\t\t\t\t<div class=\"elementor-widget-container\">\n\t\t\t\t\t\t\t\t\t\t\t\t\t\t\t<img fetchpriority=\"high\" decoding=\"async\" width=\"1024\" height=\"525\" src=\"http:\/\/www.istanbulaestheticcenter.com\/wp-content\/uploads\/2024\/04\/root-canal-v2-1024x525.jpg\" class=\"attachment-large size-large wp-image-16168\" alt=\"\" srcset=\"http:\/\/www.istanbulaestheticcenter.com\/wp-content\/uploads\/2024\/04\/root-canal-v2-1024x525.jpg 1024w, http:\/\/www.istanbulaestheticcenter.com\/wp-content\/uploads\/2024\/04\/root-canal-v2-300x154.jpg 300w, http:\/\/www.istanbulaestheticcenter.com\/wp-content\/uploads\/2024\/04\/root-canal-v2-768x394.jpg 768w, http:\/\/www.istanbulaestheticcenter.com\/wp-content\/uploads\/2024\/04\/root-canal-v2-1000x513.jpg 1000w, http:\/\/www.istanbulaestheticcenter.com\/wp-content\/uploads\/2024\/04\/root-canal-v2-1110x570.jpg 1110w, http:\/\/www.istanbulaestheticcenter.com\/wp-content\/uploads\/2024\/04\/root-canal-v2.jpg 1120w\" sizes=\"(max-width: 1024px) 100vw, 1024px\" \/>\t\t\t\t\t\t\t\t\t\t\t\t\t\t\t<\/div>\n\t\t\t\t<\/div>\n\t\t\t\t\t<\/div>\n\t\t\t\t<\/div>\n\t\t<div class=\"elementor-element elementor-element-c2d6e43 e-flex e-con-boxed e-con e-parent\" data-id=\"c2d6e43\" data-element_type=\"container\">\n\t\t\t\t\t<div class=\"e-con-inner\">\n\t\t\t\t<div class=\"elementor-element elementor-element-293379b elementor-widget elementor-widget-heading\" data-id=\"293379b\" data-element_type=\"widget\" data-widget_type=\"heading.default\">\n\t\t\t\t<div class=\"elementor-widget-container\">\n\t\t\t\t\t<h2 class=\"elementor-heading-title elementor-size-default\">Trattamento Canalare<\/h2>\t\t\t\t<\/div>\n\t\t\t\t<\/div>\n\t\t\t\t\t<\/div>\n\t\t\t\t<\/div>\n\t\t<div class=\"elementor-element elementor-element-95ca563 e-flex e-con-boxed e-con e-parent\" data-id=\"95ca563\" data-element_type=\"container\">\n\t\t\t\t\t<div class=\"e-con-inner\">\n\t\t\t\t<div class=\"elementor-element elementor-element-705453d elementor-widget elementor-widget-text-editor\" data-id=\"705453d\" data-element_type=\"widget\" data-widget_type=\"text-editor.default\">\n\t\t\t\t<div class=\"elementor-widget-container\">\n\t\t\t\t\t\t\t\t\t<p>Il trattamento canalare, noto anche come terapia endodontica, \u00e8 una procedura odontoiatrica utilizzata per trattare infezioni o danni all&#8217;interno della polpa di un dente. La polpa \u00e8 il tessuto molle situato al centro del dente, contenente nervi, vasi sanguigni e tessuto connettivo. Quando la polpa si infetta o si infiamma, in genere a causa di carie profonde, traumi o crepe nel dente, pu\u00f2 essere necessario un trattamento canalare per salvare il dente e alleviare il dolore.<\/p>\n\t\t\t\t\t\t\t\t<\/div>\n\t\t\t\t<\/div>\n\t\t\t\t\t<\/div>\n\t\t\t\t<\/div>\n\t\t<div class=\"elementor-element elementor-element-5c64b3a e-flex e-con-boxed e-con e-parent\" data-id=\"5c64b3a\" data-element_type=\"container\">\n\t\t\t\t\t<div class=\"e-con-inner\">\n\t\t<div class=\"elementor-element elementor-element-97d26d6 e-con-full e-flex e-con e-child\" data-id=\"97d26d6\" data-element_type=\"container\">\n\t\t\t\t<div class=\"elementor-element elementor-element-191b6ba elementor-widget elementor-widget-text-editor\" data-id=\"191b6ba\" data-element_type=\"widget\" data-widget_type=\"text-editor.default\">\n\t\t\t\t<div class=\"elementor-widget-container\">\n\t\t\t\t\t\t\t\t\t<p>Ecco una panoramica di come viene eseguito il trattamento canalare:<\/p>\n<ol>\n<li>\n<p><strong>Diagnosi<\/strong>: prima della procedura, il dentista esegue un esame approfondito del dente interessato, che comprende una revisione dei sintomi del paziente, della sua storia dentale e delle radiografie. Questo aiuta a determinare se il trattamento canalare \u00e8 necessario e identifica l&#8217;entit\u00e0 dell&#8217;infezione o del danno.<\/p>\n<\/li>\n<li>\n<p><strong>Anestesia<\/strong>: per garantire il comfort del paziente durante la procedura, viene somministrata un&#8217;anestesia locale per addormentare il dente e l&#8217;area circostante. In alcuni casi, si pu\u00f2 ricorrere alla sedazione per aiutare i pazienti a rilassarsi, soprattutto se soffrono di ansia o paura del dentista.<\/p>\n<\/li>\n<li>\n<p><strong>Accesso<\/strong>: Una volta intorpidito il dente, il dentista crea un&#8217;apertura nella corona del dente per accedere alla camera pulpare e ai canali radicolari. Questo pu\u00f2 comportare la realizzazione di un piccolo foro nel dente per raggiungere il tessuto infetto o danneggiato.<\/p>\n<\/li>\n<li>\n<p><strong>Pulizia e modellazione<\/strong>: Utilizzando strumenti specializzati chiamati lime, il dentista rimuove accuratamente il tessuto pulpare infetto o danneggiato dalla camera pulpare e dai canali radicolari. I canali vengono quindi puliti e modellati per rimuovere eventuali detriti, batteri e residui di polpa.<\/p>\n<\/li>\n<li>\n<p><strong>Disinfezione<\/strong>: I canali radicolari vengono irrigati con soluzioni antimicrobiche per disinfettare ed eliminare eventuali batteri o detriti residui. Questo aiuta a prevenire ulteriori infezioni e favorisce la guarigione.<\/p>\n<\/li>\n<li>\n<p><strong>Otturazione<\/strong>: Una volta puliti e modellati, i canali radicolari vengono riempiti con un materiale biocompatibile chiamato guttaperca per sigillarli e prevenire la ricontaminazione. L&#8217;apertura di accesso nella corona del dente viene quindi sigillata con un materiale di riempimento temporaneo o permanente.<\/p>\n<\/li>\n<li>\n<p><strong>Restauro<\/strong>: Nella maggior parte dei casi, un dente sottoposto a trattamento canalare richieder\u00e0 un restauro permanente, come una corona dentale, per rafforzare e proteggere il dente da ulteriori danni. La corona viene realizzata su misura per adattarsi alla forma, alle dimensioni e al colore del dente naturale, ripristinandone la funzione e l&#8217;aspetto.<\/p>\n<\/li>\n<li>\n<p><strong>Follow-up<\/strong>: dopo il trattamento canalare, i pazienti possono avvertire un lieve disagio o sensibilit\u00e0, che di solito pu\u00f2 essere gestito con farmaci antidolorifici da banco. \u00c8 essenziale seguire le istruzioni post-operatorie fornite dal dentista e partecipare alle visite di controllo per monitorare la guarigione e garantire il successo del trattamento.<\/p>\n<\/li>\n<\/ol>\n\t\t\t\t\t\t\t\t<\/div>\n\t\t\t\t<\/div>\n\t\t\t\t<\/div>\n\t\t<div class=\"elementor-element elementor-element-c006801 e-con-full e-flex e-con e-child\" data-id=\"c006801\" data-element_type=\"container\">\n\t\t\t\t<div class=\"elementor-element elementor-element-1cc1d6a elementor-widget elementor-widget-image\" data-id=\"1cc1d6a\" data-element_type=\"widget\" data-widget_type=\"image.default\">\n\t\t\t\t<div class=\"elementor-widget-container\">\n\t\t\t\t\t\t\t\t\t\t\t\t\t\t\t<img decoding=\"async\" width=\"1024\" height=\"1024\" src=\"http:\/\/www.istanbulaestheticcenter.com\/wp-content\/uploads\/2024\/04\/root-canal.jpg\" class=\"attachment-large size-large wp-image-16161\" alt=\"\" srcset=\"http:\/\/www.istanbulaestheticcenter.com\/wp-content\/uploads\/2024\/04\/root-canal.jpg 1024w, http:\/\/www.istanbulaestheticcenter.com\/wp-content\/uploads\/2024\/04\/root-canal-300x300.jpg 300w, http:\/\/www.istanbulaestheticcenter.com\/wp-content\/uploads\/2024\/04\/root-canal-150x150.jpg 150w, http:\/\/www.istanbulaestheticcenter.com\/wp-content\/uploads\/2024\/04\/root-canal-768x768.jpg 768w, http:\/\/www.istanbulaestheticcenter.com\/wp-content\/uploads\/2024\/04\/root-canal-720x720.jpg 720w\" sizes=\"(max-width: 1024px) 100vw, 1024px\" \/>\t\t\t\t\t\t\t\t\t\t\t\t\t\t\t<\/div>\n\t\t\t\t<\/div>\n\t\t\t\t<div class=\"elementor-element elementor-element-75cb2ff elementor-widget elementor-widget-text-editor\" data-id=\"75cb2ff\" data-element_type=\"widget\" data-widget_type=\"text-editor.default\">\n\t\t\t\t<div class=\"elementor-widget-container\">\n\t\t\t\t\t\t\t\t\t<p>Il trattamento canalare \u00e8 molto efficace per salvare i denti che altrimenti dovrebbero essere estratti a causa di infezioni o danni. Allevia il dolore, preserva la struttura naturale del dente e ripristina la salute e la funzionalit\u00e0 orale. Con una cura e una manutenzione adeguate, un dente sottoposto a trattamento canalare pu\u00f2 durare tutta la vita. \u00c8 importante consultare un dentista o un endodontista qualificato se si avvertono sintomi come forte dolore al dente, sensibilit\u00e0 al caldo o al freddo, gonfiore o drenaggio dalle gengive, perch\u00e9 potrebbero indicare la necessit\u00e0 di un trattamento canalare. Cliniche dentali rinomate come <strong>l&#8217;Istanbul Aesthetic Center (IAC)<\/strong> offrono servizi endodontici completi, fornendo ai pazienti un&#8217;assistenza esperta e un trattamento personalizzato per preservare i loro denti naturali e raggiungere una salute orale ottimale.<\/p>\n\t\t\t\t\t\t\t\t<\/div>\n\t\t\t\t<\/div>\n\t\t\t\t<\/div>\n\t\t\t\t\t<\/div>\n\t\t\t\t<\/div>\n\t\t\t\t<\/div>\n\t\t","protected":false},"excerpt":{"rendered":"<p>Trattamento Canalare Il trattamento canalare, noto anche come terapia endodontica, \u00e8 una procedura odontoiatrica utilizzata per trattare infezioni o danni all&#8217;interno della polpa di un dente. La polpa \u00e8 il tessuto molle situato al centro del dente, contenente nervi, vasi sanguigni e tessuto connettivo. Quando la polpa si infetta o si infiamma, in genere a [&hellip;]<\/p>\n","protected":false},"author":1,"featured_media":0,"parent":17030,"menu_order":0,"comment_status":"closed","ping_status":"closed","template":"","meta":{"_themeisle_gutenberg_block_has_review":false,"footnotes":""},"class_list":["post-16629","page","type-page","status-publish","hentry"],"_links":{"self":[{"href":"http:\/\/www.istanbulaestheticcenter.com\/it\/wp-json\/wp\/v2\/pages\/16629","targetHints":{"allow":["GET"]}}],"collection":[{"href":"http:\/\/www.istanbulaestheticcenter.com\/it\/wp-json\/wp\/v2\/pages"}],"about":[{"href":"http:\/\/www.istanbulaestheticcenter.com\/it\/wp-json\/wp\/v2\/types\/page"}],"author":[{"embeddable":true,"href":"http:\/\/www.istanbulaestheticcenter.com\/it\/wp-json\/wp\/v2\/users\/1"}],"replies":[{"embeddable":true,"href":"http:\/\/www.istanbulaestheticcenter.com\/it\/wp-json\/wp\/v2\/comments?post=16629"}],"version-history":[{"count":1,"href":"http:\/\/www.istanbulaestheticcenter.com\/it\/wp-json\/wp\/v2\/pages\/16629\/revisions"}],"predecessor-version":[{"id":16630,"href":"http:\/\/www.istanbulaestheticcenter.com\/it\/wp-json\/wp\/v2\/pages\/16629\/revisions\/16630"}],"up":[{"embeddable":true,"href":"http:\/\/www.istanbulaestheticcenter.com\/it\/wp-json\/wp\/v2\/pages\/17030"}],"wp:attachment":[{"href":"http:\/\/www.istanbulaestheticcenter.com\/it\/wp-json\/wp\/v2\/media?parent=16629"}],"curies":[{"name":"wp","href":"https:\/\/api.w.org\/{rel}","templated":true}]}}