{"id":16587,"date":"2024-04-20T16:47:17","date_gmt":"2024-04-20T13:47:17","guid":{"rendered":"https:\/\/www.istanbulaestheticcenter.com\/parodontologia\/"},"modified":"2024-07-09T14:45:42","modified_gmt":"2024-07-09T11:45:42","slug":"parodontologia","status":"publish","type":"page","link":"http:\/\/www.istanbulaestheticcenter.com\/it\/odontoiatria\/parodontologia\/","title":{"rendered":"Parodontologia"},"content":{"rendered":"\t\t<div data-elementor-type=\"wp-page\" data-elementor-id=\"16587\" class=\"elementor elementor-16587 elementor-13373\">\n\t\t\t\t<div class=\"elementor-element elementor-element-967bf71 e-flex e-con-boxed e-con e-parent\" data-id=\"967bf71\" data-element_type=\"container\">\n\t\t\t\t\t<div class=\"e-con-inner\">\n\t\t\t\t<div class=\"elementor-element elementor-element-c0eb4fb elementor-widget elementor-widget-image\" data-id=\"c0eb4fb\" data-element_type=\"widget\" data-widget_type=\"image.default\">\n\t\t\t\t<div class=\"elementor-widget-container\">\n\t\t\t\t\t\t\t\t\t\t\t\t\t\t\t<img fetchpriority=\"high\" decoding=\"async\" width=\"1024\" height=\"525\" src=\"http:\/\/www.istanbulaestheticcenter.com\/wp-content\/uploads\/2024\/04\/peridontolgy-1024x525.jpg\" class=\"attachment-large size-large wp-image-16231\" alt=\"\" srcset=\"http:\/\/www.istanbulaestheticcenter.com\/wp-content\/uploads\/2024\/04\/peridontolgy-1024x525.jpg 1024w, http:\/\/www.istanbulaestheticcenter.com\/wp-content\/uploads\/2024\/04\/peridontolgy-300x154.jpg 300w, http:\/\/www.istanbulaestheticcenter.com\/wp-content\/uploads\/2024\/04\/peridontolgy-768x394.jpg 768w, http:\/\/www.istanbulaestheticcenter.com\/wp-content\/uploads\/2024\/04\/peridontolgy-1000x513.jpg 1000w, http:\/\/www.istanbulaestheticcenter.com\/wp-content\/uploads\/2024\/04\/peridontolgy-1110x570.jpg 1110w, http:\/\/www.istanbulaestheticcenter.com\/wp-content\/uploads\/2024\/04\/peridontolgy.jpg 1120w\" sizes=\"(max-width: 1024px) 100vw, 1024px\" \/>\t\t\t\t\t\t\t\t\t\t\t\t\t\t\t<\/div>\n\t\t\t\t<\/div>\n\t\t\t\t\t<\/div>\n\t\t\t\t<\/div>\n\t\t<div class=\"elementor-element elementor-element-ecb523b e-flex e-con-boxed e-con e-parent\" data-id=\"ecb523b\" data-element_type=\"container\">\n\t\t\t\t\t<div class=\"e-con-inner\">\n\t\t\t\t<div class=\"elementor-element elementor-element-906f2b5 elementor-widget elementor-widget-heading\" data-id=\"906f2b5\" data-element_type=\"widget\" data-widget_type=\"heading.default\">\n\t\t\t\t<div class=\"elementor-widget-container\">\n\t\t\t\t\t<h2 class=\"elementor-heading-title elementor-size-default\">Che cos'\u00e8 la parodontologia?<\/h2>\t\t\t\t<\/div>\n\t\t\t\t<\/div>\n\t\t\t\t\t<\/div>\n\t\t\t\t<\/div>\n\t\t<div class=\"elementor-element elementor-element-55135e2 e-flex e-con-boxed e-con e-parent\" data-id=\"55135e2\" data-element_type=\"container\">\n\t\t\t\t\t<div class=\"e-con-inner\">\n\t\t\t\t<div class=\"elementor-element elementor-element-e399f40 elementor-widget elementor-widget-text-editor\" data-id=\"e399f40\" data-element_type=\"widget\" data-widget_type=\"text-editor.default\">\n\t\t\t\t<div class=\"elementor-widget-container\">\n\t\t\t\t\t\t\t\t\t<p>La parodontologia, nota anche come parodontologia, \u00e8 un campo specialistico dell&#8217;odontoiatria incentrato sulla prevenzione, la diagnosi e il trattamento delle malattie e delle condizioni che colpiscono le strutture di supporto dei denti, tra cui le gengive (gengiva), il legamento parodontale, il cemento e l&#8217;osso alveolare. I parodontologi sono specialisti in odontoiatria che ricevono una formazione avanzata nella gestione di queste strutture e sono specializzati nel trattamento di condizioni quali gengivite, parodontite e altre forme di malattie gengivali.<\/p>\n\t\t\t\t\t\t\t\t<\/div>\n\t\t\t\t<\/div>\n\t\t\t\t\t<\/div>\n\t\t\t\t<\/div>\n\t\t<div class=\"elementor-element elementor-element-a0d8734 e-flex e-con-boxed e-con e-parent\" data-id=\"a0d8734\" data-element_type=\"container\">\n\t\t\t\t\t<div class=\"e-con-inner\">\n\t\t<div class=\"elementor-element elementor-element-6b3f929 e-con-full e-flex e-con e-child\" data-id=\"6b3f929\" data-element_type=\"container\">\n\t\t\t\t<div class=\"elementor-element elementor-element-fb4a948 elementor-widget elementor-widget-text-editor\" data-id=\"fb4a948\" data-element_type=\"widget\" data-widget_type=\"text-editor.default\">\n\t\t\t\t<div class=\"elementor-widget-container\">\n\t\t\t\t\t\t\t\t\t<p>Ecco una panoramica degli aspetti principali della parodontologia:<\/p>\n<ol>\n<li>\n<p><strong>Prevenzione e mantenimento delle malattie gengivali<\/strong>: Uno degli obiettivi principali della parodontologia \u00e8 prevenire le malattie gengivali e mantenere una salute ottimale delle gengive. Ci\u00f2 implica l&#8217;educazione dei pazienti a pratiche corrette di igiene orale, tra cui lo spazzolamento, l&#8217;uso del filo interdentale e regolari visite dentistiche, per prevenire l&#8217;accumulo di placca e tartaro che pu\u00f2 portare a infiammazioni e infezioni gengivali.<\/p>\n<\/li>\n<li>\n<p><strong>Diagnosi e trattamento delle malattie gengivali:<\/strong> I parodontologi sono in grado di diagnosticare e trattare i vari stadi dei disturbi gengivali, dalla gengivite lieve (infiammazione delle gengive) alla parodontite pi\u00f9 avanzata (infiammazione e infezione delle strutture di sostegno dei denti). Le opzioni di trattamento possono includere pulizie dentali professionali, scaling e root planing (pulizia profonda delle superfici radicolari), chirurgia gengivale e terapie aggiuntive come antibiotici o collutori antimicrobici.<\/p>\n<\/li>\n<li>\n<p><strong>Chirurgia parodontale:<\/strong> Nei casi in cui i trattamenti non chirurgici non sono efficaci o in cui la malattia gengivale ha causato danni significativi ai tessuti di supporto dei denti, pu\u00f2 essere necessario un intervento chirurgico parodontale per ripristinare la salute e la funzionalit\u00e0 delle gengive. Le procedure chirurgiche eseguite dai parodontologi possono includere l&#8217;innesto gengivale (per aumentare o rigenerare il tessuto gengivale), l&#8217;innesto osseo (per sostituire il tessuto osseo perso) e la rigenerazione tissutale guidata (per promuovere la rigenerazione dei tessuti parodontali danneggiati).<\/p>\n<\/li>\n<li>\n<p><strong>Posizionamento e manutenzione degli impianti dentali: <\/strong> I parodontologi sono anche addestrati al posizionamento e alla manutenzione degli impianti dentali, che sono radici dentali artificiali utilizzate per sostenere denti sostitutivi o protesi dentali. Ci\u00f2 pu\u00f2 comportare la valutazione della salute e della qualit\u00e0 del tessuto osseo, l&#8217;esecuzione di procedure di aumento dell&#8217;osso, se necessario, e il posizionamento degli impianti nella posizione ottimale per sostenere la stabilit\u00e0 e la funzionalit\u00e0 a lungo termine.<\/p>\n<\/li>\n<li>\n<p><strong>Procedure parodontali estetiche:<\/strong> Oltre a trattare le malattie gengivali e a ripristinare la salute orale, i parodontologi possono anche eseguire procedure parodontali estetiche per migliorare l&#8217;aspetto delle gengive e del sorriso. Tra questi vi sono procedure come il contorno gengivale (rimodellamento del bordo gengivale per un aspetto pi\u00f9 uniforme e simmetrico) e l&#8217;allungamento della corona (esposizione di una parte maggiore della struttura dentale naturale per migliorare le proporzioni del sorriso).<\/p>\n<\/li>\n<\/ol>\n\t\t\t\t\t\t\t\t<\/div>\n\t\t\t\t<\/div>\n\t\t\t\t<\/div>\n\t\t<div class=\"elementor-element elementor-element-21d23dd e-con-full e-flex e-con e-child\" data-id=\"21d23dd\" data-element_type=\"container\">\n\t\t\t\t<div class=\"elementor-element elementor-element-689b5e4 elementor-widget elementor-widget-text-editor\" data-id=\"689b5e4\" data-element_type=\"widget\" data-widget_type=\"text-editor.default\">\n\t\t\t\t<div class=\"elementor-widget-container\">\n\t\t\t\t\t\t\t\t\t<p>Nel complesso, la parodontologia svolge un ruolo cruciale nel mantenere la salute e la funzione delle gengive e delle strutture di supporto dei denti. Affrontando i disturbi gengivali e altre condizioni parodontali in modo tempestivo ed efficace, i parodontologi aiutano i pazienti a raggiungere una salute orale ottimale e a preservare i denti naturali per tutta la vita. \u00c8 essenziale programmare controlli e pulizie dentali regolari con un parodontologo o un dentista generico qualificato per prevenire e individuare precocemente i disturbi gengivali e ricevere un trattamento adeguato quando necessario. Cliniche odontoiatriche rinomate come l&#8217;Istanbul Aesthetic Center (IAC) offrono servizi parodontali completi, fornendo ai pazienti cure esperte e trattamenti personalizzati per ottenere e mantenere gengive sane e un bel sorriso.<\/p>\n\t\t\t\t\t\t\t\t<\/div>\n\t\t\t\t<\/div>\n\t\t\t\t<\/div>\n\t\t\t\t\t<\/div>\n\t\t\t\t<\/div>\n\t\t\t\t<\/div>\n\t\t","protected":false},"excerpt":{"rendered":"<p>Che cos&#8217;\u00e8 la parodontologia? La parodontologia, nota anche come parodontologia, \u00e8 un campo specialistico dell&#8217;odontoiatria incentrato sulla prevenzione, la diagnosi e il trattamento delle malattie e delle condizioni che colpiscono le strutture di supporto dei denti, tra cui le gengive (gengiva), il legamento parodontale, il cemento e l&#8217;osso alveolare. I parodontologi sono specialisti in odontoiatria [&hellip;]<\/p>\n","protected":false},"author":1,"featured_media":0,"parent":17030,"menu_order":0,"comment_status":"closed","ping_status":"closed","template":"","meta":{"_themeisle_gutenberg_block_has_review":false,"footnotes":""},"class_list":["post-16587","page","type-page","status-publish","hentry"],"_links":{"self":[{"href":"http:\/\/www.istanbulaestheticcenter.com\/it\/wp-json\/wp\/v2\/pages\/16587","targetHints":{"allow":["GET"]}}],"collection":[{"href":"http:\/\/www.istanbulaestheticcenter.com\/it\/wp-json\/wp\/v2\/pages"}],"about":[{"href":"http:\/\/www.istanbulaestheticcenter.com\/it\/wp-json\/wp\/v2\/types\/page"}],"author":[{"embeddable":true,"href":"http:\/\/www.istanbulaestheticcenter.com\/it\/wp-json\/wp\/v2\/users\/1"}],"replies":[{"embeddable":true,"href":"http:\/\/www.istanbulaestheticcenter.com\/it\/wp-json\/wp\/v2\/comments?post=16587"}],"version-history":[{"count":1,"href":"http:\/\/www.istanbulaestheticcenter.com\/it\/wp-json\/wp\/v2\/pages\/16587\/revisions"}],"predecessor-version":[{"id":16588,"href":"http:\/\/www.istanbulaestheticcenter.com\/it\/wp-json\/wp\/v2\/pages\/16587\/revisions\/16588"}],"up":[{"embeddable":true,"href":"http:\/\/www.istanbulaestheticcenter.com\/it\/wp-json\/wp\/v2\/pages\/17030"}],"wp:attachment":[{"href":"http:\/\/www.istanbulaestheticcenter.com\/it\/wp-json\/wp\/v2\/media?parent=16587"}],"curies":[{"name":"wp","href":"https:\/\/api.w.org\/{rel}","templated":true}]}}