{"id":16786,"date":"2024-04-20T16:21:33","date_gmt":"2024-04-20T13:21:33","guid":{"rendered":"https:\/\/www.istanbulaestheticcenter.com\/chirurgie-de-labdomen\/"},"modified":"2024-04-29T12:22:49","modified_gmt":"2024-04-29T09:22:49","slug":"chirurgie-de-labdomen","status":"publish","type":"page","link":"http:\/\/www.istanbulaestheticcenter.com\/fr\/lesthetique-corporelle\/chirurgie-de-labdomen\/","title":{"rendered":"Chirurgie de l&rsquo;abdomen"},"content":{"rendered":"\t\t<div data-elementor-type=\"wp-page\" data-elementor-id=\"16786\" class=\"elementor elementor-16786 elementor-13325\">\n\t\t\t\t<div class=\"elementor-element elementor-element-e9f0f8c e-flex e-con-boxed e-con e-parent\" data-id=\"e9f0f8c\" data-element_type=\"container\">\n\t\t\t\t\t<div class=\"e-con-inner\">\n\t\t<div class=\"elementor-element elementor-element-b0db3b0 e-flex e-con-boxed e-con e-child\" data-id=\"b0db3b0\" data-element_type=\"container\">\n\t\t\t\t\t<div class=\"e-con-inner\">\n\t\t\t\t<div class=\"elementor-element elementor-element-804ecd2 elementor-widget elementor-widget-image\" data-id=\"804ecd2\" data-element_type=\"widget\" data-widget_type=\"image.default\">\n\t\t\t\t<div class=\"elementor-widget-container\">\n\t\t\t\t\t\t\t\t\t\t\t\t\t\t\t<img fetchpriority=\"high\" decoding=\"async\" width=\"1024\" height=\"525\" src=\"http:\/\/www.istanbulaestheticcenter.com\/wp-content\/uploads\/2024\/04\/tummy-tuck-1024x525.jpg\" class=\"attachment-large size-large wp-image-15963\" alt=\"\" srcset=\"http:\/\/www.istanbulaestheticcenter.com\/wp-content\/uploads\/2024\/04\/tummy-tuck-1024x525.jpg 1024w, http:\/\/www.istanbulaestheticcenter.com\/wp-content\/uploads\/2024\/04\/tummy-tuck-300x154.jpg 300w, http:\/\/www.istanbulaestheticcenter.com\/wp-content\/uploads\/2024\/04\/tummy-tuck-768x394.jpg 768w, http:\/\/www.istanbulaestheticcenter.com\/wp-content\/uploads\/2024\/04\/tummy-tuck-1000x513.jpg 1000w, http:\/\/www.istanbulaestheticcenter.com\/wp-content\/uploads\/2024\/04\/tummy-tuck-1110x570.jpg 1110w, http:\/\/www.istanbulaestheticcenter.com\/wp-content\/uploads\/2024\/04\/tummy-tuck.jpg 1120w\" sizes=\"(max-width: 1024px) 100vw, 1024px\" \/>\t\t\t\t\t\t\t\t\t\t\t\t\t\t\t<\/div>\n\t\t\t\t<\/div>\n\t\t\t\t\t<\/div>\n\t\t\t\t<\/div>\n\t\t\t\t\t<\/div>\n\t\t\t\t<\/div>\n\t\t<div class=\"elementor-element elementor-element-5fa8d26 e-flex e-con-boxed e-con e-parent\" data-id=\"5fa8d26\" data-element_type=\"container\">\n\t\t\t\t\t<div class=\"e-con-inner\">\n\t\t\t\t<div class=\"elementor-element elementor-element-6e6eb8d elementor-widget elementor-widget-heading\" data-id=\"6e6eb8d\" data-element_type=\"widget\" data-widget_type=\"heading.default\">\n\t\t\t\t<div class=\"elementor-widget-container\">\n\t\t\t\t\t<h2 class=\"elementor-heading-title elementor-size-default\">Qu'est-ce que la plastie abdominale ?<\/h2>\t\t\t\t<\/div>\n\t\t\t\t<\/div>\n\t\t\t\t\t<\/div>\n\t\t\t\t<\/div>\n\t\t<div class=\"elementor-element elementor-element-cfe8522 e-grid e-con-boxed e-con e-parent\" data-id=\"cfe8522\" data-element_type=\"container\">\n\t\t\t\t\t<div class=\"e-con-inner\">\n\t\t<div class=\"elementor-element elementor-element-dfed6ea e-grid e-con-boxed e-con e-child\" data-id=\"dfed6ea\" data-element_type=\"container\">\n\t\t\t\t\t<div class=\"e-con-inner\">\n\t\t\t\t<div class=\"elementor-element elementor-element-dfa53ac elementor-widget elementor-widget-text-editor\" data-id=\"dfa53ac\" data-element_type=\"widget\" data-widget_type=\"text-editor.default\">\n\t\t\t\t<div class=\"elementor-widget-container\">\n\t\t\t\t\t\t\t\t\t<p>La plastie abdominale, \u00e9galement connue sous le nom d&rsquo;abdominoplastie, est une intervention de chirurgie esth\u00e9tique visant \u00e0 am\u00e9liorer l&rsquo;apparence de l&rsquo;abdomen en retirant l&rsquo;exc\u00e8s de peau et de graisse et en resserrant les muscles sous-jacents. Cette intervention est souvent demand\u00e9e par des personnes ayant subi une perte de poids importante, une grossesse ou un vieillissement qui a entra\u00een\u00e9 un rel\u00e2chement de la peau et un affaiblissement des muscles abdominaux.<\/p>\n<p>Voici un aper\u00e7u de la mani\u00e8re dont la plastie abdominale est g\u00e9n\u00e9ralement pratiqu\u00e9e :<\/p>\n<ol>\n<li>\n<p><strong>Consultation <\/strong> : Avant l&rsquo;intervention, le patient s&rsquo;entretiendra avec un chirurgien plasticien qualifi\u00e9 pour discuter de ses objectifs, de ses attentes et de ses ant\u00e9c\u00e9dents m\u00e9dicaux. Le chirurgien \u00e9value l&rsquo;anatomie abdominale du patient, l&rsquo;\u00e9lasticit\u00e9 de la peau et le degr\u00e9 de rel\u00e2chement afin de d\u00e9terminer l&rsquo;approche la plus appropri\u00e9e pour l&rsquo;abdominoplastie.<\/p>\n<\/li>\n<li>\n<p><strong>Anesth\u00e9sie <\/strong> : La plastie abdominale peut \u00eatre pratiqu\u00e9e sous anesth\u00e9sie g\u00e9n\u00e9rale, ce qui garantit le confort du patient tout au long de l&rsquo;intervention.<\/p>\n<\/li>\n<li>\n<p><strong>Incisions <\/strong> : Le chirurgien pratique des incisions discr\u00e8tes dans la partie inf\u00e9rieure de l&rsquo;abdomen, g\u00e9n\u00e9ralement sous la ligne du bikini, o\u00f9 elles peuvent \u00eatre facilement dissimul\u00e9es par les v\u00eatements. La longueur et le trac\u00e9 des incisions d\u00e9pendent de l&rsquo;ampleur de l&rsquo;intervention et de la quantit\u00e9 de peau exc\u00e9dentaire \u00e0 retirer.<\/p>\n<\/li>\n<li>\n<p><strong>Pr\u00e9l\u00e8vement de tissus :<\/strong> Apr\u00e8s avoir pratiqu\u00e9 les incisions, le chirurgien retire l&rsquo;exc\u00e8s de peau et de graisse de l&rsquo;abdomen. Dans certains cas, une liposuccion peut \u00eatre pratiqu\u00e9e pour affiner les contours de la zone et \u00e9liminer les poches de graisse r\u00e9calcitrantes.<\/p>\n<\/li>\n<li>\n<p><strong>Raffermissement des muscles <\/strong> : Une fois l&rsquo;exc\u00e8s de tissu retir\u00e9, les muscles abdominaux sous-jacents sont resserr\u00e9s et sutur\u00e9s afin de cr\u00e9er une paroi abdominale plus ferme et plus tonique. Cette \u00e9tape peut contribuer \u00e0 am\u00e9liorer la force abdominale et la posture.<\/p>\n<\/li>\n<li>\n<p><strong>Redrapage de la peau :<\/strong> La peau restante est soigneusement redrap\u00e9e sur le nouveau contour de l&rsquo;abdomen et resserr\u00e9e pour cr\u00e9er un aspect plus lisse et plus a\u00e9rodynamique.<\/p>\n<\/li>\n<li>\n<p><strong>Fermeture <\/strong> : Une fois la correction souhait\u00e9e obtenue, les incisions sont referm\u00e9es \u00e0 l&rsquo;aide de sutures et les pansements ou bandages n\u00e9cessaires sont appliqu\u00e9s pour prot\u00e9ger les sites op\u00e9ratoires.<\/p>\n<\/li>\n<li>\n<p><strong>R\u00e9tablissement <\/strong> : Apr\u00e8s l&rsquo;intervention, les patients pr\u00e9sentent g\u00e9n\u00e9ralement un certain gonflement, des ecchymoses et un certain inconfort, qui peuvent \u00eatre g\u00e9r\u00e9s \u00e0 l&rsquo;aide d&rsquo;analg\u00e9siques et de v\u00eatements de compression. Il est essentiel de suivre les instructions post-op\u00e9ratoires fournies par le chirurgien pour faciliter une bonne cicatrisation et optimiser les r\u00e9sultats.<\/p>\n<\/li>\n<\/ol>\n<p>La plastie abdominale peut am\u00e9liorer consid\u00e9rablement l&rsquo;apparence de l&rsquo;abdomen, redonner confiance et permettre aux personnes de se sentir plus \u00e0 l&rsquo;aise dans leurs v\u00eatements et dans leur image corporelle en g\u00e9n\u00e9ral. Toutefois, il est essentiel de consulter un chirurgien plasticien certifi\u00e9, sp\u00e9cialis\u00e9 dans l&rsquo;abdominoplastie, afin d&rsquo;obtenir le meilleur r\u00e9sultat possible. Des \u00e9tablissements r\u00e9put\u00e9s et exp\u00e9riment\u00e9s en mati\u00e8re de plastie abdominale, tels que <strong>l&rsquo;Istanbul Aesthetic Center (IAC),<\/strong> peuvent vous apporter une assurance et une tranquillit\u00e9 d&rsquo;esprit suppl\u00e9mentaires au cours de votre parcours vers un abdomen plus plat et plus sculpt\u00e9.<\/p>\n\t\t\t\t\t\t\t\t<\/div>\n\t\t\t\t<\/div>\n\t\t\t\t\t<\/div>\n\t\t\t\t<\/div>\n\t\t<div class=\"elementor-element elementor-element-1b39a13 e-flex e-con-boxed e-con e-child\" data-id=\"1b39a13\" data-element_type=\"container\">\n\t\t\t\t\t<div class=\"e-con-inner\">\n\t\t\t\t<div class=\"elementor-element elementor-element-de7c806 elementor-widget elementor-widget-beforeafter\" data-id=\"de7c806\" data-element_type=\"widget\" data-widget_type=\"beforeafter.default\">\n\t\t\t\t<div class=\"elementor-widget-container\">\n\t\t\t\t\t\n\n<style>\n  \n#nd_elements_beforeafter_component_882 img { float:left; width:100%; }\n\n#nd_elements_beforeafter_component_882 { \nfloat: left;\nwidth: 100% !important;\nmargin: 0px !important;\npadding: 0px !important;\nposition: relative;\n}\n\n#nd_elements_beforeafter_component_882 .ui-slider-range {\nbackground-image: url(\"http:\/\/www.istanbulaestheticcenter.com\/wp-content\/uploads\/2024\/04\/tummy-tuck-before-v1.jpg\");\nbackground-color: #000;\nz-index: 9;\nposition: absolute;\nheight: 100%;\nbackground-repeat: no-repeat;\nbackground-size: cover;\n}\n\n#nd_elements_beforeafter_component_882 .ui-slider-handle {\nbackground-color: #000;\nwidth: 4px;\nposition: absolute;\nheight: 100%;\noutline: 0px;\ncursor: ew-resize;  \n}\n\n#nd_elements_beforeafter_component_882 .ui-slider-handle:after {\ncontent: \"\";\nwidth: 40px;\nheight: 40px;\nbackground-color: #ccc;\nposition: absolute;\ntop: 50%;\nmargin-top: -20px;\nmargin-left: -18px;\nz-index: 9;\nborder-radius: 100%;\nbackground-image:url(\"http:\/\/www.istanbulaestheticcenter.com\/wp-content\/uploads\/2022\/09\/arrows.png\");\nbackground-size: 30px;\nbackground-position: center;\nbackground-repeat: no-repeat;\n}\n\n<\/style>\n\n\n<script>\njQuery( function() {\n\njQuery( \"#nd_elements_beforeafter_component_882\" ).slider({\n  value: 50,\n  orientation: \"horizontal\",\n  range: \"min\",\n  animate: true\n});\n\n} );\n<\/script>\n\n\n<div class=\"nd_elements_section nd_elements_beforeafter_component\">\n\n\t<div class=\"nd_elements_section\">\n\t\t<div id=\"nd_elements_beforeafter_component_882\">\n\t\t\t<img decoding=\"async\" src=\"http:\/\/www.istanbulaestheticcenter.com\/wp-content\/uploads\/2024\/04\/tummy-tuck-after-v1.jpg\">\n\t\t<\/div>\n\t<\/div>\n\t\n<\/div>\t\t\t\t<\/div>\n\t\t\t\t<\/div>\n\t\t\t\t<div class=\"elementor-element elementor-element-9d83911 elementor-widget elementor-widget-accordion\" data-id=\"9d83911\" data-element_type=\"widget\" data-widget_type=\"accordion.default\">\n\t\t\t\t<div class=\"elementor-widget-container\">\n\t\t\t\t\t\t\t<div class=\"elementor-accordion\">\n\t\t\t\t\t\t\t<div class=\"elementor-accordion-item\">\n\t\t\t\t\t<div id=\"elementor-tab-title-1651\" class=\"elementor-tab-title\" data-tab=\"1\" role=\"button\" aria-controls=\"elementor-tab-content-1651\" aria-expanded=\"false\">\n\t\t\t\t\t\t\t\t\t\t\t\t\t<span class=\"elementor-accordion-icon elementor-accordion-icon-left\" aria-hidden=\"true\">\n\t\t\t\t\t\t\t\t\t\t\t\t\t\t\t<span class=\"elementor-accordion-icon-closed\"><svg class=\"e-font-icon-svg e-fas-plus\" viewBox=\"0 0 448 512\" xmlns=\"http:\/\/www.w3.org\/2000\/svg\"><path d=\"M416 208H272V64c0-17.67-14.33-32-32-32h-32c-17.67 0-32 14.33-32 32v144H32c-17.67 0-32 14.33-32 32v32c0 17.67 14.33 32 32 32h144v144c0 17.67 14.33 32 32 32h32c17.67 0 32-14.33 32-32V304h144c17.67 0 32-14.33 32-32v-32c0-17.67-14.33-32-32-32z\"><\/path><\/svg><\/span>\n\t\t\t\t\t\t\t\t<span class=\"elementor-accordion-icon-opened\"><svg class=\"e-font-icon-svg e-fas-minus\" viewBox=\"0 0 448 512\" xmlns=\"http:\/\/www.w3.org\/2000\/svg\"><path d=\"M416 208H32c-17.67 0-32 14.33-32 32v32c0 17.67 14.33 32 32 32h384c17.67 0 32-14.33 32-32v-32c0-17.67-14.33-32-32-32z\"><\/path><\/svg><\/span>\n\t\t\t\t\t\t\t\t\t\t\t\t\t\t<\/span>\n\t\t\t\t\t\t\t\t\t\t\t\t<a class=\"elementor-accordion-title\" tabindex=\"0\">Dois-je opter pour la chirurgie de l'abdomen ?<\/a>\n\t\t\t\t\t<\/div>\n\t\t\t\t\t<div id=\"elementor-tab-content-1651\" class=\"elementor-tab-content elementor-clearfix\" data-tab=\"1\" role=\"region\" aria-labelledby=\"elementor-tab-title-1651\"><p>Si votre ventre ne diminue pas malgr\u00e9 les r\u00e9gimes et l&rsquo;exercice, si sa forme tombante vous g\u00eane, si vous ne pouvez pas \u00eatre satisfaite de ce que vous portez et si vous n&rsquo;envisagez pas d&rsquo;accoucher \u00e0 nouveau, OUI, vous pouvez subir une \u00ab chirurgie d&rsquo;\u00e9tirement de l&rsquo;abdomen \u00bb.<\/p>\n<\/div>\n\t\t\t\t<\/div>\n\t\t\t\t\t\t\t<div class=\"elementor-accordion-item\">\n\t\t\t\t\t<div id=\"elementor-tab-title-1652\" class=\"elementor-tab-title\" data-tab=\"2\" role=\"button\" aria-controls=\"elementor-tab-content-1652\" aria-expanded=\"false\">\n\t\t\t\t\t\t\t\t\t\t\t\t\t<span class=\"elementor-accordion-icon elementor-accordion-icon-left\" aria-hidden=\"true\">\n\t\t\t\t\t\t\t\t\t\t\t\t\t\t\t<span class=\"elementor-accordion-icon-closed\"><svg class=\"e-font-icon-svg e-fas-plus\" viewBox=\"0 0 448 512\" xmlns=\"http:\/\/www.w3.org\/2000\/svg\"><path d=\"M416 208H272V64c0-17.67-14.33-32-32-32h-32c-17.67 0-32 14.33-32 32v144H32c-17.67 0-32 14.33-32 32v32c0 17.67 14.33 32 32 32h144v144c0 17.67 14.33 32 32 32h32c17.67 0 32-14.33 32-32V304h144c17.67 0 32-14.33 32-32v-32c0-17.67-14.33-32-32-32z\"><\/path><\/svg><\/span>\n\t\t\t\t\t\t\t\t<span class=\"elementor-accordion-icon-opened\"><svg class=\"e-font-icon-svg e-fas-minus\" viewBox=\"0 0 448 512\" xmlns=\"http:\/\/www.w3.org\/2000\/svg\"><path d=\"M416 208H32c-17.67 0-32 14.33-32 32v32c0 17.67 14.33 32 32 32h384c17.67 0 32-14.33 32-32v-32c0-17.67-14.33-32-32-32z\"><\/path><\/svg><\/span>\n\t\t\t\t\t\t\t\t\t\t\t\t\t\t<\/span>\n\t\t\t\t\t\t\t\t\t\t\t\t<a class=\"elementor-accordion-title\" tabindex=\"0\">\u00c0 quoi faut-il faire attention avant l'op\u00e9ration ?<\/a>\n\t\t\t\t\t<\/div>\n\t\t\t\t\t<div id=\"elementor-tab-content-1652\" class=\"elementor-tab-content elementor-clearfix\" data-tab=\"2\" role=\"region\" aria-labelledby=\"elementor-tab-title-1652\"><p>Il est pr\u00e9f\u00e9rable de faire part \u00e0 votre m\u00e9decin de vos attentes et de vos inqui\u00e9tudes. Pendant l&rsquo;examen, vous devez r\u00e9pondre en d\u00e9tail \u00e0 toutes les questions qui vous seront pos\u00e9es sur votre \u00e9tat de sant\u00e9 g\u00e9n\u00e9ral et informer votre m\u00e9decin de vos maladies ant\u00e9rieures et des m\u00e9dicaments que vous avez utilis\u00e9s et que vous utilisez encore.<\/p>\n<\/div>\n\t\t\t\t<\/div>\n\t\t\t\t\t\t\t<div class=\"elementor-accordion-item\">\n\t\t\t\t\t<div id=\"elementor-tab-title-1653\" class=\"elementor-tab-title\" data-tab=\"3\" role=\"button\" aria-controls=\"elementor-tab-content-1653\" aria-expanded=\"false\">\n\t\t\t\t\t\t\t\t\t\t\t\t\t<span class=\"elementor-accordion-icon elementor-accordion-icon-left\" aria-hidden=\"true\">\n\t\t\t\t\t\t\t\t\t\t\t\t\t\t\t<span class=\"elementor-accordion-icon-closed\"><svg class=\"e-font-icon-svg e-fas-plus\" viewBox=\"0 0 448 512\" xmlns=\"http:\/\/www.w3.org\/2000\/svg\"><path d=\"M416 208H272V64c0-17.67-14.33-32-32-32h-32c-17.67 0-32 14.33-32 32v144H32c-17.67 0-32 14.33-32 32v32c0 17.67 14.33 32 32 32h144v144c0 17.67 14.33 32 32 32h32c17.67 0 32-14.33 32-32V304h144c17.67 0 32-14.33 32-32v-32c0-17.67-14.33-32-32-32z\"><\/path><\/svg><\/span>\n\t\t\t\t\t\t\t\t<span class=\"elementor-accordion-icon-opened\"><svg class=\"e-font-icon-svg e-fas-minus\" viewBox=\"0 0 448 512\" xmlns=\"http:\/\/www.w3.org\/2000\/svg\"><path d=\"M416 208H32c-17.67 0-32 14.33-32 32v32c0 17.67 14.33 32 32 32h384c17.67 0 32-14.33 32-32v-32c0-17.67-14.33-32-32-32z\"><\/path><\/svg><\/span>\n\t\t\t\t\t\t\t\t\t\t\t\t\t\t<\/span>\n\t\t\t\t\t\t\t\t\t\t\t\t<a class=\"elementor-accordion-title\" tabindex=\"0\">Comment se d\u00e9roule l'op\u00e9ration ?<\/a>\n\t\t\t\t\t<\/div>\n\t\t\t\t\t<div id=\"elementor-tab-content-1653\" class=\"elementor-tab-content elementor-clearfix\" data-tab=\"3\" role=\"region\" aria-labelledby=\"elementor-tab-title-1653\"><p>L&rsquo;op\u00e9ration est r\u00e9alis\u00e9e dans notre h\u00f4pital sous anesth\u00e9sie g\u00e9n\u00e9rale et dure 2 heures. Vous devrez rester \u00e0 l&rsquo;h\u00f4pital pendant une nuit.<\/p>\n<\/div>\n\t\t\t\t<\/div>\n\t\t\t\t\t\t\t<div class=\"elementor-accordion-item\">\n\t\t\t\t\t<div id=\"elementor-tab-title-1654\" class=\"elementor-tab-title\" data-tab=\"4\" role=\"button\" aria-controls=\"elementor-tab-content-1654\" aria-expanded=\"false\">\n\t\t\t\t\t\t\t\t\t\t\t\t\t<span class=\"elementor-accordion-icon elementor-accordion-icon-left\" aria-hidden=\"true\">\n\t\t\t\t\t\t\t\t\t\t\t\t\t\t\t<span class=\"elementor-accordion-icon-closed\"><svg class=\"e-font-icon-svg e-fas-plus\" viewBox=\"0 0 448 512\" xmlns=\"http:\/\/www.w3.org\/2000\/svg\"><path d=\"M416 208H272V64c0-17.67-14.33-32-32-32h-32c-17.67 0-32 14.33-32 32v144H32c-17.67 0-32 14.33-32 32v32c0 17.67 14.33 32 32 32h144v144c0 17.67 14.33 32 32 32h32c17.67 0 32-14.33 32-32V304h144c17.67 0 32-14.33 32-32v-32c0-17.67-14.33-32-32-32z\"><\/path><\/svg><\/span>\n\t\t\t\t\t\t\t\t<span class=\"elementor-accordion-icon-opened\"><svg class=\"e-font-icon-svg e-fas-minus\" viewBox=\"0 0 448 512\" xmlns=\"http:\/\/www.w3.org\/2000\/svg\"><path d=\"M416 208H32c-17.67 0-32 14.33-32 32v32c0 17.67 14.33 32 32 32h384c17.67 0 32-14.33 32-32v-32c0-17.67-14.33-32-32-32z\"><\/path><\/svg><\/span>\n\t\t\t\t\t\t\t\t\t\t\t\t\t\t<\/span>\n\t\t\t\t\t\t\t\t\t\t\t\t<a class=\"elementor-accordion-title\" tabindex=\"0\">Que faut-il savoir sur l'anesth\u00e9sie ?<\/a>\n\t\t\t\t\t<\/div>\n\t\t\t\t\t<div id=\"elementor-tab-content-1654\" class=\"elementor-tab-content elementor-clearfix\" data-tab=\"4\" role=\"region\" aria-labelledby=\"elementor-tab-title-1654\"><p>Vous serez examin\u00e9e et inform\u00e9e par un m\u00e9decin anesth\u00e9siste avant l&rsquo;op\u00e9ration de la r\u00e9gion g\u00e9nitale. Les m\u00e9dicaments diluant le sang, les vitamines et les facteurs affectant l&rsquo;anesth\u00e9sie tels que l&rsquo;alcool et le tabac doivent \u00eatre arr\u00eat\u00e9s \u00e0 partir de la date pr\u00e9vue par votre m\u00e9decin.<\/p>\n<\/div>\n\t\t\t\t<\/div>\n\t\t\t\t\t\t\t<div class=\"elementor-accordion-item\">\n\t\t\t\t\t<div id=\"elementor-tab-title-1655\" class=\"elementor-tab-title\" data-tab=\"5\" role=\"button\" aria-controls=\"elementor-tab-content-1655\" aria-expanded=\"false\">\n\t\t\t\t\t\t\t\t\t\t\t\t\t<span class=\"elementor-accordion-icon elementor-accordion-icon-left\" aria-hidden=\"true\">\n\t\t\t\t\t\t\t\t\t\t\t\t\t\t\t<span class=\"elementor-accordion-icon-closed\"><svg class=\"e-font-icon-svg e-fas-plus\" viewBox=\"0 0 448 512\" xmlns=\"http:\/\/www.w3.org\/2000\/svg\"><path d=\"M416 208H272V64c0-17.67-14.33-32-32-32h-32c-17.67 0-32 14.33-32 32v144H32c-17.67 0-32 14.33-32 32v32c0 17.67 14.33 32 32 32h144v144c0 17.67 14.33 32 32 32h32c17.67 0 32-14.33 32-32V304h144c17.67 0 32-14.33 32-32v-32c0-17.67-14.33-32-32-32z\"><\/path><\/svg><\/span>\n\t\t\t\t\t\t\t\t<span class=\"elementor-accordion-icon-opened\"><svg class=\"e-font-icon-svg e-fas-minus\" viewBox=\"0 0 448 512\" xmlns=\"http:\/\/www.w3.org\/2000\/svg\"><path d=\"M416 208H32c-17.67 0-32 14.33-32 32v32c0 17.67 14.33 32 32 32h384c17.67 0 32-14.33 32-32v-32c0-17.67-14.33-32-32-32z\"><\/path><\/svg><\/span>\n\t\t\t\t\t\t\t\t\t\t\t\t\t\t<\/span>\n\t\t\t\t\t\t\t\t\t\t\t\t<a class=\"elementor-accordion-title\" tabindex=\"0\">P\u00e9riode de retour \u00e0 la vie sociale apr\u00e8s l'intervention chirurgicale<\/a>\n\t\t\t\t\t<\/div>\n\t\t\t\t\t<div id=\"elementor-tab-content-1655\" class=\"elementor-tab-content elementor-clearfix\" data-tab=\"5\" role=\"region\" aria-labelledby=\"elementor-tab-title-1655\"><p>Il est conseill\u00e9 de porter un corset pendant 3 semaines pendant la p\u00e9riode de formation des fesses et de r\u00e9tablissement. Si votre m\u00e9decin l&rsquo;approuve, l&rsquo;application de VelaShape III (vide + massage) augmentera le collag\u00e8ne et acc\u00e9l\u00e9rera le processus de gu\u00e9rison. Vous pouvez reprendre votre vie sociale apr\u00e8s une semaine.<\/p>\n<\/div>\n\t\t\t\t<\/div>\n\t\t\t\t\t\t\t\t<\/div>\n\t\t\t\t\t\t<\/div>\n\t\t\t\t<\/div>\n\t\t\t\t\t<\/div>\n\t\t\t\t<\/div>\n\t\t\t\t\t<\/div>\n\t\t\t\t<\/div>\n\t\t\t\t<\/div>\n\t\t","protected":false},"excerpt":{"rendered":"<p>Qu&rsquo;est-ce que la plastie abdominale ? La plastie abdominale, \u00e9galement connue sous le nom d&rsquo;abdominoplastie, est une intervention de chirurgie esth\u00e9tique visant \u00e0 am\u00e9liorer l&rsquo;apparence de l&rsquo;abdomen en retirant l&rsquo;exc\u00e8s de peau et de graisse et en resserrant les muscles sous-jacents. Cette intervention est souvent demand\u00e9e par des personnes ayant subi une perte de poids [&hellip;]<\/p>\n","protected":false},"author":1,"featured_media":0,"parent":16796,"menu_order":0,"comment_status":"closed","ping_status":"closed","template":"","meta":{"_themeisle_gutenberg_block_has_review":false,"footnotes":""},"class_list":["post-16786","page","type-page","status-publish","hentry"],"_links":{"self":[{"href":"http:\/\/www.istanbulaestheticcenter.com\/fr\/wp-json\/wp\/v2\/pages\/16786","targetHints":{"allow":["GET"]}}],"collection":[{"href":"http:\/\/www.istanbulaestheticcenter.com\/fr\/wp-json\/wp\/v2\/pages"}],"about":[{"href":"http:\/\/www.istanbulaestheticcenter.com\/fr\/wp-json\/wp\/v2\/types\/page"}],"author":[{"embeddable":true,"href":"http:\/\/www.istanbulaestheticcenter.com\/fr\/wp-json\/wp\/v2\/users\/1"}],"replies":[{"embeddable":true,"href":"http:\/\/www.istanbulaestheticcenter.com\/fr\/wp-json\/wp\/v2\/comments?post=16786"}],"version-history":[{"count":1,"href":"http:\/\/www.istanbulaestheticcenter.com\/fr\/wp-json\/wp\/v2\/pages\/16786\/revisions"}],"predecessor-version":[{"id":16787,"href":"http:\/\/www.istanbulaestheticcenter.com\/fr\/wp-json\/wp\/v2\/pages\/16786\/revisions\/16787"}],"up":[{"embeddable":true,"href":"http:\/\/www.istanbulaestheticcenter.com\/fr\/wp-json\/wp\/v2\/pages\/16796"}],"wp:attachment":[{"href":"http:\/\/www.istanbulaestheticcenter.com\/fr\/wp-json\/wp\/v2\/media?parent=16786"}],"curies":[{"name":"wp","href":"https:\/\/api.w.org\/{rel}","templated":true}]}}