{"id":16719,"date":"2024-04-19T16:09:44","date_gmt":"2024-04-19T13:09:44","guid":{"rendered":"https:\/\/www.istanbulaestheticcenter.com\/greffe-de-cheveux-fue\/"},"modified":"2024-04-29T21:57:17","modified_gmt":"2024-04-29T18:57:17","slug":"greffe-de-cheveux-fue","status":"publish","type":"page","link":"http:\/\/www.istanbulaestheticcenter.com\/fr\/greffe-de-cheveux\/greffe-de-cheveux-fue\/","title":{"rendered":"Greffe de cheveux FUE"},"content":{"rendered":"\t\t<div data-elementor-type=\"wp-page\" data-elementor-id=\"16719\" class=\"elementor elementor-16719 elementor-13133\">\n\t\t\t\t<div class=\"elementor-element elementor-element-76cab1a e-grid e-con-boxed e-con e-parent\" data-id=\"76cab1a\" data-element_type=\"container\">\n\t\t\t\t\t<div class=\"e-con-inner\">\n\t\t\t\t<div class=\"elementor-element elementor-element-59a8eed elementor-widget elementor-widget-beforeafter\" data-id=\"59a8eed\" data-element_type=\"widget\" data-widget_type=\"beforeafter.default\">\n\t\t\t\t<div class=\"elementor-widget-container\">\n\t\t\t\t\t\n\n<style>\n  \n#nd_elements_beforeafter_component_274 img { float:left; width:100%; }\n\n#nd_elements_beforeafter_component_274 { \nfloat: left;\nwidth: 100% !important;\nmargin: 0px !important;\npadding: 0px !important;\nposition: relative;\n}\n\n#nd_elements_beforeafter_component_274 .ui-slider-range {\nbackground-image: url(\"http:\/\/www.istanbulaestheticcenter.com\/wp-content\/uploads\/2024\/04\/hair-male-before-v3.jpg\");\nbackground-color: #000;\nz-index: 9;\nposition: absolute;\nheight: 100%;\nbackground-repeat: no-repeat;\nbackground-size: cover;\n}\n\n#nd_elements_beforeafter_component_274 .ui-slider-handle {\nbackground-color: #000;\nwidth: 4px;\nposition: absolute;\nheight: 100%;\noutline: 0px;\ncursor: ew-resize;  \n}\n\n#nd_elements_beforeafter_component_274 .ui-slider-handle:after {\ncontent: \"\";\nwidth: 40px;\nheight: 40px;\nbackground-color: #ccc;\nposition: absolute;\ntop: 50%;\nmargin-top: -20px;\nmargin-left: -18px;\nz-index: 9;\nborder-radius: 100%;\nbackground-image:url(\"http:\/\/www.istanbulaestheticcenter.com\/wp-content\/uploads\/2022\/09\/arrows.png\");\nbackground-size: 30px;\nbackground-position: center;\nbackground-repeat: no-repeat;\n}\n\n<\/style>\n\n\n<script>\njQuery( function() {\n\njQuery( \"#nd_elements_beforeafter_component_274\" ).slider({\n  value: 50,\n  orientation: \"horizontal\",\n  range: \"min\",\n  animate: true\n});\n\n} );\n<\/script>\n\n\n<div class=\"nd_elements_section nd_elements_beforeafter_component\">\n\n\t<div class=\"nd_elements_section\">\n\t\t<div id=\"nd_elements_beforeafter_component_274\">\n\t\t\t<img decoding=\"async\" src=\"http:\/\/www.istanbulaestheticcenter.com\/wp-content\/uploads\/2024\/04\/hair-male-after-v3.jpg\">\n\t\t<\/div>\n\t<\/div>\n\t\n<\/div>\t\t\t\t<\/div>\n\t\t\t\t<\/div>\n\t\t\t\t<div class=\"elementor-element elementor-element-552775d elementor-widget elementor-widget-beforeafter\" data-id=\"552775d\" data-element_type=\"widget\" data-widget_type=\"beforeafter.default\">\n\t\t\t\t<div class=\"elementor-widget-container\">\n\t\t\t\t\t\n\n<style>\n  \n#nd_elements_beforeafter_component_641 img { float:left; width:100%; }\n\n#nd_elements_beforeafter_component_641 { \nfloat: left;\nwidth: 100% !important;\nmargin: 0px !important;\npadding: 0px !important;\nposition: relative;\n}\n\n#nd_elements_beforeafter_component_641 .ui-slider-range {\nbackground-image: url(\"http:\/\/www.istanbulaestheticcenter.com\/wp-content\/uploads\/2024\/04\/hair-male-before-v2.jpg\");\nbackground-color: #000;\nz-index: 9;\nposition: absolute;\nheight: 100%;\nbackground-repeat: no-repeat;\nbackground-size: cover;\n}\n\n#nd_elements_beforeafter_component_641 .ui-slider-handle {\nbackground-color: #000;\nwidth: 4px;\nposition: absolute;\nheight: 100%;\noutline: 0px;\ncursor: ew-resize;  \n}\n\n#nd_elements_beforeafter_component_641 .ui-slider-handle:after {\ncontent: \"\";\nwidth: 40px;\nheight: 40px;\nbackground-color: #ccc;\nposition: absolute;\ntop: 50%;\nmargin-top: -20px;\nmargin-left: -18px;\nz-index: 9;\nborder-radius: 100%;\nbackground-image:url(\"http:\/\/www.istanbulaestheticcenter.com\/wp-content\/uploads\/2022\/09\/arrows.png\");\nbackground-size: 30px;\nbackground-position: center;\nbackground-repeat: no-repeat;\n}\n\n<\/style>\n\n\n<script>\njQuery( function() {\n\njQuery( \"#nd_elements_beforeafter_component_641\" ).slider({\n  value: 50,\n  orientation: \"horizontal\",\n  range: \"min\",\n  animate: true\n});\n\n} );\n<\/script>\n\n\n<div class=\"nd_elements_section nd_elements_beforeafter_component\">\n\n\t<div class=\"nd_elements_section\">\n\t\t<div id=\"nd_elements_beforeafter_component_641\">\n\t\t\t<img decoding=\"async\" src=\"http:\/\/www.istanbulaestheticcenter.com\/wp-content\/uploads\/2024\/04\/hair-male-after-v2.jpg\">\n\t\t<\/div>\n\t<\/div>\n\t\n<\/div>\t\t\t\t<\/div>\n\t\t\t\t<\/div>\n\t\t\t\t\t<\/div>\n\t\t\t\t<\/div>\n\t\t<div class=\"elementor-element elementor-element-cbc25af e-flex e-con-boxed e-con e-parent\" data-id=\"cbc25af\" data-element_type=\"container\">\n\t\t\t\t\t<div class=\"e-con-inner\">\n\t\t<div class=\"elementor-element elementor-element-ecadbfc e-flex e-con-boxed e-con e-child\" data-id=\"ecadbfc\" data-element_type=\"container\">\n\t\t\t\t\t<div class=\"e-con-inner\">\n\t\t\t\t<div class=\"elementor-element elementor-element-cdabcd8 elementor-widget elementor-widget-heading\" data-id=\"cdabcd8\" data-element_type=\"widget\" data-widget_type=\"heading.default\">\n\t\t\t\t<div class=\"elementor-widget-container\">\n\t\t\t\t\t<h2 class=\"elementor-heading-title elementor-size-default\">Greffe de cheveux FUE<\/h2>\t\t\t\t<\/div>\n\t\t\t\t<\/div>\n\t\t\t\t\t<\/div>\n\t\t\t\t<\/div>\n\t\t\t\t\t<\/div>\n\t\t\t\t<\/div>\n\t\t<div class=\"elementor-element elementor-element-02db0e2 e-flex e-con-boxed e-con e-parent\" data-id=\"02db0e2\" data-element_type=\"container\">\n\t\t\t\t\t<div class=\"e-con-inner\">\n\t\t\t\t<div class=\"elementor-element elementor-element-4b6ee33 elementor-widget elementor-widget-text-editor\" data-id=\"4b6ee33\" data-element_type=\"widget\" data-widget_type=\"text-editor.default\">\n\t\t\t\t<div class=\"elementor-widget-container\">\n\t\t\t\t\t\t\t\t\t<p>L&rsquo;extraction d&rsquo;unit\u00e9s folliculaires (FUE) est une m\u00e9thode de transplantation capillaire utilis\u00e9e pour traiter la perte de cheveux ou la calvitie. Il s&rsquo;agit d&rsquo;une intervention chirurgicale peu invasive au cours de laquelle des follicules pileux sont extraits d&rsquo;une zone donneuse (g\u00e9n\u00e9ralement l&rsquo;arri\u00e8re ou les c\u00f4t\u00e9s du cuir chevelu) et transplant\u00e9s dans les zones chauves ou clairsem\u00e9es.<\/p>\n\t\t\t\t\t\t\t\t<\/div>\n\t\t\t\t<\/div>\n\t\t\t\t\t<\/div>\n\t\t\t\t<\/div>\n\t\t<div class=\"elementor-element elementor-element-a93cd01 e-grid e-con-boxed e-con e-parent\" data-id=\"a93cd01\" data-element_type=\"container\">\n\t\t\t\t\t<div class=\"e-con-inner\">\n\t\t\t\t<div class=\"elementor-element elementor-element-2734692 elementor-widget elementor-widget-text-editor\" data-id=\"2734692\" data-element_type=\"widget\" data-widget_type=\"text-editor.default\">\n\t\t\t\t<div class=\"elementor-widget-container\">\n\t\t\t\t\t\t\t\t\t<p>Voici comment se d\u00e9roule g\u00e9n\u00e9ralement la proc\u00e9dure :<\/p>\n<ol>\n<li>\n<p><strong>Extraction <\/strong> : Les follicules pileux sont extraits un par un de la zone donneuse \u00e0 l&rsquo;aide d&rsquo;un instrument sp\u00e9cialis\u00e9, g\u00e9n\u00e9ralement un micro-punch ou un syst\u00e8me robotis\u00e9. Ces follicules sont g\u00e9n\u00e9ralement extraits dans leurs groupes naturels de 1 \u00e0 4 cheveux, appel\u00e9s unit\u00e9s folliculaires.<\/p>\n<\/li>\n<li>\n<p><strong>Pr\u00e9paration du site donneur <\/strong> : Une fois les follicules pr\u00e9lev\u00e9s, de minuscules trous sont pratiqu\u00e9s dans la zone receveuse o\u00f9 les cheveux seront transplant\u00e9s.<\/p>\n<\/li>\n<li>\n<p><strong>Transplantation <\/strong> : Les follicules pr\u00e9lev\u00e9s sont soigneusement implant\u00e9s dans les sites receveurs. Le chirurgien les place de mani\u00e8re \u00e0 ce qu&rsquo;ils imitent le sch\u00e9ma de croissance naturel des cheveux, ce qui garantit un r\u00e9sultat plus naturel.<\/p>\n<\/li>\n<li>\n<p><strong>Gu\u00e9rison <\/strong> : Apr\u00e8s l&rsquo;intervention, les zones donneuses et receveuses cicatrisent avec le temps. Les cheveux transplant\u00e9s tombent dans les semaines qui suivent l&rsquo;intervention, mais la repousse commence g\u00e9n\u00e9ralement au bout de quelques mois.<\/p>\n<\/li>\n<\/ol>\n\t\t\t\t\t\t\t\t<\/div>\n\t\t\t\t<\/div>\n\t\t\t\t<div class=\"elementor-element elementor-element-80056e6 elementor-widget elementor-widget-image\" data-id=\"80056e6\" data-element_type=\"widget\" data-widget_type=\"image.default\">\n\t\t\t\t<div class=\"elementor-widget-container\">\n\t\t\t\t\t\t\t\t\t\t\t\t\t\t\t<img fetchpriority=\"high\" decoding=\"async\" width=\"768\" height=\"768\" src=\"http:\/\/www.istanbulaestheticcenter.com\/wp-content\/uploads\/2024\/04\/fue-hair-768x768.jpg\" class=\"attachment-medium_large size-medium_large wp-image-15795\" alt=\"\" srcset=\"http:\/\/www.istanbulaestheticcenter.com\/wp-content\/uploads\/2024\/04\/fue-hair-768x768.jpg 768w, http:\/\/www.istanbulaestheticcenter.com\/wp-content\/uploads\/2024\/04\/fue-hair-300x300.jpg 300w, http:\/\/www.istanbulaestheticcenter.com\/wp-content\/uploads\/2024\/04\/fue-hair-150x150.jpg 150w, http:\/\/www.istanbulaestheticcenter.com\/wp-content\/uploads\/2024\/04\/fue-hair-720x720.jpg 720w, http:\/\/www.istanbulaestheticcenter.com\/wp-content\/uploads\/2024\/04\/elementor\/thumbs\/fue-hair-qmxwuf3e0kvhp4u9q8pnzc4jq4fhsthsaaoy413zgg.jpg 800w, http:\/\/www.istanbulaestheticcenter.com\/wp-content\/uploads\/2024\/04\/elementor\/thumbs\/fue-hair-qmxwuf3955pr947c2l8zj0r3krkz5smwr4c9if73c0.jpg 400w, http:\/\/www.istanbulaestheticcenter.com\/wp-content\/uploads\/2024\/04\/elementor\/thumbs\/fue-hair-qmxwuf3ad0i6v4d2hi45n3lgm3sltjummwxfntobd4.jpg 500w, http:\/\/www.istanbulaestheticcenter.com\/wp-content\/uploads\/2024\/04\/fue-hair.jpg 1024w\" sizes=\"(max-width: 768px) 100vw, 768px\" \/>\t\t\t\t\t\t\t\t\t\t\t\t\t\t\t<\/div>\n\t\t\t\t<\/div>\n\t\t\t\t\t<\/div>\n\t\t\t\t<\/div>\n\t\t<div class=\"elementor-element elementor-element-1a663d2 e-grid e-con-boxed e-con e-parent\" data-id=\"1a663d2\" data-element_type=\"container\">\n\t\t\t\t\t<div class=\"e-con-inner\">\n\t\t\t\t<div class=\"elementor-element elementor-element-27a77e2 elementor-widget elementor-widget-beforeafter\" data-id=\"27a77e2\" data-element_type=\"widget\" data-widget_type=\"beforeafter.default\">\n\t\t\t\t<div class=\"elementor-widget-container\">\n\t\t\t\t\t\n\n<style>\n  \n#nd_elements_beforeafter_component_92 img { float:left; width:100%; }\n\n#nd_elements_beforeafter_component_92 { \nfloat: left;\nwidth: 100% !important;\nmargin: 0px !important;\npadding: 0px !important;\nposition: relative;\n}\n\n#nd_elements_beforeafter_component_92 .ui-slider-range {\nbackground-image: url(\"http:\/\/www.istanbulaestheticcenter.com\/wp-content\/uploads\/2024\/04\/hair-male-before-v1.jpg\");\nbackground-color: #000;\nz-index: 9;\nposition: absolute;\nheight: 100%;\nbackground-repeat: no-repeat;\nbackground-size: cover;\n}\n\n#nd_elements_beforeafter_component_92 .ui-slider-handle {\nbackground-color: #000;\nwidth: 4px;\nposition: absolute;\nheight: 100%;\noutline: 0px;\ncursor: ew-resize;  \n}\n\n#nd_elements_beforeafter_component_92 .ui-slider-handle:after {\ncontent: \"\";\nwidth: 40px;\nheight: 40px;\nbackground-color: #ccc;\nposition: absolute;\ntop: 50%;\nmargin-top: -20px;\nmargin-left: -18px;\nz-index: 9;\nborder-radius: 100%;\nbackground-image:url(\"http:\/\/www.istanbulaestheticcenter.com\/wp-content\/uploads\/2022\/09\/arrows.png\");\nbackground-size: 30px;\nbackground-position: center;\nbackground-repeat: no-repeat;\n}\n\n<\/style>\n\n\n<script>\njQuery( function() {\n\njQuery( \"#nd_elements_beforeafter_component_92\" ).slider({\n  value: 50,\n  orientation: \"horizontal\",\n  range: \"min\",\n  animate: true\n});\n\n} );\n<\/script>\n\n\n<div class=\"nd_elements_section nd_elements_beforeafter_component\">\n\n\t<div class=\"nd_elements_section\">\n\t\t<div id=\"nd_elements_beforeafter_component_92\">\n\t\t\t<img decoding=\"async\" src=\"http:\/\/www.istanbulaestheticcenter.com\/wp-content\/uploads\/2024\/04\/hair-male-after-v1.jpg\">\n\t\t<\/div>\n\t<\/div>\n\t\n<\/div>\t\t\t\t<\/div>\n\t\t\t\t<\/div>\n\t\t<div class=\"elementor-element elementor-element-6bb1eee e-grid e-con-boxed e-con e-child\" data-id=\"6bb1eee\" data-element_type=\"container\">\n\t\t\t\t\t<div class=\"e-con-inner\">\n\t\t\t\t<div class=\"elementor-element elementor-element-dd72775 elementor-widget elementor-widget-text-editor\" data-id=\"dd72775\" data-element_type=\"widget\" data-widget_type=\"text-editor.default\">\n\t\t\t\t<div class=\"elementor-widget-container\">\n\t\t\t\t\t\t\t\t\t<p>La FUE pr\u00e9sente plusieurs avantages par rapport aux m\u00e9thodes traditionnelles de greffe de cheveux, telles que la transplantation d&rsquo;unit\u00e9s folliculaires (FUT). Elle ne n\u00e9cessite pas d&rsquo;incision lin\u00e9aire, ce qui signifie qu&rsquo;il n&rsquo;y a pas de cicatrice lin\u00e9aire au niveau du site donneur, ce qui la rend moins invasive et permet un r\u00e9tablissement plus rapide. En outre, la FUE permet de pr\u00e9lever des follicules individuels, ce qui la rend adapt\u00e9e aux patients qui disposent d&rsquo;un nombre limit\u00e9 de donneurs ou qui souhaitent garder leurs cheveux tr\u00e8s courts.<\/p>\n<p>Toutefois, il est essentiel de consulter un chirurgien qualifi\u00e9 et exp\u00e9riment\u00e9, sp\u00e9cialis\u00e9 dans les proc\u00e9dures FUE, afin de garantir le meilleur r\u00e9sultat possible. Se faire traiter par un \u00e9tablissement r\u00e9put\u00e9 pour ses chirurgies FUE r\u00e9ussies, comme <strong> l&rsquo;Istanbul Aesthetic Center (IAC),<\/strong> peut apporter une assurance suppl\u00e9mentaire et une tranquillit\u00e9 d&rsquo;esprit.<\/p>\n\t\t\t\t\t\t\t\t<\/div>\n\t\t\t\t<\/div>\n\t\t\t\t<div class=\"elementor-element elementor-element-d7d8104 elementor-widget elementor-widget-text-editor\" data-id=\"d7d8104\" data-element_type=\"widget\" data-widget_type=\"text-editor.default\">\n\t\t\t\t<div class=\"elementor-widget-container\">\n\t\t\t\t\t\t\t\t\t<h4><strong>Quand puis-je reprendre mes activit\u00e9s sociales apr\u00e8s une greffe de cheveux ?<\/strong><\/h4>\n<p>Comme d\u00e9crit pr\u00e9c\u00e9demment, le patient peut s&rsquo;attendre \u00e0 un l\u00e9ger gonflement autour de la zone transplant\u00e9e et du visage au cours des deux premi\u00e8res semaines, ce qui est g\u00e9n\u00e9ralement indolore mais inconfortable.<\/p>\n<p>5 jours apr\u00e8s la greffe, le gonflement peut avoir disparu et ne sera plus visible pour les autres. Comme les petites cro\u00fbtes dans la zone receveuse peuvent se dissoudre apr\u00e8s 10 jours, une p\u00e9riode de deux semaines (14 jours de semaine) apr\u00e8s l&rsquo;intervention sera une p\u00e9riode appropri\u00e9e pour retrouver le chemin des activit\u00e9s sociales.<\/p>\n\t\t\t\t\t\t\t\t<\/div>\n\t\t\t\t<\/div>\n\t\t\t\t\t<\/div>\n\t\t\t\t<\/div>\n\t\t\t\t\t<\/div>\n\t\t\t\t<\/div>\n\t\t\t\t<\/div>\n\t\t","protected":false},"excerpt":{"rendered":"<p>Greffe de cheveux FUE L&rsquo;extraction d&rsquo;unit\u00e9s folliculaires (FUE) est une m\u00e9thode de transplantation capillaire utilis\u00e9e pour traiter la perte de cheveux ou la calvitie. Il s&rsquo;agit d&rsquo;une intervention chirurgicale peu invasive au cours de laquelle des follicules pileux sont extraits d&rsquo;une zone donneuse (g\u00e9n\u00e9ralement l&rsquo;arri\u00e8re ou les c\u00f4t\u00e9s du cuir chevelu) et transplant\u00e9s dans les [&hellip;]<\/p>\n","protected":false},"author":1,"featured_media":0,"parent":16946,"menu_order":0,"comment_status":"closed","ping_status":"closed","template":"","meta":{"_themeisle_gutenberg_block_has_review":false,"footnotes":""},"class_list":["post-16719","page","type-page","status-publish","hentry"],"_links":{"self":[{"href":"http:\/\/www.istanbulaestheticcenter.com\/fr\/wp-json\/wp\/v2\/pages\/16719","targetHints":{"allow":["GET"]}}],"collection":[{"href":"http:\/\/www.istanbulaestheticcenter.com\/fr\/wp-json\/wp\/v2\/pages"}],"about":[{"href":"http:\/\/www.istanbulaestheticcenter.com\/fr\/wp-json\/wp\/v2\/types\/page"}],"author":[{"embeddable":true,"href":"http:\/\/www.istanbulaestheticcenter.com\/fr\/wp-json\/wp\/v2\/users\/1"}],"replies":[{"embeddable":true,"href":"http:\/\/www.istanbulaestheticcenter.com\/fr\/wp-json\/wp\/v2\/comments?post=16719"}],"version-history":[{"count":1,"href":"http:\/\/www.istanbulaestheticcenter.com\/fr\/wp-json\/wp\/v2\/pages\/16719\/revisions"}],"predecessor-version":[{"id":16720,"href":"http:\/\/www.istanbulaestheticcenter.com\/fr\/wp-json\/wp\/v2\/pages\/16719\/revisions\/16720"}],"up":[{"embeddable":true,"href":"http:\/\/www.istanbulaestheticcenter.com\/fr\/wp-json\/wp\/v2\/pages\/16946"}],"wp:attachment":[{"href":"http:\/\/www.istanbulaestheticcenter.com\/fr\/wp-json\/wp\/v2\/media?parent=16719"}],"curies":[{"name":"wp","href":"https:\/\/api.w.org\/{rel}","templated":true}]}}