{"id":16898,"date":"2024-04-20T02:29:00","date_gmt":"2024-04-19T23:29:00","guid":{"rendered":"https:\/\/www.istanbulaestheticcenter.com\/mamoplastia\/aumento-de-mamas\/"},"modified":"2024-04-29T20:49:11","modified_gmt":"2024-04-29T17:49:11","slug":"aumento-de-mamas","status":"publish","type":"page","link":"http:\/\/www.istanbulaestheticcenter.com\/es\/mamoplastia\/aumento-de-mamas\/","title":{"rendered":"Aumento de mamas"},"content":{"rendered":"\t\t<div data-elementor-type=\"wp-page\" data-elementor-id=\"16898\" class=\"elementor elementor-16898 elementor-13256\">\n\t\t\t\t<div class=\"elementor-element elementor-element-e9f0f8c e-flex e-con-boxed e-con e-parent\" data-id=\"e9f0f8c\" data-element_type=\"container\">\n\t\t\t\t\t<div class=\"e-con-inner\">\n\t\t<div class=\"elementor-element elementor-element-b0db3b0 e-flex e-con-boxed e-con e-child\" data-id=\"b0db3b0\" data-element_type=\"container\">\n\t\t\t\t\t<div class=\"e-con-inner\">\n\t\t\t\t<div class=\"elementor-element elementor-element-e35db52 elementor-widget elementor-widget-image\" data-id=\"e35db52\" data-element_type=\"widget\" data-widget_type=\"image.default\">\n\t\t\t\t<div class=\"elementor-widget-container\">\n\t\t\t\t\t\t\t\t\t\t\t\t\t\t\t<img fetchpriority=\"high\" decoding=\"async\" width=\"1024\" height=\"525\" src=\"http:\/\/www.istanbulaestheticcenter.com\/wp-content\/uploads\/2024\/04\/breat-aug-1024x525.jpg\" class=\"attachment-large size-large wp-image-16023\" alt=\"\" srcset=\"http:\/\/www.istanbulaestheticcenter.com\/wp-content\/uploads\/2024\/04\/breat-aug-1024x525.jpg 1024w, http:\/\/www.istanbulaestheticcenter.com\/wp-content\/uploads\/2024\/04\/breat-aug-300x154.jpg 300w, http:\/\/www.istanbulaestheticcenter.com\/wp-content\/uploads\/2024\/04\/breat-aug-768x394.jpg 768w, http:\/\/www.istanbulaestheticcenter.com\/wp-content\/uploads\/2024\/04\/breat-aug-1000x513.jpg 1000w, http:\/\/www.istanbulaestheticcenter.com\/wp-content\/uploads\/2024\/04\/breat-aug-1110x570.jpg 1110w, http:\/\/www.istanbulaestheticcenter.com\/wp-content\/uploads\/2024\/04\/breat-aug.jpg 1120w\" sizes=\"(max-width: 1024px) 100vw, 1024px\" \/>\t\t\t\t\t\t\t\t\t\t\t\t\t\t\t<\/div>\n\t\t\t\t<\/div>\n\t\t\t\t\t<\/div>\n\t\t\t\t<\/div>\n\t\t\t\t\t<\/div>\n\t\t\t\t<\/div>\n\t\t<div class=\"elementor-element elementor-element-3f7c041 e-flex e-con-boxed e-con e-parent\" data-id=\"3f7c041\" data-element_type=\"container\">\n\t\t\t\t\t<div class=\"e-con-inner\">\n\t\t<div class=\"elementor-element elementor-element-50bb1f7 e-con-full e-flex e-con e-child\" data-id=\"50bb1f7\" data-element_type=\"container\">\n\t\t\t\t<div class=\"elementor-element elementor-element-1fc6a50 elementor-widget elementor-widget-heading\" data-id=\"1fc6a50\" data-element_type=\"widget\" data-widget_type=\"heading.default\">\n\t\t\t\t<div class=\"elementor-widget-container\">\n\t\t\t\t\t<h2 class=\"elementor-heading-title elementor-size-default\">\u00bfQu\u00e9 es la cirug\u00eda de aumento mamario?<\/h2>\t\t\t\t<\/div>\n\t\t\t\t<\/div>\n\t\t\t\t<div class=\"elementor-element elementor-element-a63c1e5 elementor-widget elementor-widget-text-editor\" data-id=\"a63c1e5\" data-element_type=\"widget\" data-widget_type=\"text-editor.default\">\n\t\t\t\t<div class=\"elementor-widget-container\">\n\t\t\t\t\t\t\t\t\t<p>El aumento de mamas, tambi\u00e9n conocido como mamoplastia de aumento, es un procedimiento quir\u00fargico est\u00e9tico destinado a aumentar el tama\u00f1o, la plenitud y la proyecci\u00f3n de las mamas mediante implantes o t\u00e9cnicas de transferencia de grasa. Este procedimiento es a menudo buscado por las personas que desean pechos m\u00e1s grandes, desean mejorar su forma del pecho o la simetr\u00eda, o tratar de restaurar el volumen del pecho perdido debido a factores tales como el embarazo, la lactancia materna, p\u00e9rdida de peso, o el envejecimiento.<\/p>\n<p>A continuaci\u00f3n se ofrece una descripci\u00f3n general de c\u00f3mo se realiza normalmente la cirug\u00eda de aumento mamario:<\/p>\n<ol>\n<li>\n<p><strong>Consulta<\/strong>: Antes del procedimiento, el paciente tendr\u00e1 una consulta con un cirujano pl\u00e1stico cualificado para discutir sus objetivos, expectativas e historial m\u00e9dico. El cirujano evaluar\u00e1 la anatom\u00eda mamaria de la paciente, la elasticidad de la piel y el resultado deseado para determinar el enfoque m\u00e1s adecuado para el aumento mamario.<\/p>\n<\/li>\n<li>\n<p><strong>Selecci\u00f3n de implantes<\/strong>: Si se eligen implantes como m\u00e9todo de aumento, la paciente trabajar\u00e1 con el cirujano para seleccionar el tama\u00f1o, la forma y el tipo de implantes adecuados en funci\u00f3n de sus proporciones corporales, sus preferencias est\u00e9ticas y sus objetivos quir\u00fargicos. Los implantes suelen estar rellenos de soluci\u00f3n salina o gel de silicona y est\u00e1n disponibles en varios tama\u00f1os, perfiles y texturas.<\/p>\n<\/li>\n<li>\n<p><strong>Anestesia<\/strong>: La cirug\u00eda de aumento de pecho se puede realizar bajo anestesia general o anestesia local con sedaci\u00f3n, dependiendo de las preferencias del paciente y la extensi\u00f3n del procedimiento.<\/p>\n<\/li>\n<li>\n<p><strong>Incisiones<\/strong>: El cirujano realizar\u00e1 incisiones discretas en las mamas, normalmente en una de varias localizaciones: alrededor de la areola (incisi\u00f3n periareolar), bajo el pliegue mamario (incisi\u00f3n inframamaria) o en la axila (incisi\u00f3n transaxilar). La elecci\u00f3n del lugar de la incisi\u00f3n depender\u00e1 de factores como la anatom\u00eda de la paciente, el tipo de implante y el resultado deseado.<\/p>\n<\/li>\n<li>\n<p><strong>Colocaci\u00f3n del implante<\/strong>: Una vez realizadas las incisiones, el cirujano crear\u00e1 un bolsillo detr\u00e1s del tejido mamario (colocaci\u00f3n subglandular) o debajo del m\u00fasculo pectoral (colocaci\u00f3n submuscular) para alojar los implantes. La colocaci\u00f3n de los implantes depender\u00e1 de factores como la anatom\u00eda de la paciente, el tama\u00f1o del implante y el resultado deseado.<\/p>\n<\/li>\n<li>\n<p><strong>Inserci\u00f3n de los implantes<\/strong>: Los implantes se insertan cuidadosamente en los bolsillos creados por el cirujano, y su posici\u00f3n y alineaci\u00f3n se ajustan para conseguir la forma y simetr\u00eda mamarias deseadas.<\/p>\n<\/li>\n<li>\n<p><strong>Cierre<\/strong>: Una vez que los implantes est\u00e1n en su lugar, las incisiones se cierran con suturas, y los ap\u00f3sitos o vendajes necesarios se aplican para proteger los sitios quir\u00fargicos.<\/p>\n<\/li>\n<li>\n<p><strong>Recuperaci\u00f3n<\/strong>: Despu\u00e9s del procedimiento, los pacientes suelen experimentar algo de hinchaz\u00f3n, moretones y malestar, que puede ser manejado con medicamentos para el dolor y prendas de apoyo, tales como un sujetador quir\u00fargico. Es esencial seguir las instrucciones postoperatorias proporcionadas por el cirujano para facilitar la curaci\u00f3n adecuada y optimizar los resultados.<\/p>\n<\/li>\n<\/ol>\n\t\t\t\t\t\t\t\t<\/div>\n\t\t\t\t<\/div>\n\t\t\t\t<\/div>\n\t\t<div class=\"elementor-element elementor-element-1cd2b8e e-con-full e-flex e-con e-child\" data-id=\"1cd2b8e\" data-element_type=\"container\">\n\t\t\t\t<div class=\"elementor-element elementor-element-9d83911 elementor-widget elementor-widget-accordion\" data-id=\"9d83911\" data-element_type=\"widget\" data-widget_type=\"accordion.default\">\n\t\t\t\t<div class=\"elementor-widget-container\">\n\t\t\t\t\t\t\t<div class=\"elementor-accordion\">\n\t\t\t\t\t\t\t<div class=\"elementor-accordion-item\">\n\t\t\t\t\t<div id=\"elementor-tab-title-1651\" class=\"elementor-tab-title\" data-tab=\"1\" role=\"button\" aria-controls=\"elementor-tab-content-1651\" aria-expanded=\"false\">\n\t\t\t\t\t\t\t\t\t\t\t\t\t<span class=\"elementor-accordion-icon elementor-accordion-icon-left\" aria-hidden=\"true\">\n\t\t\t\t\t\t\t\t\t\t\t\t\t\t\t<span class=\"elementor-accordion-icon-closed\"><svg class=\"e-font-icon-svg e-fas-plus\" viewBox=\"0 0 448 512\" xmlns=\"http:\/\/www.w3.org\/2000\/svg\"><path d=\"M416 208H272V64c0-17.67-14.33-32-32-32h-32c-17.67 0-32 14.33-32 32v144H32c-17.67 0-32 14.33-32 32v32c0 17.67 14.33 32 32 32h144v144c0 17.67 14.33 32 32 32h32c17.67 0 32-14.33 32-32V304h144c17.67 0 32-14.33 32-32v-32c0-17.67-14.33-32-32-32z\"><\/path><\/svg><\/span>\n\t\t\t\t\t\t\t\t<span class=\"elementor-accordion-icon-opened\"><svg class=\"e-font-icon-svg e-fas-minus\" viewBox=\"0 0 448 512\" xmlns=\"http:\/\/www.w3.org\/2000\/svg\"><path d=\"M416 208H32c-17.67 0-32 14.33-32 32v32c0 17.67 14.33 32 32 32h384c17.67 0 32-14.33 32-32v-32c0-17.67-14.33-32-32-32z\"><\/path><\/svg><\/span>\n\t\t\t\t\t\t\t\t\t\t\t\t\t\t<\/span>\n\t\t\t\t\t\t\t\t\t\t\t\t<a class=\"elementor-accordion-title\" tabindex=\"0\">\u00bfDebo someterme a una operaci\u00f3n de aumento de pecho?<\/a>\n\t\t\t\t\t<\/div>\n\t\t\t\t\t<div id=\"elementor-tab-content-1651\" class=\"elementor-tab-content elementor-clearfix\" data-tab=\"1\" role=\"region\" aria-labelledby=\"elementor-tab-title-1651\"><p>Si su proporci\u00f3n cadera-pecho es problem\u00e1tica, si le cuesta elegir ropa\/trajes de ba\u00f1o y si el hecho de que sus pechos sean peque\u00f1os afecta a su vida social, S\u00cd, usted es una paciente adecuada para una \u00abCirug\u00eda de Aumento de Pechos\u00bb.<\/p>\n<\/div>\n\t\t\t\t<\/div>\n\t\t\t\t\t\t\t<div class=\"elementor-accordion-item\">\n\t\t\t\t\t<div id=\"elementor-tab-title-1652\" class=\"elementor-tab-title\" data-tab=\"2\" role=\"button\" aria-controls=\"elementor-tab-content-1652\" aria-expanded=\"false\">\n\t\t\t\t\t\t\t\t\t\t\t\t\t<span class=\"elementor-accordion-icon elementor-accordion-icon-left\" aria-hidden=\"true\">\n\t\t\t\t\t\t\t\t\t\t\t\t\t\t\t<span class=\"elementor-accordion-icon-closed\"><svg class=\"e-font-icon-svg e-fas-plus\" viewBox=\"0 0 448 512\" xmlns=\"http:\/\/www.w3.org\/2000\/svg\"><path d=\"M416 208H272V64c0-17.67-14.33-32-32-32h-32c-17.67 0-32 14.33-32 32v144H32c-17.67 0-32 14.33-32 32v32c0 17.67 14.33 32 32 32h144v144c0 17.67 14.33 32 32 32h32c17.67 0 32-14.33 32-32V304h144c17.67 0 32-14.33 32-32v-32c0-17.67-14.33-32-32-32z\"><\/path><\/svg><\/span>\n\t\t\t\t\t\t\t\t<span class=\"elementor-accordion-icon-opened\"><svg class=\"e-font-icon-svg e-fas-minus\" viewBox=\"0 0 448 512\" xmlns=\"http:\/\/www.w3.org\/2000\/svg\"><path d=\"M416 208H32c-17.67 0-32 14.33-32 32v32c0 17.67 14.33 32 32 32h384c17.67 0 32-14.33 32-32v-32c0-17.67-14.33-32-32-32z\"><\/path><\/svg><\/span>\n\t\t\t\t\t\t\t\t\t\t\t\t\t\t<\/span>\n\t\t\t\t\t\t\t\t\t\t\t\t<a class=\"elementor-accordion-title\" tabindex=\"0\">\u00bfA Qu\u00e9 Se Debe Prestar Atenci\u00f3n Antes De La Cirug\u00eda?<\/a>\n\t\t\t\t\t<\/div>\n\t\t\t\t\t<div id=\"elementor-tab-content-1652\" class=\"elementor-tab-content elementor-clearfix\" data-tab=\"2\" role=\"region\" aria-labelledby=\"elementor-tab-title-1652\"><p>Es mejor que compartas todas tus expectativas y preocupaciones con tu m\u00e9dico. Durante el examen, debe responder detalladamente a las preguntas que se le hagan sobre su estado general de salud e informar al m\u00e9dico sobre sus enfermedades anteriores y los medicamentos que toma.<\/p>\n<\/div>\n\t\t\t\t<\/div>\n\t\t\t\t\t\t\t<div class=\"elementor-accordion-item\">\n\t\t\t\t\t<div id=\"elementor-tab-title-1653\" class=\"elementor-tab-title\" data-tab=\"3\" role=\"button\" aria-controls=\"elementor-tab-content-1653\" aria-expanded=\"false\">\n\t\t\t\t\t\t\t\t\t\t\t\t\t<span class=\"elementor-accordion-icon elementor-accordion-icon-left\" aria-hidden=\"true\">\n\t\t\t\t\t\t\t\t\t\t\t\t\t\t\t<span class=\"elementor-accordion-icon-closed\"><svg class=\"e-font-icon-svg e-fas-plus\" viewBox=\"0 0 448 512\" xmlns=\"http:\/\/www.w3.org\/2000\/svg\"><path d=\"M416 208H272V64c0-17.67-14.33-32-32-32h-32c-17.67 0-32 14.33-32 32v144H32c-17.67 0-32 14.33-32 32v32c0 17.67 14.33 32 32 32h144v144c0 17.67 14.33 32 32 32h32c17.67 0 32-14.33 32-32V304h144c17.67 0 32-14.33 32-32v-32c0-17.67-14.33-32-32-32z\"><\/path><\/svg><\/span>\n\t\t\t\t\t\t\t\t<span class=\"elementor-accordion-icon-opened\"><svg class=\"e-font-icon-svg e-fas-minus\" viewBox=\"0 0 448 512\" xmlns=\"http:\/\/www.w3.org\/2000\/svg\"><path d=\"M416 208H32c-17.67 0-32 14.33-32 32v32c0 17.67 14.33 32 32 32h384c17.67 0 32-14.33 32-32v-32c0-17.67-14.33-32-32-32z\"><\/path><\/svg><\/span>\n\t\t\t\t\t\t\t\t\t\t\t\t\t\t<\/span>\n\t\t\t\t\t\t\t\t\t\t\t\t<a class=\"elementor-accordion-title\" tabindex=\"0\">\u00bfQu\u00e9 hay que saber sobre la anestesia?<\/a>\n\t\t\t\t\t<\/div>\n\t\t\t\t\t<div id=\"elementor-tab-content-1653\" class=\"elementor-tab-content elementor-clearfix\" data-tab=\"3\" role=\"region\" aria-labelledby=\"elementor-tab-title-1653\"><p>Ser\u00e1 examinada e informada por un m\u00e9dico anestesista antes de la operaci\u00f3n de aumento de mamas. Los medicamentos diluyentes de la sangre, las vitaminas y los factores que afectan a la anestesia, como el alcohol y el tabaco, deben suspenderse a partir de la fecha prevista por tu m\u00e9dico.<\/p>\n<\/div>\n\t\t\t\t<\/div>\n\t\t\t\t\t\t\t<div class=\"elementor-accordion-item\">\n\t\t\t\t\t<div id=\"elementor-tab-title-1654\" class=\"elementor-tab-title\" data-tab=\"4\" role=\"button\" aria-controls=\"elementor-tab-content-1654\" aria-expanded=\"false\">\n\t\t\t\t\t\t\t\t\t\t\t\t\t<span class=\"elementor-accordion-icon elementor-accordion-icon-left\" aria-hidden=\"true\">\n\t\t\t\t\t\t\t\t\t\t\t\t\t\t\t<span class=\"elementor-accordion-icon-closed\"><svg class=\"e-font-icon-svg e-fas-plus\" viewBox=\"0 0 448 512\" xmlns=\"http:\/\/www.w3.org\/2000\/svg\"><path d=\"M416 208H272V64c0-17.67-14.33-32-32-32h-32c-17.67 0-32 14.33-32 32v144H32c-17.67 0-32 14.33-32 32v32c0 17.67 14.33 32 32 32h144v144c0 17.67 14.33 32 32 32h32c17.67 0 32-14.33 32-32V304h144c17.67 0 32-14.33 32-32v-32c0-17.67-14.33-32-32-32z\"><\/path><\/svg><\/span>\n\t\t\t\t\t\t\t\t<span class=\"elementor-accordion-icon-opened\"><svg class=\"e-font-icon-svg e-fas-minus\" viewBox=\"0 0 448 512\" xmlns=\"http:\/\/www.w3.org\/2000\/svg\"><path d=\"M416 208H32c-17.67 0-32 14.33-32 32v32c0 17.67 14.33 32 32 32h384c17.67 0 32-14.33 32-32v-32c0-17.67-14.33-32-32-32z\"><\/path><\/svg><\/span>\n\t\t\t\t\t\t\t\t\t\t\t\t\t\t<\/span>\n\t\t\t\t\t\t\t\t\t\t\t\t<a class=\"elementor-accordion-title\" tabindex=\"0\">Per\u00edodo de regreso a la vida social despu\u00e9s de la cirug\u00eda<\/a>\n\t\t\t\t\t<\/div>\n\t\t\t\t\t<div id=\"elementor-tab-content-1654\" class=\"elementor-tab-content elementor-clearfix\" data-tab=\"4\" role=\"region\" aria-labelledby=\"elementor-tab-title-1654\"><p>En el per\u00edodo inicial del postoperatorio, puede tener un dolor leve, pero este per\u00edodo se pasa f\u00e1cilmente con analg\u00e9sicos prescritos en general. Los controles tienen lugar al tercer y s\u00e9ptimo d\u00eda. Deber\u00e1 utilizar un sujetador especial para usted durante 1 mes. Debe abstenerse de practicar deportes que requieran movimientos intensos de los brazos durante 2 meses.<\/p>\n<\/div>\n\t\t\t\t<\/div>\n\t\t\t\t\t\t\t\t<\/div>\n\t\t\t\t\t\t<\/div>\n\t\t\t\t<\/div>\n\t\t\t\t<div class=\"elementor-element elementor-element-326bc7c elementor-widget elementor-widget-text-editor\" data-id=\"326bc7c\" data-element_type=\"widget\" data-widget_type=\"text-editor.default\">\n\t\t\t\t<div class=\"elementor-widget-container\">\n\t\t\t\t\t\t\t\t\t<p>La cirug\u00eda de aumento mamario puede proporcionar mejoras significativas en el aspecto de los senos, realzando las proporciones corporales y devolviendo la confianza. Sin embargo, es fundamental consultar a un cirujano pl\u00e1stico certificado especializado en aumento mamario para garantizar el mejor resultado posible. Las instituciones de renombre con experiencia en cirug\u00eda de aumento mamario, como el <strong>Centro Est\u00e9tico de Estambul (IAC),<\/strong> pueden proporcionar una mayor garant\u00eda y tranquilidad durante su viaje hacia la consecuci\u00f3n del tama\u00f1o y la forma de los senos que desea.<\/p>\n\t\t\t\t\t\t\t\t<\/div>\n\t\t\t\t<\/div>\n\t\t\t\t<\/div>\n\t\t\t\t\t<\/div>\n\t\t\t\t<\/div>\n\t\t\t\t<\/div>\n\t\t","protected":false},"excerpt":{"rendered":"<p>\u00bfQu\u00e9 es la cirug\u00eda de aumento mamario? El aumento de mamas, tambi\u00e9n conocido como mamoplastia de aumento, es un procedimiento quir\u00fargico est\u00e9tico destinado a aumentar el tama\u00f1o, la plenitud y la proyecci\u00f3n de las mamas mediante implantes o t\u00e9cnicas de transferencia de grasa. Este procedimiento es a menudo buscado por las personas que desean pechos [&hellip;]<\/p>\n","protected":false},"author":1,"featured_media":0,"parent":16865,"menu_order":0,"comment_status":"closed","ping_status":"closed","template":"","meta":{"_themeisle_gutenberg_block_has_review":false,"footnotes":""},"class_list":["post-16898","page","type-page","status-publish","hentry"],"_links":{"self":[{"href":"http:\/\/www.istanbulaestheticcenter.com\/es\/wp-json\/wp\/v2\/pages\/16898","targetHints":{"allow":["GET"]}}],"collection":[{"href":"http:\/\/www.istanbulaestheticcenter.com\/es\/wp-json\/wp\/v2\/pages"}],"about":[{"href":"http:\/\/www.istanbulaestheticcenter.com\/es\/wp-json\/wp\/v2\/types\/page"}],"author":[{"embeddable":true,"href":"http:\/\/www.istanbulaestheticcenter.com\/es\/wp-json\/wp\/v2\/users\/1"}],"replies":[{"embeddable":true,"href":"http:\/\/www.istanbulaestheticcenter.com\/es\/wp-json\/wp\/v2\/comments?post=16898"}],"version-history":[{"count":1,"href":"http:\/\/www.istanbulaestheticcenter.com\/es\/wp-json\/wp\/v2\/pages\/16898\/revisions"}],"predecessor-version":[{"id":16899,"href":"http:\/\/www.istanbulaestheticcenter.com\/es\/wp-json\/wp\/v2\/pages\/16898\/revisions\/16899"}],"up":[{"embeddable":true,"href":"http:\/\/www.istanbulaestheticcenter.com\/es\/wp-json\/wp\/v2\/pages\/16865"}],"wp:attachment":[{"href":"http:\/\/www.istanbulaestheticcenter.com\/es\/wp-json\/wp\/v2\/media?parent=16898"}],"curies":[{"name":"wp","href":"https:\/\/api.w.org\/{rel}","templated":true}]}}