{"id":16773,"date":"2024-04-20T16:05:57","date_gmt":"2024-04-20T13:05:57","guid":{"rendered":"https:\/\/www.istanbulaestheticcenter.com\/cirugia-de-lifting-de-brazos\/"},"modified":"2024-10-31T12:23:08","modified_gmt":"2024-10-31T09:23:08","slug":"cirugia-de-lifting-de-brazos","status":"publish","type":"page","link":"http:\/\/www.istanbulaestheticcenter.com\/es\/estetica-corporal\/cirugia-de-lifting-de-brazos\/","title":{"rendered":"Cirug\u00eda de lifting de brazos"},"content":{"rendered":"\t\t<div data-elementor-type=\"wp-page\" data-elementor-id=\"16773\" class=\"elementor elementor-16773 elementor-13286\">\n\t\t\t\t<div class=\"elementor-element elementor-element-e9f0f8c e-flex e-con-boxed e-con e-parent\" data-id=\"e9f0f8c\" data-element_type=\"container\">\n\t\t\t\t\t<div class=\"e-con-inner\">\n\t\t<div class=\"elementor-element elementor-element-b0db3b0 e-flex e-con-boxed e-con e-child\" data-id=\"b0db3b0\" data-element_type=\"container\">\n\t\t\t\t\t<div class=\"e-con-inner\">\n\t\t\t\t<div class=\"elementor-element elementor-element-804ecd2 elementor-widget elementor-widget-image\" data-id=\"804ecd2\" data-element_type=\"widget\" data-widget_type=\"image.default\">\n\t\t\t\t<div class=\"elementor-widget-container\">\n\t\t\t\t\t\t\t\t\t\t\t\t\t\t\t<img fetchpriority=\"high\" decoding=\"async\" width=\"1024\" height=\"525\" src=\"http:\/\/www.istanbulaestheticcenter.com\/wp-content\/uploads\/2024\/04\/arm-lfting-1024x525.jpg\" class=\"attachment-large size-large wp-image-15946\" alt=\"\" srcset=\"http:\/\/www.istanbulaestheticcenter.com\/wp-content\/uploads\/2024\/04\/arm-lfting-1024x525.jpg 1024w, http:\/\/www.istanbulaestheticcenter.com\/wp-content\/uploads\/2024\/04\/arm-lfting-300x154.jpg 300w, http:\/\/www.istanbulaestheticcenter.com\/wp-content\/uploads\/2024\/04\/arm-lfting-768x394.jpg 768w, http:\/\/www.istanbulaestheticcenter.com\/wp-content\/uploads\/2024\/04\/arm-lfting-1000x513.jpg 1000w, http:\/\/www.istanbulaestheticcenter.com\/wp-content\/uploads\/2024\/04\/arm-lfting-1110x570.jpg 1110w, http:\/\/www.istanbulaestheticcenter.com\/wp-content\/uploads\/2024\/04\/arm-lfting.jpg 1120w\" sizes=\"(max-width: 1024px) 100vw, 1024px\" \/>\t\t\t\t\t\t\t\t\t\t\t\t\t\t\t<\/div>\n\t\t\t\t<\/div>\n\t\t\t\t\t<\/div>\n\t\t\t\t<\/div>\n\t\t\t\t\t<\/div>\n\t\t\t\t<\/div>\n\t\t<div class=\"elementor-element elementor-element-3f7c041 e-flex e-con-boxed e-con e-parent\" data-id=\"3f7c041\" data-element_type=\"container\">\n\t\t\t\t\t<div class=\"e-con-inner\">\n\t\t<div class=\"elementor-element elementor-element-50bb1f7 e-con-full e-flex e-con e-child\" data-id=\"50bb1f7\" data-element_type=\"container\">\n\t\t\t\t<div class=\"elementor-element elementor-element-1fc6a50 elementor-widget elementor-widget-heading\" data-id=\"1fc6a50\" data-element_type=\"widget\" data-widget_type=\"heading.default\">\n\t\t\t\t<div class=\"elementor-widget-container\">\n\t\t\t\t\t<h2 class=\"elementor-heading-title elementor-size-default\">\u00bfQu\u00e9 es la cirug\u00eda de lifting de brazos?<\/h2>\t\t\t\t<\/div>\n\t\t\t\t<\/div>\n\t\t\t\t<div class=\"elementor-element elementor-element-a63c1e5 elementor-widget elementor-widget-text-editor\" data-id=\"a63c1e5\" data-element_type=\"widget\" data-widget_type=\"text-editor.default\">\n\t\t\t\t<div class=\"elementor-widget-container\">\n\t\t\t\t\t\t\t\t\t<p>La cirug\u00eda de lifting de brazos, tambi\u00e9n conocida como braquioplastia, es un procedimiento quir\u00fargico est\u00e9tico destinado a remodelar la parte superior de los brazos mediante la eliminaci\u00f3n del exceso de piel y grasa, y el estiramiento de los tejidos de soporte subyacentes. Este procedimiento es a menudo buscado por las personas que han experimentado una p\u00e9rdida de peso significativa, el envejecimiento o la gen\u00e9tica que han dado lugar a la flacidez de la piel en la zona superior del brazo, a menudo conocido como \u00abalas de murci\u00e9lago\u00bb.<\/p>\n<p>A continuaci\u00f3n se ofrece una descripci\u00f3n general de c\u00f3mo se realiza normalmente la cirug\u00eda de lifting de brazos:<\/p>\n<ol>\n<li>\n<p><strong>Consulta<\/strong>: Antes del procedimiento, el paciente tendr\u00e1 una consulta con un cirujano pl\u00e1stico cualificado para discutir sus objetivos, expectativas e historial m\u00e9dico. El cirujano evaluar\u00e1 la anatom\u00eda de la parte superior del brazo del paciente, la elasticidad de la piel y el grado de laxitud para determinar el enfoque m\u00e1s adecuado para la braquioplastia.<\/p>\n<\/li>\n<li>\n<p><strong>Anestesia<\/strong>: La cirug\u00eda de lifting de brazos puede realizarse bajo anestesia general o anestesia local con sedaci\u00f3n, dependiendo de las preferencias del paciente y de la extensi\u00f3n del procedimiento.<\/p>\n<\/li>\n<li>\n<p><strong>Incisiones<\/strong>: El cirujano realizar\u00e1 incisiones discretas en la cara interna de la parte superior de los brazos, donde son menos visibles. La longitud y el patr\u00f3n de las incisiones depender\u00e1n de la cantidad de piel sobrante que deba eliminarse y del resultado deseado.<\/p>\n<\/li>\n<li>\n<p><strong>Extracci\u00f3n de tejido:<\/strong> Tras realizar las incisiones, el cirujano eliminar\u00e1 el exceso de piel y grasa de la parte superior de los brazos. En algunos casos, se puede recurrir a la liposucci\u00f3n para contornear a\u00fan m\u00e1s la zona y eliminar las bolsas de grasa rebeldes.<\/p>\n<\/li>\n<li>\n<p><strong>Estiramiento del tejido:<\/strong> Una vez eliminado el exceso de tejido, la piel restante se coloca cuidadosamente sobre el nuevo contorno del brazo y se tensa para crear un aspecto m\u00e1s terso y tonificado. Los tejidos de sost\u00e9n subyacentes tambi\u00e9n pueden tensarse para mejorar el contorno general de los brazos.<\/p>\n<\/li>\n<li>\n<p><strong>Cierre<\/strong>: Una vez conseguida la correcci\u00f3n deseada, se cierran las incisiones con suturas y se aplican los ap\u00f3sitos o vendajes necesarios para proteger las zonas operadas.<\/p>\n<\/li>\n<li>\n<p><strong>Recuperaci\u00f3n<\/strong>: Despu\u00e9s del procedimiento, los pacientes suelen experimentar algo de hinchaz\u00f3n, moretones y malestar, que puede ser manejado con analg\u00e9sicos y compresas fr\u00edas. Es esencial seguir las instrucciones postoperatorias proporcionadas por el cirujano para facilitar la curaci\u00f3n adecuada y optimizar los resultados.<\/p>\n<\/li>\n<\/ol>\n\t\t\t\t\t\t\t\t<\/div>\n\t\t\t\t<\/div>\n\t\t\t\t<\/div>\n\t\t<div class=\"elementor-element elementor-element-1cd2b8e e-con-full e-flex e-con e-child\" data-id=\"1cd2b8e\" data-element_type=\"container\">\n\t\t\t\t<div class=\"elementor-element elementor-element-9d83911 elementor-widget elementor-widget-accordion\" data-id=\"9d83911\" data-element_type=\"widget\" data-widget_type=\"accordion.default\">\n\t\t\t\t<div class=\"elementor-widget-container\">\n\t\t\t\t\t\t\t<div class=\"elementor-accordion\">\n\t\t\t\t\t\t\t<div class=\"elementor-accordion-item\">\n\t\t\t\t\t<div id=\"elementor-tab-title-1651\" class=\"elementor-tab-title\" data-tab=\"1\" role=\"button\" aria-controls=\"elementor-tab-content-1651\" aria-expanded=\"false\">\n\t\t\t\t\t\t\t\t\t\t\t\t\t<span class=\"elementor-accordion-icon elementor-accordion-icon-left\" aria-hidden=\"true\">\n\t\t\t\t\t\t\t\t\t\t\t\t\t\t\t<span class=\"elementor-accordion-icon-closed\"><svg class=\"e-font-icon-svg e-fas-plus\" viewBox=\"0 0 448 512\" xmlns=\"http:\/\/www.w3.org\/2000\/svg\"><path d=\"M416 208H272V64c0-17.67-14.33-32-32-32h-32c-17.67 0-32 14.33-32 32v144H32c-17.67 0-32 14.33-32 32v32c0 17.67 14.33 32 32 32h144v144c0 17.67 14.33 32 32 32h32c17.67 0 32-14.33 32-32V304h144c17.67 0 32-14.33 32-32v-32c0-17.67-14.33-32-32-32z\"><\/path><\/svg><\/span>\n\t\t\t\t\t\t\t\t<span class=\"elementor-accordion-icon-opened\"><svg class=\"e-font-icon-svg e-fas-minus\" viewBox=\"0 0 448 512\" xmlns=\"http:\/\/www.w3.org\/2000\/svg\"><path d=\"M416 208H32c-17.67 0-32 14.33-32 32v32c0 17.67 14.33 32 32 32h384c17.67 0 32-14.33 32-32v-32c0-17.67-14.33-32-32-32z\"><\/path><\/svg><\/span>\n\t\t\t\t\t\t\t\t\t\t\t\t\t\t<\/span>\n\t\t\t\t\t\t\t\t\t\t\t\t<a class=\"elementor-accordion-title\" tabindex=\"0\">\u00bfDeber\u00eda someterme a una cirug\u00eda de lifting de brazos?<\/a>\n\t\t\t\t\t<\/div>\n\t\t\t\t\t<div id=\"elementor-tab-content-1651\" class=\"elementor-tab-content elementor-clearfix\" data-tab=\"1\" role=\"region\" aria-labelledby=\"elementor-tab-title-1651\"><p>Si le molesta el aspecto ca\u00eddo de sus brazos, S\u00cd, puede someterse a una \u00abcirug\u00eda de lifting de brazos\u00bb.<\/p>\n<\/div>\n\t\t\t\t<\/div>\n\t\t\t\t\t\t\t<div class=\"elementor-accordion-item\">\n\t\t\t\t\t<div id=\"elementor-tab-title-1652\" class=\"elementor-tab-title\" data-tab=\"2\" role=\"button\" aria-controls=\"elementor-tab-content-1652\" aria-expanded=\"false\">\n\t\t\t\t\t\t\t\t\t\t\t\t\t<span class=\"elementor-accordion-icon elementor-accordion-icon-left\" aria-hidden=\"true\">\n\t\t\t\t\t\t\t\t\t\t\t\t\t\t\t<span class=\"elementor-accordion-icon-closed\"><svg class=\"e-font-icon-svg e-fas-plus\" viewBox=\"0 0 448 512\" xmlns=\"http:\/\/www.w3.org\/2000\/svg\"><path d=\"M416 208H272V64c0-17.67-14.33-32-32-32h-32c-17.67 0-32 14.33-32 32v144H32c-17.67 0-32 14.33-32 32v32c0 17.67 14.33 32 32 32h144v144c0 17.67 14.33 32 32 32h32c17.67 0 32-14.33 32-32V304h144c17.67 0 32-14.33 32-32v-32c0-17.67-14.33-32-32-32z\"><\/path><\/svg><\/span>\n\t\t\t\t\t\t\t\t<span class=\"elementor-accordion-icon-opened\"><svg class=\"e-font-icon-svg e-fas-minus\" viewBox=\"0 0 448 512\" xmlns=\"http:\/\/www.w3.org\/2000\/svg\"><path d=\"M416 208H32c-17.67 0-32 14.33-32 32v32c0 17.67 14.33 32 32 32h384c17.67 0 32-14.33 32-32v-32c0-17.67-14.33-32-32-32z\"><\/path><\/svg><\/span>\n\t\t\t\t\t\t\t\t\t\t\t\t\t\t<\/span>\n\t\t\t\t\t\t\t\t\t\t\t\t<a class=\"elementor-accordion-title\" tabindex=\"0\">\u00bfA Qu\u00e9 Se Debe Prestar Atenci\u00f3n Antes De La Cirug\u00eda?<\/a>\n\t\t\t\t\t<\/div>\n\t\t\t\t\t<div id=\"elementor-tab-content-1652\" class=\"elementor-tab-content elementor-clearfix\" data-tab=\"2\" role=\"region\" aria-labelledby=\"elementor-tab-title-1652\"><p>Es mejor que compartas todas tus expectativas y preocupaciones con tu m\u00e9dico. Durante la exploraci\u00f3n, debes responder detalladamente a las preguntas que te hagan sobre tu estado general de salud e informar al m\u00e9dico sobre tus enfermedades anteriores y los medicamentos que utilizabas y utilizas.<\/p>\n<\/div>\n\t\t\t\t<\/div>\n\t\t\t\t\t\t\t<div class=\"elementor-accordion-item\">\n\t\t\t\t\t<div id=\"elementor-tab-title-1653\" class=\"elementor-tab-title\" data-tab=\"3\" role=\"button\" aria-controls=\"elementor-tab-content-1653\" aria-expanded=\"false\">\n\t\t\t\t\t\t\t\t\t\t\t\t\t<span class=\"elementor-accordion-icon elementor-accordion-icon-left\" aria-hidden=\"true\">\n\t\t\t\t\t\t\t\t\t\t\t\t\t\t\t<span class=\"elementor-accordion-icon-closed\"><svg class=\"e-font-icon-svg e-fas-plus\" viewBox=\"0 0 448 512\" xmlns=\"http:\/\/www.w3.org\/2000\/svg\"><path d=\"M416 208H272V64c0-17.67-14.33-32-32-32h-32c-17.67 0-32 14.33-32 32v144H32c-17.67 0-32 14.33-32 32v32c0 17.67 14.33 32 32 32h144v144c0 17.67 14.33 32 32 32h32c17.67 0 32-14.33 32-32V304h144c17.67 0 32-14.33 32-32v-32c0-17.67-14.33-32-32-32z\"><\/path><\/svg><\/span>\n\t\t\t\t\t\t\t\t<span class=\"elementor-accordion-icon-opened\"><svg class=\"e-font-icon-svg e-fas-minus\" viewBox=\"0 0 448 512\" xmlns=\"http:\/\/www.w3.org\/2000\/svg\"><path d=\"M416 208H32c-17.67 0-32 14.33-32 32v32c0 17.67 14.33 32 32 32h384c17.67 0 32-14.33 32-32v-32c0-17.67-14.33-32-32-32z\"><\/path><\/svg><\/span>\n\t\t\t\t\t\t\t\t\t\t\t\t\t\t<\/span>\n\t\t\t\t\t\t\t\t\t\t\t\t<a class=\"elementor-accordion-title\" tabindex=\"0\">\u00bfC\u00f3mo se desarrolla la intervenci\u00f3n?<\/a>\n\t\t\t\t\t<\/div>\n\t\t\t\t\t<div id=\"elementor-tab-content-1653\" class=\"elementor-tab-content elementor-clearfix\" data-tab=\"3\" role=\"region\" aria-labelledby=\"elementor-tab-title-1653\"><p>La cirug\u00eda se realiza en nuestro hospital con sedaci\u00f3n y bajo anestesia general. La duraci\u00f3n aproximada de la cirug\u00eda puede variar entre 2-4 horas seg\u00fan el tipo de pr\u00e1ctica. Deber\u00e1 permanecer una noche en el hospital.<\/p>\n<\/div>\n\t\t\t\t<\/div>\n\t\t\t\t\t\t\t<div class=\"elementor-accordion-item\">\n\t\t\t\t\t<div id=\"elementor-tab-title-1654\" class=\"elementor-tab-title\" data-tab=\"4\" role=\"button\" aria-controls=\"elementor-tab-content-1654\" aria-expanded=\"false\">\n\t\t\t\t\t\t\t\t\t\t\t\t\t<span class=\"elementor-accordion-icon elementor-accordion-icon-left\" aria-hidden=\"true\">\n\t\t\t\t\t\t\t\t\t\t\t\t\t\t\t<span class=\"elementor-accordion-icon-closed\"><svg class=\"e-font-icon-svg e-fas-plus\" viewBox=\"0 0 448 512\" xmlns=\"http:\/\/www.w3.org\/2000\/svg\"><path d=\"M416 208H272V64c0-17.67-14.33-32-32-32h-32c-17.67 0-32 14.33-32 32v144H32c-17.67 0-32 14.33-32 32v32c0 17.67 14.33 32 32 32h144v144c0 17.67 14.33 32 32 32h32c17.67 0 32-14.33 32-32V304h144c17.67 0 32-14.33 32-32v-32c0-17.67-14.33-32-32-32z\"><\/path><\/svg><\/span>\n\t\t\t\t\t\t\t\t<span class=\"elementor-accordion-icon-opened\"><svg class=\"e-font-icon-svg e-fas-minus\" viewBox=\"0 0 448 512\" xmlns=\"http:\/\/www.w3.org\/2000\/svg\"><path d=\"M416 208H32c-17.67 0-32 14.33-32 32v32c0 17.67 14.33 32 32 32h384c17.67 0 32-14.33 32-32v-32c0-17.67-14.33-32-32-32z\"><\/path><\/svg><\/span>\n\t\t\t\t\t\t\t\t\t\t\t\t\t\t<\/span>\n\t\t\t\t\t\t\t\t\t\t\t\t<a class=\"elementor-accordion-title\" tabindex=\"0\">\u00bfQu\u00e9 hay que saber sobre la anestesia?<\/a>\n\t\t\t\t\t<\/div>\n\t\t\t\t\t<div id=\"elementor-tab-content-1654\" class=\"elementor-tab-content elementor-clearfix\" data-tab=\"4\" role=\"region\" aria-labelledby=\"elementor-tab-title-1654\"><p>Un anestesista lo examinar\u00e1 y le informar\u00e1 sobre la operaci\u00f3n de lifting de brazos antes del procedimiento. Debe suspender los medicamentos anticoagulantes, las vitaminas y los factores que afectan la anestesia, como el alcohol y el tabaco, a partir de la fecha programada por su m\u00e9dico.<\/p><\/div>\n\t\t\t\t<\/div>\n\t\t\t\t\t\t\t\t<\/div>\n\t\t\t\t\t\t<\/div>\n\t\t\t\t<\/div>\n\t\t\t\t<div class=\"elementor-element elementor-element-7499127 elementor-widget elementor-widget-image\" data-id=\"7499127\" data-element_type=\"widget\" data-widget_type=\"image.default\">\n\t\t\t\t<div class=\"elementor-widget-container\">\n\t\t\t\t\t\t\t\t\t\t\t\t\t\t\t<img decoding=\"async\" width=\"1024\" height=\"683\" src=\"http:\/\/www.istanbulaestheticcenter.com\/wp-content\/uploads\/2024\/04\/arm-lift-procedure-1024x683.jpeg\" class=\"attachment-large size-large wp-image-15939\" alt=\"\" srcset=\"http:\/\/www.istanbulaestheticcenter.com\/wp-content\/uploads\/2024\/04\/arm-lift-procedure-1024x683.jpeg 1024w, http:\/\/www.istanbulaestheticcenter.com\/wp-content\/uploads\/2024\/04\/arm-lift-procedure-300x200.jpeg 300w, http:\/\/www.istanbulaestheticcenter.com\/wp-content\/uploads\/2024\/04\/arm-lift-procedure-768x512.jpeg 768w, http:\/\/www.istanbulaestheticcenter.com\/wp-content\/uploads\/2024\/04\/arm-lift-procedure.jpeg 1254w\" sizes=\"(max-width: 1024px) 100vw, 1024px\" \/>\t\t\t\t\t\t\t\t\t\t\t\t\t\t\t<\/div>\n\t\t\t\t<\/div>\n\t\t\t\t<div class=\"elementor-element elementor-element-78e9b65 elementor-widget elementor-widget-text-editor\" data-id=\"78e9b65\" data-element_type=\"widget\" data-widget_type=\"text-editor.default\">\n\t\t\t\t<div class=\"elementor-widget-container\">\n\t\t\t\t\t\t\t\t\t<p>La cirug\u00eda de lifting de brazos puede proporcionar mejoras significativas en el aspecto de la parte superior de los brazos, devolviendo la confianza y permitiendo a las personas sentirse m\u00e1s c\u00f3modas vistiendo ropa sin mangas. Sin embargo, es fundamental consultar a un cirujano pl\u00e1stico certificado especializado en braquioplastia para garantizar el mejor resultado posible. Las instituciones de renombre con experiencia en cirug\u00eda de lifting de brazos, como el <strong>Istanbul Aesthetic Center (IAC)<\/strong>, pueden proporcionar una mayor garant\u00eda y tranquilidad durante su viaje hacia la consecuci\u00f3n de unos brazos m\u00e1s esculpidos y est\u00e9ticamente agradables.<\/p>\n\t\t\t\t\t\t\t\t<\/div>\n\t\t\t\t<\/div>\n\t\t\t\t<\/div>\n\t\t\t\t\t<\/div>\n\t\t\t\t<\/div>\n\t\t\t\t<\/div>\n\t\t","protected":false},"excerpt":{"rendered":"<p>\u00bfQu\u00e9 es la cirug\u00eda de lifting de brazos? La cirug\u00eda de lifting de brazos, tambi\u00e9n conocida como braquioplastia, es un procedimiento quir\u00fargico est\u00e9tico destinado a remodelar la parte superior de los brazos mediante la eliminaci\u00f3n del exceso de piel y grasa, y el estiramiento de los tejidos de soporte subyacentes. Este procedimiento es a menudo [&hellip;]<\/p>\n","protected":false},"author":1,"featured_media":0,"parent":16794,"menu_order":0,"comment_status":"closed","ping_status":"closed","template":"","meta":{"_themeisle_gutenberg_block_has_review":false,"footnotes":""},"class_list":["post-16773","page","type-page","status-publish","hentry"],"_links":{"self":[{"href":"http:\/\/www.istanbulaestheticcenter.com\/es\/wp-json\/wp\/v2\/pages\/16773","targetHints":{"allow":["GET"]}}],"collection":[{"href":"http:\/\/www.istanbulaestheticcenter.com\/es\/wp-json\/wp\/v2\/pages"}],"about":[{"href":"http:\/\/www.istanbulaestheticcenter.com\/es\/wp-json\/wp\/v2\/types\/page"}],"author":[{"embeddable":true,"href":"http:\/\/www.istanbulaestheticcenter.com\/es\/wp-json\/wp\/v2\/users\/1"}],"replies":[{"embeddable":true,"href":"http:\/\/www.istanbulaestheticcenter.com\/es\/wp-json\/wp\/v2\/comments?post=16773"}],"version-history":[{"count":4,"href":"http:\/\/www.istanbulaestheticcenter.com\/es\/wp-json\/wp\/v2\/pages\/16773\/revisions"}],"predecessor-version":[{"id":17642,"href":"http:\/\/www.istanbulaestheticcenter.com\/es\/wp-json\/wp\/v2\/pages\/16773\/revisions\/17642"}],"up":[{"embeddable":true,"href":"http:\/\/www.istanbulaestheticcenter.com\/es\/wp-json\/wp\/v2\/pages\/16794"}],"wp:attachment":[{"href":"http:\/\/www.istanbulaestheticcenter.com\/es\/wp-json\/wp\/v2\/media?parent=16773"}],"curies":[{"name":"wp","href":"https:\/\/api.w.org\/{rel}","templated":true}]}}