{"id":16723,"date":"2024-04-19T16:09:44","date_gmt":"2024-04-19T13:09:44","guid":{"rendered":"https:\/\/www.istanbulaestheticcenter.com\/trasplante-capilar-fue\/"},"modified":"2024-04-29T21:58:04","modified_gmt":"2024-04-29T18:58:04","slug":"trasplante-capilar-fue","status":"publish","type":"page","link":"http:\/\/www.istanbulaestheticcenter.com\/es\/trasplante-capilar-2\/trasplante-capilar-fue\/","title":{"rendered":"Trasplante capilar FUE"},"content":{"rendered":"\t\t<div data-elementor-type=\"wp-page\" data-elementor-id=\"16723\" class=\"elementor elementor-16723 elementor-13133\">\n\t\t\t\t<div class=\"elementor-element elementor-element-76cab1a e-grid e-con-boxed e-con e-parent\" data-id=\"76cab1a\" data-element_type=\"container\">\n\t\t\t\t\t<div class=\"e-con-inner\">\n\t\t\t\t<div class=\"elementor-element elementor-element-59a8eed elementor-widget elementor-widget-beforeafter\" data-id=\"59a8eed\" data-element_type=\"widget\" data-widget_type=\"beforeafter.default\">\n\t\t\t\t<div class=\"elementor-widget-container\">\n\t\t\t\t\t\n\n<style>\n  \n#nd_elements_beforeafter_component_757 img { float:left; width:100%; }\n\n#nd_elements_beforeafter_component_757 { \nfloat: left;\nwidth: 100% !important;\nmargin: 0px !important;\npadding: 0px !important;\nposition: relative;\n}\n\n#nd_elements_beforeafter_component_757 .ui-slider-range {\nbackground-image: url(\"http:\/\/www.istanbulaestheticcenter.com\/wp-content\/uploads\/2024\/04\/hair-male-before-v3.jpg\");\nbackground-color: #000;\nz-index: 9;\nposition: absolute;\nheight: 100%;\nbackground-repeat: no-repeat;\nbackground-size: cover;\n}\n\n#nd_elements_beforeafter_component_757 .ui-slider-handle {\nbackground-color: #000;\nwidth: 4px;\nposition: absolute;\nheight: 100%;\noutline: 0px;\ncursor: ew-resize;  \n}\n\n#nd_elements_beforeafter_component_757 .ui-slider-handle:after {\ncontent: \"\";\nwidth: 40px;\nheight: 40px;\nbackground-color: #ccc;\nposition: absolute;\ntop: 50%;\nmargin-top: -20px;\nmargin-left: -18px;\nz-index: 9;\nborder-radius: 100%;\nbackground-image:url(\"http:\/\/www.istanbulaestheticcenter.com\/wp-content\/uploads\/2022\/09\/arrows.png\");\nbackground-size: 30px;\nbackground-position: center;\nbackground-repeat: no-repeat;\n}\n\n<\/style>\n\n\n<script>\njQuery( function() {\n\njQuery( \"#nd_elements_beforeafter_component_757\" ).slider({\n  value: 50,\n  orientation: \"horizontal\",\n  range: \"min\",\n  animate: true\n});\n\n} );\n<\/script>\n\n\n<div class=\"nd_elements_section nd_elements_beforeafter_component\">\n\n\t<div class=\"nd_elements_section\">\n\t\t<div id=\"nd_elements_beforeafter_component_757\">\n\t\t\t<img decoding=\"async\" src=\"http:\/\/www.istanbulaestheticcenter.com\/wp-content\/uploads\/2024\/04\/hair-male-after-v3.jpg\">\n\t\t<\/div>\n\t<\/div>\n\t\n<\/div>\t\t\t\t<\/div>\n\t\t\t\t<\/div>\n\t\t\t\t<div class=\"elementor-element elementor-element-552775d elementor-widget elementor-widget-beforeafter\" data-id=\"552775d\" data-element_type=\"widget\" data-widget_type=\"beforeafter.default\">\n\t\t\t\t<div class=\"elementor-widget-container\">\n\t\t\t\t\t\n\n<style>\n  \n#nd_elements_beforeafter_component_633 img { float:left; width:100%; }\n\n#nd_elements_beforeafter_component_633 { \nfloat: left;\nwidth: 100% !important;\nmargin: 0px !important;\npadding: 0px !important;\nposition: relative;\n}\n\n#nd_elements_beforeafter_component_633 .ui-slider-range {\nbackground-image: url(\"http:\/\/www.istanbulaestheticcenter.com\/wp-content\/uploads\/2024\/04\/hair-male-before-v2.jpg\");\nbackground-color: #000;\nz-index: 9;\nposition: absolute;\nheight: 100%;\nbackground-repeat: no-repeat;\nbackground-size: cover;\n}\n\n#nd_elements_beforeafter_component_633 .ui-slider-handle {\nbackground-color: #000;\nwidth: 4px;\nposition: absolute;\nheight: 100%;\noutline: 0px;\ncursor: ew-resize;  \n}\n\n#nd_elements_beforeafter_component_633 .ui-slider-handle:after {\ncontent: \"\";\nwidth: 40px;\nheight: 40px;\nbackground-color: #ccc;\nposition: absolute;\ntop: 50%;\nmargin-top: -20px;\nmargin-left: -18px;\nz-index: 9;\nborder-radius: 100%;\nbackground-image:url(\"http:\/\/www.istanbulaestheticcenter.com\/wp-content\/uploads\/2022\/09\/arrows.png\");\nbackground-size: 30px;\nbackground-position: center;\nbackground-repeat: no-repeat;\n}\n\n<\/style>\n\n\n<script>\njQuery( function() {\n\njQuery( \"#nd_elements_beforeafter_component_633\" ).slider({\n  value: 50,\n  orientation: \"horizontal\",\n  range: \"min\",\n  animate: true\n});\n\n} );\n<\/script>\n\n\n<div class=\"nd_elements_section nd_elements_beforeafter_component\">\n\n\t<div class=\"nd_elements_section\">\n\t\t<div id=\"nd_elements_beforeafter_component_633\">\n\t\t\t<img decoding=\"async\" src=\"http:\/\/www.istanbulaestheticcenter.com\/wp-content\/uploads\/2024\/04\/hair-male-after-v2.jpg\">\n\t\t<\/div>\n\t<\/div>\n\t\n<\/div>\t\t\t\t<\/div>\n\t\t\t\t<\/div>\n\t\t\t\t\t<\/div>\n\t\t\t\t<\/div>\n\t\t<div class=\"elementor-element elementor-element-cbc25af e-flex e-con-boxed e-con e-parent\" data-id=\"cbc25af\" data-element_type=\"container\">\n\t\t\t\t\t<div class=\"e-con-inner\">\n\t\t<div class=\"elementor-element elementor-element-ecadbfc e-flex e-con-boxed e-con e-child\" data-id=\"ecadbfc\" data-element_type=\"container\">\n\t\t\t\t\t<div class=\"e-con-inner\">\n\t\t\t\t<div class=\"elementor-element elementor-element-cdabcd8 elementor-widget elementor-widget-heading\" data-id=\"cdabcd8\" data-element_type=\"widget\" data-widget_type=\"heading.default\">\n\t\t\t\t<div class=\"elementor-widget-container\">\n\t\t\t\t\t<h2 class=\"elementor-heading-title elementor-size-default\">Trasplante capilar FUE<\/h2>\t\t\t\t<\/div>\n\t\t\t\t<\/div>\n\t\t\t\t\t<\/div>\n\t\t\t\t<\/div>\n\t\t\t\t\t<\/div>\n\t\t\t\t<\/div>\n\t\t<div class=\"elementor-element elementor-element-02db0e2 e-flex e-con-boxed e-con e-parent\" data-id=\"02db0e2\" data-element_type=\"container\">\n\t\t\t\t\t<div class=\"e-con-inner\">\n\t\t\t\t<div class=\"elementor-element elementor-element-4b6ee33 elementor-widget elementor-widget-text-editor\" data-id=\"4b6ee33\" data-element_type=\"widget\" data-widget_type=\"text-editor.default\">\n\t\t\t\t<div class=\"elementor-widget-container\">\n\t\t\t\t\t\t\t\t\t<p>La extracci\u00f3n de unidades foliculares (FUE) es un m\u00e9todo de trasplante capilar utilizado para tratar la p\u00e9rdida de cabello o la calvicie. Se trata de un procedimiento quir\u00fargico m\u00ednimamente invasivo en el que se extraen fol\u00edculos pilosos individuales de una zona donante (normalmente la parte posterior o los laterales del cuero cabelludo) y se trasplantan a las zonas calvas o debilitadas.<\/p>\n\t\t\t\t\t\t\t\t<\/div>\n\t\t\t\t<\/div>\n\t\t\t\t\t<\/div>\n\t\t\t\t<\/div>\n\t\t<div class=\"elementor-element elementor-element-a93cd01 e-grid e-con-boxed e-con e-parent\" data-id=\"a93cd01\" data-element_type=\"container\">\n\t\t\t\t\t<div class=\"e-con-inner\">\n\t\t\t\t<div class=\"elementor-element elementor-element-2734692 elementor-widget elementor-widget-text-editor\" data-id=\"2734692\" data-element_type=\"widget\" data-widget_type=\"text-editor.default\">\n\t\t\t\t<div class=\"elementor-widget-container\">\n\t\t\t\t\t\t\t\t\t<p>A continuaci\u00f3n se explica c\u00f3mo funciona generalmente el procedimiento:<\/p>\n<ol>\n<li>\n<p><strong>Extracci\u00f3n<\/strong>: Los fol\u00edculos pilosos se extraen uno a uno de la zona donante mediante un instrumento especializado, normalmente un micropunz\u00f3n o un sistema robotizado. Estos fol\u00edculos suelen extraerse en sus agrupaciones naturales de 1-4 pelos, conocidas como unidades foliculares.<\/p>\n<\/li>\n<li>\n<p><strong>Preparaci\u00f3n de la zona donante<\/strong>: Una vez extra\u00eddos los fol\u00edculos, se realizan peque\u00f1os orificios en la zona receptora donde se trasplantar\u00e1 el cabello.<\/p>\n<\/li>\n<li>\n<p><strong>Trasplante<\/strong>: Los fol\u00edculos extra\u00eddos se implantan cuidadosamente en las zonas receptoras. El cirujano los coloca de manera que imiten el patr\u00f3n de crecimiento natural del cabello, garantizando un resultado de aspecto m\u00e1s natural.<\/p>\n<\/li>\n<li>\n<p><strong>Cicatrizaci\u00f3n<\/strong>: Tras la intervenci\u00f3n, tanto la zona donante como la receptora cicatrizar\u00e1n con el tiempo. El cabello trasplantado se desprende a las pocas semanas de la intervenci\u00f3n, pero el nuevo crecimiento suele comenzar al cabo de unos meses.<\/p>\n<\/li>\n<\/ol>\n\t\t\t\t\t\t\t\t<\/div>\n\t\t\t\t<\/div>\n\t\t\t\t<div class=\"elementor-element elementor-element-80056e6 elementor-widget elementor-widget-image\" data-id=\"80056e6\" data-element_type=\"widget\" data-widget_type=\"image.default\">\n\t\t\t\t<div class=\"elementor-widget-container\">\n\t\t\t\t\t\t\t\t\t\t\t\t\t\t\t<img fetchpriority=\"high\" decoding=\"async\" width=\"768\" height=\"768\" src=\"http:\/\/www.istanbulaestheticcenter.com\/wp-content\/uploads\/2024\/04\/fue-hair-768x768.jpg\" class=\"attachment-medium_large size-medium_large wp-image-15799\" alt=\"\" srcset=\"http:\/\/www.istanbulaestheticcenter.com\/wp-content\/uploads\/2024\/04\/fue-hair-768x768.jpg 768w, http:\/\/www.istanbulaestheticcenter.com\/wp-content\/uploads\/2024\/04\/fue-hair-300x300.jpg 300w, http:\/\/www.istanbulaestheticcenter.com\/wp-content\/uploads\/2024\/04\/fue-hair-150x150.jpg 150w, http:\/\/www.istanbulaestheticcenter.com\/wp-content\/uploads\/2024\/04\/fue-hair-720x720.jpg 720w, http:\/\/www.istanbulaestheticcenter.com\/wp-content\/uploads\/2024\/04\/elementor\/thumbs\/fue-hair-qmxwuf3e0kvhp4u9q8pnzc4jq4fhsthsaaoy413zgg.jpg 800w, http:\/\/www.istanbulaestheticcenter.com\/wp-content\/uploads\/2024\/04\/elementor\/thumbs\/fue-hair-qmxwuf3955pr947c2l8zj0r3krkz5smwr4c9if73c0.jpg 400w, http:\/\/www.istanbulaestheticcenter.com\/wp-content\/uploads\/2024\/04\/elementor\/thumbs\/fue-hair-qmxwuf3ad0i6v4d2hi45n3lgm3sltjummwxfntobd4.jpg 500w, http:\/\/www.istanbulaestheticcenter.com\/wp-content\/uploads\/2024\/04\/fue-hair.jpg 1024w\" sizes=\"(max-width: 768px) 100vw, 768px\" \/>\t\t\t\t\t\t\t\t\t\t\t\t\t\t\t<\/div>\n\t\t\t\t<\/div>\n\t\t\t\t\t<\/div>\n\t\t\t\t<\/div>\n\t\t<div class=\"elementor-element elementor-element-1a663d2 e-grid e-con-boxed e-con e-parent\" data-id=\"1a663d2\" data-element_type=\"container\">\n\t\t\t\t\t<div class=\"e-con-inner\">\n\t\t\t\t<div class=\"elementor-element elementor-element-27a77e2 elementor-widget elementor-widget-beforeafter\" data-id=\"27a77e2\" data-element_type=\"widget\" data-widget_type=\"beforeafter.default\">\n\t\t\t\t<div class=\"elementor-widget-container\">\n\t\t\t\t\t\n\n<style>\n  \n#nd_elements_beforeafter_component_428 img { float:left; width:100%; }\n\n#nd_elements_beforeafter_component_428 { \nfloat: left;\nwidth: 100% !important;\nmargin: 0px !important;\npadding: 0px !important;\nposition: relative;\n}\n\n#nd_elements_beforeafter_component_428 .ui-slider-range {\nbackground-image: url(\"http:\/\/www.istanbulaestheticcenter.com\/wp-content\/uploads\/2024\/04\/hair-male-before-v1.jpg\");\nbackground-color: #000;\nz-index: 9;\nposition: absolute;\nheight: 100%;\nbackground-repeat: no-repeat;\nbackground-size: cover;\n}\n\n#nd_elements_beforeafter_component_428 .ui-slider-handle {\nbackground-color: #000;\nwidth: 4px;\nposition: absolute;\nheight: 100%;\noutline: 0px;\ncursor: ew-resize;  \n}\n\n#nd_elements_beforeafter_component_428 .ui-slider-handle:after {\ncontent: \"\";\nwidth: 40px;\nheight: 40px;\nbackground-color: #ccc;\nposition: absolute;\ntop: 50%;\nmargin-top: -20px;\nmargin-left: -18px;\nz-index: 9;\nborder-radius: 100%;\nbackground-image:url(\"http:\/\/www.istanbulaestheticcenter.com\/wp-content\/uploads\/2022\/09\/arrows.png\");\nbackground-size: 30px;\nbackground-position: center;\nbackground-repeat: no-repeat;\n}\n\n<\/style>\n\n\n<script>\njQuery( function() {\n\njQuery( \"#nd_elements_beforeafter_component_428\" ).slider({\n  value: 50,\n  orientation: \"horizontal\",\n  range: \"min\",\n  animate: true\n});\n\n} );\n<\/script>\n\n\n<div class=\"nd_elements_section nd_elements_beforeafter_component\">\n\n\t<div class=\"nd_elements_section\">\n\t\t<div id=\"nd_elements_beforeafter_component_428\">\n\t\t\t<img decoding=\"async\" src=\"http:\/\/www.istanbulaestheticcenter.com\/wp-content\/uploads\/2024\/04\/hair-male-after-v1.jpg\">\n\t\t<\/div>\n\t<\/div>\n\t\n<\/div>\t\t\t\t<\/div>\n\t\t\t\t<\/div>\n\t\t<div class=\"elementor-element elementor-element-6bb1eee e-grid e-con-boxed e-con e-child\" data-id=\"6bb1eee\" data-element_type=\"container\">\n\t\t\t\t\t<div class=\"e-con-inner\">\n\t\t\t\t<div class=\"elementor-element elementor-element-dd72775 elementor-widget elementor-widget-text-editor\" data-id=\"dd72775\" data-element_type=\"widget\" data-widget_type=\"text-editor.default\">\n\t\t\t\t<div class=\"elementor-widget-container\">\n\t\t\t\t\t\t\t\t\t<p>La FUE tiene varias ventajas sobre los m\u00e9todos tradicionales de trasplante capilar, como el trasplante de unidades foliculares (FUT). No requiere una incisi\u00f3n lineal, lo que significa que no hay cicatriz lineal en la zona donante, por lo que es menos invasivo y permite una recuperaci\u00f3n m\u00e1s r\u00e1pida. Adem\u00e1s, la FUE permite la extracci\u00f3n de fol\u00edculos individuales, por lo que es adecuada para pacientes que tienen un n\u00famero limitado de donantes o que desean mantener el pelo muy corto.<\/p>\n<p>Sin embargo, es fundamental consultar a un cirujano cualificado y con experiencia especializado en procedimientos FUE para garantizar el mejor resultado posible. Acudir a una instituci\u00f3n de renombre con un historial de cirug\u00edas FUE exitosas, como el <strong> Centro Est\u00e9tico de Estambul (IAC)<\/strong>, puede proporcionar una mayor seguridad y tranquilidad.<\/p>\n\t\t\t\t\t\t\t\t<\/div>\n\t\t\t\t<\/div>\n\t\t\t\t<div class=\"elementor-element elementor-element-d7d8104 elementor-widget elementor-widget-text-editor\" data-id=\"d7d8104\" data-element_type=\"widget\" data-widget_type=\"text-editor.default\">\n\t\t\t\t<div class=\"elementor-widget-container\">\n\t\t\t\t\t\t\t\t\t<h4><strong>\u00bfCu\u00e1ndo puedo volver a mis actividades sociales despu\u00e9s de un trasplante capilar?<\/strong><\/h4>\n<p>Como se ha descrito anteriormente, el paciente puede esperar un poco de hinchaz\u00f3n leve alrededor de la zona trasplantada y la cara en las dos primeras semanas, que es en su mayor\u00eda indoloro pero inc\u00f3modo.<\/p>\n<p>5 d\u00edas despu\u00e9s del trasplante la hinchaz\u00f3n puede haber desaparecido y ya no ser\u00e1 visible para los dem\u00e1s. Dado que las peque\u00f1as costras de la zona receptora pueden disolverse al cabo de 10 d\u00edas, un periodo de dos semanas (14 d\u00edas laborables) despu\u00e9s de la intervenci\u00f3n ser\u00e1 el tiempo adecuado para reincorporarse a las actividades sociales.<\/p>\n\t\t\t\t\t\t\t\t<\/div>\n\t\t\t\t<\/div>\n\t\t\t\t\t<\/div>\n\t\t\t\t<\/div>\n\t\t\t\t\t<\/div>\n\t\t\t\t<\/div>\n\t\t\t\t<\/div>\n\t\t","protected":false},"excerpt":{"rendered":"<p>Trasplante capilar FUE La extracci\u00f3n de unidades foliculares (FUE) es un m\u00e9todo de trasplante capilar utilizado para tratar la p\u00e9rdida de cabello o la calvicie. Se trata de un procedimiento quir\u00fargico m\u00ednimamente invasivo en el que se extraen fol\u00edculos pilosos individuales de una zona donante (normalmente la parte posterior o los laterales del cuero cabelludo) [&hellip;]<\/p>\n","protected":false},"author":1,"featured_media":0,"parent":16951,"menu_order":0,"comment_status":"closed","ping_status":"closed","template":"","meta":{"_themeisle_gutenberg_block_has_review":false,"footnotes":""},"class_list":["post-16723","page","type-page","status-publish","hentry"],"_links":{"self":[{"href":"http:\/\/www.istanbulaestheticcenter.com\/es\/wp-json\/wp\/v2\/pages\/16723","targetHints":{"allow":["GET"]}}],"collection":[{"href":"http:\/\/www.istanbulaestheticcenter.com\/es\/wp-json\/wp\/v2\/pages"}],"about":[{"href":"http:\/\/www.istanbulaestheticcenter.com\/es\/wp-json\/wp\/v2\/types\/page"}],"author":[{"embeddable":true,"href":"http:\/\/www.istanbulaestheticcenter.com\/es\/wp-json\/wp\/v2\/users\/1"}],"replies":[{"embeddable":true,"href":"http:\/\/www.istanbulaestheticcenter.com\/es\/wp-json\/wp\/v2\/comments?post=16723"}],"version-history":[{"count":1,"href":"http:\/\/www.istanbulaestheticcenter.com\/es\/wp-json\/wp\/v2\/pages\/16723\/revisions"}],"predecessor-version":[{"id":16724,"href":"http:\/\/www.istanbulaestheticcenter.com\/es\/wp-json\/wp\/v2\/pages\/16723\/revisions\/16724"}],"up":[{"embeddable":true,"href":"http:\/\/www.istanbulaestheticcenter.com\/es\/wp-json\/wp\/v2\/pages\/16951"}],"wp:attachment":[{"href":"http:\/\/www.istanbulaestheticcenter.com\/es\/wp-json\/wp\/v2\/media?parent=16723"}],"curies":[{"name":"wp","href":"https:\/\/api.w.org\/{rel}","templated":true}]}}