{"id":16689,"date":"2024-04-19T16:49:11","date_gmt":"2024-04-19T13:49:11","guid":{"rendered":"https:\/\/www.istanbulaestheticcenter.com\/trasplante-capilar-sapphire-fue\/"},"modified":"2024-04-29T21:58:04","modified_gmt":"2024-04-29T18:58:04","slug":"trasplante-capilar-sapphire-fue","status":"publish","type":"page","link":"http:\/\/www.istanbulaestheticcenter.com\/es\/trasplante-capilar-2\/trasplante-capilar-sapphire-fue\/","title":{"rendered":"Trasplante capilar Sapphire FUE"},"content":{"rendered":"\t\t<div data-elementor-type=\"wp-page\" data-elementor-id=\"16689\" class=\"elementor elementor-16689 elementor-13169\">\n\t\t\t\t<div class=\"elementor-element elementor-element-fe95cfc e-flex e-con-boxed e-con e-parent\" data-id=\"fe95cfc\" data-element_type=\"container\">\n\t\t\t\t\t<div class=\"e-con-inner\">\n\t\t\t\t<div class=\"elementor-element elementor-element-d1094a1 elementor-widget elementor-widget-image\" data-id=\"d1094a1\" data-element_type=\"widget\" data-widget_type=\"image.default\">\n\t\t\t\t<div class=\"elementor-widget-container\">\n\t\t\t\t\t\t\t\t\t\t\t\t\t\t\t<img fetchpriority=\"high\" decoding=\"async\" width=\"1024\" height=\"525\" src=\"http:\/\/www.istanbulaestheticcenter.com\/wp-content\/uploads\/2024\/04\/sapphire-fue-hair-1024x525.jpg\" class=\"attachment-large size-large wp-image-15883\" alt=\"\" srcset=\"http:\/\/www.istanbulaestheticcenter.com\/wp-content\/uploads\/2024\/04\/sapphire-fue-hair-1024x525.jpg 1024w, http:\/\/www.istanbulaestheticcenter.com\/wp-content\/uploads\/2024\/04\/sapphire-fue-hair-300x154.jpg 300w, http:\/\/www.istanbulaestheticcenter.com\/wp-content\/uploads\/2024\/04\/sapphire-fue-hair-768x394.jpg 768w, http:\/\/www.istanbulaestheticcenter.com\/wp-content\/uploads\/2024\/04\/sapphire-fue-hair-1000x513.jpg 1000w, http:\/\/www.istanbulaestheticcenter.com\/wp-content\/uploads\/2024\/04\/sapphire-fue-hair-1110x570.jpg 1110w, http:\/\/www.istanbulaestheticcenter.com\/wp-content\/uploads\/2024\/04\/sapphire-fue-hair.jpg 1120w\" sizes=\"(max-width: 1024px) 100vw, 1024px\" \/>\t\t\t\t\t\t\t\t\t\t\t\t\t\t\t<\/div>\n\t\t\t\t<\/div>\n\t\t\t\t\t<\/div>\n\t\t\t\t<\/div>\n\t\t<div class=\"elementor-element elementor-element-cbc25af e-flex e-con-boxed e-con e-parent\" data-id=\"cbc25af\" data-element_type=\"container\">\n\t\t\t\t\t<div class=\"e-con-inner\">\n\t\t<div class=\"elementor-element elementor-element-ecadbfc e-flex e-con-boxed e-con e-child\" data-id=\"ecadbfc\" data-element_type=\"container\">\n\t\t\t\t\t<div class=\"e-con-inner\">\n\t\t\t\t<div class=\"elementor-element elementor-element-cdabcd8 elementor-widget elementor-widget-heading\" data-id=\"cdabcd8\" data-element_type=\"widget\" data-widget_type=\"heading.default\">\n\t\t\t\t<div class=\"elementor-widget-container\">\n\t\t\t\t\t<h2 class=\"elementor-heading-title elementor-size-default\">Trasplante capilar Sapphire FUE<\/h2>\t\t\t\t<\/div>\n\t\t\t\t<\/div>\n\t\t\t\t\t<\/div>\n\t\t\t\t<\/div>\n\t\t\t\t\t<\/div>\n\t\t\t\t<\/div>\n\t\t<div class=\"elementor-element elementor-element-02db0e2 e-flex e-con-boxed e-con e-parent\" data-id=\"02db0e2\" data-element_type=\"container\">\n\t\t\t\t\t<div class=\"e-con-inner\">\n\t\t\t\t<div class=\"elementor-element elementor-element-4b6ee33 elementor-widget elementor-widget-text-editor\" data-id=\"4b6ee33\" data-element_type=\"widget\" data-widget_type=\"text-editor.default\">\n\t\t\t\t<div class=\"elementor-widget-container\">\n\t\t\t\t\t\t\t\t\t<p>El trasplante capilar FUE (extracci\u00f3n de unidades foliculares) con zafiro es una variaci\u00f3n del m\u00e9todo FUE tradicional que utiliza cuchillas de zafiro en lugar de cuchillas o agujas de acero para crear zonas receptoras en el cuero cabelludo durante el proceso de trasplante.<\/p>\n\t\t\t\t\t\t\t\t<\/div>\n\t\t\t\t<\/div>\n\t\t\t\t\t<\/div>\n\t\t\t\t<\/div>\n\t\t<div class=\"elementor-element elementor-element-a93cd01 e-grid e-con-boxed e-con e-parent\" data-id=\"a93cd01\" data-element_type=\"container\">\n\t\t\t\t\t<div class=\"e-con-inner\">\n\t\t\t\t<div class=\"elementor-element elementor-element-2734692 elementor-widget elementor-widget-text-editor\" data-id=\"2734692\" data-element_type=\"widget\" data-widget_type=\"text-editor.default\">\n\t\t\t\t<div class=\"elementor-widget-container\">\n\t\t\t\t\t\t\t\t\t<p>A continuaci\u00f3n se explica c\u00f3mo funciona normalmente el FUE de zafiro:<\/p>\n<ol>\n<li>\n<p><strong>Extracci\u00f3n de fol\u00edculos pilosos: <\/strong> Al igual que en los procedimientos FUE convencionales, los fol\u00edculos pilosos individuales se extraen de la zona donante del cuero cabelludo, normalmente la parte posterior o los laterales, utilizando herramientas especializadas como micropunzones o sistemas rob\u00f3ticos.<\/p>\n<\/li>\n<li>\n<p><strong>Creaci\u00f3n de la zona receptora<\/strong>: En la FUE Sapphire, en lugar de utilizar cuchillas o agujas de acero, el cirujano utiliza cuchillas hechas de cristales de zafiro para crear las zonas receptoras donde se trasplantar\u00e1n los fol\u00edculos pilosos extra\u00eddos. Estas cuchillas de zafiro son extremadamente afiladas y pueden crear incisiones precisas y limpias con un trauma m\u00ednimo en el cuero cabelludo.<\/p>\n<\/li>\n<li>\n<p><strong>Trasplante<\/strong>: Una vez creados los sitios receptores, los fol\u00edculos pilosos extra\u00eddos se implantan cuidadosamente en estos sitios, imitando el patr\u00f3n de crecimiento natural del cabello para lograr un resultado de aspecto m\u00e1s natural.<\/p>\n<\/li>\n<\/ol>\n\t\t\t\t\t\t\t\t<\/div>\n\t\t\t\t<\/div>\n\t\t\t\t<div class=\"elementor-element elementor-element-80056e6 elementor-widget elementor-widget-image\" data-id=\"80056e6\" data-element_type=\"widget\" data-widget_type=\"image.default\">\n\t\t\t\t<div class=\"elementor-widget-container\">\n\t\t\t\t\t\t\t\t\t\t\t\t\t\t\t<img decoding=\"async\" width=\"768\" height=\"768\" src=\"http:\/\/www.istanbulaestheticcenter.com\/wp-content\/uploads\/2024\/04\/fue-hair-768x768.jpg\" class=\"attachment-medium_large size-medium_large wp-image-15799\" alt=\"\" srcset=\"http:\/\/www.istanbulaestheticcenter.com\/wp-content\/uploads\/2024\/04\/fue-hair-768x768.jpg 768w, http:\/\/www.istanbulaestheticcenter.com\/wp-content\/uploads\/2024\/04\/fue-hair-300x300.jpg 300w, http:\/\/www.istanbulaestheticcenter.com\/wp-content\/uploads\/2024\/04\/fue-hair-150x150.jpg 150w, http:\/\/www.istanbulaestheticcenter.com\/wp-content\/uploads\/2024\/04\/fue-hair-720x720.jpg 720w, http:\/\/www.istanbulaestheticcenter.com\/wp-content\/uploads\/2024\/04\/elementor\/thumbs\/fue-hair-qmxwuf3e0kvhp4u9q8pnzc4jq4fhsthsaaoy413zgg.jpg 800w, http:\/\/www.istanbulaestheticcenter.com\/wp-content\/uploads\/2024\/04\/elementor\/thumbs\/fue-hair-qmxwuf3955pr947c2l8zj0r3krkz5smwr4c9if73c0.jpg 400w, http:\/\/www.istanbulaestheticcenter.com\/wp-content\/uploads\/2024\/04\/elementor\/thumbs\/fue-hair-qmxwuf3ad0i6v4d2hi45n3lgm3sltjummwxfntobd4.jpg 500w, http:\/\/www.istanbulaestheticcenter.com\/wp-content\/uploads\/2024\/04\/fue-hair.jpg 1024w\" sizes=\"(max-width: 768px) 100vw, 768px\" \/>\t\t\t\t\t\t\t\t\t\t\t\t\t\t\t<\/div>\n\t\t\t\t<\/div>\n\t\t\t\t\t<\/div>\n\t\t\t\t<\/div>\n\t\t<div class=\"elementor-element elementor-element-1a663d2 e-grid e-con-boxed e-con e-parent\" data-id=\"1a663d2\" data-element_type=\"container\">\n\t\t\t\t\t<div class=\"e-con-inner\">\n\t\t\t\t<div class=\"elementor-element elementor-element-27a77e2 elementor-widget elementor-widget-beforeafter\" data-id=\"27a77e2\" data-element_type=\"widget\" data-widget_type=\"beforeafter.default\">\n\t\t\t\t<div class=\"elementor-widget-container\">\n\t\t\t\t\t\n\n<style>\n  \n#nd_elements_beforeafter_component_169 img { float:left; width:100%; }\n\n#nd_elements_beforeafter_component_169 { \nfloat: left;\nwidth: 100% !important;\nmargin: 0px !important;\npadding: 0px !important;\nposition: relative;\n}\n\n#nd_elements_beforeafter_component_169 .ui-slider-range {\nbackground-image: url(\"http:\/\/www.istanbulaestheticcenter.com\/wp-content\/uploads\/2024\/04\/hair-male-before-v1.jpg\");\nbackground-color: #000;\nz-index: 9;\nposition: absolute;\nheight: 100%;\nbackground-repeat: no-repeat;\nbackground-size: cover;\n}\n\n#nd_elements_beforeafter_component_169 .ui-slider-handle {\nbackground-color: #000;\nwidth: 4px;\nposition: absolute;\nheight: 100%;\noutline: 0px;\ncursor: ew-resize;  \n}\n\n#nd_elements_beforeafter_component_169 .ui-slider-handle:after {\ncontent: \"\";\nwidth: 40px;\nheight: 40px;\nbackground-color: #ccc;\nposition: absolute;\ntop: 50%;\nmargin-top: -20px;\nmargin-left: -18px;\nz-index: 9;\nborder-radius: 100%;\nbackground-image:url(\"http:\/\/www.istanbulaestheticcenter.com\/wp-content\/uploads\/2022\/09\/arrows.png\");\nbackground-size: 30px;\nbackground-position: center;\nbackground-repeat: no-repeat;\n}\n\n<\/style>\n\n\n<script>\njQuery( function() {\n\njQuery( \"#nd_elements_beforeafter_component_169\" ).slider({\n  value: 50,\n  orientation: \"horizontal\",\n  range: \"min\",\n  animate: true\n});\n\n} );\n<\/script>\n\n\n<div class=\"nd_elements_section nd_elements_beforeafter_component\">\n\n\t<div class=\"nd_elements_section\">\n\t\t<div id=\"nd_elements_beforeafter_component_169\">\n\t\t\t<img decoding=\"async\" src=\"http:\/\/www.istanbulaestheticcenter.com\/wp-content\/uploads\/2024\/04\/hair-male-after-v1.jpg\">\n\t\t<\/div>\n\t<\/div>\n\t\n<\/div>\t\t\t\t<\/div>\n\t\t\t\t<\/div>\n\t\t<div class=\"elementor-element elementor-element-6bb1eee e-flex e-con-boxed e-con e-child\" data-id=\"6bb1eee\" data-element_type=\"container\">\n\t\t\t\t\t<div class=\"e-con-inner\">\n\t\t\t\t<div class=\"elementor-element elementor-element-dd72775 elementor-widget elementor-widget-text-editor\" data-id=\"dd72775\" data-element_type=\"widget\" data-widget_type=\"text-editor.default\">\n\t\t\t\t<div class=\"elementor-widget-container\">\n\t\t\t\t\t\t\t\t\t<p>La t\u00e9cnica Sapphire FUE suele promocionarse por sus posibles ventajas frente a las t\u00e9cnicas FUE tradicionales:<\/p>\n<ul>\n<li>\n<p><strong>Precisi\u00f3n<\/strong>: El filo de las cuchillas de zafiro permite incisiones m\u00e1s precisas y refinadas, lo que conlleva un control potencialmente mejor sobre el \u00e1ngulo, la direcci\u00f3n y la profundidad de los fol\u00edculos implantados.<\/p>\n<\/li>\n<li>\n<p><strong>Reducci\u00f3n de traumatismos<\/strong>: El uso de cuchillas de zafiro puede provocar menos traumatismos en el cuero cabelludo en comparaci\u00f3n con las cuchillas o agujas de acero, lo que puede acelerar la cicatrizaci\u00f3n y reducir el riesgo de complicaciones como las cicatrices.<\/p>\n<\/li>\n<li>\n<p><strong>Resultados naturales<\/strong>: Los defensores de la FUE de zafiro sugieren que el uso de cuchillas de zafiro puede dar lugar a l\u00edneas de cabello de aspecto m\u00e1s natural y resultados est\u00e9ticos en general.<\/p>\n<\/li>\n<\/ul>\n\t\t\t\t\t\t\t\t<\/div>\n\t\t\t\t<\/div>\n\t\t\t\t<div class=\"elementor-element elementor-element-d7d8104 elementor-widget elementor-widget-text-editor\" data-id=\"d7d8104\" data-element_type=\"widget\" data-widget_type=\"text-editor.default\">\n\t\t\t\t<div class=\"elementor-widget-container\">\n\t\t\t\t\t\t\t\t\t<p>Sin embargo, es importante tener en cuenta que el \u00e9xito de cualquier procedimiento de trasplante capilar depende de varios factores, entre ellos la habilidad y experiencia del equipo quir\u00fargico. <strong>IAC (Istanbul Aesthetic Center)<\/strong> es reconocido por su experiencia en el trasplante capilar. Consultar con un equipo cualificado y experimentado en un centro acreditado como el IAC puede ayudarle a garantizar el mejor resultado posible para sus necesidades espec\u00edficas.<\/p>\n\t\t\t\t\t\t\t\t<\/div>\n\t\t\t\t<\/div>\n\t\t\t\t\t<\/div>\n\t\t\t\t<\/div>\n\t\t\t\t\t<\/div>\n\t\t\t\t<\/div>\n\t\t\t\t<\/div>\n\t\t","protected":false},"excerpt":{"rendered":"<p>Trasplante capilar Sapphire FUE El trasplante capilar FUE (extracci\u00f3n de unidades foliculares) con zafiro es una variaci\u00f3n del m\u00e9todo FUE tradicional que utiliza cuchillas de zafiro en lugar de cuchillas o agujas de acero para crear zonas receptoras en el cuero cabelludo durante el proceso de trasplante. A continuaci\u00f3n se explica c\u00f3mo funciona normalmente el [&hellip;]<\/p>\n","protected":false},"author":1,"featured_media":0,"parent":16951,"menu_order":0,"comment_status":"closed","ping_status":"closed","template":"","meta":{"_themeisle_gutenberg_block_has_review":false,"footnotes":""},"class_list":["post-16689","page","type-page","status-publish","hentry"],"_links":{"self":[{"href":"http:\/\/www.istanbulaestheticcenter.com\/es\/wp-json\/wp\/v2\/pages\/16689","targetHints":{"allow":["GET"]}}],"collection":[{"href":"http:\/\/www.istanbulaestheticcenter.com\/es\/wp-json\/wp\/v2\/pages"}],"about":[{"href":"http:\/\/www.istanbulaestheticcenter.com\/es\/wp-json\/wp\/v2\/types\/page"}],"author":[{"embeddable":true,"href":"http:\/\/www.istanbulaestheticcenter.com\/es\/wp-json\/wp\/v2\/users\/1"}],"replies":[{"embeddable":true,"href":"http:\/\/www.istanbulaestheticcenter.com\/es\/wp-json\/wp\/v2\/comments?post=16689"}],"version-history":[{"count":1,"href":"http:\/\/www.istanbulaestheticcenter.com\/es\/wp-json\/wp\/v2\/pages\/16689\/revisions"}],"predecessor-version":[{"id":16690,"href":"http:\/\/www.istanbulaestheticcenter.com\/es\/wp-json\/wp\/v2\/pages\/16689\/revisions\/16690"}],"up":[{"embeddable":true,"href":"http:\/\/www.istanbulaestheticcenter.com\/es\/wp-json\/wp\/v2\/pages\/16951"}],"wp:attachment":[{"href":"http:\/\/www.istanbulaestheticcenter.com\/es\/wp-json\/wp\/v2\/media?parent=16689"}],"curies":[{"name":"wp","href":"https:\/\/api.w.org\/{rel}","templated":true}]}}