{"id":16663,"date":"2024-04-20T16:48:24","date_gmt":"2024-04-20T13:48:24","guid":{"rendered":"https:\/\/www.istanbulaestheticcenter.com\/aplicaciones-del-circonio\/"},"modified":"2024-07-09T14:45:00","modified_gmt":"2024-07-09T11:45:00","slug":"aplicaciones-del-circonio","status":"publish","type":"page","link":"http:\/\/www.istanbulaestheticcenter.com\/es\/odontologia\/aplicaciones-del-circonio\/","title":{"rendered":"Aplicaciones del circonio"},"content":{"rendered":"\t\t<div data-elementor-type=\"wp-page\" data-elementor-id=\"16663\" class=\"elementor elementor-16663 elementor-13385\">\n\t\t\t\t<div class=\"elementor-element elementor-element-ee66649 e-flex e-con-boxed e-con e-parent\" data-id=\"ee66649\" data-element_type=\"container\">\n\t\t\t\t\t<div class=\"e-con-inner\">\n\t\t\t\t<div class=\"elementor-element elementor-element-b312b8a elementor-widget elementor-widget-image\" data-id=\"b312b8a\" data-element_type=\"widget\" data-widget_type=\"image.default\">\n\t\t\t\t<div class=\"elementor-widget-container\">\n\t\t\t\t\t\t\t\t\t\t\t\t\t\t\t<img fetchpriority=\"high\" decoding=\"async\" width=\"1024\" height=\"525\" src=\"http:\/\/www.istanbulaestheticcenter.com\/wp-content\/uploads\/2024\/04\/zirconium-1024x525.jpg\" class=\"attachment-large size-large wp-image-16240\" alt=\"\" srcset=\"http:\/\/www.istanbulaestheticcenter.com\/wp-content\/uploads\/2024\/04\/zirconium-1024x525.jpg 1024w, http:\/\/www.istanbulaestheticcenter.com\/wp-content\/uploads\/2024\/04\/zirconium-300x154.jpg 300w, http:\/\/www.istanbulaestheticcenter.com\/wp-content\/uploads\/2024\/04\/zirconium-768x394.jpg 768w, http:\/\/www.istanbulaestheticcenter.com\/wp-content\/uploads\/2024\/04\/zirconium-1000x513.jpg 1000w, http:\/\/www.istanbulaestheticcenter.com\/wp-content\/uploads\/2024\/04\/zirconium-1110x570.jpg 1110w, http:\/\/www.istanbulaestheticcenter.com\/wp-content\/uploads\/2024\/04\/zirconium.jpg 1120w\" sizes=\"(max-width: 1024px) 100vw, 1024px\" \/>\t\t\t\t\t\t\t\t\t\t\t\t\t\t\t<\/div>\n\t\t\t\t<\/div>\n\t\t\t\t\t<\/div>\n\t\t\t\t<\/div>\n\t\t<div class=\"elementor-element elementor-element-fb34814 e-flex e-con-boxed e-con e-parent\" data-id=\"fb34814\" data-element_type=\"container\">\n\t\t\t\t\t<div class=\"e-con-inner\">\n\t\t\t\t<div class=\"elementor-element elementor-element-e9d6fb1 elementor-widget elementor-widget-heading\" data-id=\"e9d6fb1\" data-element_type=\"widget\" data-widget_type=\"heading.default\">\n\t\t\t\t<div class=\"elementor-widget-container\">\n\t\t\t\t\t<h2 class=\"elementor-heading-title elementor-size-default\">\u00bfQu\u00e9 es la aplicaci\u00f3n del circonio?<\/h2>\t\t\t\t<\/div>\n\t\t\t\t<\/div>\n\t\t\t\t\t<\/div>\n\t\t\t\t<\/div>\n\t\t<div class=\"elementor-element elementor-element-8c68e51 e-flex e-con-boxed e-con e-parent\" data-id=\"8c68e51\" data-element_type=\"container\">\n\t\t\t\t\t<div class=\"e-con-inner\">\n\t\t\t\t<div class=\"elementor-element elementor-element-5435496 elementor-widget elementor-widget-text-editor\" data-id=\"5435496\" data-element_type=\"widget\" data-widget_type=\"text-editor.default\">\n\t\t\t\t<div class=\"elementor-widget-container\">\n\t\t\t\t\t\t\t\t\t<p>La aplicaci\u00f3n del circonio, espec\u00edficamente en el contexto de la odontolog\u00eda, se refiere normalmente al uso de materiales a base de circonio en restauraciones dentales como coronas, puentes e implantes dentales. El di\u00f3xido de circonio (ZrO2), com\u00fanmente conocido como circonio, es un material cer\u00e1mico biocompatible que se ha hecho cada vez m\u00e1s popular en odontolog\u00eda debido a sus excelentes propiedades est\u00e9ticas, durabilidad y compatibilidad con el cuerpo humano.<\/p>\n\t\t\t\t\t\t\t\t<\/div>\n\t\t\t\t<\/div>\n\t\t\t\t\t<\/div>\n\t\t\t\t<\/div>\n\t\t<div class=\"elementor-element elementor-element-94960d0 e-flex e-con-boxed e-con e-parent\" data-id=\"94960d0\" data-element_type=\"container\">\n\t\t\t\t\t<div class=\"e-con-inner\">\n\t\t<div class=\"elementor-element elementor-element-a276f63 e-con-full e-flex e-con e-child\" data-id=\"a276f63\" data-element_type=\"container\">\n\t\t\t\t<div class=\"elementor-element elementor-element-55a5c86 elementor-widget elementor-widget-text-editor\" data-id=\"55a5c86\" data-element_type=\"widget\" data-widget_type=\"text-editor.default\">\n\t\t\t\t<div class=\"elementor-widget-container\">\n\t\t\t\t\t\t\t\t\t<p>He aqu\u00ed un resumen de las aplicaciones del circonio en odontolog\u00eda:<\/p>\n<ol>\n<li>\n<p><strong>Coronas y puentes:<\/strong> Las coronas y puentes de circonio son pr\u00f3tesis dentales que se utilizan para restaurar dientes da\u00f1ados, cariados o ausentes. Estas restauraciones se hacen a medida para que coincidan con el color, el tama\u00f1o y la forma de los dientes naturales del paciente, proporcionando una sonrisa perfecta y de aspecto natural. Las coronas y puentes de zirconia son muy duraderos y resistentes al astillado, agrietamiento y manchas, por lo que son una soluci\u00f3n duradera para las restauraciones dentales.<\/p>\n<\/li>\n<li>\n<p><strong>Implantes dentales: <\/strong> Los implantes dentales de \u00f3xido de circonio son ra\u00edces dentales artificiales que se utilizan para soportar dientes de sustituci\u00f3n o pr\u00f3tesis dentales en casos de ausencia de dientes. Los implantes de zirconia ofrecen varias ventajas sobre los implantes tradicionales de titanio, como una est\u00e9tica superior, biocompatibilidad y resistencia a la corrosi\u00f3n. Los implantes de zirconia son especialmente adecuados para pacientes con alergias o sensibilidad a los metales y para quienes buscan una opci\u00f3n sin metal para la sustituci\u00f3n dental.<\/p>\n<\/li>\n<li>\n<p><strong>Carillas<\/strong>: Las carillas de \u00f3xido de circonio son finas l\u00e1minas de cer\u00e1mica de \u00f3xido de circonio que se adhieren a la superficie anterior de los dientes para mejorar su aspecto. Las carillas de zirconia pueden ocultar eficazmente diversas imperfecciones est\u00e9ticas como manchas, astillas, grietas, huecos y peque\u00f1as desalineaciones, creando una sonrisa m\u00e1s uniforme y est\u00e9ticamente agradable.<\/p>\n<\/li>\n<li>\n<p><strong>Inlays y Onlays<\/strong>: Inlays y onlays de zirconia son restauraciones conservadoras utilizadas para reparar dientes da\u00f1ados o cariados. Estas restauraciones est\u00e1n hechas a medida para encajar con precisi\u00f3n dentro de la cavidad preparada y se adhieren a la superficie del diente para restaurar su fuerza, funci\u00f3n y apariencia. Las incrustaciones inlay y onlay de \u00f3xido de circonio son duraderas y resistentes al desgaste, por lo que resultan adecuadas para restaurar dientes en las regiones anterior y posterior de la boca.<\/p>\n<\/li>\n<li>\n<p><strong>Dentaduras implantosoportadas<\/strong>: El \u00f3xido de circonio tambi\u00e9n puede utilizarse en la fabricaci\u00f3n de pr\u00f3tesis implantosoportadas, que son pr\u00f3tesis removibles soportadas por implantes dentales. El \u00f3xido de circonio proporciona una estructura fuerte y estable para las pr\u00f3tesis implantosoportadas, aumentando su durabilidad y longevidad.<\/p>\n<\/li>\n<\/ol>\n\t\t\t\t\t\t\t\t<\/div>\n\t\t\t\t<\/div>\n\t\t\t\t<\/div>\n\t\t<div class=\"elementor-element elementor-element-c232d3e e-con-full e-flex e-con e-child\" data-id=\"c232d3e\" data-element_type=\"container\">\n\t\t<div class=\"elementor-element elementor-element-ae8ced9 e-grid e-con-boxed e-con e-child\" data-id=\"ae8ced9\" data-element_type=\"container\">\n\t\t\t\t\t<div class=\"e-con-inner\">\n\t\t\t\t<div class=\"elementor-element elementor-element-ca79030 elementor-widget elementor-widget-accordion\" data-id=\"ca79030\" data-element_type=\"widget\" data-widget_type=\"accordion.default\">\n\t\t\t\t<div class=\"elementor-widget-container\">\n\t\t\t\t\t\t\t<div class=\"elementor-accordion\">\n\t\t\t\t\t\t\t<div class=\"elementor-accordion-item\">\n\t\t\t\t\t<div id=\"elementor-tab-title-2121\" class=\"elementor-tab-title\" data-tab=\"1\" role=\"button\" aria-controls=\"elementor-tab-content-2121\" aria-expanded=\"false\">\n\t\t\t\t\t\t\t\t\t\t\t\t\t<span class=\"elementor-accordion-icon elementor-accordion-icon-left\" aria-hidden=\"true\">\n\t\t\t\t\t\t\t\t\t\t\t\t\t\t\t<span class=\"elementor-accordion-icon-closed\"><svg class=\"e-font-icon-svg e-fas-plus\" viewBox=\"0 0 448 512\" xmlns=\"http:\/\/www.w3.org\/2000\/svg\"><path d=\"M416 208H272V64c0-17.67-14.33-32-32-32h-32c-17.67 0-32 14.33-32 32v144H32c-17.67 0-32 14.33-32 32v32c0 17.67 14.33 32 32 32h144v144c0 17.67 14.33 32 32 32h32c17.67 0 32-14.33 32-32V304h144c17.67 0 32-14.33 32-32v-32c0-17.67-14.33-32-32-32z\"><\/path><\/svg><\/span>\n\t\t\t\t\t\t\t\t<span class=\"elementor-accordion-icon-opened\"><svg class=\"e-font-icon-svg e-fas-minus\" viewBox=\"0 0 448 512\" xmlns=\"http:\/\/www.w3.org\/2000\/svg\"><path d=\"M416 208H32c-17.67 0-32 14.33-32 32v32c0 17.67 14.33 32 32 32h384c17.67 0 32-14.33 32-32v-32c0-17.67-14.33-32-32-32z\"><\/path><\/svg><\/span>\n\t\t\t\t\t\t\t\t\t\t\t\t\t\t<\/span>\n\t\t\t\t\t\t\t\t\t\t\t\t<a class=\"elementor-accordion-title\" tabindex=\"0\">\u00bfEn qu\u00e9 casos se aplica el recubrimiento de circonio?<\/a>\n\t\t\t\t\t<\/div>\n\t\t\t\t\t<div id=\"elementor-tab-content-2121\" class=\"elementor-tab-content elementor-clearfix\" data-tab=\"1\" role=\"region\" aria-labelledby=\"elementor-tab-title-2121\"><p>El blanqueamiento produce decoloraci\u00f3n<br \/>Personas que utilizaron anteriormente un Puente Corona con soporte met\u00e1lico<br \/>En la gama de Dientes<br \/>Correcci\u00f3n de los dientes cruzados<br \/>En los casos en que la p\u00e9rdida excesiva de sustancia no se resuelve con el relleno<\/p>\n<\/div>\n\t\t\t\t<\/div>\n\t\t\t\t\t\t\t<div class=\"elementor-accordion-item\">\n\t\t\t\t\t<div id=\"elementor-tab-title-2122\" class=\"elementor-tab-title\" data-tab=\"2\" role=\"button\" aria-controls=\"elementor-tab-content-2122\" aria-expanded=\"false\">\n\t\t\t\t\t\t\t\t\t\t\t\t\t<span class=\"elementor-accordion-icon elementor-accordion-icon-left\" aria-hidden=\"true\">\n\t\t\t\t\t\t\t\t\t\t\t\t\t\t\t<span class=\"elementor-accordion-icon-closed\"><svg class=\"e-font-icon-svg e-fas-plus\" viewBox=\"0 0 448 512\" xmlns=\"http:\/\/www.w3.org\/2000\/svg\"><path d=\"M416 208H272V64c0-17.67-14.33-32-32-32h-32c-17.67 0-32 14.33-32 32v144H32c-17.67 0-32 14.33-32 32v32c0 17.67 14.33 32 32 32h144v144c0 17.67 14.33 32 32 32h32c17.67 0 32-14.33 32-32V304h144c17.67 0 32-14.33 32-32v-32c0-17.67-14.33-32-32-32z\"><\/path><\/svg><\/span>\n\t\t\t\t\t\t\t\t<span class=\"elementor-accordion-icon-opened\"><svg class=\"e-font-icon-svg e-fas-minus\" viewBox=\"0 0 448 512\" xmlns=\"http:\/\/www.w3.org\/2000\/svg\"><path d=\"M416 208H32c-17.67 0-32 14.33-32 32v32c0 17.67 14.33 32 32 32h384c17.67 0 32-14.33 32-32v-32c0-17.67-14.33-32-32-32z\"><\/path><\/svg><\/span>\n\t\t\t\t\t\t\t\t\t\t\t\t\t\t<\/span>\n\t\t\t\t\t\t\t\t\t\t\t\t<a class=\"elementor-accordion-title\" tabindex=\"0\">\u00bfCu\u00e1l es la mayor ventaja del zirconio?<\/a>\n\t\t\t\t\t<\/div>\n\t\t\t\t\t<div id=\"elementor-tab-content-2122\" class=\"elementor-tab-content elementor-clearfix\" data-tab=\"2\" role=\"region\" aria-labelledby=\"elementor-tab-title-2122\"><p>Parecen bastante naturales debido a la falta de reflejo met\u00e1lico del Fondo. Se consiguen resultados muy est\u00e9ticos con propiedades de transmisi\u00f3n de luz.<\/p>\n<\/div>\n\t\t\t\t<\/div>\n\t\t\t\t\t\t\t<div class=\"elementor-accordion-item\">\n\t\t\t\t\t<div id=\"elementor-tab-title-2123\" class=\"elementor-tab-title\" data-tab=\"3\" role=\"button\" aria-controls=\"elementor-tab-content-2123\" aria-expanded=\"false\">\n\t\t\t\t\t\t\t\t\t\t\t\t\t<span class=\"elementor-accordion-icon elementor-accordion-icon-left\" aria-hidden=\"true\">\n\t\t\t\t\t\t\t\t\t\t\t\t\t\t\t<span class=\"elementor-accordion-icon-closed\"><svg class=\"e-font-icon-svg e-fas-plus\" viewBox=\"0 0 448 512\" xmlns=\"http:\/\/www.w3.org\/2000\/svg\"><path d=\"M416 208H272V64c0-17.67-14.33-32-32-32h-32c-17.67 0-32 14.33-32 32v144H32c-17.67 0-32 14.33-32 32v32c0 17.67 14.33 32 32 32h144v144c0 17.67 14.33 32 32 32h32c17.67 0 32-14.33 32-32V304h144c17.67 0 32-14.33 32-32v-32c0-17.67-14.33-32-32-32z\"><\/path><\/svg><\/span>\n\t\t\t\t\t\t\t\t<span class=\"elementor-accordion-icon-opened\"><svg class=\"e-font-icon-svg e-fas-minus\" viewBox=\"0 0 448 512\" xmlns=\"http:\/\/www.w3.org\/2000\/svg\"><path d=\"M416 208H32c-17.67 0-32 14.33-32 32v32c0 17.67 14.33 32 32 32h384c17.67 0 32-14.33 32-32v-32c0-17.67-14.33-32-32-32z\"><\/path><\/svg><\/span>\n\t\t\t\t\t\t\t\t\t\t\t\t\t\t<\/span>\n\t\t\t\t\t\t\t\t\t\t\t\t<a class=\"elementor-accordion-title\" tabindex=\"0\">\u00bfCausan cambios de olor y sabor en la boca?<\/a>\n\t\t\t\t\t<\/div>\n\t\t\t\t\t<div id=\"elementor-tab-content-2123\" class=\"elementor-tab-content elementor-clearfix\" data-tab=\"3\" role=\"region\" aria-labelledby=\"elementor-tab-title-2123\"><p>No causan ninguna reacci\u00f3n en las enc\u00edas porque no da\u00f1an los tejidos. Debido a que no hay metal, el olor y el sabor no causan un cambio.<\/p>\n<\/div>\n\t\t\t\t<\/div>\n\t\t\t\t\t\t\t<div class=\"elementor-accordion-item\">\n\t\t\t\t\t<div id=\"elementor-tab-title-2124\" class=\"elementor-tab-title\" data-tab=\"4\" role=\"button\" aria-controls=\"elementor-tab-content-2124\" aria-expanded=\"false\">\n\t\t\t\t\t\t\t\t\t\t\t\t\t<span class=\"elementor-accordion-icon elementor-accordion-icon-left\" aria-hidden=\"true\">\n\t\t\t\t\t\t\t\t\t\t\t\t\t\t\t<span class=\"elementor-accordion-icon-closed\"><svg class=\"e-font-icon-svg e-fas-plus\" viewBox=\"0 0 448 512\" xmlns=\"http:\/\/www.w3.org\/2000\/svg\"><path d=\"M416 208H272V64c0-17.67-14.33-32-32-32h-32c-17.67 0-32 14.33-32 32v144H32c-17.67 0-32 14.33-32 32v32c0 17.67 14.33 32 32 32h144v144c0 17.67 14.33 32 32 32h32c17.67 0 32-14.33 32-32V304h144c17.67 0 32-14.33 32-32v-32c0-17.67-14.33-32-32-32z\"><\/path><\/svg><\/span>\n\t\t\t\t\t\t\t\t<span class=\"elementor-accordion-icon-opened\"><svg class=\"e-font-icon-svg e-fas-minus\" viewBox=\"0 0 448 512\" xmlns=\"http:\/\/www.w3.org\/2000\/svg\"><path d=\"M416 208H32c-17.67 0-32 14.33-32 32v32c0 17.67 14.33 32 32 32h384c17.67 0 32-14.33 32-32v-32c0-17.67-14.33-32-32-32z\"><\/path><\/svg><\/span>\n\t\t\t\t\t\t\t\t\t\t\t\t\t\t<\/span>\n\t\t\t\t\t\t\t\t\t\t\t\t<a class=\"elementor-accordion-title\" tabindex=\"0\">\u00bfCausa Un Cambio De Color En Las Enc\u00edas?<\/a>\n\t\t\t\t\t<\/div>\n\t\t\t\t\t<div id=\"elementor-tab-content-2124\" class=\"elementor-tab-content elementor-clearfix\" data-tab=\"4\" role=\"region\" aria-labelledby=\"elementor-tab-title-2124\"><p>La Textura es perfecta para su armon\u00eda. En las porcelanas con soporte de Metal, las coloraciones grises que son visibles en el borde de la enc\u00eda, definitivamente no lo son en la zirconia.<\/p>\n<\/div>\n\t\t\t\t<\/div>\n\t\t\t\t\t\t\t<div class=\"elementor-accordion-item\">\n\t\t\t\t\t<div id=\"elementor-tab-title-2125\" class=\"elementor-tab-title\" data-tab=\"5\" role=\"button\" aria-controls=\"elementor-tab-content-2125\" aria-expanded=\"false\">\n\t\t\t\t\t\t\t\t\t\t\t\t\t<span class=\"elementor-accordion-icon elementor-accordion-icon-left\" aria-hidden=\"true\">\n\t\t\t\t\t\t\t\t\t\t\t\t\t\t\t<span class=\"elementor-accordion-icon-closed\"><svg class=\"e-font-icon-svg e-fas-plus\" viewBox=\"0 0 448 512\" xmlns=\"http:\/\/www.w3.org\/2000\/svg\"><path d=\"M416 208H272V64c0-17.67-14.33-32-32-32h-32c-17.67 0-32 14.33-32 32v144H32c-17.67 0-32 14.33-32 32v32c0 17.67 14.33 32 32 32h144v144c0 17.67 14.33 32 32 32h32c17.67 0 32-14.33 32-32V304h144c17.67 0 32-14.33 32-32v-32c0-17.67-14.33-32-32-32z\"><\/path><\/svg><\/span>\n\t\t\t\t\t\t\t\t<span class=\"elementor-accordion-icon-opened\"><svg class=\"e-font-icon-svg e-fas-minus\" viewBox=\"0 0 448 512\" xmlns=\"http:\/\/www.w3.org\/2000\/svg\"><path d=\"M416 208H32c-17.67 0-32 14.33-32 32v32c0 17.67 14.33 32 32 32h384c17.67 0 32-14.33 32-32v-32c0-17.67-14.33-32-32-32z\"><\/path><\/svg><\/span>\n\t\t\t\t\t\t\t\t\t\t\t\t\t\t<\/span>\n\t\t\t\t\t\t\t\t\t\t\t\t<a class=\"elementor-accordion-title\" tabindex=\"0\">\u00bfC\u00f3mo Aplicar los Dientes de Circonio?<\/a>\n\t\t\t\t\t<\/div>\n\t\t\t\t\t<div id=\"elementor-tab-content-2125\" class=\"elementor-tab-content elementor-clearfix\" data-tab=\"5\" role=\"region\" aria-labelledby=\"elementor-tab-title-2125\"><p>Con Anestesia Local, se cortan 1-2 mm de todas las superficies del diente. Las medidas tomadas se preparan en el entorno del laboratorio. En la estructura inferior, la estructura superior de zirconio se alinea con los dientes cortados utilizando porcelana y adhiri\u00e9ndose a los dientes cortados gracias a adhesivos especiales.<\/p>\n<\/div>\n\t\t\t\t<\/div>\n\t\t\t\t\t\t\t<div class=\"elementor-accordion-item\">\n\t\t\t\t\t<div id=\"elementor-tab-title-2126\" class=\"elementor-tab-title\" data-tab=\"6\" role=\"button\" aria-controls=\"elementor-tab-content-2126\" aria-expanded=\"false\">\n\t\t\t\t\t\t\t\t\t\t\t\t\t<span class=\"elementor-accordion-icon elementor-accordion-icon-left\" aria-hidden=\"true\">\n\t\t\t\t\t\t\t\t\t\t\t\t\t\t\t<span class=\"elementor-accordion-icon-closed\"><svg class=\"e-font-icon-svg e-fas-plus\" viewBox=\"0 0 448 512\" xmlns=\"http:\/\/www.w3.org\/2000\/svg\"><path d=\"M416 208H272V64c0-17.67-14.33-32-32-32h-32c-17.67 0-32 14.33-32 32v144H32c-17.67 0-32 14.33-32 32v32c0 17.67 14.33 32 32 32h144v144c0 17.67 14.33 32 32 32h32c17.67 0 32-14.33 32-32V304h144c17.67 0 32-14.33 32-32v-32c0-17.67-14.33-32-32-32z\"><\/path><\/svg><\/span>\n\t\t\t\t\t\t\t\t<span class=\"elementor-accordion-icon-opened\"><svg class=\"e-font-icon-svg e-fas-minus\" viewBox=\"0 0 448 512\" xmlns=\"http:\/\/www.w3.org\/2000\/svg\"><path d=\"M416 208H32c-17.67 0-32 14.33-32 32v32c0 17.67 14.33 32 32 32h384c17.67 0 32-14.33 32-32v-32c0-17.67-14.33-32-32-32z\"><\/path><\/svg><\/span>\n\t\t\t\t\t\t\t\t\t\t\t\t\t\t<\/span>\n\t\t\t\t\t\t\t\t\t\t\t\t<a class=\"elementor-accordion-title\" tabindex=\"0\">\u00bfCu\u00e1nto tiempo se pueden utilizar los dientes de circonio?<\/a>\n\t\t\t\t\t<\/div>\n\t\t\t\t\t<div id=\"elementor-tab-content-2126\" class=\"elementor-tab-content elementor-clearfix\" data-tab=\"6\" role=\"region\" aria-labelledby=\"elementor-tab-title-2126\"><p>Depende de las condiciones de cuidado y uso de la Persona, pero es mucho m\u00e1s duradera que la pr\u00f3tesis de subestructura met\u00e1lica. No permite el paso de bacterias por su exacta armon\u00eda con los dientes de Corte. Previene la formaci\u00f3n de Caries.<\/p>\n<\/div>\n\t\t\t\t<\/div>\n\t\t\t\t\t\t\t\t<\/div>\n\t\t\t\t\t\t<\/div>\n\t\t\t\t<\/div>\n\t\t\t\t<div class=\"elementor-element elementor-element-4ef9c2b elementor-widget elementor-widget-text-editor\" data-id=\"4ef9c2b\" data-element_type=\"widget\" data-widget_type=\"text-editor.default\">\n\t\t\t\t<div class=\"elementor-widget-container\">\n\t\t\t\t\t\t\t\t\t<p>En general, la aplicaci\u00f3n de zirconio en odontolog\u00eda ofrece numerosos beneficios, incluyendo una est\u00e9tica superior, biocompatibilidad y durabilidad. Las restauraciones a base de zirconio proporcionan a los pacientes soluciones de aspecto natural y duradero para restaurar dientes da\u00f1ados, cariados o ausentes, mejorando la funci\u00f3n oral y la est\u00e9tica. Es esencial consultar con un dentista o prostodoncista cualificado para determinar si las restauraciones a base de circonio son la opci\u00f3n de tratamiento adecuada para sus necesidades individuales. Reputable dental clinics like the <strong>Istanbul Aesthetic Center (IAC)<\/strong> offer comprehensive dental services, including zirconium application, to help patients achieve optimal oral health and a beautiful smile.<\/p>\n\t\t\t\t\t\t\t\t<\/div>\n\t\t\t\t<\/div>\n\t\t\t\t\t<\/div>\n\t\t\t\t<\/div>\n\t\t\t\t<\/div>\n\t\t\t\t\t<\/div>\n\t\t\t\t<\/div>\n\t\t\t\t<\/div>\n\t\t","protected":false},"excerpt":{"rendered":"<p>\u00bfQu\u00e9 es la aplicaci\u00f3n del circonio? La aplicaci\u00f3n del circonio, espec\u00edficamente en el contexto de la odontolog\u00eda, se refiere normalmente al uso de materiales a base de circonio en restauraciones dentales como coronas, puentes e implantes dentales. El di\u00f3xido de circonio (ZrO2), com\u00fanmente conocido como circonio, es un material cer\u00e1mico biocompatible que se ha hecho [&hellip;]<\/p>\n","protected":false},"author":1,"featured_media":0,"parent":17028,"menu_order":0,"comment_status":"closed","ping_status":"closed","template":"","meta":{"_themeisle_gutenberg_block_has_review":false,"footnotes":""},"class_list":["post-16663","page","type-page","status-publish","hentry"],"_links":{"self":[{"href":"http:\/\/www.istanbulaestheticcenter.com\/es\/wp-json\/wp\/v2\/pages\/16663","targetHints":{"allow":["GET"]}}],"collection":[{"href":"http:\/\/www.istanbulaestheticcenter.com\/es\/wp-json\/wp\/v2\/pages"}],"about":[{"href":"http:\/\/www.istanbulaestheticcenter.com\/es\/wp-json\/wp\/v2\/types\/page"}],"author":[{"embeddable":true,"href":"http:\/\/www.istanbulaestheticcenter.com\/es\/wp-json\/wp\/v2\/users\/1"}],"replies":[{"embeddable":true,"href":"http:\/\/www.istanbulaestheticcenter.com\/es\/wp-json\/wp\/v2\/comments?post=16663"}],"version-history":[{"count":1,"href":"http:\/\/www.istanbulaestheticcenter.com\/es\/wp-json\/wp\/v2\/pages\/16663\/revisions"}],"predecessor-version":[{"id":16664,"href":"http:\/\/www.istanbulaestheticcenter.com\/es\/wp-json\/wp\/v2\/pages\/16663\/revisions\/16664"}],"up":[{"embeddable":true,"href":"http:\/\/www.istanbulaestheticcenter.com\/es\/wp-json\/wp\/v2\/pages\/17028"}],"wp:attachment":[{"href":"http:\/\/www.istanbulaestheticcenter.com\/es\/wp-json\/wp\/v2\/media?parent=16663"}],"curies":[{"name":"wp","href":"https:\/\/api.w.org\/{rel}","templated":true}]}}