{"id":16637,"date":"2024-04-20T16:50:49","date_gmt":"2024-04-20T13:50:49","guid":{"rendered":"https:\/\/www.istanbulaestheticcenter.com\/tratamiento-del-conducto-radicular\/"},"modified":"2024-07-09T14:45:01","modified_gmt":"2024-07-09T11:45:01","slug":"tratamiento-del-conducto-radicular","status":"publish","type":"page","link":"http:\/\/www.istanbulaestheticcenter.com\/es\/odontologia\/tratamiento-del-conducto-radicular\/","title":{"rendered":"Tratamiento del conducto radicular"},"content":{"rendered":"\t\t<div data-elementor-type=\"wp-page\" data-elementor-id=\"16637\" class=\"elementor elementor-16637 elementor-13390\">\n\t\t\t\t<div class=\"elementor-element elementor-element-98e49da e-flex e-con-boxed e-con e-parent\" data-id=\"98e49da\" data-element_type=\"container\">\n\t\t\t\t\t<div class=\"e-con-inner\">\n\t\t\t\t<div class=\"elementor-element elementor-element-2bd1e5b elementor-widget elementor-widget-image\" data-id=\"2bd1e5b\" data-element_type=\"widget\" data-widget_type=\"image.default\">\n\t\t\t\t<div class=\"elementor-widget-container\">\n\t\t\t\t\t\t\t\t\t\t\t\t\t\t\t<img fetchpriority=\"high\" decoding=\"async\" width=\"1024\" height=\"525\" src=\"http:\/\/www.istanbulaestheticcenter.com\/wp-content\/uploads\/2024\/04\/root-canal-v2-1024x525.jpg\" class=\"attachment-large size-large wp-image-16170\" alt=\"\" srcset=\"http:\/\/www.istanbulaestheticcenter.com\/wp-content\/uploads\/2024\/04\/root-canal-v2-1024x525.jpg 1024w, http:\/\/www.istanbulaestheticcenter.com\/wp-content\/uploads\/2024\/04\/root-canal-v2-300x154.jpg 300w, http:\/\/www.istanbulaestheticcenter.com\/wp-content\/uploads\/2024\/04\/root-canal-v2-768x394.jpg 768w, http:\/\/www.istanbulaestheticcenter.com\/wp-content\/uploads\/2024\/04\/root-canal-v2-1000x513.jpg 1000w, http:\/\/www.istanbulaestheticcenter.com\/wp-content\/uploads\/2024\/04\/root-canal-v2-1110x570.jpg 1110w, http:\/\/www.istanbulaestheticcenter.com\/wp-content\/uploads\/2024\/04\/root-canal-v2.jpg 1120w\" sizes=\"(max-width: 1024px) 100vw, 1024px\" \/>\t\t\t\t\t\t\t\t\t\t\t\t\t\t\t<\/div>\n\t\t\t\t<\/div>\n\t\t\t\t\t<\/div>\n\t\t\t\t<\/div>\n\t\t<div class=\"elementor-element elementor-element-c2d6e43 e-flex e-con-boxed e-con e-parent\" data-id=\"c2d6e43\" data-element_type=\"container\">\n\t\t\t\t\t<div class=\"e-con-inner\">\n\t\t\t\t<div class=\"elementor-element elementor-element-293379b elementor-widget elementor-widget-heading\" data-id=\"293379b\" data-element_type=\"widget\" data-widget_type=\"heading.default\">\n\t\t\t\t<div class=\"elementor-widget-container\">\n\t\t\t\t\t<h2 class=\"elementor-heading-title elementor-size-default\">Tratamiento del conducto radicular<\/h2>\t\t\t\t<\/div>\n\t\t\t\t<\/div>\n\t\t\t\t\t<\/div>\n\t\t\t\t<\/div>\n\t\t<div class=\"elementor-element elementor-element-95ca563 e-flex e-con-boxed e-con e-parent\" data-id=\"95ca563\" data-element_type=\"container\">\n\t\t\t\t\t<div class=\"e-con-inner\">\n\t\t\t\t<div class=\"elementor-element elementor-element-705453d elementor-widget elementor-widget-text-editor\" data-id=\"705453d\" data-element_type=\"widget\" data-widget_type=\"text-editor.default\">\n\t\t\t\t<div class=\"elementor-widget-container\">\n\t\t\t\t\t\t\t\t\t<p>El tratamiento del conducto radicular, tambi\u00e9n conocido como terapia endod\u00f3ntica, es un procedimiento dental utilizado para tratar infecciones o da\u00f1os dentro de la pulpa de un diente. La pulpa es el tejido blando situado en el centro del diente, que contiene nervios, vasos sangu\u00edneos y tejido conectivo. Cuando la pulpa se infecta o inflama, normalmente debido a caries profundas, traumatismos o grietas en el diente, puede ser necesario un tratamiento de conductos para salvar el diente y aliviar el dolor.<\/p>\n\t\t\t\t\t\t\t\t<\/div>\n\t\t\t\t<\/div>\n\t\t\t\t\t<\/div>\n\t\t\t\t<\/div>\n\t\t<div class=\"elementor-element elementor-element-5c64b3a e-flex e-con-boxed e-con e-parent\" data-id=\"5c64b3a\" data-element_type=\"container\">\n\t\t\t\t\t<div class=\"e-con-inner\">\n\t\t<div class=\"elementor-element elementor-element-97d26d6 e-con-full e-flex e-con e-child\" data-id=\"97d26d6\" data-element_type=\"container\">\n\t\t\t\t<div class=\"elementor-element elementor-element-191b6ba elementor-widget elementor-widget-text-editor\" data-id=\"191b6ba\" data-element_type=\"widget\" data-widget_type=\"text-editor.default\">\n\t\t\t\t<div class=\"elementor-widget-container\">\n\t\t\t\t\t\t\t\t\t<p>He aqu\u00ed un resumen de c\u00f3mo se realiza normalmente el tratamiento de conductos:<\/p>\n<ol>\n<li>\n<p><strong>Diagn\u00f3stico<\/strong>: Antes del procedimiento, el dentista realizar\u00e1 un examen exhaustivo del diente afectado, incluyendo una revisi\u00f3n de los s\u00edntomas del paciente, historial dental y radiograf\u00edas. Esto ayuda a determinar si el tratamiento de conductos es necesario e identifica la extensi\u00f3n de la infecci\u00f3n o el da\u00f1o.<\/p>\n<\/li>\n<li>\n<p><strong>Anestesia<\/strong>: Para garantizar la comodidad del paciente durante el procedimiento, se administra anestesia local para adormecer el diente y la zona circundante. En algunos casos, la sedaci\u00f3n tambi\u00e9n se puede utilizar para ayudar a los pacientes a relajarse, especialmente si experimentan ansiedad dental o miedo.<\/p>\n<\/li>\n<li>\n<p><strong>Acceso<\/strong>: Una vez que el diente est\u00e1 adormecido, el dentista crear\u00e1 una abertura en la corona del diente para acceder a la c\u00e1mara pulpar y los conductos radiculares. Esto puede implicar la perforaci\u00f3n de un peque\u00f1o agujero en el diente para llegar al tejido infectado o da\u00f1ado.<\/p>\n<\/li>\n<li>\n<p><strong>Limpieza y modelado<\/strong>: Utilizando instrumentos especializados llamados limas, el dentista eliminar\u00e1 cuidadosamente el tejido pulpar infectado o da\u00f1ado de la c\u00e1mara pulpar y los conductos radiculares. A continuaci\u00f3n, se limpian los conductos y se les da forma para eliminar cualquier resto de suciedad, bacterias y restos de pulpa.<\/p>\n<\/li>\n<li>\n<p><strong>Desinfecci\u00f3n<\/strong>: Los conductos radiculares se irrigan con soluciones antimicrobianas para desinfectar y eliminar cualquier resto de bacterias o residuos. Esto ayuda a prevenir nuevas infecciones y favorece la cicatrizaci\u00f3n.<\/p>\n<\/li>\n<li>\n<p><strong>Obturaci\u00f3n<\/strong>: Una vez limpios y formados los conductos radiculares, se rellenan con un material biocompatible llamado gutapercha para sellarlos y evitar que se vuelvan a contaminar. A continuaci\u00f3n, se sella la abertura de acceso en la corona del diente con un material de obturaci\u00f3n temporal o permanente.<\/p>\n<\/li>\n<li>\n<p><strong>Restauraci\u00f3n<\/strong>: En la mayor\u00eda de los casos, un diente que ha sido sometido a un tratamiento de conductos requerir\u00e1 una restauraci\u00f3n permanente como una corona dental para fortalecer y proteger el diente de da\u00f1os mayores. La corona est\u00e1 hecha a medida para que coincida con la forma, tama\u00f1o y color del diente natural, restaurando su funci\u00f3n y apariencia.<\/p>\n<\/li>\n<li>\n<p><strong>Seguimiento<\/strong>: Despu\u00e9s del tratamiento del conducto radicular, los pacientes pueden experimentar algunas molestias leves o sensibilidad, que por lo general puede ser manejado con medicamentos para el dolor de venta libre. Es esencial seguir las instrucciones postoperatorias proporcionadas por el dentista y acudir a las citas de seguimiento para controlar la cicatrizaci\u00f3n y garantizar el \u00e9xito del tratamiento.<\/p>\n<\/li>\n<\/ol>\n\t\t\t\t\t\t\t\t<\/div>\n\t\t\t\t<\/div>\n\t\t\t\t<\/div>\n\t\t<div class=\"elementor-element elementor-element-c006801 e-con-full e-flex e-con e-child\" data-id=\"c006801\" data-element_type=\"container\">\n\t\t\t\t<div class=\"elementor-element elementor-element-1cc1d6a elementor-widget elementor-widget-image\" data-id=\"1cc1d6a\" data-element_type=\"widget\" data-widget_type=\"image.default\">\n\t\t\t\t<div class=\"elementor-widget-container\">\n\t\t\t\t\t\t\t\t\t\t\t\t\t\t\t<img decoding=\"async\" width=\"1024\" height=\"1024\" src=\"http:\/\/www.istanbulaestheticcenter.com\/wp-content\/uploads\/2024\/04\/root-canal.jpg\" class=\"attachment-large size-large wp-image-16163\" alt=\"\" srcset=\"http:\/\/www.istanbulaestheticcenter.com\/wp-content\/uploads\/2024\/04\/root-canal.jpg 1024w, http:\/\/www.istanbulaestheticcenter.com\/wp-content\/uploads\/2024\/04\/root-canal-300x300.jpg 300w, http:\/\/www.istanbulaestheticcenter.com\/wp-content\/uploads\/2024\/04\/root-canal-150x150.jpg 150w, http:\/\/www.istanbulaestheticcenter.com\/wp-content\/uploads\/2024\/04\/root-canal-768x768.jpg 768w, http:\/\/www.istanbulaestheticcenter.com\/wp-content\/uploads\/2024\/04\/root-canal-720x720.jpg 720w\" sizes=\"(max-width: 1024px) 100vw, 1024px\" \/>\t\t\t\t\t\t\t\t\t\t\t\t\t\t\t<\/div>\n\t\t\t\t<\/div>\n\t\t\t\t<div class=\"elementor-element elementor-element-75cb2ff elementor-widget elementor-widget-text-editor\" data-id=\"75cb2ff\" data-element_type=\"widget\" data-widget_type=\"text-editor.default\">\n\t\t\t\t<div class=\"elementor-widget-container\">\n\t\t\t\t\t\t\t\t\t<p>El tratamiento de conductos es muy eficaz para salvar dientes que de otro modo tendr\u00edan que extraerse por infecci\u00f3n o da\u00f1os. Alivia el dolor, preserva la estructura natural del diente y restablece la salud y la funci\u00f3n bucal. Con los cuidados y el mantenimiento adecuados, un diente sometido a tratamiento de conductos puede durar toda la vida. Es importante consultar a un dentista o endodoncista cualificado si experimenta s\u00edntomas como dolor dental intenso, sensibilidad al fr\u00edo o al calor, inflamaci\u00f3n o supuraci\u00f3n de las enc\u00edas, ya que pueden indicar la necesidad de un tratamiento de conductos. Cl\u00ednicas dentales de renombre como el <strong> Centro Est\u00e9tico de Estambul (IAC)<\/strong> ofrecen servicios integrales de endodoncia, proporcionando a los pacientes una atenci\u00f3n experta y un tratamiento personalizado para preservar sus dientes naturales y lograr una salud oral \u00f3ptima.<\/p>\n\t\t\t\t\t\t\t\t<\/div>\n\t\t\t\t<\/div>\n\t\t\t\t<\/div>\n\t\t\t\t\t<\/div>\n\t\t\t\t<\/div>\n\t\t\t\t<\/div>\n\t\t","protected":false},"excerpt":{"rendered":"<p>Tratamiento del conducto radicular El tratamiento del conducto radicular, tambi\u00e9n conocido como terapia endod\u00f3ntica, es un procedimiento dental utilizado para tratar infecciones o da\u00f1os dentro de la pulpa de un diente. La pulpa es el tejido blando situado en el centro del diente, que contiene nervios, vasos sangu\u00edneos y tejido conectivo. Cuando la pulpa se [&hellip;]<\/p>\n","protected":false},"author":1,"featured_media":0,"parent":17028,"menu_order":0,"comment_status":"closed","ping_status":"closed","template":"","meta":{"_themeisle_gutenberg_block_has_review":false,"footnotes":""},"class_list":["post-16637","page","type-page","status-publish","hentry"],"_links":{"self":[{"href":"http:\/\/www.istanbulaestheticcenter.com\/es\/wp-json\/wp\/v2\/pages\/16637","targetHints":{"allow":["GET"]}}],"collection":[{"href":"http:\/\/www.istanbulaestheticcenter.com\/es\/wp-json\/wp\/v2\/pages"}],"about":[{"href":"http:\/\/www.istanbulaestheticcenter.com\/es\/wp-json\/wp\/v2\/types\/page"}],"author":[{"embeddable":true,"href":"http:\/\/www.istanbulaestheticcenter.com\/es\/wp-json\/wp\/v2\/users\/1"}],"replies":[{"embeddable":true,"href":"http:\/\/www.istanbulaestheticcenter.com\/es\/wp-json\/wp\/v2\/comments?post=16637"}],"version-history":[{"count":1,"href":"http:\/\/www.istanbulaestheticcenter.com\/es\/wp-json\/wp\/v2\/pages\/16637\/revisions"}],"predecessor-version":[{"id":16638,"href":"http:\/\/www.istanbulaestheticcenter.com\/es\/wp-json\/wp\/v2\/pages\/16637\/revisions\/16638"}],"up":[{"embeddable":true,"href":"http:\/\/www.istanbulaestheticcenter.com\/es\/wp-json\/wp\/v2\/pages\/17028"}],"wp:attachment":[{"href":"http:\/\/www.istanbulaestheticcenter.com\/es\/wp-json\/wp\/v2\/media?parent=16637"}],"curies":[{"name":"wp","href":"https:\/\/api.w.org\/{rel}","templated":true}]}}