{"id":16462,"date":"2024-04-20T17:10:45","date_gmt":"2024-04-20T14:10:45","guid":{"rendered":"https:\/\/www.istanbulaestheticcenter.com\/cuidado-de-la-piel\/"},"modified":"2024-04-29T21:51:09","modified_gmt":"2024-04-29T18:51:09","slug":"cuidado-de-la-piel","status":"publish","type":"page","link":"http:\/\/www.istanbulaestheticcenter.com\/es\/estetica-medica\/cuidado-de-la-piel\/","title":{"rendered":"Cuidado de la piel"},"content":{"rendered":"\t\t<div data-elementor-type=\"wp-page\" data-elementor-id=\"16462\" class=\"elementor elementor-16462 elementor-13435\">\n\t\t\t\t<div class=\"elementor-element elementor-element-e9f0f8c e-flex e-con-boxed e-con e-parent\" data-id=\"e9f0f8c\" data-element_type=\"container\">\n\t\t\t\t\t<div class=\"e-con-inner\">\n\t\t<div class=\"elementor-element elementor-element-b0db3b0 e-flex e-con-boxed e-con e-child\" data-id=\"b0db3b0\" data-element_type=\"container\">\n\t\t\t\t\t<div class=\"e-con-inner\">\n\t\t\t\t<div class=\"elementor-element elementor-element-c5e9244 elementor-widget elementor-widget-image\" data-id=\"c5e9244\" data-element_type=\"widget\" data-widget_type=\"image.default\">\n\t\t\t\t<div class=\"elementor-widget-container\">\n\t\t\t\t\t\t\t\t\t\t\t\t\t\t\t<img fetchpriority=\"high\" decoding=\"async\" width=\"1024\" height=\"525\" src=\"http:\/\/www.istanbulaestheticcenter.com\/wp-content\/uploads\/2024\/04\/skin-care-1024x525.jpg\" class=\"attachment-large size-large wp-image-16156\" alt=\"\" srcset=\"http:\/\/www.istanbulaestheticcenter.com\/wp-content\/uploads\/2024\/04\/skin-care-1024x525.jpg 1024w, http:\/\/www.istanbulaestheticcenter.com\/wp-content\/uploads\/2024\/04\/skin-care-300x154.jpg 300w, http:\/\/www.istanbulaestheticcenter.com\/wp-content\/uploads\/2024\/04\/skin-care-768x394.jpg 768w, http:\/\/www.istanbulaestheticcenter.com\/wp-content\/uploads\/2024\/04\/skin-care-1000x513.jpg 1000w, http:\/\/www.istanbulaestheticcenter.com\/wp-content\/uploads\/2024\/04\/skin-care-1110x570.jpg 1110w, http:\/\/www.istanbulaestheticcenter.com\/wp-content\/uploads\/2024\/04\/skin-care.jpg 1120w\" sizes=\"(max-width: 1024px) 100vw, 1024px\" \/>\t\t\t\t\t\t\t\t\t\t\t\t\t\t\t<\/div>\n\t\t\t\t<\/div>\n\t\t\t\t\t<\/div>\n\t\t\t\t<\/div>\n\t\t\t\t\t<\/div>\n\t\t\t\t<\/div>\n\t\t<div class=\"elementor-element elementor-element-7d528b3 e-flex e-con-boxed e-con e-parent\" data-id=\"7d528b3\" data-element_type=\"container\">\n\t\t\t\t\t<div class=\"e-con-inner\">\n\t\t<div class=\"elementor-element elementor-element-1ebd20a e-con-full e-flex e-con e-child\" data-id=\"1ebd20a\" data-element_type=\"container\">\n\t\t\t\t<div class=\"elementor-element elementor-element-3f0cd60 elementor-widget elementor-widget-text-editor\" data-id=\"3f0cd60\" data-element_type=\"widget\" data-widget_type=\"text-editor.default\">\n\t\t\t\t<div class=\"elementor-widget-container\">\n\t\t\t\t\t\t\t\t\t<div class=\"title-subtitle-box \">\n<h3>CUIDADO DE LA PIEL CON ORO<\/h3>\n<\/div>\n<div class=\"wpb_text_column wpb_content_element \">\n<div class=\"wpb_wrapper\">\n<p>Oro proviene de la palabra \u00abAurum\u00bb en lat\u00edn. Cuando se estudian los registros antiguos, se ve que el uso del oro se remonta al a\u00f1o 3200 y al reinado egipcio. Aunque el oro fue utilizado como dinero por muchas civilizaciones, se vio que se utilizaba como chucher\u00edas.<\/p>\n<p>El oro, siendo la fuente de belleza y juventud de Cleopatra hasta su muerte que se pon\u00eda una m\u00e1scara por las noches, es conocido por ser la llave de la juventud en los antiguos registros chinos.<\/p>\n<p>La Mascarilla de Oro elimina los signos del envejecimiento y destruye los radicales libres con su funci\u00f3n antiinflamatoria, al tiempo que proporciona al rostro un aspecto m\u00e1s joven y luminoso al potenciar la regeneraci\u00f3n de las c\u00e9lulas.<\/p>\n<\/div>\n<\/div>\n<div class=\"title-subtitle-box \">\n<h3>PEELING QU\u00cdMICO<\/h3>\n<\/div>\n<div class=\"wpb_text_column wpb_content_element \">\n<div class=\"wpb_wrapper\">\n<p>Es una aplicaci\u00f3n que se realiza con el objetivo de tratar el acn\u00e9 y calmar las marcas del acn\u00e9, tratar o calmar las arrugas con intensidad leve y media, tratar las marcas de la piel (envejecimiento, posparto y da\u00f1os causados por la luz solar, etc.), recuperar la estructura de la piel, hacer que la piel con poros sea m\u00e1s uniforme, es decir, eliminar las c\u00e9lulas de la superficie de la cara y dejar que las c\u00e9lulas j\u00f3venes se acerquen a la superficie. Peeling qu\u00edmico se basa en el principio de la exfoliaci\u00f3n de la piel a varias profundidades por los derivados de la planificaci\u00f3n de \u00e1cido como el \u00e1cido frutal y \u00e1cido glic\u00f3lico debido a tener las mol\u00e9culas m\u00e1s peque\u00f1as especiales para la persona.<\/p>\n<\/div>\n<\/div>\n<div class=\"title-subtitle-box \">\n<h3>CUIDADO DE LA PIEL CON OX\u00cdGENO<\/h3>\n<\/div>\n<div class=\"wpb_text_column wpb_content_element \">\n<div class=\"wpb_wrapper\">\n<p>La terapia de ox\u00edgeno realizar dando ox\u00edgeno natural a la piel se ha aplicado en el extranjero durante a\u00f1os. Las c\u00e9lulas de nuestra piel necesitan energ\u00eda para poder realizar sus tareas, la piel joven no tiene esos problemas. Porque la epidermis tiene suficiente ox\u00edgeno en la piel joven y puede acceder f\u00e1cilmente a la nutrici\u00f3n. Con la edad, los radicales libres, la desnutrici\u00f3n, el uso incorrecto de cosm\u00e9ticos, el tabaquismo y especialmente los efectos nocivos del sol da\u00f1an la piel, por lo que la piel se da\u00f1a, se vuelve m\u00e1s fina y se forman manchas, se arruga y se cae. En resumen, si no hay ox\u00edgeno, la vida no existe, el metabolismo no funciona, la piel y las c\u00e9lulas del cuerpo no obtienen energ\u00eda, las c\u00e9lulas no se renuevan y por lo tanto comienza el proceso de envejecimiento.<\/p>\n<p>La capa superior de la epidermis se elimina con el peeling practicado antes del procedimiento y el ox\u00edgeno a alta presi\u00f3n administrado a la piel fortalece el sistema inmunol\u00f3gico. La presi\u00f3n de ox\u00edgeno aplicada en el cuidado de la piel y el cuerpo oscila entre 0,6 y 1 bar. La aplicaci\u00f3n de esta presi\u00f3n de ox\u00edgeno intensificada aumenta los resultados y el efecto de los productos con activador de ox\u00edgeno.<\/p>\n<p>Productos cosm\u00e9ticos especiales utilizados en estos t\u00e9rminos contiene A, C, E vitamina, extracto de hierbas de aloe vera y l\u00edquido con activador de ox\u00edgeno. Incluso en el momento en que el producto especial y el ox\u00edgeno se pulverizan sobre la piel, pueden llegar a las capas inferiores de la piel con el efecto de 1 bar de presi\u00f3n. Por lo tanto, el producto no necesita ser frotado en la piel con ning\u00fan tipo de m\u00e9todo de presi\u00f3n.<\/p>\n<p>Su efecto se observa enseguida y permanece durante mucho tiempo. Desde el primer momento en que se empieza a aplicar la oxigenoterapia, el producto con activador de ox\u00edgeno y ox\u00edgeno llega a las capas inferiores de la piel y aumenta la circulaci\u00f3n sangu\u00ednea, permite deshacerse de toxinas, retrasa el envejecimiento celular acelerando el metabolismo celular de la piel. La oxigenoterapia crea un efecto de masaje debido a que se aplica con una cierta presi\u00f3n y por lo tanto despierta la s\u00edntesis de col\u00e1geno y elastina.<\/p>\n<p>Proporciona un tratamiento de apoyo en la recuperaci\u00f3n de problemas cut\u00e1neos como acn\u00e9, manchas y heridas.<\/p>\n<p>La oxigenoterapia no s\u00f3lo se utiliza en el tratamiento de las arrugas sino que es un m\u00e9todo eficaz en la eliminaci\u00f3n de la celulitis que es el peor problema para las mujeres.<\/p>\n<\/div>\n<\/div>\n\t\t\t\t\t\t\t\t<\/div>\n\t\t\t\t<\/div>\n\t\t\t\t<\/div>\n\t\t<div class=\"elementor-element elementor-element-db52217 e-con-full e-flex e-con e-child\" data-id=\"db52217\" data-element_type=\"container\">\n\t\t\t\t<div class=\"elementor-element elementor-element-2f5bef2 elementor-widget elementor-widget-accordion\" data-id=\"2f5bef2\" data-element_type=\"widget\" data-widget_type=\"accordion.default\">\n\t\t\t\t<div class=\"elementor-widget-container\">\n\t\t\t\t\t\t\t<div class=\"elementor-accordion\">\n\t\t\t\t\t\t\t<div class=\"elementor-accordion-item\">\n\t\t\t\t\t<div id=\"elementor-tab-title-4961\" class=\"elementor-tab-title\" data-tab=\"1\" role=\"button\" aria-controls=\"elementor-tab-content-4961\" aria-expanded=\"false\">\n\t\t\t\t\t\t\t\t\t\t\t\t\t<span class=\"elementor-accordion-icon elementor-accordion-icon-left\" aria-hidden=\"true\">\n\t\t\t\t\t\t\t\t\t\t\t\t\t\t\t<span class=\"elementor-accordion-icon-closed\"><svg class=\"e-font-icon-svg e-fas-plus\" viewBox=\"0 0 448 512\" xmlns=\"http:\/\/www.w3.org\/2000\/svg\"><path d=\"M416 208H272V64c0-17.67-14.33-32-32-32h-32c-17.67 0-32 14.33-32 32v144H32c-17.67 0-32 14.33-32 32v32c0 17.67 14.33 32 32 32h144v144c0 17.67 14.33 32 32 32h32c17.67 0 32-14.33 32-32V304h144c17.67 0 32-14.33 32-32v-32c0-17.67-14.33-32-32-32z\"><\/path><\/svg><\/span>\n\t\t\t\t\t\t\t\t<span class=\"elementor-accordion-icon-opened\"><svg class=\"e-font-icon-svg e-fas-minus\" viewBox=\"0 0 448 512\" xmlns=\"http:\/\/www.w3.org\/2000\/svg\"><path d=\"M416 208H32c-17.67 0-32 14.33-32 32v32c0 17.67 14.33 32 32 32h384c17.67 0 32-14.33 32-32v-32c0-17.67-14.33-32-32-32z\"><\/path><\/svg><\/span>\n\t\t\t\t\t\t\t\t\t\t\t\t\t\t<\/span>\n\t\t\t\t\t\t\t\t\t\t\t\t<a class=\"elementor-accordion-title\" tabindex=\"0\">\u00bfDeber\u00eda aplicarme una mascarilla de oro?<\/a>\n\t\t\t\t\t<\/div>\n\t\t\t\t\t<div id=\"elementor-tab-content-4961\" class=\"elementor-tab-content elementor-clearfix\" data-tab=\"1\" role=\"region\" aria-labelledby=\"elementor-tab-title-4961\"><p>Si la regeneraci\u00f3n de los tejidos celulares de la epidermis se ha ralentizado, la cantidad de elastina &#8211; col\u00e1geno disminuye, la flacidez y las manchas de envejecimiento comienzan a aparecer en el rostro en fases avanzadas, S\u00cd, puede aplicarse la \u00abM\u00e1scara de Oro\u00bb.<\/p>\n<\/div>\n\t\t\t\t<\/div>\n\t\t\t\t\t\t\t<div class=\"elementor-accordion-item\">\n\t\t\t\t\t<div id=\"elementor-tab-title-4962\" class=\"elementor-tab-title\" data-tab=\"2\" role=\"button\" aria-controls=\"elementor-tab-content-4962\" aria-expanded=\"false\">\n\t\t\t\t\t\t\t\t\t\t\t\t\t<span class=\"elementor-accordion-icon elementor-accordion-icon-left\" aria-hidden=\"true\">\n\t\t\t\t\t\t\t\t\t\t\t\t\t\t\t<span class=\"elementor-accordion-icon-closed\"><svg class=\"e-font-icon-svg e-fas-plus\" viewBox=\"0 0 448 512\" xmlns=\"http:\/\/www.w3.org\/2000\/svg\"><path d=\"M416 208H272V64c0-17.67-14.33-32-32-32h-32c-17.67 0-32 14.33-32 32v144H32c-17.67 0-32 14.33-32 32v32c0 17.67 14.33 32 32 32h144v144c0 17.67 14.33 32 32 32h32c17.67 0 32-14.33 32-32V304h144c17.67 0 32-14.33 32-32v-32c0-17.67-14.33-32-32-32z\"><\/path><\/svg><\/span>\n\t\t\t\t\t\t\t\t<span class=\"elementor-accordion-icon-opened\"><svg class=\"e-font-icon-svg e-fas-minus\" viewBox=\"0 0 448 512\" xmlns=\"http:\/\/www.w3.org\/2000\/svg\"><path d=\"M416 208H32c-17.67 0-32 14.33-32 32v32c0 17.67 14.33 32 32 32h384c17.67 0 32-14.33 32-32v-32c0-17.67-14.33-32-32-32z\"><\/path><\/svg><\/span>\n\t\t\t\t\t\t\t\t\t\t\t\t\t\t<\/span>\n\t\t\t\t\t\t\t\t\t\t\t\t<a class=\"elementor-accordion-title\" tabindex=\"0\">\u00bfC\u00f3mo se aplica la M\u00e1scara de Oro?<\/a>\n\t\t\t\t\t<\/div>\n\t\t\t\t\t<div id=\"elementor-tab-content-4962\" class=\"elementor-tab-content elementor-clearfix\" data-tab=\"2\" role=\"region\" aria-labelledby=\"elementor-tab-title-4962\"><p>Inicialmente, la cara se limpia en nuestra cl\u00ednica. La M\u00e1scara de Oro que se coloca en la cara en placas se frota sobre la cara masajeando con la ayuda de una soluci\u00f3n especial.<\/p>\n<\/div>\n\t\t\t\t<\/div>\n\t\t\t\t\t\t\t<div class=\"elementor-accordion-item\">\n\t\t\t\t\t<div id=\"elementor-tab-title-4963\" class=\"elementor-tab-title\" data-tab=\"3\" role=\"button\" aria-controls=\"elementor-tab-content-4963\" aria-expanded=\"false\">\n\t\t\t\t\t\t\t\t\t\t\t\t\t<span class=\"elementor-accordion-icon elementor-accordion-icon-left\" aria-hidden=\"true\">\n\t\t\t\t\t\t\t\t\t\t\t\t\t\t\t<span class=\"elementor-accordion-icon-closed\"><svg class=\"e-font-icon-svg e-fas-plus\" viewBox=\"0 0 448 512\" xmlns=\"http:\/\/www.w3.org\/2000\/svg\"><path d=\"M416 208H272V64c0-17.67-14.33-32-32-32h-32c-17.67 0-32 14.33-32 32v144H32c-17.67 0-32 14.33-32 32v32c0 17.67 14.33 32 32 32h144v144c0 17.67 14.33 32 32 32h32c17.67 0 32-14.33 32-32V304h144c17.67 0 32-14.33 32-32v-32c0-17.67-14.33-32-32-32z\"><\/path><\/svg><\/span>\n\t\t\t\t\t\t\t\t<span class=\"elementor-accordion-icon-opened\"><svg class=\"e-font-icon-svg e-fas-minus\" viewBox=\"0 0 448 512\" xmlns=\"http:\/\/www.w3.org\/2000\/svg\"><path d=\"M416 208H32c-17.67 0-32 14.33-32 32v32c0 17.67 14.33 32 32 32h384c17.67 0 32-14.33 32-32v-32c0-17.67-14.33-32-32-32z\"><\/path><\/svg><\/span>\n\t\t\t\t\t\t\t\t\t\t\t\t\t\t<\/span>\n\t\t\t\t\t\t\t\t\t\t\t\t<a class=\"elementor-accordion-title\" tabindex=\"0\">\u00bfA qui\u00e9n se aplica la M\u00e1scara de Oro?<\/a>\n\t\t\t\t\t<\/div>\n\t\t\t\t\t<div id=\"elementor-tab-content-4963\" class=\"elementor-tab-content elementor-clearfix\" data-tab=\"3\" role=\"region\" aria-labelledby=\"elementor-tab-title-4963\"><p>La mascarilla no se aplica a las personas al\u00e9rgicas a las sustancias de la mascarilla, con quejas de heridas abiertas y herpes.<\/p>\n<\/div>\n\t\t\t\t<\/div>\n\t\t\t\t\t\t\t<div class=\"elementor-accordion-item\">\n\t\t\t\t\t<div id=\"elementor-tab-title-4964\" class=\"elementor-tab-title\" data-tab=\"4\" role=\"button\" aria-controls=\"elementor-tab-content-4964\" aria-expanded=\"false\">\n\t\t\t\t\t\t\t\t\t\t\t\t\t<span class=\"elementor-accordion-icon elementor-accordion-icon-left\" aria-hidden=\"true\">\n\t\t\t\t\t\t\t\t\t\t\t\t\t\t\t<span class=\"elementor-accordion-icon-closed\"><svg class=\"e-font-icon-svg e-fas-plus\" viewBox=\"0 0 448 512\" xmlns=\"http:\/\/www.w3.org\/2000\/svg\"><path d=\"M416 208H272V64c0-17.67-14.33-32-32-32h-32c-17.67 0-32 14.33-32 32v144H32c-17.67 0-32 14.33-32 32v32c0 17.67 14.33 32 32 32h144v144c0 17.67 14.33 32 32 32h32c17.67 0 32-14.33 32-32V304h144c17.67 0 32-14.33 32-32v-32c0-17.67-14.33-32-32-32z\"><\/path><\/svg><\/span>\n\t\t\t\t\t\t\t\t<span class=\"elementor-accordion-icon-opened\"><svg class=\"e-font-icon-svg e-fas-minus\" viewBox=\"0 0 448 512\" xmlns=\"http:\/\/www.w3.org\/2000\/svg\"><path d=\"M416 208H32c-17.67 0-32 14.33-32 32v32c0 17.67 14.33 32 32 32h384c17.67 0 32-14.33 32-32v-32c0-17.67-14.33-32-32-32z\"><\/path><\/svg><\/span>\n\t\t\t\t\t\t\t\t\t\t\t\t\t\t<\/span>\n\t\t\t\t\t\t\t\t\t\t\t\t<a class=\"elementor-accordion-title\" tabindex=\"0\">Volver a la vida social despu\u00e9s de la m\u00e1scara de oro<\/a>\n\t\t\t\t\t<\/div>\n\t\t\t\t\t<div id=\"elementor-tab-content-4964\" class=\"elementor-tab-content elementor-clearfix\" data-tab=\"4\" role=\"region\" aria-labelledby=\"elementor-tab-title-4964\"><p>La aplicaci\u00f3n dura entre 45 minutos y 1 hora, es \u00fatil repetirla una vez al mes. Puede volver a la vida social inmediatamente despu\u00e9s de la aplicaci\u00f3n. Despu\u00e9s de la aplicaci\u00f3n, la piel se vuelve uniforme, luminosa y vibrante.<\/p>\n<\/div>\n\t\t\t\t<\/div>\n\t\t\t\t\t\t\t<div class=\"elementor-accordion-item\">\n\t\t\t\t\t<div id=\"elementor-tab-title-4965\" class=\"elementor-tab-title\" data-tab=\"5\" role=\"button\" aria-controls=\"elementor-tab-content-4965\" aria-expanded=\"false\">\n\t\t\t\t\t\t\t\t\t\t\t\t\t<span class=\"elementor-accordion-icon elementor-accordion-icon-left\" aria-hidden=\"true\">\n\t\t\t\t\t\t\t\t\t\t\t\t\t\t\t<span class=\"elementor-accordion-icon-closed\"><svg class=\"e-font-icon-svg e-fas-plus\" viewBox=\"0 0 448 512\" xmlns=\"http:\/\/www.w3.org\/2000\/svg\"><path d=\"M416 208H272V64c0-17.67-14.33-32-32-32h-32c-17.67 0-32 14.33-32 32v144H32c-17.67 0-32 14.33-32 32v32c0 17.67 14.33 32 32 32h144v144c0 17.67 14.33 32 32 32h32c17.67 0 32-14.33 32-32V304h144c17.67 0 32-14.33 32-32v-32c0-17.67-14.33-32-32-32z\"><\/path><\/svg><\/span>\n\t\t\t\t\t\t\t\t<span class=\"elementor-accordion-icon-opened\"><svg class=\"e-font-icon-svg e-fas-minus\" viewBox=\"0 0 448 512\" xmlns=\"http:\/\/www.w3.org\/2000\/svg\"><path d=\"M416 208H32c-17.67 0-32 14.33-32 32v32c0 17.67 14.33 32 32 32h384c17.67 0 32-14.33 32-32v-32c0-17.67-14.33-32-32-32z\"><\/path><\/svg><\/span>\n\t\t\t\t\t\t\t\t\t\t\t\t\t\t<\/span>\n\t\t\t\t\t\t\t\t\t\t\t\t<a class=\"elementor-accordion-title\" tabindex=\"0\">\u00bfDebo hacerme un Peeling Qu\u00edmico?<\/a>\n\t\t\t\t\t<\/div>\n\t\t\t\t\t<div id=\"elementor-tab-content-4965\" class=\"elementor-tab-content elementor-clearfix\" data-tab=\"5\" role=\"region\" aria-labelledby=\"elementor-tab-title-4965\"><p>Si no te gusta la imagen general de tu Piel, te cuesta maquillarte y te miras en cada espejo, puedes hacerte S\u00cd \u00abPeeling Qu\u00edmico\u00bb si te molesta.<\/p>\n<\/div>\n\t\t\t\t<\/div>\n\t\t\t\t\t\t\t<div class=\"elementor-accordion-item\">\n\t\t\t\t\t<div id=\"elementor-tab-title-4966\" class=\"elementor-tab-title\" data-tab=\"6\" role=\"button\" aria-controls=\"elementor-tab-content-4966\" aria-expanded=\"false\">\n\t\t\t\t\t\t\t\t\t\t\t\t\t<span class=\"elementor-accordion-icon elementor-accordion-icon-left\" aria-hidden=\"true\">\n\t\t\t\t\t\t\t\t\t\t\t\t\t\t\t<span class=\"elementor-accordion-icon-closed\"><svg class=\"e-font-icon-svg e-fas-plus\" viewBox=\"0 0 448 512\" xmlns=\"http:\/\/www.w3.org\/2000\/svg\"><path d=\"M416 208H272V64c0-17.67-14.33-32-32-32h-32c-17.67 0-32 14.33-32 32v144H32c-17.67 0-32 14.33-32 32v32c0 17.67 14.33 32 32 32h144v144c0 17.67 14.33 32 32 32h32c17.67 0 32-14.33 32-32V304h144c17.67 0 32-14.33 32-32v-32c0-17.67-14.33-32-32-32z\"><\/path><\/svg><\/span>\n\t\t\t\t\t\t\t\t<span class=\"elementor-accordion-icon-opened\"><svg class=\"e-font-icon-svg e-fas-minus\" viewBox=\"0 0 448 512\" xmlns=\"http:\/\/www.w3.org\/2000\/svg\"><path d=\"M416 208H32c-17.67 0-32 14.33-32 32v32c0 17.67 14.33 32 32 32h384c17.67 0 32-14.33 32-32v-32c0-17.67-14.33-32-32-32z\"><\/path><\/svg><\/span>\n\t\t\t\t\t\t\t\t\t\t\t\t\t\t<\/span>\n\t\t\t\t\t\t\t\t\t\t\t\t<a class=\"elementor-accordion-title\" tabindex=\"0\">En qu\u00e9 casos no se realiza el peeling qu\u00edmico?<\/a>\n\t\t\t\t\t<\/div>\n\t\t\t\t\t<div id=\"elementor-tab-content-4966\" class=\"elementor-tab-content elementor-clearfix\" data-tab=\"6\" role=\"region\" aria-labelledby=\"elementor-tab-title-4966\"><p>Heridas abiertas y herpes en la Piel, afecciones al\u00e9rgicas, embarazo, quemaduras solares, y capilares est\u00e1n anat\u00f3micamente cerca de la superficie (Rozaselform) se puede aplicar excepto en casos como.<\/p>\n<\/div>\n\t\t\t\t<\/div>\n\t\t\t\t\t\t\t<div class=\"elementor-accordion-item\">\n\t\t\t\t\t<div id=\"elementor-tab-title-4967\" class=\"elementor-tab-title\" data-tab=\"7\" role=\"button\" aria-controls=\"elementor-tab-content-4967\" aria-expanded=\"false\">\n\t\t\t\t\t\t\t\t\t\t\t\t\t<span class=\"elementor-accordion-icon elementor-accordion-icon-left\" aria-hidden=\"true\">\n\t\t\t\t\t\t\t\t\t\t\t\t\t\t\t<span class=\"elementor-accordion-icon-closed\"><svg class=\"e-font-icon-svg e-fas-plus\" viewBox=\"0 0 448 512\" xmlns=\"http:\/\/www.w3.org\/2000\/svg\"><path d=\"M416 208H272V64c0-17.67-14.33-32-32-32h-32c-17.67 0-32 14.33-32 32v144H32c-17.67 0-32 14.33-32 32v32c0 17.67 14.33 32 32 32h144v144c0 17.67 14.33 32 32 32h32c17.67 0 32-14.33 32-32V304h144c17.67 0 32-14.33 32-32v-32c0-17.67-14.33-32-32-32z\"><\/path><\/svg><\/span>\n\t\t\t\t\t\t\t\t<span class=\"elementor-accordion-icon-opened\"><svg class=\"e-font-icon-svg e-fas-minus\" viewBox=\"0 0 448 512\" xmlns=\"http:\/\/www.w3.org\/2000\/svg\"><path d=\"M416 208H32c-17.67 0-32 14.33-32 32v32c0 17.67 14.33 32 32 32h384c17.67 0 32-14.33 32-32v-32c0-17.67-14.33-32-32-32z\"><\/path><\/svg><\/span>\n\t\t\t\t\t\t\t\t\t\t\t\t\t\t<\/span>\n\t\t\t\t\t\t\t\t\t\t\t\t<a class=\"elementor-accordion-title\" tabindex=\"0\">C\u00f3mo se realiza el peel\u0131ng qu\u00edmico?<\/a>\n\t\t\t\t\t<\/div>\n\t\t\t\t\t<div id=\"elementor-tab-content-4967\" class=\"elementor-tab-content elementor-clearfix\" data-tab=\"7\" role=\"region\" aria-labelledby=\"elementor-tab-title-4967\"><p>Debe realizarse Especialmente durante el periodo invernal y muy bien protegido del sol. Las aplicaciones comienzan a bajas concentraciones y se van incrementando cada vez m\u00e1s. El rango de Sesiones depende de la sensibilidad de la piel. La m\u00e1s temprana se repite al cabo de una semana, mientras que el tiempo ideal es de 2 a 3 semanas. Aunque el l\u00edmite de aplicaci\u00f3n de las Sesiones var\u00eda individualmente, la media de 6-8 es la sesi\u00f3n. El \u00e9xito del Tratamiento es proporcional a las recomendaciones de la persona.<\/p>\n<\/div>\n\t\t\t\t<\/div>\n\t\t\t\t\t\t\t<div class=\"elementor-accordion-item\">\n\t\t\t\t\t<div id=\"elementor-tab-title-4968\" class=\"elementor-tab-title\" data-tab=\"8\" role=\"button\" aria-controls=\"elementor-tab-content-4968\" aria-expanded=\"false\">\n\t\t\t\t\t\t\t\t\t\t\t\t\t<span class=\"elementor-accordion-icon elementor-accordion-icon-left\" aria-hidden=\"true\">\n\t\t\t\t\t\t\t\t\t\t\t\t\t\t\t<span class=\"elementor-accordion-icon-closed\"><svg class=\"e-font-icon-svg e-fas-plus\" viewBox=\"0 0 448 512\" xmlns=\"http:\/\/www.w3.org\/2000\/svg\"><path d=\"M416 208H272V64c0-17.67-14.33-32-32-32h-32c-17.67 0-32 14.33-32 32v144H32c-17.67 0-32 14.33-32 32v32c0 17.67 14.33 32 32 32h144v144c0 17.67 14.33 32 32 32h32c17.67 0 32-14.33 32-32V304h144c17.67 0 32-14.33 32-32v-32c0-17.67-14.33-32-32-32z\"><\/path><\/svg><\/span>\n\t\t\t\t\t\t\t\t<span class=\"elementor-accordion-icon-opened\"><svg class=\"e-font-icon-svg e-fas-minus\" viewBox=\"0 0 448 512\" xmlns=\"http:\/\/www.w3.org\/2000\/svg\"><path d=\"M416 208H32c-17.67 0-32 14.33-32 32v32c0 17.67 14.33 32 32 32h384c17.67 0 32-14.33 32-32v-32c0-17.67-14.33-32-32-32z\"><\/path><\/svg><\/span>\n\t\t\t\t\t\t\t\t\t\t\t\t\t\t<\/span>\n\t\t\t\t\t\t\t\t\t\t\t\t<a class=\"elementor-accordion-title\" tabindex=\"0\">Retorno a la Vida Social Despu\u00e9s del Peeling Qu\u00edmico<\/a>\n\t\t\t\t\t<\/div>\n\t\t\t\t\t<div id=\"elementor-tab-content-4968\" class=\"elementor-tab-content elementor-clearfix\" data-tab=\"8\" role=\"region\" aria-labelledby=\"elementor-tab-title-4968\"><p>Se tarda entre 1-1,5 horas en promedio, puede volver inmediatamente a la vida social despu\u00e9s de la aplicaci\u00f3n. Despu\u00e9s de la aplicaci\u00f3n, la sequedad, la formaci\u00f3n de arrugas y el enrojecimiento de la piel no impiden su vida social. La loci\u00f3n solar debe aplicarse durante el d\u00eda con un descanso de 2 horas. s necesario mantenerse alejado de los ejercicios que conducen a la Hammam, sauna, tratamiento de agua caliente, masajes y sudoraci\u00f3n. El Procedimiento no debe aplicarse despu\u00e9s de unos d\u00edas de maquillaje.<\/p>\n<\/div>\n\t\t\t\t<\/div>\n\t\t\t\t\t\t\t\t<\/div>\n\t\t\t\t\t\t<\/div>\n\t\t\t\t<\/div>\n\t\t\t\t<div class=\"elementor-element elementor-element-46834a6 elementor-widget elementor-widget-beforeafter\" data-id=\"46834a6\" data-element_type=\"widget\" data-widget_type=\"beforeafter.default\">\n\t\t\t\t<div class=\"elementor-widget-container\">\n\t\t\t\t\t\n\n<style>\n  \n#nd_elements_beforeafter_component_621 img { float:left; width:100%; }\n\n#nd_elements_beforeafter_component_621 { \nfloat: left;\nwidth: 100% !important;\nmargin: 0px !important;\npadding: 0px !important;\nposition: relative;\n}\n\n#nd_elements_beforeafter_component_621 .ui-slider-range {\nbackground-image: url(\"http:\/\/www.istanbulaestheticcenter.com\/wp-content\/uploads\/2022\/10\/before.jpg\");\nbackground-color: #000;\nz-index: 9;\nposition: absolute;\nheight: 100%;\nbackground-repeat: no-repeat;\nbackground-size: cover;\n}\n\n#nd_elements_beforeafter_component_621 .ui-slider-handle {\nbackground-color: #000;\nwidth: 4px;\nposition: absolute;\nheight: 100%;\noutline: 0px;\ncursor: ew-resize;  \n}\n\n#nd_elements_beforeafter_component_621 .ui-slider-handle:after {\ncontent: \"\";\nwidth: 40px;\nheight: 40px;\nbackground-color: #ccc;\nposition: absolute;\ntop: 50%;\nmargin-top: -20px;\nmargin-left: -18px;\nz-index: 9;\nborder-radius: 100%;\nbackground-image:url(\"http:\/\/www.istanbulaestheticcenter.com\/wp-content\/uploads\/2022\/09\/arrows.png\");\nbackground-size: 30px;\nbackground-position: center;\nbackground-repeat: no-repeat;\n}\n\n<\/style>\n\n\n<script>\njQuery( function() {\n\njQuery( \"#nd_elements_beforeafter_component_621\" ).slider({\n  value: 50,\n  orientation: \"horizontal\",\n  range: \"min\",\n  animate: true\n});\n\n} );\n<\/script>\n\n\n<div class=\"nd_elements_section nd_elements_beforeafter_component\">\n\n\t<div class=\"nd_elements_section\">\n\t\t<div id=\"nd_elements_beforeafter_component_621\">\n\t\t\t<img decoding=\"async\" src=\"http:\/\/www.istanbulaestheticcenter.com\/wp-content\/uploads\/2022\/10\/after.jpg\">\n\t\t<\/div>\n\t<\/div>\n\t\n<\/div>\t\t\t\t<\/div>\n\t\t\t\t<\/div>\n\t\t\t\t<\/div>\n\t\t\t\t\t<\/div>\n\t\t\t\t<\/div>\n\t\t\t\t<\/div>\n\t\t","protected":false},"excerpt":{"rendered":"<p>CUIDADO DE LA PIEL CON ORO Oro proviene de la palabra \u00abAurum\u00bb en lat\u00edn. Cuando se estudian los registros antiguos, se ve que el uso del oro se remonta al a\u00f1o 3200 y al reinado egipcio. Aunque el oro fue utilizado como dinero por muchas civilizaciones, se vio que se utilizaba como chucher\u00edas. El oro, [&hellip;]<\/p>\n","protected":false},"author":1,"featured_media":0,"parent":16932,"menu_order":0,"comment_status":"closed","ping_status":"closed","template":"","meta":{"_themeisle_gutenberg_block_has_review":false,"footnotes":""},"class_list":["post-16462","page","type-page","status-publish","hentry"],"_links":{"self":[{"href":"http:\/\/www.istanbulaestheticcenter.com\/es\/wp-json\/wp\/v2\/pages\/16462","targetHints":{"allow":["GET"]}}],"collection":[{"href":"http:\/\/www.istanbulaestheticcenter.com\/es\/wp-json\/wp\/v2\/pages"}],"about":[{"href":"http:\/\/www.istanbulaestheticcenter.com\/es\/wp-json\/wp\/v2\/types\/page"}],"author":[{"embeddable":true,"href":"http:\/\/www.istanbulaestheticcenter.com\/es\/wp-json\/wp\/v2\/users\/1"}],"replies":[{"embeddable":true,"href":"http:\/\/www.istanbulaestheticcenter.com\/es\/wp-json\/wp\/v2\/comments?post=16462"}],"version-history":[{"count":1,"href":"http:\/\/www.istanbulaestheticcenter.com\/es\/wp-json\/wp\/v2\/pages\/16462\/revisions"}],"predecessor-version":[{"id":16463,"href":"http:\/\/www.istanbulaestheticcenter.com\/es\/wp-json\/wp\/v2\/pages\/16462\/revisions\/16463"}],"up":[{"embeddable":true,"href":"http:\/\/www.istanbulaestheticcenter.com\/es\/wp-json\/wp\/v2\/pages\/16932"}],"wp:attachment":[{"href":"http:\/\/www.istanbulaestheticcenter.com\/es\/wp-json\/wp\/v2\/media?parent=16462"}],"curies":[{"name":"wp","href":"https:\/\/api.w.org\/{rel}","templated":true}]}}