{"id":16832,"date":"2024-04-20T02:36:10","date_gmt":"2024-04-19T23:36:10","guid":{"rendered":"https:\/\/www.istanbulaestheticcenter.com\/brustverkleinerung-bei-maennern\/"},"modified":"2024-04-29T13:34:36","modified_gmt":"2024-04-29T10:34:36","slug":"brustverkleinerung-bei-maennern","status":"publish","type":"page","link":"http:\/\/www.istanbulaestheticcenter.com\/de\/mammoplastie\/brustverkleinerung-bei-maennern\/","title":{"rendered":"Brustverkleinerung bei M\u00e4nnern"},"content":{"rendered":"\t\t<div data-elementor-type=\"wp-page\" data-elementor-id=\"16832\" class=\"elementor elementor-16832 elementor-13271\">\n\t\t\t\t<div class=\"elementor-element elementor-element-e9f0f8c e-flex e-con-boxed e-con e-parent\" data-id=\"e9f0f8c\" data-element_type=\"container\">\n\t\t\t\t\t<div class=\"e-con-inner\">\n\t\t<div class=\"elementor-element elementor-element-b0db3b0 e-flex e-con-boxed e-con e-child\" data-id=\"b0db3b0\" data-element_type=\"container\">\n\t\t\t\t\t<div class=\"e-con-inner\">\n\t\t\t\t<div class=\"elementor-element elementor-element-1dbdfe8 elementor-widget elementor-widget-image\" data-id=\"1dbdfe8\" data-element_type=\"widget\" data-widget_type=\"image.default\">\n\t\t\t\t<div class=\"elementor-widget-container\">\n\t\t\t\t\t\t\t\t\t\t\t\t\t\t\t<img fetchpriority=\"high\" decoding=\"async\" width=\"1024\" height=\"525\" src=\"http:\/\/www.istanbulaestheticcenter.com\/wp-content\/uploads\/2024\/04\/male-breast-reduction-1024x525.jpg\" class=\"attachment-large size-large wp-image-16034\" alt=\"\" srcset=\"http:\/\/www.istanbulaestheticcenter.com\/wp-content\/uploads\/2024\/04\/male-breast-reduction-1024x525.jpg 1024w, http:\/\/www.istanbulaestheticcenter.com\/wp-content\/uploads\/2024\/04\/male-breast-reduction-300x154.jpg 300w, http:\/\/www.istanbulaestheticcenter.com\/wp-content\/uploads\/2024\/04\/male-breast-reduction-768x394.jpg 768w, http:\/\/www.istanbulaestheticcenter.com\/wp-content\/uploads\/2024\/04\/male-breast-reduction-1000x513.jpg 1000w, http:\/\/www.istanbulaestheticcenter.com\/wp-content\/uploads\/2024\/04\/male-breast-reduction-1110x570.jpg 1110w, http:\/\/www.istanbulaestheticcenter.com\/wp-content\/uploads\/2024\/04\/male-breast-reduction.jpg 1120w\" sizes=\"(max-width: 1024px) 100vw, 1024px\" \/>\t\t\t\t\t\t\t\t\t\t\t\t\t\t\t<\/div>\n\t\t\t\t<\/div>\n\t\t\t\t\t<\/div>\n\t\t\t\t<\/div>\n\t\t\t\t\t<\/div>\n\t\t\t\t<\/div>\n\t\t<div class=\"elementor-element elementor-element-3f7c041 e-flex e-con-boxed e-con e-parent\" data-id=\"3f7c041\" data-element_type=\"container\">\n\t\t\t\t\t<div class=\"e-con-inner\">\n\t\t<div class=\"elementor-element elementor-element-50bb1f7 e-con-full e-flex e-con e-child\" data-id=\"50bb1f7\" data-element_type=\"container\">\n\t\t\t\t<div class=\"elementor-element elementor-element-1fc6a50 elementor-widget elementor-widget-heading\" data-id=\"1fc6a50\" data-element_type=\"widget\" data-widget_type=\"heading.default\">\n\t\t\t\t<div class=\"elementor-widget-container\">\n\t\t\t\t\t<h2 class=\"elementor-heading-title elementor-size-default\">Was ist eine Gyn\u00e4komastie-Operation?<\/h2>\t\t\t\t<\/div>\n\t\t\t\t<\/div>\n\t\t\t\t<div class=\"elementor-element elementor-element-a63c1e5 elementor-widget elementor-widget-text-editor\" data-id=\"a63c1e5\" data-element_type=\"widget\" data-widget_type=\"text-editor.default\">\n\t\t\t\t<div class=\"elementor-widget-container\">\n\t\t\t\t\t\t\t\t\t<p>Die Gyn\u00e4komastie-Operation, auch bekannt als Brustverkleinerung bei M\u00e4nnern, ist ein chirurgischer Eingriff, der darauf abzielt, die Gr\u00f6\u00dfe des vergr\u00f6\u00dferten oder \u00fcberentwickelten Brustgewebes bei M\u00e4nnern zu reduzieren. Gyn\u00e4komastie kann aufgrund von Hormonst\u00f6rungen, genetischer Veranlagung, Fettleibigkeit, bestimmten Medikamenten oder zugrundeliegenden Erkrankungen auftreten und k\u00f6rperliches Unbehagen, Selbstbewusstsein und emotionalen Stress verursachen.<\/p>\n<p>Hier finden Sie einen \u00dcberblick dar\u00fcber, wie eine Gyn\u00e4komastie-Operation normalerweise durchgef\u00fchrt wird:<\/p>\n<ol>\n<li>\n<p><strong>Konsultation<\/strong>: Vor dem Eingriff findet ein Beratungsgespr\u00e4ch mit einem qualifizierten plastischen Chirurgen statt, in dem die Ziele, Erwartungen und die Krankengeschichte des Patienten besprochen werden. Der Chirurg beurteilt die Brustanatomie des Patienten, den Grad der Gyn\u00e4komastie und die zugrunde liegenden Ursachen, um den am besten geeigneten Ansatz f\u00fcr die Verkleinerung der m\u00e4nnlichen Brust zu bestimmen.<\/p>\n<\/li>\n<li>\n<p><strong>An\u00e4sthesie<\/strong>: Die Gyn\u00e4komastie-Operation kann unter \u00f6rtlicher Bet\u00e4ubung mit Sedierung oder unter Vollnarkose durchgef\u00fchrt werden, je nach den W\u00fcnschen des Patienten und dem Ausma\u00df des Eingriffs.<\/p>\n<\/li>\n<li>\n<p><strong>Schnitte<\/strong>: Der Chirurg setzt diskrete Schnitte um den Warzenhof (die dunkle Haut um die Brustwarze herum) oder in den nat\u00fcrlichen Falten der Brust, um die sichtbare Narbenbildung zu minimieren. Die L\u00e4nge und Anordnung der Schnitte h\u00e4ngt von Faktoren wie der Menge des zu entfernenden \u00fcbersch\u00fcssigen Gewebes und dem gew\u00fcnschten Ergebnis ab.<\/p>\n<\/li>\n<li>\n<p><strong>Entfernung des Gewebes:<\/strong> Nach dem Setzen der Schnitte entfernt der Chirurg \u00fcbersch\u00fcssiges Brustgewebe, Fett und Haut aus dem Brustbereich mit Techniken wie Fettabsaugung, Exzision oder einer Kombination aus beidem. Das Ziel ist es, eine flachere, m\u00e4nnlichere Brustkontur zu erreichen.<\/p>\n<\/li>\n<li>\n<p><strong>Neupositionierung der Brustwarzen:<\/strong> Falls erforderlich, kann der Chirurg die Brustwarzen auch an eine \u00e4sthetischere Stelle auf der Brust verlagern, um die Symmetrie und Proportionen zu verbessern.<\/p>\n<\/li>\n<li>\n<p><strong>Verschluss<\/strong>: Sobald die gew\u00fcnschte Korrektur erreicht ist, werden die Schnitte mit N\u00e4hten verschlossen und die Operationsstellen mit den erforderlichen Verb\u00e4nden gesch\u00fctzt.<\/p>\n<\/li>\n<li>\n<p><strong>Genesung<\/strong>: Nach dem Eingriff kann es zu Schwellungen, Bluterg\u00fcssen und Unwohlsein kommen, die mit Schmerzmitteln und st\u00fctzender Kleidung wie Kompressionskleidung oder einer chirurgischen Weste behandelt werden k\u00f6nnen. Es ist wichtig, die postoperativen Anweisungen des Chirurgen zu befolgen, um die Heilung zu f\u00f6rdern und das Ergebnis zu optimieren.<\/p>\n<\/li>\n<\/ol>\n\t\t\t\t\t\t\t\t<\/div>\n\t\t\t\t<\/div>\n\t\t\t\t<\/div>\n\t\t<div class=\"elementor-element elementor-element-1cd2b8e e-con-full e-flex e-con e-child\" data-id=\"1cd2b8e\" data-element_type=\"container\">\n\t\t\t\t<div class=\"elementor-element elementor-element-6494aa8 elementor-widget elementor-widget-text-editor\" data-id=\"6494aa8\" data-element_type=\"widget\" data-widget_type=\"text-editor.default\">\n\t\t\t\t<div class=\"elementor-widget-container\">\n\t\t\t\t\t\t\t\t\t<p>Eine Gyn\u00e4komastie-Operation kann das Erscheinungsbild der Brust deutlich verbessern, das Selbstvertrauen wiederherstellen und es M\u00e4nnern erm\u00f6glichen, sich wohler und m\u00e4nnlicher zu f\u00fchlen. Um das bestm\u00f6gliche Ergebnis zu erzielen, sollte man sich jedoch unbedingt an einen Facharzt f\u00fcr plastische Chirurgie wenden, der auf die Verkleinerung der m\u00e4nnlichen Brust spezialisiert ist. Seri\u00f6se Einrichtungen mit Erfahrung in der Gyn\u00e4komastiechirurgie, wie das <strong> Istanbul Aesthetic Center (IAC)<\/strong>, k\u00f6nnen Ihnen auf Ihrem Weg zu einer flacheren, m\u00e4nnlicheren Brustkontur zus\u00e4tzliche Sicherheit und Ruhe bieten.<\/p>\n\t\t\t\t\t\t\t\t<\/div>\n\t\t\t\t<\/div>\n\t\t\t\t<div class=\"elementor-element elementor-element-fb2c982 elementor-widget elementor-widget-beforeafter\" data-id=\"fb2c982\" data-element_type=\"widget\" data-widget_type=\"beforeafter.default\">\n\t\t\t\t<div class=\"elementor-widget-container\">\n\t\t\t\t\t\n\n<style>\n  \n#nd_elements_beforeafter_component_664 img { float:left; width:100%; }\n\n#nd_elements_beforeafter_component_664 { \nfloat: left;\nwidth: 100% !important;\nmargin: 0px !important;\npadding: 0px !important;\nposition: relative;\n}\n\n#nd_elements_beforeafter_component_664 .ui-slider-range {\nbackground-image: url(\"http:\/\/www.istanbulaestheticcenter.com\/wp-content\/uploads\/2024\/04\/Gynecomastia-before.jpg\");\nbackground-color: #000;\nz-index: 9;\nposition: absolute;\nheight: 100%;\nbackground-repeat: no-repeat;\nbackground-size: cover;\n}\n\n#nd_elements_beforeafter_component_664 .ui-slider-handle {\nbackground-color: #000;\nwidth: 4px;\nposition: absolute;\nheight: 100%;\noutline: 0px;\ncursor: ew-resize;  \n}\n\n#nd_elements_beforeafter_component_664 .ui-slider-handle:after {\ncontent: \"\";\nwidth: 40px;\nheight: 40px;\nbackground-color: #ccc;\nposition: absolute;\ntop: 50%;\nmargin-top: -20px;\nmargin-left: -18px;\nz-index: 9;\nborder-radius: 100%;\nbackground-image:url(\"http:\/\/www.istanbulaestheticcenter.com\/wp-content\/uploads\/2022\/09\/arrows.png\");\nbackground-size: 30px;\nbackground-position: center;\nbackground-repeat: no-repeat;\n}\n\n<\/style>\n\n\n<script>\njQuery( function() {\n\njQuery( \"#nd_elements_beforeafter_component_664\" ).slider({\n  value: 50,\n  orientation: \"horizontal\",\n  range: \"min\",\n  animate: true\n});\n\n} );\n<\/script>\n\n\n<div class=\"nd_elements_section nd_elements_beforeafter_component\">\n\n\t<div class=\"nd_elements_section\">\n\t\t<div id=\"nd_elements_beforeafter_component_664\">\n\t\t\t<img decoding=\"async\" src=\"http:\/\/www.istanbulaestheticcenter.com\/wp-content\/uploads\/2024\/04\/Gynecomastia-after.jpg\">\n\t\t<\/div>\n\t<\/div>\n\t\n<\/div>\t\t\t\t<\/div>\n\t\t\t\t<\/div>\n\t\t\t\t<div class=\"elementor-element elementor-element-9d83911 elementor-widget elementor-widget-accordion\" data-id=\"9d83911\" data-element_type=\"widget\" data-widget_type=\"accordion.default\">\n\t\t\t\t<div class=\"elementor-widget-container\">\n\t\t\t\t\t\t\t<div class=\"elementor-accordion\">\n\t\t\t\t\t\t\t<div class=\"elementor-accordion-item\">\n\t\t\t\t\t<div id=\"elementor-tab-title-1651\" class=\"elementor-tab-title\" data-tab=\"1\" role=\"button\" aria-controls=\"elementor-tab-content-1651\" aria-expanded=\"false\">\n\t\t\t\t\t\t\t\t\t\t\t\t\t<span class=\"elementor-accordion-icon elementor-accordion-icon-left\" aria-hidden=\"true\">\n\t\t\t\t\t\t\t\t\t\t\t\t\t\t\t<span class=\"elementor-accordion-icon-closed\"><svg class=\"e-font-icon-svg e-fas-plus\" viewBox=\"0 0 448 512\" xmlns=\"http:\/\/www.w3.org\/2000\/svg\"><path d=\"M416 208H272V64c0-17.67-14.33-32-32-32h-32c-17.67 0-32 14.33-32 32v144H32c-17.67 0-32 14.33-32 32v32c0 17.67 14.33 32 32 32h144v144c0 17.67 14.33 32 32 32h32c17.67 0 32-14.33 32-32V304h144c17.67 0 32-14.33 32-32v-32c0-17.67-14.33-32-32-32z\"><\/path><\/svg><\/span>\n\t\t\t\t\t\t\t\t<span class=\"elementor-accordion-icon-opened\"><svg class=\"e-font-icon-svg e-fas-minus\" viewBox=\"0 0 448 512\" xmlns=\"http:\/\/www.w3.org\/2000\/svg\"><path d=\"M416 208H32c-17.67 0-32 14.33-32 32v32c0 17.67 14.33 32 32 32h384c17.67 0 32-14.33 32-32v-32c0-17.67-14.33-32-32-32z\"><\/path><\/svg><\/span>\n\t\t\t\t\t\t\t\t\t\t\t\t\t\t<\/span>\n\t\t\t\t\t\t\t\t\t\t\t\t<a class=\"elementor-accordion-title\" tabindex=\"0\">Sollte ich mich einer Gyn\u00e4komastie-Operation unterziehen?<\/a>\n\t\t\t\t\t<\/div>\n\t\t\t\t\t<div id=\"elementor-tab-content-1651\" class=\"elementor-tab-content elementor-clearfix\" data-tab=\"1\" role=\"region\" aria-labelledby=\"elementor-tab-title-1651\"><p>Wenn sich Ihre Brustgr\u00f6\u00dfe aufgrund einer Gewichtsver\u00e4nderung oder aus hormonellen Gr\u00fcnden merklich ver\u00e4ndert hat und Sie dies in Ihrem sozialen Leben st\u00f6rt, k\u00f6nnen Sie sich einer \u201eGyn\u00e4komastie-Operation\u201c unterziehen.<\/p>\n<\/div>\n\t\t\t\t<\/div>\n\t\t\t\t\t\t\t<div class=\"elementor-accordion-item\">\n\t\t\t\t\t<div id=\"elementor-tab-title-1652\" class=\"elementor-tab-title\" data-tab=\"2\" role=\"button\" aria-controls=\"elementor-tab-content-1652\" aria-expanded=\"false\">\n\t\t\t\t\t\t\t\t\t\t\t\t\t<span class=\"elementor-accordion-icon elementor-accordion-icon-left\" aria-hidden=\"true\">\n\t\t\t\t\t\t\t\t\t\t\t\t\t\t\t<span class=\"elementor-accordion-icon-closed\"><svg class=\"e-font-icon-svg e-fas-plus\" viewBox=\"0 0 448 512\" xmlns=\"http:\/\/www.w3.org\/2000\/svg\"><path d=\"M416 208H272V64c0-17.67-14.33-32-32-32h-32c-17.67 0-32 14.33-32 32v144H32c-17.67 0-32 14.33-32 32v32c0 17.67 14.33 32 32 32h144v144c0 17.67 14.33 32 32 32h32c17.67 0 32-14.33 32-32V304h144c17.67 0 32-14.33 32-32v-32c0-17.67-14.33-32-32-32z\"><\/path><\/svg><\/span>\n\t\t\t\t\t\t\t\t<span class=\"elementor-accordion-icon-opened\"><svg class=\"e-font-icon-svg e-fas-minus\" viewBox=\"0 0 448 512\" xmlns=\"http:\/\/www.w3.org\/2000\/svg\"><path d=\"M416 208H32c-17.67 0-32 14.33-32 32v32c0 17.67 14.33 32 32 32h384c17.67 0 32-14.33 32-32v-32c0-17.67-14.33-32-32-32z\"><\/path><\/svg><\/span>\n\t\t\t\t\t\t\t\t\t\t\t\t\t\t<\/span>\n\t\t\t\t\t\t\t\t\t\t\t\t<a class=\"elementor-accordion-title\" tabindex=\"0\">Was sollte vor der Operation beachtet werden?<\/a>\n\t\t\t\t\t<\/div>\n\t\t\t\t\t<div id=\"elementor-tab-content-1652\" class=\"elementor-tab-content elementor-clearfix\" data-tab=\"2\" role=\"region\" aria-labelledby=\"elementor-tab-title-1652\"><p>Sie sollten Ihrem Arzt alle Ihre Erwartungen und Bedenken mitteilen. W\u00e4hrend der Untersuchung sollten Sie alle Fragen zu Ihrem allgemeinen Gesundheitszustand ausf\u00fchrlich beantworten und Ihren Arzt \u00fcber Ihre fr\u00fcheren Krankheiten und die von Ihnen eingenommenen Medikamente informieren. Die Operationsbereiche werden bei der k\u00f6rperlichen Untersuchung festgelegt, Ihre neue K\u00f6rperform wird besprochen.<\/p>\n<\/div>\n\t\t\t\t<\/div>\n\t\t\t\t\t\t\t<div class=\"elementor-accordion-item\">\n\t\t\t\t\t<div id=\"elementor-tab-title-1653\" class=\"elementor-tab-title\" data-tab=\"3\" role=\"button\" aria-controls=\"elementor-tab-content-1653\" aria-expanded=\"false\">\n\t\t\t\t\t\t\t\t\t\t\t\t\t<span class=\"elementor-accordion-icon elementor-accordion-icon-left\" aria-hidden=\"true\">\n\t\t\t\t\t\t\t\t\t\t\t\t\t\t\t<span class=\"elementor-accordion-icon-closed\"><svg class=\"e-font-icon-svg e-fas-plus\" viewBox=\"0 0 448 512\" xmlns=\"http:\/\/www.w3.org\/2000\/svg\"><path d=\"M416 208H272V64c0-17.67-14.33-32-32-32h-32c-17.67 0-32 14.33-32 32v144H32c-17.67 0-32 14.33-32 32v32c0 17.67 14.33 32 32 32h144v144c0 17.67 14.33 32 32 32h32c17.67 0 32-14.33 32-32V304h144c17.67 0 32-14.33 32-32v-32c0-17.67-14.33-32-32-32z\"><\/path><\/svg><\/span>\n\t\t\t\t\t\t\t\t<span class=\"elementor-accordion-icon-opened\"><svg class=\"e-font-icon-svg e-fas-minus\" viewBox=\"0 0 448 512\" xmlns=\"http:\/\/www.w3.org\/2000\/svg\"><path d=\"M416 208H32c-17.67 0-32 14.33-32 32v32c0 17.67 14.33 32 32 32h384c17.67 0 32-14.33 32-32v-32c0-17.67-14.33-32-32-32z\"><\/path><\/svg><\/span>\n\t\t\t\t\t\t\t\t\t\t\t\t\t\t<\/span>\n\t\t\t\t\t\t\t\t\t\t\t\t<a class=\"elementor-accordion-title\" tabindex=\"0\">Wie wird die Operation ablaufen?<\/a>\n\t\t\t\t\t<\/div>\n\t\t\t\t\t<div id=\"elementor-tab-content-1653\" class=\"elementor-tab-content elementor-clearfix\" data-tab=\"3\" role=\"region\" aria-labelledby=\"elementor-tab-title-1653\"><p>Ihre Operation, die in unserem Krankenhaus durchgef\u00fchrt wird, wird mit Sedierung + unter Vollnarkose durchgef\u00fchrt, wie in der Praxis. Die ungef\u00e4hre Dauer betr\u00e4gt 1-1,5 Stunden.<\/p>\n<\/div>\n\t\t\t\t<\/div>\n\t\t\t\t\t\t\t<div class=\"elementor-accordion-item\">\n\t\t\t\t\t<div id=\"elementor-tab-title-1654\" class=\"elementor-tab-title\" data-tab=\"4\" role=\"button\" aria-controls=\"elementor-tab-content-1654\" aria-expanded=\"false\">\n\t\t\t\t\t\t\t\t\t\t\t\t\t<span class=\"elementor-accordion-icon elementor-accordion-icon-left\" aria-hidden=\"true\">\n\t\t\t\t\t\t\t\t\t\t\t\t\t\t\t<span class=\"elementor-accordion-icon-closed\"><svg class=\"e-font-icon-svg e-fas-plus\" viewBox=\"0 0 448 512\" xmlns=\"http:\/\/www.w3.org\/2000\/svg\"><path d=\"M416 208H272V64c0-17.67-14.33-32-32-32h-32c-17.67 0-32 14.33-32 32v144H32c-17.67 0-32 14.33-32 32v32c0 17.67 14.33 32 32 32h144v144c0 17.67 14.33 32 32 32h32c17.67 0 32-14.33 32-32V304h144c17.67 0 32-14.33 32-32v-32c0-17.67-14.33-32-32-32z\"><\/path><\/svg><\/span>\n\t\t\t\t\t\t\t\t<span class=\"elementor-accordion-icon-opened\"><svg class=\"e-font-icon-svg e-fas-minus\" viewBox=\"0 0 448 512\" xmlns=\"http:\/\/www.w3.org\/2000\/svg\"><path d=\"M416 208H32c-17.67 0-32 14.33-32 32v32c0 17.67 14.33 32 32 32h384c17.67 0 32-14.33 32-32v-32c0-17.67-14.33-32-32-32z\"><\/path><\/svg><\/span>\n\t\t\t\t\t\t\t\t\t\t\t\t\t\t<\/span>\n\t\t\t\t\t\t\t\t\t\t\t\t<a class=\"elementor-accordion-title\" tabindex=\"0\">Was sollte man \u00fcber An\u00e4sthesie wissen?<\/a>\n\t\t\t\t\t<\/div>\n\t\t\t\t\t<div id=\"elementor-tab-content-1654\" class=\"elementor-tab-content elementor-clearfix\" data-tab=\"4\" role=\"region\" aria-labelledby=\"elementor-tab-title-1654\"><p>Vor der Brustvergr\u00f6\u00dferungsoperation werden Sie von einem An\u00e4sthesisten untersucht und aufgekl\u00e4rt. Blutverd\u00fcnnende Medikamente, Vitamine und Faktoren, die die An\u00e4sthesie beeinflussen, wie Alkohol und Rauchen, sollten Sie ab dem von Ihrem Arzt vorgesehenen Datum absetzen.<\/p>\n<\/div>\n\t\t\t\t<\/div>\n\t\t\t\t\t\t\t<div class=\"elementor-accordion-item\">\n\t\t\t\t\t<div id=\"elementor-tab-title-1655\" class=\"elementor-tab-title\" data-tab=\"5\" role=\"button\" aria-controls=\"elementor-tab-content-1655\" aria-expanded=\"false\">\n\t\t\t\t\t\t\t\t\t\t\t\t\t<span class=\"elementor-accordion-icon elementor-accordion-icon-left\" aria-hidden=\"true\">\n\t\t\t\t\t\t\t\t\t\t\t\t\t\t\t<span class=\"elementor-accordion-icon-closed\"><svg class=\"e-font-icon-svg e-fas-plus\" viewBox=\"0 0 448 512\" xmlns=\"http:\/\/www.w3.org\/2000\/svg\"><path d=\"M416 208H272V64c0-17.67-14.33-32-32-32h-32c-17.67 0-32 14.33-32 32v144H32c-17.67 0-32 14.33-32 32v32c0 17.67 14.33 32 32 32h144v144c0 17.67 14.33 32 32 32h32c17.67 0 32-14.33 32-32V304h144c17.67 0 32-14.33 32-32v-32c0-17.67-14.33-32-32-32z\"><\/path><\/svg><\/span>\n\t\t\t\t\t\t\t\t<span class=\"elementor-accordion-icon-opened\"><svg class=\"e-font-icon-svg e-fas-minus\" viewBox=\"0 0 448 512\" xmlns=\"http:\/\/www.w3.org\/2000\/svg\"><path d=\"M416 208H32c-17.67 0-32 14.33-32 32v32c0 17.67 14.33 32 32 32h384c17.67 0 32-14.33 32-32v-32c0-17.67-14.33-32-32-32z\"><\/path><\/svg><\/span>\n\t\t\t\t\t\t\t\t\t\t\t\t\t\t<\/span>\n\t\t\t\t\t\t\t\t\t\t\t\t<a class=\"elementor-accordion-title\" tabindex=\"0\">Zeitraum der R\u00fcckkehr ins gesellschaftliche Leben nach der Operation<\/a>\n\t\t\t\t\t<\/div>\n\t\t\t\t\t<div id=\"elementor-tab-content-1655\" class=\"elementor-tab-content elementor-clearfix\" data-tab=\"5\" role=\"region\" aria-labelledby=\"elementor-tab-title-1655\"><p>In der ersten Zeit wird ein kleines \u00d6dem auftreten, das sich jedoch mit der Zeit bessern wird. Sie k\u00f6nnen Ihre sozialen Aktivit\u00e4ten und Ihr Arbeitsleben in 2-3 Tagen wieder aufnehmen.<\/p>\n<\/div>\n\t\t\t\t<\/div>\n\t\t\t\t\t\t\t\t<\/div>\n\t\t\t\t\t\t<\/div>\n\t\t\t\t<\/div>\n\t\t\t\t<\/div>\n\t\t\t\t\t<\/div>\n\t\t\t\t<\/div>\n\t\t\t\t<\/div>\n\t\t","protected":false},"excerpt":{"rendered":"<p>Was ist eine Gyn\u00e4komastie-Operation? Die Gyn\u00e4komastie-Operation, auch bekannt als Brustverkleinerung bei M\u00e4nnern, ist ein chirurgischer Eingriff, der darauf abzielt, die Gr\u00f6\u00dfe des vergr\u00f6\u00dferten oder \u00fcberentwickelten Brustgewebes bei M\u00e4nnern zu reduzieren. Gyn\u00e4komastie kann aufgrund von Hormonst\u00f6rungen, genetischer Veranlagung, Fettleibigkeit, bestimmten Medikamenten oder zugrundeliegenden Erkrankungen auftreten und k\u00f6rperliches Unbehagen, Selbstbewusstsein und emotionalen Stress verursachen. Hier finden Sie [&hellip;]<\/p>\n","protected":false},"author":1,"featured_media":0,"parent":16861,"menu_order":0,"comment_status":"closed","ping_status":"closed","template":"","meta":{"_themeisle_gutenberg_block_has_review":false,"footnotes":""},"class_list":["post-16832","page","type-page","status-publish","hentry"],"_links":{"self":[{"href":"http:\/\/www.istanbulaestheticcenter.com\/de\/wp-json\/wp\/v2\/pages\/16832","targetHints":{"allow":["GET"]}}],"collection":[{"href":"http:\/\/www.istanbulaestheticcenter.com\/de\/wp-json\/wp\/v2\/pages"}],"about":[{"href":"http:\/\/www.istanbulaestheticcenter.com\/de\/wp-json\/wp\/v2\/types\/page"}],"author":[{"embeddable":true,"href":"http:\/\/www.istanbulaestheticcenter.com\/de\/wp-json\/wp\/v2\/users\/1"}],"replies":[{"embeddable":true,"href":"http:\/\/www.istanbulaestheticcenter.com\/de\/wp-json\/wp\/v2\/comments?post=16832"}],"version-history":[{"count":2,"href":"http:\/\/www.istanbulaestheticcenter.com\/de\/wp-json\/wp\/v2\/pages\/16832\/revisions"}],"predecessor-version":[{"id":16847,"href":"http:\/\/www.istanbulaestheticcenter.com\/de\/wp-json\/wp\/v2\/pages\/16832\/revisions\/16847"}],"up":[{"embeddable":true,"href":"http:\/\/www.istanbulaestheticcenter.com\/de\/wp-json\/wp\/v2\/pages\/16861"}],"wp:attachment":[{"href":"http:\/\/www.istanbulaestheticcenter.com\/de\/wp-json\/wp\/v2\/media?parent=16832"}],"curies":[{"name":"wp","href":"https:\/\/api.w.org\/{rel}","templated":true}]}}